


{"id":9312,"date":"2020-06-03T13:36:43","date_gmt":"2020-06-03T11:36:43","guid":{"rendered":"https:\/\/staging.careplus.eu\/om-care-plus\/points-of-sale-care-plus\/"},"modified":"2023-02-02T12:03:08","modified_gmt":"2023-02-02T11:03:08","slug":"forsaljningspunkter-care-plus","status":"publish","type":"page","link":"https:\/\/www.careplus.eu\/sv\/om-care-plus\/forsaljningspunkter-care-plus\/","title":{"rendered":"F\u00f6rs\u00e4ljningspunkter Care Plus<sup style=\"font-size:12px;\">&reg;<\/span> produkter"},"content":{"rendered":"<p>[et_pb_section fb_built=&#8221;1&#8243; fullwidth=&#8221;on&#8221; _builder_version=&#8221;4.16&#8243; bottom_divider_style=&#8221;curve&#8221; bottom_divider_color=&#8221;#ffffff&#8221; bottom_divider_height=&#8221;40px&#8221; global_colors_info=&#8221;{}&#8221;][et_pb_fullwidth_slider show_arrows=&#8221;off&#8221; show_pagination=&#8221;off&#8221; _builder_version=&#8221;4.16&#8243; global_colors_info=&#8221;{}&#8221;][et_pb_slide heading=&#8221;F\u00f6rs\u00e4ljningspunkter&#8221; use_bg_overlay=&#8221;off&#8221; use_text_overlay=&#8221;off&#8221; _builder_version=&#8221;4.16&#8243; header_level=&#8221;h1&#8243; header_font=&#8221;|800|||||||&#8221; header_font_size=&#8221;36&#8243; background_color=&#8221;#0b6a30&#8243; background_image=&#8221;https:\/\/www.careplus.eu\/wp-content\/uploads\/2019\/03\/care-plus-ehbo-accessoires-1.jpg&#8221; button_on_hover=&#8221;on&#8221; custom_padding=&#8221;15%||15%|&#8221; custom_padding_tablet=&#8221;30%||30%|&#8221; custom_padding_phone=&#8221;30%||30%|&#8221; custom_padding_last_edited=&#8221;on|desktop&#8221; header_font_size_tablet=&#8221;30&#8243; header_font_size_phone=&#8221;30&#8243; header_font_size_last_edited=&#8221;on|tablet&#8221; header_text_shadow_style=&#8221;preset3&#8243; header_text_shadow_blur_strength=&#8221;0.5em&#8221; header_text_shadow_color=&#8221;rgba(0,0,0,0.6)&#8221; global_colors_info=&#8221;{}&#8221; sticky_transition=&#8221;on&#8221;][\/et_pb_slide][\/et_pb_fullwidth_slider][\/et_pb_section][et_pb_section fb_built=&#8221;1&#8243; module_id=&#8221;cp_pb_page_content&#8221; module_class=&#8221;cp_pb_regular_post_content&#8221; _builder_version=&#8221;4.16&#8243; background_color=&#8221;#ffffff&#8221; custom_padding=&#8221;0px|||&#8221; global_colors_info=&#8221;{}&#8221;][et_pb_row admin_label=&#8221;Page Header&#8221; _builder_version=&#8221;4.16&#8243; background_size=&#8221;initial&#8221; background_position=&#8221;top_left&#8221; background_repeat=&#8221;repeat&#8221; collapsed=&#8221;off&#8221; global_colors_info=&#8221;{}&#8221;][et_pb_column type=&#8221;4_4&#8243; _builder_version=&#8221;4.16&#8243; custom_padding=&#8221;|||&#8221; global_colors_info=&#8221;{}&#8221; custom_padding__hover=&#8221;|||&#8221;][et_pb_divider show_divider=&#8221;off&#8221; _builder_version=&#8221;4.16&#8243; global_colors_info=&#8221;{}&#8221;][\/et_pb_divider][et_pb_dmb_breadcrumbs _builder_version=&#8221;4.16&#8243; body_font_size_tablet=&#8221;51&#8243; body_line_height_tablet=&#8221;2&#8243; separator_font_size_tablet=&#8221;51&#8243; separator_line_height_tablet=&#8221;2&#8243; link_font_size_tablet=&#8221;51&#8243; link_line_height_tablet=&#8221;2&#8243; linkhover_font_size_tablet=&#8221;51&#8243; linkhover_line_height_tablet=&#8221;2&#8243; global_colors_info=&#8221;{}&#8221;][\/et_pb_dmb_breadcrumbs][et_pb_text admin_label=&#8221;Inleiding&#8221; _builder_version=&#8221;4.16&#8243; header_2_font=&#8221;|800|||||||&#8221; global_colors_info=&#8221;{}&#8221;]<\/p>\n<h2>F\u00f6rs\u00e4ljningspunkter Care Plus<sup style=\"font-size: 12px;\">\u00ae<\/sup> produkter<\/h2>\n<p><strong>Care Plus<sup style=\"font-size: 10px;\">\u00ae<\/sup>produkter \u00e4r tillg\u00e4ngliga tillg\u00e4ngliga i flera onlinebutiker och i Care Plus<sup style=\"font-size: 10px;\">\u00ae<\/sup> webbshop.<\/strong><\/p>\n<p>V\u00e4lj fr\u00e5n en av webbshopparna nedan f\u00f6r att enkelt best\u00e4lla dina produkter online. Du hittar v\u00e5ra produkter mot insekts- och solskyddsmedel p\u00e5 apotek online, men ocks\u00e5 p\u00e5 webbplatser som amazon.com. I online-utomhussportbutiker hittar du v\u00e5rt brett utbud av f\u00f6rstahj\u00e4lpssatser, myggn\u00e4t och solkr\u00e4mprodukter ut\u00f6ver v\u00e5ra produkter mot insekts- och solskyddsmedel.[\/et_pb_text][\/et_pb_column][\/et_pb_row][\/et_pb_section][et_pb_section fb_built=&#8221;1&#8243; disabled_on=&#8221;off|off|off&#8221; module_id=&#8221;cp_pb_call_to_action&#8221; module_class=&#8221;cp_pb_divider&#8221; _builder_version=&#8221;4.16&#8243; background_color=&#8221;#e4e8e7&#8243; global_colors_info=&#8221;{}&#8221;][et_pb_row column_structure=&#8221;1_4,1_4,1_4,1_4&#8243; use_custom_gutter=&#8221;on&#8221; gutter_width=&#8221;2&#8243; admin_label=&#8221;online stores&#8221; _builder_version=&#8221;4.16&#8243; background_color=&#8221;#ffffff&#8221; background_size=&#8221;initial&#8221; background_position=&#8221;top_left&#8221; background_repeat=&#8221;repeat&#8221; custom_padding=&#8221;|20px||20px&#8221; border_radii=&#8221;on|10px|10px|10px|10px&#8221; collapsed=&#8221;off&#8221; global_colors_info=&#8221;{}&#8221;][et_pb_column type=&#8221;1_4&#8243; _builder_version=&#8221;4.16&#8243; background_color=&#8221;#ffffff&#8221; custom_padding=&#8221;|||&#8221; global_colors_info=&#8221;{}&#8221; custom_padding__hover=&#8221;|||&#8221;][et_pb_image src=&#8221;https:\/\/www.careplus.eu\/wp-content\/uploads\/2020\/06\/logo-outnorth.png&#8221; title_text=&#8221;logo-outnorth&#8221; url=&#8221;https:\/\/www.outnorth.se\/search?query=care+plus&#8221; url_new_window=&#8221;on&#8221; admin_label=&#8221;outnorth.se&#8221; _builder_version=&#8221;4.16&#8243; global_colors_info=&#8221;{}&#8221;][\/et_pb_image][et_pb_image src=&#8221;https:\/\/www.careplus.eu\/wp-content\/uploads\/2021\/05\/apohem.png&#8221; title_text=&#8221;apohem&#8221; url=&#8221;https:\/\/www.apohem.se\/sok?q=care+plus&#8221; url_new_window=&#8221;on&#8221; admin_label=&#8221;APOHEM&#8221; _builder_version=&#8221;4.16&#8243; global_colors_info=&#8221;{}&#8221;][\/et_pb_image][\/et_pb_column][et_pb_column type=&#8221;1_4&#8243; _builder_version=&#8221;4.16&#8243; background_color=&#8221;#ffffff&#8221; custom_padding=&#8221;|||&#8221; global_colors_info=&#8221;{}&#8221; custom_padding__hover=&#8221;|||&#8221;][et_pb_image src=&#8221;https:\/\/www.careplus.eu\/wp-content\/uploads\/2021\/05\/Apotea.png&#8221; title_text=&#8221;Apotea&#8221; url=&#8221;https:\/\/www.apotea.se\/care-plus&#8221; url_new_window=&#8221;on&#8221; admin_label=&#8221;outnorth.se&#8221; _builder_version=&#8221;4.16&#8243; global_colors_info=&#8221;{}&#8221;][\/et_pb_image][et_pb_image src=&#8221;https:\/\/www.careplus.eu\/wp-content\/uploads\/2020\/06\/logo-apotekhjarat.png&#8221; title_text=&#8221;logo-apotekhjarat&#8221; url=&#8221;https:\/\/www.apotekhjartat.se\/soksida\/?query=care+plus&#8221; url_new_window=&#8221;on&#8221; admin_label=&#8221;Apotekhjartat.se&#8221; _builder_version=&#8221;4.16&#8243; global_colors_info=&#8221;{}&#8221;][\/et_pb_image][\/et_pb_column][et_pb_column type=&#8221;1_4&#8243; _builder_version=&#8221;4.16&#8243; background_color=&#8221;#ffffff&#8221; custom_padding=&#8221;|||&#8221; global_colors_info=&#8221;{}&#8221; custom_padding__hover=&#8221;|||&#8221;][et_pb_image src=&#8221;https:\/\/www.careplus.eu\/wp-content\/uploads\/2023\/02\/DOZApotek.png&#8221; title_text=&#8221;DOZApotek&#8221; url=&#8221;https:\/\/dozapotek.se\/catalogsearch\/result\/?q=Care+Plus&#8221; url_new_window=&#8221;on&#8221; admin_label=&#8221;DOZ Apotek&#8221; _builder_version=&#8221;4.19.4&#8243; hover_enabled=&#8221;0&#8243; global_colors_info=&#8221;{}&#8221; sticky_enabled=&#8221;0&#8243;][\/et_pb_image][et_pb_image src=&#8221;https:\/\/www.careplus.eu\/wp-content\/uploads\/2020\/06\/logo-apoteket.png&#8221; title_text=&#8221;logo-apoteket&#8221; url=&#8221;https:\/\/www.apoteket.se\/sok\/?q=care+plus&#8221; url_new_window=&#8221;on&#8221; admin_label=&#8221;Apoteket&#8221; _builder_version=&#8221;4.16&#8243; global_colors_info=&#8221;{}&#8221;][\/et_pb_image][\/et_pb_column][et_pb_column type=&#8221;1_4&#8243; _builder_version=&#8221;4.16&#8243; background_color=&#8221;#ffffff&#8221; custom_padding=&#8221;|||&#8221; global_colors_info=&#8221;{}&#8221; custom_padding__hover=&#8221;|||&#8221;][et_pb_image src=&#8221;https:\/\/www.careplus.eu\/wp-content\/uploads\/2020\/06\/logo-apotek.png&#8221; title_text=&#8221;logo-apotek&#8221; url=&#8221;https:\/\/www.kronansapotek.se\/landing\/?q=care%20plus&#8221; url_new_window=&#8221;on&#8221; admin_label=&#8221;kronansapotek.se&#8221; _builder_version=&#8221;4.16&#8243; global_colors_info=&#8221;{}&#8221;][\/et_pb_image][\/et_pb_column][\/et_pb_row][\/et_pb_section][et_pb_section fb_built=&#8221;1&#8243; module_id=&#8221;cp_pb_page_content&#8221; module_class=&#8221;cp_pb_regular_post_content&#8221; _builder_version=&#8221;4.16&#8243; background_color=&#8221;#ffffff&#8221; custom_padding=&#8221;0px|||&#8221; global_colors_info=&#8221;{}&#8221;][et_pb_row admin_label=&#8221;Page Header&#8221; _builder_version=&#8221;4.16&#8243; background_size=&#8221;initial&#8221; background_position=&#8221;top_left&#8221; background_repeat=&#8221;repeat&#8221; collapsed=&#8221;off&#8221; global_colors_info=&#8221;{}&#8221;][et_pb_column type=&#8221;4_4&#8243; _builder_version=&#8221;4.16&#8243; custom_padding=&#8221;|||&#8221; global_colors_info=&#8221;{}&#8221; custom_padding__hover=&#8221;|||&#8221;][et_pb_text admin_label=&#8221;Ook verkrijgbaar in winkels&#8221; _builder_version=&#8221;4.16&#8243; header_2_font=&#8221;|800|||||||&#8221; global_colors_info=&#8221;{}&#8221;]<\/p>\n<h3>Finns ocks\u00e5 i butiker<\/h3>\n<p>Naturligtvis finns v\u00e5ra Care Plus<strong><sup style=\"font-size: 10px;\">\u00ae<\/sup><\/strong>-produkter ocks\u00e5 tillg\u00e4ngliga i butiken. V\u00e5ra produkter mot insekts- och solskyddsmedel finns i apotek, apotek och vissa stormarknader. I utesportbutikerna hittar du v\u00e5rt brett sortiment av f\u00f6rsta hj\u00e4lpen-satser, myggn\u00e4t och solkr\u00e4mprodukter f\u00f6rutom v\u00e5ra anti-insekts- och solskyddsmedel.[\/et_pb_text][\/et_pb_column][\/et_pb_row][et_pb_row column_structure=&#8221;1_5,1_5,1_5,1_5,1_5&#8243; use_custom_gutter=&#8221;on&#8221; gutter_width=&#8221;2&#8243; admin_label=&#8221;brick stores&#8221; _builder_version=&#8221;4.16&#8243; background_color=&#8221;#ffffff&#8221; background_size=&#8221;initial&#8221; background_position=&#8221;top_left&#8221; background_repeat=&#8221;repeat&#8221; custom_padding=&#8221;|20px||20px&#8221; border_radii=&#8221;on|10px|10px|10px|10px&#8221; collapsed=&#8221;off&#8221; global_colors_info=&#8221;{}&#8221;][et_pb_column type=&#8221;1_5&#8243; _builder_version=&#8221;4.16&#8243; background_color=&#8221;#ffffff&#8221; custom_padding=&#8221;|||&#8221; global_colors_info=&#8221;{}&#8221; custom_padding__hover=&#8221;|||&#8221;][et_pb_image src=&#8221;https:\/\/www.careplus.eu\/wp-content\/uploads\/2020\/06\/logo-addnature.png&#8221; title_text=&#8221;logo-addnature&#8221; url_new_window=&#8221;on&#8221; admin_label=&#8221;outnorth.se&#8221; _builder_version=&#8221;4.16&#8243; global_colors_info=&#8221;{}&#8221;][\/et_pb_image][\/et_pb_column][et_pb_column type=&#8221;1_5&#8243; _builder_version=&#8221;4.16&#8243; background_color=&#8221;#ffffff&#8221; custom_padding=&#8221;|||&#8221; global_colors_info=&#8221;{}&#8221; custom_padding__hover=&#8221;|||&#8221;][\/et_pb_column][et_pb_column type=&#8221;1_5&#8243; _builder_version=&#8221;4.16&#8243; background_color=&#8221;#ffffff&#8221; custom_padding=&#8221;|||&#8221; global_colors_info=&#8221;{}&#8221; custom_padding__hover=&#8221;|||&#8221;][\/et_pb_column][et_pb_column type=&#8221;1_5&#8243; _builder_version=&#8221;4.16&#8243; background_color=&#8221;#ffffff&#8221; custom_padding=&#8221;|||&#8221; global_colors_info=&#8221;{}&#8221; custom_padding__hover=&#8221;|||&#8221;][\/et_pb_column][et_pb_column type=&#8221;1_5&#8243; _builder_version=&#8221;4.16&#8243; background_color=&#8221;#ffffff&#8221; custom_padding=&#8221;|||&#8221; global_colors_info=&#8221;{}&#8221; custom_padding__hover=&#8221;|||&#8221;][\/et_pb_column][\/et_pb_row][et_pb_row column_structure=&#8221;2_3,1_3&#8243; admin_label=&#8221;Page Header&#8221; _builder_version=&#8221;4.16&#8243; background_size=&#8221;initial&#8221; background_position=&#8221;top_left&#8221; background_repeat=&#8221;repeat&#8221; collapsed=&#8221;off&#8221; global_colors_info=&#8221;{}&#8221;][et_pb_column type=&#8221;2_3&#8243; _builder_version=&#8221;4.16&#8243; custom_padding=&#8221;|||&#8221; global_colors_info=&#8221;{}&#8221; custom_padding__hover=&#8221;|||&#8221;][et_pb_text admin_label=&#8221;Maatschappelijk betrokken &#8211; Buy One, Give One&#8221; _builder_version=&#8221;4.16&#8243; header_2_font=&#8221;|800|||||||&#8221; global_colors_info=&#8221;{}&#8221;]<\/p>\n<h3>Innovativt och socialt engagerat<\/h3>\n<p>Vi \u00e4r i framkant inom v\u00e5rt kompetensomr\u00e5de och \u00e4r banbrytande och innovativa. Men vi b\u00f6rjar alltid fr\u00e5n v\u00e5rt grundl\u00e4ggande m\u00e5l: att optimera svaret p\u00e5 resen\u00e4rens behov. Dessutom arbetar Tropicare h\u00e5rt med en malariafri v\u00e4rld. Vi vill uppn\u00e5 detta \u00e5r 2030. Med v\u00e5rt program &#8221;K\u00f6p en, ge en&#8221; vi arbetar med en malariafri v\u00e4rld. Med k\u00f6pet av en Care Plus<sup style=\"font-size: 10px;\">\u00ae<\/sup> produkt bidrar du verkligen till en malariafri v\u00e4rld!<\/p>\n<p>[\/et_pb_text][\/et_pb_column][et_pb_column type=&#8221;1_3&#8243; _builder_version=&#8221;4.16&#8243; custom_padding=&#8221;|||&#8221; global_colors_info=&#8221;{}&#8221; custom_padding__hover=&#8221;|||&#8221;][et_pb_image src=&#8221;https:\/\/www.careplus.eu\/wp-content\/uploads\/2019\/08\/logo-buy-one-give-one.jpg&#8221; alt=&#8221;K\u00f6p en ger en f\u00f6r en malariafri v\u00e4rld&#8221; title_text=&#8221;logo-buy-one-give-one&#8221; admin_label=&#8221;buy one give one label&#8221; _builder_version=&#8221;4.16&#8243; width=&#8221;50%&#8221; max_width=&#8221;50%&#8221; global_colors_info=&#8221;{}&#8221;][\/et_pb_image][\/et_pb_column][\/et_pb_row][\/et_pb_section]<\/p>\n","protected":false},"excerpt":{"rendered":"<p>F\u00f6rs\u00e4ljningspunkter Care Plus\u00ae produkter Care Plus\u00aeprodukter \u00e4r tillg\u00e4ngliga tillg\u00e4ngliga i flera onlinebutiker och i Care Plus\u00ae webbshop. V\u00e4lj fr\u00e5n en av webbshopparna nedan f\u00f6r att enkelt best\u00e4lla dina produkter online. Du hittar v\u00e5ra produkter mot insekts- och solskyddsmedel p\u00e5 apotek online, men ocks\u00e5 p\u00e5 webbplatser som amazon.com. I online-utomhussportbutiker hittar du v\u00e5rt brett utbud av [&hellip;]<\/p>\n","protected":false},"author":37,"featured_media":0,"parent":6668,"menu_order":0,"comment_status":"closed","ping_status":"closed","template":"","meta":{"_acf_changed":false,"_et_pb_use_builder":"on","_et_pb_old_content":"","_et_gb_content_width":"","footnotes":""},"class_list":["post-9312","page","type-page","status-publish","hentry"],"acf":[],"_links":{"self":[{"href":"https:\/\/www.careplus.eu\/sv\/wp-json\/wp\/v2\/pages\/9312","targetHints":{"allow":["GET"]}}],"collection":[{"href":"https:\/\/www.careplus.eu\/sv\/wp-json\/wp\/v2\/pages"}],"about":[{"href":"https:\/\/www.careplus.eu\/sv\/wp-json\/wp\/v2\/types\/page"}],"author":[{"embeddable":true,"href":"https:\/\/www.careplus.eu\/sv\/wp-json\/wp\/v2\/users\/37"}],"replies":[{"embeddable":true,"href":"https:\/\/www.careplus.eu\/sv\/wp-json\/wp\/v2\/comments?post=9312"}],"version-history":[{"count":0,"href":"https:\/\/www.careplus.eu\/sv\/wp-json\/wp\/v2\/pages\/9312\/revisions"}],"up":[{"embeddable":true,"href":"https:\/\/www.careplus.eu\/sv\/wp-json\/wp\/v2\/pages\/6668"}],"wp:attachment":[{"href":"https:\/\/www.careplus.eu\/sv\/wp-json\/wp\/v2\/media?parent=9312"}],"curies":[{"name":"wp","href":"https:\/\/api.w.org\/{rel}","templated":true}]}}