{"id":7253,"date":"2019-06-18T23:38:22","date_gmt":"2019-06-18T21:38:22","guid":{"rendered":"https:\/\/www.careplus.eu\/mosquitoes-what-can-you-do-about-them\/"},"modified":"2022-06-23T10:34:19","modified_gmt":"2022-06-23T08:34:19","slug":"mosquitoes-what-can-you-do-about-them","status":"publish","type":"page","link":"https:\/\/www.careplus.eu\/sv\/mosquitoes-what-can-you-do-about-them\/","title":{"rendered":"Vad kan man g\u00f6ra \u00e5t myggproblem?"},"content":{"rendered":"<p>[et_pb_section fb_built=&#8221;1&#8243; fullwidth=&#8221;on&#8221; _builder_version=&#8221;4.16&#8243; bottom_divider_style=&#8221;curve&#8221; bottom_divider_color=&#8221;#ffffff&#8221; bottom_divider_height=&#8221;40px&#8221; global_colors_info=&#8221;{}&#8221;][et_pb_fullwidth_slider show_arrows=&#8221;off&#8221; show_pagination=&#8221;off&#8221; _builder_version=&#8221;4.16&#8243; global_colors_info=&#8221;{}&#8221;][et_pb_slide heading=&#8221;Skydd mot myggor&#8221; use_bg_overlay=&#8221;off&#8221; use_text_overlay=&#8221;off&#8221; _builder_version=&#8221;4.16&#8243; header_level=&#8221;h1&#8243; header_font=&#8221;|800|||||||&#8221; header_text_align=&#8221;center&#8221; header_font_size=&#8221;36&#8243; background_image=&#8221;https:\/\/www.careplus.eu\/wp-content\/uploads\/2019\/05\/careplus-huismug-overlast.jpg&#8221; button_on_hover=&#8221;on&#8221; custom_padding=&#8221;16%||16%|&#8221; custom_padding_tablet=&#8221;30%||30%|&#8221; custom_padding_phone=&#8221;30%||30%|&#8221; custom_padding_last_edited=&#8221;on|tablet&#8221; header_font_size_tablet=&#8221;30&#8243; header_font_size_phone=&#8221;30&#8243; header_font_size_last_edited=&#8221;on|tablet&#8221; header_text_shadow_style=&#8221;preset3&#8243; header_text_shadow_blur_strength=&#8221;0.5em&#8221; header_text_shadow_color=&#8221;rgba(0,0,0,0.6)&#8221; global_colors_info=&#8221;{}&#8221; sticky_transition=&#8221;on&#8221;][\/et_pb_slide][\/et_pb_fullwidth_slider][\/et_pb_section][et_pb_section fb_built=&#8221;1&#8243; _builder_version=&#8221;4.16&#8243; global_colors_info=&#8221;{}&#8221;][et_pb_row column_structure=&#8221;2_3,1_3&#8243; _builder_version=&#8221;4.16&#8243; background_size=&#8221;initial&#8221; background_position=&#8221;top_left&#8221; background_repeat=&#8221;repeat&#8221; global_colors_info=&#8221;{}&#8221;][et_pb_column type=&#8221;2_3&#8243; _builder_version=&#8221;4.16&#8243; custom_padding=&#8221;|||&#8221; global_colors_info=&#8221;{}&#8221; custom_padding__hover=&#8221;|||&#8221;][et_pb_dmb_breadcrumbs _builder_version=&#8221;4.16&#8243; body_font_size_tablet=&#8221;51&#8243; body_line_height_tablet=&#8221;2&#8243; separator_font_size_tablet=&#8221;51&#8243; separator_line_height_tablet=&#8221;2&#8243; link_font_size_tablet=&#8221;51&#8243; link_line_height_tablet=&#8221;2&#8243; linkhover_font_size_tablet=&#8221;51&#8243; linkhover_line_height_tablet=&#8221;2&#8243; global_colors_info=&#8221;{}&#8221;][\/et_pb_dmb_breadcrumbs][et_pb_text admin_label=&#8221;Intro&#8221; _builder_version=&#8221;4.17.4&#8243; header_font=&#8221;|700|||||||&#8221; header_2_font=&#8221;|800|||||||&#8221; header_2_font_size=&#8221;30px&#8221; header_2_font_size_tablet=&#8221;24px&#8221; header_2_font_size_phone=&#8221;&#8221; header_2_font_size_last_edited=&#8221;on|desktop&#8221; global_colors_info=&#8221;{}&#8221;]<\/p>\n<h2>Besv\u00e4r fr\u00e5n myggor<\/h2>\n<p><strong>N\u00e4r v\u00e4dret blir b\u00e4ttre \u00f6ppnar vi d\u00f6rrar och f\u00f6nster. Det \u00e4r d\u00e5 som den \u00e5rliga kampen mot myggor b\u00f6rjar f\u00f6r m\u00e5nga m\u00e4nniskor. De tar sig in i husen och lyckas driva m\u00e5nga holl\u00e4ndare till vansinne genom att h\u00e5lla dem vakna mitt i natten med sitt surrande, och med n\u00e5gra kliande kn\u00f6lar p\u00e5 morgonen som bonus.<\/strong><\/p>\n<p>Vi tenderar ofta att ta upp kampen med fysiskt v\u00e5ld, vilket orsakar m\u00e5nga myggoffer p\u00e5 (sovrums)v\u00e4ggar och tak. Det finns dock andra s\u00e4tt att begr\u00e4nsa myggbesv\u00e4ren s\u00e5 mycket som m\u00f6jligt. Care Plus<sup style=\"font-size:8px;\">\u00ae<\/sup> har n\u00e5gra tips f\u00f6r att garantera en god natts s\u00f6mn. Det b\u00f6rjar med f\u00f6rebyggande \u00e5tg\u00e4rder och vi har redan n\u00e4mnt den sista utv\u00e4gen.<\/p>\n<p>[\/et_pb_text][\/et_pb_column][et_pb_column type=&#8221;1_3&#8243; _builder_version=&#8221;4.16&#8243; custom_padding=&#8221;|||&#8221; global_colors_info=&#8221;{}&#8221; custom_padding__hover=&#8221;|||&#8221;][et_pb_divider show_divider=&#8221;off&#8221; _builder_version=&#8221;4.16&#8243; global_colors_info=&#8221;{}&#8221;][\/et_pb_divider][et_pb_image src=&#8221;https:\/\/www.careplus.eu\/wp-content\/uploads\/2019\/05\/muggenlarven-emmer.jpg&#8221; show_in_lightbox=&#8221;on&#8221; show_bottom_space=&#8221;off&#8221; align=&#8221;center&#8221; align_tablet=&#8221;center&#8221; align_phone=&#8221;&#8221; align_last_edited=&#8221;on|desktop&#8221; _builder_version=&#8221;4.16&#8243; border_radii=&#8221;on|10px|10px|10px|10px&#8221; global_colors_info=&#8221;{}&#8221;][\/et_pb_image][et_pb_text _builder_version=&#8221;4.16&#8243; text_font_size=&#8221;11px&#8221; global_colors_info=&#8221;{}&#8221;]<\/p>\n<p>Mygglarver trivs i grunda vattenskikt<\/p>\n<p>[\/et_pb_text][\/et_pb_column][\/et_pb_row][et_pb_row _builder_version=&#8221;4.16&#8243; background_size=&#8221;initial&#8221; background_position=&#8221;top_left&#8221; background_repeat=&#8221;repeat&#8221; global_colors_info=&#8221;{}&#8221;][et_pb_column type=&#8221;4_4&#8243; _builder_version=&#8221;4.16&#8243; custom_padding=&#8221;|||&#8221; global_colors_info=&#8221;{}&#8221; custom_padding__hover=&#8221;|||&#8221;][et_pb_text admin_label=&#8221;text&#8221; _builder_version=&#8221;4.17.4&#8243; header_font=&#8221;|700|||||||&#8221; header_2_font=&#8221;|800|||||||&#8221; header_2_font_size=&#8221;30px&#8221; header_2_font_size_tablet=&#8221;24px&#8221; header_2_font_size_phone=&#8221;&#8221; header_2_font_size_last_edited=&#8221;on|desktop&#8221; global_colors_info=&#8221;{}&#8221;]<\/p>\n<h3>Vad hj\u00e4lper verkligen f\u00f6r att h\u00e5lla myggorna borta?<\/h3>\n<p><strong>1) Kolla om det finns stillast\u00e5ende vatten i och runt huset.<\/strong><br \/>\nMygghonor l\u00e4gger sina \u00e4gg i stillast\u00e5ende vatten. D\u00e4r v\u00e4xer larverna upp innan de blir myggor. Inte bara i dammar, utan \u00e4ven i tillt\u00e4ppta r\u00e4nnor, hinkar, vattenkannor och regntunnor. Dessa vattenp\u00f6lar lockar till sig myggorna.<\/p>\n<p><strong>2) Placera insektsn\u00e4t p\u00e5 f\u00f6nster och d\u00f6rrar och h\u00e5ll d\u00f6rrarna st\u00e4ngda s\u00e5 mycket som m\u00f6jligt.<\/strong><br \/>\nInsektsn\u00e4t \u00e4r mycket effektiva mot myggor. Det finmaskiga n\u00e4tet hindrar myggor fr\u00e5n att komma in, men du kan fortfarande ventilera. Naturligtvis \u00e4r det viktigt att installera dessa insektsn\u00e4t i hela huset och h\u00e5lla dem st\u00e4ngda s\u00e5 mycket som m\u00f6jligt.<\/p>\n<p><strong>3) Sov under myggn\u00e4t.<\/strong><br \/>\nVi kan h\u00f6ra dig t\u00e4nka: vi \u00e4r inte i tropikerna! Nej, det \u00e4r vi inte, men sm\u00e5 f\u00f6r\u00e4ndringar i klimatet g\u00f6r det \u00e4nnu mer attraktivt f\u00f6r myggor h\u00e4r. Fr\u00e4mmande arter som tigermyggan och gula febermyggan har uppt\u00e4ckts i Nederl\u00e4nderna. Ett myggn\u00e4t ger skydd mot alla typer av myggor och f\u00f6rdelen \u00e4r att myggorna inte kan komma n\u00e4ra ditt huvud, s\u00e5 du vaknar inte av surrandet.<\/p>\n<p><strong>3) Anv\u00e4nd skyddskl\u00e4der.<\/strong><br \/>\nDetta \u00e4r naturligtvis inte vad du f\u00f6redrar, eftersom du hellre vill ha en t-shirt och shorts n\u00e4r v\u00e4dret \u00e4r fint. Och vem sover i l\u00e5ngkalsonger p\u00e5 sommaren? Men det finns ocks\u00e5 mycket l\u00e4tta kl\u00e4der som \u00e4r v\u00e4lventilerade och bekv\u00e4ma att b\u00e4ra. Detta kommer att skydda dig fr\u00e5n mygg.<\/p>\n<p><strong>4) Anv\u00e4nd Care Plus<sup style=\"font-size: 10px;\">\u00ae<\/sup> Anti-Insect.<\/strong><br \/>\nCare Plus<sup style=\"font-size: 10px;\">\u00ae<\/sup> Anti-Insect Natural kan appliceras p\u00e5 utsatt hud och p\u00e5 utsidan av t.ex. p\u00e5slakan. Myggor gillar det inte och detta f\u00f6rhindrar att du blir biten. DEET \u00e4r ocks\u00e5 ett bepr\u00f6vat medel som \u00e4r mycket effektivt mot myggor.<\/p>\n<p>&nbsp;<\/p>\n<h3>Vad hj\u00e4lper inte mot myggor?<\/h3>\n<p>Nu vet du vad du kan g\u00f6ra f\u00f6r att avskr\u00e4cka myggor. Det kan ocks\u00e5 vara bra att n\u00e4mna vilka anstr\u00e4ngningar och pengar du kan spara, eftersom f\u00f6ljande INTE hj\u00e4lper mot myggor:<\/p>\n<p>1) Kontakter, appar och enheter med ultraljud<br \/>\n2) UV-lampor<br \/>\n3) Armband f\u00f6r handleden<br \/>\n4) \u00c4ta vitl\u00f6k<br \/>\n5) Tv\u00e4tta sig (\u00e4ven om vi rekommenderar det)<br \/>\n6) Placera ett citrontr\u00e4d i sovrummet<br \/>\n7) Sl\u00e4cka ljuset<br \/>\n8) Dricka \u00f6l<\/p>\n<p>Om listan inte \u00f6vertygar dig, titta p\u00e5 videon nedan. Entomologen Dr. Ir. Bart Knols f\u00f6rklarar allt i sin f\u00f6rel\u00e4sning. Dessutom avlivar han alla myter och ber\u00e4ttar vad som VERKLIGEN fungerar f\u00f6r att avskr\u00e4cka myggor.[\/et_pb_text][et_pb_video src=&#8221;https:\/\/www.youtube.com\/watch?v=tBt2UjC5pdY&#8221; _builder_version=&#8221;4.16&#8243; max_width=&#8221;90%&#8221; border_radii=&#8221;on|10px|10px|10px|10px&#8221; global_colors_info=&#8221;{}&#8221; disabled_on=&#8221;on|on|on&#8221; disabled=&#8221;on&#8221;][\/et_pb_video][et_pb_text admin_label=&#8221;text&#8221; _builder_version=&#8221;4.16&#8243; header_font=&#8221;|700|||||||&#8221; header_2_font=&#8221;|800|||||||&#8221; header_2_font_size=&#8221;30px&#8221; header_2_font_size_tablet=&#8221;24px&#8221; header_2_font_size_phone=&#8221;&#8221; header_2_font_size_last_edited=&#8221;on|desktop&#8221; global_colors_info=&#8221;{}&#8221;]<\/p>\n<h3>Milda vintrar, l\u00e4ngre somrar<\/h3>\n<p>P\u00e5 grund av det mildare klimatet och de \u00e5tf\u00f6ljande milda vintrarna kan myggorna l\u00e4tt \u00f6verleva och bli aktiva tidigare. Antalet myggor \u00f6kar ocks\u00e5 och med det \u00f6kar ocks\u00e5 risken f\u00f6r problem med myggor. Myggbett kan vara mycket kliande. Antalet tigermyggor i Nederl\u00e4nderna har ocks\u00e5 \u00f6kat under de senaste \u00e5ren. Dessa tropiska myggor kan \u00f6verf\u00f6ra sjukdomar som denguefeber och gula febern. \u00c4nnu en anledning att skydda sig sj\u00e4lv och sin familj. Att applicera en produkt p\u00e5 huden \u00e4r en liten anstr\u00e4ngning, vi m\u00e5ste bara g\u00f6ra det till en regelbunden vana.<br \/>\n[\/et_pb_text][\/et_pb_column][\/et_pb_row][\/et_pb_section][et_pb_section fb_built=&#8221;1&#8243; _builder_version=&#8221;4.16&#8243; background_color=&#8221;#f4f4f4&#8243; global_colors_info=&#8221;{}&#8221;][et_pb_row column_structure=&#8221;1_3,1_3,1_3&#8243; _builder_version=&#8221;4.16&#8243; background_color=&#8221;#ffffff&#8221; border_radii=&#8221;on|10px|10px|10px|10px&#8221; global_colors_info=&#8221;{}&#8221;][et_pb_column type=&#8221;1_3&#8243; _builder_version=&#8221;4.16&#8243; custom_padding=&#8221;|||&#8221; global_colors_info=&#8221;{}&#8221; custom_padding__hover=&#8221;|||&#8221;][et_pb_image src=&#8221;https:\/\/www.careplus.eu\/wp-content\/uploads\/2020\/06\/careplus-anti-insect-natural-100ml-2-1.jpg&#8221; alt=&#8221;Care Plus\u00ae Anti-Insect Natural med Citriodiol\u00ae&#8221; title_text=&#8221;Care Plus\u00ae Anti-Insect Natural med Citriodiol\u00ae&#8221; align=&#8221;center&#8221; align_tablet=&#8221;center&#8221; align_phone=&#8221;&#8221; align_last_edited=&#8221;on|desktop&#8221; _builder_version=&#8221;4.17.4&#8243; global_colors_info=&#8221;{}&#8221;][\/et_pb_image][et_pb_text _builder_version=&#8221;4.16&#8243; custom_padding=&#8221;|20px||20px&#8221; global_colors_info=&#8221;{}&#8221;]<\/p>\n<h3>Anti-Insect Natural<\/h3>\n<p>Vanligtvis m\u00e4rker man inte ett f\u00e4stingbett, men det kan orsaka allvarliga h\u00e4lsoproblem som borrelia och FSME. Anti-Insect Natural \u00e4r ocks\u00e5 l\u00e4mplig f\u00f6r barn (fr\u00e5n 3 m\u00e5nader) och inneh\u00e5ller inte DEET.<br \/>\n[\/et_pb_text][et_pb_button button_url=&#8221;https:\/\/www.careplus.eu\/sv\/myggor-och-fastingar\/skydd\/anti-insect-natural\/&#8221; button_text=&#8221;Mer information&#8221; button_alignment=&#8221;center&#8221; _builder_version=&#8221;4.17.4&#8243; background_layout=&#8221;dark&#8221; global_colors_info=&#8221;{}&#8221;][\/et_pb_button][\/et_pb_column][et_pb_column type=&#8221;1_3&#8243; _builder_version=&#8221;4.16&#8243; custom_padding=&#8221;|||&#8221; global_colors_info=&#8221;{}&#8221; custom_padding__hover=&#8221;|||&#8221;][et_pb_image src=&#8221;https:\/\/www.careplus.eu\/wp-content\/uploads\/2019\/03\/careplus-klamboe-single-box.jpg&#8221; align=&#8221;center&#8221; align_tablet=&#8221;center&#8221; align_phone=&#8221;&#8221; align_last_edited=&#8221;on|desktop&#8221; _builder_version=&#8221;4.16&#8243; global_colors_info=&#8221;{}&#8221;][\/et_pb_image][et_pb_text _builder_version=&#8221;4.16&#8243; custom_padding=&#8221;|20px||20px&#8221; global_colors_info=&#8221;{}&#8221;]<\/p>\n<h3>Myggn\u00e4t<\/h3>\n<p>Care Plus<sup style=\"font-size: 10px;\">\u00ae<\/sup>\u00a0myggn\u00e4t \u00e4r av utm\u00e4rkt kvalitet. Impregnerade och icke-impregnerade n\u00e4t finns f\u00f6r b\u00e5de enkel- och dubbels\u00e4ngar. Ge dig sj\u00e4lv en god natts s\u00f6mn, sov under ett myggn\u00e4t.<br \/>\n[\/et_pb_text][et_pb_button button_url=&#8221;https:\/\/www.careplus.eu\/sv\/myggor-och-fastingar\/skydd\/myggnat\/&#8221; button_text=&#8221;Mer information&#8221; button_alignment=&#8221;center&#8221; _builder_version=&#8221;4.17.4&#8243; background_layout=&#8221;dark&#8221; global_colors_info=&#8221;{}&#8221;][\/et_pb_button][\/et_pb_column][et_pb_column type=&#8221;1_3&#8243; _builder_version=&#8221;4.16&#8243; custom_padding=&#8221;|||&#8221; global_colors_info=&#8221;{}&#8221; custom_padding__hover=&#8221;|||&#8221;][et_pb_image src=&#8221;https:\/\/www.careplus.eu\/wp-content\/uploads\/2021\/06\/care-plus-anti-insect-deet-40-bescherming.webp&#8221; title_text=&#8221;Care Plus\u00ae Anti-insect DEET 40%&#8221; align=&#8221;center&#8221; align_tablet=&#8221;center&#8221; align_phone=&#8221;&#8221; align_last_edited=&#8221;on|desktop&#8221; _builder_version=&#8221;4.17.4&#8243; global_colors_info=&#8221;{}&#8221;][\/et_pb_image][et_pb_text _builder_version=&#8221;4.16&#8243; custom_padding=&#8221;|20px||20px&#8221; global_colors_info=&#8221;{}&#8221;]<\/p>\n<h3>Anti-Insect DEET<\/h3>\n<p>Man m\u00e4rker vanligtvis inte ett f\u00e4stingbett, men det kan orsaka allvarliga h\u00e4lsoproblem som borrelia och FSME. En bra anledning att skydda dig sj\u00e4lv och din familj p\u00e5 b\u00e4sta s\u00e4tt. Att f\u00f6rebygga \u00e4r b\u00e4ttre \u00e4n att bota.<\/p>\n<p>[\/et_pb_text][et_pb_button button_url=&#8221;https:\/\/www.careplus.eu\/sv\/myggor-och-fastingar\/skydd\/anti-insect-deet\/&#8221; button_text=&#8221;Mer information&#8221; button_alignment=&#8221;center&#8221; _builder_version=&#8221;4.17.4&#8243; background_layout=&#8221;dark&#8221; global_colors_info=&#8221;{}&#8221;][\/et_pb_button][\/et_pb_column][\/et_pb_row][\/et_pb_section][et_pb_section fb_built=&#8221;1&#8243; _builder_version=&#8221;4.16&#8243; global_colors_info=&#8221;{}&#8221;][et_pb_row _builder_version=&#8221;4.16&#8243; background_size=&#8221;initial&#8221; background_position=&#8221;top_left&#8221; background_repeat=&#8221;repeat&#8221; global_colors_info=&#8221;{}&#8221;][et_pb_column type=&#8221;4_4&#8243; _builder_version=&#8221;4.16&#8243; custom_padding=&#8221;|||&#8221; global_colors_info=&#8221;{}&#8221; custom_padding__hover=&#8221;|||&#8221;][et_pb_image src=&#8221;https:\/\/www.careplus.eu\/wp-content\/uploads\/2021\/05\/Infographic-myggor.jpg&#8221; title_text=&#8221;Infographic myggor&#8221; align_tablet=&#8221;center&#8221; align_phone=&#8221;&#8221; align_last_edited=&#8221;on|desktop&#8221; _builder_version=&#8221;4.17.4&#8243; border_radii=&#8221;on|10px|10px|10px|10px&#8221; global_colors_info=&#8221;{}&#8221;][\/et_pb_image][\/et_pb_column][\/et_pb_row][\/et_pb_section]<\/p>\n","protected":false},"excerpt":{"rendered":"<p>Vi v\u00e4ljer ofta att bek\u00e4mpa dem fysiskt, vilket resulterar i m\u00e5nga d\u00f6da myggor p\u00e5 v\u00e4ggar och tak i sovrummet. Det finns dock andra s\u00e4tt att minimera myggproblem. Vi har n\u00e5gra tips som kan hj\u00e4lpa dig att f\u00e5 en god natts s\u00f6mn. Det b\u00f6rjar med f\u00f6rebyggande \u00e5tg\u00e4rder och vi har redan p\u00e5talat den sista utv\u00e4gen.<\/p>\n","protected":false},"author":37,"featured_media":0,"parent":0,"menu_order":0,"comment_status":"closed","ping_status":"closed","template":"","meta":{"_acf_changed":false,"_et_pb_use_builder":"on","_et_pb_old_content":"","_et_gb_content_width":"","footnotes":""},"class_list":["post-7253","page","type-page","status-publish","hentry"],"acf":[],"_links":{"self":[{"href":"https:\/\/www.careplus.eu\/sv\/wp-json\/wp\/v2\/pages\/7253","targetHints":{"allow":["GET"]}}],"collection":[{"href":"https:\/\/www.careplus.eu\/sv\/wp-json\/wp\/v2\/pages"}],"about":[{"href":"https:\/\/www.careplus.eu\/sv\/wp-json\/wp\/v2\/types\/page"}],"author":[{"embeddable":true,"href":"https:\/\/www.careplus.eu\/sv\/wp-json\/wp\/v2\/users\/37"}],"replies":[{"embeddable":true,"href":"https:\/\/www.careplus.eu\/sv\/wp-json\/wp\/v2\/comments?post=7253"}],"version-history":[{"count":0,"href":"https:\/\/www.careplus.eu\/sv\/wp-json\/wp\/v2\/pages\/7253\/revisions"}],"wp:attachment":[{"href":"https:\/\/www.careplus.eu\/sv\/wp-json\/wp\/v2\/media?parent=7253"}],"curies":[{"name":"wp","href":"https:\/\/api.w.org\/{rel}","templated":true}]}}