


{"id":7241,"date":"2019-06-18T23:12:08","date_gmt":"2019-06-18T21:12:08","guid":{"rendered":"https:\/\/www.careplus.eu\/first-aid-when-travelling\/blisters\/treatment\/blister-plasters\/"},"modified":"2025-03-03T14:25:03","modified_gmt":"2025-03-03T13:25:03","slug":"blister-plasters","status":"publish","type":"page","link":"https:\/\/www.careplus.eu\/sv\/first-aidaforsta\/blisters\/treatment\/blister-plasters\/","title":{"rendered":"blisterpl\u00e5ster"},"content":{"rendered":"<p>[et_pb_section fb_built=&#8221;1&#8243; fullwidth=&#8221;on&#8221; _builder_version=&#8221;4.21.0&#8243; background_image=&#8221;https:\/\/www.careplus.eu\/wp-content\/uploads\/2023\/06\/blaren.jpg&#8221; bottom_divider_style=&#8221;curve&#8221; bottom_divider_color=&#8221;#ffffff&#8221; bottom_divider_height=&#8221;40px&#8221; bottom_divider_height_tablet=&#8221;40px&#8221; bottom_divider_height_phone=&#8221;20px&#8221; bottom_divider_height_last_edited=&#8221;on|phone&#8221; hover_enabled=&#8221;0&#8243; global_colors_info=&#8221;{}&#8221; alt=&#8221;blaren&#8221; title_text=&#8221;blaren&#8221; sticky_enabled=&#8221;0&#8243;][et_pb_fullwidth_slider show_arrows=&#8221;off&#8221; show_pagination=&#8221;off&#8221; _builder_version=&#8221;4.21.0&#8243; global_colors_info=&#8221;{}&#8221;][et_pb_slide heading=&#8221;Blisterpl\u00e5ster&#8221; use_bg_overlay=&#8221;off&#8221; use_text_overlay=&#8221;off&#8221; _builder_version=&#8221;4.21.0&#8243; header_level=&#8221;h1&#8243; header_font=&#8221;|800|||||||&#8221; header_font_size=&#8221;36&#8243; background_color=&#8221;RGBA(255,255,255,0)&#8221; background_enable_color=&#8221;on&#8221; background_enable_image=&#8221;off&#8221; button_on_hover=&#8221;on&#8221; custom_padding=&#8221;15%||15%|&#8221; custom_padding_tablet=&#8221;30%||30%||false|false&#8221; custom_padding_phone=&#8221;30%||30%||false|false&#8221; custom_padding_last_edited=&#8221;on|desktop&#8221; header_font_size_tablet=&#8221;30&#8243; header_font_size_phone=&#8221;30&#8243; header_font_size_last_edited=&#8221;on|desktop&#8221; header_text_shadow_style=&#8221;preset3&#8243; header_text_shadow_blur_strength=&#8221;0.5em&#8221; header_text_shadow_color=&#8221;rgba(0,0,0,0.6)&#8221; global_colors_info=&#8221;{}&#8221; sticky_transition=&#8221;on&#8221;][\/et_pb_slide][\/et_pb_fullwidth_slider][\/et_pb_section][et_pb_section fb_built=&#8221;1&#8243; admin_label=&#8221;INTRO&#8221; _builder_version=&#8221;4.21.0&#8243; custom_margin=&#8221;50px||||false|false&#8221; custom_padding=&#8221;0px||||false|false&#8221; global_colors_info=&#8221;{}&#8221;][et_pb_row disabled_on=&#8221;off|off|off&#8221; _builder_version=&#8221;4.21.0&#8243; background_size=&#8221;initial&#8221; background_position=&#8221;top_left&#8221; background_repeat=&#8221;repeat&#8221; custom_margin=&#8221;||||false|false&#8221; global_module=&#8221;18803&#8243; global_colors_info=&#8221;{}&#8221;][et_pb_column type=&#8221;4_4&#8243; _builder_version=&#8221;4.16&#8243; custom_padding=&#8221;|||&#8221; global_colors_info=&#8221;{}&#8221; custom_padding__hover=&#8221;|||&#8221;][et_pb_dmb_breadcrumbs _builder_version=&#8221;4.16&#8243; body_font_size_tablet=&#8221;51&#8243; body_line_height_tablet=&#8221;2&#8243; separator_font_size_tablet=&#8221;51&#8243; separator_line_height_tablet=&#8221;2&#8243; link_font_size_tablet=&#8221;51&#8243; link_line_height_tablet=&#8221;2&#8243; linkhover_font_size_tablet=&#8221;51&#8243; linkhover_line_height_tablet=&#8221;2&#8243; global_colors_info=&#8221;{}&#8221;][\/et_pb_dmb_breadcrumbs][\/et_pb_column][\/et_pb_row][et_pb_row _builder_version=&#8221;4.16&#8243; background_size=&#8221;initial&#8221; background_position=&#8221;top_left&#8221; background_repeat=&#8221;repeat&#8221; global_colors_info=&#8221;{}&#8221;][et_pb_column type=&#8221;4_4&#8243; _builder_version=&#8221;4.16&#8243; custom_padding=&#8221;|||&#8221; global_colors_info=&#8221;{}&#8221; custom_padding__hover=&#8221;|||&#8221;][et_pb_text admin_label=&#8221;Blarenpleisters intro&#8221; _builder_version=&#8221;4.21.0&#8243; header_2_font=&#8221;|800|||||||&#8221; global_colors_info=&#8221;{}&#8221;]<\/p>\n<h2>Behandla bl\u00e5sor med blisterpl\u00e5ster<\/h2>\n<p><strong>Ibland kan bl\u00e5sor fortfarande utvecklas trots alla dina anstr\u00e4ngningar f\u00f6r att f\u00f6rhindra dem. Om du har en bl\u00e5sa kommer blisterpl\u00e5ster v\u00e4l till pass. Care Plus\u00ae Blisterpl\u00e5ster \u00e4r speciellt utformade f\u00f6r att lindra sm\u00e4rta, ge en skyddande barri\u00e4r och fr\u00e4mja l\u00e4kning. V\u00e5ra blisterpl\u00e5ster finns i Duo Pack och Ultimate-varianter. P\u00e5 s\u00e5 s\u00e4tt har du r\u00e4tt pl\u00e5ster f\u00f6r varje bl\u00e5sa!<\/strong><\/p>\n<p>[\/et_pb_text][et_pb_text admin_label=&#8221;Blarenpleisters vervolg&#8221; _builder_version=&#8221;4.21.0&#8243; header_2_font=&#8221;|800|||||||&#8221; global_colors_info=&#8221;{}&#8221;]<\/p>\n<h3>Blister Pl\u00e5ster Duo Pack<\/h3>\n<p>Blister Pl\u00e5ster Duo Pack fr\u00e5n Care Plus\u00ae inneh\u00e5ller stora och mindre pl\u00e5ster. Pl\u00e5stren \u00e4r designade f\u00f6r att ge optimalt skydd och komfort. Dessa pl\u00e5ster k\u00e4nns som en andra hud och ger en s\u00f6ml\u00f6s upplevelse samtidigt som de st\u00f6der l\u00e4kningsprocessen. De \u00e4r gjorda av material som andas som till\u00e5ter luftcirkulation till blistern. F\u00f6rutom deras andningsf\u00f6rm\u00e5ga \u00e4r dessa pl\u00e5ster 100 % vattent\u00e4ta. De bildar en s\u00e4ker t\u00e4tning som h\u00e5ller vatten, smuts och f\u00f6roreningar ute.<\/p>\n<p>[\/et_pb_text][\/et_pb_column][\/et_pb_row][\/et_pb_section][et_pb_section fb_built=&#8221;1&#8243; _builder_version=&#8221;4.16&#8243; background_color=&#8221;#f4f4f4&#8243; locked=&#8221;off&#8221; global_colors_info=&#8221;{}&#8221;][et_pb_row column_structure=&#8221;1_3,2_3&#8243; _builder_version=&#8221;4.16&#8243; background_color=&#8221;#ffffff&#8221; custom_padding=&#8221;|20px||20px&#8221; border_radii=&#8221;on|10px|10px|10px|10px&#8221; global_colors_info=&#8221;{}&#8221;][et_pb_column type=&#8221;1_3&#8243; _builder_version=&#8221;4.16&#8243; custom_padding=&#8221;|||&#8221; global_colors_info=&#8221;{}&#8221; custom_padding__hover=&#8221;|||&#8221;][et_pb_image src=&#8221;https:\/\/www.careplus.eu\/wp-content\/uploads\/2023\/06\/Care-Plus\u00ae-blarenpleisters-Duo-Pack.png&#8221; title_text=&#8221;Care Plus\u00ae Blister Pl\u00e5ster Duo Pack&#8221; show_in_lightbox=&#8221;on&#8221; use_overlay=&#8221;on&#8221; overlay_icon_color=&#8221;#ffffff&#8221; hover_overlay_color=&#8221;rgba(0,0,0,0)&#8221; hover_icon=&#8221;&#x54;||divi||400&#8243; align_tablet=&#8221;center&#8221; align_phone=&#8221;&#8221; align_last_edited=&#8221;on|desktop&#8221; admin_label=&#8221;Packshot blaarpleister duo&#8221; _builder_version=&#8221;4.21.0&#8243; custom_padding=&#8221;|20px||20px&#8221; global_colors_info=&#8221;{}&#8221;][\/et_pb_image][\/et_pb_column][et_pb_column type=&#8221;2_3&#8243; _builder_version=&#8221;4.16&#8243; custom_padding=&#8221;|||&#8221; global_colors_info=&#8221;{}&#8221; custom_padding__hover=&#8221;|||&#8221;][et_pb_text admin_label=&#8221;Care Plus blarenpleisters Duo Pack&#8221; _builder_version=&#8221;4.21.0&#8243; header_3_text_color=&#8221;#ff0000&#8243; custom_margin=&#8221;||0px||false|false&#8221; custom_padding=&#8221;|20px|0px||false|false&#8221; global_colors_info=&#8221;{}&#8221;]<\/p>\n<h3>Care Plus<sup style=\"font-size: 10px;\">\u00ae<\/sup> Blister Pl\u00e5ster Duo Pack<\/h3>\n<ul>\n<li>K\u00e4nns som en andra hud<\/li>\n<li>Kan \u00e4ven anv\u00e4ndas f\u00f6rebyggande<\/li>\n<li>Hj\u00e4lper till med sm\u00e4rtlindring<\/li>\n<li>Tillverkad av material som andas<\/li>\n<li>H\u00e5ll vatten, smuts och f\u00f6roreningar borta<\/li>\n<li>100% vattent\u00e4t<\/li>\n<li>Inneh\u00e5ll: 6 blisterpl\u00e5ster<\/li>\n<\/ul>\n<p>[\/et_pb_text][et_pb_text admin_label=&#8221;Disclaimer&#8221; _builder_version=&#8221;4.21.0&#8243; text_font_size=&#8221;10px&#8221; text_line_height=&#8221;1.5em&#8221; custom_margin=&#8221;0px||||false|false&#8221; custom_padding=&#8221;0px||||false|false&#8221; locked=&#8221;off&#8221; global_colors_info=&#8221;{}&#8221;]<\/p>\n<p>Care Plus<sup style=\"font-size: 8px;\">\u00ae<\/sup> Blister Plasters Duo Pack \u00e4r en medicinteknisk produkt. L\u00e4s bruksanvisningen f\u00f6re anv\u00e4ndning.<\/p>\n<p>[\/et_pb_text][et_pb_button button_url=&#8221;https:\/\/www.careplus-shop.nl\/Blarenpleisters-Duo-Pack&#8221; url_new_window=&#8221;on&#8221; button_text=&#8221;V\u00e4lj och best\u00e4ll&#8221; button_alignment=&#8221;left&#8221; button_alignment_tablet=&#8221;center&#8221; button_alignment_phone=&#8221;&#8221; button_alignment_last_edited=&#8221;on|phone&#8221; admin_label=&#8221;Bestelbutton&#8221; _builder_version=&#8221;4.21.0&#8243; _module_preset=&#8221;default&#8221; custom_button=&#8221;on&#8221; button_bg_color=&#8221;#ff0000&#8243; global_colors_info=&#8221;{}&#8221;][\/et_pb_button][\/et_pb_column][\/et_pb_row][\/et_pb_section][et_pb_section fb_built=&#8221;1&#8243; _builder_version=&#8221;4.16&#8243; background_color=&#8221;#ffffff&#8221; locked=&#8221;off&#8221; global_colors_info=&#8221;{}&#8221;][et_pb_row _builder_version=&#8221;4.16&#8243; background_size=&#8221;initial&#8221; background_position=&#8221;top_left&#8221; background_repeat=&#8221;repeat&#8221; global_colors_info=&#8221;{}&#8221;][et_pb_column type=&#8221;4_4&#8243; _builder_version=&#8221;4.16&#8243; custom_padding=&#8221;|||&#8221; global_colors_info=&#8221;{}&#8221; custom_padding__hover=&#8221;|||&#8221;][et_pb_text admin_label=&#8221;Blarenpleisters ultimate&#8221; _builder_version=&#8221;4.21.0&#8243; global_colors_info=&#8221;{}&#8221;]<\/p>\n<h3>Blisterpl\u00e5ster Ultimate<\/h3>\n<p>V\u00e5ra Ultimate blisterpl\u00e5ster ger det ultimata skyddet och lindring f\u00f6r bl\u00e5sor. Care Plus<sup style=\"font-size: 8px;\">\u00ae<\/sup> Blister Plasters Ultimate \u00e4r speciellt designade f\u00f6r att m\u00f6ta kraven p\u00e5 intensiv anv\u00e4ndning samtidigt som de ger f\u00f6rebyggande v\u00e5rd och st\u00f6d f\u00f6r l\u00e4kningsprocessen. En av de viktigaste egenskaperna hos Care Plus<sup style=\"font-size: 8px;\">\u00ae<\/sup> Blister Plasters Ultimate \u00e4r den extra tjockleken, vilket s\u00e4kerst\u00e4ller b\u00e4ttre st\u00f6d f\u00f6r bl\u00e5sor. Den unika konstruktionen av blisterpl\u00e5stret ger optimal d\u00e4mpning, s\u00e5 att du kan forts\u00e4tta dina aktiviteter utan att oroa dig f\u00f6r sm\u00e4rta eller irritation.<\/p>\n<p>[\/et_pb_text][\/et_pb_column][\/et_pb_row][\/et_pb_section][et_pb_section fb_built=&#8221;1&#8243; _builder_version=&#8221;4.16&#8243; background_color=&#8221;#f4f4f4&#8243; locked=&#8221;off&#8221; global_colors_info=&#8221;{}&#8221;][et_pb_row column_structure=&#8221;1_3,2_3&#8243; _builder_version=&#8221;4.16&#8243; background_color=&#8221;#ffffff&#8221; custom_padding=&#8221;|20px||20px&#8221; border_radii=&#8221;on|10px|10px|10px|10px&#8221; global_colors_info=&#8221;{}&#8221;][et_pb_column type=&#8221;1_3&#8243; _builder_version=&#8221;4.16&#8243; custom_padding=&#8221;|||&#8221; global_colors_info=&#8221;{}&#8221; custom_padding__hover=&#8221;|||&#8221;][et_pb_image src=&#8221;https:\/\/www.careplus.eu\/wp-content\/uploads\/2025\/05\/Care-plus-Blarenpleisters_Ultimate.webp&#8221; title_text=&#8221;Care Plus\u00ae Blisterpl\u00e5ster Ultimate&#8221; show_in_lightbox=&#8221;on&#8221; use_overlay=&#8221;on&#8221; overlay_icon_color=&#8221;#ffffff&#8221; hover_overlay_color=&#8221;rgba(0,0,0,0)&#8221; hover_icon=&#8221;&#x54;||divi||400&#8243; align_tablet=&#8221;center&#8221; align_phone=&#8221;&#8221; align_last_edited=&#8221;on|desktop&#8221; admin_label=&#8221;Packshot blaarpleister ultimate&#8221; _builder_version=&#8221;4.21.0&#8243; height=&#8221;300px&#8221; max_height=&#8221;300px&#8221; custom_padding=&#8221;|20px||20px&#8221; global_colors_info=&#8221;{}&#8221;][\/et_pb_image][\/et_pb_column][et_pb_column type=&#8221;2_3&#8243; _builder_version=&#8221;4.16&#8243; custom_padding=&#8221;|||&#8221; global_colors_info=&#8221;{}&#8221; custom_padding__hover=&#8221;|||&#8221;][et_pb_text admin_label=&#8221;Care Plus blarenpleisters ultimate&#8221; _builder_version=&#8221;4.21.0&#8243; header_3_text_color=&#8221;#ff0000&#8243; custom_margin=&#8221;||0px||false|false&#8221; custom_padding=&#8221;|20px|0px||false|false&#8221; global_colors_info=&#8221;{}&#8221;]<\/p>\n<h3>Care Plus<sup style=\"font-size: 10px;\">\u00ae<\/sup> Blisterpl\u00e5ster Ultimate<\/h3>\n<ul>\n<li>Extra tjock gips f\u00f6r mer d\u00e4mpning<\/li>\n<li>St\u00f6der l\u00e4kningsprocessen<\/li>\n<li>Hj\u00e4lper till med sm\u00e4rtlindring<\/li>\n<li>Tillverkad av material som andas<\/li>\n<li>H\u00e5ller vatten, smuts och f\u00f6roreningar ute<\/li>\n<li>100% vattent\u00e4t<\/li>\n<li>Inneh\u00e5ll: 5 blisterpl\u00e5ster<\/li>\n<\/ul>\n<p>[\/et_pb_text][et_pb_text admin_label=&#8221;Disclaimer&#8221; _builder_version=&#8221;4.21.0&#8243; text_font_size=&#8221;10px&#8221; text_line_height=&#8221;1.5em&#8221; custom_margin=&#8221;0px||||false|false&#8221; custom_padding=&#8221;0px||||false|false&#8221; locked=&#8221;off&#8221; global_colors_info=&#8221;{}&#8221;]<\/p>\n<p>Care Plus<sup style=\"font-size: 8px;\">\u00ae<\/sup> Blister Plasters Ultimate \u00e4r en medicinteknisk produkt. L\u00e4s bruksanvisningen f\u00f6re anv\u00e4ndning.<\/p>\n<p>[\/et_pb_text][et_pb_button button_url=&#8221;https:\/\/www.careplus-shop.nl\/Blarenpleisters-Ultimate&#8221; url_new_window=&#8221;on&#8221; button_text=&#8221;V\u00e4lj och best\u00e4ll&#8221; button_alignment=&#8221;left&#8221; button_alignment_tablet=&#8221;center&#8221; button_alignment_phone=&#8221;&#8221; button_alignment_last_edited=&#8221;on|phone&#8221; admin_label=&#8221;Bestelbutton&#8221; _builder_version=&#8221;4.21.0&#8243; _module_preset=&#8221;default&#8221; custom_button=&#8221;on&#8221; button_bg_color=&#8221;#ff0000&#8243; global_colors_info=&#8221;{}&#8221;][\/et_pb_button][\/et_pb_column][\/et_pb_row][\/et_pb_section][et_pb_section fb_built=&#8221;1&#8243; _builder_version=&#8221;4.16&#8243; background_color=&#8221;#ffffff&#8221; global_colors_info=&#8221;{}&#8221;][et_pb_row _builder_version=&#8221;4.16&#8243; background_size=&#8221;initial&#8221; background_position=&#8221;top_left&#8221; background_repeat=&#8221;repeat&#8221; global_colors_info=&#8221;{}&#8221;][et_pb_column type=&#8221;4_4&#8243; _builder_version=&#8221;4.16&#8243; custom_padding=&#8221;|||&#8221; global_colors_info=&#8221;{}&#8221; custom_padding__hover=&#8221;|||&#8221;][et_pb_text admin_label=&#8221;Blaren voorkomen&#8221; _builder_version=&#8221;4.21.0&#8243; global_colors_info=&#8221;{}&#8221;]<\/p>\n<h3>F\u00f6rebygga bl\u00e5sor<\/h3>\n<p>\u00c4ven f\u00f6r bl\u00e5sor \u00e4r det b\u00e4ttre att f\u00f6rebygga \u00e4n att bota. Bl\u00e5sor orsakar sm\u00e4rta och obehag och det g\u00f6r att g\u00e5 eller njuta av din semester lite sv\u00e5rare. Lyckligtvis finns det produkter som minskar risken f\u00f6r bl\u00e5sor. Anv\u00e4nd Care Plus<sup style=\"font-size: 10px;\">\u00ae<\/sup> fotpulver eller kamfer f\u00f6r att f\u00f6rhindra bl\u00e5sor. F\u00f6rutom bra skor och strumpor \u00e4r det viktigt att h\u00e5lla f\u00f6tterna i gott skick.<\/p>\n<p>[\/et_pb_text][\/et_pb_column][\/et_pb_row][\/et_pb_section][et_pb_section fb_built=&#8221;1&#8243; fullwidth=&#8221;on&#8221; _builder_version=&#8221;4.16&#8243; _module_preset=&#8221;default&#8221; locked=&#8221;off&#8221; global_colors_info=&#8221;{}&#8221;][et_pb_fullwidth_header _builder_version=&#8221;4.18.0&#8243; _module_preset=&#8221;default&#8221; background_image=&#8221;https:\/\/www.careplus.eu\/wp-content\/uploads\/2018\/12\/blaren.jpg&#8221; parallax=&#8221;on&#8221; height=&#8221;350px&#8221; max_height=&#8221;350px&#8221; global_colors_info=&#8221;{}&#8221;][\/et_pb_fullwidth_header][\/et_pb_section][et_pb_section fb_built=&#8221;1&#8243; disabled_on=&#8221;off|off|off&#8221; _builder_version=&#8221;4.17.4&#8243; custom_margin=&#8221;10px||||false|false&#8221; custom_padding=&#8221;10px|0px|54px|0px|false|false&#8221; locked=&#8221;off&#8221; global_colors_info=&#8221;{}&#8221;][et_pb_row _builder_version=&#8221;4.17.4&#8243; custom_margin=&#8221;0px||||false|false&#8221; custom_padding=&#8221;0px||||false|false&#8221; collapsed=&#8221;off&#8221; global_colors_info=&#8221;{}&#8221;][et_pb_column type=&#8221;4_4&#8243; _builder_version=&#8221;4.16&#8243; custom_padding=&#8221;|||&#8221; global_colors_info=&#8221;{}&#8221; custom_padding__hover=&#8221;|||&#8221;][et_pb_divider show_divider=&#8221;off&#8221; _builder_version=&#8221;4.17.4&#8243; global_colors_info=&#8221;{}&#8221;][\/et_pb_divider][et_pb_text admin_label=&#8221;Blarenpleister&#8221; module_id=&#8221;subsection_3&#8243; module_class=&#8221;ignore_default&#8221; _builder_version=&#8221;4.18.0&#8243; global_colors_info=&#8221;{}&#8221;]<\/p>\n<h2>Vanliga fr\u00e5gor om blisterpl\u00e5ster<\/h2>\n<p>[\/et_pb_text][et_pb_toggle title=&#8221;Hur fungerar ett blisterpl\u00e5ster?&#8221; disabled_on=&#8221;off|off|off&#8221; admin_label=&#8221;Hoe werkt een blarenpleister? &#8221; _builder_version=&#8221;4.21.0&#8243; global_colors_info=&#8221;{}&#8221;]<\/p>\n<p>Ett blisterpl\u00e5ster \u00e4r speciellt utvecklat f\u00f6r att st\u00f6dja huden. Pl\u00e5stret bildar ett andra lager av hud p\u00e5 bl\u00e5san. Ett bl\u00e5spl\u00e5ster lindrar inte bara sm\u00e4rtan och trycket p\u00e5 en bl\u00e5sa, utan f\u00f6rhindrar ocks\u00e5 att s\u00e5ret blir infekterat.<\/p>\n<p>[\/et_pb_toggle][et_pb_toggle title=&#8221;Hur anv\u00e4nder man ett blisterpl\u00e5ster?&#8221; admin_label=&#8221;Hoe gebruik je een blarenpleister? &#8221; _builder_version=&#8221;4.21.0&#8243; global_colors_info=&#8221;{}&#8221;]<\/p>\n<p>Tv\u00e4tta h\u00e4nderna noggrant innan du behandlar blistern. Reng\u00f6r och torka huden innan du applicerar blisterpl\u00e5stret. Vi rekommenderar att du l\u00e5ter blisterpl\u00e5stret sitta kvar tills det faller av av sig sj\u00e4lvt.<\/p>\n<p> [\/et_pb_toggle][et_pb_toggle title=&#8221;Kan man s\u00e4tta blisterpl\u00e5stret p\u00e5 en \u00f6ppen blister?&#8221; disabled_on=&#8221;on|on|on&#8221; admin_label=&#8221;Kun je de blarenpleister op een open blaar plakken? &#8221; _builder_version=&#8221;4.18.0&#8243; disabled=&#8221;on&#8221; global_colors_info=&#8221;{}&#8221;]<\/p>\n<p>Ja, du kan s\u00e4tta ett blisterpl\u00e5ster p\u00e5 en \u00f6ppen blister. Se till att du desinficerar blistern ordentligt i f\u00f6rv\u00e4g f\u00f6r att f\u00f6rhindra infektioner. Om s\u00e5ret \u00e4r rent och torrt kan du s\u00e4kert l\u00e4gga ett pl\u00e5ster p\u00e5 det.<\/p>\n<p> [\/et_pb_toggle][et_pb_toggle title=&#8221;Hur l\u00e4nge sitter ett blisterpl\u00e5ster p\u00e5 plats?&#8221; admin_label=&#8221;Hoe lang blijft een blarenpleister plakken? &#8221; _builder_version=&#8221;4.21.0&#8243; global_colors_info=&#8221;{}&#8221;]<\/p>\n<p>Care Plus\u00ae blisterpl\u00e5ster sitter p\u00e5 plats i upp till 7 dagar. Vi rekommenderar att du inte sj\u00e4lv tar bort ett blisterpl\u00e5ster.<\/p>\n<p> [\/et_pb_toggle][et_pb_toggle title=&#8221;Hur l\u00e4nge ska man l\u00e4mna ett blisterpl\u00e5ster p\u00e5?&#8221; admin_label=&#8221;Hoe lang moet je een blarenpleister laten zitten? &#8221; _builder_version=&#8221;4.21.0&#8243; global_colors_info=&#8221;{}&#8221;]<\/p>\n<p>Vi rekommenderar att du l\u00e4mnar ett blisterpl\u00e5ster tills det faller av av sig sj\u00e4lvt. V\u00e5ra Care Plus\u00ae blisterpl\u00e5ster sitter p\u00e5 plats i upp till 7 dagar. Anv\u00e4nd ett blisterpl\u00e5ster tills blistern har f\u00f6rsvunnit.<\/p>\n<p> [\/et_pb_toggle][et_pb_toggle title=&#8221;Kan man s\u00e4tta ett vanligt pl\u00e5ster p\u00e5 en bl\u00e5sa?&#8221; admin_label=&#8221;Kun je een normale pleister op een blaar doen? &#8221; _builder_version=&#8221;4.21.0&#8243; global_colors_info=&#8221;{}&#8221;]<\/p>\n<p>Vi rekommenderar att du anv\u00e4nder ett blisterpl\u00e5ster ist\u00e4llet f\u00f6r ett vanligt pl\u00e5ster. Ett bl\u00e5spl\u00e5ster bildar en andra hud s\u00e5 att s\u00e4ga och lindrar sm\u00e4rta och tryck. Blisterpl\u00e5stret suger \u00e4ven upp eventuell fukt om bl\u00e5san spricker.<\/p>\n<p> [\/et_pb_toggle][\/et_pb_column][\/et_pb_row][\/et_pb_section]<\/p>\n","protected":false},"excerpt":{"rendered":"<p>Behandla bl\u00e5sor med blisterpl\u00e5ster Ibland kan bl\u00e5sor fortfarande utvecklas trots alla dina anstr\u00e4ngningar f\u00f6r att f\u00f6rhindra dem. Om du har en bl\u00e5sa kommer blisterpl\u00e5ster v\u00e4l till pass. Care Plus\u00ae Blisterpl\u00e5ster \u00e4r speciellt utformade f\u00f6r att lindra sm\u00e4rta, ge en skyddande barri\u00e4r och fr\u00e4mja l\u00e4kning. V\u00e5ra blisterpl\u00e5ster finns i Duo Pack och Ultimate-varianter. P\u00e5 s\u00e5 s\u00e4tt [&hellip;]<\/p>\n","protected":false},"author":37,"featured_media":0,"parent":7240,"menu_order":0,"comment_status":"closed","ping_status":"closed","template":"","meta":{"_acf_changed":false,"_et_pb_use_builder":"on","_et_pb_old_content":"","_et_gb_content_width":"","footnotes":""},"class_list":["post-7241","page","type-page","status-publish","hentry"],"acf":[],"_links":{"self":[{"href":"https:\/\/www.careplus.eu\/sv\/wp-json\/wp\/v2\/pages\/7241","targetHints":{"allow":["GET"]}}],"collection":[{"href":"https:\/\/www.careplus.eu\/sv\/wp-json\/wp\/v2\/pages"}],"about":[{"href":"https:\/\/www.careplus.eu\/sv\/wp-json\/wp\/v2\/types\/page"}],"author":[{"embeddable":true,"href":"https:\/\/www.careplus.eu\/sv\/wp-json\/wp\/v2\/users\/37"}],"replies":[{"embeddable":true,"href":"https:\/\/www.careplus.eu\/sv\/wp-json\/wp\/v2\/comments?post=7241"}],"version-history":[{"count":0,"href":"https:\/\/www.careplus.eu\/sv\/wp-json\/wp\/v2\/pages\/7241\/revisions"}],"up":[{"embeddable":true,"href":"https:\/\/www.careplus.eu\/sv\/wp-json\/wp\/v2\/pages\/7240"}],"wp:attachment":[{"href":"https:\/\/www.careplus.eu\/sv\/wp-json\/wp\/v2\/media?parent=7241"}],"curies":[{"name":"wp","href":"https:\/\/api.w.org\/{rel}","templated":true}]}}