{"id":7232,"date":"2019-06-18T22:58:40","date_gmt":"2019-06-18T20:58:40","guid":{"rendered":"https:\/\/www.careplus.eu\/first-aid-when-travelling\/blisters\/"},"modified":"2025-03-03T14:01:02","modified_gmt":"2025-03-03T13:01:02","slug":"blisters","status":"publish","type":"page","link":"https:\/\/www.careplus.eu\/sv\/first-aidaforsta\/blisters\/","title":{"rendered":"Bl\u00e5sor"},"content":{"rendered":"<p>[et_pb_section fb_built=&#8221;1&#8243; fullwidth=&#8221;on&#8221; _builder_version=&#8221;4.21.0&#8243; background_image=&#8221;https:\/\/www.careplus.eu\/wp-content\/uploads\/2023\/06\/blaren.jpg&#8221; bottom_divider_style=&#8221;curve&#8221; bottom_divider_color=&#8221;#ffffff&#8221; bottom_divider_height=&#8221;40px&#8221; global_colors_info=&#8221;{}&#8221;][et_pb_fullwidth_slider show_arrows=&#8221;off&#8221; show_pagination=&#8221;off&#8221; _builder_version=&#8221;4.21.0&#8243; global_colors_info=&#8221;{}&#8221;][et_pb_slide heading=&#8221;Bl\u00e5sor&#8221; use_bg_overlay=&#8221;off&#8221; use_text_overlay=&#8221;off&#8221; _builder_version=&#8221;4.21.0&#8243; header_level=&#8221;h1&#8243; header_font=&#8221;|800|||||||&#8221; header_font_size=&#8221;36&#8243; background_color=&#8221;RGBA(255,255,255,0)&#8221; background_enable_color=&#8221;on&#8221; background_enable_image=&#8221;off&#8221; button_on_hover=&#8221;on&#8221; custom_padding=&#8221;15%||15%||false|false&#8221; custom_padding_tablet=&#8221;30%||30%|&#8221; custom_padding_phone=&#8221;30%||30%|&#8221; custom_padding_last_edited=&#8221;on|desktop&#8221; header_font_size_tablet=&#8221;30&#8243; header_font_size_phone=&#8221;30&#8243; header_font_size_last_edited=&#8221;on|phone&#8221; header_text_shadow_style=&#8221;preset3&#8243; header_text_shadow_blur_strength=&#8221;0.5em&#8221; header_text_shadow_color=&#8221;rgba(0,0,0,0.6)&#8221; global_colors_info=&#8221;{}&#8221; sticky_transition=&#8221;on&#8221;][\/et_pb_slide][\/et_pb_fullwidth_slider][\/et_pb_section][et_pb_section fb_built=&#8221;1&#8243; admin_label=&#8221;INTRO&#8221; module_id=&#8221;cp_pb_page_extra&#8221; _builder_version=&#8221;4.21.0&#8243; custom_margin=&#8221;50px||||false|false&#8221; custom_padding=&#8221;0px||||false|false&#8221; global_colors_info=&#8221;{}&#8221;][et_pb_row disabled_on=&#8221;off|off|off&#8221; _builder_version=&#8221;4.21.0&#8243; background_size=&#8221;initial&#8221; background_position=&#8221;top_left&#8221; background_repeat=&#8221;repeat&#8221; custom_margin=&#8221;||||false|false&#8221; global_module=&#8221;18803&#8243; global_colors_info=&#8221;{}&#8221;][et_pb_column type=&#8221;4_4&#8243; _builder_version=&#8221;4.16&#8243; custom_padding=&#8221;|||&#8221; global_colors_info=&#8221;{}&#8221; custom_padding__hover=&#8221;|||&#8221;][et_pb_dmb_breadcrumbs _builder_version=&#8221;4.16&#8243; body_font_size_tablet=&#8221;51&#8243; body_line_height_tablet=&#8221;2&#8243; separator_font_size_tablet=&#8221;51&#8243; separator_line_height_tablet=&#8221;2&#8243; link_font_size_tablet=&#8221;51&#8243; link_line_height_tablet=&#8221;2&#8243; linkhover_font_size_tablet=&#8221;51&#8243; linkhover_line_height_tablet=&#8221;2&#8243; global_colors_info=&#8221;{}&#8221;][\/et_pb_dmb_breadcrumbs][\/et_pb_column][\/et_pb_row][et_pb_row _builder_version=&#8221;4.16&#8243; global_colors_info=&#8221;{}&#8221;][et_pb_column type=&#8221;4_4&#8243; _builder_version=&#8221;4.16&#8243; custom_padding=&#8221;|||&#8221; global_colors_info=&#8221;{}&#8221; custom_padding__hover=&#8221;|||&#8221;][et_pb_text admin_label=&#8221;Inleiding&#8221; module_id=&#8221;cp_pb_extra_content&#8221; _builder_version=&#8221;4.21.0&#8243; header_2_font=&#8221;|800|||||||&#8221; header_2_font_size=&#8221;30px&#8221; global_colors_info=&#8221;{}&#8221;]<\/p>\n<h2>Vad \u00e4r bl\u00e5sor?<\/h2>\n<p><strong>Bl\u00e5sor orsakar sm\u00e4rta och obehag och kan verkligen f\u00f6rst\u00f6ra en utedag, en vandring eller en stadsresa. Bl\u00e5sor \u00e4r v\u00e4tskefyllda bubblor som utvecklas p\u00e5 det yttre lagret av huden. De kan uppst\u00e5 p\u00e5 olika delar av kroppen s\u00e5som f\u00f6tter, h\u00e4nder eller andra delar av kroppen som upplever mycket friktion. Det \u00e4r viktigt att behandla en bl\u00e5sa ordentligt f\u00f6r att minska risken f\u00f6r infektion.<\/strong><\/p>\n<p>[\/et_pb_text][\/et_pb_column][\/et_pb_row][et_pb_row column_structure=&#8221;2_3,1_3&#8243; _builder_version=&#8221;4.16&#8243; locked=&#8221;off&#8221; global_colors_info=&#8221;{}&#8221;][et_pb_column type=&#8221;2_3&#8243; _builder_version=&#8221;4.16&#8243; custom_padding=&#8221;|||&#8221; global_colors_info=&#8221;{}&#8221; custom_padding__hover=&#8221;|||&#8221;][et_pb_text admin_label=&#8221;Hoe ontstaan blaren?&#8221; module_id=&#8221;cp_pb_extra_content&#8221; _builder_version=&#8221;4.21.0&#8243; header_2_font=&#8221;|800|||||||&#8221; header_2_font_size=&#8221;30px&#8221; global_colors_info=&#8221;{}&#8221;]<\/p>\n<h3>Hur bildas bl\u00e5sor?<\/h3>\n<p>Bl\u00e5sor orsakas av friktion, s\u00e5som en sko eller strumpa som gnuggar mot huden, eller som ett resultat av v\u00e4rme, fukt eller en kombination av dessa faktorer. Kroppen skapar bl\u00e5san f\u00f6r att skydda s\u00e5ret fr\u00e5n ytterligare friktion eller tryck. N\u00e4r f\u00f6r mycket tryck eller friktion appliceras p\u00e5 huden skadas det \u00f6versta lagret och v\u00e4tska byggs upp.<\/p>\n<p> [\/et_pb_text][\/et_pb_column][et_pb_column type=&#8221;1_3&#8243; _builder_version=&#8221;4.16&#8243; custom_padding=&#8221;|||&#8221; global_colors_info=&#8221;{}&#8221; custom_padding__hover=&#8221;|||&#8221;][et_pb_image src=&#8221;https:\/\/www.careplus.eu\/wp-content\/uploads\/2018\/12\/blaren.jpg&#8221; title_text=&#8221;Bl\u00e5sa p\u00e5 h\u00e4len&#8221; _builder_version=&#8221;4.21.0&#8243; _module_preset=&#8221;default&#8221; hover_enabled=&#8221;0&#8243; border_radii=&#8221;on|10px|10px|10px|10px&#8221; global_colors_info=&#8221;{}&#8221; sticky_enabled=&#8221;0&#8243;][\/et_pb_image][\/et_pb_column][\/et_pb_row][et_pb_row _builder_version=&#8221;4.16&#8243; background_size=&#8221;initial&#8221; background_position=&#8221;top_left&#8221; background_repeat=&#8221;repeat&#8221; global_colors_info=&#8221;{}&#8221;][et_pb_column type=&#8221;4_4&#8243; _builder_version=&#8221;4.16&#8243; custom_padding=&#8221;|||&#8221; global_colors_info=&#8221;{}&#8221; custom_padding__hover=&#8221;|||&#8221;][et_pb_text admin_label=&#8221;Tips om blaren te voorkomen&#8221; _builder_version=&#8221;4.21.0&#8243; global_colors_info=&#8221;{}&#8221;]<\/p>\n<h3>F\u00f6rebygga bl\u00e5sor<\/h3>\n<p>Att f\u00f6rebygga bl\u00e5sor \u00e4r nyckeln till tr\u00f6st. Du kan avsev\u00e4rt minska risken f\u00f6r bl\u00e5sor genom att f\u00f6lja dessa enkla tips:<\/p>\n<ul>\n<li><strong>V\u00e4lj l\u00e4mpliga skor.<\/strong> B\u00e4r v\u00e4lsittande skor som ger tillr\u00e4ckligt st\u00f6d och d\u00e4mpning. Undvik \u00e5tsittande eller illasittande skor som kan orsaka friktion och tryckpunkter<\/li>\n<li><strong>B\u00e4r fuktavledande strumpor.<\/strong> Dessa typer av strumpor hj\u00e4lper dina f\u00f6tter att h\u00e5lla sig torra genom att dra bort svett och fukt. Fuktig hud \u00e4r mer ben\u00e4gen att utveckla bl\u00e5sor. Att b\u00e4ra den h\u00e4r typen av strumpor kan d\u00e4rf\u00f6r minska risken f\u00f6r bl\u00e5sor.<\/li>\n<li><strong>Applicera sm\u00f6rjmedel eller pulver.<\/strong> F\u00f6r att minska friktionen kan du applicera ett tunt lager glidmedel, som vaselin eller speciella anti-blisterprodukter, p\u00e5 omr\u00e5den som \u00e4r utsatta f\u00f6r bl\u00e5sor. Alternativt kan anv\u00e4ndning av talk eller antifriktionspulver hj\u00e4lpa till att h\u00e5lla din hud torr och f\u00f6rhindra \u00f6verskott av fukt.<\/li>\n<li><strong>Anv\u00e4nd ett blisterpl\u00e5ster.<\/strong> Du kan som en f\u00f6rebyggande \u00e5tg\u00e4rd applicera ett bl\u00e5spl\u00e5ster p\u00e5 omr\u00e5det d\u00e4r du ofta f\u00e5r bl\u00e5sor, till exempel p\u00e5 h\u00e4larna. Detta kommer att ge d\u00e4mpning n\u00e4r friktion uppst\u00e5r.<\/li>\n<\/ul>\n<p>[\/et_pb_text][\/et_pb_column][\/et_pb_row][et_pb_row _builder_version=&#8221;4.16&#8243; background_size=&#8221;initial&#8221; background_position=&#8221;top_left&#8221; background_repeat=&#8221;repeat&#8221; global_colors_info=&#8221;{}&#8221;][et_pb_column type=&#8221;4_4&#8243; _builder_version=&#8221;4.16&#8243; custom_padding=&#8221;|||&#8221; global_colors_info=&#8221;{}&#8221; custom_padding__hover=&#8221;|||&#8221;][et_pb_text admin_label=&#8221;Blaren behandelen&#8221; _builder_version=&#8221;4.21.0&#8243; global_colors_info=&#8221;{}&#8221;]<\/p>\n<h3>Behandling av bl\u00e5sor<\/h3>\n<p>Trots att du vidtagit f\u00f6rebyggande \u00e5tg\u00e4rder, fick du fortfarande en bl\u00e5sa? D\u00e5 \u00e4r det viktigt att behandla det r\u00e4tt f\u00f6r att minska risken f\u00f6r infektion. En blister kan spricka om trycket eller friktionen inte avlastas. Du har d\u00e5 ett \u00f6ppet s\u00e5r som l\u00e4tt kan bli infekterat. Det kan du l\u00f6sa genom att s\u00e4tta ett bra blisterpl\u00e5ster p\u00e5 blistern. V\u00e5ra <a href=\"https:\/\/www.careplus.eu\/sv\/first-aidaforsta\/blisters\/treatment\/blister-plasters\/\">Care Plus<sup style=\"font-size: 8px;\">\u00ae<\/sup> Blisterpl\u00e5ster<\/a> finns i Duo Pack och Ultimate-varianter.<\/p>\n<p> [\/et_pb_text][\/et_pb_column][\/et_pb_row][\/et_pb_section]<\/p>\n","protected":false},"excerpt":{"rendered":"<p>What are blisters and how do they develop? If the skin is continually plagued by pressure or friction, a blister may form. The upper layer of the skin detaches from the underlying layers due to friction or pressure. A blister filled with tissue fluid forms in that spot. The body makes the blister to protect the wound against even more friction or pressure.<\/p>\n","protected":false},"author":37,"featured_media":0,"parent":7199,"menu_order":0,"comment_status":"closed","ping_status":"closed","template":"","meta":{"_acf_changed":false,"_et_pb_use_builder":"on","_et_pb_old_content":"","_et_gb_content_width":"","footnotes":""},"class_list":["post-7232","page","type-page","status-publish","hentry"],"acf":[],"_links":{"self":[{"href":"https:\/\/www.careplus.eu\/sv\/wp-json\/wp\/v2\/pages\/7232","targetHints":{"allow":["GET"]}}],"collection":[{"href":"https:\/\/www.careplus.eu\/sv\/wp-json\/wp\/v2\/pages"}],"about":[{"href":"https:\/\/www.careplus.eu\/sv\/wp-json\/wp\/v2\/types\/page"}],"author":[{"embeddable":true,"href":"https:\/\/www.careplus.eu\/sv\/wp-json\/wp\/v2\/users\/37"}],"replies":[{"embeddable":true,"href":"https:\/\/www.careplus.eu\/sv\/wp-json\/wp\/v2\/comments?post=7232"}],"version-history":[{"count":0,"href":"https:\/\/www.careplus.eu\/sv\/wp-json\/wp\/v2\/pages\/7232\/revisions"}],"up":[{"embeddable":true,"href":"https:\/\/www.careplus.eu\/sv\/wp-json\/wp\/v2\/pages\/7199"}],"wp:attachment":[{"href":"https:\/\/www.careplus.eu\/sv\/wp-json\/wp\/v2\/media?parent=7232"}],"curies":[{"name":"wp","href":"https:\/\/api.w.org\/{rel}","templated":true}]}}