


{"id":7224,"date":"2019-06-18T17:49:02","date_gmt":"2019-06-18T15:49:02","guid":{"rendered":"https:\/\/www.careplus.eu\/hygiene\/personal-hygiene\/towels\/"},"modified":"2021-11-03T14:09:23","modified_gmt":"2021-11-03T13:09:23","slug":"towels","status":"publish","type":"page","link":"https:\/\/www.careplus.eu\/sv\/hygiene\/personal-hygiene\/towels\/","title":{"rendered":"Towels"},"content":{"rendered":"<p>[et_pb_section fb_built=&#8221;1&#8243; fullwidth=&#8221;on&#8221; _builder_version=&#8221;4.11.4&#8243; background_image=&#8221;https:\/\/www.careplus.eu\/wp-content\/uploads\/2021\/11\/colours-Header-5.jpg&#8221; bottom_divider_style=&#8221;curve&#8221; bottom_divider_color=&#8221;#ffffff&#8221; bottom_divider_height=&#8221;40px&#8221; hover_enabled=&#8221;0&#8243; background_last_edited=&#8221;on|phone&#8221; background_image_phone=&#8221;https:\/\/www.careplus.eu\/wp-content\/uploads\/2021\/11\/colours-5.jpg&#8221; background_enable_image_phone=&#8221;on&#8221; global_colors_info=&#8221;{}&#8221; title_text=&#8221;colours&#8221; sticky_enabled=&#8221;0&#8243;][et_pb_fullwidth_slider show_arrows=&#8221;off&#8221; show_pagination=&#8221;off&#8221; _builder_version=&#8221;4.9.4&#8243; hover_enabled=&#8221;0&#8243; global_colors_info=&#8221;{}&#8221; sticky_enabled=&#8221;0&#8243;][et_pb_slide heading=&#8221;Towels&#8221; use_bg_overlay=&#8221;off&#8221; use_text_overlay=&#8221;off&#8221; _builder_version=&#8221;4.9.4&#8243; header_level=&#8221;h1&#8243; header_font=&#8221;|800|||||||&#8221; header_font_size=&#8221;36&#8243; background_enable_color=&#8221;off&#8221; background_enable_image=&#8221;off&#8221; button_on_hover=&#8221;on&#8221; custom_padding=&#8221;15%||15%|&#8221; custom_padding_tablet=&#8221;15%||15%|&#8221; custom_padding_phone=&#8221;30%||30%|&#8221; custom_padding_last_edited=&#8221;on|phone&#8221; header_font_size_tablet=&#8221;36&#8243; header_font_size_phone=&#8221;36&#8243; header_text_shadow_style=&#8221;preset3&#8243; header_text_shadow_blur_strength=&#8221;0.5em&#8221; header_text_shadow_color=&#8221;rgba(0,0,0,0.6)&#8221; global_colors_info=&#8221;{}&#8221; sticky_transition=&#8221;on&#8221;][\/et_pb_slide][\/et_pb_fullwidth_slider][\/et_pb_section][et_pb_section fb_built=&#8221;1&#8243; _builder_version=&#8221;3.22&#8243; global_colors_info=&#8221;{}&#8221;][et_pb_row _builder_version=&#8221;3.25&#8243; background_size=&#8221;initial&#8221; background_position=&#8221;top_left&#8221; background_repeat=&#8221;repeat&#8221; global_colors_info=&#8221;{}&#8221;][et_pb_column type=&#8221;4_4&#8243; _builder_version=&#8221;3.25&#8243; custom_padding=&#8221;|||&#8221; global_colors_info=&#8221;{}&#8221; custom_padding__hover=&#8221;|||&#8221;][et_pb_dmb_breadcrumbs _builder_version=&#8221;3.19.6&#8243; body_font_size_tablet=&#8221;51&#8243; body_line_height_tablet=&#8221;2&#8243; separator_font_size_tablet=&#8221;51&#8243; separator_line_height_tablet=&#8221;2&#8243; link_font_size_tablet=&#8221;51&#8243; link_line_height_tablet=&#8221;2&#8243; linkhover_font_size_tablet=&#8221;51&#8243; linkhover_line_height_tablet=&#8221;2&#8243; global_colors_info=&#8221;{}&#8221;][\/et_pb_dmb_breadcrumbs][et_pb_text _builder_version=&#8221;3.27.4&#8243; header_2_font=&#8221;|800|||||||&#8221; global_colors_info=&#8221;{}&#8221;]<\/p>\n<h2>Microfibre towels for good hygiene<\/h2>\n<p><strong>The Care Plus<sup style=\"font-size: 10px;\">\u00ae<\/sup> Travel Towel is lightweight, compact and easily fits in your bag. By using revolutionary microfibre, the travel towel is extra soft on one side, adding to the user comfort. The absorption capacity of the travel towel is seven times its own weight.<\/strong><\/p>\n<p>The Travel Towel Microfibre Pro Hygiene is made with special silver threads that inhibits the growth of bacteria. This keeps the Travel Tower fresh for longer and free of unpleasant odours. In addition, the Travel Towel absorbs seven times its own weight. With an extra soft side for optimal comfort.<\/p>\n<p>&nbsp;<\/p>\n<h3>The advantages of our Travel Towels<\/h3>\n<ul>\n<li>Made with a revolutionary microfibre<\/li>\n<li>Absorbs more than 7 times its own weight<\/li>\n<li>Fast drying travel towel<\/li>\n<li>With one extra soft side for optimal comfort<\/li>\n<li>Multifunctional: use it as a sheet, pillow or wrap<\/li>\n<li>Packed in a ventilating cover<\/li>\n<li>Available in 3 sizes: Small, Medium and Large<\/li>\n<li>Compact and lightweight<\/li>\n<\/ul>\n<p>[\/et_pb_text][\/et_pb_column][\/et_pb_row][\/et_pb_section][et_pb_section fb_built=&#8221;1&#8243; _builder_version=&#8221;3.22&#8243; background_color=&#8221;#f4f4f4&#8243; global_colors_info=&#8221;{}&#8221;][et_pb_row column_structure=&#8221;1_3,1_3,1_3&#8243; _builder_version=&#8221;3.25&#8243; background_color=&#8221;#ffffff&#8221; custom_padding=&#8221;|20px||20px&#8221; border_radii=&#8221;on|10px|10px|10px|10px&#8221; global_colors_info=&#8221;{}&#8221;][et_pb_column type=&#8221;1_3&#8243; _builder_version=&#8221;3.25&#8243; custom_padding=&#8221;|||&#8221; global_colors_info=&#8221;{}&#8221; custom_padding__hover=&#8221;|||&#8221;][et_pb_gallery _builder_version=&#8221;4.11.4&#8243; _module_preset=&#8221;default&#8221; gallery_ids=&#8221;14233,14234,14235&#8243; fullwidth=&#8221;on&#8221; hover_enabled=&#8221;0&#8243; sticky_enabled=&#8221;0&#8243; admin_label=&#8221;Large&#8221;][\/et_pb_gallery][et_pb_text _builder_version=&#8221;3.27.4&#8243; global_colors_info=&#8221;{}&#8221;]<\/p>\n<h3>Travel Towel Microfibre Large<\/h3>\n<p>The Travel Towel (Microfibre Towel) is ideal for travellers. This large towel is multifunctional, ultra lightweight and compact. It comes in a handy ventilating cover. This Travel Towel is 75 x 150 cm.<br \/>\n[\/et_pb_text][et_pb_button button_url=&#8221;https:\/\/www.careplus.eu\/sv\/om-care-plus\/forsaljningspunkter-care-plus\/&#8221; button_text=&#8221;F\u00f6rs\u00e4ljningsst\u00e4llen&#8221; button_alignment=&#8221;center&#8221; _builder_version=&#8221;4.4.7&#8243; background_layout=&#8221;dark&#8221; global_colors_info=&#8221;{}&#8221;][\/et_pb_button][\/et_pb_column][et_pb_column type=&#8221;1_3&#8243; _builder_version=&#8221;3.25&#8243; custom_padding=&#8221;|||&#8221; global_colors_info=&#8221;{}&#8221; custom_padding__hover=&#8221;|||&#8221;][et_pb_gallery _builder_version=&#8221;4.11.4&#8243; _module_preset=&#8221;default&#8221; gallery_ids=&#8221;14236,14237,14238&#8243; fullwidth=&#8221;on&#8221; hover_enabled=&#8221;0&#8243; sticky_enabled=&#8221;0&#8243; admin_label=&#8221;Medium&#8221;][\/et_pb_gallery][et_pb_text _builder_version=&#8221;3.27.4&#8243; global_colors_info=&#8221;{}&#8221;]<\/p>\n<h3>Travel Towel Microfibre Medium<\/h3>\n<p>The Travel Towel (Microfibre Towel) is ideal for travellers. This medium microfibre towel is multifunctional, ultra lightweight and compact. It comes in a handy ventilating cover. This Travel Towel is 60 x 120 cm.<br \/>\n[\/et_pb_text][et_pb_button button_url=&#8221;https:\/\/www.careplus.eu\/sv\/om-care-plus\/forsaljningspunkter-care-plus\/&#8221; button_text=&#8221;F\u00f6rs\u00e4ljningsst\u00e4llen&#8221; button_alignment=&#8221;center&#8221; _builder_version=&#8221;4.4.7&#8243; background_layout=&#8221;dark&#8221; global_colors_info=&#8221;{}&#8221;][\/et_pb_button][\/et_pb_column][et_pb_column type=&#8221;1_3&#8243; _builder_version=&#8221;3.25&#8243; custom_padding=&#8221;|||&#8221; global_colors_info=&#8221;{}&#8221; custom_padding__hover=&#8221;|||&#8221;][et_pb_gallery _builder_version=&#8221;4.11.4&#8243; _module_preset=&#8221;default&#8221; gallery_ids=&#8221;14239,14240,14241&#8243; fullwidth=&#8221;on&#8221; hover_enabled=&#8221;0&#8243; sticky_enabled=&#8221;0&#8243; admin_label=&#8221;Small&#8221;][\/et_pb_gallery][et_pb_text _builder_version=&#8221;3.27.4&#8243; global_colors_info=&#8221;{}&#8221;]<\/p>\n<h3>Travel Towel Microfibre Small<\/h3>\n<p>This Travel Towel (Microfibre Towel) is ideal for travellers. This small towel is multifunctional, ultra lightweight and compact. It comes in a handy ventilating cover. This Travel Towel is 40 x 80 cm.<br \/>\n[\/et_pb_text][et_pb_button button_url=&#8221;https:\/\/www.careplus.eu\/sv\/om-care-plus\/forsaljningspunkter-care-plus\/&#8221; button_text=&#8221;F\u00f6rs\u00e4ljningsst\u00e4llen&#8221; button_alignment=&#8221;center&#8221; _builder_version=&#8221;4.4.7&#8243; background_layout=&#8221;dark&#8221; global_colors_info=&#8221;{}&#8221;][\/et_pb_button][\/et_pb_column][\/et_pb_row][\/et_pb_section][et_pb_section fb_built=&#8221;1&#8243; _builder_version=&#8221;3.22&#8243; global_colors_info=&#8221;{}&#8221;][et_pb_row _builder_version=&#8221;3.25&#8243; background_size=&#8221;initial&#8221; background_position=&#8221;top_left&#8221; background_repeat=&#8221;repeat&#8221; global_colors_info=&#8221;{}&#8221;][et_pb_column type=&#8221;4_4&#8243; _builder_version=&#8221;3.25&#8243; custom_padding=&#8221;|||&#8221; global_colors_info=&#8221;{}&#8221; custom_padding__hover=&#8221;|||&#8221;][et_pb_text _builder_version=&#8221;3.27.4&#8243; global_colors_info=&#8221;{}&#8221;]<\/p>\n<h3>Why does the Travel Towel come in three sizes?<\/h3>\n<p>You can choose Small (40 x 80 cm), Medium (60 x 120 cm) and Large (75 x 150). Small is a good size to dry your hands and\/or face. It is more hygienic to do this with a separate towel. The Medium and Large are suitable for drying after washing or taking a shower. The Large towel can also be used as a beach towel or at the pool.<\/p>\n<p>&nbsp;<\/p>\n<h3>Why is a clean towel so important?\u200b<\/h3>\n<p>When you&#8217;ve had a wash, it&#8217;s nice to dry yourself with a clean towel or your wash would have been for nothing. You don&#8217;t share a towel with other people and preferably you use a separate towel for your face and hands (Small). This makes\u00a0the Care Plus<sup style=\"font-size: 10px;\">\u00ae\u00a0<\/sup>Travel Towel (Microfibre Towel) ideal for travellers. This travel towel has a super soft side for optimal comfort.<\/p>\n<p>&nbsp;<\/p>\n<h3>What makes a good travel towel?\u200b<\/h3>\n<p>A good travel towel is lightweight, compact and quick-drying. the Travel Towel is an ultralight travel towel, made of a revolutionary microfibre. It can absorb more than seven times its own weight, despite the towel being very compact and lightweight. The quick-drying Travel Towel comes in a ventilating cover, keeping it fresh and free from unpleasant odours. This travel towel has one extra soft side for optimal comfort.<br \/>\n[\/et_pb_text][\/et_pb_column][\/et_pb_row][\/et_pb_section]<\/p>\n","protected":false},"excerpt":{"rendered":"<p>Microfibre towels for good hygiene The Care Plus\u00ae Travel Towel is lightweight, compact and easily fits in your bag. By using revolutionary microfibre, the travel towel is extra soft on one side, adding to the user comfort. The absorption capacity of the travel towel is seven times its own weight. The Travel Towel Microfibre Pro [&hellip;]<\/p>\n","protected":false},"author":37,"featured_media":0,"parent":7383,"menu_order":0,"comment_status":"closed","ping_status":"closed","template":"","meta":{"_acf_changed":false,"_et_pb_use_builder":"on","_et_pb_old_content":"","_et_gb_content_width":"","footnotes":""},"class_list":["post-7224","page","type-page","status-publish","hentry"],"acf":[],"_links":{"self":[{"href":"https:\/\/www.careplus.eu\/sv\/wp-json\/wp\/v2\/pages\/7224","targetHints":{"allow":["GET"]}}],"collection":[{"href":"https:\/\/www.careplus.eu\/sv\/wp-json\/wp\/v2\/pages"}],"about":[{"href":"https:\/\/www.careplus.eu\/sv\/wp-json\/wp\/v2\/types\/page"}],"author":[{"embeddable":true,"href":"https:\/\/www.careplus.eu\/sv\/wp-json\/wp\/v2\/users\/37"}],"replies":[{"embeddable":true,"href":"https:\/\/www.careplus.eu\/sv\/wp-json\/wp\/v2\/comments?post=7224"}],"version-history":[{"count":0,"href":"https:\/\/www.careplus.eu\/sv\/wp-json\/wp\/v2\/pages\/7224\/revisions"}],"up":[{"embeddable":true,"href":"https:\/\/www.careplus.eu\/sv\/wp-json\/wp\/v2\/pages\/7383"}],"wp:attachment":[{"href":"https:\/\/www.careplus.eu\/sv\/wp-json\/wp\/v2\/media?parent=7224"}],"curies":[{"name":"wp","href":"https:\/\/api.w.org\/{rel}","templated":true}]}}