


{"id":7222,"date":"2019-06-18T17:46:10","date_gmt":"2019-06-18T15:46:10","guid":{"rendered":"https:\/\/www.careplus.eu\/hygiene\/personal-hygiene\/cleansing-hand-gel\/"},"modified":"2024-09-10T15:27:47","modified_gmt":"2024-09-10T14:27:47","slug":"cleansing-hand-gel","status":"publish","type":"page","link":"https:\/\/www.careplus.eu\/sv\/hygiene\/personal-hygiene\/cleansing-hand-gel\/","title":{"rendered":"Cleansing hand gel"},"content":{"rendered":"<p>[et_pb_section bb_built=&#8221;1&#8243; fullwidth=&#8221;on&#8221; _builder_version=&#8221;3.22&#8243; bottom_divider_style=&#8221;curve&#8221; bottom_divider_color=&#8221;#ffffff&#8221; bottom_divider_height=&#8221;40px&#8221; next_background_color=&#8221;#000000&#8243;][et_pb_fullwidth_slider show_arrows=&#8221;off&#8221; show_pagination=&#8221;off&#8221; _builder_version=&#8221;4.27.0&#8243; background_pattern_color=&#8221;rgba(0,0,0,0.2)&#8221; background_mask_color=&#8221;#ffffff&#8221; use_bg_overlay=&#8221;off&#8221; use_text_overlay=&#8221;off&#8221; box_shadow_horizontal_image_tablet=&#8221;0px&#8221; box_shadow_vertical_image_tablet=&#8221;0px&#8221; box_shadow_blur_image_tablet=&#8221;40px&#8221; box_shadow_spread_image_tablet=&#8221;0px&#8221; text_shadow_horizontal_length=&#8221;text_shadow_style,%91object Object%93&#8243; text_shadow_horizontal_length_tablet=&#8221;0px&#8221; text_shadow_vertical_length=&#8221;text_shadow_style,%91object Object%93&#8243; text_shadow_vertical_length_tablet=&#8221;0px&#8221; text_shadow_blur_strength=&#8221;text_shadow_style,%91object Object%93&#8243; text_shadow_blur_strength_tablet=&#8221;1px&#8221; header_text_shadow_horizontal_length=&#8221;header_text_shadow_style,%91object Object%93&#8243; header_text_shadow_horizontal_length_tablet=&#8221;0px&#8221; header_text_shadow_vertical_length=&#8221;header_text_shadow_style,%91object Object%93&#8243; header_text_shadow_vertical_length_tablet=&#8221;0px&#8221; header_text_shadow_blur_strength=&#8221;header_text_shadow_style,%91object Object%93&#8243; header_text_shadow_blur_strength_tablet=&#8221;1px&#8221; body_text_shadow_horizontal_length=&#8221;body_text_shadow_style,%91object Object%93&#8243; body_text_shadow_horizontal_length_tablet=&#8221;0px&#8221; body_text_shadow_vertical_length=&#8221;body_text_shadow_style,%91object Object%93&#8243; body_text_shadow_vertical_length_tablet=&#8221;0px&#8221; body_text_shadow_blur_strength=&#8221;body_text_shadow_style,%91object Object%93&#8243; body_text_shadow_blur_strength_tablet=&#8221;1px&#8221; body_link_text_shadow_horizontal_length=&#8221;body_link_text_shadow_style,%91object Object%93&#8243; body_link_text_shadow_horizontal_length_tablet=&#8221;0px&#8221; body_link_text_shadow_vertical_length=&#8221;body_link_text_shadow_style,%91object Object%93&#8243; body_link_text_shadow_vertical_length_tablet=&#8221;0px&#8221; body_link_text_shadow_blur_strength=&#8221;body_link_text_shadow_style,%91object Object%93&#8243; body_link_text_shadow_blur_strength_tablet=&#8221;1px&#8221; body_ul_text_shadow_horizontal_length=&#8221;body_ul_text_shadow_style,%91object Object%93&#8243; body_ul_text_shadow_horizontal_length_tablet=&#8221;0px&#8221; body_ul_text_shadow_vertical_length=&#8221;body_ul_text_shadow_style,%91object Object%93&#8243; body_ul_text_shadow_vertical_length_tablet=&#8221;0px&#8221; body_ul_text_shadow_blur_strength=&#8221;body_ul_text_shadow_style,%91object Object%93&#8243; body_ul_text_shadow_blur_strength_tablet=&#8221;1px&#8221; body_ol_text_shadow_horizontal_length=&#8221;body_ol_text_shadow_style,%91object Object%93&#8243; body_ol_text_shadow_horizontal_length_tablet=&#8221;0px&#8221; body_ol_text_shadow_vertical_length=&#8221;body_ol_text_shadow_style,%91object Object%93&#8243; body_ol_text_shadow_vertical_length_tablet=&#8221;0px&#8221; body_ol_text_shadow_blur_strength=&#8221;body_ol_text_shadow_style,%91object Object%93&#8243; body_ol_text_shadow_blur_strength_tablet=&#8221;1px&#8221; body_quote_text_shadow_horizontal_length=&#8221;body_quote_text_shadow_style,%91object Object%93&#8243; body_quote_text_shadow_horizontal_length_tablet=&#8221;0px&#8221; body_quote_text_shadow_vertical_length=&#8221;body_quote_text_shadow_style,%91object Object%93&#8243; body_quote_text_shadow_vertical_length_tablet=&#8221;0px&#8221; body_quote_text_shadow_blur_strength=&#8221;body_quote_text_shadow_style,%91object Object%93&#8243; body_quote_text_shadow_blur_strength_tablet=&#8221;1px&#8221; button_text_shadow_horizontal_length=&#8221;button_text_shadow_style,%91object Object%93&#8243; button_text_shadow_horizontal_length_tablet=&#8221;0px&#8221; button_text_shadow_vertical_length=&#8221;button_text_shadow_style,%91object Object%93&#8243; button_text_shadow_vertical_length_tablet=&#8221;0px&#8221; button_text_shadow_blur_strength=&#8221;button_text_shadow_style,%91object Object%93&#8243; button_text_shadow_blur_strength_tablet=&#8221;1px&#8221; box_shadow_horizontal_button_tablet=&#8221;0px&#8221; box_shadow_vertical_button_tablet=&#8221;0px&#8221; box_shadow_blur_button_tablet=&#8221;40px&#8221; box_shadow_spread_button_tablet=&#8221;0px&#8221; box_shadow_horizontal_tablet=&#8221;0px&#8221; box_shadow_vertical_tablet=&#8221;0px&#8221; box_shadow_blur_tablet=&#8221;40px&#8221; box_shadow_spread_tablet=&#8221;0px&#8221; vertical_offset_tablet=&#8221;0&#8243; horizontal_offset_tablet=&#8221;0&#8243; z_index_tablet=&#8221;0&#8243;][et_pb_slide heading=&#8221;Cleansing hand gel&#8221; use_bg_overlay=&#8221;off&#8221; use_text_overlay=&#8221;off&#8221; _builder_version=&#8221;4.27.0&#8243; header_level=&#8221;h1&#8243; header_font=&#8221;|800|||||||&#8221; header_font_size=&#8221;36px&#8221; background_color=&#8221;#0b6a30&#8243; background_image=&#8221;https:\/\/www.careplus.eu\/wp-content\/uploads\/2024\/09\/handgel-1.jpg&#8221; button_on_hover=&#8221;on&#8221; custom_padding=&#8221;15%||15%|&#8221; custom_padding_tablet=&#8221;30%||30%|&#8221; custom_padding_phone=&#8221;30%||30%|&#8221; custom_padding_last_edited=&#8221;on|desktop&#8221; header_font_size_tablet=&#8221;30&#8243; header_font_size_phone=&#8221;30&#8243; header_font_size_last_edited=&#8221;on|desktop&#8221; header_text_shadow_style=&#8221;preset3&#8243; header_text_shadow_blur_strength=&#8221;0.5em&#8221; header_text_shadow_color=&#8221;rgba(0,0,0,0.6)&#8221; sticky_transition=&#8221;on&#8221; heading_tablet=&#8221;Cleansing hand gel&#8221; heading_phone=&#8221;Cleansing hand gel&#8221; button_link=&#8221;#&#8221; url_new_window=&#8221;off&#8221; link_option_url_new_window=&#8221;off&#8221; use_background_color_gradient=&#8221;off&#8221; background_color_gradient_stops=&#8221;#2b87da 0%|#29c4a9 100%&#8221; background_color_gradient_stops_tablet=&#8221;#2b87da 0%|#29c4a9 100%&#8221; background_color_gradient_stops_phone=&#8221;#2b87da 0%|#29c4a9 100%&#8221; background_color_gradient_type=&#8221;linear&#8221; background_color_gradient_direction=&#8221;180deg&#8221; background_color_gradient_direction_tablet=&#8221;180deg&#8221; background_color_gradient_direction_phone=&#8221;180deg&#8221; background_color_gradient_direction_radial=&#8221;center&#8221; background_color_gradient_repeat=&#8221;off&#8221; background_color_gradient_unit=&#8221;%&#8221; background_color_gradient_overlays_image=&#8221;off&#8221; parallax=&#8221;off&#8221; parallax_method=&#8221;on&#8221; background_size=&#8221;cover&#8221; background_image_width=&#8221;auto&#8221; background_image_width_tablet=&#8221;auto&#8221; background_image_width_phone=&#8221;auto&#8221; background_image_height=&#8221;auto&#8221; background_image_height_tablet=&#8221;auto&#8221; background_image_height_phone=&#8221;auto&#8221; background_position=&#8221;center&#8221; background_horizontal_offset=&#8221;0px&#8221; background_horizontal_offset_tablet=&#8221;0px&#8221; background_horizontal_offset_phone=&#8221;0px&#8221; background_vertical_offset=&#8221;0px&#8221; background_vertical_offset_tablet=&#8221;0px&#8221; background_vertical_offset_phone=&#8221;0px&#8221; background_repeat=&#8221;no-repeat&#8221; background_blend=&#8221;normal&#8221; allow_player_pause=&#8221;off&#8221; background_video_pause_outside_viewport=&#8221;on&#8221; background_pattern_style=&#8221;polka-dots&#8221; background_pattern_style_tablet=&#8221;polka-dots&#8221; background_pattern_style_phone=&#8221;polka-dots&#8221; background_pattern_color=&#8221;rgba(0,0,0,0.2)&#8221; background_pattern_size=&#8221;initial&#8221; background_pattern_width=&#8221;auto&#8221; background_pattern_width_tablet=&#8221;auto&#8221; background_pattern_width_phone=&#8221;auto&#8221; background_pattern_height=&#8221;auto&#8221; background_pattern_height_tablet=&#8221;auto&#8221; background_pattern_height_phone=&#8221;auto&#8221; background_pattern_repeat_origin=&#8221;top_left&#8221; background_pattern_horizontal_offset=&#8221;0px&#8221; background_pattern_horizontal_offset_tablet=&#8221;0px&#8221; background_pattern_horizontal_offset_phone=&#8221;0px&#8221; background_pattern_vertical_offset=&#8221;0px&#8221; background_pattern_vertical_offset_tablet=&#8221;0px&#8221; background_pattern_vertical_offset_phone=&#8221;0px&#8221; background_pattern_repeat=&#8221;repeat&#8221; background_pattern_blend_mode=&#8221;normal&#8221; background_mask_style=&#8221;layer-blob&#8221; background_mask_style_tablet=&#8221;layer-blob&#8221; background_mask_style_phone=&#8221;layer-blob&#8221; background_mask_color=&#8221;#ffffff&#8221; background_mask_aspect_ratio=&#8221;landscape&#8221; background_mask_size=&#8221;stretch&#8221; background_mask_width=&#8221;auto&#8221; background_mask_width_tablet=&#8221;auto&#8221; background_mask_width_phone=&#8221;auto&#8221; background_mask_height=&#8221;auto&#8221; background_mask_height_tablet=&#8221;auto&#8221; background_mask_height_phone=&#8221;auto&#8221; background_mask_position=&#8221;center&#8221; background_mask_horizontal_offset=&#8221;0px&#8221; background_mask_horizontal_offset_tablet=&#8221;0px&#8221; background_mask_horizontal_offset_phone=&#8221;0px&#8221; background_mask_vertical_offset=&#8221;0px&#8221; background_mask_vertical_offset_tablet=&#8221;0px&#8221; background_mask_vertical_offset_phone=&#8221;0px&#8221; background_mask_blend_mode=&#8221;normal&#8221; alignment=&#8221;center&#8221; box_shadow_style_image=&#8221;none&#8221; box_shadow_horizontal_image=&#8221;box_shadow_style_image,%91object Object%93&#8243; box_shadow_horizontal_image_tablet=&#8221;0px&#8221; box_shadow_horizontal_image_phone=&#8221;0px&#8221; box_shadow_vertical_image=&#8221;box_shadow_style_image,%91object Object%93&#8243; box_shadow_vertical_image_tablet=&#8221;0px&#8221; box_shadow_vertical_image_phone=&#8221;0px&#8221; box_shadow_blur_image=&#8221;box_shadow_style_image,%91object Object%93&#8243; box_shadow_blur_image_tablet=&#8221;40px&#8221; box_shadow_blur_image_phone=&#8221;40px&#8221; box_shadow_spread_image=&#8221;box_shadow_style_image,%91object Object%93&#8243; box_shadow_spread_image_tablet=&#8221;0px&#8221; box_shadow_spread_image_phone=&#8221;0px&#8221; child_filter_hue_rotate=&#8221;0deg&#8221; child_filter_hue_rotate_tablet=&#8221;0deg&#8221; child_filter_hue_rotate_phone=&#8221;0deg&#8221; child_filter_saturate=&#8221;100%&#8221; child_filter_saturate_tablet=&#8221;100%&#8221; child_filter_saturate_phone=&#8221;100%&#8221; child_filter_brightness=&#8221;100%&#8221; child_filter_brightness_tablet=&#8221;100%&#8221; child_filter_brightness_phone=&#8221;100%&#8221; child_filter_contrast=&#8221;100%&#8221; child_filter_contrast_tablet=&#8221;100%&#8221; child_filter_contrast_phone=&#8221;100%&#8221; child_filter_invert=&#8221;0%&#8221; child_filter_invert_tablet=&#8221;0%&#8221; child_filter_invert_phone=&#8221;0%&#8221; child_filter_sepia=&#8221;0%&#8221; child_filter_sepia_tablet=&#8221;0%&#8221; child_filter_sepia_phone=&#8221;0%&#8221; child_filter_opacity=&#8221;100%&#8221; child_filter_opacity_tablet=&#8221;100%&#8221; child_filter_opacity_phone=&#8221;100%&#8221; child_filter_blur=&#8221;0px&#8221; child_filter_blur_tablet=&#8221;0px&#8221; child_filter_blur_phone=&#8221;0px&#8221; child_mix_blend_mode=&#8221;normal&#8221; background_layout=&#8221;dark&#8221; text_shadow_style=&#8221;none&#8221; text_shadow_horizontal_length=&#8221;text_shadow_style,%91object Object%93&#8243; text_shadow_horizontal_length_tablet=&#8221;0px&#8221; text_shadow_horizontal_length_phone=&#8221;0px&#8221; text_shadow_vertical_length=&#8221;text_shadow_style,%91object Object%93&#8243; text_shadow_vertical_length_tablet=&#8221;0px&#8221; text_shadow_vertical_length_phone=&#8221;0px&#8221; text_shadow_blur_strength=&#8221;text_shadow_style,%91object Object%93&#8243; text_shadow_blur_strength_tablet=&#8221;1px&#8221; text_shadow_blur_strength_phone=&#8221;1px&#8221; header_text_shadow_horizontal_length=&#8221;0em&#8221; header_text_shadow_horizontal_length_tablet=&#8221;0em&#8221; header_text_shadow_horizontal_length_phone=&#8221;0em&#8221; header_text_shadow_vertical_length=&#8221;0em&#8221; header_text_shadow_vertical_length_tablet=&#8221;0em&#8221; header_text_shadow_vertical_length_phone=&#8221;0em&#8221; header_text_shadow_blur_strength_tablet=&#8221;0.5em&#8221; header_text_shadow_blur_strength_phone=&#8221;0.5em&#8221; body_text_shadow_style=&#8221;none&#8221; body_text_shadow_horizontal_length=&#8221;body_text_shadow_style,%91object Object%93&#8243; body_text_shadow_horizontal_length_tablet=&#8221;0px&#8221; body_text_shadow_horizontal_length_phone=&#8221;0px&#8221; body_text_shadow_vertical_length=&#8221;body_text_shadow_style,%91object Object%93&#8243; body_text_shadow_vertical_length_tablet=&#8221;0px&#8221; body_text_shadow_vertical_length_phone=&#8221;0px&#8221; body_text_shadow_blur_strength=&#8221;body_text_shadow_style,%91object Object%93&#8243; body_text_shadow_blur_strength_tablet=&#8221;1px&#8221; body_text_shadow_blur_strength_phone=&#8221;1px&#8221; body_link_text_shadow_style=&#8221;none&#8221; body_link_text_shadow_horizontal_length=&#8221;body_link_text_shadow_style,%91object Object%93&#8243; body_link_text_shadow_horizontal_length_tablet=&#8221;0px&#8221; body_link_text_shadow_horizontal_length_phone=&#8221;0px&#8221; body_link_text_shadow_vertical_length=&#8221;body_link_text_shadow_style,%91object Object%93&#8243; body_link_text_shadow_vertical_length_tablet=&#8221;0px&#8221; body_link_text_shadow_vertical_length_phone=&#8221;0px&#8221; body_link_text_shadow_blur_strength=&#8221;body_link_text_shadow_style,%91object Object%93&#8243; body_link_text_shadow_blur_strength_tablet=&#8221;1px&#8221; body_link_text_shadow_blur_strength_phone=&#8221;1px&#8221; body_ul_text_shadow_style=&#8221;none&#8221; body_ul_text_shadow_horizontal_length=&#8221;body_ul_text_shadow_style,%91object Object%93&#8243; body_ul_text_shadow_horizontal_length_tablet=&#8221;0px&#8221; body_ul_text_shadow_horizontal_length_phone=&#8221;0px&#8221; body_ul_text_shadow_vertical_length=&#8221;body_ul_text_shadow_style,%91object Object%93&#8243; body_ul_text_shadow_vertical_length_tablet=&#8221;0px&#8221; body_ul_text_shadow_vertical_length_phone=&#8221;0px&#8221; body_ul_text_shadow_blur_strength=&#8221;body_ul_text_shadow_style,%91object Object%93&#8243; body_ul_text_shadow_blur_strength_tablet=&#8221;1px&#8221; body_ul_text_shadow_blur_strength_phone=&#8221;1px&#8221; body_ol_text_shadow_style=&#8221;none&#8221; body_ol_text_shadow_horizontal_length=&#8221;body_ol_text_shadow_style,%91object Object%93&#8243; body_ol_text_shadow_horizontal_length_tablet=&#8221;0px&#8221; body_ol_text_shadow_horizontal_length_phone=&#8221;0px&#8221; body_ol_text_shadow_vertical_length=&#8221;body_ol_text_shadow_style,%91object Object%93&#8243; body_ol_text_shadow_vertical_length_tablet=&#8221;0px&#8221; body_ol_text_shadow_vertical_length_phone=&#8221;0px&#8221; body_ol_text_shadow_blur_strength=&#8221;body_ol_text_shadow_style,%91object Object%93&#8243; body_ol_text_shadow_blur_strength_tablet=&#8221;1px&#8221; body_ol_text_shadow_blur_strength_phone=&#8221;1px&#8221; body_quote_text_shadow_style=&#8221;none&#8221; body_quote_text_shadow_horizontal_length=&#8221;body_quote_text_shadow_style,%91object Object%93&#8243; body_quote_text_shadow_horizontal_length_tablet=&#8221;0px&#8221; body_quote_text_shadow_horizontal_length_phone=&#8221;0px&#8221; body_quote_text_shadow_vertical_length=&#8221;body_quote_text_shadow_style,%91object Object%93&#8243; body_quote_text_shadow_vertical_length_tablet=&#8221;0px&#8221; body_quote_text_shadow_vertical_length_phone=&#8221;0px&#8221; body_quote_text_shadow_blur_strength=&#8221;body_quote_text_shadow_style,%91object Object%93&#8243; body_quote_text_shadow_blur_strength_tablet=&#8221;1px&#8221; body_quote_text_shadow_blur_strength_phone=&#8221;1px&#8221; custom_button=&#8221;off&#8221; button_bg_use_color_gradient=&#8221;off&#8221; button_bg_color_gradient_repeat=&#8221;off&#8221; button_bg_color_gradient_overlays_image=&#8221;off&#8221; button_use_icon=&#8221;on&#8221; button_text_shadow_style=&#8221;none&#8221; button_text_shadow_horizontal_length=&#8221;button_text_shadow_style,%91object Object%93&#8243; button_text_shadow_horizontal_length_tablet=&#8221;0px&#8221; button_text_shadow_horizontal_length_phone=&#8221;0px&#8221; button_text_shadow_vertical_length=&#8221;button_text_shadow_style,%91object Object%93&#8243; button_text_shadow_vertical_length_tablet=&#8221;0px&#8221; button_text_shadow_vertical_length_phone=&#8221;0px&#8221; button_text_shadow_blur_strength=&#8221;button_text_shadow_style,%91object Object%93&#8243; button_text_shadow_blur_strength_tablet=&#8221;1px&#8221; button_text_shadow_blur_strength_phone=&#8221;1px&#8221; box_shadow_style_button=&#8221;none&#8221; box_shadow_horizontal_button=&#8221;box_shadow_style_button,%91object Object%93&#8243; box_shadow_horizontal_button_tablet=&#8221;0px&#8221; box_shadow_horizontal_button_phone=&#8221;0px&#8221; box_shadow_vertical_button=&#8221;box_shadow_style_button,%91object Object%93&#8243; box_shadow_vertical_button_tablet=&#8221;0px&#8221; box_shadow_vertical_button_phone=&#8221;0px&#8221; box_shadow_blur_button=&#8221;box_shadow_style_button,%91object Object%93&#8243; box_shadow_blur_button_tablet=&#8221;40px&#8221; box_shadow_blur_button_phone=&#8221;40px&#8221; box_shadow_spread_button=&#8221;box_shadow_style_button,%91object Object%93&#8243; box_shadow_spread_button_tablet=&#8221;0px&#8221; box_shadow_spread_button_phone=&#8221;0px&#8221; hover_transition_duration=&#8221;300ms&#8221; hover_transition_duration_tablet=&#8221;300ms&#8221; hover_transition_duration_phone=&#8221;300ms&#8221; hover_transition_delay=&#8221;0ms&#8221; hover_transition_delay_tablet=&#8221;0ms&#8221; hover_transition_delay_phone=&#8221;0ms&#8221; hover_transition_speed_curve=&#8221;ease&#8221; z_index_tablet=&#8221;0&#8243; z_index_phone=&#8221;0&#8243; \/][\/et_pb_fullwidth_slider][\/et_pb_section][et_pb_section bb_built=&#8221;1&#8243; module_id=&#8221;cp_pb_page_content&#8221; module_class=&#8221;cp_pb_regular_post_content&#8221; _builder_version=&#8221;3.22&#8243; background_color=&#8221;#ffffff&#8221; custom_padding=&#8221;0px|||&#8221; bottom_divider_color=&#8221;#ffffff&#8221; bottom_divider_height=&#8221;40px&#8221; prev_background_color=&#8221;#000000&#8243; next_background_color=&#8221;#f4f4f4&#8243;][et_pb_row admin_label=&#8221;Page Header&#8221; _builder_version=&#8221;3.25&#8243; background_size=&#8221;initial&#8221; background_position=&#8221;top_left&#8221; background_repeat=&#8221;repeat&#8221; collapsed=&#8221;off&#8221;][et_pb_column type=&#8221;4_4&#8243; _builder_version=&#8221;3.25&#8243; custom_padding=&#8221;|||&#8221; custom_padding__hover=&#8221;|||&#8221;][et_pb_divider show_divider=&#8221;off&#8221; _builder_version=&#8221;3.19.6&#8243; \/][et_pb_dmb_breadcrumbs _builder_version=&#8221;3.19.6&#8243; body_font_size_tablet=&#8221;51&#8243; body_line_height_tablet=&#8221;2&#8243; separator_font_size_tablet=&#8221;51&#8243; separator_line_height_tablet=&#8221;2&#8243; link_font_size_tablet=&#8221;51&#8243; link_line_height_tablet=&#8221;2&#8243; linkhover_font_size_tablet=&#8221;51&#8243; linkhover_line_height_tablet=&#8221;2&#8243; \/][et_pb_text admin_label=&#8221;Inleiding&#8221; _builder_version=&#8221;4.3.4&#8243; header_2_font=&#8221;|800|||||||&#8221;]<\/p>\n<h2>Clean hands at all times<\/h2>\n<p><strong>You run the risk of getting infected when you touch your mouth with unwashed hands, full of bacteria. Wash your hands and wrists thoroughly with soap, or use a good hand gel, such as Care Plus<sup style=\"font-size: 10px;\">\u00ae<\/sup> Pro Hygiene Gel, before cooking and eating and after each visit to the toilet.<\/strong><\/p>\n<p>Our Pro Hygiene Gel is ideal for situations when there is no water available and you do want to clean your hands. Your hands will be clean and fresh when using this hand gel. Dirty nails? Scrub them with a brush! Dry your hands with something very clean, like a paper towel. Or keep them under the blower (don&#8217;t touch it). This hand gel does not dehydrate your skin, due to its unique ingredients, like aloe vera.<\/p>\n<p>Care Plus<sup style=\"font-size: 10px;\">\u00ae<\/sup>\u00a0cleansing hand gels are available in bottles of 30 ml or 100 ml.<\/p>\n<p>[\/et_pb_text][\/et_pb_column][\/et_pb_row][\/et_pb_section][et_pb_section bb_built=&#8221;1&#8243; _builder_version=&#8221;3.22&#8243; background_color=&#8221;#f4f4f4&#8243; prev_background_color=&#8221;#ffffff&#8221; next_background_color=&#8221;#ffffff&#8221;][et_pb_row column_structure=&#8221;1_4,3_4&#8243; _builder_version=&#8221;3.25&#8243; background_color=&#8221;#ffffff&#8221; custom_padding=&#8221;|40px||40px&#8221; border_radii=&#8221;on|10px|10px|10px|10px&#8221;][et_pb_column type=&#8221;1_4&#8243; _builder_version=&#8221;3.25&#8243; custom_padding=&#8221;|||&#8221; custom_padding__hover=&#8221;|||&#8221;][et_pb_image src=&#8221;https:\/\/www.careplus.eu\/wp-content\/uploads\/2020\/06\/desinfecterende-handgel-careplus-1-1-1.jpg&#8221; title_text=&#8221;desinfecterende-handgel-careplus-1-1&#8243; show_in_lightbox=&#8221;on&#8221; use_overlay=&#8221;on&#8221; overlay_icon_color=&#8221;#ffffff&#8221; hover_overlay_color=&#8221;rgba(0,0,0,0)&#8221; hover_icon=&#8221;&amp;#x54;||divi||400&#8243; align=&#8221;center&#8221; align_tablet=&#8221;center&#8221; align_last_edited=&#8221;on|desktop&#8221; _builder_version=&#8221;4.4.8&#8243; \/][\/et_pb_column][et_pb_column type=&#8221;3_4&#8243; _builder_version=&#8221;3.25&#8243; custom_padding=&#8221;|||&#8221; custom_padding__hover=&#8221;|||&#8221;][et_pb_divider show_divider=&#8221;off&#8221; _builder_version=&#8221;3.19.6&#8243; \/][et_pb_text _builder_version=&#8221;3.27.4&#8243;]<\/p>\n<h3>Pro Hygiene cleansing hand gel<\/h3>\n<p>No water and soap available? No problem! With Pro Hygiene Gel in your bag, hand gel of Care Plus<sup style=\"font-size: 10px;\">\u00ae<\/sup>, you will always be able to clean your hands. This small bottle of hand gel contains 30 ml and is very handy to have in your bag.<\/p>\n<ul>\n<li>Cleansing hand gel that gives your hands a clean and fresh feel<\/li>\n<li>To be used without water and soap<\/li>\n<li>Does not dehydrate the skin, due to its unique ingredients like aloe vera<\/li>\n<li>Practical small packaging for in your bag or rucksack<\/li>\n<\/ul>\n<p>[\/et_pb_text][et_pb_button button_url=&#8221;https:\/\/www.careplus.eu\/sv\/om-care-plus\/forsaljningspunkter-care-plus\/&#8221; button_text=&#8221;F\u00f6rs\u00e4ljningsst\u00e4llen&#8221; _builder_version=&#8221;4.4.7&#8243; background_layout=&#8221;dark&#8221; \/][\/et_pb_column][\/et_pb_row][\/et_pb_section][et_pb_section bb_built=&#8221;1&#8243; _builder_version=&#8221;3.22&#8243; prev_background_color=&#8221;#f4f4f4&#8243;][et_pb_row _builder_version=&#8221;3.25&#8243; background_size=&#8221;initial&#8221; background_position=&#8221;top_left&#8221; background_repeat=&#8221;repeat&#8221;][et_pb_column type=&#8221;4_4&#8243; _builder_version=&#8221;3.25&#8243; custom_padding=&#8221;|||&#8221; custom_padding__hover=&#8221;|||&#8221;][et_pb_divider show_divider=&#8221;off&#8221; _builder_version=&#8221;3.19.6&#8243; \/][et_pb_text _builder_version=&#8221;3.27.4&#8243;]<\/p>\n<h3>Good hygiene while travelling<\/h3>\n<p>It is important to ensure good hygiene while travelling. This doesn&#8217;t just contribute to a comfortable trip, but prevents bacterial infections and parasites. It is also pleasant for yourself and others to ensure good personal hygiene and clean clothes. Care Plus<sup style=\"font-size: 10px;\">\u00ae<\/sup> provides help with\u00a0<a href=\"https:\/\/www.careplus.eu\/sv\/hygiene\/personal-hygiene\/\">advice and products<\/a>.<\/p>\n<p>[\/et_pb_text][\/et_pb_column][\/et_pb_row][\/et_pb_section]<\/p>\n","protected":false},"excerpt":{"rendered":"<p>Clean hands at all times You run the risk of getting infected when you touch your mouth with unwashed hands, full of bacteria. Wash your hands and wrists thoroughly with soap, or use a good hand gel, such as Care Plus\u00ae Pro Hygiene Gel, before cooking and eating and after each visit to the toilet. [&hellip;]<\/p>\n","protected":false},"author":37,"featured_media":0,"parent":7383,"menu_order":0,"comment_status":"closed","ping_status":"closed","template":"","meta":{"_acf_changed":false,"_et_pb_use_builder":"on","_et_pb_old_content":"","_et_gb_content_width":"","footnotes":""},"class_list":["post-7222","page","type-page","status-publish","hentry"],"acf":[],"_links":{"self":[{"href":"https:\/\/www.careplus.eu\/sv\/wp-json\/wp\/v2\/pages\/7222","targetHints":{"allow":["GET"]}}],"collection":[{"href":"https:\/\/www.careplus.eu\/sv\/wp-json\/wp\/v2\/pages"}],"about":[{"href":"https:\/\/www.careplus.eu\/sv\/wp-json\/wp\/v2\/types\/page"}],"author":[{"embeddable":true,"href":"https:\/\/www.careplus.eu\/sv\/wp-json\/wp\/v2\/users\/37"}],"replies":[{"embeddable":true,"href":"https:\/\/www.careplus.eu\/sv\/wp-json\/wp\/v2\/comments?post=7222"}],"version-history":[{"count":0,"href":"https:\/\/www.careplus.eu\/sv\/wp-json\/wp\/v2\/pages\/7222\/revisions"}],"up":[{"embeddable":true,"href":"https:\/\/www.careplus.eu\/sv\/wp-json\/wp\/v2\/pages\/7383"}],"wp:attachment":[{"href":"https:\/\/www.careplus.eu\/sv\/wp-json\/wp\/v2\/media?parent=7222"}],"curies":[{"name":"wp","href":"https:\/\/api.w.org\/{rel}","templated":true}]}}