


{"id":7218,"date":"2019-06-18T17:37:43","date_gmt":"2019-06-18T15:37:43","guid":{"rendered":"https:\/\/www.careplus.eu\/hygiene\/water-purification\/hadex\/"},"modified":"2025-09-25T16:51:02","modified_gmt":"2025-09-25T15:51:02","slug":"hadex","status":"publish","type":"page","link":"https:\/\/www.careplus.eu\/sv\/hygiene\/water-purification\/hadex\/","title":{"rendered":"Hadex"},"content":{"rendered":"<p>[et_pb_section bb_built=&#8221;1&#8243; fullwidth=&#8221;on&#8221; _builder_version=&#8221;4.21.0&#8243; background_image=&#8221;https:\/\/www.careplus.eu\/wp-content\/uploads\/2025\/05\/DM_CarePlus016_158.webp&#8221; bottom_divider_style=&#8221;curve&#8221; bottom_divider_color=&#8221;#ffffff&#8221; bottom_divider_height=&#8221;40px&#8221; bottom_divider_height_tablet=&#8221;40px&#8221; bottom_divider_height_phone=&#8221;20px&#8221; bottom_divider_height_last_edited=&#8221;on|phone&#8221; global_colors_info=&#8221;{}&#8221; next_background_color=&#8221;#ffffff&#8221;][et_pb_fullwidth_slider show_arrows=&#8221;off&#8221; show_pagination=&#8221;off&#8221; _builder_version=&#8221;4.21.0&#8243; header_level=&#8221;h1&#8243; header_font=&#8221;|800|||||||&#8221; header_font_size=&#8221;36&#8243; header_text_shadow_style=&#8221;preset3&#8243; header_text_shadow_blur_strength=&#8221;0.5em&#8221; header_text_shadow_color=&#8221;rgba(0,0,0,0.6)&#8221; global_colors_info=&#8221;{}&#8221;][et_pb_slide heading=&#8221;Hadex desinfektionsmedel f\u00f6r dricksvatten&#8221; use_bg_overlay=&#8221;off&#8221; use_text_overlay=&#8221;off&#8221; _builder_version=&#8221;4.17.4&#8243; header_level=&#8221;h1&#8243; header_font=&#8221;||||||||&#8221; background_enable_color=&#8221;off&#8221; background_enable_image=&#8221;off&#8221; button_on_hover=&#8221;on&#8221; custom_padding=&#8221;18%||18%|&#8221; custom_padding_tablet=&#8221;30%||30%|&#8221; custom_padding_phone=&#8221;30%||30%|&#8221; custom_padding_last_edited=&#8221;on|phone&#8221; header_font_size_tablet=&#8221;30&#8243; header_font_size_phone=&#8221;30&#8243; header_font_size_last_edited=&#8221;on|phone&#8221; global_colors_info=&#8221;{}&#8221; sticky_transition=&#8221;on&#8221;][\/et_pb_slide][\/et_pb_fullwidth_slider][\/et_pb_section][et_pb_section bb_built=&#8221;1&#8243; admin_label=&#8221;INTRO&#8221; _builder_version=&#8221;4.21.0&#8243; custom_margin=&#8221;50px||||false|false&#8221; custom_padding=&#8221;0px||||false|false&#8221; global_colors_info=&#8221;{}&#8221; prev_background_color=&#8221;#000000&#8243; next_background_color=&#8221;#f4f4f4&#8243;][et_pb_row disabled_on=&#8221;off|off|off&#8221; _builder_version=&#8221;4.21.0&#8243; background_size=&#8221;initial&#8221; background_position=&#8221;top_left&#8221; background_repeat=&#8221;repeat&#8221; custom_margin=&#8221;||||false|false&#8221; global_colors_info=&#8221;{}&#8221; global_module=&#8221;18803&#8243;][et_pb_column type=&#8221;4_4&#8243; global_parent=&#8221;18803&#8243; _builder_version=&#8221;4.16&#8243; custom_padding=&#8221;|||&#8221; global_colors_info=&#8221;{}&#8221; custom_padding__hover=&#8221;|||&#8221;][et_pb_dmb_breadcrumbs global_parent=&#8221;18803&#8243; _builder_version=&#8221;4.16&#8243; body_font_size_tablet=&#8221;51&#8243; body_line_height_tablet=&#8221;2&#8243; separator_font_size_tablet=&#8221;51&#8243; separator_line_height_tablet=&#8221;2&#8243; link_font_size_tablet=&#8221;51&#8243; link_line_height_tablet=&#8221;2&#8243; linkhover_font_size_tablet=&#8221;51&#8243; linkhover_line_height_tablet=&#8221;2&#8243; global_colors_info=&#8221;{}&#8221; \/][\/et_pb_column][\/et_pb_row][et_pb_row _builder_version=&#8221;4.16&#8243; background_size=&#8221;initial&#8221; background_position=&#8221;top_left&#8221; background_repeat=&#8221;repeat&#8221; global_colors_info=&#8221;{}&#8221;][et_pb_column type=&#8221;4_4&#8243; _builder_version=&#8221;4.16&#8243; custom_padding=&#8221;|||&#8221; global_colors_info=&#8221;{}&#8221; custom_padding__hover=&#8221;|||&#8221;][et_pb_text admin_label=&#8221;Copy inleiding&#8221; _builder_version=&#8221;4.27.4&#8243; _module_preset=&#8221;default&#8221; locked=&#8221;off&#8221; global_colors_info=&#8221;{}&#8221;]<\/p>\n<h2>Rena vatten med Hadex<sup style=\"font-size: 16px;\">\u00ae<\/sup><\/h2>\n<p><\/p>\n<p><strong>Reser du till ett land eller en plats d\u00e4r dricksvattenhygienen inte \u00e4r s\u00e5 bra? D\u00e5 \u00e4r Care Plus<sup style=\"font-size: 8px;\">\u00ae<\/sup> Hadex<sup style=\"font-size: 8px;\">\u00ae<\/sup> ett m\u00e5ste i din necess\u00e4r, resv\u00e4ska eller ryggs\u00e4ck. V\u00e5rt Hadex<sup style=\"font-size: 8px;\">\u00ae<\/sup> dricksvattendesinfektionsmedel \u00e4r utformat f\u00f6r att desinficera dricks-, pump-, brunns- eller kranvatten i omr\u00e5den (eller platser) d\u00e4r kvaliteten \u00e4r tveksam eller d\u00e4r dess tillf\u00f6rlitlighet \u00e4r otillr\u00e4cklig. Hadex\u00ae kan anv\u00e4ndas f\u00f6r att desinficera vatten om du inte har m\u00f6jlighet att koka det.<\/strong><\/p>\n<p>[\/et_pb_text][et_pb_text admin_label=&#8221;Inleiding vervolg&#8221; _builder_version=&#8221;4.27.4&#8243; global_colors_info=&#8221;{}&#8221;]<\/p>\n<p>Care Plus<sup style=\"font-size: 8px;\">\u00ae<\/sup> Hadex<sup style=\"font-size: 8px;\">\u00ae<\/sup> inneh\u00e5ller r\u00e4tt klorl\u00f6sning som deaktiverar bakterier i vatten. F\u00f6r att f\u00f6rhindra bakterier, protozoer, parasiter och mikroplaster rekommenderar vi att man kombinerar ett Care Plus<sup style=\"font-size: 8px;\">\u00ae<\/sup> <a href=\"\/sv\/hygiene\/water-purification\/vattenfilter\/\">vattenfilter<\/a> med Hadex<sup style=\"font-size: 8px;\">\u00ae<\/sup>.<\/p>\n<p>[\/et_pb_text][\/et_pb_column][\/et_pb_row][\/et_pb_section][et_pb_section bb_built=&#8221;1&#8243; _builder_version=&#8221;4.16&#8243; background_color=&#8221;#f4f4f4&#8243; locked=&#8221;off&#8221; global_colors_info=&#8221;{}&#8221; prev_background_color=&#8221;#ffffff&#8221; next_background_color=&#8221;#ffffff&#8221;][et_pb_row column_structure=&#8221;1_3,2_3&#8243; _builder_version=&#8221;4.16&#8243; background_color=&#8221;#ffffff&#8221; custom_padding=&#8221;|20px||20px&#8221; border_radii=&#8221;on|10px|10px|10px|10px&#8221; global_colors_info=&#8221;{}&#8221;][et_pb_column type=&#8221;1_3&#8243; _builder_version=&#8221;4.16&#8243; custom_padding=&#8221;|||&#8221; global_colors_info=&#8221;{}&#8221; custom_padding__hover=&#8221;|||&#8221;][et_pb_image admin_label=&#8221;Packshot Hadex&#8221; src=&#8221;https:\/\/www.careplus.eu\/wp-content\/uploads\/2025\/05\/care-plus-hadex-drinkwater-desinfectiemiddel-chlooroplossing-30ml.webp&#8221; title_text=&#8221;Care Plus\u00ae Hadex dricksvattendesinfektionsmedel g\u00f6r vatten fr\u00e5n r\u00f6r, k\u00e4llor och brunnar tillf\u00f6rlitligt p\u00e5 30 minuter&#8221; show_in_lightbox=&#8221;on&#8221; use_overlay=&#8221;on&#8221; overlay_icon_color=&#8221;#ffffff&#8221; hover_overlay_color=&#8221;rgba(0,0,0,0)&#8221; hover_icon=&#8221;&#x54;||divi||400&#8243; align_tablet=&#8221;center&#8221; align_last_edited=&#8221;on|desktop&#8221; _builder_version=&#8221;4.17.4&#8243; custom_padding=&#8221;|20px||20px&#8221; global_colors_info=&#8221;{}&#8221; \/][\/et_pb_column][et_pb_column type=&#8221;2_3&#8243; _builder_version=&#8221;4.16&#8243; custom_padding=&#8221;|||&#8221; global_colors_info=&#8221;{}&#8221; custom_padding__hover=&#8221;|||&#8221;][et_pb_text admin_label=&#8221;Care Plus Hadex&#8221; _builder_version=&#8221;4.17.4&#8243; header_3_text_color=&#8221;#005499&#8243; custom_margin=&#8221;||0px||false|false&#8221; custom_padding=&#8221;|20px|0px||false|false&#8221; global_colors_info=&#8221;{}&#8221;]<\/p>\n<h3>Care Plus<sup style=\"font-size: 8px;\">\u00ae<\/sup> Hadex<sup style=\"font-size: 8px;\">\u00ae<\/sup><br \/>Klorl\u00f6sning<\/h3>\n<p><\/p>\n<ul>\n<li style=\"list-style-type: none;\">\n<ul>\n<li>Desinficerar dricksvatten, pumpvatten, brunnsvatten och kranvatten.<\/li>\n<li>Inaktiverar bakterier i vattnet.<\/li>\n<li>S\u00e4kert och f\u00e4rskt dricksvatten inom 30 minuter.<\/li>\n<li>M\u00e5tt: 35 x 35 x 98 mm.<\/li>\n<li>Vikt: 50 gram.<\/li>\n<li>Inneh\u00e5ll: 30 ml.<\/li>\n<li>Aktiv substans: Natriumhypoklorit.<\/li>\n<\/ul>\n<p><\/li>\n<p><\/ul>\n<p><\/p>\n<p>&nbsp;<\/p>\n<p>[\/et_pb_text][et_pb_text _builder_version=&#8221;4.21.0&#8243; text_font_size=&#8221;10px&#8221; text_line_height=&#8221;1.5em&#8221; custom_margin=&#8221;0px||||false|false&#8221; custom_padding=&#8221;0px||||false|false&#8221; locked=&#8221;off&#8221; global_colors_info=&#8221;{}&#8221;]<\/p>\n<p>Anv\u00e4nd Care Plus<sup style=\"font-size: 8px;\">\u00ae<\/sup> Hadex<sup style=\"font-size: 8px;\">\u00ae<\/sup> p\u00e5 ett s\u00e4kert s\u00e4tt. L\u00e4s etiketten och produktinformationen f\u00f6re anv\u00e4ndning.<\/p>\n<p>[\/et_pb_text][et_pb_button admin_label=&#8221;Bestelbutton&#8221; url_new_window=&#8221;on&#8221; button_text=&#8221;V\u00e4lj och best\u00e4ll&#8221; button_alignment=&#8221;left&#8221; button_alignment_tablet=&#8221;center&#8221; button_alignment_last_edited=&#8221;on|phone&#8221; _builder_version=&#8221;4.27.4&#8243; _module_preset=&#8221;default&#8221; custom_button=&#8221;on&#8221; button_bg_color=&#8221;#005499&#8243; vertical_offset_tablet=&#8221;0&#8243; horizontal_offset_tablet=&#8221;0&#8243; z_index_tablet=&#8221;0&#8243; button_text_shadow_horizontal_length_tablet=&#8221;0px&#8221; button_text_shadow_vertical_length_tablet=&#8221;0px&#8221; button_text_shadow_blur_strength_tablet=&#8221;1px&#8221; box_shadow_horizontal_tablet=&#8221;0px&#8221; box_shadow_vertical_tablet=&#8221;0px&#8221; box_shadow_blur_tablet=&#8221;40px&#8221; box_shadow_spread_tablet=&#8221;0px&#8221; global_colors_info=&#8221;{}&#8221; \/][et_pb_text admin_label=&#8221;tijdelijk niet verkrijgbaar&#8221; _builder_version=&#8221;4.27.4&#8243; vertical_offset_tablet=&#8221;0&#8243; horizontal_offset_tablet=&#8221;0&#8243; z_index_tablet=&#8221;0&#8243; text_text_shadow_horizontal_length_tablet=&#8221;0px&#8221; text_text_shadow_vertical_length_tablet=&#8221;0px&#8221; text_text_shadow_blur_strength_tablet=&#8221;1px&#8221; link_text_shadow_horizontal_length_tablet=&#8221;0px&#8221; link_text_shadow_vertical_length_tablet=&#8221;0px&#8221; link_text_shadow_blur_strength_tablet=&#8221;1px&#8221; ul_text_shadow_horizontal_length_tablet=&#8221;0px&#8221; ul_text_shadow_vertical_length_tablet=&#8221;0px&#8221; ul_text_shadow_blur_strength_tablet=&#8221;1px&#8221; ol_text_shadow_horizontal_length_tablet=&#8221;0px&#8221; ol_text_shadow_vertical_length_tablet=&#8221;0px&#8221; ol_text_shadow_blur_strength_tablet=&#8221;1px&#8221; quote_text_shadow_horizontal_length_tablet=&#8221;0px&#8221; quote_text_shadow_vertical_length_tablet=&#8221;0px&#8221; quote_text_shadow_blur_strength_tablet=&#8221;1px&#8221; header_text_shadow_horizontal_length_tablet=&#8221;0px&#8221; header_text_shadow_vertical_length_tablet=&#8221;0px&#8221; header_text_shadow_blur_strength_tablet=&#8221;1px&#8221; header_2_text_shadow_horizontal_length_tablet=&#8221;0px&#8221; header_2_text_shadow_vertical_length_tablet=&#8221;0px&#8221; header_2_text_shadow_blur_strength_tablet=&#8221;1px&#8221; header_3_text_shadow_horizontal_length_tablet=&#8221;0px&#8221; header_3_text_shadow_vertical_length_tablet=&#8221;0px&#8221; header_3_text_shadow_blur_strength_tablet=&#8221;1px&#8221; header_4_text_shadow_horizontal_length_tablet=&#8221;0px&#8221; header_4_text_shadow_vertical_length_tablet=&#8221;0px&#8221; header_4_text_shadow_blur_strength_tablet=&#8221;1px&#8221; header_5_text_shadow_horizontal_length_tablet=&#8221;0px&#8221; header_5_text_shadow_vertical_length_tablet=&#8221;0px&#8221; header_5_text_shadow_blur_strength_tablet=&#8221;1px&#8221; header_6_text_shadow_horizontal_length_tablet=&#8221;0px&#8221; header_6_text_shadow_vertical_length_tablet=&#8221;0px&#8221; header_6_text_shadow_blur_strength_tablet=&#8221;1px&#8221; box_shadow_horizontal_tablet=&#8221;0px&#8221; box_shadow_vertical_tablet=&#8221;0px&#8221; box_shadow_blur_tablet=&#8221;40px&#8221; box_shadow_spread_tablet=&#8221;0px&#8221; global_colors_info=&#8221;{}&#8221;]<\/p>\n<p style=\"text-align: left;\">(tillf\u00e4lligt otillg\u00e4nglig)<\/p>\n<p>[\/et_pb_text][\/et_pb_column][\/et_pb_row][\/et_pb_section][et_pb_section bb_built=&#8221;1&#8243; _builder_version=&#8221;4.16&#8243; global_colors_info=&#8221;{}&#8221; prev_background_color=&#8221;#f4f4f4&#8243; next_background_color=&#8221;#000000&#8243;][et_pb_row _builder_version=&#8221;4.16&#8243; background_color=&#8221;#ffffff&#8221; border_radii=&#8221;on|10px|10px|10px|10px&#8221; global_colors_info=&#8221;{}&#8221;][et_pb_column type=&#8221;4_4&#8243; _builder_version=&#8221;4.16&#8243; custom_padding=&#8221;|||&#8221; global_colors_info=&#8221;{}&#8221; custom_padding__hover=&#8221;|||&#8221;][et_pb_text admin_label=&#8221;drinkwatertanks en jachten&#8221; _builder_version=&#8221;4.17.4&#8243; global_colors_info=&#8221;{}&#8221;]<\/p>\n<p>Hadex<sup style=\"font-size: 10px;\">\u00ae<\/sup> \u00e4r l\u00e4mplig f\u00f6r dricksvattentankar p\u00e5 fritidsb\u00e5tar, inlandsfartyg, husvagnar och husbilar. Fyll en flaska (30 ml) med vatten i b\u00f6rjan av s\u00e4songen, f\u00f6r den f\u00f6rsta p\u00e5fyllningen av minst 150 liter vatten. Varning! Hadex<sup style=\"font-size: 10px;\">\u00ae<\/sup> b\u00f6r f\u00f6rvaras i den medf\u00f6ljande plastp\u00e5sen under transport f\u00f6r att f\u00f6rhindra fl\u00e4ckar vid l\u00e4ckage. Care Plus<sup style=\"font-size: 10px;\">\u00ae<\/sup> Hadex<sup style=\"font-size: 10px;\">\u00ae<\/sup> \u00e4r inte br\u00e4nnbart eller explosivt. Anv\u00e4nd Care Plus Hadex<sup style=\"font-size: 10px;\">\u00ae<\/sup> vattendesinfektionsmedel p\u00e5 ett s\u00e4kert s\u00e4tt. L\u00e4s etiketten och produktinformationen f\u00f6re anv\u00e4ndning.<\/p>\n<p>[\/et_pb_text][et_pb_text admin_label=&#8221;waterzuiveringstabletten in je noodpakket&#8221; _builder_version=&#8221;4.27.4&#8243; vertical_offset_tablet=&#8221;0&#8243; horizontal_offset_tablet=&#8221;0&#8243; z_index_tablet=&#8221;0&#8243; text_text_shadow_horizontal_length_tablet=&#8221;0px&#8221; text_text_shadow_vertical_length_tablet=&#8221;0px&#8221; text_text_shadow_blur_strength_tablet=&#8221;1px&#8221; link_text_shadow_horizontal_length_tablet=&#8221;0px&#8221; link_text_shadow_vertical_length_tablet=&#8221;0px&#8221; link_text_shadow_blur_strength_tablet=&#8221;1px&#8221; ul_text_shadow_horizontal_length_tablet=&#8221;0px&#8221; ul_text_shadow_vertical_length_tablet=&#8221;0px&#8221; ul_text_shadow_blur_strength_tablet=&#8221;1px&#8221; ol_text_shadow_horizontal_length_tablet=&#8221;0px&#8221; ol_text_shadow_vertical_length_tablet=&#8221;0px&#8221; ol_text_shadow_blur_strength_tablet=&#8221;1px&#8221; quote_text_shadow_horizontal_length_tablet=&#8221;0px&#8221; quote_text_shadow_vertical_length_tablet=&#8221;0px&#8221; quote_text_shadow_blur_strength_tablet=&#8221;1px&#8221; header_text_shadow_horizontal_length_tablet=&#8221;0px&#8221; header_text_shadow_vertical_length_tablet=&#8221;0px&#8221; header_text_shadow_blur_strength_tablet=&#8221;1px&#8221; header_2_text_shadow_horizontal_length_tablet=&#8221;0px&#8221; header_2_text_shadow_vertical_length_tablet=&#8221;0px&#8221; header_2_text_shadow_blur_strength_tablet=&#8221;1px&#8221; header_3_text_shadow_horizontal_length_tablet=&#8221;0px&#8221; header_3_text_shadow_vertical_length_tablet=&#8221;0px&#8221; header_3_text_shadow_blur_strength_tablet=&#8221;1px&#8221; header_4_text_shadow_horizontal_length_tablet=&#8221;0px&#8221; header_4_text_shadow_vertical_length_tablet=&#8221;0px&#8221; header_4_text_shadow_blur_strength_tablet=&#8221;1px&#8221; header_5_text_shadow_horizontal_length_tablet=&#8221;0px&#8221; header_5_text_shadow_vertical_length_tablet=&#8221;0px&#8221; header_5_text_shadow_blur_strength_tablet=&#8221;1px&#8221; header_6_text_shadow_horizontal_length_tablet=&#8221;0px&#8221; header_6_text_shadow_vertical_length_tablet=&#8221;0px&#8221; header_6_text_shadow_blur_strength_tablet=&#8221;1px&#8221; box_shadow_horizontal_tablet=&#8221;0px&#8221; box_shadow_vertical_tablet=&#8221;0px&#8221; box_shadow_blur_tablet=&#8221;40px&#8221; box_shadow_spread_tablet=&#8221;0px&#8221; global_colors_info=&#8221;{}&#8221;]<\/p>\n<h3>Hadex<sup style=\"font-size: 12px;\">\u00ae <\/sup>vattenrenare h\u00f6r hemma i varje n\u00f6dkit<\/h3>\n<p><\/p>\n<p>Hadex<sup style=\"font-size: 8px;\">\u00ae<\/sup> vattenrenare \u00e4r ett smart tillskott till alla n\u00f6dl\u00f6sningar, eftersom den snabbt och enkelt ger s\u00e4kert dricksvatten n\u00e4r rent vatten inte \u00e4r tillg\u00e4ngligt. I n\u00f6dsituationer som str\u00f6mavbrott, \u00f6versv\u00e4mningar eller under en evakuering desinficerar denna l\u00f6sning f\u00f6rorenat vatten genom att d\u00f6da skadliga bakterier och parasiter. Dess kompakta storlek och l\u00e5nga h\u00e5llbarhet g\u00f6r den idealisk f\u00f6r l\u00e5ngtidsf\u00f6rvaring, s\u00e5 att du alltid \u00e4r f\u00f6rberedd p\u00e5 situationer d\u00e4r rent vatten \u00e4r en bristvara eller otillg\u00e4ngligt.<\/p>\n<p>[\/et_pb_text][\/et_pb_column][\/et_pb_row][\/et_pb_section][et_pb_section bb_built=&#8221;1&#8243; fullwidth=&#8221;on&#8221; _builder_version=&#8221;4.16&#8243; _module_preset=&#8221;default&#8221; locked=&#8221;off&#8221; global_colors_info=&#8221;{}&#8221; prev_background_color=&#8221;#000000&#8243; next_background_color=&#8221;#000000&#8243;][et_pb_fullwidth_header _builder_version=&#8221;4.17.4&#8243; _module_preset=&#8221;default&#8221; background_image=&#8221;https:\/\/www.careplus.eu\/wp-content\/uploads\/2022\/06\/Maak-onbetrouwbaar-drinkwater-veilig-en-betrouwbaar-met-Care-Plus\u00ae-Hadex\u00ae-scaled.jpg&#8221; parallax=&#8221;on&#8221; height=&#8221;350px&#8221; max_height=&#8221;350px&#8221; global_colors_info=&#8221;{}&#8221; \/][\/et_pb_section][et_pb_section bb_built=&#8221;1&#8243; disabled_on=&#8221;off|off|off&#8221; _builder_version=&#8221;4.17.4&#8243; custom_margin=&#8221;||||false|false&#8221; custom_padding=&#8221;||||false|false&#8221; locked=&#8221;off&#8221; global_colors_info=&#8221;{}&#8221; prev_background_color=&#8221;#000000&#8243;][et_pb_row _builder_version=&#8221;4.17.4&#8243; custom_margin=&#8221;0px||||false|false&#8221; custom_padding=&#8221;0px||||false|false&#8221; collapsed=&#8221;off&#8221; global_colors_info=&#8221;{}&#8221;][et_pb_column type=&#8221;4_4&#8243; _builder_version=&#8221;4.16&#8243; custom_padding=&#8221;|||&#8221; global_colors_info=&#8221;{}&#8221; custom_padding__hover=&#8221;|||&#8221;][et_pb_divider show_divider=&#8221;off&#8221; _builder_version=&#8221;4.17.4&#8243; global_colors_info=&#8221;{}&#8221; \/][et_pb_text admin_label=&#8221;Hadex&#8221; module_id=&#8221;subsection_3&#8243; module_class=&#8221;ignore_default&#8221; _builder_version=&#8221;4.21.0&#8243; global_colors_info=&#8221;{}&#8221;]<\/p>\n<h2>Vanliga fr\u00e5gor om Hadex\u00ae<\/h2>\n<p>[\/et_pb_text][et_pb_toggle admin_label=&#8221;Wanneer gebruik je Hadex?&#8221; title=&#8221;N\u00e4r anv\u00e4nder man Hadex\u00ae?&#8221; _builder_version=&#8221;4.21.0&#8243; global_colors_info=&#8221;{}&#8221;]<\/p>\n<p>F\u00f6rorenat dricksvatten orsakar ofta mag-tarmproblem (diarr\u00e9) och sjukdomar som (para)tyfoidfeber, dysenteri, kolera etc. N\u00e4r du reser eller ger dig ut i vildmarken har du ofta inte tillg\u00e5ng till dricksvatten av den kvalitet du \u00e4r van vid. Du vill inte bara dricka det. Vi rekommenderar d\u00e4rf\u00f6r att du vidtar ytterligare \u00e5tg\u00e4rder f\u00f6r att rena dricksvattnet. Den speciella klorl\u00f6sningen i Care Plus Hadex<sup style=\"font-size: 8px;\">\u00ae<\/sup> g\u00f6r vattnet fr\u00e5n r\u00f6r, k\u00e4llor och brunnar tillf\u00f6rlitligt. Hadex<sup style=\"font-size: 8px;\">\u00ae<\/sup> \u00e4r mycket effektivt och kan anv\u00e4ndas s\u00e4kert under l\u00e4ngre perioder.<\/p>\n<p><\/p>\n<p>Tips! F\u00f6rbered ett f\u00f6rr\u00e5d av desinficerat dricksvatten f\u00f6r n\u00e5gra dagar genom att till exempel desinficera en eller flera vattenflaskor och f\u00f6rvara dem i kylsk\u00e5pet. P\u00e5 s\u00e5 s\u00e4tt har du alltid kallt och tillf\u00f6rlitligt dricksvatten tillg\u00e4ngligt.<\/p>\n<p>[\/et_pb_toggle][et_pb_toggle admin_label=&#8221;Waarom heb je zuiver drinktwater nodig? &#8221; title=&#8221;Varf\u00f6r beh\u00f6ver du rent dricksvatten?&#8221; _builder_version=&#8221;4.27.2&#8243; vertical_offset_tablet=&#8221;0&#8243; horizontal_offset_tablet=&#8221;0&#8243; title_text_shadow_horizontal_length_tablet=&#8221;0px&#8221; title_text_shadow_vertical_length_tablet=&#8221;0px&#8221; title_text_shadow_blur_strength_tablet=&#8221;1px&#8221; closed_title_text_shadow_horizontal_length_tablet=&#8221;0px&#8221; closed_title_text_shadow_vertical_length_tablet=&#8221;0px&#8221; closed_title_text_shadow_blur_strength_tablet=&#8221;1px&#8221; body_text_shadow_horizontal_length_tablet=&#8221;0px&#8221; body_text_shadow_vertical_length_tablet=&#8221;0px&#8221; body_text_shadow_blur_strength_tablet=&#8221;1px&#8221; body_link_text_shadow_horizontal_length_tablet=&#8221;0px&#8221; body_link_text_shadow_vertical_length_tablet=&#8221;0px&#8221; body_link_text_shadow_blur_strength_tablet=&#8221;1px&#8221; body_ul_text_shadow_horizontal_length_tablet=&#8221;0px&#8221; body_ul_text_shadow_vertical_length_tablet=&#8221;0px&#8221; body_ul_text_shadow_blur_strength_tablet=&#8221;1px&#8221; body_ol_text_shadow_horizontal_length_tablet=&#8221;0px&#8221; body_ol_text_shadow_vertical_length_tablet=&#8221;0px&#8221; body_ol_text_shadow_blur_strength_tablet=&#8221;1px&#8221; body_quote_text_shadow_horizontal_length_tablet=&#8221;0px&#8221; body_quote_text_shadow_vertical_length_tablet=&#8221;0px&#8221; body_quote_text_shadow_blur_strength_tablet=&#8221;1px&#8221; box_shadow_horizontal_tablet=&#8221;0px&#8221; box_shadow_vertical_tablet=&#8221;0px&#8221; box_shadow_blur_tablet=&#8221;40px&#8221; box_shadow_spread_tablet=&#8221;0px&#8221; text_shadow_horizontal_length_tablet=&#8221;0px&#8221; text_shadow_vertical_length_tablet=&#8221;0px&#8221; text_shadow_blur_strength_tablet=&#8221;1px&#8221; global_colors_info=&#8221;{}&#8221;]<\/p>\n<p>Rent dricksvatten: vi kan inte leva utan det. Du best\u00e5r av ungef\u00e4r 75 % vatten, och alla dina organ, v\u00e4vnader och celler beh\u00f6ver h\u00e5llas tillr\u00e4ckligt hydrerade. Vattnet i din kropp har ocks\u00e5 en renande funktion eftersom det hj\u00e4lper till att avl\u00e4gsna avfallsprodukter. D\u00e4rf\u00f6r \u00e4r det viktigt att dricka rent vatten. Att rensa kroppen inneb\u00e4r naturligtvis rent vatten.<\/p>\n<p>[\/et_pb_toggle][et_pb_toggle admin_label=&#8221;Filtert Hadex ook chloor? &#8221; title=&#8221;Filtrerar Hadex\u00ae \u00e4ven klor?&#8221; _builder_version=&#8221;4.21.0&#8243; global_colors_info=&#8221;{}&#8221;]<\/p>\n<p>Nej, Hadex<sup style=\"font-size: 8px;\">\u00ae<\/sup> filtrerar inte klor. Den aktiva ingrediensen i Hadex<sup style=\"font-size: 8px;\">\u00ae<\/sup> \u00e4r natriumhypoklorit (klor).<\/p>\n<p>[\/et_pb_toggle][et_pb_toggle admin_label=&#8221;Hoeveel Hadex moet ik gebruiken?&#8221; title=&#8221;Hur mycket Hadex\u00ae ska jag anv\u00e4nda?&#8221; _builder_version=&#8221;4.27.4&#8243; vertical_offset_tablet=&#8221;0&#8243; horizontal_offset_tablet=&#8221;0&#8243; title_text_shadow_horizontal_length_tablet=&#8221;0px&#8221; title_text_shadow_vertical_length_tablet=&#8221;0px&#8221; title_text_shadow_blur_strength_tablet=&#8221;1px&#8221; closed_title_text_shadow_horizontal_length_tablet=&#8221;0px&#8221; closed_title_text_shadow_vertical_length_tablet=&#8221;0px&#8221; closed_title_text_shadow_blur_strength_tablet=&#8221;1px&#8221; body_text_shadow_horizontal_length_tablet=&#8221;0px&#8221; body_text_shadow_vertical_length_tablet=&#8221;0px&#8221; body_text_shadow_blur_strength_tablet=&#8221;1px&#8221; body_link_text_shadow_horizontal_length_tablet=&#8221;0px&#8221; body_link_text_shadow_vertical_length_tablet=&#8221;0px&#8221; body_link_text_shadow_blur_strength_tablet=&#8221;1px&#8221; body_ul_text_shadow_horizontal_length_tablet=&#8221;0px&#8221; body_ul_text_shadow_vertical_length_tablet=&#8221;0px&#8221; body_ul_text_shadow_blur_strength_tablet=&#8221;1px&#8221; body_ol_text_shadow_horizontal_length_tablet=&#8221;0px&#8221; body_ol_text_shadow_vertical_length_tablet=&#8221;0px&#8221; body_ol_text_shadow_blur_strength_tablet=&#8221;1px&#8221; body_quote_text_shadow_horizontal_length_tablet=&#8221;0px&#8221; body_quote_text_shadow_vertical_length_tablet=&#8221;0px&#8221; body_quote_text_shadow_blur_strength_tablet=&#8221;1px&#8221; box_shadow_horizontal_tablet=&#8221;0px&#8221; box_shadow_vertical_tablet=&#8221;0px&#8221; box_shadow_blur_tablet=&#8221;40px&#8221; box_shadow_spread_tablet=&#8221;0px&#8221; text_shadow_horizontal_length_tablet=&#8221;0px&#8221; text_shadow_vertical_length_tablet=&#8221;0px&#8221; text_shadow_blur_strength_tablet=&#8221;1px&#8221; global_colors_info=&#8221;{}&#8221;]<\/p>\n<p>Vid anv\u00e4ndning av Hadex<sup style=\"font-size: 8px;\">\u00ae<\/sup>, anv\u00e4nd f\u00f6ljande dosering:<\/p>\n<p><\/p>\n<ul>\n<li>2 droppar Care Plus<sup style=\"font-size: 8px;\">\u00ae<\/sup> Hadex<sup style=\"font-size: 8px;\">\u00ae<\/sup> per 200 ml glas vatten<\/li>\n<li>10 droppar Care Plus<sup style=\"font-size: 8px;\">\u00ae<\/sup> Hadex<sup style=\"font-size: 8px;\">\u00ae<\/sup> per liter vatten<\/li>\n<\/ul>\n<p><\/p>\n<p>R\u00f6r om eller skaka kort efter tillsats. Efter 30 minuters applicering kommer vattnet att renas till verkligt rent dricksvatten, och lukten och smaken av klorl\u00f6sningen kommer att vara borta. Vattnet \u00e4r nu s\u00e4kert att dricka.<\/p>\n<p><\/p>\n<p>Endast f\u00f6r icke-professionellt bruk.<\/p>\n<p>[\/et_pb_toggle][et_pb_toggle admin_label=&#8221;Waar vind ik de houdbaarheidsdatum van het product? &#8221; title=&#8221;Var kan jag hitta produktens utg\u00e5ngsdatum?&#8221; _builder_version=&#8221;4.17.4&#8243; global_colors_info=&#8221;{}&#8221;]<\/p>\n<p>Utg\u00e5ngsdatumet \u00e4r tryckt p\u00e5 botten av f\u00f6rpackningen (f\u00f6rvaras vid 20 \u00b0C). Produkten h\u00e5ller l\u00e4ngre i m\u00f6rker och vid l\u00e4gre temperaturer.<\/p>\n<p>[\/et_pb_toggle][\/et_pb_column][\/et_pb_row][\/et_pb_section]<\/p>\n","protected":false},"excerpt":{"rendered":"<p>Rena vatten med Hadex\u00ae Reser du till ett land eller en plats d\u00e4r dricksvattenhygienen inte \u00e4r s\u00e5 bra? D\u00e5 \u00e4r Care Plus\u00ae Hadex\u00ae ett m\u00e5ste i din necess\u00e4r, resv\u00e4ska eller ryggs\u00e4ck. V\u00e5rt Hadex\u00ae dricksvattendesinfektionsmedel \u00e4r utformat f\u00f6r att desinficera dricks-, pump-, brunns- eller kranvatten i omr\u00e5den (eller platser) d\u00e4r kvaliteten \u00e4r tveksam eller d\u00e4r dess [&hellip;]<\/p>\n","protected":false},"author":37,"featured_media":0,"parent":7209,"menu_order":0,"comment_status":"closed","ping_status":"closed","template":"","meta":{"_acf_changed":false,"_et_pb_use_builder":"on","_et_pb_old_content":"","_et_gb_content_width":"","footnotes":""},"class_list":["post-7218","page","type-page","status-publish","hentry"],"acf":[],"_links":{"self":[{"href":"https:\/\/www.careplus.eu\/sv\/wp-json\/wp\/v2\/pages\/7218","targetHints":{"allow":["GET"]}}],"collection":[{"href":"https:\/\/www.careplus.eu\/sv\/wp-json\/wp\/v2\/pages"}],"about":[{"href":"https:\/\/www.careplus.eu\/sv\/wp-json\/wp\/v2\/types\/page"}],"author":[{"embeddable":true,"href":"https:\/\/www.careplus.eu\/sv\/wp-json\/wp\/v2\/users\/37"}],"replies":[{"embeddable":true,"href":"https:\/\/www.careplus.eu\/sv\/wp-json\/wp\/v2\/comments?post=7218"}],"version-history":[{"count":0,"href":"https:\/\/www.careplus.eu\/sv\/wp-json\/wp\/v2\/pages\/7218\/revisions"}],"up":[{"embeddable":true,"href":"https:\/\/www.careplus.eu\/sv\/wp-json\/wp\/v2\/pages\/7209"}],"wp:attachment":[{"href":"https:\/\/www.careplus.eu\/sv\/wp-json\/wp\/v2\/media?parent=7218"}],"curies":[{"name":"wp","href":"https:\/\/api.w.org\/{rel}","templated":true}]}}