


{"id":6673,"date":"2019-05-24T18:11:39","date_gmt":"2019-05-24T16:11:39","guid":{"rendered":"https:\/\/www.careplus.eu\/anti-insect-deet\/"},"modified":"2025-07-29T14:38:58","modified_gmt":"2025-07-29T13:38:58","slug":"anti-insect-deet","status":"publish","type":"page","link":"https:\/\/www.careplus.eu\/sv\/myggor-och-fastingar\/skydd\/anti-insect-deet\/","title":{"rendered":"Anti-Insect DEET"},"content":{"rendered":"<p>[et_pb_section bb_built=&#8221;1&#8243; fullwidth=&#8221;on&#8221; _builder_version=&#8221;4.16&#8243; bottom_divider_style=&#8221;curve&#8221; bottom_divider_color=&#8221;#ffffff&#8221; bottom_divider_height=&#8221;40px&#8221; global_colors_info=&#8221;{}&#8221; next_background_color=&#8221;#000000&#8243;][et_pb_fullwidth_slider show_arrows=&#8221;off&#8221; show_pagination=&#8221;off&#8221; _builder_version=&#8221;4.16&#8243; custom_padding=&#8221;22%||10%|&#8221; global_colors_info=&#8221;{}&#8221;][et_pb_slide heading=&#8221;Anti-Insect DEET&#8221; use_bg_overlay=&#8221;off&#8221; use_text_overlay=&#8221;off&#8221; _builder_version=&#8221;4.16&#8243; header_level=&#8221;h1&#8243; header_font=&#8221;|800|||||||&#8221; header_font_size=&#8221;36&#8243; background_color=&#8221;#0b6a30&#8243; background_image=&#8221;https:\/\/www.careplus.eu\/wp-content\/uploads\/2019\/02\/anti-insect-deet-mug.jpg&#8221; button_on_hover=&#8221;on&#8221; custom_padding=&#8221;15%||15%|&#8221; custom_padding_tablet=&#8221;15%||15%|&#8221; custom_padding_phone=&#8221;30%||30%|&#8221; custom_padding_last_edited=&#8221;on|desktop&#8221; header_font_size_tablet=&#8221;30&#8243; header_font_size_phone=&#8221;30&#8243; header_font_size_last_edited=&#8221;on|tablet&#8221; header_text_shadow_style=&#8221;preset3&#8243; header_text_shadow_color=&#8221;rgba(0,0,0,0.6)&#8221; global_colors_info=&#8221;{}&#8221; sticky_transition=&#8221;on&#8221;][\/et_pb_slide][\/et_pb_fullwidth_slider][\/et_pb_section][et_pb_section bb_built=&#8221;1&#8243; module_id=&#8221;cp_pb_page_content&#8221; module_class=&#8221;cp_pb_regular_post_content&#8221; _builder_version=&#8221;4.16&#8243; global_colors_info=&#8221;{}&#8221; prev_background_color=&#8221;#000000&#8243; next_background_color=&#8221;#e4e8e7&#8243;][et_pb_row admin_label=&#8221;Page Header&#8221; _builder_version=&#8221;4.16&#8243; background_size=&#8221;initial&#8221; background_position=&#8221;top_left&#8221; background_repeat=&#8221;repeat&#8221; border_radii=&#8221;on|10px|10px|10px|10px&#8221; collapsed=&#8221;off&#8221; global_colors_info=&#8221;{}&#8221;][et_pb_column type=&#8221;4_4&#8243; _builder_version=&#8221;4.16&#8243; background_color=&#8221;#ffffff&#8221; custom_padding=&#8221;|||&#8221; global_colors_info=&#8221;{}&#8221; custom_padding__hover=&#8221;|||&#8221;][et_pb_dmb_breadcrumbs _builder_version=&#8221;4.16&#8243; body_font_size_tablet=&#8221;51&#8243; body_line_height_tablet=&#8221;2&#8243; separator_font_size_tablet=&#8221;51&#8243; separator_line_height_tablet=&#8221;2&#8243; link_font_size_tablet=&#8221;51&#8243; link_line_height_tablet=&#8221;2&#8243; linkhover_font_size_tablet=&#8221;51&#8243; linkhover_line_height_tablet=&#8221;2&#8243; global_colors_info=&#8221;{}&#8221; \/][et_pb_text _builder_version=&#8221;4.16&#8243; header_2_font=&#8221;|800|||||||&#8221; global_colors_info=&#8221;{}&#8221;]<\/p>\n<h2>Anti-Insect med DEET<\/h2>\n<p><strong>Care Plus<sup style=\"font-size: 10px;\">\u00ae<\/sup> DEET \u00e4r det starkaste insektsmedlet f\u00f6r hud. Den aktiva ingrediensen \u00e4r effektiv mot olika smittob\u00e4rare s\u00e5som (malaria)myggor och f\u00e4stingar. DEET ger upp till 10 timmars skydd mot stick och bett. DEET rekommenderas f\u00f6r destinationer d\u00e4r det finns risk f\u00f6r malaria, dengue, Zika, chikungunya, gula febern och West Nile-virus. DEET \u00e4r l\u00e4mpat f\u00f6r alla destinationer, b\u00e5de l\u00e5ngt borta och n\u00e4ra hemmet.\u00a0 DEET-procenten avg\u00f6r verkningens varaktighet.\u00a0<\/strong><\/p>\n<p>Den aktiva ingrediensen DEET \u00e4r effektiv mot stickande insekter och f\u00e4stingar. DEET \u00e4r mest effektiv mot (tropiska) myggor och f\u00e4stingar. Procentsatsen avg\u00f6r verkningstiden.<\/p>\n<p>[\/et_pb_text][et_pb_video src=&#8221;https:\/\/www.youtube.com\/watch?v=NPgBFPGejic&#8221; _builder_version=&#8221;4.16&#8243; border_radii=&#8221;on|10px|10px|10px|10px&#8221; global_colors_info=&#8221;{}&#8221; \/][et_pb_text admin_label=&#8221;Wat is DEET&#8221; module_id=&#8221;cp_pb_extra_content&#8221; _builder_version=&#8221;4.16&#8243; global_colors_info=&#8221;{}&#8221;]<\/p>\n<h2>Vad \u00e4r DEET?<\/h2>\n<p>DEET \u00e4r f\u00f6rkortningen f\u00f6r Dietyltoluamid. Namnet N,N-Dietyl-m-toluamid har nyligen ersatts av N,N-Dietyl-3-metylbensamid, men du kan se b\u00e4gge namn. Care Plus<sup style=\"font-size: 10px\">\u00ae<\/sup> DEET finns i koncentrationer om 50% lotion och spray, 40% spray och 30% spray och gel.<\/p>\n<p>En f\u00f6rpackning med 60 ml r\u00e4cker till 1 person i 2 till 3 veckor av daglig anv\u00e4ndning enligt instruktionerna. Care Plus<sup style=\"font-size: 10px\">\u00ae<\/sup>\u00a0rekommenderar en DEET-procentsats mellan 30% och 50%. Ett insektsmedel med en DEET-procentsats under 30% \u00e4r inte effektiv nog och en procentsats \u00f6ver 50% har inget merv\u00e4rde. F\u00f6r tillr\u00e4ckligt skydd \u00e4r det viktigt att Care Plus<sup style=\"font-size: 10px\">\u00ae<\/sup>\u00a0DEET appliceras p\u00e5 all utsatt hud.<\/p>\n<p>&nbsp;<\/p>\n<h2>&#8217;B\u00e4st i test&#8217; hos konsumentf\u00f6reningen<\/h2>\n<p>Care Plus<sup style=\"font-size: 10px\">\u00ae<\/sup> DEET spray utn\u00e4mndes &#8217;B\u00e4st i test&#8217; av den nederl\u00e4ndska konsumentf\u00f6reningen \u00e5r 1997 och av den belgiska konsumentf\u00f6reningen (Test-Aankoop) i Belgien \u00e5r 2001. Care Plus<sup style=\"font-size: 10px\">\u00ae<\/sup> DEET lotion rankades som &#8217;BRA&#8217; av det tyska konsumenttestet Stiftung Warentest \u00e5r 2004. Care Plus<sup style=\"font-size: 10px\">\u00ae<\/sup> DEET gel var &#8217;B\u00e4st i test&#8217; \u00e5r 2005 hos den nederl\u00e4ndska konsumentf\u00f6reningen.<\/p>\n<p>[\/et_pb_text][\/et_pb_column][\/et_pb_row][\/et_pb_section][et_pb_section bb_built=&#8221;1&#8243; module_id=&#8221;cp_pb_call_to_action&#8221; module_class=&#8221;cp_pb_divider&#8221; _builder_version=&#8221;4.16&#8243; background_color=&#8221;#e4e8e7&#8243; global_colors_info=&#8221;{}&#8221; prev_background_color=&#8221;#ffffff&#8221; next_background_color=&#8221;#ffffff&#8221;][et_pb_row admin_label=&#8221;CTA&#8221; column_structure=&#8221;1_3,1_3,1_3&#8243; use_custom_gutter=&#8221;on&#8221; gutter_width=&#8221;2&#8243; _builder_version=&#8221;4.16&#8243; background_color=&#8221;#ffffff&#8221; background_size=&#8221;initial&#8221; background_position=&#8221;top_left&#8221; background_repeat=&#8221;repeat&#8221; custom_padding=&#8221;|20px||20px&#8221; border_radii=&#8221;on|10px|10px|10px|10px&#8221; collapsed=&#8221;off&#8221; global_colors_info=&#8221;{}&#8221;][et_pb_column type=&#8221;1_3&#8243; _builder_version=&#8221;4.16&#8243; background_color=&#8221;#ffffff&#8221; custom_padding=&#8221;|||&#8221; global_colors_info=&#8221;{}&#8221; custom_padding__hover=&#8221;|||&#8221;][et_pb_image src=&#8221;https:\/\/www.careplus.eu\/wp-content\/uploads\/2025\/07\/careplus-anti-insect-deet-60ml-RadRon.webp&#8221; align_tablet=&#8221;center&#8221; align_last_edited=&#8221;on|desktop&#8221; _builder_version=&#8221;4.27.4&#8243; vertical_offset_tablet=&#8221;0&#8243; horizontal_offset_tablet=&#8221;0&#8243; z_index_tablet=&#8221;0&#8243; box_shadow_horizontal_tablet=&#8221;0px&#8221; box_shadow_vertical_tablet=&#8221;0px&#8221; box_shadow_blur_tablet=&#8221;40px&#8221; box_shadow_spread_tablet=&#8221;0px&#8221; global_colors_info=&#8221;{}&#8221; background_pattern_color=&#8221;rgba(0,0,0,0.2)&#8221; background_mask_color=&#8221;#ffffff&#8221; \/][\/et_pb_column][et_pb_column type=&#8221;1_3&#8243; _builder_version=&#8221;4.16&#8243; background_color=&#8221;#ffffff&#8221; custom_padding=&#8221;|||&#8221; global_colors_info=&#8221;{}&#8221; custom_padding__hover=&#8221;|||&#8221;][et_pb_text _builder_version=&#8221;4.16&#8243; header_font=&#8221;|700|||||||&#8221; header_3_font=&#8221;|700|||||||&#8221; background_color=&#8221;#d8ecdb&#8221; custom_margin=&#8221;|15px||15px&#8221; custom_padding=&#8221;20px|20px|20px|20px&#8221; border_radii=&#8221;on|10px|10px|10px|10px&#8221; global_colors_info=&#8221;{}&#8221;]<\/p>\n<h3>Care Plus<sup style=\"font-size: 10px\">\u00ae<\/sup><br \/>\nAnti-Insect DEET 40%<\/h3>\n<hr \/>\n<p>F\u00f6r barn fr\u00e5n 13 \u00e5r och vuxna.<\/p>\n<hr \/>\n<p>Upp till 8 timmars skydd mot myggor och upp till 4 timmars skydd mot f\u00e4stingar.<\/p>\n<p>[\/et_pb_text][et_pb_divider show_divider=&#8221;off&#8221; _builder_version=&#8221;4.16&#8243; height=&#8221;10px&#8221; global_colors_info=&#8221;{}&#8221; \/][et_pb_button admin_label=&#8221;F\u00f6rs\u00e4ljningsst\u00e4llen&#8221; button_url=&#8221;https:\/\/www.careplus.eu\/sv\/om-care-plus\/forsaljningspunkter-care-plus\/&#8221; button_text=&#8221;F\u00f6rs\u00e4ljningsst\u00e4llen&#8221; button_alignment=&#8221;center&#8221; _builder_version=&#8221;4.16&#8243; background_layout=&#8221;dark&#8221; global_colors_info=&#8221;{}&#8221; \/][\/et_pb_column][et_pb_column type=&#8221;1_3&#8243; _builder_version=&#8221;4.16&#8243; background_color=&#8221;#ffffff&#8221; custom_padding=&#8221;|||&#8221; global_colors_info=&#8221;{}&#8221; custom_padding__hover=&#8221;|||&#8221;][et_pb_toggle admin_label=&#8221;Spray 20ml&#8221; title=&#8221;Spray 20ml&#8221; open_toggle_background_color=&#8221;#d8ecdb&#8221; closed_toggle_background_color=&#8221;#d8ecdb&#8221; icon_color=&#8221;#136932&#8243; open_icon_color=&#8221;#136932&#8243; _builder_version=&#8221;4.16&#8243; custom_margin=&#8221;|20px||20px&#8221; border_radii=&#8221;on|10px|10px|10px|10px&#8221; global_colors_info=&#8221;{}&#8221;]<\/p>\n<ul>\n<li>R\u00e4cker i 2-3 dagar av daglig anv\u00e4ndning enligt instruktioner.<\/li>\n<\/ul>\n<p>[\/et_pb_toggle][et_pb_toggle admin_label=&#8221;Spray 60ml&#8221; title=&#8221;Spray 60ml&#8221; open_toggle_background_color=&#8221;#d8ecdb&#8221; closed_toggle_background_color=&#8221;#d8ecdb&#8221; icon_color=&#8221;#136932&#8243; open_icon_color=&#8221;#136932&#8243; _builder_version=&#8221;4.16&#8243; custom_margin=&#8221;|20px||20px&#8221; border_radii=&#8221;on|10px|10px|10px|10px&#8221; global_colors_info=&#8221;{}&#8221;]<\/p>\n<ul>\n<li>R\u00e4cker till 6-8 dagar av daglig anv\u00e4ndning enligt instruktioner.<\/li>\n<\/ul>\n<p>[\/et_pb_toggle][et_pb_toggle admin_label=&#8221;Spray 100ml&#8221; title=&#8221;Spray 100ml&#8221; open_toggle_background_color=&#8221;#d8ecdb&#8221; closed_toggle_background_color=&#8221;#d8ecdb&#8221; icon_color=&#8221;#136932&#8243; open_icon_color=&#8221;#136932&#8243; _builder_version=&#8221;4.16&#8243; custom_margin=&#8221;|20px||20px&#8221; border_radii=&#8221;on|10px|10px|10px|10px&#8221; global_colors_info=&#8221;{}&#8221;]<\/p>\n<ul>\n<li>R\u00e4cker i 2-3 veckor av daglig anv\u00e4ndning enligt instruktioner.<\/li>\n<\/ul>\n<p>[\/et_pb_toggle][et_pb_toggle admin_label=&#8221;Spray 200ml&#8221; title=&#8221;Spray 200ml&#8221; open_toggle_background_color=&#8221;#d8ecdb&#8221; closed_toggle_background_color=&#8221;#d8ecdb&#8221; icon_color=&#8221;#136932&#8243; open_icon_color=&#8221;#136932&#8243; _builder_version=&#8221;4.16&#8243; custom_margin=&#8221;|20px||20px&#8221; border_radii=&#8221;on|10px|10px|10px|10px&#8221; global_colors_info=&#8221;{}&#8221;]<\/p>\n<ul>\n<li>R\u00e4cker i 4-6 veckor av daglig anv\u00e4ndning enligt instruktioner.<\/li>\n<\/ul>\n<p>[\/et_pb_toggle][\/et_pb_column][\/et_pb_row][\/et_pb_section][et_pb_section bb_built=&#8221;1&#8243; _builder_version=&#8221;4.16&#8243; background_color=&#8221;#ffffff&#8221; global_colors_info=&#8221;{}&#8221; prev_background_color=&#8221;#e4e8e7&#8243; next_background_color=&#8221;#e4e8e7&#8243;][et_pb_row admin_label=&#8221;Page Header&#8221; _builder_version=&#8221;4.16&#8243; background_size=&#8221;initial&#8221; background_position=&#8221;top_left&#8221; background_repeat=&#8221;repeat&#8221; border_radii=&#8221;on|10px|10px|10px|10px&#8221; collapsed=&#8221;off&#8221; global_colors_info=&#8221;{}&#8221;][et_pb_column type=&#8221;4_4&#8243; _builder_version=&#8221;4.16&#8243; background_color=&#8221;#ffffff&#8221; custom_padding=&#8221;|||&#8221; global_colors_info=&#8221;{}&#8221; custom_padding__hover=&#8221;|||&#8221;][et_pb_text admin_label=&#8221;FAQ&#8221; _builder_version=&#8221;4.16&#8243; global_colors_info=&#8221;{}&#8221;]<\/p>\n<h2>Vanliga fr\u00e5gor om DEET<\/h2>\n<p>DEET (f\u00f6rkortning f\u00f6r DEET, Dietyltoluamid) \u00e4r ett organiskt avskr\u00e4ckande medel mot insekter med den kemiska formeln C12H17NO. Det \u00e4r utformat f\u00f6r att appliceras p\u00e5 huden eller p\u00e5 kl\u00e4der och anv\u00e4nds huvudsakligen f\u00f6r skydd mot insektsbett. DEET ger i synnerhet skydd mot f\u00e4stingbett som kan orsaka borreliainfektion och myggbett som kan orsaka dengue-, Zika-, West Nile-virus och malaria. Det finns som gel, lotion och spray samt i impregnerade produkter som myggn\u00e4t och sockor.<\/p>\n<p>DEET \u00e4r en gulgr\u00f6n v\u00e4tska och ett l\u00f6sningsmedel som kan p\u00e5verka olika strukturer, inklusive vissa plaster, viskos, elastan och l\u00e4der. Det p\u00e5verkar inte naturfiber som bomull och ull, och har ingen p\u00e5verkan p\u00e5 nylon.<\/p>\n<p>\u00a0<\/p>\n<h3>Hur anv\u00e4nder man Care Plus<sup style=\"font-size: 10px;\">\u00ae<\/sup>Anti-Insect med DEET?<\/h3>\n<p>Vi rekommenderar att man t\u00e4cker huden med kl\u00e4der s\u00e5 mycket som m\u00f6jligt. B\u00e4r helst l\u00e5nga byxor och en l\u00e5ng\u00e4rmad tr\u00f6ja. F\u00f6r optimalt skydd mot bett och stick rekommenderar vi att Care Plus<sup style=\"font-size: 10px;\">\u00ae<\/sup>\u00a0Anti-Insect DEET (Natural eller Sensitive) appliceras p\u00e5 all exponerad hud. Applicera insektsmedlet j\u00e4mnt med din handflata. F\u00f6r att skydda ansiktet, applicera en liten m\u00e4ngd av produkten med fingrarna. Tv\u00e4tta dina h\u00e4nder efter\u00e5t och applicera p\u00e5 handryggarna. H\u00e5ll alltid insidan av dina h\u00e4nder fria fr\u00e5n DEET med tanke p\u00e5 intag av mat och dryck. N\u00e4r det g\u00e4ller barn, applicera inte insektsmedlet p\u00e5 kroppsdelar som l\u00e4tt kan komma i kontakt med \u00f6gonen eller munnen, som h\u00e4nder och underarmar. F\u00f6r anv\u00e4ndning under dagen, applicera insektsmedlet tio minuter f\u00f6re exponering f\u00f6r direkt solljus. Vid anv\u00e4ndning av solskyddsmedel, applicera solskyddsmedlet 30 minuter f\u00f6re exponering f\u00f6r direkt solljus. Applicera insektsmedlet 20 minuter senare (och 10 minuter f\u00f6re exponering f\u00f6r solljus). Tv\u00e4tta behandlade delar av huden ordentligt med tv\u00e5l n\u00e4r skyddet inte l\u00e4ngre beh\u00f6vs eller om biverkningar har uppst\u00e5tt.<\/p>\n<p>\u00a0<\/p>\n<h3>Vilken sort b\u00f6r jag anv\u00e4nda?<\/h3>\n<p>Det finns ett flertal varianter av Anti-Insect med DEET med 30% till 50%. En h\u00f6gre procentsats garanterar l\u00e4ngre skydd. Anti-Insect Natural utan DEET finns ocks\u00e5 tillg\u00e4ngligt. Guiden nedan kan hj\u00e4lpa dig att v\u00e4lja r\u00e4tt sort.<\/p>\n<p>[\/et_pb_text][et_pb_image src=&#8221;https:\/\/www.careplus.eu\/wp-content\/uploads\/2024\/10\/CP-Product-Infographic-SE-scaled.webp&#8221; title_text=&#8221;CP-Product-Infographic-SE&#8221; align=&#8221;center&#8221; align_tablet=&#8221;center&#8221; align_last_edited=&#8221;on|desktop&#8221; _builder_version=&#8221;4.27.2&#8243; hover_enabled=&#8221;0&#8243; border_radii=&#8221;on|10px|10px|10px|10px&#8221; global_colors_info=&#8221;{}&#8221; sticky_enabled=&#8221;0&#8243; \/][et_pb_text admin_label=&#8221;FAQ&#8221; _builder_version=&#8221;4.16&#8243; global_colors_info=&#8221;{}&#8221;]<\/p>\n<h3>\u00c4r Anti-Insect DEET s\u00e4kert f\u00f6r barn?<\/h3>\n<p>Sm\u00e5 barn utforskar sin omgivning f\u00f6r att l\u00e4ra k\u00e4nna den. De har en tendens att stoppa in saker i munnen. Sedan 2012 har Care Plus<sup style=\"font-size: 10px;\">\u00ae<\/sup> lagt till den doftfria, bittra ingrediensen Bitrex<sup style=\"font-size: 10px;\">\u00ae<\/sup> till alla DEET-produkter. Detta minskar risken f\u00f6r att barn sv\u00e4ljer myggmedlet.<\/p>\n<p>\u00a0<\/p>\n<h3>Kan jag anv\u00e4nda produkten under graviditet eller amning?<\/h3>\n<p>S\u00e5rbara grupper s\u00e5som gravida och ammande kvinnor och barn under 13 \u00e5r kan inte anv\u00e4nda DEET. V\u00e4lj ist\u00e4llet Care Plus<sup style=\"font-size: 10px;\">\u00ae\u00a0<\/sup>Anti-Insect Natural, baserad p\u00e5 citroneukalyptusextrakt (Citriodiol). Detta starka insektsmedel kan anv\u00e4ndas p\u00e5 barn fr\u00e5n 3 \u00e5r. Om detta alternativ inte finns tillg\u00e4ngligt, anv\u00e4nd Deet 30%.<\/p>\n<p>\u00a0<\/p>\n<h3>Hur applicerar jag Care Plus<sup style=\"font-size: 10px;\">\u00ae<\/sup> Anti-Insect med DEET?<\/h3>\n<p>Se till att Anti-Insect DEET inte kommer i kontakt med skadad hud (s\u00e5r, br\u00e4nd hud), \u00f6gon, n\u00e4sa, n\u00e4sborrar, l\u00e4ppar och slemhinnor. Applicera inte myggmedlet under kl\u00e4derna eller p\u00e5 platser d\u00e4r huden veckas, som armb\u00e5gar och bakom kn\u00e4na. N\u00e4r det g\u00e4ller barn, undvik att anv\u00e4nda Anti-Insect DEET p\u00e5 platser d\u00e4r huden l\u00e4tt kan komma i kontakt med \u00f6gonen och munnen, som h\u00e4nderna och underarmarna.<\/p>\n<p>\u00a0<\/p>\n<h3>Hur verkar DEET mot myggor och f\u00e4stingar?<\/h3>\n<p>Den aktiva ingrediensen DEET \u00e4r det perfekta myggmedlet. Care Plus<sup style=\"font-size: 10px;\">\u00ae<\/sup>\u00a0har ett brett utbud av effektiva myggmedel med DEET. Vill du k\u00f6pa ett effektivt myggmedel? Anti-Insect DEET \u00e4r ett starkt medel i v\u00e5rt utbud av skydd mot vanliga myggor av Culex-sl\u00e4ktet och myggor av Aedes- och Anopheles-sl\u00e4ktet som orsakar de flesta sjukdomarna. DEET skyddar \u00e4ven mot f\u00e4stingar.<\/p>\n<p>\u00a0<\/p>\n<h3>Hur anv\u00e4nder man Anti-Insect DEET i solen?<\/h3>\n<p>Applicera Anti-Insect DEET 10 minuter f\u00f6re exponering f\u00f6r direkt solljus. Om du anv\u00e4nder myggmedlet i kombination med ett solskyddsmedel, applicera solskyddsmedlet f\u00f6rst (30 minuter f\u00f6re exponering f\u00f6r solljus). Applicera myggmedlet 20 minuter senare (10 minuter f\u00f6re exponering f\u00f6r solljus). Din hud \u00e4r nu optimalt skyddad.<\/p>\n<p>\u00a0<\/p>\n<h3>Finns det n\u00e5gra anv\u00e4ndarvarningar?<\/h3>\n<ul>\n<li>H\u00e5ll utom r\u00e4ckh\u00e5ll f\u00f6r barn.<\/li>\n<li>Anv\u00e4nd inte under graviditet eller amning eller p\u00e5 barn yngre \u00e4n 13 \u00e5r.<\/li>\n<li>Om du inte l\u00e4ngre beh\u00f6ver skydd eller biverkningar upptr\u00e4der, tv\u00e4tta huden noggrant med vatten och tv\u00e5l.<\/li>\n<li>Applicera inte produkten p\u00e5 ansiktet direkt fr\u00e5n f\u00f6rpackningen. Vid kontakt med \u00f6gonen, sk\u00f6lj omedelbart med mycket vatten och upps\u00f6k l\u00e4kare.<\/li>\n<li>Om du k\u00e4nner dig krasslig, r\u00e5dfr\u00e5ga omedelbart l\u00e4kare och visa upp etiketten om m\u00f6jligt.<\/li>\n<li>H\u00e5ll produkten undan fr\u00e5n ant\u00e4ndningsk\u00e4llor, mat och dryck och djurfoder.<\/li>\n<li>Uts\u00e4tt inte f\u00f6r temperaturer \u00f6ver 50\u00b0C eller i sm\u00e5 utrymmen utan god ventilation.<\/li>\n<li>St\u00e4ng f\u00f6rpackningen efter anv\u00e4ndning. Kassera rester som farlig hush\u00e5llsavfall. L\u00e4s etiketten och h\u00e4ftet f\u00f6re anv\u00e4ndning.<\/li>\n<\/ul>\n<p>[\/et_pb_text][\/et_pb_column][\/et_pb_row][\/et_pb_section][et_pb_section bb_built=&#8221;1&#8243; module_id=&#8221;cp_pb_call_to_action&#8221; module_class=&#8221;cp_pb_divider&#8221; _builder_version=&#8221;4.16&#8243; background_color=&#8221;#e4e8e7&#8243; global_colors_info=&#8221;{}&#8221; prev_background_color=&#8221;#ffffff&#8221;][et_pb_row admin_label=&#8221;CTA&#8221; column_structure=&#8221;1_3,2_3&#8243; use_custom_gutter=&#8221;on&#8221; gutter_width=&#8221;2&#8243; _builder_version=&#8221;4.16&#8243; background_color=&#8221;#ffffff&#8221; background_size=&#8221;initial&#8221; background_position=&#8221;top_left&#8221; background_repeat=&#8221;repeat&#8221; custom_padding=&#8221;|20px||20px&#8221; border_radii=&#8221;on|10px|10px|10px|10px&#8221; collapsed=&#8221;off&#8221; global_colors_info=&#8221;{}&#8221;][et_pb_column type=&#8221;1_3&#8243; _builder_version=&#8221;4.16&#8243; background_color=&#8221;#ffffff&#8221; custom_padding=&#8221;|||&#8221; global_colors_info=&#8221;{}&#8221; custom_padding__hover=&#8221;|||&#8221;][et_pb_image src=&#8221;https:\/\/www.careplus.eu\/wp-content\/uploads\/2020\/06\/careplus-anti-insect-natural-60ml-1-3.jpg&#8221; title_text=&#8221;careplus-anti-insect-natural-60ml-1&#8243; align_tablet=&#8221;center&#8221; align_last_edited=&#8221;on|desktop&#8221; _builder_version=&#8221;4.16&#8243; global_colors_info=&#8221;{}&#8221; \/][\/et_pb_column][et_pb_column type=&#8221;2_3&#8243; _builder_version=&#8221;4.16&#8243; background_color=&#8221;#ffffff&#8221; custom_padding=&#8221;|||&#8221; global_colors_info=&#8221;{}&#8221; custom_padding__hover=&#8221;|||&#8221;][et_pb_text _builder_version=&#8221;4.16&#8243; global_colors_info=&#8221;{}&#8221;]<\/p>\n<h2>Care Plus<sup style=\"font-size: 10px\">\u00ae<\/sup> Anti-Insect Natural<\/h2>\n<p>Care Plus<sup style=\"font-size: 10px\">\u00ae<\/sup>\u00a0har utvecklat Anti-Insect Natural f\u00f6r m\u00e4nniskor som s\u00f6ker en naturlig variant. Denna naturliga variant \u00e4r baserad p\u00e5 naturligt citroneukalyptusextrakt. Den aktiva ingrediensen Citriodiol<sup style=\"font-size: 10px\">\u00ae\u00a0<\/sup>\u00e4r effektiv mot stickande insekter och f\u00e4stingar och ger upp till 6 timmars skydd mot stick och bett. Natural \u00e4r l\u00e4mpligt f\u00f6r barn fr\u00e5n 3 \u00e5r och f\u00f6r k\u00e4nslig hud. Det inneh\u00e5ller inte DEET och p\u00e5verkar inte syntetiska material.<\/p>\n<p>[\/et_pb_text][et_pb_button button_url=&#8221;https:\/\/www.careplus.eu\/sv\/anti-insect-natural\/&#8221; button_text=&#8221;Anti-Insect utan DEET&#8221; _builder_version=&#8221;4.16&#8243; background_layout=&#8221;dark&#8221; global_colors_info=&#8221;{}&#8221; \/][\/et_pb_column][\/et_pb_row][\/et_pb_section]<\/p>\n","protected":false},"excerpt":{"rendered":"<p>DEET \u00e4r det starkaste insektsmedlet f\u00f6r hud. Den aktiva ingrediensen \u00e4r effektiv mot olika smittob\u00e4rare s\u00e5som (malaria)myggor och f\u00e4stingar. DEET ger upp till 10 timmars skydd mot stick och bett.<\/p>\n","protected":false},"author":37,"featured_media":0,"parent":7164,"menu_order":0,"comment_status":"closed","ping_status":"closed","template":"","meta":{"_acf_changed":false,"_et_pb_use_builder":"on","_et_pb_old_content":"","_et_gb_content_width":"","footnotes":""},"class_list":["post-6673","page","type-page","status-publish","hentry"],"acf":[],"_links":{"self":[{"href":"https:\/\/www.careplus.eu\/sv\/wp-json\/wp\/v2\/pages\/6673","targetHints":{"allow":["GET"]}}],"collection":[{"href":"https:\/\/www.careplus.eu\/sv\/wp-json\/wp\/v2\/pages"}],"about":[{"href":"https:\/\/www.careplus.eu\/sv\/wp-json\/wp\/v2\/types\/page"}],"author":[{"embeddable":true,"href":"https:\/\/www.careplus.eu\/sv\/wp-json\/wp\/v2\/users\/37"}],"replies":[{"embeddable":true,"href":"https:\/\/www.careplus.eu\/sv\/wp-json\/wp\/v2\/comments?post=6673"}],"version-history":[{"count":0,"href":"https:\/\/www.careplus.eu\/sv\/wp-json\/wp\/v2\/pages\/6673\/revisions"}],"up":[{"embeddable":true,"href":"https:\/\/www.careplus.eu\/sv\/wp-json\/wp\/v2\/pages\/7164"}],"wp:attachment":[{"href":"https:\/\/www.careplus.eu\/sv\/wp-json\/wp\/v2\/media?parent=6673"}],"curies":[{"name":"wp","href":"https:\/\/api.w.org\/{rel}","templated":true}]}}