


{"id":6666,"date":"2019-05-23T18:03:35","date_gmt":"2019-05-23T16:03:35","guid":{"rendered":"https:\/\/www.careplus.eu\/huvudnat\/"},"modified":"2024-09-10T10:50:35","modified_gmt":"2024-09-10T09:50:35","slug":"huvudnat","status":"publish","type":"page","link":"https:\/\/www.careplus.eu\/sv\/myggor-och-fastingar\/skydd\/huvudnat\/","title":{"rendered":"Huvudn\u00e4t"},"content":{"rendered":"<p>[et_pb_section bb_built=&#8221;1&#8243; fullwidth=&#8221;on&#8221; _builder_version=&#8221;4.16&#8243; bottom_divider_style=&#8221;curve&#8221; bottom_divider_color=&#8221;#ffffff&#8221; bottom_divider_height=&#8221;40px&#8221; global_colors_info=&#8221;{}&#8221; next_background_color=&#8221;#000000&#8243;][et_pb_fullwidth_slider show_arrows=&#8221;off&#8221; show_pagination=&#8221;off&#8221; _builder_version=&#8221;4.27.0&#8243; background_image=&#8221;https:\/\/www.careplus.eu\/wp-content\/uploads\/2019\/03\/careplus-headnet.jpg&#8221; custom_padding=&#8221;22%||10%|&#8221; custom_padding_last_edited=&#8221;on|desktop&#8221; global_colors_info=&#8221;{}&#8221; background_position=&#8221;top_center&#8221; background_pattern_color=&#8221;rgba(0,0,0,0.2)&#8221; background_mask_color=&#8221;#ffffff&#8221; use_bg_overlay=&#8221;off&#8221; use_text_overlay=&#8221;off&#8221; box_shadow_horizontal_image_tablet=&#8221;0px&#8221; box_shadow_vertical_image_tablet=&#8221;0px&#8221; box_shadow_blur_image_tablet=&#8221;40px&#8221; box_shadow_spread_image_tablet=&#8221;0px&#8221; text_shadow_horizontal_length=&#8221;text_shadow_style,%91object Object%93&#8243; text_shadow_horizontal_length_tablet=&#8221;0px&#8221; text_shadow_vertical_length=&#8221;text_shadow_style,%91object Object%93&#8243; text_shadow_vertical_length_tablet=&#8221;0px&#8221; text_shadow_blur_strength=&#8221;text_shadow_style,%91object Object%93&#8243; text_shadow_blur_strength_tablet=&#8221;1px&#8221; header_text_shadow_horizontal_length=&#8221;header_text_shadow_style,%91object Object%93&#8243; header_text_shadow_horizontal_length_tablet=&#8221;0px&#8221; header_text_shadow_vertical_length=&#8221;header_text_shadow_style,%91object Object%93&#8243; header_text_shadow_vertical_length_tablet=&#8221;0px&#8221; header_text_shadow_blur_strength=&#8221;header_text_shadow_style,%91object Object%93&#8243; header_text_shadow_blur_strength_tablet=&#8221;1px&#8221; body_text_shadow_horizontal_length=&#8221;body_text_shadow_style,%91object Object%93&#8243; body_text_shadow_horizontal_length_tablet=&#8221;0px&#8221; body_text_shadow_vertical_length=&#8221;body_text_shadow_style,%91object Object%93&#8243; body_text_shadow_vertical_length_tablet=&#8221;0px&#8221; body_text_shadow_blur_strength=&#8221;body_text_shadow_style,%91object Object%93&#8243; body_text_shadow_blur_strength_tablet=&#8221;1px&#8221; body_link_text_shadow_horizontal_length=&#8221;body_link_text_shadow_style,%91object Object%93&#8243; body_link_text_shadow_horizontal_length_tablet=&#8221;0px&#8221; body_link_text_shadow_vertical_length=&#8221;body_link_text_shadow_style,%91object Object%93&#8243; body_link_text_shadow_vertical_length_tablet=&#8221;0px&#8221; body_link_text_shadow_blur_strength=&#8221;body_link_text_shadow_style,%91object Object%93&#8243; body_link_text_shadow_blur_strength_tablet=&#8221;1px&#8221; body_ul_text_shadow_horizontal_length=&#8221;body_ul_text_shadow_style,%91object Object%93&#8243; body_ul_text_shadow_horizontal_length_tablet=&#8221;0px&#8221; body_ul_text_shadow_vertical_length=&#8221;body_ul_text_shadow_style,%91object Object%93&#8243; body_ul_text_shadow_vertical_length_tablet=&#8221;0px&#8221; body_ul_text_shadow_blur_strength=&#8221;body_ul_text_shadow_style,%91object Object%93&#8243; body_ul_text_shadow_blur_strength_tablet=&#8221;1px&#8221; body_ol_text_shadow_horizontal_length=&#8221;body_ol_text_shadow_style,%91object Object%93&#8243; body_ol_text_shadow_horizontal_length_tablet=&#8221;0px&#8221; body_ol_text_shadow_vertical_length=&#8221;body_ol_text_shadow_style,%91object Object%93&#8243; body_ol_text_shadow_vertical_length_tablet=&#8221;0px&#8221; body_ol_text_shadow_blur_strength=&#8221;body_ol_text_shadow_style,%91object Object%93&#8243; body_ol_text_shadow_blur_strength_tablet=&#8221;1px&#8221; body_quote_text_shadow_horizontal_length=&#8221;body_quote_text_shadow_style,%91object Object%93&#8243; body_quote_text_shadow_horizontal_length_tablet=&#8221;0px&#8221; body_quote_text_shadow_vertical_length=&#8221;body_quote_text_shadow_style,%91object Object%93&#8243; body_quote_text_shadow_vertical_length_tablet=&#8221;0px&#8221; body_quote_text_shadow_blur_strength=&#8221;body_quote_text_shadow_style,%91object Object%93&#8243; body_quote_text_shadow_blur_strength_tablet=&#8221;1px&#8221; button_text_shadow_horizontal_length=&#8221;button_text_shadow_style,%91object Object%93&#8243; button_text_shadow_horizontal_length_tablet=&#8221;0px&#8221; button_text_shadow_vertical_length=&#8221;button_text_shadow_style,%91object Object%93&#8243; button_text_shadow_vertical_length_tablet=&#8221;0px&#8221; button_text_shadow_blur_strength=&#8221;button_text_shadow_style,%91object Object%93&#8243; button_text_shadow_blur_strength_tablet=&#8221;1px&#8221; box_shadow_horizontal_button_tablet=&#8221;0px&#8221; box_shadow_vertical_button_tablet=&#8221;0px&#8221; box_shadow_blur_button_tablet=&#8221;40px&#8221; box_shadow_spread_button_tablet=&#8221;0px&#8221; box_shadow_horizontal_tablet=&#8221;0px&#8221; box_shadow_vertical_tablet=&#8221;0px&#8221; box_shadow_blur_tablet=&#8221;40px&#8221; box_shadow_spread_tablet=&#8221;0px&#8221; vertical_offset_tablet=&#8221;0&#8243; horizontal_offset_tablet=&#8221;0&#8243; z_index_tablet=&#8221;0&#8243;][et_pb_slide heading=&#8221;Huvudn\u00e4t&#8221; use_bg_overlay=&#8221;off&#8221; use_text_overlay=&#8221;off&#8221; _builder_version=&#8221;4.16&#8243; header_level=&#8221;h1&#8243; header_font=&#8221;|800|||||||&#8221; header_font_size=&#8221;36&#8243; background_color=&#8221;#0b6a30&#8243; button_on_hover=&#8221;on&#8221; custom_padding=&#8221;15%||15%|&#8221; custom_padding_tablet=&#8221;15%||15%|&#8221; custom_padding_phone=&#8221;30%||30%|&#8221; custom_padding_last_edited=&#8221;on|phone&#8221; header_font_size_tablet=&#8221;36&#8243; header_font_size_phone=&#8221;36&#8243; header_text_shadow_style=&#8221;preset3&#8243; header_text_shadow_blur_strength=&#8221;0.5em&#8221; header_text_shadow_color=&#8221;rgba(0,0,0,0.6)&#8221; global_colors_info=&#8221;{}&#8221; sticky_transition=&#8221;on&#8221;][\/et_pb_slide][\/et_pb_fullwidth_slider][\/et_pb_section][et_pb_section bb_built=&#8221;1&#8243; _builder_version=&#8221;4.16&#8243; global_colors_info=&#8221;{}&#8221; prev_background_color=&#8221;#000000&#8243; next_background_color=&#8221;#000000&#8243;][et_pb_row _builder_version=&#8221;4.16&#8243; background_size=&#8221;initial&#8221; background_position=&#8221;top_left&#8221; background_repeat=&#8221;repeat&#8221; global_colors_info=&#8221;{}&#8221;][et_pb_column type=&#8221;4_4&#8243; _builder_version=&#8221;4.16&#8243; custom_padding=&#8221;|||&#8221; global_colors_info=&#8221;{}&#8221; custom_padding__hover=&#8221;|||&#8221;][et_pb_dmb_breadcrumbs _builder_version=&#8221;4.16&#8243; body_font_size_tablet=&#8221;51&#8243; body_line_height_tablet=&#8221;2&#8243; separator_font_size_tablet=&#8221;51&#8243; separator_line_height_tablet=&#8221;2&#8243; link_font_size_tablet=&#8221;51&#8243; link_line_height_tablet=&#8221;2&#8243; linkhover_font_size_tablet=&#8221;51&#8243; linkhover_line_height_tablet=&#8221;2&#8243; global_colors_info=&#8221;{}&#8221; \/][et_pb_text admin_label=&#8221;Short Read&#8221; _builder_version=&#8221;4.20.4&#8243; header_2_font=&#8221;|800|||||||&#8221; global_colors_info=&#8221;{}&#8221;]<\/p>\n<h3>Huvudn\u00e4t till skydd mot insekter<\/h3>\n<p><b>Ett huvudn\u00e4t ger skydd och bekv\u00e4mlighet. Inget irriterande surrande i dina \u00f6ron eller kliande bett p\u00e5 ansikte och hals. Du beh\u00f6ver inte l\u00e4ngre knipa med \u00f6gonen f\u00f6r att f\u00f6rhindra att sm\u00e5 insekter flyger in i dem. Perfekt f\u00f6r anv\u00e4ndning i ditt hemland och andra nordliga omr\u00e5den.<\/b><\/p>\n<p>Genom att anv\u00e4nda huvudn\u00e4tet f\u00f6rhindrar du att bli stucken i ansiktet, \u00f6ronen eller nacken av myggor och andra stickande insekter, b\u00e5de hemma och p\u00e5 resor. Produkten passar alla storlekar, s\u00e5 huvudn\u00e4tet passar alltid. Diskret tack vare sin gr\u00f6na f\u00e4rg och inkluderar ett praktiskt f\u00f6rvaringsfodral.a<\/p>\n<p>[\/et_pb_text][\/et_pb_column][\/et_pb_row][\/et_pb_section][et_pb_section bb_built=&#8221;1&#8243; _builder_version=&#8221;4.16&#8243; global_colors_info=&#8221;{}&#8221; prev_background_color=&#8221;#000000&#8243; next_background_color=&#8221;#f4f4f4&#8243;][et_pb_row _builder_version=&#8221;4.16&#8243; background_size=&#8221;initial&#8221; background_position=&#8221;top_left&#8221; background_repeat=&#8221;repeat&#8221; global_colors_info=&#8221;{}&#8221;][et_pb_column type=&#8221;4_4&#8243; _builder_version=&#8221;4.16&#8243; custom_padding=&#8221;|||&#8221; global_colors_info=&#8221;{}&#8221; custom_padding__hover=&#8221;|||&#8221;][et_pb_dmb_breadcrumbs _builder_version=&#8221;4.16&#8243; body_font_size_tablet=&#8221;51&#8243; body_line_height_tablet=&#8221;2&#8243; separator_font_size_tablet=&#8221;51&#8243; separator_line_height_tablet=&#8221;2&#8243; link_font_size_tablet=&#8221;51&#8243; link_line_height_tablet=&#8221;2&#8243; linkhover_font_size_tablet=&#8221;51&#8243; linkhover_line_height_tablet=&#8221;2&#8243; global_colors_info=&#8221;{}&#8221; \/][et_pb_text admin_label=&#8221;Short Read&#8221; _builder_version=&#8221;4.20.4&#8243; header_2_font=&#8221;|800|||||||&#8221; global_colors_info=&#8221;{}&#8221;]<\/p>\n<h3>Huvudn\u00e4t till skydd mot insekter<\/h3>\n<p><b>Ett huvudn\u00e4t ger skydd och bekv\u00e4mlighet. Inget irriterande surrande i dina \u00f6ron eller kliande bett p\u00e5 ansikte och hals. Du beh\u00f6ver inte l\u00e4ngre knipa med \u00f6gonen f\u00f6r att f\u00f6rhindra att sm\u00e5 insekter flyger in i dem. Perfekt f\u00f6r anv\u00e4ndning i ditt hemland och andra nordliga omr\u00e5den.<\/b><\/p>\n<p>Genom att anv\u00e4nda huvudn\u00e4tet f\u00f6rhindrar du att bli stucken i ansiktet, \u00f6ronen eller nacken av myggor och andra stickande insekter, b\u00e5de hemma och p\u00e5 resor. Produkten passar alla storlekar, s\u00e5 huvudn\u00e4tet passar alltid. Diskret tack vare sin gr\u00f6na f\u00e4rg och inkluderar ett praktiskt f\u00f6rvaringsfodral.a<\/p>\n<p>[\/et_pb_text][\/et_pb_column][\/et_pb_row][\/et_pb_section][et_pb_section bb_built=&#8221;1&#8243; _builder_version=&#8221;4.16&#8243; background_color=&#8221;#f4f4f4&#8243; global_colors_info=&#8221;{}&#8221; prev_background_color=&#8221;#ffffff&#8221; next_background_color=&#8221;#ffffff&#8221;][et_pb_row column_structure=&#8221;1_2,1_2&#8243; _builder_version=&#8221;4.16&#8243; background_color=&#8221;#f4f4f4&#8243; custom_padding=&#8221;|20px||20px&#8221; border_radii=&#8221;on|10px|10px|10px|10px&#8221; global_colors_info=&#8221;{}&#8221;][et_pb_column type=&#8221;1_2&#8243; _builder_version=&#8221;4.16&#8243; custom_padding=&#8221;|||&#8221; global_colors_info=&#8221;{}&#8221; custom_padding__hover=&#8221;|||&#8221;][et_pb_gallery gallery_ids=&#8221;5129,5131,5130,9500,9503&#8243; fullwidth=&#8221;on&#8221; _builder_version=&#8221;4.16&#8243; border_radii=&#8221;on|10px|10px|10px|10px&#8221; global_colors_info=&#8221;{}&#8221; \/][et_pb_text _builder_version=&#8221;4.20.4&#8243; background_color=&#8221;#ffffff&#8221; custom_padding=&#8221;20px|20px|20px|20px&#8221; border_radii=&#8221;on|10px|10px|10px|10px&#8221; border_width_all=&#8221;1px&#8221; border_color_all=&#8221;#d9d9d9&#8243; global_colors_info=&#8221;{}&#8221;]<\/p>\n<h4><strong>Care Plus\u00ae Head Net Classic<\/strong><\/h4>\n<p>Classic Head Net \u00e4r ett icke-impregnerat, v\u00e4ldigt finmaskigt huvudn\u00e4t. Perfekt f\u00f6r anv\u00e4ndning i ditt hemland och i andra nordliga omr\u00e5den. Det skyddar \u00e4ven mot knott.<\/p>\n<p>[\/et_pb_text][et_pb_toggle admin_label=&#8221;Specifictaties&#8221; title=&#8221;Specifikationer&#8221; open_toggle_background_color=&#8221;#ffffff&#8221; closed_toggle_background_color=&#8221;#ffffff&#8221; icon_color=&#8221;#136932&#8243; open_icon_color=&#8221;#136932&#8243; _builder_version=&#8221;4.20.4&#8243; background_color=&#8221;#ffffff&#8221; border_radii=&#8221;on|10px|10px|10px|10px&#8221; global_colors_info=&#8221;{}&#8221;]<\/p>\n<ul>\n<li>Maskstorlek (mesh): 900<\/li>\n<li>F\u00f6rpackningsm\u00e5tt (l x b x h i mm): 50 x 70 x 190<\/li>\n<li>M\u00e5tt, n\u00e4t (\u00d8 x h): 350 x 480 mm<\/li>\n<li>Vikt (g): 64<\/li>\n<li>Icke-impregnerat<\/li>\n<li>Skydd fr\u00e5n myggor och sm\u00e5 insekter<\/li>\n<li>Perfekt f\u00f6r anv\u00e4ndning i nordliga omr\u00e5den<\/li>\n<li>En storlek passar alla: detta huvudn\u00e4t passar alltid<\/li>\n<li>Tillverkat av t\u00e5liga polyesterfibrer<\/li>\n<\/ul>\n<p>[\/et_pb_toggle][et_pb_button button_url=&#8221;https:\/\/www.careplus.eu\/sv\/om-care-plus\/forsaljningspunkter-care-plus\/&#8221; button_text=&#8221;F\u00f6rs\u00e4ljningsst\u00e4llen&#8221; button_alignment=&#8221;center&#8221; _builder_version=&#8221;4.16&#8243; background_layout=&#8221;dark&#8221; global_colors_info=&#8221;{}&#8221; \/][\/et_pb_column][et_pb_column type=&#8221;1_2&#8243; _builder_version=&#8221;4.16&#8243; custom_padding=&#8221;|||&#8221; global_colors_info=&#8221;{}&#8221; custom_padding__hover=&#8221;|||&#8221;][et_pb_gallery gallery_ids=&#8221;4982,9656&#8243; fullwidth=&#8221;on&#8221; _builder_version=&#8221;4.16&#8243; border_radii=&#8221;on|10px|10px|10px|10px&#8221; global_colors_info=&#8221;{}&#8221; \/][et_pb_text _builder_version=&#8221;4.20.4&#8243; background_color=&#8221;#ffffff&#8221; custom_padding=&#8221;20px|20px|20px|20px&#8221; border_radii=&#8221;on|10px|10px|10px|10px&#8221; border_width_all=&#8221;1px&#8221; border_color_all=&#8221;#d9d9d9&#8243; global_colors_info=&#8221;{}&#8221;]<\/p>\n<h4><strong>Care Plus\u00ae Head Net Pop-up<\/strong><\/h4>\n<p>En hatt med ett inbyggt myggn\u00e4t \u00e4r praktisk och bekv\u00e4m. Pop-Up Head Net \u00e4r ett icke-impregnerat, v\u00e4ldigt finmaskigt huvudn\u00e4t. Perfekt f\u00f6r anv\u00e4ndning i ditt eget land och i nordliga omr\u00e5den.<\/p>\n<p>[\/et_pb_text][et_pb_toggle admin_label=&#8221;Specifictaties&#8221; title=&#8221;Specifikationer&#8221; open_toggle_background_color=&#8221;#ffffff&#8221; closed_toggle_background_color=&#8221;#ffffff&#8221; icon_color=&#8221;#136932&#8243; open_icon_color=&#8221;#136932&#8243; _builder_version=&#8221;4.21.0&#8243; background_color=&#8221;#ffffff&#8221; hover_enabled=&#8221;0&#8243; border_radii=&#8221;on|10px|10px|10px|10px&#8221; global_colors_info=&#8221;{}&#8221; sticky_enabled=&#8221;0&#8243;]<\/p>\n<ul>\n<li>Maskstorlek (mesh): 900<\/li>\n<li>F\u00f6rpackningsm\u00e5tt (l x b x h i mm): 30 x 170 x 215<\/li>\n<li>M\u00e5tt, n\u00e4t (\u00d8 x h): 350 x 580 mm<\/li>\n<li>Vikt (g): 143<\/li>\n<li>Icke-impregnerat<\/li>\n<li>Skydd fr\u00e5n myggor och sm\u00e5 insekter<\/li>\n<li>Perfekt f\u00f6r anv\u00e4ndning i nordliga omr\u00e5den<\/li>\n<li>En storlek passar alla: detta huvudn\u00e4t passar alltid<\/li>\n<li>Vecklas ut automatiskt<\/li>\n<li>Tillverkat av t\u00e5liga polyesterfibrer<\/li>\n<\/ul>\n<p>[\/et_pb_toggle][et_pb_button button_url=&#8221;https:\/\/www.careplus.eu\/sv\/om-care-plus\/forsaljningspunkter-care-plus\/&#8221; button_text=&#8221;F\u00f6rs\u00e4ljningsst\u00e4llen&#8221; button_alignment=&#8221;center&#8221; _builder_version=&#8221;4.16&#8243; background_layout=&#8221;dark&#8221; global_colors_info=&#8221;{}&#8221; \/][\/et_pb_column][\/et_pb_row][\/et_pb_section][et_pb_section bb_built=&#8221;1&#8243; _builder_version=&#8221;4.16&#8243; global_colors_info=&#8221;{}&#8221; prev_background_color=&#8221;#f4f4f4&#8243; next_background_color=&#8221;#f4f4f4&#8243;][et_pb_row _builder_version=&#8221;4.16&#8243; background_size=&#8221;initial&#8221; background_position=&#8221;top_left&#8221; background_repeat=&#8221;repeat&#8221; global_colors_info=&#8221;{}&#8221;][et_pb_column type=&#8221;4_4&#8243; _builder_version=&#8221;4.16&#8243; custom_padding=&#8221;|||&#8221; global_colors_info=&#8221;{}&#8221; custom_padding__hover=&#8221;|||&#8221;][et_pb_text admin_label=&#8221;Long Read&#8221; _builder_version=&#8221;4.20.4&#8243; global_colors_info=&#8221;{}&#8221;]<\/p>\n<h3>Vilket huvudn\u00e4t ska du v\u00e4lja?<\/h3>\n<p>Pop-up Head Net f\u00e4lls upp automatiskt och har ett integrerat huvud. Innan du anv\u00e4nder Head Net Classic ska du f\u00f6rst s\u00e4tta p\u00e5 dig ett huvud eller en keps. Det rekommenderas att h\u00e5lla avst\u00e5nd mellan n\u00e4tet och huden.<\/p>\n<h3>\u00c4r det s\u00e4kert att b\u00e4ra ett huvudn\u00e4t?<\/h3>\n<p>B\u00e5da huvudn\u00e4ten \u00e4r tillverkade av slitstark polyesterfiber. N\u00e4tet \u00e4r 900. P\u00e5 grund av det h\u00f6ga antalet h\u00e5l per kvadrattum \u00e4r luftfl\u00f6det i dessa huvudn\u00e4t l\u00e4gre \u00e4n i myggn\u00e4t. Av denna anledning \u00e4r de finmaskiga huvudn\u00e4ten inte l\u00e4mpliga f\u00f6r (sub)tropiska destinationer eftersom detta kan leda till \u00e5ngest.<\/p>\n<h3>\u00c4r dessa huvudn\u00e4t l\u00e4mpliga f\u00f6r nordliga omr\u00e5den?<\/h3>\n<p>Dessa finmaskade myggn\u00e4t \u00e4r unikt l\u00e4mpade f\u00f6r anv\u00e4ndning i nordliga omr\u00e5den som Skandinavien, Skottland och Kanada. Huvudn\u00e4ten \u00e4r specifikt designade f\u00f6r att h\u00e5lla ute sm\u00e5 insekter s\u00e5som knott, som ofta lever i dessa regioner. Stick fr\u00e5n dessa sm\u00e5 insekter \u00e4r s\u00e4rskilt sm\u00e4rtsamma s\u00e5 du vill definitivt f\u00f6rhindra dem! Dessa mygghuvudn\u00e4t \u00e4r praktiska f\u00f6r anv\u00e4ndning under alla sorts aktiviteter s\u00e5som fiske, vandring, eller f\u00f6r att l\u00e4sa utomhus i ro. B\u00e5de hemma och utomlands.<\/p>\n<h3>Hur skyddar du dig sj\u00e4lv och din familj fr\u00e5n insektsbett och stick p\u00e5 b\u00e4sta s\u00e4tt?<\/h3>\n<p>Ut\u00f6ver att anv\u00e4nda ett huvudn\u00e4t \u00e4r det viktigt att t\u00e4cka din hud med kl\u00e4der s\u00e5 l\u00e5ngt m\u00f6jligt, speciellt n\u00e4r du vistas utomhus. Applicera ett\u00a0<a href=\"https:\/\/www.careplus.eu\/sv\/anti-insect-natural\/\">bra insektsmedel<\/a>\u00a0p\u00e5 utsatt hud. De flesta myggor sticker efter solnedg\u00e5ngen, men det \u00e4r en bra id\u00e9 att anv\u00e4nda ett insektsmedel p\u00e5 huden under dagtid.<\/p>\n<p>[\/et_pb_text][\/et_pb_column][\/et_pb_row][\/et_pb_section][et_pb_section bb_built=&#8221;1&#8243; _builder_version=&#8221;4.16&#8243; background_color=&#8221;#f4f4f4&#8243; global_colors_info=&#8221;{}&#8221; prev_background_color=&#8221;#ffffff&#8221; next_background_color=&#8221;#ffffff&#8221;][et_pb_row column_structure=&#8221;1_3,1_3,1_3&#8243; _builder_version=&#8221;4.16&#8243; background_color=&#8221;#f4f4f4&#8243; custom_padding=&#8221;|20px||20px&#8221; border_radii=&#8221;on|10px|10px|10px|10px&#8221; global_colors_info=&#8221;{}&#8221;][et_pb_column type=&#8221;1_3&#8243; _builder_version=&#8221;4.16&#8243; custom_padding=&#8221;|||&#8221; global_colors_info=&#8221;{}&#8221; custom_padding__hover=&#8221;|||&#8221;][et_pb_image src=&#8221;https:\/\/www.careplus.eu\/wp-content\/uploads\/2020\/04\/anti-insect-natural-60ml-562&#215;640-1.png&#8221; title_text=&#8221;anti-insect-natural-60ml-562&#215;640&#8243; url=&#8221;https:\/\/www.careplus.eu\/sv\/myggor-och-fastingar\/skydd\/anti-insect-natural\/&#8221; align=&#8221;center&#8221; align_tablet=&#8221;center&#8221; align_last_edited=&#8221;on|desktop&#8221; _builder_version=&#8221;4.16&#8243; border_radii=&#8221;on|10px|10px|10px|10px&#8221; global_colors_info=&#8221;{}&#8221; \/][et_pb_button button_url=&#8221;https:\/\/www.careplus.eu\/sv\/myggor-och-fastingar\/skydd\/anti-insect-natural\/&#8221; button_text=&#8221;Anti Insekt Natural&#8221; button_alignment=&#8221;center&#8221; _builder_version=&#8221;4.16&#8243; background_layout=&#8221;dark&#8221; global_colors_info=&#8221;{}&#8221; \/][\/et_pb_column][et_pb_column type=&#8221;1_3&#8243; _builder_version=&#8221;4.16&#8243; custom_padding=&#8221;|||&#8221; global_colors_info=&#8221;{}&#8221; custom_padding__hover=&#8221;|||&#8221;][et_pb_image src=&#8221;https:\/\/www.careplus.eu\/wp-content\/uploads\/2019\/03\/careplus-klamboe-single-popup.jpg&#8221; url=&#8221;https:\/\/www.careplus.eu\/sv\/myggor-och-fastingar\/skydd\/myggnat\/&#8221; align=&#8221;center&#8221; align_tablet=&#8221;center&#8221; align_last_edited=&#8221;on|desktop&#8221; _builder_version=&#8221;4.16&#8243; border_radii=&#8221;on|10px|10px|10px|10px&#8221; global_colors_info=&#8221;{}&#8221; \/][et_pb_button button_url=&#8221;https:\/\/www.careplus.eu\/sv\/myggor-och-fastingar\/skydd\/myggnat\/&#8221; button_text=&#8221;Myggn\u00e4t&#8221; button_alignment=&#8221;center&#8221; _builder_version=&#8221;4.16&#8243; background_layout=&#8221;dark&#8221; global_colors_info=&#8221;{}&#8221; \/][\/et_pb_column][et_pb_column type=&#8221;1_3&#8243; _builder_version=&#8221;4.16&#8243; custom_padding=&#8221;|||&#8221; global_colors_info=&#8221;{}&#8221; custom_padding__hover=&#8221;|||&#8221;][et_pb_image src=&#8221;https:\/\/www.careplus.eu\/wp-content\/uploads\/2019\/03\/care-plus-bug-socks.jpg&#8221; url=&#8221;https:\/\/www.careplus.eu\/sv\/myggor-och-fastingar\/skydd\/socks\/&#8221; align=&#8221;center&#8221; align_tablet=&#8221;center&#8221; align_last_edited=&#8221;on|desktop&#8221; _builder_version=&#8221;4.16&#8243; border_radii=&#8221;on|10px|10px|10px|10px&#8221; global_colors_info=&#8221;{}&#8221; \/][et_pb_button button_url=&#8221;https:\/\/www.careplus.eu\/sv\/myggor-och-fastingar\/skydd\/socks\/&#8221; button_text=&#8221;Skyddande sockor&#8221; button_alignment=&#8221;center&#8221; _builder_version=&#8221;4.16&#8243; background_layout=&#8221;dark&#8221; global_colors_info=&#8221;{}&#8221; \/][\/et_pb_column][\/et_pb_row][\/et_pb_section][et_pb_section bb_built=&#8221;1&#8243; fullwidth=&#8221;on&#8221; _builder_version=&#8221;4.16&#8243; global_colors_info=&#8221;{}&#8221; prev_background_color=&#8221;#f4f4f4&#8243;][et_pb_fullwidth_slider show_arrows=&#8221;off&#8221; show_pagination=&#8221;off&#8221; _builder_version=&#8221;4.16&#8243; global_colors_info=&#8221;{}&#8221;][et_pb_slide use_bg_overlay=&#8221;off&#8221; use_text_overlay=&#8221;off&#8221; _builder_version=&#8221;4.16&#8243; background_image=&#8221;https:\/\/www.careplus.eu\/wp-content\/uploads\/2019\/03\/klamboe-kamperen-slapen-openlucht.jpg&#8221; parallax=&#8221;on&#8221; button_on_hover=&#8221;on&#8221; global_colors_info=&#8221;{}&#8221; sticky_transition=&#8221;on&#8221;][\/et_pb_slide][\/et_pb_fullwidth_slider][\/et_pb_section]<\/p>\n","protected":false},"excerpt":{"rendered":"<p>Huvudn\u00e4t till skydd mot insekter Ett huvudn\u00e4t ger skydd och bekv\u00e4mlighet. Inget irriterande surrande i dina \u00f6ron eller kliande bett p\u00e5 ansikte och hals. Du beh\u00f6ver inte l\u00e4ngre knipa med \u00f6gonen f\u00f6r att f\u00f6rhindra att sm\u00e5 insekter flyger in i dem. Perfekt f\u00f6r anv\u00e4ndning i ditt hemland och andra nordliga omr\u00e5den. Genom att anv\u00e4nda huvudn\u00e4tet [&hellip;]<\/p>\n","protected":false},"author":37,"featured_media":0,"parent":7164,"menu_order":0,"comment_status":"closed","ping_status":"closed","template":"","meta":{"_acf_changed":false,"_et_pb_use_builder":"on","_et_pb_old_content":"","_et_gb_content_width":"","footnotes":""},"class_list":["post-6666","page","type-page","status-publish","hentry"],"acf":[],"_links":{"self":[{"href":"https:\/\/www.careplus.eu\/sv\/wp-json\/wp\/v2\/pages\/6666","targetHints":{"allow":["GET"]}}],"collection":[{"href":"https:\/\/www.careplus.eu\/sv\/wp-json\/wp\/v2\/pages"}],"about":[{"href":"https:\/\/www.careplus.eu\/sv\/wp-json\/wp\/v2\/types\/page"}],"author":[{"embeddable":true,"href":"https:\/\/www.careplus.eu\/sv\/wp-json\/wp\/v2\/users\/37"}],"replies":[{"embeddable":true,"href":"https:\/\/www.careplus.eu\/sv\/wp-json\/wp\/v2\/comments?post=6666"}],"version-history":[{"count":0,"href":"https:\/\/www.careplus.eu\/sv\/wp-json\/wp\/v2\/pages\/6666\/revisions"}],"up":[{"embeddable":true,"href":"https:\/\/www.careplus.eu\/sv\/wp-json\/wp\/v2\/pages\/7164"}],"wp:attachment":[{"href":"https:\/\/www.careplus.eu\/sv\/wp-json\/wp\/v2\/media?parent=6666"}],"curies":[{"name":"wp","href":"https:\/\/api.w.org\/{rel}","templated":true}]}}