


{"id":6662,"date":"2019-05-23T15:16:37","date_gmt":"2019-05-23T13:16:37","guid":{"rendered":"https:\/\/www.careplus.eu\/vattenfilter\/"},"modified":"2023-03-08T15:27:16","modified_gmt":"2023-03-08T14:27:16","slug":"vattenfilter","status":"publish","type":"page","link":"https:\/\/www.careplus.eu\/sv\/hygiene\/water-purification\/vattenfilter\/","title":{"rendered":"Vattenfilter"},"content":{"rendered":"<p>[et_pb_section fb_built=&#8221;1&#8243; fullwidth=&#8221;on&#8221; _builder_version=&#8221;4.17.6&#8243; background_image=&#8221;https:\/\/www.careplus.eu\/wp-content\/uploads\/2022\/07\/DM_CarePlus016_148.webp&#8221; background_position=&#8221;top_center&#8221; background_vertical_offset=&#8221;36%&#8221; bottom_divider_style=&#8221;curve&#8221; bottom_divider_color=&#8221;#ffffff&#8221; bottom_divider_height=&#8221;40px&#8221; global_colors_info=&#8221;{}&#8221;][et_pb_fullwidth_slider show_arrows=&#8221;off&#8221; show_pagination=&#8221;off&#8221; _builder_version=&#8221;4.17.6&#8243; global_colors_info=&#8221;{}&#8221;][et_pb_slide heading=&#8221;Vattenfilter&#8221; use_bg_overlay=&#8221;off&#8221; use_text_overlay=&#8221;off&#8221; _builder_version=&#8221;4.17.6&#8243; header_level=&#8221;h1&#8243; header_font=&#8221;|800|||||||&#8221; header_font_size=&#8221;36&#8243; background_enable_color=&#8221;off&#8221; background_enable_image=&#8221;off&#8221; button_on_hover=&#8221;on&#8221; custom_padding=&#8221;18%||18%|&#8221; custom_padding_tablet=&#8221;30%||30%|&#8221; custom_padding_phone=&#8221;30%||30%|&#8221; custom_padding_last_edited=&#8221;on|phone&#8221; header_font_size_tablet=&#8221;30&#8243; header_font_size_phone=&#8221;30&#8243; header_font_size_last_edited=&#8221;on|tablet&#8221; header_text_shadow_style=&#8221;preset3&#8243; header_text_shadow_blur_strength=&#8221;0.5em&#8221; header_text_shadow_color=&#8221;rgba(0,0,0,0.6)&#8221; global_colors_info=&#8221;{}&#8221; sticky_transition=&#8221;on&#8221;][\/et_pb_slide][\/et_pb_fullwidth_slider][\/et_pb_section][et_pb_section fb_built=&#8221;1&#8243; _builder_version=&#8221;4.16&#8243; global_colors_info=&#8221;{}&#8221;][et_pb_row _builder_version=&#8221;4.16&#8243; background_size=&#8221;initial&#8221; background_position=&#8221;top_left&#8221; background_repeat=&#8221;repeat&#8221; global_colors_info=&#8221;{}&#8221;][et_pb_column type=&#8221;4_4&#8243; _builder_version=&#8221;4.16&#8243; custom_padding=&#8221;|||&#8221; global_colors_info=&#8221;{}&#8221; custom_padding__hover=&#8221;|||&#8221;][et_pb_dmb_breadcrumbs _builder_version=&#8221;4.16&#8243; body_font_size_tablet=&#8221;51&#8243; body_line_height_tablet=&#8221;2&#8243; separator_font_size_tablet=&#8221;51&#8243; separator_line_height_tablet=&#8221;2&#8243; link_font_size_tablet=&#8221;51&#8243; link_line_height_tablet=&#8221;2&#8243; linkhover_font_size_tablet=&#8221;51&#8243; linkhover_line_height_tablet=&#8221;2&#8243; global_colors_info=&#8221;{}&#8221;][\/et_pb_dmb_breadcrumbs][et_pb_text admin_label=&#8221;Intro tekst&#8221; _builder_version=&#8221;4.19.5&#8243; hover_enabled=&#8221;0&#8243; global_colors_info=&#8221;{}&#8221; sticky_enabled=&#8221;0&#8243;]<\/p>\n<h2>Vattenfilter<\/h2>\n<p>Ute p\u00e5 v\u00e4garna utan plastflaskor med vatten? Det \u00e4r m\u00f6jligt tack vare Care Plus<sup style=\"font-size:8px;\">\u00ae<\/sup> Water Filter f\u00f6r s\u00e4kert och billigt dricksvatten. V\u00e5ra vattenfilter f\u00e5r plats i din handflata och filtrerar vatten fr\u00e5n f\u00e4rskvattensj\u00f6ar, floder eller str\u00f6mmar. Membranfiltret (0,1 mikron) blockerar skadliga bakterier, parasiter, protozoer och mikrobakterier. V\u00e5rt prisbel\u00f6nta filter finns tillg\u00e4ngligt hos utomhusexperter.<\/p>\n<p>Ett vattenfilter filtrerar bort f\u00f6roreningar i vattnet genom en fysisk barri\u00e4r, en kemisk process eller en biologisk process. V\u00e5ra vattenfilter renar vattnet med hj\u00e4lp av en fysisk barri\u00e4r. <\/p>\n<p>Care Plus<sup style=\"font-size:8px;\">\u00ae<\/sup> Water Filters kan anv\u00e4ndas p\u00e5 tre olika s\u00e4tt:<br \/>\n1. Filtrera direkt fr\u00e5n den naturliga k\u00e4llan<br \/>\n2. Filtrera fr\u00e5n den medf\u00f6ljande drickp\u00e5sen<br \/>\n3. Filtrera fr\u00e5n en vanlig PET-flaska<\/p>\n<p>F\u00f6r att deaktivera protozoer, bakterier och virus rekommenderar vi att man anv\u00e4nder ett filter i kombination med den r\u00e4tta klorl\u00f6sningen. Care Plus<sup style=\"font-size:8px;\">\u00ae<\/sup> Water Filter 0,1 mikron deaktiverar f\u00f6rst protozoer och bakterier. \u00a0Care Plus<sup style=\"font-size: 10px;\">\u00ae<\/sup>\u00a0<a href=\"https:\/\/www.careplus.eu\/sv\/hygiene\/water-purification\/hadex\/\">Hadex<\/a><sup style=\"font-size: 10px;\">\u00ae<\/sup>\u00a0deaktiverar eventuella virus i det filtrerade vattnet.[\/et_pb_text][\/et_pb_column][\/et_pb_row][\/et_pb_section][et_pb_section fb_built=&#8221;1&#8243; _builder_version=&#8221;4.16&#8243; background_color=&#8221;#f4f4f4&#8243; global_colors_info=&#8221;{}&#8221;][et_pb_row column_structure=&#8221;1_3,2_3&#8243; _builder_version=&#8221;4.16&#8243; background_color=&#8221;#ffffff&#8221; border_radii=&#8221;on|10px|10px|10px|10px&#8221; global_colors_info=&#8221;{}&#8221;][et_pb_column type=&#8221;1_3&#8243; _builder_version=&#8221;4.16&#8243; custom_padding=&#8221;|||&#8221; global_colors_info=&#8221;{}&#8221; custom_padding__hover=&#8221;|||&#8221;][et_pb_image src=&#8221;https:\/\/www.careplus.eu\/wp-content\/uploads\/2022\/07\/Care-Plus-Waterfilter.png&#8221; title_text=&#8221;Vattenfilter&#8221; show_in_lightbox=&#8221;on&#8221; use_overlay=&#8221;on&#8221; overlay_icon_color=&#8221;#ffffff&#8221; hover_overlay_color=&#8221;rgba(255,255,255,0)&#8221; hover_icon=&#8221;&#x54;||divi||400&#8243; align=&#8221;center&#8221; align_tablet=&#8221;center&#8221; align_phone=&#8221;&#8221; align_last_edited=&#8221;on|desktop&#8221; _builder_version=&#8221;4.17.6&#8243; global_colors_info=&#8221;{}&#8221;][\/et_pb_image][\/et_pb_column][et_pb_column type=&#8221;2_3&#8243; _builder_version=&#8221;4.16&#8243; custom_padding=&#8221;|||&#8221; global_colors_info=&#8221;{}&#8221; custom_padding__hover=&#8221;|||&#8221;][et_pb_text _builder_version=&#8221;4.19.5&#8243; custom_margin=&#8221;35px|20px||20px|false|false&#8221; custom_margin_tablet=&#8221;0px||||false|false&#8221; custom_margin_phone=&#8221;0px||||false|false&#8221; custom_margin_last_edited=&#8221;on|desktop&#8221; custom_padding=&#8221;20px|20px|20px|20px|false|false&#8221; hover_enabled=&#8221;0&#8243; border_radii=&#8221;on|10px|10px|10px|10px&#8221; global_colors_info=&#8221;{}&#8221; sticky_enabled=&#8221;0&#8243;]<\/p>\n<h3>Specifikationer Water Filter<\/h3>\n<ul>\n<li>0,1 mikron absolut ih\u00e5ligt fibermembranfilter <\/li>\n<li>\u00c5teranv\u00e4ndbar drickp\u00e5se p\u00e5 1 liter <\/li>\n<li>Filterelement med inbyggt munstycke<\/li>\n<li>Kapacitet: upp till 3 500 liter<\/li>\n<li>Fl\u00f6deshastighet: upp till 1,7 liter per minut (n\u00e4r den pressas)<\/li>\n<li>Vikt: Filter 75gr \/ TPU drickp\u00e5se 35gr<\/li>\n<\/ul>\n<p>[\/et_pb_text][et_pb_button button_url=&#8221;https:\/\/www.careplus-shop.nl\/Webwinkel-Product-806892087\/Care-Plus-Water-Filter-Jungle-Green.html&#8221; button_text=&#8221;Best\u00e4ll&#8221; button_alignment=&#8221;left&#8221; _builder_version=&#8221;4.19.5&#8243; background_layout=&#8221;dark&#8221; custom_margin=&#8221;|20px||20px&#8221; custom_padding=&#8221;|20px||20px&#8221; hover_enabled=&#8221;0&#8243; global_colors_info=&#8221;{}&#8221; sticky_enabled=&#8221;0&#8243; disabled_on=&#8221;on|on|on&#8221; disabled=&#8221;on&#8221;][\/et_pb_button][\/et_pb_column][\/et_pb_row][\/et_pb_section][et_pb_section fb_built=&#8221;1&#8243; _builder_version=&#8221;4.19.5&#8243; background_color=&#8221;#FFFFFF&#8221; hover_enabled=&#8221;0&#8243; global_colors_info=&#8221;{}&#8221; sticky_enabled=&#8221;0&#8243;][et_pb_row column_structure=&#8221;1_3,2_3&#8243; _builder_version=&#8221;4.16&#8243; background_color=&#8221;#ffffff&#8221; border_radii=&#8221;on|10px|10px|10px|10px&#8221; global_colors_info=&#8221;{}&#8221;][et_pb_column type=&#8221;1_3&#8243; _builder_version=&#8221;4.16&#8243; custom_padding=&#8221;|||&#8221; global_colors_info=&#8221;{}&#8221; custom_padding__hover=&#8221;|||&#8221;][et_pb_image src=&#8221;https:\/\/www.careplus.eu\/wp-content\/uploads\/2023\/03\/Water-Filter-EVO.webp&#8221; title_text=&#8221;Water Filter EVO&#8221; show_in_lightbox=&#8221;on&#8221; use_overlay=&#8221;on&#8221; overlay_icon_color=&#8221;#ffffff&#8221; hover_overlay_color=&#8221;rgba(255,255,255,0)&#8221; hover_icon=&#8221;&#x54;||divi||400&#8243; align=&#8221;center&#8221; align_tablet=&#8221;center&#8221; align_phone=&#8221;&#8221; align_last_edited=&#8221;on|desktop&#8221; _builder_version=&#8221;4.19.5&#8243; hover_enabled=&#8221;0&#8243; global_colors_info=&#8221;{}&#8221; height=&#8221;425px&#8221; max_height=&#8221;425px&#8221; sticky_enabled=&#8221;0&#8243;][\/et_pb_image][\/et_pb_column][et_pb_column type=&#8221;2_3&#8243; _builder_version=&#8221;4.16&#8243; custom_padding=&#8221;|||&#8221; global_colors_info=&#8221;{}&#8221; custom_padding__hover=&#8221;|||&#8221;][et_pb_text _builder_version=&#8221;4.19.5&#8243; custom_margin=&#8221;35px|20px||20px|false|false&#8221; custom_margin_tablet=&#8221;0px||||false|false&#8221; custom_margin_phone=&#8221;0px||||false|false&#8221; custom_margin_last_edited=&#8221;on|desktop&#8221; custom_padding=&#8221;20px|20px|20px|20px|false|false&#8221; hover_enabled=&#8221;0&#8243; border_radii=&#8221;on|10px|10px|10px|10px&#8221; global_colors_info=&#8221;{}&#8221; sticky_enabled=&#8221;0&#8243;]<\/p>\n<h3>Specifikationer Water Filter EVO<\/h3>\n<ul>\n<li>0,1 mikron absolut ih\u00e5ligt fibermembranfilter<\/li>\n<li>\u00c5teranv\u00e4ndbar drickp\u00e5se p\u00e5 3 liter med slang<\/li>\n<li>Kapacitet: upp till 5 000 liter<\/li>\n<li>Fl\u00f6deshastighet: upp till 0,45 liter per minut<\/li>\n<li>Vikt: Filter 100gr \/ TPU drickp\u00e5se 110gr<\/li>\n<li>F\u00f6rvaringsv\u00e4ska och sladd<\/li>\n<\/ul>\n<p>[\/et_pb_text][et_pb_button button_url=&#8221;https:\/\/www.careplus-shop.nl\/Webwinkel-Product-806892087\/Care-Plus-Water-Filter-Jungle-Green.html&#8221; button_text=&#8221;Best\u00e4ll&#8221; button_alignment=&#8221;left&#8221; _builder_version=&#8221;4.19.5&#8243; background_layout=&#8221;dark&#8221; custom_margin=&#8221;|20px||20px&#8221; custom_padding=&#8221;|20px||20px&#8221; hover_enabled=&#8221;0&#8243; global_colors_info=&#8221;{}&#8221; sticky_enabled=&#8221;0&#8243; disabled_on=&#8221;on|on|on&#8221; disabled=&#8221;on&#8221;][\/et_pb_button][\/et_pb_column][\/et_pb_row][\/et_pb_section]<\/p>\n","protected":false},"excerpt":{"rendered":"<p>Vattenfilter Ute p\u00e5 v\u00e4garna utan plastflaskor med vatten? Det \u00e4r m\u00f6jligt tack vare Care Plus\u00ae Water Filter f\u00f6r s\u00e4kert och billigt dricksvatten. V\u00e5ra vattenfilter f\u00e5r plats i din handflata och filtrerar vatten fr\u00e5n f\u00e4rskvattensj\u00f6ar, floder eller str\u00f6mmar. Membranfiltret (0,1 mikron) blockerar skadliga bakterier, parasiter, protozoer och mikrobakterier. V\u00e5rt prisbel\u00f6nta filter finns tillg\u00e4ngligt hos utomhusexperter. Ett [&hellip;]<\/p>\n","protected":false},"author":37,"featured_media":0,"parent":7209,"menu_order":0,"comment_status":"closed","ping_status":"closed","template":"","meta":{"_acf_changed":false,"_et_pb_use_builder":"on","_et_pb_old_content":"","_et_gb_content_width":"","footnotes":""},"class_list":["post-6662","page","type-page","status-publish","hentry"],"acf":[],"_links":{"self":[{"href":"https:\/\/www.careplus.eu\/sv\/wp-json\/wp\/v2\/pages\/6662","targetHints":{"allow":["GET"]}}],"collection":[{"href":"https:\/\/www.careplus.eu\/sv\/wp-json\/wp\/v2\/pages"}],"about":[{"href":"https:\/\/www.careplus.eu\/sv\/wp-json\/wp\/v2\/types\/page"}],"author":[{"embeddable":true,"href":"https:\/\/www.careplus.eu\/sv\/wp-json\/wp\/v2\/users\/37"}],"replies":[{"embeddable":true,"href":"https:\/\/www.careplus.eu\/sv\/wp-json\/wp\/v2\/comments?post=6662"}],"version-history":[{"count":0,"href":"https:\/\/www.careplus.eu\/sv\/wp-json\/wp\/v2\/pages\/6662\/revisions"}],"up":[{"embeddable":true,"href":"https:\/\/www.careplus.eu\/sv\/wp-json\/wp\/v2\/pages\/7209"}],"wp:attachment":[{"href":"https:\/\/www.careplus.eu\/sv\/wp-json\/wp\/v2\/media?parent=6662"}],"curies":[{"name":"wp","href":"https:\/\/api.w.org\/{rel}","templated":true}]}}