


{"id":9165,"date":"2020-05-28T16:55:04","date_gmt":"2020-05-28T14:55:04","guid":{"rendered":"https:\/\/staging.careplus.eu\/care-plus\/"},"modified":"2024-09-10T08:25:32","modified_gmt":"2024-09-10T07:25:32","slug":"care-plus","status":"publish","type":"page","link":"https:\/\/www.careplus.eu\/pl\/","title":{"rendered":"Care Plus&reg;"},"content":{"rendered":"<p>[et_pb_section bb_built=&#8221;1&#8243; fullwidth=&#8221;on&#8221; _builder_version=&#8221;4.21.0&#8243; background_image=&#8221;https:\/\/www.careplus.eu\/wp-content\/uploads\/2023\/06\/Care-plus-header-buitengewoon_familie-fiets-3.jpg&#8221; background_position=&#8221;top_center&#8221; background_vertical_offset=&#8221;20%&#8221; bottom_divider_style=&#8221;curve&#8221; bottom_divider_color=&#8221;#ffffff&#8221; bottom_divider_height=&#8221;40px&#8221; bottom_divider_height_tablet=&#8221;40px&#8221; bottom_divider_height_phone=&#8221;20px&#8221; bottom_divider_height_last_edited=&#8221;on|phone&#8221; background_last_edited=&#8221;off|desktop&#8221; background_image_tablet=&#8221;https:\/\/www.careplus.eu\/wp-content\/uploads\/2022\/08\/CP-header-buitengewoon_Desktop-5.jpg&#8221; background_image_phone=&#8221;https:\/\/www.careplus.eu\/wp-content\/uploads\/2022\/08\/CP-header-buitengewoon_Desktop-5.jpg&#8221; background_enable_image_tablet=&#8221;on&#8221; background_enable_image_phone=&#8221;on&#8221; global_colors_info=&#8221;{}&#8221; next_background_color=&#8221;#ffffff&#8221;][et_pb_fullwidth_slider show_arrows=&#8221;off&#8221; show_pagination=&#8221;off&#8221; _builder_version=&#8221;4.21.0&#8243; header_level=&#8221;h1&#8243; header_font=&#8221;|800|||||||&#8221; header_font_size=&#8221;36&#8243; custom_margin=&#8221;|||&#8221; custom_padding_phone=&#8221;30%||30%|&#8221; custom_padding_last_edited=&#8221;off|desktop&#8221; header_font_size_tablet=&#8221;24&#8243; header_font_size_last_edited=&#8221;on|tablet&#8221; global_colors_info=&#8221;{}&#8221; button_text_size__hover_enabled=&#8221;off&#8221; button_text_size__hover=&#8221;null&#8221; button_one_text_size__hover_enabled=&#8221;off&#8221; button_one_text_size__hover=&#8221;null&#8221; button_two_text_size__hover_enabled=&#8221;off&#8221; button_two_text_size__hover=&#8221;null&#8221; button_text_color__hover_enabled=&#8221;off&#8221; button_text_color__hover=&#8221;null&#8221; button_one_text_color__hover_enabled=&#8221;off&#8221; button_one_text_color__hover=&#8221;null&#8221; button_two_text_color__hover_enabled=&#8221;off&#8221; button_two_text_color__hover=&#8221;null&#8221; button_border_width__hover_enabled=&#8221;off&#8221; button_border_width__hover=&#8221;null&#8221; button_one_border_width__hover_enabled=&#8221;off&#8221; button_one_border_width__hover=&#8221;null&#8221; button_two_border_width__hover_enabled=&#8221;off&#8221; button_two_border_width__hover=&#8221;null&#8221; button_border_color__hover_enabled=&#8221;off&#8221; button_border_color__hover=&#8221;null&#8221; button_one_border_color__hover_enabled=&#8221;off&#8221; button_one_border_color__hover=&#8221;null&#8221; button_two_border_color__hover_enabled=&#8221;off&#8221; button_two_border_color__hover=&#8221;null&#8221; button_border_radius__hover_enabled=&#8221;off&#8221; button_border_radius__hover=&#8221;null&#8221; button_one_border_radius__hover_enabled=&#8221;off&#8221; button_one_border_radius__hover=&#8221;null&#8221; button_two_border_radius__hover_enabled=&#8221;off&#8221; button_two_border_radius__hover=&#8221;null&#8221; button_letter_spacing__hover_enabled=&#8221;off&#8221; button_letter_spacing__hover=&#8221;null&#8221; button_one_letter_spacing__hover_enabled=&#8221;off&#8221; button_one_letter_spacing__hover=&#8221;null&#8221; button_two_letter_spacing__hover_enabled=&#8221;off&#8221; button_two_letter_spacing__hover=&#8221;null&#8221; button_bg_color__hover_enabled=&#8221;off&#8221; button_bg_color__hover=&#8221;null&#8221; button_one_bg_color__hover_enabled=&#8221;off&#8221; button_one_bg_color__hover=&#8221;null&#8221; button_two_bg_color__hover_enabled=&#8221;off&#8221; button_two_bg_color__hover=&#8221;null&#8221;][et_pb_slide use_bg_overlay=&#8221;off&#8221; use_text_overlay=&#8221;off&#8221; admin_title=&#8221;Goed voorbereid op reis&#8221; _builder_version=&#8221;4.16&#8243; header_level=&#8221;h1&#8243; header_font=&#8221;||||||||&#8221; header_text_align=&#8221;center&#8221; body_font=&#8221;|700|||||||&#8221; body_line_height=&#8221;1.6em&#8221; background_enable_color=&#8221;off&#8221; background_enable_image=&#8221;off&#8221; button_on_hover=&#8221;on&#8221; custom_padding=&#8221;15%||15%|&#8221; custom_padding_tablet=&#8221;30%||30%|&#8221; custom_padding_phone=&#8221;30%|0%|30%|0%&#8221; custom_padding_last_edited=&#8221;on|phone&#8221; header_font_size_tablet=&#8221;&#8221; header_font_size_phone=&#8221;&#8221; header_font_size_last_edited=&#8221;on|phone&#8221; body_font_size_tablet=&#8221;16px&#8221; body_font_size_phone=&#8221;16px&#8221; body_font_size_last_edited=&#8221;on|phone&#8221; body_line_height_tablet=&#8221;1.6em&#8221; body_line_height_phone=&#8221;1.6em&#8221; header_text_shadow_style=&#8221;preset1&#8243; header_text_shadow_vertical_length=&#8221;0em&#8221; header_text_shadow_blur_strength=&#8221;0.5em&#8221; header_text_shadow_color=&#8221;rgba(0,0,0,0.6)&#8221; body_text_shadow_style=&#8221;preset3&#8243; body_text_shadow_blur_strength=&#8221;0.5em&#8221; body_text_shadow_color=&#8221;rgba(0,0,0,0.6)&#8221; text_shadow_style=&#8221;preset3&#8243; text_shadow_blur_strength=&#8221;0.5em&#8221; text_shadow_color=&#8221;rgba(0,0,0,0.6)&#8221; global_colors_info=&#8221;{}&#8221; sticky_transition=&#8221;on&#8221;][\/et_pb_slide][\/et_pb_fullwidth_slider][\/et_pb_section][et_pb_section bb_built=&#8221;1&#8243; _builder_version=&#8221;4.21.0&#8243; _module_preset=&#8221;default&#8221; z_index=&#8221;999&#8243; custom_margin=&#8221;||0px||false|false&#8221; custom_padding=&#8221;||0px||false|false&#8221; global_colors_info=&#8221;{}&#8221; prev_background_color=&#8221;#000000&#8243; next_background_color=&#8221;#000000&#8243;][et_pb_row column_structure=&#8221;1_2,1_2&#8243; _builder_version=&#8221;4.21.0&#8243; _module_preset=&#8221;default&#8221; global_colors_info=&#8221;{}&#8221;][et_pb_column type=&#8221;1_2&#8243; _builder_version=&#8221;4.21.0&#8243; _module_preset=&#8221;default&#8221; global_colors_info=&#8221;{}&#8221;][\/et_pb_column][et_pb_column type=&#8221;1_2&#8243; _builder_version=&#8221;4.21.0&#8243; _module_preset=&#8221;default&#8221; global_colors_info=&#8221;{}&#8221;][et_pb_image src=&#8221;https:\/\/www.careplus.eu\/wp-content\/uploads\/2023\/06\/przeciw-owadom.png&#8221; alt=&#8221;Przeciw owadom&#8221; title_text=&#8221;przeciw-owadom&#8221; _builder_version=&#8221;4.21.0&#8243; _module_preset=&#8221;default&#8221; positioning=&#8221;absolute&#8221; position_origin_a=&#8221;bottom_right&#8221; vertical_offset=&#8221;-50px&#8221; vertical_offset_tablet=&#8221;-60px&#8221; vertical_offset_phone=&#8221;0px&#8221; vertical_offset_last_edited=&#8221;on|phone&#8221; width=&#8221;220px&#8221; width_tablet=&#8221;220px&#8221; width_phone=&#8221;180px&#8221; width_last_edited=&#8221;on|tablet&#8221; global_colors_info=&#8221;{}&#8221; \/][\/et_pb_column][\/et_pb_row][\/et_pb_section][et_pb_section bb_built=&#8221;1&#8243; admin_label=&#8221;WSKAZOWKI I PORADY&#8221; custom_padding_last_edited=&#8221;on|desktop&#8221; _builder_version=&#8221;4.21.0&#8243; background_color=&#8221;#ffffff&#8221; custom_margin=&#8221;||||false|false&#8221; custom_margin_tablet=&#8221;||||false|false&#8221; custom_margin_phone=&#8221;0px||||false|false&#8221; custom_margin_last_edited=&#8221;on|phone&#8221; custom_padding=&#8221;0px||||false|false&#8221; custom_padding_tablet=&#8221;0px||||false|false&#8221; custom_padding_phone=&#8221;0px||||false|false&#8221; global_colors_info=&#8221;{}&#8221; prev_background_color=&#8221;#000000&#8243; next_background_color=&#8221;#f4f4f4&#8243;][et_pb_row admin_label=&#8221;Safe Travels (tips)&#8221; _builder_version=&#8221;4.16&#8243; background_size=&#8221;initial&#8221; background_position=&#8221;top_left&#8221; background_repeat=&#8221;repeat&#8221; custom_margin=&#8221;0px||0px|&#8221; custom_padding=&#8221;0px||0px|&#8221; collapsed=&#8221;off&#8221; global_colors_info=&#8221;{}&#8221;][et_pb_column type=&#8221;4_4&#8243; _builder_version=&#8221;4.16&#8243; custom_padding=&#8221;|||&#8221; global_colors_info=&#8221;{}&#8221; custom_padding__hover=&#8221;|||&#8221;][et_pb_text admin_label=&#8221;Wskaz\u00f3wki i porady&#8221; _builder_version=&#8221;4.21.0&#8243; header_font=&#8221;|||||on|||&#8221; header_text_color=&#8221;#0b6a30&#8243; header_2_font=&#8221;|800|||||||&#8221; header_2_font_size=&#8221;30px&#8221; header_3_font=&#8221;|800|||||||&#8221; header_3_font_size=&#8221;30px&#8221; text_orientation=&#8221;center&#8221; custom_margin=&#8221;||0em|&#8221; header_font_size_last_edited=&#8221;on|desktop&#8221; header_2_font_size_tablet=&#8221;24px&#8221; header_2_font_size_last_edited=&#8221;on|desktop&#8221; header_3_font_size_last_edited=&#8221;on|desktop&#8221; global_colors_info=&#8221;{}&#8221;]<\/p>\n<h2>Wskaz\u00f3wki i porady<\/h2>\n<p>Care Plus<sup style=\"font-size: 10px;\">\u00ae<\/sup>\u00a0jest liderem na rynku bezpiecznego i zdrowego podr\u00f3\u017cowania od ponad 30 lat. Niezale\u017cnie od tego, czy przebywasz w Polsce, wybierasz si\u0119 do Europy, czy podr\u00f3\u017cujesz w tropikalne miejsce, ch\u0119tnie Ci pomo\u017cemy, s\u0142u\u017c\u0105c rad\u0105 i wskaz\u00f3wkami oraz dostarczaj\u0105c nasze produkty.<\/p>\n<p><strong>Safe Travels, Great Stories.<\/strong><\/p>\n<p>[\/et_pb_text][\/et_pb_column][\/et_pb_row][et_pb_row column_structure=&#8221;1_3,1_3,1_3&#8243; _builder_version=&#8221;4.16&#8243; background_size=&#8221;initial&#8221; background_position=&#8221;top_left&#8221; background_repeat=&#8221;repeat&#8221; global_colors_info=&#8221;{}&#8221;][et_pb_column type=&#8221;1_3&#8243; _builder_version=&#8221;4.16&#8243; custom_padding=&#8221;|||&#8221; global_colors_info=&#8221;{}&#8221; custom_padding__hover=&#8221;|||&#8221;][et_pb_image src=&#8221;https:\/\/www.careplus.eu\/wp-content\/uploads\/2019\/05\/overlast-muggen.jpg&#8221; url=&#8221;\/nl?page_id=6433&#8243; align_tablet=&#8221;center&#8221; align_last_edited=&#8221;on|desktop&#8221; _builder_version=&#8221;4.16&#8243; border_radii=&#8221;on|10px|10px|10px|10px&#8221; global_colors_info=&#8221;{}&#8221; \/][et_pb_text _builder_version=&#8221;4.16&#8243; link_option_url=&#8221;\/nl?page_id=6433&#8243; global_colors_info=&#8221;{}&#8221;]<\/p>\n<h3>What DOES help to repel mosquitoes?<\/h3>\n<p>With the arrival of warm weather, we open doors and windows. For many, the annual fight against mosquitoes starts there. Will it be a summer-long swat fest, or is there an easier way?<\/p>\n<p>[\/et_pb_text][\/et_pb_column][et_pb_column type=&#8221;1_3&#8243; _builder_version=&#8221;4.16&#8243; custom_padding=&#8221;|||&#8221; global_colors_info=&#8221;{}&#8221; custom_padding__hover=&#8221;|||&#8221;][et_pb_image src=&#8221;https:\/\/www.careplus.eu\/wp-content\/uploads\/2019\/04\/bescherming-tegen-teken_small.jpg&#8221; url=&#8221;\/?page_id=5031&#8243; align_tablet=&#8221;center&#8221; align_last_edited=&#8221;on|desktop&#8221; _builder_version=&#8221;4.16&#8243; border_radii=&#8221;on|10px|10px|10px|10px&#8221; global_colors_info=&#8221;{}&#8221; \/][et_pb_text _builder_version=&#8221;4.16&#8243; link_option_url=&#8221;\/?page_id=5031&#8243; global_colors_info=&#8221;{}&#8221;]<\/p>\n<h3>Protection against ticks<\/h3>\n<p>Usually, you won&#8217;t discover a tick until it has attached itself to your skin and gorged itself on blood. Check yourself after being in grass, shrubs or heathlands. Even better: protect yourself against ticks!<\/p>\n<p>[\/et_pb_text][\/et_pb_column][et_pb_column type=&#8221;1_3&#8243; _builder_version=&#8221;4.16&#8243; custom_padding=&#8221;|||&#8221; global_colors_info=&#8221;{}&#8221; custom_padding__hover=&#8221;|||&#8221;][et_pb_image src=&#8221;https:\/\/www.careplus.eu\/wp-content\/uploads\/2019\/04\/uitdroging__small.jpg&#8221; url=&#8221;https:\/\/www.careplus.eu\/nl\/tips-adviezen\/uitdroging\/%20&#8243; align_tablet=&#8221;center&#8221; align_last_edited=&#8221;on|desktop&#8221; _builder_version=&#8221;4.16&#8243; border_radii=&#8221;on|10px|10px|10px|10px&#8221; global_colors_info=&#8221;{}&#8221; \/][et_pb_text _builder_version=&#8221;4.16&#8243; link_option_url=&#8221;https:\/\/www.careplus.eu\/pl\/porady-i-wskazowki-dla-bezpiecznej-podrozy\/dehydration\/&#8221; global_colors_info=&#8221;{}&#8221;]<\/p>\n<h3>Identifying dehydration<\/h3>\n<p>Dehydration is when the body loses more fluids than it takes in. You may feel weak and can experience headache, dizziness and nausea. In addition, you stop urinating and you will be thirsty.<\/p>\n<p>[\/et_pb_text][\/et_pb_column][\/et_pb_row][et_pb_row _builder_version=&#8221;4.16&#8243; background_size=&#8221;initial&#8221; background_position=&#8221;top_left&#8221; background_repeat=&#8221;repeat&#8221; global_colors_info=&#8221;{}&#8221;][et_pb_column type=&#8221;4_4&#8243; _builder_version=&#8221;4.16&#8243; custom_padding=&#8221;|||&#8221; global_colors_info=&#8221;{}&#8221; custom_padding__hover=&#8221;|||&#8221;][et_pb_button admin_label=&#8221;Button Wskaz\u00f3wki i porady&#8221; button_url=&#8221;https:\/\/www.careplus.eu\/pl\/porady-i-wskazowki-dla-bezpiecznej-podrozy\/&#8221; button_text=&#8221;Wi\u0119cej wskaz\u00f3wek i porad&#8221; button_alignment=&#8221;center&#8221; _builder_version=&#8221;4.21.0&#8243; background_layout=&#8221;dark&#8221; global_colors_info=&#8221;{}&#8221; \/][\/et_pb_column][\/et_pb_row][\/et_pb_section][et_pb_section bb_built=&#8221;1&#8243; admin_label=&#8221;PRODUKTY&#8221; module_id=&#8221;cp_pb_product_entry_level&#8221; _builder_version=&#8221;4.21.0&#8243; background_color=&#8221;#f4f4f4&#8243; custom_padding=&#8221;0px|0px|0px|0px&#8221; collapsed=&#8221;off&#8221; global_colors_info=&#8221;{}&#8221; prev_background_color=&#8221;#ffffff&#8221; next_background_color=&#8221;#000000&#8243;][et_pb_row _builder_version=&#8221;4.16&#8243; background_size=&#8221;initial&#8221; background_position=&#8221;top_left&#8221; background_repeat=&#8221;repeat&#8221; custom_padding=&#8221;20px|0px|10px|0px&#8221; global_colors_info=&#8221;{}&#8221;][et_pb_column type=&#8221;4_4&#8243; _builder_version=&#8221;4.16&#8243; custom_padding=&#8221;|||&#8221; global_colors_info=&#8221;{}&#8221; custom_padding__hover=&#8221;|||&#8221;][et_pb_text admin_label=&#8221;Producten&#8221; _builder_version=&#8221;4.16&#8243; header_font=&#8221;|900|||||||&#8221; header_text_color=&#8221;#0b6a30&#8243; header_2_font=&#8221;|800||on|||||&#8221; header_3_font=&#8221;|800|||||||&#8221; header_3_text_color=&#8221;#0b6a30&#8243; header_3_font_size=&#8221;30px&#8221; text_orientation=&#8221;center&#8221; custom_margin=&#8221;||0em|&#8221; custom_padding=&#8221;20px|||&#8221; global_colors_info=&#8221;{}&#8221;]<\/p>\n<h3>Care Plus<sup style=\"font-size: 14px;\">\u00ae<\/sup> Products<\/h3>\n<p>[\/et_pb_text][\/et_pb_column][\/et_pb_row][et_pb_row column_structure=&#8221;1_4,1_4,1_4,1_4&#8243; use_custom_gutter=&#8221;on&#8221; gutter_width=&#8221;2&#8243; _builder_version=&#8221;4.21.0&#8243; custom_padding=&#8221;10px||50px|&#8221; width_unit=&#8221;off&#8221; custom_width_percent=&#8221;75%&#8221; global_colors_info=&#8221;{}&#8221;][et_pb_column type=&#8221;1_4&#8243; _builder_version=&#8221;4.21.0&#8243; background_color=&#8221;#FFFFFF&#8221; custom_padding=&#8221;||20px||false|false&#8221; border_radii=&#8221;on|10px|10px|10px|10px&#8221; global_colors_info=&#8221;{}&#8221; custom_padding__hover=&#8221;|||&#8221;][et_pb_image admin_label=&#8221;Przeciw owadom&#8221; src=&#8221;https:\/\/www.careplus.eu\/wp-content\/uploads\/2023\/06\/Przeciw-owadom.webp&#8221; alt=&#8221;Przeciw owadom Care Plus&#8221; title_text=&#8221;Przeciw-owadom&#8221; _builder_version=&#8221;4.21.0&#8243; _module_preset=&#8221;default&#8221; global_colors_info=&#8221;{}&#8221; \/][et_pb_button button_url=&#8221;https:\/\/www.careplus.eu\/pl\/komary-i-kleszcze\/ochrona\/&#8221; button_text=&#8221;\u015arodek na owady&#8221; button_alignment=&#8221;center&#8221; _builder_version=&#8221;4.21.0&#8243; background_layout=&#8221;dark&#8221; global_colors_info=&#8221;{}&#8221; \/][\/et_pb_column][et_pb_column type=&#8221;1_4&#8243; _builder_version=&#8221;4.21.0&#8243; background_color=&#8221;#FFFFFF&#8221; custom_padding=&#8221;||20px||false|false&#8221; border_radii=&#8221;on|10px|10px|10px|10px&#8221; global_colors_info=&#8221;{}&#8221; custom_padding__hover=&#8221;|||&#8221;][et_pb_image admin_label=&#8221;Pierwsza pomoc&#8221; src=&#8221;https:\/\/www.careplus.eu\/wp-content\/uploads\/2024\/09\/First-Aid-Kit-Compact.webp&#8221; alt=&#8221;Pierwsza pomoc&#8221; title_text=&#8221;Pierwsza-pomoc&#8221; _builder_version=&#8221;4.27.0&#8243; _module_preset=&#8221;default&#8221; global_colors_info=&#8221;{}&#8221; background_pattern_color=&#8221;rgba(0,0,0,0.2)&#8221; background_mask_color=&#8221;#ffffff&#8221; box_shadow_horizontal_tablet=&#8221;0px&#8221; box_shadow_vertical_tablet=&#8221;0px&#8221; box_shadow_blur_tablet=&#8221;40px&#8221; box_shadow_spread_tablet=&#8221;0px&#8221; vertical_offset_tablet=&#8221;0&#8243; horizontal_offset_tablet=&#8221;0&#8243; z_index_tablet=&#8221;0&#8243; \/][et_pb_button button_url=&#8221;https:\/\/www.careplus.eu\/pl\/pierwsza-pomoc-w-czasie-podrozy\/&#8221; button_text=&#8221;Pierwsza pomoc&#8221; button_alignment=&#8221;center&#8221; _builder_version=&#8221;4.21.0&#8243; background_layout=&#8221;dark&#8221; global_colors_info=&#8221;{}&#8221; \/][\/et_pb_column][et_pb_column type=&#8221;1_4&#8243; _builder_version=&#8221;4.21.0&#8243; background_color=&#8221;#FFFFFF&#8221; custom_padding=&#8221;||20px||false|false&#8221; border_radii=&#8221;on|10px|10px|10px|10px&#8221; global_colors_info=&#8221;{}&#8221; custom_padding__hover=&#8221;|||&#8221;][et_pb_image admin_label=&#8221;Higiena&#8221; src=&#8221;https:\/\/www.careplus.eu\/wp-content\/uploads\/2023\/06\/Higiena.jpg&#8221; alt=&#8221;Higiena&#8221; title_text=&#8221;Higiena&#8221; _builder_version=&#8221;4.21.0&#8243; _module_preset=&#8221;default&#8221; global_colors_info=&#8221;{}&#8221; \/][et_pb_button button_url=&#8221;https:\/\/www.careplus.eu\/pl\/higiena\/&#8221; button_text=&#8221;Higiena&#8221; button_alignment=&#8221;center&#8221; _builder_version=&#8221;4.16&#8243; background_layout=&#8221;dark&#8221; global_colors_info=&#8221;{}&#8221; \/][\/et_pb_column][et_pb_column type=&#8221;1_4&#8243; _builder_version=&#8221;4.21.0&#8243; background_color=&#8221;#FFFFFF&#8221; custom_padding=&#8221;||20px||false|false&#8221; border_radii=&#8221;on|10px|10px|10px|10px&#8221; global_colors_info=&#8221;{}&#8221; custom_padding__hover=&#8221;|||&#8221;][et_pb_image admin_label=&#8221;ochrona przed s\u0142o\u0144cem&#8221; src=&#8221;https:\/\/www.careplus.eu\/wp-content\/uploads\/2023\/06\/care-plus-ochrona-przed-sloncem.jpg&#8221; alt=&#8221;Care Plus ochrona przed s\u0142o\u0144cem&#8221; title_text=&#8221;care-plus-ochrona-przed-s\u0142o\u0144cem&#8221; _builder_version=&#8221;4.21.0&#8243; _module_preset=&#8221;default&#8221; global_colors_info=&#8221;{}&#8221; \/][et_pb_button button_url=&#8221;\/en\/sun-protection\/&#8221; button_text=&#8221;Ochrona przed s\u0142o\u0144cem&#8221; button_alignment=&#8221;center&#8221; _builder_version=&#8221;4.21.0&#8243; background_layout=&#8221;dark&#8221; global_colors_info=&#8221;{}&#8221; \/][\/et_pb_column][\/et_pb_row][\/et_pb_section][et_pb_section bb_built=&#8221;1&#8243; admin_label=&#8221;BLOG&#8221; _builder_version=&#8221;4.16&#8243; background_color=&#8221;#f4f4f4&#8243; global_colors_info=&#8221;{}&#8221; prev_background_color=&#8221;#000000&#8243; next_background_color=&#8221;#ffffff&#8221;][et_pb_row _builder_version=&#8221;4.16&#8243; background_size=&#8221;initial&#8221; background_position=&#8221;top_left&#8221; background_repeat=&#8221;repeat&#8221; global_colors_info=&#8221;{}&#8221;][et_pb_column type=&#8221;4_4&#8243; _builder_version=&#8221;4.16&#8243; custom_padding=&#8221;|||&#8221; global_colors_info=&#8221;{}&#8221; custom_padding__hover=&#8221;|||&#8221;][et_pb_text admin_label=&#8221;Blog tekst&#8221; _builder_version=&#8221;4.21.0&#8243; header_3_font=&#8221;|800|||||||&#8221; header_3_text_align=&#8221;center&#8221; header_3_font_size=&#8221;30px&#8221; global_colors_info=&#8221;{}&#8221;]<\/p>\n<h3 style=\"text-align: center;\">Care Plus<sup style=\"font-size: 12px;\">\u00ae<\/sup> Blog<\/h3>\n<p style=\"text-align: center;\">Ponad 30 lat wiedzy, do\u015bwiadczenia i inspiracji na temat bezpiecznych podr\u00f3\u017cy i rekreacji na \u015bwie\u017cym powietrzu.<\/p>\n<p>[\/et_pb_text][et_pb_blog admin_label=&#8221;3 nieuwsberichten DESKTOP&#8221; fullwidth=&#8221;off&#8221; posts_number=&#8221;3&#8243; include_categories=&#8221;420&#8243; meta_date=&#8221;j M, Y&#8221; show_pagination=&#8221;off&#8221; disabled_on=&#8221;on|off|off&#8221; module_class=&#8221;pa-blog-equal-height&#8221; _builder_version=&#8221;4.21.0&#8243; meta_font=&#8221;|700|||||||&#8221; meta_font_size=&#8221;11&#8243; link_option_url=&#8221;https:\/\/www.careplus.eu\/nl\/blog\/&#8221; border_radii=&#8221;on|10px|10px|10px|10px&#8221; global_colors_info=&#8221;{}&#8221; \/][et_pb_blog admin_label=&#8221;3 nieuwsberichten MOBILE&#8221; posts_number=&#8221;3&#8243; include_categories=&#8221;420&#8243; meta_date=&#8221;j M, Y&#8221; show_pagination=&#8221;off&#8221; disabled_on=&#8221;off|on|on&#8221; module_class=&#8221;custom_blog&#8221; _builder_version=&#8221;4.16&#8243; meta_font=&#8221;|700|||||||&#8221; meta_font_size=&#8221;11&#8243; link_option_url=&#8221;https:\/\/www.careplus.eu\/nl\/blog\/&#8221; header_font_size_phone=&#8221;22px&#8221; header_font_size_last_edited=&#8221;on|phone&#8221; border_radii_image=&#8221;on|10px|10px|10px|10px&#8221; global_colors_info=&#8221;{}&#8221; \/][et_pb_button admin_label=&#8221;Button Wi\u0119cej artyku\u0142\u00f3w&#8221; button_url=&#8221;@ET-DC@eyJkeW5hbWljIjp0cnVlLCJjb250ZW50IjoicG9zdF9saW5rX3VybF9wYWdlIiwic2V0dGluZ3MiOnsicG9zdF9pZCI6IjkxNTUifX0=@&#8221; button_text=&#8221;Wi\u0119cej artyku\u0142\u00f3w&#8221; button_alignment=&#8221;center&#8221; _builder_version=&#8221;4.21.0&#8243; _dynamic_attributes=&#8221;button_url&#8221; background_layout=&#8221;dark&#8221; global_colors_info=&#8221;{}&#8221; \/][\/et_pb_column][\/et_pb_row][\/et_pb_section][et_pb_section bb_built=&#8221;1&#8243; admin_label=&#8221;VISION&#8221; module_id=&#8221;cp_pb_our_vision&#8221; module_class=&#8221;cp_pb_divider&#8221; _builder_version=&#8221;4.16&#8243; use_background_color_gradient=&#8221;on&#8221; background_color_gradient_stops=&#8221;#f4f4f4 0%|#e4e8e7 100%&#8221; background_color_gradient_start=&#8221;#f4f4f4&#8243; background_color_gradient_end=&#8221;#e4e8e7&#8243; global_colors_info=&#8221;{}&#8221; prev_background_color=&#8221;#f4f4f4&#8243;][et_pb_row admin_label=&#8221;Our Vision&#8221; column_structure=&#8221;2_5,3_5&#8243; use_custom_gutter=&#8221;on&#8221; gutter_width=&#8221;4&#8243; _builder_version=&#8221;4.16&#8243; background_size=&#8221;initial&#8221; background_position=&#8221;top_left&#8221; background_repeat=&#8221;repeat&#8221; custom_padding=&#8221;0|0px|27px|0px|false|false&#8221; collapsed=&#8221;off&#8221; global_colors_info=&#8221;{}&#8221;][et_pb_column type=&#8221;2_5&#8243; _builder_version=&#8221;4.16&#8243; custom_padding=&#8221;|||&#8221; global_colors_info=&#8221;{}&#8221; custom_padding__hover=&#8221;|||&#8221;][et_pb_image admin_label=&#8221;Beeld &#8221; src=&#8221;https:\/\/www.careplus.eu\/wp-content\/uploads\/2020\/05\/malariafree2030-buy-one-give-one.jpg&#8221; alt=&#8221;buy one, give one for a malaria free world&#8221; title_text=&#8221;malariafree2030-buy-one-give-one&#8221; align_tablet=&#8221;center&#8221; align_last_edited=&#8221;on|desktop&#8221; _builder_version=&#8221;4.16&#8243; border_radii=&#8221;on|10px|10px|10px|10px&#8221; global_colors_info=&#8221;{}&#8221; \/][\/et_pb_column][et_pb_column type=&#8221;3_5&#8243; _builder_version=&#8221;4.16&#8243; custom_padding=&#8221;|||&#8221; global_colors_info=&#8221;{}&#8221; custom_padding__hover=&#8221;|||&#8221;][et_pb_text admin_label=&#8221;Onze visie&#8221; _builder_version=&#8221;4.21.0&#8243; header_font_size=&#8221;24px&#8221; header_2_font=&#8221;|800||on|||||&#8221; header_3_font=&#8221;|900|||||||&#8221; header_3_text_color=&#8221;#0b6a30&#8243; header_3_font_size=&#8221;24px&#8221; custom_padding=&#8221;20px|10%||&#8221; header_3_font_size_last_edited=&#8221;on|desktop&#8221; global_colors_info=&#8221;{}&#8221;]<\/p>\n<h3>Nasza wizja: \u015awiat wolny od malarii w 2030 roku<\/h3>\n<p>Misj\u0105 Travel Health Group jest \u015bwiat wolny od malarii w 2030 roku. Jest to ambitny cel, kt\u00f3ry zobowi\u0105zujemy si\u0119 osi\u0105gn\u0105\u0107 wraz z naszymi partnerami. <a href=\"\/pl\/porady-i-wskazowki-dla-bezpiecznej-podrozy\/protection-from-tropical-diseases\/malaria\/\">Malaria<\/a>\u00a0to ci\u0119\u017cka choroba zaka\u017ana choroba, kt\u00f3ra dotyka ponad 214 milion\u00f3w ludzi rocznie i powoduje 405 000 zgon\u00f3w. Wi\u0119kszo\u015b\u0107 ofiar \u015bmiertelnych to dzieci poni\u017cej 5 lat. Przekazujemy 1% naszego rocznego obrotu na projekty, kt\u00f3rych celem jest uwolnienie \u015bwiata od malarii.<\/p>\n<p>[\/et_pb_text][et_pb_button button_url=&#8221;https:\/\/www.careplus.eu\/pl\/malaria-free-world-2030\/&#8221; button_text=&#8221;Wi\u0119cej o nas&#8221; button_alignment=&#8221;left&#8221; _builder_version=&#8221;4.21.0&#8243; background_layout=&#8221;dark&#8221; global_colors_info=&#8221;{}&#8221; \/][\/et_pb_column][\/et_pb_row][\/et_pb_section]<\/p>\n","protected":false},"excerpt":{"rendered":"<p>Care Plus\u00ae ma na celu zach\u0119cenie podr\u00f3\u017cnych, wczasowicz\u00f3w i wycieczkowicz\u00f3w do dbania o zdrowie podczas podr\u00f3\u017cy. Care Plus\u00ae robi to, dziel\u0105c si\u0119 wiedz\u0105, udzielaj\u0105c porad i zapewniaj\u0105c szerok\u0105 gam\u0119 produkt\u00f3w, kt\u00f3re u\u0142atwiaj\u0105 podr\u00f3\u017cowanie w stanie przygotowanym i chronionym.<\/p>\n","protected":false},"author":37,"featured_media":0,"parent":0,"menu_order":0,"comment_status":"closed","ping_status":"closed","template":"","meta":{"_acf_changed":false,"_et_pb_use_builder":"on","_et_pb_old_content":"","_et_gb_content_width":"","footnotes":""},"class_list":["post-9165","page","type-page","status-publish","hentry"],"acf":[],"_links":{"self":[{"href":"https:\/\/www.careplus.eu\/pl\/wp-json\/wp\/v2\/pages\/9165","targetHints":{"allow":["GET"]}}],"collection":[{"href":"https:\/\/www.careplus.eu\/pl\/wp-json\/wp\/v2\/pages"}],"about":[{"href":"https:\/\/www.careplus.eu\/pl\/wp-json\/wp\/v2\/types\/page"}],"author":[{"embeddable":true,"href":"https:\/\/www.careplus.eu\/pl\/wp-json\/wp\/v2\/users\/37"}],"replies":[{"embeddable":true,"href":"https:\/\/www.careplus.eu\/pl\/wp-json\/wp\/v2\/comments?post=9165"}],"version-history":[{"count":0,"href":"https:\/\/www.careplus.eu\/pl\/wp-json\/wp\/v2\/pages\/9165\/revisions"}],"wp:attachment":[{"href":"https:\/\/www.careplus.eu\/pl\/wp-json\/wp\/v2\/media?parent=9165"}],"curies":[{"name":"wp","href":"https:\/\/api.w.org\/{rel}","templated":true}]}}