


{"id":9141,"date":"2020-05-28T16:25:55","date_gmt":"2020-05-28T14:25:55","guid":{"rendered":"https:\/\/staging.careplus.eu\/pierwsza-pomoc-w-czasie-podrozy\/blisters\/"},"modified":"2023-06-10T09:53:38","modified_gmt":"2023-06-10T07:53:38","slug":"blisters","status":"publish","type":"page","link":"https:\/\/www.careplus.eu\/pl\/pierwsza-pomoc-w-czasie-podrozy\/blisters\/","title":{"rendered":"Jasne"},"content":{"rendered":"<p>[et_pb_section fb_built=&#8221;1&#8243; fullwidth=&#8221;on&#8221; _builder_version=&#8221;4.21.0&#8243; background_image=&#8221;https:\/\/www.careplus.eu\/wp-content\/uploads\/2023\/06\/blaren.jpg&#8221; bottom_divider_style=&#8221;curve&#8221; bottom_divider_color=&#8221;#ffffff&#8221; bottom_divider_height=&#8221;40px&#8221; global_colors_info=&#8221;{}&#8221;][et_pb_fullwidth_slider show_arrows=&#8221;off&#8221; show_pagination=&#8221;off&#8221; _builder_version=&#8221;4.21.0&#8243; global_colors_info=&#8221;{}&#8221;][et_pb_slide heading=&#8221;Jasne&#8221; use_bg_overlay=&#8221;off&#8221; use_text_overlay=&#8221;off&#8221; _builder_version=&#8221;4.21.0&#8243; header_level=&#8221;h1&#8243; header_font=&#8221;|800|||||||&#8221; header_font_size=&#8221;36&#8243; background_color=&#8221;RGBA(255,255,255,0)&#8221; background_enable_color=&#8221;on&#8221; background_enable_image=&#8221;off&#8221; button_on_hover=&#8221;on&#8221; custom_padding=&#8221;15%||15%||false|false&#8221; custom_padding_tablet=&#8221;30%||30%|&#8221; custom_padding_phone=&#8221;30%||30%|&#8221; custom_padding_last_edited=&#8221;on|desktop&#8221; header_font_size_tablet=&#8221;30&#8243; header_font_size_phone=&#8221;30&#8243; header_font_size_last_edited=&#8221;on|phone&#8221; header_text_shadow_style=&#8221;preset3&#8243; header_text_shadow_blur_strength=&#8221;0.5em&#8221; header_text_shadow_color=&#8221;rgba(0,0,0,0.6)&#8221; global_colors_info=&#8221;{}&#8221; sticky_transition=&#8221;on&#8221;][\/et_pb_slide][\/et_pb_fullwidth_slider][\/et_pb_section][et_pb_section fb_built=&#8221;1&#8243; admin_label=&#8221;INTRO&#8221; module_id=&#8221;cp_pb_page_extra&#8221; _builder_version=&#8221;4.21.0&#8243; custom_margin=&#8221;50px||||false|false&#8221; custom_padding=&#8221;0px||||false|false&#8221; global_colors_info=&#8221;{}&#8221;][et_pb_row _builder_version=&#8221;4.21.0&#8243; background_size=&#8221;initial&#8221; background_position=&#8221;top_left&#8221; background_repeat=&#8221;repeat&#8221; custom_margin=&#8221;||||false|false&#8221; global_colors_info=&#8221;{}&#8221;][et_pb_column type=&#8221;4_4&#8243; _builder_version=&#8221;4.16&#8243; custom_padding=&#8221;|||&#8221; global_colors_info=&#8221;{}&#8221; custom_padding__hover=&#8221;|||&#8221;][et_pb_dmb_breadcrumbs _builder_version=&#8221;4.16&#8243; body_font_size_tablet=&#8221;51&#8243; body_line_height_tablet=&#8221;2&#8243; separator_font_size_tablet=&#8221;51&#8243; separator_line_height_tablet=&#8221;2&#8243; link_font_size_tablet=&#8221;51&#8243; link_line_height_tablet=&#8221;2&#8243; linkhover_font_size_tablet=&#8221;51&#8243; linkhover_line_height_tablet=&#8221;2&#8243; global_colors_info=&#8221;{}&#8221;][\/et_pb_dmb_breadcrumbs][\/et_pb_column][\/et_pb_row][et_pb_row _builder_version=&#8221;4.16&#8243; global_colors_info=&#8221;{}&#8221;][et_pb_column type=&#8221;4_4&#8243; _builder_version=&#8221;4.16&#8243; custom_padding=&#8221;|||&#8221; global_colors_info=&#8221;{}&#8221; custom_padding__hover=&#8221;|||&#8221;][et_pb_text admin_label=&#8221;Inleiding&#8221; module_id=&#8221;cp_pb_extra_content&#8221; _builder_version=&#8221;4.16&#8243; header_2_font=&#8221;|800|||||||&#8221; header_2_font_size=&#8221;30px&#8221; global_colors_info=&#8221;{}&#8221;]<\/p>\n<h2>Co to s\u0105 p\u0119cherze i jak powstaj\u0105?<\/h2>\n<p><strong>Je\u015bli sk\u00f3ra jest stale nara\u017cona na ucisk lub tarcie, mo\u017ce powsta\u0107 p\u0119cherz. Ze wzgl\u0119du na tarcie lub nacisk, g\u00f3rna warstwa sk\u00f3ry oddziela si\u0119 od warstw poni\u017cej. W tym miejscu tworzy si\u0119 p\u0119cherz wype\u0142niony p\u0142ynem tkankowym. Cia\u0142o wytwarza p\u0119cherz, aby chroni\u0107 ran\u0119 przed jeszcze wi\u0119kszym tarciem lub uciskiem.<\/strong><\/p>\n<p>P\u0119cherze pojawiaj\u0105 si\u0119, gdy cz\u0119\u015b\u0107 sk\u00f3ry jest poddawana silnemu tarciu. Szczeg\u00f3lnie, gdy sk\u00f3ra jest wilgotna, szybko rozwijaj\u0105 si\u0119 p\u0119cherze. Najpierw w tym miejscu pojawia si\u0119 czerwona plama. Je\u015bli po tym tarcie b\u0119dzie kontynuowane, powstanie wn\u0119ka z wilgoci\u0105. Nienormalne tarcie mo\u017ce by\u0107 spowodowane przez:<\/p>\n<ul>\n<li>Niew\u0142a\u015bciwie dopasowane skarpetki lub skarpetki ze szwami\/niedoskona\u0142o\u015bciami<\/li>\n<li>Z\u0142y rozmiar but\u00f3w (za du\u017ce lub za ma\u0142e)<\/li>\n<li > Nieprawid\u0142owo\u015bci w stopach (na przyk\u0142ad odciski lub palce m\u0142otkowate)<\/li>\n<li>D\u0142ugotrwa\u0142e chodzenie, gdzie pochy\u0142y teren mo\u017ce przyspieszy\u0107 powstawanie p\u0119cherzy<\/li>\n<\/ul>\n<p>Wilgo\u0107 sprzyja powstawaniu p\u0119cherzy. Upewnij si\u0119, \u017ce stopy i skarpetki s\u0105 tak suche, jak to tylko mo\u017cliwe. Ponadto podejmij dzia\u0142ania, aby w jak najwi\u0119kszym stopniu zapobiec powstawaniu p\u0119cherzy, na przyk\u0142ad stosuj\u0105c kamfor\u0119, puder do st\u00f3p lub ta\u015bm\u0119.<\/p>\n<p>[\/et_pb_text][\/et_pb_column][\/et_pb_row][et_pb_row _builder_version=&#8221;4.16&#8243; background_size=&#8221;initial&#8221; background_position=&#8221;top_left&#8221; background_repeat=&#8221;repeat&#8221; global_colors_info=&#8221;{}&#8221;][et_pb_column type=&#8221;4_4&#8243; _builder_version=&#8221;4.16&#8243; custom_padding=&#8221;|||&#8221; global_colors_info=&#8221;{}&#8221; custom_padding__hover=&#8221;|||&#8221;][et_pb_text admin_label=&#8221;Tips om blaren te voorkomen&#8221; _builder_version=&#8221;4.21.0&#8243; global_colors_info=&#8221;{}&#8221;]<\/p>\n<h3>Zapobiegaj powstawaniu p\u0119cherzy<\/h3>\n<p>Mo\u017cesz zapobiega\u0107 p\u0119cherzom, nosz\u0105c dobrze dopasowane i wygodne buty. Nawet wtedy szybki spacer lub w\u0119dr\u00f3wka mo\u017ce prowadzi\u0107 do p\u0119cherzy. Mo\u017cesz temu zapobiec, stosuj\u0105c najpierw do st\u00f3p <a href=\"\/pl\/pierwsza-pomoc-w-czasie-podrozy\/blisters\/prevention\/foot-powder\/\">puder do st\u00f3p<\/a> firmy Care Plus<sup style=\"font-size : 10px;\">\u00ae<\/sup>. Ten puder do st\u00f3p poch\u0142ania wilgo\u0107, wysusza stopy i pomaga w ten spos\u00f3b zapobiega\u0107 powstawaniu p\u0119cherzy.<\/p>\n<p>Je\u015bli naprawd\u0119 chcesz zminimalizowa\u0107 ryzyko powstawania p\u0119cherzy, stosuj Care Plus<sup style=\"font-size: 10px;\">\u00ae<\/sup> spray przeciw p\u0119cherzom. Codzienne spryskiwanie st\u00f3p tym sprayem do st\u00f3p sprawia, \u017ce \u200b\u200bsk\u00f3ra staje si\u0119 twardsza, co zapobiega powstawaniu p\u0119cherzy.[\/et_pb_text][\/et_pb_column][\/et_pb_row][et_pb_row _builder_version=&#8221;4.16&#8243; background_size=&#8221;initial&#8221; background_position=&#8221;top_left&#8221; background_repeat=&#8221;repeat&#8221; global_colors_info=&#8221;{}&#8221;][et_pb_column type=&#8221;4_4&#8243; _builder_version=&#8221;4.16&#8243; custom_padding=&#8221;|||&#8221; global_colors_info=&#8221;{}&#8221; custom_padding__hover=&#8221;|||&#8221;][et_pb_text admin_label=&#8221;Blaren behandelen&#8221; _builder_version=&#8221;4.21.0&#8243; hover_enabled=&#8221;0&#8243; global_colors_info=&#8221;{}&#8221; sticky_enabled=&#8221;0&#8243;]<\/p>\n<h3>Leczenie p\u0119cherzy<\/h3>\n<p>Dobrze traktuj sw\u00f3j p\u0119cherz, je\u015bli go masz. Blister mo\u017ce p\u0119kn\u0105\u0107, je\u015bli ci\u015bnienie lub tarcie nie zostan\u0105 zmniejszone. Nast\u0119pnie masz otwart\u0105 ran\u0119, kt\u00f3ra mo\u017ce \u0142atwo ulec zaka\u017ceniu. Plastry z p\u0119cherzami zmniejszaj\u0105 ucisk i b\u00f3l oraz mog\u0105 zapobiega\u0107 infekcjom. Nasze <a href=\"\/pl\/pierwsza-pomoc-w-czasie-podrozy\/blisters\/treatment\/blister-plasters\/\">plastry na p\u0119cherze<\/a> s\u0105 dost\u0119pne w r\u00f3\u017cnych rozmiarach. Odpowiedni plaster na ka\u017cdy blister.[\/et_pb_text][\/et_pb_column][\/et_pb_row][\/et_pb_section]<\/p>\n","protected":false},"excerpt":{"rendered":"<p>What are blisters and how do they develop? If the skin is continually plagued by pressure or friction, a blister may form. The upper layer of the skin detaches from the underlying layers due to friction or pressure. A blister filled with tissue fluid forms in that spot. The body makes the blister to protect the wound against even more friction or pressure.<\/p>\n","protected":false},"author":37,"featured_media":0,"parent":8809,"menu_order":0,"comment_status":"closed","ping_status":"closed","template":"","meta":{"_acf_changed":false,"_et_pb_use_builder":"on","_et_pb_old_content":"","_et_gb_content_width":"","footnotes":""},"class_list":["post-9141","page","type-page","status-publish","hentry"],"acf":[],"_links":{"self":[{"href":"https:\/\/www.careplus.eu\/pl\/wp-json\/wp\/v2\/pages\/9141","targetHints":{"allow":["GET"]}}],"collection":[{"href":"https:\/\/www.careplus.eu\/pl\/wp-json\/wp\/v2\/pages"}],"about":[{"href":"https:\/\/www.careplus.eu\/pl\/wp-json\/wp\/v2\/types\/page"}],"author":[{"embeddable":true,"href":"https:\/\/www.careplus.eu\/pl\/wp-json\/wp\/v2\/users\/37"}],"replies":[{"embeddable":true,"href":"https:\/\/www.careplus.eu\/pl\/wp-json\/wp\/v2\/comments?post=9141"}],"version-history":[{"count":0,"href":"https:\/\/www.careplus.eu\/pl\/wp-json\/wp\/v2\/pages\/9141\/revisions"}],"up":[{"embeddable":true,"href":"https:\/\/www.careplus.eu\/pl\/wp-json\/wp\/v2\/pages\/8809"}],"wp:attachment":[{"href":"https:\/\/www.careplus.eu\/pl\/wp-json\/wp\/v2\/media?parent=9141"}],"curies":[{"name":"wp","href":"https:\/\/api.w.org\/{rel}","templated":true}]}}