


{"id":8924,"date":"2020-05-25T08:25:26","date_gmt":"2020-05-25T06:25:26","guid":{"rendered":"https:\/\/www.careplus.eu\/komary-i-kleszcze\/ochrona\/odstraszacz-owadow-deet\/"},"modified":"2025-05-20T12:05:54","modified_gmt":"2025-05-20T11:05:54","slug":"odstraszacz-owadow-deet","status":"publish","type":"page","link":"https:\/\/www.careplus.eu\/pl\/komary-i-kleszcze\/ochrona\/odstraszacz-owadow-deet\/","title":{"rendered":"Odstraszacz owad\u00f3w DEET"},"content":{"rendered":"<p>[et_pb_section fb_built=&#8221;1&#8243; fullwidth=&#8221;on&#8221; _builder_version=&#8221;4.16&#8243; bottom_divider_style=&#8221;curve&#8221; bottom_divider_color=&#8221;#ffffff&#8221; bottom_divider_height=&#8221;40px&#8221; global_colors_info=&#8221;{}&#8221;][et_pb_fullwidth_slider show_arrows=&#8221;off&#8221; show_pagination=&#8221;off&#8221; _builder_version=&#8221;4.16&#8243; custom_padding=&#8221;22%||10%|&#8221; global_colors_info=&#8221;{}&#8221;][et_pb_slide heading=&#8221;Odstraszacz owad\u00f3w DEET&#8221; use_bg_overlay=&#8221;off&#8221; use_text_overlay=&#8221;off&#8221; _builder_version=&#8221;4.16&#8243; header_level=&#8221;h1&#8243; header_font=&#8221;|800|||||||&#8221; header_font_size=&#8221;36&#8243; background_color=&#8221;#0b6a30&#8243; background_image=&#8221;https:\/\/www.careplus.eu\/wp-content\/uploads\/2019\/02\/anti-insect-deet-mug.jpg&#8221; button_on_hover=&#8221;on&#8221; custom_padding=&#8221;15%||15%|&#8221; custom_padding_tablet=&#8221;15%||15%|&#8221; custom_padding_phone=&#8221;30%||30%|&#8221; custom_padding_last_edited=&#8221;on|desktop&#8221; header_font_size_tablet=&#8221;30&#8243; header_font_size_phone=&#8221;30&#8243; header_font_size_last_edited=&#8221;on|tablet&#8221; header_text_shadow_style=&#8221;preset3&#8243; header_text_shadow_color=&#8221;rgba(0,0,0,0.6)&#8221; global_colors_info=&#8221;{}&#8221; sticky_transition=&#8221;on&#8221;][\/et_pb_slide][\/et_pb_fullwidth_slider][\/et_pb_section][et_pb_section fb_built=&#8221;1&#8243; module_id=&#8221;cp_pb_page_content&#8221; module_class=&#8221;cp_pb_regular_post_content&#8221; _builder_version=&#8221;4.16&#8243; global_colors_info=&#8221;{}&#8221;][et_pb_row admin_label=&#8221;Page Header&#8221; _builder_version=&#8221;4.16&#8243; background_size=&#8221;initial&#8221; background_position=&#8221;top_left&#8221; background_repeat=&#8221;repeat&#8221; border_radii=&#8221;on|10px|10px|10px|10px&#8221; collapsed=&#8221;off&#8221; global_colors_info=&#8221;{}&#8221;][et_pb_column type=&#8221;4_4&#8243; _builder_version=&#8221;4.16&#8243; background_color=&#8221;#ffffff&#8221; custom_padding=&#8221;|||&#8221; global_colors_info=&#8221;{}&#8221; custom_padding__hover=&#8221;|||&#8221;][et_pb_dmb_breadcrumbs _builder_version=&#8221;4.16&#8243; body_font_size_tablet=&#8221;51&#8243; body_line_height_tablet=&#8221;2&#8243; separator_font_size_tablet=&#8221;51&#8243; separator_line_height_tablet=&#8221;2&#8243; link_font_size_tablet=&#8221;51&#8243; link_line_height_tablet=&#8221;2&#8243; linkhover_font_size_tablet=&#8221;51&#8243; linkhover_line_height_tablet=&#8221;2&#8243; global_colors_info=&#8221;{}&#8221;][\/et_pb_dmb_breadcrumbs][et_pb_text _builder_version=&#8221;4.16&#8243; header_2_font=&#8221;|800|||||||&#8221; global_colors_info=&#8221;{}&#8221;]<\/p>\n<h2>Odstraszacz owad\u00f3w z DEET<\/h2>\n<p><strong>DEET od Care Plus\u00ae to najsilniejszy \u015brodek odstraszaj\u0105cy owady przeznaczony do spryskiwania sk\u00f3ry. Substancja czynna jest skuteczna przeciwko r\u00f3\u017cnym insektom przenosz\u0105cym choroby, takim jak komary i kleszcze. DEET zapewnia do 10 godzin ochrony przed ich u\u017c\u0105dleniami i uk\u0105szeniami. Stosowanie DEET zaleca si\u0119 w regionach, w kt\u00f3rych istnieje ryzyko zara\u017cenia si\u0119 malari\u0105, deng\u0105, ziki, czikunguni\u0105, \u017c\u00f3\u0142t\u0105 gor\u0105czk\u0105 i wirusem Zachodniego Nilu. DEET mo\u017cna stosowa\u0107 we wszystkich miejscach \u015bwiata, zar\u00f3wno tych zlokalizowanych daleko i bli\u017cej domu.<\/strong><\/p>\n<p>Aktywny sk\u0142adnik DEET jest skuteczny przeciwko k\u0142uj\u0105cym owadom i kleszczom. DEET jest najbardziej skuteczny przeciwko (tropikalnym) komarom i kleszczom. Podana warto\u015b\u0107 procentowa okre\u015bla czas dzia\u0142ania.[\/et_pb_text][et_pb_video src=&#8221;https:\/\/youtu.be\/NPgBFPGejic&#8221; _builder_version=&#8221;4.16&#8243; border_radii=&#8221;on|10px|10px|10px|10px&#8221; global_colors_info=&#8221;{}&#8221;][\/et_pb_video][et_pb_text admin_label=&#8221;Wat is DEET&#8221; module_id=&#8221;cp_pb_extra_content&#8221; _builder_version=&#8221;4.16&#8243; global_colors_info=&#8221;{}&#8221;]<\/p>\n<h2>Co to jest DEET?<\/h2>\n<p>DEET to skr\u00f3cona nazwa zwi\u0105zku chemicznego N,N-dietylo-m-toluamidu. Nazw\u0119 N,N,-dietylo-m-toluamid niedawno zast\u0105piono nazw\u0105 N,N-dietylo-3-metylobenzamid, ale mo\u017cna si\u0119 spotka\u0107 z obiema tymi nazwami. DEET od Care Plus\u00ae jest dost\u0119pny jako balsam i spray o st\u0119\u017ceniu 50%, spray 40% oraz spray i \u017cel 30%.<\/p>\n<p>Jedno opakowanie o zawarto\u015bci 60 ml wystarczy jednej osobie na 2 do 3 tygodni codziennego stosowania zgodnie z instrukcj\u0105. Care Plus\u00ae zaleca DEET w st\u0119\u017ceniu od 30% do 50%. \u015arodki odstraszaj\u0105ce owady z DEET w st\u0119\u017ceniu poni\u017cej 30% nie s\u0105 wystarczaj\u0105co skuteczne, a st\u0119\u017cenie powy\u017cej 50% nie podnosi jego skuteczno\u015bci. Aby zapewni\u0107 nale\u017cyt\u0105 ochron\u0119, wa\u017cne jest, aby DEET od Care Plus\u00ae nak\u0142ada\u0107 dok\u0142adnie na ca\u0142\u0105 ods\u0142oni\u0119t\u0105 sk\u00f3r\u0119.<\/p>\n<h2>Uznany za &#8222;Najlepszy w te\u015bcie&#8221; przez Stowarzyszenie Konsument\u00f3w<\/h2>\n<p>Spray Care Plus\u00ae DEET zosta\u0142 uznany za &#8222;Najlepszy w te\u015bcie&#8221; przez Holenderskie Stowarzyszenie Konsument\u00f3w w 1997 roku i Belgijskie Stowarzyszenie Konsument\u00f3w (Test-Aankoop) w Belgii w 2001 roku. Balsam Care Plus\u00ae DEET zosta\u0142 oceniony jako &#8222;DOBRY&#8221; w niemieckim badaniu Stiftung Consumer Test w 2004 roku. \u017bel Care Plus\u00ae DEET zosta\u0142 w 2005 roku uznany za &#8222;Najlepszy w te\u015bcie&#8221; przez Holenderskie Stowarzyszenie Konsument\u00f3w.<br \/>\n[\/et_pb_text][\/et_pb_column][\/et_pb_row][\/et_pb_section][et_pb_section fb_built=&#8221;1&#8243; module_id=&#8221;cp_pb_call_to_action&#8221; module_class=&#8221;cp_pb_divider&#8221; _builder_version=&#8221;4.16&#8243; background_color=&#8221;#e4e8e7&#8243; global_colors_info=&#8221;{}&#8221;][et_pb_row column_structure=&#8221;1_3,1_3,1_3&#8243; use_custom_gutter=&#8221;on&#8221; gutter_width=&#8221;2&#8243; admin_label=&#8221;CTA&#8221; _builder_version=&#8221;4.16&#8243; background_color=&#8221;#ffffff&#8221; background_size=&#8221;initial&#8221; background_position=&#8221;top_left&#8221; background_repeat=&#8221;repeat&#8221; custom_padding=&#8221;|20px||20px&#8221; border_radii=&#8221;on|10px|10px|10px|10px&#8221; collapsed=&#8221;off&#8221; global_colors_info=&#8221;{}&#8221;][et_pb_column type=&#8221;1_3&#8243; _builder_version=&#8221;4.16&#8243; background_color=&#8221;#ffffff&#8221; custom_padding=&#8221;|||&#8221; global_colors_info=&#8221;{}&#8221; custom_padding__hover=&#8221;|||&#8221;][et_pb_image src=&#8221;https:\/\/www.careplus.eu\/wp-content\/uploads\/2025\/05\/care-plus-deet-30-procent-gel-tegen-muggen-2.webp&#8221; align_tablet=&#8221;center&#8221; align_phone=&#8221;&#8221; align_last_edited=&#8221;on|desktop&#8221; _builder_version=&#8221;4.27.4&#8243; hover_enabled=&#8221;0&#8243; global_colors_info=&#8221;{}&#8221; alt=&#8221;care plus Deet 30 procent \u017cel przeciw owadom przeciwko komarom&#8221; title_text=&#8221;care-plus-deet-30-procent-gel-tegen-muggen&#8221; sticky_enabled=&#8221;0&#8243;][\/et_pb_image][et_pb_text _builder_version=&#8221;4.16&#8243; header_3_font=&#8221;|700|||||||&#8221; background_color=&#8221;#d8ecdb&#8221; custom_margin=&#8221;|15px||15px&#8221; custom_padding=&#8221;20px|20px|20px|20px&#8221; border_radii=&#8221;on|10px|10px|10px|10px&#8221; global_colors_info=&#8221;{}&#8221;]<\/p>\n<h3>Care Plus<sup style=\"font-size: 10px\">\u00ae <\/sup>Odstraszacz owad\u00f3w z DEET 30%<\/h3>\n<hr \/>\n<p>Dla dzieci od 13 lat i doros\u0142ych.<\/p>\n<hr \/>\n<p>Do 6 godzin ochrony przed komarami i do 3 godzin ochrony przed kleszczami.<br \/>\n[\/et_pb_text][et_pb_toggle title=&#8221;\u017bel  80ml&#8221; open_toggle_background_color=&#8221;#d8ecdb&#8221; closed_toggle_background_color=&#8221;#d8ecdb&#8221; icon_color=&#8221;#136932&#8243; open_icon_color=&#8221;#136932&#8243; admin_label=&#8221;Gel 80ml&#8221; _builder_version=&#8221;4.16&#8243; custom_margin=&#8221;|20px||20px&#8221; border_radii=&#8221;on|10px|10px|10px|10px&#8221; global_colors_info=&#8221;{}&#8221;]<\/p>\n<ul>\n<li>Wystarcza na 2 do 3 tygodni codziennego stosowania zgodnie z instrukcj\u0105.<\/li>\n<\/ul>\n<p>[\/et_pb_toggle][et_pb_divider show_divider=&#8221;off&#8221; _builder_version=&#8221;4.16&#8243; height=&#8221;10px&#8221; global_colors_info=&#8221;{}&#8221;][\/et_pb_divider][\/et_pb_column][et_pb_column type=&#8221;1_3&#8243; _builder_version=&#8221;4.16&#8243; background_color=&#8221;#ffffff&#8221; custom_padding=&#8221;|||&#8221; global_colors_info=&#8221;{}&#8221; custom_padding__hover=&#8221;|||&#8221;][et_pb_image src=&#8221;https:\/\/www.careplus.eu\/wp-content\/uploads\/2020\/03\/careplus-anti-insect-deet-60ml.jpg&#8221; align_tablet=&#8221;center&#8221; align_phone=&#8221;&#8221; align_last_edited=&#8221;on|desktop&#8221; _builder_version=&#8221;4.16&#8243; global_colors_info=&#8221;{}&#8221;][\/et_pb_image][et_pb_text _builder_version=&#8221;4.16&#8243; header_font=&#8221;|700|||||||&#8221; header_3_font=&#8221;|700|||||||&#8221; background_color=&#8221;#d8ecdb&#8221; custom_margin=&#8221;|15px||15px&#8221; custom_padding=&#8221;20px|20px|20px|20px&#8221; border_radii=&#8221;on|10px|10px|10px|10px&#8221; global_colors_info=&#8221;{}&#8221;]<\/p>\n<h3>Care Plus\u00ae DEET przeciw owadom 40%<\/h3>\n<hr \/>\n<p>Dla dzieci od 13 lat i doros\u0142ych.<\/p>\n<hr \/>\n<p>Do 8 godzin ochrony przed komarami i do 4 godzin ochrony przed kleszczami.<br \/>\n[\/et_pb_text][et_pb_toggle title=&#8221;Spray 15ml&#8221; open_toggle_background_color=&#8221;#d8ecdb&#8221; closed_toggle_background_color=&#8221;#d8ecdb&#8221; icon_color=&#8221;#136932&#8243; open_icon_color=&#8221;#136932&#8243; admin_label=&#8221;Spray 15ml&#8221; _builder_version=&#8221;4.16&#8243; custom_margin=&#8221;|20px||20px&#8221; border_radii=&#8221;on|10px|10px|10px|10px&#8221; global_colors_info=&#8221;{}&#8221;]<\/p>\n<ul>\n<li>Wystarcza na 2 do 3 dni codziennego stosowania zgodnie z instrukcj\u0105.<\/li>\n<\/ul>\n<p>.<br \/>\n[\/et_pb_toggle][et_pb_toggle title=&#8221;Spray 60ml&#8221; open_toggle_background_color=&#8221;#d8ecdb&#8221; closed_toggle_background_color=&#8221;#d8ecdb&#8221; icon_color=&#8221;#136932&#8243; open_icon_color=&#8221;#136932&#8243; admin_label=&#8221;Spray 60ml&#8221; _builder_version=&#8221;4.16&#8243; custom_margin=&#8221;|20px||20px&#8221; border_radii=&#8221;on|10px|10px|10px|10px&#8221; global_colors_info=&#8221;{}&#8221;]<\/p>\n<ul>\n<li>Wystarcza na 6 do 8 dni codziennego stosowania zgodnie z instrukcj\u0105.<\/li>\n<\/ul>\n<p>[\/et_pb_toggle][et_pb_toggle title=&#8221;Spray 100ml&#8221; open_toggle_background_color=&#8221;#d8ecdb&#8221; closed_toggle_background_color=&#8221;#d8ecdb&#8221; icon_color=&#8221;#136932&#8243; open_icon_color=&#8221;#136932&#8243; admin_label=&#8221;Spray 100ml&#8221; _builder_version=&#8221;4.16&#8243; custom_margin=&#8221;|20px||20px&#8221; border_radii=&#8221;on|10px|10px|10px|10px&#8221; global_colors_info=&#8221;{}&#8221;]<\/p>\n<ul>\n<li>Wystarcza na 2 do 3 tygodni codziennego stosowania zgodnie z instrukcj\u0105.<\/li>\n<\/ul>\n<p>[\/et_pb_toggle][et_pb_toggle title=&#8221;Spray 200ml&#8221; open_toggle_background_color=&#8221;#d8ecdb&#8221; closed_toggle_background_color=&#8221;#d8ecdb&#8221; icon_color=&#8221;#136932&#8243; open_icon_color=&#8221;#136932&#8243; admin_label=&#8221;Spray 200ml&#8221; _builder_version=&#8221;4.16&#8243; custom_margin=&#8221;|20px||20px&#8221; border_radii=&#8221;on|10px|10px|10px|10px&#8221; global_colors_info=&#8221;{}&#8221;]<\/p>\n<ul>\n<li>Wystarcza na 4 do 6 tygodni codziennego stosowania zgodnie z instrukcj\u0105.<\/li>\n<\/ul>\n<p>[\/et_pb_toggle][et_pb_divider show_divider=&#8221;off&#8221; _builder_version=&#8221;4.16&#8243; height=&#8221;10px&#8221; global_colors_info=&#8221;{}&#8221;][\/et_pb_divider][\/et_pb_column][et_pb_column type=&#8221;1_3&#8243; _builder_version=&#8221;4.16&#8243; background_color=&#8221;#ffffff&#8221; custom_padding=&#8221;|||&#8221; global_colors_info=&#8221;{}&#8221; custom_padding__hover=&#8221;|||&#8221;][et_pb_image src=&#8221;https:\/\/www.careplus.eu\/wp-content\/uploads\/2020\/03\/care-plus-anti-insect-deet-50-procent-tegen-muggen.webp&#8221; url=&#8221;https:\/\/www.careplus-shop.nl\/deet\/deet-50-procent&#8221; url_new_window=&#8221;on&#8221; align_tablet=&#8221;center&#8221; align_phone=&#8221;&#8221; align_last_edited=&#8221;on|desktop&#8221; _builder_version=&#8221;4.16&#8243; global_colors_info=&#8221;{}&#8221;][\/et_pb_image][et_pb_text _builder_version=&#8221;4.16&#8243; header_font=&#8221;|700|||||||&#8221; header_3_font=&#8221;|700|||||||&#8221; background_color=&#8221;#d8ecdb&#8221; custom_margin=&#8221;|15px||15px&#8221; custom_padding=&#8221;20px|20px|20px|20px&#8221; border_radii=&#8221;on|10px|10px|10px|10px&#8221; global_colors_info=&#8221;{}&#8221;]<\/p>\n<h3>Care Plus<sup style=\"font-size: 10px\">\u00ae<\/sup><\/h3>\n<h3>Care Plus\u00ae DEET przeciw owadom 50%<\/h3>\n<hr \/>\n<p>Dla os\u00f3b od 18 lat i doros\u0142ych.<\/p>\n<hr \/>\n<p>Do 10 godzin ochrony przed komarami i do 5 godzin ochrony przed kleszczami.<br \/>\n[\/et_pb_text][et_pb_toggle title=&#8221;Balsam 50ml&#8221; open_toggle_background_color=&#8221;#d8ecdb&#8221; closed_toggle_background_color=&#8221;#d8ecdb&#8221; icon_color=&#8221;#136932&#8243; open_icon_color=&#8221;#136932&#8243; admin_label=&#8221;Lotion 50ml&#8221; _builder_version=&#8221;4.16&#8243; custom_margin=&#8221;|20px||20px&#8221; border_radii=&#8221;on|10px|10px|10px|10px&#8221; global_colors_info=&#8221;{}&#8221;]<\/p>\n<ul>\n<li>Wystarcza na 1 do 2 tygodni codziennego stosowania zgodnie z instrukcj\u0105.<\/li>\n<\/ul>\n<p>[\/et_pb_toggle][et_pb_toggle title=&#8221;Spray 60ml&#8221; open_toggle_background_color=&#8221;#d8ecdb&#8221; closed_toggle_background_color=&#8221;#d8ecdb&#8221; icon_color=&#8221;#136932&#8243; open_icon_color=&#8221;#136932&#8243; admin_label=&#8221;Spray 60ml&#8221; _builder_version=&#8221;4.16&#8243; custom_margin=&#8221;|20px||20px&#8221; border_radii=&#8221;on|10px|10px|10px|10px&#8221; global_colors_info=&#8221;{}&#8221;]<\/p>\n<ul>\n<li>Wystarcza na 1 do 2 tygodni codziennego stosowania zgodnie z instrukcj\u0105.<\/li>\n<\/ul>\n<p>[\/et_pb_toggle][et_pb_toggle title=&#8221;Spray 200ml&#8221; open_toggle_background_color=&#8221;#d8ecdb&#8221; closed_toggle_background_color=&#8221;#d8ecdb&#8221; icon_color=&#8221;#136932&#8243; open_icon_color=&#8221;#136932&#8243; admin_label=&#8221;Spray 200ml&#8221; _builder_version=&#8221;4.16&#8243; custom_margin=&#8221;|20px||20px&#8221; border_radii=&#8221;on|10px|10px|10px|10px&#8221; global_colors_info=&#8221;{}&#8221;]<\/p>\n<ul>\n<li>Wystarcza na 4 do 6 tygodni codziennego stosowania zgodnie z instrukcj\u0105.<\/li>\n<\/ul>\n<p>[\/et_pb_toggle][et_pb_divider show_divider=&#8221;off&#8221; _builder_version=&#8221;4.16&#8243; height=&#8221;10px&#8221; global_colors_info=&#8221;{}&#8221;][\/et_pb_divider][\/et_pb_column][\/et_pb_row][\/et_pb_section][et_pb_section fb_built=&#8221;1&#8243; _builder_version=&#8221;4.16&#8243; background_color=&#8221;#ffffff&#8221; global_colors_info=&#8221;{}&#8221;][et_pb_row admin_label=&#8221;Page Header&#8221; _builder_version=&#8221;4.16&#8243; background_size=&#8221;initial&#8221; background_position=&#8221;top_left&#8221; background_repeat=&#8221;repeat&#8221; border_radii=&#8221;on|10px|10px|10px|10px&#8221; collapsed=&#8221;off&#8221; global_colors_info=&#8221;{}&#8221;][et_pb_column type=&#8221;4_4&#8243; _builder_version=&#8221;4.16&#8243; background_color=&#8221;#ffffff&#8221; custom_padding=&#8221;|||&#8221; global_colors_info=&#8221;{}&#8221; custom_padding__hover=&#8221;|||&#8221;][et_pb_text admin_label=&#8221;FAQ&#8221; _builder_version=&#8221;4.16&#8243; global_colors_info=&#8221;{}&#8221;]<\/p>\n<h2>Cz\u0119sto zadawane pytania dotycz\u0105ce DEET<\/h2>\n<p><img loading=\"lazy\" decoding=\"async\" class=\"alignright size-full wp-image-4660\" src=\"https:\/\/www.careplus.eu\/wp-content\/uploads\/2019\/01\/DEET-Diethyltoluamide.jpg\" alt=\"DEET Diethyltoluamide molecuulstructuur\" width=\"200\" height=\"100\" \/><\/p>\n<p>DEET (skr\u00f3cona nazwa N,N-dietylo-meta-toluamidu) jest zwi\u0105zkiem organicznym odstraszaj\u0105cym owady o wzorze chemicznym C12H17NO. Przeznaczony jest do stosowania na sk\u00f3r\u0119 lub na ubranie i s\u0142u\u017cy g\u0142\u00f3wnie do ochrony przed uk\u0105szeniami owad\u00f3w. DEET zapewnia ochron\u0119 w szczeg\u00f3lno\u015bci przed uk\u0105szeniami kleszczy, kt\u00f3re mog\u0105 powodowa\u0107 borelioz\u0119 i uk\u0105szeniami komar\u00f3w, kt\u00f3re mog\u0105 przenosi\u0107 wirusa dengi, ziki, gor\u0105czki Zachodniego Nilu i malarii. Jest dost\u0119pny w postaci \u017celu, balsamu i sprayu oraz impregnowanych produkt\u00f3w, takich jak moskitiery i skarpety.<\/p>\n<p>DEET jest \u017c\u00f3\u0142to-zielonym p\u0142ynem i rozpuszczalnikiem, kt\u00f3ry mo\u017ce mie\u0107 wp\u0142yw na r\u00f3\u017cne tkaniny, w tym niekt\u00f3re tworzywa sztuczne, wiskoz\u0119, elastan i sk\u00f3r\u0119. Nie ma natomiast wp\u0142ywu na w\u0142\u00f3kna naturalne, takie jak bawe\u0142na i we\u0142na, a tak\u017ce na nylon.<\/p>\n<h3>Jak stosowa\u0107 Care Plus\u00ae Anti-Insect z DEET?<\/h3>\n<p>Radzimy w jak najwi\u0119kszym stopniu zakrywa\u0107 sk\u00f3r\u0119 ubraniami. Najlepiej jest nosi\u0107 d\u0142ugie spodnie i koszul\u0119 z d\u0142ugimi r\u0119kawami. Aby zapewni\u0107 optymaln\u0105 ochron\u0119 przed uk\u0105szeniami i u\u017c\u0105dleniami, zalecamy na\u0142o\u017cenie Care Plus\u00ae Anti-Insect DEET (Natural lub Sensitive) na ca\u0142\u0105 nieos\u0142oni\u0119t\u0105 sk\u00f3r\u0119. Rozprowad\u017a \u015brodek r\u00f3wnomiernie po sk\u00f3rze przy pomocy d\u0142oni. W celu ochrony twarzy na\u0142\u00f3\u017c na ni\u0105 niewielk\u0105 ilo\u015b\u0107 produktu palcami. Nast\u0119pnie umyj r\u0119ce i na\u0142\u00f3\u017c \u015brodek na wierzch d\u0142oni. Zawsze miej wn\u0119trza d\u0142oni wolne od DEET, szczeg\u00f3lnie, gdy zamierzasz je\u015b\u0107 lub pi\u0107. U dzieci nie nak\u0142adaj \u015brodka odstraszaj\u0105cego owady na cz\u0119\u015bci cia\u0142a, kt\u00f3rymi \u0142atwo dotkn\u0105\u0107 oczu lub ust, takie jak d\u0142onie i przedramiona. Je\u015bli stosujesz \u015brodek odstraszaj\u0105cy owady w ci\u0105gu dnia, na\u0142\u00f3\u017c go na sk\u00f3r\u0119 na dziesi\u0119\u0107 minut przed wystawieniem sk\u00f3ry na bezpo\u015brednie dzia\u0142anie promieni s\u0142onecznych. Je\u015bli chcesz go u\u017cy\u0107 w po\u0142\u0105czeniu z kremem przeciws\u0142onecznym, na\u0142\u00f3\u017c krem przeciws\u0142oneczny 30 minut przed wystawieniem sk\u00f3ry na bezpo\u015brednie dzia\u0142anie promieni s\u0142onecznych. \u015arodek odstraszaj\u0105cy owady na\u0142\u00f3\u017c na sk\u00f3r\u0119 20 minut p\u00f3\u017aniej (lecz jednocze\u015bnie 10 minut przed wystawieniem sk\u00f3ry na \u015bwiat\u0142o s\u0142oneczne). Gdy ochrona nie b\u0119dzie ju\u017c potrzebna lub gdy wyst\u0105pi\u0142y dzia\u0142ania niepo\u017c\u0105dane, posmarowane cz\u0119\u015bci sk\u00f3ry umyj dok\u0142adnie myd\u0142em.<\/p>\n<h3>Jakiego rodzaju \u015brodka powinienem u\u017cy\u0107?<\/h3>\n<p>Istnieje kilka rodzaj\u00f3w \u015brodk\u00f3w przeciw owadom z DEET, od st\u0119\u017cenia 30% do 50%. Wy\u017csza warto\u015b\u0107 procentowa gwarantuje d\u0142u\u017csz\u0105 ochron\u0119. Dost\u0119pny jest r\u00f3wnie\u017c Anti-Insect Natural bez DEET. Poradnik przedstawiony poni\u017cej pomo\u017ce Ci wybra\u0107 odpowiedni rodzaj.<br \/>\n[\/et_pb_text][et_pb_image src=&#8221;https:\/\/www.careplus.eu\/wp-content\/uploads\/2024\/10\/CP-Product-Infographic-EN-1-scaled.webp&#8221; title_text=&#8221;CP-Product-Infographic-EN&#8221; align=&#8221;center&#8221; align_tablet=&#8221;center&#8221; align_phone=&#8221;&#8221; align_last_edited=&#8221;on|desktop&#8221; _builder_version=&#8221;4.27.2&#8243; border_radii=&#8221;on|10px|10px|10px|10px&#8221; global_colors_info=&#8221;{}&#8221;][\/et_pb_image][et_pb_text admin_label=&#8221;FAQ&#8221; _builder_version=&#8221;4.16&#8243; global_colors_info=&#8221;{}&#8221;]<\/p>\n<h3>Czy Anti-Insect DEET jest bezpieczny dla dzieci?<\/h3>\n<p>Ma\u0142e dzieci lubi\u0105 poznawa\u0107 swoje otoczenie. Maj\u0105 tendencj\u0119 do wk\u0142adania r\u00f3\u017cnych rzeczy do ust. Pocz\u0105wszy od 2012 roku Care Plus\u00ae dodaje do wszystkich swoich produkt\u00f3w z DEET bezwonny, gorzki sk\u0142adnik o nazwie Bitrex\u00ae. Zmniejsza to ryzyko po\u0142kni\u0119cia przez dzieci produktu odstraszaj\u0105cego komary.<\/p>\n<h3>Czy mog\u0119 u\u017cywa\u0107 tego produktu podczas ci\u0105\u017cy lub karmienia piersi\u0105?<\/h3>\n<p>Grupy os\u00f3b szczeg\u00f3lnie wra\u017cliwych, takie jak kobiety w ci\u0105\u017cy, kobiety karmi\u0105ce piersi\u0105 i dzieci poni\u017cej 13 lat, nie mog\u0105 u\u017cywa\u0107 DEET. Zamiast tego wybierz Care Plus\u00ae Anti-Insect Natural, kt\u00f3ry jest oparty na wyci\u0105gu z eukaliptusa cytrynowego (Citriodiol). Ten silny \u015brodek odstraszaj\u0105cy owady mo\u017ce by\u0107 stosowany u dzieci od 3 miesi\u0105ca \u017cycia. Je\u015bli ta alternatywa nie jest dost\u0119pna, u\u017cyj DEET w st\u0119\u017ceniu 30%.<\/p>\n<h3>Jak nak\u0142ada\u0107 Care Plus\u00ae Anti-Insect z DEET?<\/h3>\n<p>Zwr\u00f3\u0107 uwag\u0119 na to, aby \u015brodek przeciw owadom DEET nie mia\u0142 kontaktu z uszkodzon\u0105 sk\u00f3r\u0105 (rany, oparzenia), oczami, nosem, dziurkami od nosa, ustami i b\u0142on\u0105 \u015bluzow\u0105. Nie nak\u0142adaj \u015brodka odstraszaj\u0105cego komary na sk\u00f3r\u0119 pod ubraniem ani w miejscach, w kt\u00f3rych sk\u00f3ra si\u0119 fa\u0142duje, takich jak \u0142okcie i zagi\u0119cia kolan. U dzieci nale\u017cy unika\u0107 stosowania \u015brodka przeciw owadom z DEET w miejscach, kt\u00f3rymi \u0142atwo dotkn\u0105\u0107 oczu lub ust, takich jak d\u0142onie i przedramiona.<\/p>\n<h3>Jak dzia\u0142a DEET przeciwko komarom i kleszczom?<\/h3>\n<p>Aktywny sk\u0142adnik DEET jest idealnym \u015brodkiem odstraszaj\u0105cym komary. Care Plus\u00ae oferuje szerok\u0105 gam\u0119 skutecznych produkt\u00f3w odstraszaj\u0105cych komary z DEET. Czy chcesz kupi\u0107 skuteczny \u015brodek odstraszaj\u0105cy komary? Anti-Insect DEET jest silnie dzia\u0142aj\u0105cym preparatem w naszym asortymencie produkt\u00f3w odstraszaj\u0105cych powszechnie wyst\u0119puj\u0105ce komary z rodzaju Culex i komarami z rodzaju Aedes i Anopheles, kt\u00f3re powoduj\u0105 najwi\u0119cej chor\u00f3b. DEET chroni r\u00f3wnie\u017c przed kleszczami.<\/p>\n<h3>Jak stosowa\u0107 DEET przeciw owadom przebywaj\u0105c na s\u0142o\u0144cu?<\/h3>\n<p>Zastosuj Anit-Insect DEET 10 minut przed wystawieniem sk\u00f3ry na bezpo\u015brednie dzia\u0142anie promieni s\u0142onecznych. Je\u015bli chcesz u\u017cy\u0107 odstraszacza owad\u00f3w w po\u0142\u0105czeniu z kremem przeciws\u0142onecznym, najpierw na\u0142\u00f3\u017c krem przeciws\u0142oneczny (30 minut przed wystawieniem sk\u00f3ry na bezpo\u015brednie dzia\u0142anie promieni s\u0142onecznych). \u015arodek odstraszaj\u0105cy komary na\u0142\u00f3\u017c na sk\u00f3r\u0119 20 minut p\u00f3\u017aniej (10 minut przed wystawieniem sk\u00f3ry na \u015bwiat\u0142o s\u0142oneczne). Twoja sk\u00f3ra jest teraz optymalnie chroniona.<\/p>\n<h3>Jakie \u015brodki ostro\u017cno\u015bci nale\u017cy zachowa\u0107?<\/h3>\n<ul>\n<li>Przechowuj poza zasi\u0119giem dzieci.<\/li>\n<li>Nie stosuj podczas ci\u0105\u017cy, karmienia piersi\u0105 i u dzieci w wieku poni\u017cej 13 lat.<\/li>\n<li>Je\u015bli nie potrzebujesz ju\u017c ochrony lub wyst\u0105pi\u0142y skutki uboczne, dok\u0142adnie umyj sk\u00f3r\u0119 wod\u0105 z myd\u0142em.<\/li>\n<li>Nie nak\u0142adaj produktu na twarz bezpo\u015brednio z opakowania. W przypadku kontaktu z oczami, natychmiast przemyj oczy du\u017c\u0105 ilo\u015bci\u0105 wody i zasi\u0119gnij porady lekarskiej.<\/li>\n<li>W przypadku z\u0142ego samopoczucia niezw\u0142ocznie zasi\u0119gnij porady lekarskiej, je\u015bli to mo\u017cliwe, pokazuj\u0105c mu etykiet\u0119 produktu.<\/li>\n<li>Przechowuj produkt z dala od \u017ar\u00f3de\u0142 ognia, \u017cywno\u015bci i napoj\u00f3w oraz pasz dla zwierz\u0105t.<\/li>\n<li>Nie przechowuj w temperaturze powy\u017cej 50\u00b0C lub w ma\u0142ych pomieszczeniach bez odpowiedniej wentylacji.<\/li>\n<li>Po u\u017cyciu zamknij opakowanie. Niewykorzystane resztki produktu usu\u0144 razem z domowymi odpadami niebezpiecznymi. Przed u\u017cyciem przeczytaj etykiet\u0119 i ulotk\u0119.<\/li>\n<\/ul>\n<p>[\/et_pb_text][\/et_pb_column][\/et_pb_row][\/et_pb_section]<\/p>\n","protected":false},"excerpt":{"rendered":"<p>DEET to najsilniejszy \u015brodek odstraszaj\u0105cy owady przeznaczony do spryskiwania sk\u00f3ry. Substancja czynna jest skuteczna przeciwko r\u00f3\u017cnym insektom przenosz\u0105cym choroby, takim jak komary i kleszcze. DEET zapewnia do 10 godzin ochrony przed ich u\u017c\u0105dleniami i uk\u0105szeniami. <\/p>\n","protected":false},"author":37,"featured_media":0,"parent":8826,"menu_order":0,"comment_status":"closed","ping_status":"closed","template":"","meta":{"_acf_changed":false,"_et_pb_use_builder":"on","_et_pb_old_content":"","_et_gb_content_width":"","footnotes":""},"class_list":["post-8924","page","type-page","status-publish","hentry"],"acf":[],"_links":{"self":[{"href":"https:\/\/www.careplus.eu\/pl\/wp-json\/wp\/v2\/pages\/8924","targetHints":{"allow":["GET"]}}],"collection":[{"href":"https:\/\/www.careplus.eu\/pl\/wp-json\/wp\/v2\/pages"}],"about":[{"href":"https:\/\/www.careplus.eu\/pl\/wp-json\/wp\/v2\/types\/page"}],"author":[{"embeddable":true,"href":"https:\/\/www.careplus.eu\/pl\/wp-json\/wp\/v2\/users\/37"}],"replies":[{"embeddable":true,"href":"https:\/\/www.careplus.eu\/pl\/wp-json\/wp\/v2\/comments?post=8924"}],"version-history":[{"count":0,"href":"https:\/\/www.careplus.eu\/pl\/wp-json\/wp\/v2\/pages\/8924\/revisions"}],"up":[{"embeddable":true,"href":"https:\/\/www.careplus.eu\/pl\/wp-json\/wp\/v2\/pages\/8826"}],"wp:attachment":[{"href":"https:\/\/www.careplus.eu\/pl\/wp-json\/wp\/v2\/media?parent=8924"}],"curies":[{"name":"wp","href":"https:\/\/api.w.org\/{rel}","templated":true}]}}