


{"id":8846,"date":"2020-05-23T07:07:01","date_gmt":"2020-05-23T05:07:01","guid":{"rendered":"https:\/\/www.careplus.eu\/komary-i-kleszcze\/ochrona\/moskitiery-na-glowe\/"},"modified":"2023-05-02T15:40:51","modified_gmt":"2023-05-02T13:40:51","slug":"moskitiery-na-glowe","status":"publish","type":"page","link":"https:\/\/www.careplus.eu\/pl\/komary-i-kleszcze\/ochrona\/moskitiery-na-glowe\/","title":{"rendered":"Moskitiery na g\u0142ow\u0119"},"content":{"rendered":"<p>[et_pb_section fb_built=&#8221;1&#8243; fullwidth=&#8221;on&#8221; _builder_version=&#8221;4.16&#8243; bottom_divider_style=&#8221;curve&#8221; bottom_divider_color=&#8221;#ffffff&#8221; bottom_divider_height=&#8221;40px&#8221; global_colors_info=&#8221;{}&#8221;][et_pb_fullwidth_slider show_arrows=&#8221;off&#8221; show_pagination=&#8221;off&#8221; _builder_version=&#8221;4.16&#8243; background_image=&#8221;https:\/\/www.careplus.eu\/wp-content\/uploads\/2019\/03\/careplus-headnet.jpg&#8221; custom_padding=&#8221;22%||10%|&#8221; custom_padding_tablet=&#8221;&#8221; custom_padding_phone=&#8221;&#8221; custom_padding_last_edited=&#8221;on|desktop&#8221; global_colors_info=&#8221;{}&#8221;][et_pb_slide heading=&#8221;Moskitiery na g\u0142ow\u0119&#8221; use_bg_overlay=&#8221;off&#8221; use_text_overlay=&#8221;off&#8221; _builder_version=&#8221;4.16&#8243; header_level=&#8221;h1&#8243; header_font=&#8221;|800|||||||&#8221; header_font_size=&#8221;36&#8243; background_color=&#8221;#0b6a30&#8243; button_on_hover=&#8221;on&#8221; custom_padding=&#8221;15%||15%|&#8221; custom_padding_tablet=&#8221;15%||15%|&#8221; custom_padding_phone=&#8221;30%||30%|&#8221; custom_padding_last_edited=&#8221;on|phone&#8221; header_font_size_tablet=&#8221;36&#8243; header_font_size_phone=&#8221;36&#8243; header_text_shadow_style=&#8221;preset3&#8243; header_text_shadow_blur_strength=&#8221;0.5em&#8221; header_text_shadow_color=&#8221;rgba(0,0,0,0.6)&#8221; global_colors_info=&#8221;{}&#8221; sticky_transition=&#8221;on&#8221;][\/et_pb_slide][\/et_pb_fullwidth_slider][\/et_pb_section][et_pb_section fb_built=&#8221;1&#8243; _builder_version=&#8221;4.16&#8243; global_colors_info=&#8221;{}&#8221;][et_pb_row _builder_version=&#8221;4.16&#8243; background_size=&#8221;initial&#8221; background_position=&#8221;top_left&#8221; background_repeat=&#8221;repeat&#8221; global_colors_info=&#8221;{}&#8221;][et_pb_column type=&#8221;4_4&#8243; _builder_version=&#8221;4.16&#8243; custom_padding=&#8221;|||&#8221; global_colors_info=&#8221;{}&#8221; custom_padding__hover=&#8221;|||&#8221;][et_pb_dmb_breadcrumbs _builder_version=&#8221;4.16&#8243; body_font_size_tablet=&#8221;51&#8243; body_line_height_tablet=&#8221;2&#8243; separator_font_size_tablet=&#8221;51&#8243; separator_line_height_tablet=&#8221;2&#8243; link_font_size_tablet=&#8221;51&#8243; link_line_height_tablet=&#8221;2&#8243; linkhover_font_size_tablet=&#8221;51&#8243; linkhover_line_height_tablet=&#8221;2&#8243; global_colors_info=&#8221;{}&#8221;][\/et_pb_dmb_breadcrumbs][et_pb_text admin_label=&#8221;Short Read&#8221; _builder_version=&#8221;4.21.0&#8243; header_2_font=&#8221;|800|||||||&#8221; global_colors_info=&#8221;{}&#8221;]<\/p>\n<h2>Moskitiery na g\u0142ow\u0119 chroni\u0105ce przed owadami<\/h2>\n<p><strong>Moskitiera na g\u0142ow\u0119 zapewnia ochron\u0119 i komfort. Zapobiega irytuj\u0105cemu bzyczeniu tu\u017c przy uchu i sw\u0119dz\u0105cym uk\u0105szeniom na twarzy i szyi. Dzi\u0119ki niej nie musisz nieustannie mru\u017cy\u0107 oczu, aby ma\u0142e owady do nich nie wlatywa\u0142y. Obie siatki na g\u0142ow\u0119 s\u0105 nieimpregnowane, o bardzo drobnych oczkach. Idealna do u\u017cytku we w\u0142asnym kraju i na p\u00f3\u0142nocy.<\/strong><br \/>\n<br \/>\nDzi\u0119ki moskitierze na g\u0142ow\u0119, unikniesz uk\u0105sze\u0144 komar\u00f3w lub innych owad\u00f3w na twarzy, uszach lub szyi, zar\u00f3wno w domu, jak i podczas podr\u00f3\u017cy. Moskitiera jest produktem uniwersalnym, a wi\u0119c pasuje na ka\u017cd\u0105 na g\u0142ow\u0119. Jest w zielonym, nierzucaj\u0105cym si\u0119 w oczy kolorze, a pakowana jest w praktyczny pokrowiec.<br \/>\n<\/br>[\/et_pb_text][\/et_pb_column][\/et_pb_row][\/et_pb_section][et_pb_section fb_built=&#8221;1&#8243; _builder_version=&#8221;4.16&#8243; background_color=&#8221;#f4f4f4&#8243; global_colors_info=&#8221;{}&#8221;][et_pb_row column_structure=&#8221;1_2,1_2&#8243; _builder_version=&#8221;4.16&#8243; background_color=&#8221;#f4f4f4&#8243; custom_padding=&#8221;|20px||20px&#8221; border_radii=&#8221;on|10px|10px|10px|10px&#8221; global_colors_info=&#8221;{}&#8221;][et_pb_column type=&#8221;1_2&#8243; _builder_version=&#8221;4.16&#8243; custom_padding=&#8221;|||&#8221; global_colors_info=&#8221;{}&#8221; custom_padding__hover=&#8221;|||&#8221;][et_pb_gallery gallery_ids=&#8221;8847,8851,8849,8850&#8243; fullwidth=&#8221;on&#8221; _builder_version=&#8221;4.16&#8243; border_radii=&#8221;on|10px|10px|10px|10px&#8221; global_colors_info=&#8221;{}&#8221;][\/et_pb_gallery][et_pb_text _builder_version=&#8221;4.21.0&#8243; background_color=&#8221;#ffffff&#8221; custom_padding=&#8221;20px|20px|20px|20px&#8221; border_radii=&#8221;on|10px|10px|10px|10px&#8221; border_width_all=&#8221;1px&#8221; border_color_all=&#8221;#d9d9d9&#8243; global_colors_info=&#8221;{}&#8221;]<\/p>\n<h4>Care Plus<sup style=\"font-size:10px;\">\u00ae<\/sup> Head Net Classic<\/h4>\n<p>Moskitiera na g\u0142ow\u0119 Classic to nieimpregnowana siatka na g\u0142ow\u0119 o bardzo drobnych oczkach. Idealna do u\u017cytku we w\u0142asnym kraju i na p\u00f3\u0142nocy. Chroni r\u00f3wnie\u017c przed muszkami. [\/et_pb_text][et_pb_toggle title=&#8221;Specyfikacje&#8221; open_toggle_background_color=&#8221;#ffffff&#8221; closed_toggle_background_color=&#8221;#ffffff&#8221; icon_color=&#8221;#136932&#8243; open_icon_color=&#8221;#136932&#8243; admin_label=&#8221;Specifictaties&#8221; _builder_version=&#8221;4.21.0&#8243; background_color=&#8221;#ffffff&#8221; border_radii=&#8221;on|10px|10px|10px|10px&#8221; global_colors_info=&#8221;{}&#8221;]<\/p>\n<ul>\n<li>Rozmiar oczek (mesh): 900<\/li>\n<li>Wymiary opakowania (d x s x w w mm): 50 x 70 x 190<\/li>\n<li>Wymiary siatki (\u00d8 x w): 350 x 480 mm <\/li>\n<li>Waga (g): 64<\/li>\n<li>Nieimpregnowana<\/li>\n<li>Ochrona przed komarami i bardzo ma\u0142ymi owadami<\/li>\n<li>Idealna do u\u017cytku w regionach p\u00f3\u0142nocnych<\/li>\n<li>Jeden uniwersalny rozmiar: pasuje na ka\u017cd\u0105 g\u0142ow\u0119<\/li>\n<li>Wykonana z trwa\u0142ego w\u0142\u00f3kna poliestrowego<\/li>\n<\/ul>\n<p>[\/et_pb_toggle][\/et_pb_column][et_pb_column type=&#8221;1_2&#8243; _builder_version=&#8221;4.16&#8243; custom_padding=&#8221;|||&#8221; global_colors_info=&#8221;{}&#8221; custom_padding__hover=&#8221;|||&#8221;][et_pb_gallery gallery_ids=&#8221;9426&#8243; fullwidth=&#8221;on&#8221; _builder_version=&#8221;4.16&#8243; border_radii=&#8221;on|10px|10px|10px|10px&#8221; global_colors_info=&#8221;{}&#8221;][\/et_pb_gallery][et_pb_text _builder_version=&#8221;4.21.0&#8243; background_color=&#8221;#ffffff&#8221; custom_padding=&#8221;20px|20px|20px|20px&#8221; border_radii=&#8221;on|10px|10px|10px|10px&#8221; border_width_all=&#8221;1px&#8221; border_color_all=&#8221;#d9d9d9&#8243; global_colors_info=&#8221;{}&#8221;]<\/p>\n<h4>Care Plus<sup style=\"font-size:10px;\">\u00ae<\/sup> Head Net Pop-up<\/h4>\n<p>Praktyczny i wygodny kapelusz z moskitier\u0105. Moskitiera na g\u0142ow\u0119 Pop-Up to nieimpregnowana siatka na g\u0142ow\u0119 o bardzo drobnych oczkach. Idealna do u\u017cytku we w\u0142asnym kraju i na p\u00f3\u0142nocy.[\/et_pb_text][et_pb_toggle title=&#8221;Specyfikacje&#8221; open_toggle_background_color=&#8221;#ffffff&#8221; closed_toggle_background_color=&#8221;#ffffff&#8221; icon_color=&#8221;#136932&#8243; open_icon_color=&#8221;#136932&#8243; admin_label=&#8221;Specifictaties&#8221; _builder_version=&#8221;4.21.0&#8243; background_color=&#8221;#ffffff&#8221; border_radii=&#8221;on|10px|10px|10px|10px&#8221; global_colors_info=&#8221;{}&#8221;]<\/p>\n<ul>\n<li>Rozmiar oczek (mesh): 900<\/li>\n<li>Wymiary opakowania (d x s x w w mm): 30 x 170 x 215<\/li>\n<li>Wymiary siatki (\u00d8 x w): 350 x 580 mm <\/li>\n<li>Waga (g): 143<\/li>\n<li>Nieimpregnowana<\/li>\n<li>Ochrona przed komarami i bardzo ma\u0142ymi owadami<\/li>\n<li>Idealna do u\u017cytku w regionach p\u00f3\u0142nocnych<\/li>\n<li>Jeden uniwersalny rozmiar: pasuje na ka\u017cd\u0105 g\u0142ow\u0119<\/li>\n<li>Rozk\u0142ada si\u0119 automatycznie<\/li>\n<li>Wykonana z trwa\u0142ego w\u0142\u00f3kna poliestrowego<\/li>\n<\/ul>\n<p>[\/et_pb_toggle][\/et_pb_column][\/et_pb_row][\/et_pb_section][et_pb_section fb_built=&#8221;1&#8243; _builder_version=&#8221;4.16&#8243; global_colors_info=&#8221;{}&#8221;][et_pb_row _builder_version=&#8221;4.16&#8243; background_size=&#8221;initial&#8221; background_position=&#8221;top_left&#8221; background_repeat=&#8221;repeat&#8221; global_colors_info=&#8221;{}&#8221;][et_pb_column type=&#8221;4_4&#8243; _builder_version=&#8221;4.16&#8243; custom_padding=&#8221;|||&#8221; global_colors_info=&#8221;{}&#8221; custom_padding__hover=&#8221;|||&#8221;][et_pb_text admin_label=&#8221;Long Read&#8221; _builder_version=&#8221;4.21.0&#8243; global_colors_info=&#8221;{}&#8221;]<\/p>\n<h3>Kt\u00f3r\u0105 moskitier\u0119 na g\u0142ow\u0119 wybra\u0107?<\/h3>\n<p>Head Net Pop-up rozk\u0142ada si\u0119 automatycznie i ma wbudowan\u0105 g\u0142owic\u0119. Przed u\u017cyciem Head Net Classic nale\u017cy najpierw za\u0142o\u017cy\u0107 g\u0142ow\u0119 lub czapk\u0119. Zaleca si\u0119 zachowanie odleg\u0142o\u015bci pomi\u0119dzy siatk\u0105 a sk\u00f3r\u0105.<br \/>\n<\/p>\n<h3>Czy noszenie siatki na g\u0142ow\u0119 jest bezpieczne?<\/h3>\n<p>Obie siatki na g\u0142ow\u0119 wykonane s\u0105 z wytrzyma\u0142ego w\u0142\u00f3kna poliestrowego. Siatka ma rozmiar 900. Ze wzgl\u0119du na du\u017c\u0105 liczb\u0119 otwor\u00f3w na cal kwadratowy, przep\u0142yw powietrza w tych siatkach na g\u0142ow\u0119 jest mniejszy ni\u017c w moskitierach. Z tego powodu moskitiery o drobnych oczkach nie nadaj\u0105 si\u0119 do miejsc (pod)tropikalnych, poniewa\u017c mog\u0105 powodowa\u0107 niepok\u00f3j.<br \/>\n<\/p>\n<h3>Czy te moskitiery nadaj\u0105 si\u0119 do rejon\u00f3w p\u00f3\u0142nocnych?<\/h3>\n<p>Nasze moskitiery o drobnych oczkach \u015bwietnie sprawdzaj\u0105 si\u0119 w rejonach p\u00f3\u0142nocnych, takich jak Skandynawia, Szkocja i Kanada. S\u0105 one zaprojektowane specjalnie tak, aby chroni\u0107 przed ma\u0142ymi owadami, takimi jak meszki, cz\u0119sto wyst\u0119puj\u0105cymi w tych regionach. U\u017c\u0105dlenia tych drobnych owad\u00f3w s\u0105 szczeg\u00f3lnie bolesne, wi\u0119c z pewno\u015bci\u0105 nale\u017cy im zapobiega\u0107! Moskitiery na g\u0142ow\u0119 s\u0105 praktyczne w stosowaniu podczas wszelkiego rodzaju aktywno\u015bci, takich jak w\u0119dkowanie, w\u0119dr\u00f3wki lub spokojny wiecz\u00f3r z ksi\u0105\u017ck\u0105 na zewn\u0105trz. Zar\u00f3wno we w\u0142asnym kraju, jak i za granic\u0105.<br \/>\n<\/p>\n<h3>Jak optymalnie chroni\u0107 siebie i swoj\u0105 rodzin\u0119 przed uk\u0105szeniami i u\u017c\u0105dleniami owad\u00f3w?<\/h3>\n<p>Opr\u00f3cz korzystania z moskitiery na g\u0142ow\u0119 wa\u017cne jest, aby w jak najwi\u0119kszym stopniu zakrywa\u0107 sk\u00f3r\u0119 odzie\u017c\u0105, szczeg\u00f3lnie wychodz\u0105c na zewn\u0105trz. Na nieos\u0142oni\u0119t\u0105 sk\u00f3r\u0119 warto stosowa\u0107 dobry produkt odstraszaj\u0105cy owady. Wi\u0119kszo\u015b\u0107 komar\u00f3w gryzie g\u0142\u00f3wnie po zachodzie s\u0142o\u0144ca, ale rozs\u0105dnie jest r\u00f3wnie\u017c stosowa\u0107 na sk\u00f3rze \u015brodki odstraszaj\u0105ce owady w ci\u0105gu dnia.[\/et_pb_text][\/et_pb_column][\/et_pb_row][\/et_pb_section][et_pb_section fb_built=&#8221;1&#8243; _builder_version=&#8221;4.16&#8243; background_color=&#8221;#f4f4f4&#8243; global_colors_info=&#8221;{}&#8221;][et_pb_row column_structure=&#8221;1_3,1_3,1_3&#8243; _builder_version=&#8221;4.16&#8243; background_color=&#8221;#f4f4f4&#8243; custom_padding=&#8221;|20px||20px&#8221; border_radii=&#8221;on|10px|10px|10px|10px&#8221; global_colors_info=&#8221;{}&#8221;][et_pb_column type=&#8221;1_3&#8243; _builder_version=&#8221;4.16&#8243; custom_padding=&#8221;|||&#8221; global_colors_info=&#8221;{}&#8221; custom_padding__hover=&#8221;|||&#8221;][et_pb_image src=&#8221;https:\/\/www.careplus.eu\/wp-content\/uploads\/2020\/06\/CP_Deet40_Spray_60ml.jpg&#8221; alt=&#8221;Care Plus 40% DEET&#8221; title_text=&#8221;CP_Deet40_Spray_60ml&#8221; align=&#8221;center&#8221; align_tablet=&#8221;center&#8221; align_phone=&#8221;&#8221; align_last_edited=&#8221;on|desktop&#8221; _builder_version=&#8221;4.16&#8243; border_radii=&#8221;on|10px|10px|10px|10px&#8221; global_colors_info=&#8221;{}&#8221;][\/et_pb_image][et_pb_button button_url=&#8221;https:\/\/www.careplus.eu\/pl\/komary-i-kleszcze\/ochrona\/odstraszacz-owadow-deet\/&#8221; button_text=&#8221;Odstraszacz owad\u00f3w z DEET&#8221; button_alignment=&#8221;center&#8221; _builder_version=&#8221;4.16&#8243; background_layout=&#8221;dark&#8221; global_colors_info=&#8221;{}&#8221;][\/et_pb_button][\/et_pb_column][et_pb_column type=&#8221;1_3&#8243; _builder_version=&#8221;4.16&#8243; custom_padding=&#8221;|||&#8221; global_colors_info=&#8221;{}&#8221; custom_padding__hover=&#8221;|||&#8221;][et_pb_image src=&#8221;https:\/\/www.careplus.eu\/wp-content\/uploads\/2019\/03\/careplus-klamboe-single-popup.jpg&#8221; url=&#8221;https:\/\/www.careplus.eu\/nl\/muggen-en-teken\/beschermen\/reisklamboes\/&#8221; align=&#8221;center&#8221; align_tablet=&#8221;center&#8221; align_phone=&#8221;&#8221; align_last_edited=&#8221;on|desktop&#8221; _builder_version=&#8221;4.16&#8243; border_radii=&#8221;on|10px|10px|10px|10px&#8221; global_colors_info=&#8221;{}&#8221;][\/et_pb_image][et_pb_button button_url=&#8221;https:\/\/www.careplus.eu\/pl\/komary-i-kleszcze\/ochrona\/moskitiery\/&#8221; button_text=&#8221;Moskitiery&#8221; button_alignment=&#8221;center&#8221; _builder_version=&#8221;4.16&#8243; background_layout=&#8221;dark&#8221; global_colors_info=&#8221;{}&#8221;][\/et_pb_button][\/et_pb_column][et_pb_column type=&#8221;1_3&#8243; _builder_version=&#8221;4.16&#8243; custom_padding=&#8221;|||&#8221; global_colors_info=&#8221;{}&#8221; custom_padding__hover=&#8221;|||&#8221;][et_pb_image src=&#8221;https:\/\/www.careplus.eu\/wp-content\/uploads\/2019\/03\/care-plus-bug-socks.jpg&#8221; align=&#8221;center&#8221; align_tablet=&#8221;center&#8221; align_phone=&#8221;&#8221; align_last_edited=&#8221;on|desktop&#8221; _builder_version=&#8221;4.16&#8243; border_radii=&#8221;on|10px|10px|10px|10px&#8221; global_colors_info=&#8221;{}&#8221;][\/et_pb_image][et_pb_button button_url=&#8221;https:\/\/www.careplus.eu\/pl\/komary-i-kleszcze\/ochrona\/socks\/&#8221; button_text=&#8221;Skarpety ochronne&#8221; button_alignment=&#8221;center&#8221; _builder_version=&#8221;4.16&#8243; background_layout=&#8221;dark&#8221; global_colors_info=&#8221;{}&#8221;][\/et_pb_button][\/et_pb_column][\/et_pb_row][\/et_pb_section][et_pb_section fb_built=&#8221;1&#8243; _builder_version=&#8221;4.16&#8243; global_colors_info=&#8221;{}&#8221;][et_pb_row _builder_version=&#8221;4.16&#8243; background_size=&#8221;initial&#8221; background_position=&#8221;top_left&#8221; background_repeat=&#8221;repeat&#8221; global_colors_info=&#8221;{}&#8221;][et_pb_column type=&#8221;4_4&#8243; _builder_version=&#8221;4.16&#8243; custom_padding=&#8221;|||&#8221; global_colors_info=&#8221;{}&#8221; custom_padding__hover=&#8221;|||&#8221;][et_pb_divider show_divider=&#8221;off&#8221; _builder_version=&#8221;4.16&#8243; global_colors_info=&#8221;{}&#8221;][\/et_pb_divider][\/et_pb_column][\/et_pb_row][\/et_pb_section][et_pb_section fb_built=&#8221;1&#8243; fullwidth=&#8221;on&#8221; _builder_version=&#8221;4.16&#8243; global_colors_info=&#8221;{}&#8221;][et_pb_fullwidth_slider show_arrows=&#8221;off&#8221; show_pagination=&#8221;off&#8221; _builder_version=&#8221;4.16&#8243; global_colors_info=&#8221;{}&#8221;][et_pb_slide use_bg_overlay=&#8221;off&#8221; use_text_overlay=&#8221;off&#8221; _builder_version=&#8221;4.16&#8243; background_image=&#8221;https:\/\/www.careplus.eu\/wp-content\/uploads\/2019\/03\/klamboe-kamperen-slapen-openlucht.jpg&#8221; parallax=&#8221;on&#8221; button_on_hover=&#8221;on&#8221; global_colors_info=&#8221;{}&#8221; sticky_transition=&#8221;on&#8221;][\/et_pb_slide][\/et_pb_fullwidth_slider][\/et_pb_section]<\/p>\n","protected":false},"excerpt":{"rendered":"<p>Moskitiery na g\u0142ow\u0119 chroni\u0105ce przed owadami Moskitiera na g\u0142ow\u0119 zapewnia ochron\u0119 i komfort. Zapobiega irytuj\u0105cemu bzyczeniu tu\u017c przy uchu i sw\u0119dz\u0105cym uk\u0105szeniom na twarzy i szyi. Dzi\u0119ki niej nie musisz nieustannie mru\u017cy\u0107 oczu, aby ma\u0142e owady do nich nie wlatywa\u0142y. Obie siatki na g\u0142ow\u0119 s\u0105 nieimpregnowane, o bardzo drobnych oczkach. Idealna do u\u017cytku we w\u0142asnym [&hellip;]<\/p>\n","protected":false},"author":37,"featured_media":0,"parent":8826,"menu_order":0,"comment_status":"closed","ping_status":"closed","template":"","meta":{"_acf_changed":false,"_et_pb_use_builder":"on","_et_pb_old_content":"","_et_gb_content_width":"","footnotes":""},"class_list":["post-8846","page","type-page","status-publish","hentry"],"acf":[],"_links":{"self":[{"href":"https:\/\/www.careplus.eu\/pl\/wp-json\/wp\/v2\/pages\/8846","targetHints":{"allow":["GET"]}}],"collection":[{"href":"https:\/\/www.careplus.eu\/pl\/wp-json\/wp\/v2\/pages"}],"about":[{"href":"https:\/\/www.careplus.eu\/pl\/wp-json\/wp\/v2\/types\/page"}],"author":[{"embeddable":true,"href":"https:\/\/www.careplus.eu\/pl\/wp-json\/wp\/v2\/users\/37"}],"replies":[{"embeddable":true,"href":"https:\/\/www.careplus.eu\/pl\/wp-json\/wp\/v2\/comments?post=8846"}],"version-history":[{"count":0,"href":"https:\/\/www.careplus.eu\/pl\/wp-json\/wp\/v2\/pages\/8846\/revisions"}],"up":[{"embeddable":true,"href":"https:\/\/www.careplus.eu\/pl\/wp-json\/wp\/v2\/pages\/8826"}],"wp:attachment":[{"href":"https:\/\/www.careplus.eu\/pl\/wp-json\/wp\/v2\/media?parent=8846"}],"curies":[{"name":"wp","href":"https:\/\/api.w.org\/{rel}","templated":true}]}}