


{"id":8826,"date":"2020-05-22T09:53:31","date_gmt":"2020-05-22T07:53:31","guid":{"rendered":"https:\/\/www.careplus.eu\/komary-i-kleszcze\/ochrona\/"},"modified":"2024-10-21T15:43:56","modified_gmt":"2024-10-21T14:43:56","slug":"ochrona","status":"publish","type":"page","link":"https:\/\/www.careplus.eu\/pl\/komary-i-kleszcze\/ochrona\/","title":{"rendered":"Ochrona"},"content":{"rendered":"<p>[et_pb_section fb_built=&#8221;1&#8243; fullwidth=&#8221;on&#8221; _builder_version=&#8221;4.16&#8243; bottom_divider_style=&#8221;curve&#8221; bottom_divider_color=&#8221;#ffffff&#8221; bottom_divider_height=&#8221;40px&#8221; global_colors_info=&#8221;{}&#8221;][et_pb_fullwidth_slider show_arrows=&#8221;off&#8221; show_pagination=&#8221;off&#8221; _builder_version=&#8221;4.16&#8243; global_colors_info=&#8221;{}&#8221;][et_pb_slide heading=&#8221;Ochrona&#8221; use_bg_overlay=&#8221;off&#8221; use_text_overlay=&#8221;off&#8221; _builder_version=&#8221;4.16&#8243; header_level=&#8221;h1&#8243; header_font=&#8221;|800|||||||&#8221; header_text_align=&#8221;center&#8221; header_font_size=&#8221;36&#8243; background_image=&#8221;https:\/\/www.careplus.eu\/wp-content\/uploads\/2020\/07\/Muggen-Header-5.jpg&#8221; background_enable_image=&#8221;on&#8221; button_on_hover=&#8221;on&#8221; custom_padding=&#8221;15%||15%|&#8221; custom_padding_tablet=&#8221;22%||10%|&#8221; custom_padding_phone=&#8221;30%||30%|&#8221; custom_padding_last_edited=&#8221;on|phone&#8221; header_font_size_tablet=&#8221;36&#8243; header_font_size_phone=&#8221;36&#8243; header_text_shadow_style=&#8221;preset3&#8243; header_text_shadow_blur_strength=&#8221;0.5em&#8221; header_text_shadow_color=&#8221;rgba(0,0,0,0.6)&#8221; global_colors_info=&#8221;{}&#8221; sticky_transition=&#8221;on&#8221;][\/et_pb_slide][\/et_pb_fullwidth_slider][\/et_pb_section][et_pb_section fb_built=&#8221;1&#8243; _builder_version=&#8221;4.16&#8243; global_colors_info=&#8221;{}&#8221;][et_pb_row _builder_version=&#8221;4.16&#8243; background_size=&#8221;initial&#8221; background_position=&#8221;top_left&#8221; background_repeat=&#8221;repeat&#8221; global_colors_info=&#8221;{}&#8221;][et_pb_column type=&#8221;4_4&#8243; _builder_version=&#8221;4.16&#8243; custom_padding=&#8221;|||&#8221; global_colors_info=&#8221;{}&#8221; custom_padding__hover=&#8221;|||&#8221;][et_pb_dmb_breadcrumbs _builder_version=&#8221;4.16&#8243; body_font_size_tablet=&#8221;51&#8243; body_line_height_tablet=&#8221;2&#8243; separator_font_size_tablet=&#8221;51&#8243; separator_line_height_tablet=&#8221;2&#8243; link_font_size_tablet=&#8221;51&#8243; link_line_height_tablet=&#8221;2&#8243; linkhover_font_size_tablet=&#8221;51&#8243; linkhover_line_height_tablet=&#8221;2&#8243; global_colors_info=&#8221;{}&#8221;][\/et_pb_dmb_breadcrumbs][et_pb_text _builder_version=&#8221;4.16&#8243; header_font=&#8221;|800|||||||&#8221; header_2_font=&#8221;|800|||||||&#8221; header_2_font_size=&#8221;30px&#8221; header_2_font_size_tablet=&#8221;24px&#8221; header_2_font_size_phone=&#8221;&#8221; header_2_font_size_last_edited=&#8221;on|tablet&#8221; global_colors_info=&#8221;{}&#8221;]<\/p>\n<h2>Ochrona przed komarami i kleszczami<\/h2>\n<p><strong>Komary i kleszcze mog\u0105 powodowa\u0107 irytuj\u0105ce uk\u0105szenia. Chocia\u017c uk\u0105szenia niekt\u00f3rych rodzaj\u00f3w komar\u00f3w i kleszczy nie s\u0105 bolesne i mo\u017cemy ich nawet nie zauwa\u017cy\u0107, to mog\u0105 one jednak przenosi\u0107 bakterie, paso\u017cyty i wirusy. Na szcz\u0119\u015bcie w Holandii jest tylko niewielka liczba komar\u00f3w, kt\u00f3re mog\u0105 przenosi\u0107 choroby, lecz mimo to ich bzyczenie, kiedy pr\u00f3bujemy zasn\u0105\u0107 mo\u017ce by\u0107 niezwykle irytuj\u0105ce.<\/strong><\/p>\n<p>Istnieje kilka sposob\u00f3w na odstraszenie komar\u00f3w i zmniejszenie prawdopodobie\u0144stwa, \u017ce zostaniemy przez jednego lub kilka z nich uk\u0105szeni. Najlepszym na to sposobem jest trzymanie si\u0119 z daleka od siedlisk komar\u00f3w, cho\u0107 mo\u017ce to okaza\u0107 si\u0119 trudne, szczeg\u00f3lnie w czasie wakacji. W domu mo\u017cna zainstalowa\u0107 siatki w ramach okien i drzwi, ale nasz komfort w czasie wakacji b\u0119dzie zale\u017ca\u0142 od dobrej moskitiery.<\/p>\n<p>Ponadto istniej\u0105 \u015brodki do stosowania na sk\u00f3r\u0119 o w\u0142a\u015bciwo\u015bciach odstraszaj\u0105cych owady. Najbardziej znanym jest \u015brodek na owady Care Plus\u00ae z DEET. Istnieje r\u00f3wnie\u017c jego naturalna wersja bez DEET, w kt\u00f3rej zawarto wy\u0142\u0105cznie naturalne sk\u0142adniki. Na poni\u017cszym filmie mo\u017cna zobaczy\u0107 dzia\u0142anie \u015brodka Anti-Insect z DEET i Anti-Insect Natural.[\/et_pb_text][et_pb_video src=&#8221;https:\/\/www.youtube.com\/watch?v=VdCHE1224OM&#038;t=9s&#8221; _builder_version=&#8221;4.16&#8243; border_radii=&#8221;on|10px|10px|10px|10px&#8221; global_colors_info=&#8221;{}&#8221;][\/et_pb_video][\/et_pb_column][\/et_pb_row][\/et_pb_section][et_pb_section fb_built=&#8221;1&#8243; _builder_version=&#8221;4.16&#8243; background_color=&#8221;#f4f4f4&#8243; global_colors_info=&#8221;{}&#8221;][et_pb_row column_structure=&#8221;1_3,1_3,1_3&#8243; _builder_version=&#8221;4.16&#8243; background_color=&#8221;#ffffff&#8221; border_radii=&#8221;on|10px|10px|10px|10px&#8221; global_colors_info=&#8221;{}&#8221;][et_pb_column type=&#8221;1_3&#8243; _builder_version=&#8221;4.16&#8243; custom_padding=&#8221;|||&#8221; global_colors_info=&#8221;{}&#8221; custom_padding__hover=&#8221;|||&#8221;][et_pb_image src=&#8221;https:\/\/www.careplus.eu\/wp-content\/uploads\/2019\/01\/klamboe-solo-box.jpg&#8221; url=&#8221;https:\/\/www.careplus.eu\/nl\/muggen-en-teken\/beschermen\/reisklamboes\/&#8221; align_tablet=&#8221;center&#8221; align_phone=&#8221;&#8221; align_last_edited=&#8221;on|desktop&#8221; _builder_version=&#8221;4.16&#8243; global_colors_info=&#8221;{}&#8221;][\/et_pb_image][et_pb_button button_url=&#8221;https:\/\/www.careplus.eu\/pl\/komary-i-kleszcze\/ochrona\/moskitiery\/&#8221; button_text=&#8221;Moskitiera&#8221; button_alignment=&#8221;center&#8221; _builder_version=&#8221;4.16&#8243; background_layout=&#8221;dark&#8221; global_colors_info=&#8221;{}&#8221;][\/et_pb_button][\/et_pb_column][et_pb_column type=&#8221;1_3&#8243; _builder_version=&#8221;4.16&#8243; custom_padding=&#8221;|||&#8221; global_colors_info=&#8221;{}&#8221; custom_padding__hover=&#8221;|||&#8221;][et_pb_image src=&#8221;https:\/\/www.careplus.eu\/wp-content\/uploads\/2020\/03\/careplus-anti-insect-deet-60ml.jpg&#8221; url=&#8221;https:\/\/www.careplus.eu\/pl\/komary-i-kleszcze\/ochrona\/odstraszacz-owadow-deet\/&#8221; align_tablet=&#8221;center&#8221; align_phone=&#8221;&#8221; align_last_edited=&#8221;on|desktop&#8221; _builder_version=&#8221;4.16&#8243; global_colors_info=&#8221;{}&#8221;][\/et_pb_image][et_pb_button button_url=&#8221;https:\/\/www.careplus.eu\/pl\/komary-i-kleszcze\/ochrona\/odstraszacz-owadow-deet\/&#8221; button_text=&#8221;Odstraszacz owad\u00f3w&#8221; button_alignment=&#8221;center&#8221; _builder_version=&#8221;4.16&#8243; background_layout=&#8221;dark&#8221; global_colors_info=&#8221;{}&#8221;][\/et_pb_button][\/et_pb_column][et_pb_column type=&#8221;1_3&#8243; _builder_version=&#8221;4.16&#8243; custom_padding=&#8221;|||&#8221; global_colors_info=&#8221;{}&#8221; custom_padding__hover=&#8221;|||&#8221;][et_pb_image src=&#8221;https:\/\/www.careplus.eu\/wp-content\/uploads\/2020\/06\/care-plus-headnet.jpg&#8221; title_text=&#8221;care-plus-headnet&#8221; url=&#8221;https:\/\/www.careplus.eu\/pl\/komary-i-kleszcze\/ochrona\/moskitiery-na-glowe\/&#8221; align_tablet=&#8221;center&#8221; align_phone=&#8221;&#8221; align_last_edited=&#8221;on|desktop&#8221; _builder_version=&#8221;4.16&#8243; global_colors_info=&#8221;{}&#8221;][\/et_pb_image][et_pb_button button_url=&#8221;https:\/\/www.careplus.eu\/pl\/komary-i-kleszcze\/ochrona\/moskitiery-na-glowe\/&#8221; button_text=&#8221;Moskitiery na g\u0142ow\u0119&#8221; button_alignment=&#8221;center&#8221; _builder_version=&#8221;4.16&#8243; background_layout=&#8221;dark&#8221; global_colors_info=&#8221;{}&#8221;][\/et_pb_button][\/et_pb_column][\/et_pb_row][\/et_pb_section][et_pb_section fb_built=&#8221;1&#8243; _builder_version=&#8221;4.16&#8243; global_colors_info=&#8221;{}&#8221;][et_pb_row _builder_version=&#8221;4.16&#8243; global_colors_info=&#8221;{}&#8221;][et_pb_column type=&#8221;4_4&#8243; _builder_version=&#8221;4.16&#8243; custom_padding=&#8221;|||&#8221; global_colors_info=&#8221;{}&#8221; custom_padding__hover=&#8221;|||&#8221;][et_pb_image src=&#8221;https:\/\/www.careplus.eu\/wp-content\/uploads\/2024\/10\/CP-Muggen-Infographic-PL-scaled.webp&#8221; alt=&#8221;infographic mosquitos&#8221; title_text=&#8221;CP-Muggen-Infographic-PL&#8221; align=&#8221;center&#8221; align_tablet=&#8221;center&#8221; align_phone=&#8221;&#8221; align_last_edited=&#8221;on|desktop&#8221; admin_label=&#8221;infographic muggen &#8221; _builder_version=&#8221;4.27.2&#8243; hover_enabled=&#8221;0&#8243; border_radii=&#8221;on|10px|10px|10px|10px&#8221; global_colors_info=&#8221;{}&#8221; sticky_enabled=&#8221;0&#8243;][\/et_pb_image][\/et_pb_column][\/et_pb_row][\/et_pb_section][et_pb_section fb_built=&#8221;1&#8243; _builder_version=&#8221;4.16&#8243; global_colors_info=&#8221;{}&#8221;][et_pb_row _builder_version=&#8221;4.16&#8243; background_size=&#8221;initial&#8221; background_position=&#8221;top_left&#8221; background_repeat=&#8221;repeat&#8221; global_colors_info=&#8221;{}&#8221;][et_pb_column type=&#8221;4_4&#8243; _builder_version=&#8221;4.16&#8243; custom_padding=&#8221;|||&#8221; global_colors_info=&#8221;{}&#8221; custom_padding__hover=&#8221;|||&#8221;][et_pb_divider show_divider=&#8221;off&#8221; _builder_version=&#8221;4.16&#8243; global_colors_info=&#8221;{}&#8221;][\/et_pb_divider][\/et_pb_column][\/et_pb_row][\/et_pb_section]<\/p>\n","protected":false},"excerpt":{"rendered":"<p>Chocia\u017c uk\u0105szenia niekt\u00f3rych rodzaj\u00f3w komar\u00f3w i kleszczy nie s\u0105 bolesne i mo\u017cemy ich nawet nie zauwa\u017cy\u0107, to mog\u0105 one jednak przenosi\u0107 bakterie, paso\u017cyty i wirusy. Na szcz\u0119\u015bcie w Holandii jest tylko niewielka liczba komar\u00f3w, kt\u00f3re mog\u0105 przenosi\u0107 choroby, lecz mimo to ich bzyczenie, kiedy pr\u00f3bujemy zasn\u0105\u0107 mo\u017ce by\u0107 niezwykle irytuj\u0105ce.<\/p>\n","protected":false},"author":37,"featured_media":0,"parent":8813,"menu_order":0,"comment_status":"closed","ping_status":"closed","template":"","meta":{"_acf_changed":false,"_et_pb_use_builder":"on","_et_pb_old_content":"","_et_gb_content_width":"","footnotes":""},"class_list":["post-8826","page","type-page","status-publish","hentry"],"acf":[],"_links":{"self":[{"href":"https:\/\/www.careplus.eu\/pl\/wp-json\/wp\/v2\/pages\/8826","targetHints":{"allow":["GET"]}}],"collection":[{"href":"https:\/\/www.careplus.eu\/pl\/wp-json\/wp\/v2\/pages"}],"about":[{"href":"https:\/\/www.careplus.eu\/pl\/wp-json\/wp\/v2\/types\/page"}],"author":[{"embeddable":true,"href":"https:\/\/www.careplus.eu\/pl\/wp-json\/wp\/v2\/users\/37"}],"replies":[{"embeddable":true,"href":"https:\/\/www.careplus.eu\/pl\/wp-json\/wp\/v2\/comments?post=8826"}],"version-history":[{"count":0,"href":"https:\/\/www.careplus.eu\/pl\/wp-json\/wp\/v2\/pages\/8826\/revisions"}],"up":[{"embeddable":true,"href":"https:\/\/www.careplus.eu\/pl\/wp-json\/wp\/v2\/pages\/8813"}],"wp:attachment":[{"href":"https:\/\/www.careplus.eu\/pl\/wp-json\/wp\/v2\/media?parent=8826"}],"curies":[{"name":"wp","href":"https:\/\/api.w.org\/{rel}","templated":true}]}}