


{"id":8820,"date":"2020-05-22T07:52:08","date_gmt":"2020-05-22T05:52:08","guid":{"rendered":"https:\/\/www.careplus.eu\/pierwsza-pomoc-w-czasie-podrozy\/apteczka-pierwszej-pomocy\/"},"modified":"2021-11-04T11:36:39","modified_gmt":"2021-11-04T10:36:39","slug":"apteczka-pierwszej-pomocy","status":"publish","type":"page","link":"https:\/\/www.careplus.eu\/pl\/pierwsza-pomoc-w-czasie-podrozy\/apteczka-pierwszej-pomocy\/","title":{"rendered":"Apteczka pierwszej pomocy"},"content":{"rendered":"<p>[et_pb_section fb_built=&#8221;1&#8243; fullwidth=&#8221;on&#8221; _builder_version=&#8221;3.22&#8243; bottom_divider_style=&#8221;curve&#8221; bottom_divider_color=&#8221;#ffffff&#8221; bottom_divider_height=&#8221;40px&#8221; global_colors_info=&#8221;{}&#8221;][et_pb_fullwidth_slider show_arrows=&#8221;off&#8221; show_pagination=&#8221;off&#8221; _builder_version=&#8221;3.19.6&#8243; global_colors_info=&#8221;{}&#8221;][et_pb_slide heading=&#8221;Akcesoria do pierwszej pomocy&#8221; use_bg_overlay=&#8221;off&#8221; use_text_overlay=&#8221;off&#8221; _builder_version=&#8221;3.19.6&#8243; header_level=&#8221;h1&#8243; header_font=&#8221;|800|||||||&#8221; header_font_size=&#8221;36&#8243; background_color=&#8221;#0b6a30&#8243; background_image=&#8221;https:\/\/www.careplus.eu\/wp-content\/uploads\/2019\/03\/care-plus-ehbo-accessoires-1.jpg&#8221; button_on_hover=&#8221;on&#8221; custom_padding=&#8221;15%||15%|&#8221; custom_padding_tablet=&#8221;30%||30%|&#8221; custom_padding_phone=&#8221;30%||30%|&#8221; custom_padding_last_edited=&#8221;on|desktop&#8221; header_font_size_tablet=&#8221;30&#8243; header_font_size_phone=&#8221;30&#8243; header_font_size_last_edited=&#8221;on|tablet&#8221; header_text_shadow_style=&#8221;preset3&#8243; header_text_shadow_blur_strength=&#8221;0.5em&#8221; header_text_shadow_color=&#8221;rgba(0,0,0,0.6)&#8221; global_colors_info=&#8221;{}&#8221; sticky_transition=&#8221;on&#8221;][\/et_pb_slide][\/et_pb_fullwidth_slider][\/et_pb_section][et_pb_section fb_built=&#8221;1&#8243; module_id=&#8221;cp_pb_page_content&#8221; module_class=&#8221;cp_pb_regular_post_content&#8221; _builder_version=&#8221;3.22&#8243; background_color=&#8221;#ffffff&#8221; custom_padding=&#8221;0px|||&#8221; global_colors_info=&#8221;{}&#8221;][et_pb_row admin_label=&#8221;Page Header&#8221; _builder_version=&#8221;3.25&#8243; background_size=&#8221;initial&#8221; background_position=&#8221;top_left&#8221; background_repeat=&#8221;repeat&#8221; collapsed=&#8221;off&#8221; global_colors_info=&#8221;{}&#8221;][et_pb_column type=&#8221;4_4&#8243; _builder_version=&#8221;3.25&#8243; custom_padding=&#8221;|||&#8221; global_colors_info=&#8221;{}&#8221; custom_padding__hover=&#8221;|||&#8221;][et_pb_divider show_divider=&#8221;off&#8221; _builder_version=&#8221;3.19.6&#8243; global_colors_info=&#8221;{}&#8221;][\/et_pb_divider][et_pb_dmb_breadcrumbs _builder_version=&#8221;3.19.6&#8243; body_font_size_tablet=&#8221;51&#8243; body_line_height_tablet=&#8221;2&#8243; separator_font_size_tablet=&#8221;51&#8243; separator_line_height_tablet=&#8221;2&#8243; link_font_size_tablet=&#8221;51&#8243; link_line_height_tablet=&#8221;2&#8243; linkhover_font_size_tablet=&#8221;51&#8243; linkhover_line_height_tablet=&#8221;2&#8243; global_colors_info=&#8221;{}&#8221;][\/et_pb_dmb_breadcrumbs][et_pb_text admin_label=&#8221;Inleiding&#8221; _builder_version=&#8221;3.27.4&#8243; header_2_font=&#8221;|800|||||||&#8221; global_colors_info=&#8221;{}&#8221;]<\/p>\n<h2>Akcesoria do pierwszej pomocy<\/h2>\n<p><strong>Care Plus\u00ae ma w swojej ofercie \u015brodki pierwszej pomocy, takie jak koce ga\u015bnicze, zatyczki do uszu do podr\u00f3\u017cy samolotem i koce ratunkowe chroni\u0105ce przed hipotermi\u0105.<\/strong><\/p>\n<p>Od ponad 20 lat przygotowujemy apteczki pierwszej pomocy do domu i na czas podr\u00f3\u017cy. Ka\u017cdy zestaw zosta\u0142 starannie wybrany we wsp\u00f3\u0142pracy z medykami wypraw. W\u0142\u00f3\u017c do apteczki tak\u017ce w\u0142asne leki, numery telefon\u00f3w alarmowych i dodatkowe akcesoria, takie jak koc ratunkowy, zatyczki do uszu i wodoodporne plastry.<br \/>\n[\/et_pb_text][\/et_pb_column][\/et_pb_row][\/et_pb_section][et_pb_section fb_built=&#8221;1&#8243; module_id=&#8221;cp_pb_call_to_action&#8221; module_class=&#8221;cp_pb_divider&#8221; _builder_version=&#8221;3.22&#8243; background_color=&#8221;#e4e8e7&#8243; global_colors_info=&#8221;{}&#8221;][et_pb_row column_structure=&#8221;1_3,2_3&#8243; use_custom_gutter=&#8221;on&#8221; gutter_width=&#8221;2&#8243; admin_label=&#8221;CTA&#8221; _builder_version=&#8221;4.11.4&#8243; background_color=&#8221;#ffffff&#8221; background_size=&#8221;initial&#8221; background_position=&#8221;top_left&#8221; background_repeat=&#8221;repeat&#8221; custom_padding=&#8221;|20px||20px&#8221; hover_enabled=&#8221;0&#8243; border_radii=&#8221;on|10px|10px|10px|10px&#8221; collapsed=&#8221;off&#8221; global_colors_info=&#8221;{}&#8221; sticky_enabled=&#8221;0&#8243;][et_pb_column type=&#8221;1_3&#8243; _builder_version=&#8221;3.25&#8243; background_color=&#8221;#ffffff&#8221; custom_padding=&#8221;|||&#8221; global_colors_info=&#8221;{}&#8221; custom_padding__hover=&#8221;|||&#8221;][et_pb_image src=&#8221;https:\/\/www.careplus.eu\/wp-content\/uploads\/2021\/11\/CarePlus_First-Aid_Emergency-Blanket-4-426&#215;640.jpg&#8221; title_text=&#8221;CarePlus_First Aid_Emergency Blanket&#8221; url=&#8221;https:\/\/www.careplus-shop.nl\/reddingsdeken-emergency-blanket&#8221; url_new_window=&#8221;on&#8221; align_tablet=&#8221;center&#8221; align_phone=&#8221;center&#8221; align_last_edited=&#8221;on|desktop&#8221; _builder_version=&#8221;4.11.4&#8243; global_colors_info=&#8221;{}&#8221;][\/et_pb_image][\/et_pb_column][et_pb_column type=&#8221;2_3&#8243; _builder_version=&#8221;3.25&#8243; background_color=&#8221;#ffffff&#8221; custom_padding=&#8221;|||&#8221; global_colors_info=&#8221;{}&#8221; custom_padding__hover=&#8221;|||&#8221;][et_pb_text admin_label=&#8221;Emergency Blanket&#8221; _builder_version=&#8221;4.11.4&#8243; custom_margin=&#8221;120px||||false|false&#8221; custom_margin_tablet=&#8221;0px||||false|false&#8221; custom_margin_phone=&#8221;0px||||false|false&#8221; custom_margin_last_edited=&#8221;on|desktop&#8221; custom_padding=&#8221;0px|15px||15px|false|false&#8221; global_colors_info=&#8221;{}&#8221;]<\/p>\n<h3>Koc ratunkowy<\/h3>\n<p>Chroni przed zimnem lub upa\u0142em. Do zastosowania w razie wypadku, po\u017caru lub w trudnych warunkach pogodowych.<\/p>\n<p>[\/et_pb_text][et_pb_toggle title=&#8221;Zastosowanie&#8221; icon_color=&#8221;#006b2d&#8221; admin_label=&#8221;Gebruik&#8221; _builder_version=&#8221;4.11.4&#8243; background_color=&#8221;#f4f4f4&#8243; custom_margin=&#8221;20px|20px|20px|20px&#8221; custom_padding=&#8221;|15px||15px&#8221; border_radii=&#8221;on|10px|10px|10px|10px&#8221; global_colors_info=&#8221;{}&#8221;]<\/p>\n<ul>\n<li>Ochrona przed zimnem: srebrna strona do \u015brodka. Warstwa aluminium odbija z powrotem ok. 80% temperatury cia\u0142a, zapobiegaj\u0105c hipotermii i zamarzni\u0119ciu.<\/li>\n<li>Ochrona przed gor\u0105cem: srebrna strona na zewn\u0105trz. Promienie s\u0142oneczne s\u0105 odbijane, co zapewnia cia\u0142u (lub samochodowi, namiotowi, itp.) och\u0142odzenie.<\/li>\n<\/ul>\n<p>[\/et_pb_toggle][et_pb_toggle title=&#8221;Specyfikacje&#8221; icon_color=&#8221;#006b2d&#8221; admin_label=&#8221;Specificaties&#8221; _builder_version=&#8221;4.11.4&#8243; background_color=&#8221;#f4f4f4&#8243; custom_margin=&#8221;20px|20px|20px|20px&#8221; custom_padding=&#8221;|15px||15px&#8221; border_radii=&#8221;on|10px|10px|10px|10px&#8221; global_colors_info=&#8221;{}&#8221;]<\/p>\n<ul>\n<li>Wymiary (roz\u0142o\u017cony): 160 x 210 cm<\/li>\n<li>Waga: 55 gram<\/li>\n<\/ul>\n<p>[\/et_pb_toggle][et_pb_text admin_label=&#8221;Prijs&#8221; _builder_version=&#8221;3.27.4&#8243; text_orientation=&#8221;center&#8221; custom_padding=&#8221;|15px||15px&#8221; global_colors_info=&#8221;{}&#8221;]<\/p>\n<hr \/>\n<p><strong>Sugerowana cena detaliczna: \u20ac 3.95<\/strong><br \/>\n[\/et_pb_text][et_pb_divider show_divider=&#8221;off&#8221; _builder_version=&#8221;3.19.6&#8243; height=&#8221;10px&#8221; global_colors_info=&#8221;{}&#8221;][\/et_pb_divider][et_pb_button button_url=&#8221;https:\/\/www.careplus-shop.nl\/reddingsdeken-emergency-blanket&#8221; url_new_window=&#8221;on&#8221; button_text=&#8221;Wybierz i zam\u00f3w&#8221; button_alignment=&#8221;center&#8221; admin_label=&#8221;Kies &#038; Bestel&#8221; _builder_version=&#8221;3.19.6&#8243; background_layout=&#8221;dark&#8221; global_colors_info=&#8221;{}&#8221;][\/et_pb_button][\/et_pb_column][\/et_pb_row][\/et_pb_section][et_pb_section fb_built=&#8221;1&#8243; module_id=&#8221;cp_pb_page_content&#8221; module_class=&#8221;cp_pb_regular_post_content&#8221; _builder_version=&#8221;4.11.4&#8243; background_color=&#8221;#ffffff&#8221; custom_padding=&#8221;||||false|false&#8221; global_colors_info=&#8221;{}&#8221;][et_pb_row admin_label=&#8221;Page Header&#8221; _builder_version=&#8221;4.11.4&#8243; background_size=&#8221;initial&#8221; background_position=&#8221;top_left&#8221; background_repeat=&#8221;repeat&#8221; collapsed=&#8221;off&#8221; global_colors_info=&#8221;{}&#8221;][et_pb_column type=&#8221;4_4&#8243; _builder_version=&#8221;3.25&#8243; custom_padding=&#8221;|||&#8221; global_colors_info=&#8221;{}&#8221; custom_padding__hover=&#8221;|||&#8221;][et_pb_text admin_label=&#8221;EHBO-sets&#8221; _builder_version=&#8221;4.11.4&#8243; header_2_font=&#8221;|800|||||||&#8221; global_colors_info=&#8221;{}&#8221;]<\/p>\n<p>&nbsp;<\/p>\n<h3>Apteczka pierwszej pomocy<\/h3>\n<p>Wypadki zdarzaj\u0105 si\u0119 wtedy, gdy najmniej si\u0119 tego spodziewamy: w domu i ko\u0142o domu, podczas przyjemnej wycieczki lub d\u0142ugiej podr\u00f3\u017cy. Wypadek mo\u017ce nam zepsu\u0107 relaksuj\u0105cy weekend, dzie\u0144, wycieczk\u0119 po mie\u015bcie lub wakacje w tropikach. Dzi\u0119ki <a href=\"https:\/\/www.careplus.eu\/nl\/eerste-hulp-op-reis\/ehbo-sets\/\">apteczce pierwszej pomocy<\/a> Care Plus\u00ae i znajduj\u0105cym si\u0119 w niej akcesoriom zawsze b\u0119dziesz przygotowany na nieprzewidziane i awaryjne sytuacje. W naszej szerokiej gamie zestaw\u00f3w pierwszej pomocy z pewno\u015bci\u0105 znajdziesz taki, kt\u00f3ry b\u0119dzie odpowiada\u0107 twoim potrzebom.<\/p>\n<p>[\/et_pb_text][\/et_pb_column][\/et_pb_row][\/et_pb_section]<\/p>\n","protected":false},"excerpt":{"rendered":"<p>Akcesoria do pierwszej pomocy Care Plus\u00ae ma w swojej ofercie \u015brodki pierwszej pomocy, takie jak koce ga\u015bnicze, zatyczki do uszu do podr\u00f3\u017cy samolotem i koce ratunkowe chroni\u0105ce przed hipotermi\u0105. Od ponad 20 lat przygotowujemy apteczki pierwszej pomocy do domu i na czas podr\u00f3\u017cy. Ka\u017cdy zestaw zosta\u0142 starannie wybrany we wsp\u00f3\u0142pracy z medykami wypraw. W\u0142\u00f3\u017c do [&hellip;]<\/p>\n","protected":false},"author":37,"featured_media":0,"parent":8809,"menu_order":0,"comment_status":"closed","ping_status":"closed","template":"","meta":{"_acf_changed":false,"_et_pb_use_builder":"on","_et_pb_old_content":"","_et_gb_content_width":"","footnotes":""},"class_list":["post-8820","page","type-page","status-publish","hentry"],"acf":[],"_links":{"self":[{"href":"https:\/\/www.careplus.eu\/pl\/wp-json\/wp\/v2\/pages\/8820","targetHints":{"allow":["GET"]}}],"collection":[{"href":"https:\/\/www.careplus.eu\/pl\/wp-json\/wp\/v2\/pages"}],"about":[{"href":"https:\/\/www.careplus.eu\/pl\/wp-json\/wp\/v2\/types\/page"}],"author":[{"embeddable":true,"href":"https:\/\/www.careplus.eu\/pl\/wp-json\/wp\/v2\/users\/37"}],"replies":[{"embeddable":true,"href":"https:\/\/www.careplus.eu\/pl\/wp-json\/wp\/v2\/comments?post=8820"}],"version-history":[{"count":0,"href":"https:\/\/www.careplus.eu\/pl\/wp-json\/wp\/v2\/pages\/8820\/revisions"}],"up":[{"embeddable":true,"href":"https:\/\/www.careplus.eu\/pl\/wp-json\/wp\/v2\/pages\/8809"}],"wp:attachment":[{"href":"https:\/\/www.careplus.eu\/pl\/wp-json\/wp\/v2\/media?parent=8820"}],"curies":[{"name":"wp","href":"https:\/\/api.w.org\/{rel}","templated":true}]}}