


{"id":8812,"date":"2020-05-21T18:40:55","date_gmt":"2020-05-21T16:40:55","guid":{"rendered":"https:\/\/www.careplus.eu\/higiena\/"},"modified":"2025-05-06T08:13:26","modified_gmt":"2025-05-06T07:13:26","slug":"higiena","status":"publish","type":"page","link":"https:\/\/www.careplus.eu\/pl\/higiena\/","title":{"rendered":"Higiena"},"content":{"rendered":"<p>[et_pb_section fb_built=&#8221;1&#8243; fullwidth=&#8221;on&#8221; _builder_version=&#8221;4.21.0&#8243; background_image=&#8221;https:\/\/www.careplus.eu\/wp-content\/uploads\/2021\/04\/header-hygiene.jpg&#8221; bottom_divider_style=&#8221;curve&#8221; bottom_divider_color=&#8221;#ffffff&#8221; bottom_divider_height=&#8221;40px&#8221; bottom_divider_height_tablet=&#8221;40px&#8221; bottom_divider_height_phone=&#8221;20px&#8221; bottom_divider_height_last_edited=&#8221;on|phone&#8221; background_last_edited=&#8221;off|phone&#8221; background_image_phone=&#8221;https:\/\/www.careplus.eu\/wp-content\/uploads\/2021\/04\/header-hygiene-mb.jpg&#8221; background_enable_image_phone=&#8221;on&#8221; global_colors_info=&#8221;{}&#8221;][et_pb_fullwidth_slider show_arrows=&#8221;off&#8221; show_pagination=&#8221;off&#8221; _builder_version=&#8221;4.21.0&#8243; custom_padding=&#8221;22%||10%|&#8221; global_colors_info=&#8221;{}&#8221;][et_pb_slide heading=&#8221;Higiena&#8221; use_bg_overlay=&#8221;off&#8221; use_text_overlay=&#8221;off&#8221; _builder_version=&#8221;4.21.0&#8243; header_level=&#8221;h1&#8243; header_font=&#8221;|800|||||||&#8221; header_font_size=&#8221;36&#8243; background_color=&#8221;RGBA(255,255,255,0)&#8221; background_enable_color=&#8221;on&#8221; background_enable_image=&#8221;off&#8221; parallax=&#8221;on&#8221; button_on_hover=&#8221;on&#8221; custom_padding=&#8221;15%||15%|&#8221; custom_padding_tablet=&#8221;30%||30%|&#8221; custom_padding_phone=&#8221;30%||30%|&#8221; custom_padding_last_edited=&#8221;on|desktop&#8221; header_font_size_tablet=&#8221;30&#8243; header_font_size_phone=&#8221;30&#8243; header_font_size_last_edited=&#8221;on|desktop&#8221; header_text_shadow_style=&#8221;preset3&#8243; header_text_shadow_blur_strength=&#8221;0.5em&#8221; header_text_shadow_color=&#8221;rgba(0,0,0,0.6)&#8221; global_colors_info=&#8221;{}&#8221; sticky_transition=&#8221;on&#8221;][\/et_pb_slide][\/et_pb_fullwidth_slider][\/et_pb_section][et_pb_section fb_built=&#8221;1&#8243; admin_label=&#8221;INTRO&#8221; module_id=&#8221;cp_pb_page_content&#8221; _builder_version=&#8221;4.21.0&#8243; background_color=&#8221;#ffffff&#8221; custom_margin=&#8221;50px||||false|false&#8221; custom_padding=&#8221;0px|||&#8221; collapsed=&#8221;off&#8221; global_colors_info=&#8221;{}&#8221;][et_pb_row disabled_on=&#8221;off|off|off&#8221; _builder_version=&#8221;4.21.0&#8243; background_size=&#8221;initial&#8221; background_position=&#8221;top_left&#8221; background_repeat=&#8221;repeat&#8221; custom_margin=&#8221;||||false|false&#8221; global_module=&#8221;18803&#8243; global_colors_info=&#8221;{}&#8221;][et_pb_column type=&#8221;4_4&#8243; _builder_version=&#8221;4.16&#8243; custom_padding=&#8221;|||&#8221; global_colors_info=&#8221;{}&#8221; custom_padding__hover=&#8221;|||&#8221;][et_pb_dmb_breadcrumbs _builder_version=&#8221;4.16&#8243; body_font_size_tablet=&#8221;51&#8243; body_line_height_tablet=&#8221;2&#8243; separator_font_size_tablet=&#8221;51&#8243; separator_line_height_tablet=&#8221;2&#8243; link_font_size_tablet=&#8221;51&#8243; link_line_height_tablet=&#8221;2&#8243; linkhover_font_size_tablet=&#8221;51&#8243; linkhover_line_height_tablet=&#8221;2&#8243; global_colors_info=&#8221;{}&#8221;][\/et_pb_dmb_breadcrumbs][\/et_pb_column][\/et_pb_row][et_pb_row admin_label=&#8221;Main Product Entry Point&#8221; module_id=&#8221;cp_pb_product_line_entry_level&#8221; module_class=&#8221;ignore_default&#8221; _builder_version=&#8221;4.21.0&#8243; background_size=&#8221;initial&#8221; background_position=&#8221;top_left&#8221; background_repeat=&#8221;repeat&#8221; width_tablet=&#8221;70%&#8221; width_phone=&#8221;80%&#8221; width_last_edited=&#8221;on|phone&#8221; max_width_tablet=&#8221;70%&#8221; max_width_phone=&#8221;1130px&#8221; max_width_last_edited=&#8221;on|phone&#8221; use_custom_width=&#8221;on&#8221; width_unit=&#8221;off&#8221; custom_width_percent=&#8221;70%&#8221; collapsed=&#8221;off&#8221; global_colors_info=&#8221;{}&#8221;][et_pb_column type=&#8221;4_4&#8243; _builder_version=&#8221;4.16&#8243; custom_padding=&#8221;|||&#8221; global_colors_info=&#8221;{}&#8221; custom_padding__hover=&#8221;|||&#8221;][et_pb_text module_class=&#8221;ignore_default&#8221; _builder_version=&#8221;4.21.0&#8243; link_font=&#8221;||||on||||&#8221; header_2_font=&#8221;|800|||||||&#8221; header_2_text_align=&#8221;left&#8221; header_2_font_size=&#8221;30px&#8221; global_colors_info=&#8221;{}&#8221;]<\/p>\n<h2>Higiena podczas podr\u00f3\u017cy<\/h2>\n<p><strong>Higiena podczas podr\u00f3\u017cy jest bardzo wa\u017cna. Nie wsz\u0119dzie jest dost\u0119pna \u015bwie\u017ca woda, a jej jako\u015b\u0107 mo\u017ce r\u00f3\u017cni\u0107 si\u0119 od tej, do kt\u00f3rej przywykli\u015bmy w domu. Zalecamy zaopatrzenie si\u0119 w odpowiedni\u0105 ilo\u015b\u0107 dezynfekuj\u0105cego \u017celu do r\u0105k, myd\u0142a i sprayu do cia\u0142a, aby m\u00f3c si\u0119 od\u015bwie\u017cy\u0107. Przed udaniem si\u0119 w niekt\u00f3re miejsca zalecamy te\u017c zabranie filtra wody lub \u015brodka uzdatniaj\u0105cego do wody pitnej. Care Plus\u00ae oferuje pe\u0142n\u0105 gam\u0119 produkt\u00f3w zapewniaj\u0105cych higien\u0119 podczas podr\u00f3\u017cy.<\/strong><\/p>\n<p>[\/et_pb_text][\/et_pb_column][\/et_pb_row][\/et_pb_section][et_pb_section fb_built=&#8221;1&#8243; admin_label=&#8221;Page Heading&#8221; module_id=&#8221;cp_pb_page_content&#8221; _builder_version=&#8221;4.16&#8243; background_color=&#8221;#f4f4f4&#8243; custom_margin=&#8221;0px|||&#8221; custom_padding=&#8221;0px|||&#8221; collapsed=&#8221;off&#8221; global_colors_info=&#8221;{}&#8221;][et_pb_row column_structure=&#8221;1_3,1_3,1_3&#8243; admin_label=&#8221;Main Product Entry Point&#8221; module_id=&#8221;cp_pb_product_line_entry_level&#8221; module_class=&#8221;ignore_default&#8221; _builder_version=&#8221;4.16&#8243; background_size=&#8221;initial&#8221; background_position=&#8221;top_left&#8221; background_repeat=&#8221;repeat&#8221; width=&#8221;70%&#8221; max_width=&#8221;70%&#8221; use_custom_width=&#8221;on&#8221; width_unit=&#8221;off&#8221; custom_width_percent=&#8221;70%&#8221; collapsed=&#8221;off&#8221; global_colors_info=&#8221;{}&#8221;][et_pb_column type=&#8221;1_3&#8243; _builder_version=&#8221;4.16&#8243; custom_padding=&#8221;|||&#8221; global_colors_info=&#8221;{}&#8221; custom_padding__hover=&#8221;|||&#8221;][et_pb_image src=&#8221;https:\/\/www.careplus.eu\/wp-content\/uploads\/2025\/05\/care-plus-persoonlijke-hygien-op-reis.webp&#8221; alt=&#8221;Higiena w podr\u00f3\u017cy z Care Plus&#8221; title_text=&#8221;Hygiene-Towel-Soap&#8221; url=&#8221;@ET-DC@eyJkeW5hbWljIjp0cnVlLCJjb250ZW50IjoicG9zdF9saW5rX3VybF9wYWdlIiwic2V0dGluZ3MiOnsicG9zdF9pZCI6IjE2MTAifX0=@&#8221; align_tablet=&#8221;center&#8221; align_phone=&#8221;&#8221; align_last_edited=&#8221;on|desktop&#8221; _builder_version=&#8221;4.21.0&#8243; _dynamic_attributes=&#8221;url&#8221; global_colors_info=&#8221;{}&#8221;][\/et_pb_image][et_pb_button button_url=&#8221;@ET-DC@eyJkeW5hbWljIjp0cnVlLCJjb250ZW50IjoicG9zdF9saW5rX3VybF9wYWdlIiwic2V0dGluZ3MiOnsicG9zdF9pZCI6IjE2MTAifX0=@&#8221; button_text=&#8221;Higiena osobista&#8221; button_alignment=&#8221;center&#8221; _builder_version=&#8221;4.21.0&#8243; _dynamic_attributes=&#8221;button_url&#8221; background_layout=&#8221;dark&#8221; global_colors_info=&#8221;{}&#8221;][\/et_pb_button][\/et_pb_column][et_pb_column type=&#8221;1_3&#8243; _builder_version=&#8221;4.16&#8243; custom_padding=&#8221;|||&#8221; global_colors_info=&#8221;{}&#8221; custom_padding__hover=&#8221;|||&#8221;][et_pb_image src=&#8221;https:\/\/www.careplus.eu\/wp-content\/uploads\/2025\/05\/care-plus-water-filter-zuiveren.webp&#8221; alt=&#8221;Oczyszczaj wod\u0119 za pomoc\u0105 Care Plus&#8221; title_text=&#8221;Produkty higieniczne&#8221; url=&#8221;@ET-DC@eyJkeW5hbWljIjp0cnVlLCJjb250ZW50IjoicG9zdF9saW5rX3VybF9wYWdlIiwic2V0dGluZ3MiOnsicG9zdF9pZCI6IjE2MjYifX0=@&#8221; align_tablet=&#8221;center&#8221; align_phone=&#8221;&#8221; align_last_edited=&#8221;on|desktop&#8221; _builder_version=&#8221;4.21.0&#8243; _dynamic_attributes=&#8221;url&#8221; global_colors_info=&#8221;{}&#8221;][\/et_pb_image][et_pb_button button_url=&#8221;@ET-DC@eyJkeW5hbWljIjp0cnVlLCJjb250ZW50IjoicG9zdF9saW5rX3VybF9wYWdlIiwic2V0dGluZ3MiOnsicG9zdF9pZCI6IjE2MjYifX0=@&#8221; button_text=&#8221;Uzdatnianie wody&#8221; button_alignment=&#8221;center&#8221; _builder_version=&#8221;4.21.0&#8243; _dynamic_attributes=&#8221;button_url&#8221; background_layout=&#8221;dark&#8221; global_colors_info=&#8221;{}&#8221;][\/et_pb_button][\/et_pb_column][et_pb_column type=&#8221;1_3&#8243; _builder_version=&#8221;4.16&#8243; custom_padding=&#8221;|||&#8221; global_colors_info=&#8221;{}&#8221; custom_padding__hover=&#8221;|||&#8221;][et_pb_image src=&#8221;https:\/\/www.careplus.eu\/wp-content\/uploads\/2025\/05\/care-plus-ors-hydratatie-tegen-uitdroging.webp&#8221; alt=&#8221;nawodnienie za pomoc\u0105 O.R.S. od Care Plus&#8221; title_text=&#8221;Higiena ORS&#8221; url=&#8221;@ET-DC@eyJkeW5hbWljIjp0cnVlLCJjb250ZW50IjoicG9zdF9saW5rX3VybF9wYWdlIiwic2V0dGluZ3MiOnsicG9zdF9pZCI6IjQ2ODUifX0=@&#8221; align_tablet=&#8221;center&#8221; align_phone=&#8221;&#8221; align_last_edited=&#8221;on|desktop&#8221; _builder_version=&#8221;4.21.0&#8243; _dynamic_attributes=&#8221;url&#8221; global_colors_info=&#8221;{}&#8221;][\/et_pb_image][et_pb_button button_url=&#8221;@ET-DC@eyJkeW5hbWljIjp0cnVlLCJjb250ZW50IjoicG9zdF9saW5rX3VybF9wYWdlIiwic2V0dGluZ3MiOnsicG9zdF9pZCI6IjQ2ODUifX0=@&#8221; button_text=&#8221;O.R.S.&#8221; button_alignment=&#8221;center&#8221; _builder_version=&#8221;4.21.0&#8243; _dynamic_attributes=&#8221;button_url&#8221; background_layout=&#8221;dark&#8221; global_colors_info=&#8221;{}&#8221;][\/et_pb_button][\/et_pb_column][\/et_pb_row][\/et_pb_section][et_pb_section fb_built=&#8221;1&#8243; admin_label=&#8221;Product Listing&#8221; module_id=&#8221;cp_pb_page_extra&#8221; _builder_version=&#8221;4.16&#8243; collapsed=&#8221;off&#8221; global_colors_info=&#8221;{}&#8221;][et_pb_row _builder_version=&#8221;4.16&#8243; background_size=&#8221;initial&#8221; background_position=&#8221;top_left&#8221; background_repeat=&#8221;repeat&#8221; global_colors_info=&#8221;{}&#8221;][et_pb_column type=&#8221;4_4&#8243; _builder_version=&#8221;4.16&#8243; custom_padding=&#8221;|||&#8221; global_colors_info=&#8221;{}&#8221; custom_padding__hover=&#8221;|||&#8221;][et_pb_text admin_label=&#8221;Extra Informatie&#8221; module_id=&#8221;cp_pb_extra_content&#8221; _builder_version=&#8221;4.27.4&#8243; link_font=&#8221;||||on||||&#8221; hover_enabled=&#8221;0&#8243; global_colors_info=&#8221;{}&#8221; sticky_enabled=&#8221;0&#8243;]<\/p>\n<h3>Higiena podczas podr\u00f3\u017cy sk\u0142ada si\u0119 z trzech aspekt\u00f3w<\/h3>\n<ul>\n<li><a href=\"https:\/\/www.careplus.eu\/nl\/hygiene-tijdens-de-reis\/persoonlijke-hygiene\">higiena osobista<\/a><\/li>\n<li><a href=\"https:\/\/www.careplus.eu\/nl\/hygiene-tijdens-de-reis\/o-r-s\">higiena \u017cywno\u015bci<\/a><\/li>\n<li><a href=\"https:\/\/www.careplus.eu\/nl\/hygiene-tijdens-de-reis\/water-zuiveren\">uzdatnianie wody<\/a><\/li>\n<\/ul>\n<p>&nbsp;<\/p>\n<h3>Higiena osobista podczas podr\u00f3\u017cy<\/h3>\n<p>M\u00f3wi\u0105c o\u00a0higienie osobistej, mamy na my\u015bli wszelkie \u015brodki higieniczne, kt\u00f3re podejmujemy wobec siebie samych. Jest to na przyk\u0142ad <a href=\"https:\/\/www.careplus.eu\/pl\/higiena\/personal-hygiene\/cleansing-hand-gel\/\">mycie i dezynfekcja r\u0105k<\/a> oraz ich dok\u0142adne suszenie czystym r\u0119cznikiem.<\/p>\n<h3>Higiena \u017cywno\u015bci podczas podr\u00f3\u017cy<\/h3>\n<p>Pod poj\u0119ciem higieny \u017cywno\u015bci rozumiemy wszelkie \u015brodki higieniczne, jakie mo\u017cesz podj\u0105\u0107 w odniesieniu do \u017cywno\u015bci. Jest to na przyk\u0142ad krytyczny wyb\u00f3r i kontrola \u017cywno\u015bci oraz przyjmowanie odpowiednich suplement\u00f3w i diety w celu uzupe\u0142nienia ewentualnych brak\u00f3w.<\/p>\n<h3>Czysta woda pitna<\/h3>\n<p>Picie wody z kranu zwykle nie stanowi problemu w Europie Zachodniej i Ameryce P\u00f3\u0142nocnej. Jednak w innych regionach \u015bwiata wskazane jest podejmowanie odpowiednich <a href=\"https:\/\/www.careplus.eu\/pl\/higiena\/water-purification\/\">\u015brodk\u00f3w w celu uzdatnienia wody do picia<\/a>. Woda mo\u017ce by\u0107 ska\u017cona. Zawarte w niej mikroorganizmy mog\u0105 powodowa\u0107 choroby zaka\u017ane, szczeg\u00f3lnie choroby \u017co\u0142\u0105dka i jelit. Najcz\u0119stszym problemem jest biegunka. Istnieje kilka metod zapewniaj\u0105cych bezpiecze\u0144stwo wody do picia:<\/p>\n<ul>\n<li>dezynfekcja \u015brodkiem <a href=\"https:\/\/www.careplus.eu\/pl\/higiena\/water-purification\/hadex\/\">Care Plus Hadex<\/a><sup style=\"font-size: 10px;\">\u00ae<\/sup>, zatwierdzonego przez rz\u0105d Holandii. \u015arodek ten zabija bakterie i wirusy.<\/li>\n<li>mikrofiltracja. Filtry, w zale\u017cno\u015bci od ich rodzaju, usuwaj\u0105 pierwotniaki i bakterie.<\/li>\n<li>gotowanie wody, aby zabi\u0107 wszystkie mikroorganizmy.<\/li>\n<\/ul>\n<p>Care Plus<sup style=\"font-size: 10px;\">\u00ae<\/sup> oferuje szereg produkt\u00f3w, kt\u00f3re zapewniaj\u0105 lepsze przyjmowanie p\u0142yn\u00f3w, uzdatnianie wody i higien\u0119 osobist\u0105.[\/et_pb_text][\/et_pb_column][\/et_pb_row][\/et_pb_section]<\/p>\n","protected":false},"excerpt":{"rendered":"<p>Produkty higieniczne dla podr\u00f3\u017cnych. Od \u017celu do mycia r\u0105k po myd\u0142o i \u015brodki do uzdatniania wody. Sprawd\u017a ofert\u0119 produkt\u00f3w.<\/p>\n","protected":false},"author":37,"featured_media":0,"parent":0,"menu_order":0,"comment_status":"closed","ping_status":"closed","template":"","meta":{"_acf_changed":false,"_et_pb_use_builder":"on","_et_pb_old_content":"","_et_gb_content_width":"","footnotes":""},"class_list":["post-8812","page","type-page","status-publish","hentry"],"acf":[],"_links":{"self":[{"href":"https:\/\/www.careplus.eu\/pl\/wp-json\/wp\/v2\/pages\/8812","targetHints":{"allow":["GET"]}}],"collection":[{"href":"https:\/\/www.careplus.eu\/pl\/wp-json\/wp\/v2\/pages"}],"about":[{"href":"https:\/\/www.careplus.eu\/pl\/wp-json\/wp\/v2\/types\/page"}],"author":[{"embeddable":true,"href":"https:\/\/www.careplus.eu\/pl\/wp-json\/wp\/v2\/users\/37"}],"replies":[{"embeddable":true,"href":"https:\/\/www.careplus.eu\/pl\/wp-json\/wp\/v2\/comments?post=8812"}],"version-history":[{"count":0,"href":"https:\/\/www.careplus.eu\/pl\/wp-json\/wp\/v2\/pages\/8812\/revisions"}],"wp:attachment":[{"href":"https:\/\/www.careplus.eu\/pl\/wp-json\/wp\/v2\/media?parent=8812"}],"curies":[{"name":"wp","href":"https:\/\/api.w.org\/{rel}","templated":true}]}}