{"id":8809,"date":"2020-05-21T15:15:00","date_gmt":"2020-05-21T13:15:00","guid":{"rendered":"https:\/\/www.careplus.eu\/pierwsza-pomoc-w-czasie-podrozy\/"},"modified":"2023-08-25T14:04:09","modified_gmt":"2023-08-25T12:04:09","slug":"pierwsza-pomoc-w-czasie-podrozy","status":"publish","type":"page","link":"https:\/\/www.careplus.eu\/pl\/pierwsza-pomoc-w-czasie-podrozy\/","title":{"rendered":"Pierwsza pomoc w czasie podr\u00f3\u017cy"},"content":{"rendered":"<p>[et_pb_section fb_built=&#8221;1&#8243; fullwidth=&#8221;on&#8221; _builder_version=&#8221;4.21.0&#8243; background_image=&#8221;https:\/\/www.careplus.eu\/wp-content\/uploads\/2021\/04\/header-first-aid-6.jpg&#8221; bottom_divider_style=&#8221;curve&#8221; bottom_divider_color=&#8221;#ffffff&#8221; bottom_divider_height=&#8221;40px&#8221; bottom_divider_height_tablet=&#8221;40px&#8221; bottom_divider_height_phone=&#8221;20px&#8221; bottom_divider_height_last_edited=&#8221;on|phone&#8221; background_last_edited=&#8221;off|desktop&#8221; background_image_phone=&#8221;https:\/\/www.careplus.eu\/wp-content\/uploads\/2021\/04\/header-first-aid-mb-6.jpg&#8221; background_enable_image_phone=&#8221;on&#8221; global_colors_info=&#8221;{}&#8221;][et_pb_fullwidth_slider show_arrows=&#8221;off&#8221; show_pagination=&#8221;off&#8221; _builder_version=&#8221;4.16&#8243; custom_padding=&#8221;22%||10%|&#8221; custom_padding_tablet=&#8221;&#8221; custom_padding_phone=&#8221;&#8221; custom_padding_last_edited=&#8221;on|&#8221; global_colors_info=&#8221;{}&#8221;][et_pb_slide heading=&#8221;Pierwsza pomoc w czasie podr\u00f3\u017cy&#8221; use_bg_overlay=&#8221;off&#8221; use_text_overlay=&#8221;off&#8221; _builder_version=&#8221;4.16&#8243; header_level=&#8221;h1&#8243; header_font=&#8221;|800|||||||&#8221; header_text_align=&#8221;center&#8221; header_font_size=&#8221;36&#8243; background_enable_color=&#8221;off&#8221; background_enable_image=&#8221;off&#8221; button_on_hover=&#8221;on&#8221; custom_padding=&#8221;15%||15%|&#8221; custom_padding_tablet=&#8221;30%||30%|&#8221; custom_padding_phone=&#8221;30%||30%|&#8221; custom_padding_last_edited=&#8221;on|phone&#8221; header_font_size_tablet=&#8221;30&#8243; header_font_size_phone=&#8221;30&#8243; header_font_size_last_edited=&#8221;on|phone&#8221; header_text_shadow_style=&#8221;preset3&#8243; header_text_shadow_color=&#8221;rgba(0,0,0,0.6)&#8221; global_colors_info=&#8221;{}&#8221; sticky_transition=&#8221;on&#8221;][\/et_pb_slide][\/et_pb_fullwidth_slider][\/et_pb_section][et_pb_section fb_built=&#8221;1&#8243; admin_label=&#8221;Page Heading&#8221; module_id=&#8221;cp_pb_page_content&#8221; _builder_version=&#8221;4.16&#8243; background_color=&#8221;#ffffff&#8221; custom_margin=&#8221;0px|||&#8221; custom_padding=&#8221;0px|||&#8221; collapsed=&#8221;off&#8221; global_colors_info=&#8221;{}&#8221;][et_pb_row _builder_version=&#8221;4.16&#8243; global_colors_info=&#8221;{}&#8221;][et_pb_column type=&#8221;4_4&#8243; _builder_version=&#8221;4.16&#8243; custom_padding=&#8221;|||&#8221; global_colors_info=&#8221;{}&#8221; custom_padding__hover=&#8221;|||&#8221;][et_pb_divider show_divider=&#8221;off&#8221; _builder_version=&#8221;4.16&#8243; height=&#8221;75px&#8221; global_colors_info=&#8221;{}&#8221;][\/et_pb_divider][et_pb_dmb_breadcrumbs _builder_version=&#8221;4.16&#8243; body_font_size_tablet=&#8221;51&#8243; body_line_height_tablet=&#8221;2&#8243; separator_font_size_tablet=&#8221;51&#8243; separator_line_height_tablet=&#8221;2&#8243; link_font_size_tablet=&#8221;51&#8243; link_line_height_tablet=&#8221;2&#8243; linkhover_font_size_tablet=&#8221;51&#8243; linkhover_line_height_tablet=&#8221;2&#8243; global_colors_info=&#8221;{}&#8221;][\/et_pb_dmb_breadcrumbs][et_pb_text admin_label=&#8221;Een ongeluk zit in een klein hoekje&#8221; _builder_version=&#8221;4.16&#8243; header_font=&#8221;|800|||||||&#8221; header_text_align=&#8221;left&#8221; header_font_size=&#8221;24px&#8221; header_2_font=&#8221;|800|||||||&#8221; header_2_font_size=&#8221;30px&#8221; global_colors_info=&#8221;{}&#8221;]<\/p>\n<h2>Wypadki si\u0119 zdarzaj\u0105<\/h2>\n<p><strong>Wypadki mog\u0105 si\u0119 zdarzy\u0107, gdy jeste\u015b na wakacjach lub podczas zaj\u0119\u0107 na \u015bwie\u017cym powietrzu, lecz tak\u017ce w domu i ko\u0142o domu. Dlatego wa\u017cne jest, aby zawsze mie\u0107 pod r\u0119k\u0105 apteczk\u0119. W trakcie podr\u00f3\u017cy potrzebne Ci b\u0119d\u0105 inne produkty ni\u017c w domu lub w samochodzie. Zw\u0142aszcza w ciep\u0142ym klimacie, takim jak regiony podzwrotnikowe, gdzie ryzyko zaka\u017cenia ran jest wi\u0119ksze. Opr\u00f3cz \u015brodk\u00f3w do piel\u0119gnacji ran polecamy zaopatrzenie si\u0119 w \u015brodki do usuwania kleszczy, do piel\u0119gnacji st\u00f3p (np. na odciski) oraz do usuwania jadu po uk\u0105szeniach i u\u017c\u0105dleniach. Zadbaj o to, aby drobne incydenty nie zepsu\u0142y Twojej podr\u00f3\u017cy<\/strong><br \/>\n[\/et_pb_text][\/et_pb_column][\/et_pb_row][\/et_pb_section][et_pb_section fb_built=&#8221;1&#8243; admin_label=&#8221;Page Heading&#8221; module_id=&#8221;cp_pb_page_content&#8221; _builder_version=&#8221;4.16&#8243; background_color=&#8221;#f4f4f4&#8243; custom_margin=&#8221;0px|||&#8221; custom_padding=&#8221;0px|||&#8221; collapsed=&#8221;off&#8221; global_colors_info=&#8221;{}&#8221;][et_pb_row column_structure=&#8221;1_3,1_3,1_3&#8243; admin_label=&#8221;Main Product Entry Point&#8221; module_id=&#8221;cp_pb_product_line_entry_level&#8221; module_class=&#8221;ignore_default&#8221; _builder_version=&#8221;4.16&#8243; background_size=&#8221;initial&#8221; background_position=&#8221;top_left&#8221; background_repeat=&#8221;repeat&#8221; width=&#8221;70%&#8221; max_width=&#8221;70%&#8221; use_custom_width=&#8221;on&#8221; width_unit=&#8221;off&#8221; custom_width_percent=&#8221;70%&#8221; collapsed=&#8221;off&#8221; global_colors_info=&#8221;{}&#8221;][et_pb_column type=&#8221;1_3&#8243; _builder_version=&#8221;4.16&#8243; custom_padding=&#8221;|||&#8221; global_colors_info=&#8221;{}&#8221; custom_padding__hover=&#8221;|||&#8221;][et_pb_image src=&#8221;https:\/\/www.careplus.eu\/wp-content\/uploads\/2025\/05\/Care-Plus\u00ae-First-Aid-Kit-Basic-150&#215;150.webp&#8221; url=&#8221;https:\/\/www.careplus.eu\/nl\/eerste-hulp-op-reis\/ehbo-sets\/&#8221; align_tablet=&#8221;center&#8221; align_phone=&#8221;&#8221; align_last_edited=&#8221;on|desktop&#8221; _builder_version=&#8221;4.22.1&#8243; hover_enabled=&#8221;0&#8243; global_colors_info=&#8221;{}&#8221; title_text=&#8221;EHBO-set&#8221; sticky_enabled=&#8221;0&#8243;][\/et_pb_image][et_pb_button button_url=&#8221;https:\/\/www.careplus.eu\/nl\/eerste-hulp-op-reis\/ehbo-sets\/&#8221; button_text=&#8221;Apteczka pierwszej pomocy&#8221; button_alignment=&#8221;center&#8221; _builder_version=&#8221;4.16&#8243; background_layout=&#8221;dark&#8221; global_colors_info=&#8221;{}&#8221;][\/et_pb_button][\/et_pb_column][et_pb_column type=&#8221;1_3&#8243; _builder_version=&#8221;4.16&#8243; custom_padding=&#8221;|||&#8221; global_colors_info=&#8221;{}&#8221; custom_padding__hover=&#8221;|||&#8221;][et_pb_image src=&#8221;https:\/\/www.careplus.eu\/wp-content\/uploads\/2025\/05\/care-plus-voetverzorging-blarenpleisters-anti-blister-spray.webp&#8221; url=&#8221;https:\/\/www.careplus.eu\/nl\/eerste-hulp-op-reis\/blaren\/&#8221; align_tablet=&#8221;center&#8221; align_phone=&#8221;&#8221; align_last_edited=&#8221;on|desktop&#8221; _builder_version=&#8221;4.16&#8243; global_colors_info=&#8221;{}&#8221;][\/et_pb_image][et_pb_button button_url=&#8221;https:\/\/www.careplus.eu\/nl\/eerste-hulp-op-reis\/blaren\/&#8221; button_text=&#8221;Piel\u0119gnacja st\u00f3p&#8221; button_alignment=&#8221;center&#8221; _builder_version=&#8221;4.16&#8243; background_layout=&#8221;dark&#8221; global_colors_info=&#8221;{}&#8221;][\/et_pb_button][\/et_pb_column][et_pb_column type=&#8221;1_3&#8243; _builder_version=&#8221;4.16&#8243; custom_padding=&#8221;|||&#8221; global_colors_info=&#8221;{}&#8221; custom_padding__hover=&#8221;|||&#8221;][et_pb_image src=&#8221;https:\/\/www.careplus.eu\/wp-content\/uploads\/2020\/07\/na-de-beet-5.png&#8221; title_text=&#8221;na-de-beet&#8221; url=&#8221;https:\/\/www.careplus.eu\/nl\/muggen-en-teken\/behandelen\/&#8221; align_tablet=&#8221;center&#8221; align_phone=&#8221;&#8221; align_last_edited=&#8221;on|desktop&#8221; _builder_version=&#8221;4.16&#8243; global_colors_info=&#8221;{}&#8221;][\/et_pb_image][et_pb_button button_url=&#8221;https:\/\/www.careplus.eu\/nl\/muggen-en-teken\/behandelen\/&#8221; button_text=&#8221;Po uk\u0105szeniu&#8221; button_alignment=&#8221;center&#8221; _builder_version=&#8221;4.16&#8243; background_layout=&#8221;dark&#8221; global_colors_info=&#8221;{}&#8221;][\/et_pb_button][\/et_pb_column][\/et_pb_row][\/et_pb_section][et_pb_section fb_built=&#8221;1&#8243; admin_label=&#8221;Extra&#8221; module_id=&#8221;cp_pb_page_extra&#8221; _builder_version=&#8221;4.16&#8243; collapsed=&#8221;off&#8221; global_colors_info=&#8221;{}&#8221;][et_pb_row _builder_version=&#8221;4.16&#8243; background_size=&#8221;initial&#8221; background_position=&#8221;top_left&#8221; background_repeat=&#8221;repeat&#8221; collapsed=&#8221;off&#8221; global_colors_info=&#8221;{}&#8221;][et_pb_column type=&#8221;4_4&#8243; _builder_version=&#8221;4.16&#8243; custom_padding=&#8221;|||&#8221; global_colors_info=&#8221;{}&#8221; custom_padding__hover=&#8221;|||&#8221;][et_pb_text admin_label=&#8221;Extra Informatie&#8221; module_id=&#8221;cp_pb_extra_content&#8221; _builder_version=&#8221;4.16&#8243; global_colors_info=&#8221;{}&#8221;]<\/p>\n<h2>Apteczka pierwszej pomocy zawsze pod r\u0119k\u0105<\/h2>\n<p>Zasoby medyczne w dalekich krajach cz\u0119sto nie maj\u0105 takich samych standard\u00f3w jak w Holandii czy Belgii. Niedob\u00f3r lub brak sterylno\u015bci takich \u015brodk\u00f3w medycznych, jak ig\u0142y czy strzykawki, zwi\u0119kszaj\u0105 ryzyko zaka\u017cenia chorob\u0105 zaka\u017an\u0105. Dlatego, opr\u00f3cz podstawowego zestawu pierwszej pomocy, przydatne mo\u017ce si\u0119 okaza\u0107 zabranie ze sob\u0105 zestawu sterylnych narz\u0119dzi.<\/p>\n<h2>Zapobieganie uk\u0105szeniom kleszczy<\/h2>\n<p><a href=\"\/nl?page_id=6546\">P\u0119seta do usuwania kleszczy<\/a> to absolutna konieczno\u015b\u0107. W Holandii oko\u0142o 15% kleszczy jest zaka\u017conych bakteriami Borrelia, kt\u00f3re powoduj\u0105 borelioz\u0119.<\/p>\n<h3>Wskaz\u00f3wka eksperta Care Plus<\/h3>\n<p>Jest kilka rzeczy, kt\u00f3rych nie nale\u017cy robi\u0107 podczas <a href=\"\/nl?page_id=8095\">usuwania kleszcza. <\/a>Nale\u017c\u0105 do nich stosowanie eteru, alkoholu, ognia, a tak\u017ce pr\u00f3by usuwania kleszczy palcami. Mo\u017ce to spowodowa\u0107 szybkie uwolnienie szkodliwych bakterii do krwiobiegu.<\/p>\n<p>Care Plus\u00ae oferuje gam\u0119 produkt\u00f3w pierwszej pomocy na czas podr\u00f3\u017cy, \u015brodki do zapobiegania i leczenia odcisk\u00f3w oraz przyrz\u0105dy do bezpiecznego usuwania kleszczy<br \/>\n[\/et_pb_text][\/et_pb_column][\/et_pb_row][\/et_pb_section][et_pb_section fb_built=&#8221;1&#8243; module_id=&#8221;cp_pb_call_to_action&#8221; module_class=&#8221;cp_pb_divider&#8221; _builder_version=&#8221;4.16&#8243; background_color=&#8221;#e4e8e7&#8243; global_colors_info=&#8221;{}&#8221;][et_pb_row column_structure=&#8221;1_3,2_3&#8243; use_custom_gutter=&#8221;on&#8221; gutter_width=&#8221;4&#8243; admin_label=&#8221;CTA&#8221; _builder_version=&#8221;4.16&#8243; background_color=&#8221;#ffffff&#8221; background_size=&#8221;initial&#8221; background_position=&#8221;top_left&#8221; background_repeat=&#8221;repeat&#8221; border_radii=&#8221;on|10px|10px|10px|10px&#8221; collapsed=&#8221;off&#8221; global_colors_info=&#8221;{}&#8221;][et_pb_column type=&#8221;1_3&#8243; _builder_version=&#8221;4.16&#8243; custom_padding=&#8221;|||&#8221; global_colors_info=&#8221;{}&#8221; custom_padding__hover=&#8221;|||&#8221;][et_pb_image src=&#8221;https:\/\/www.careplus.eu\/wp-content\/uploads\/2018\/09\/38331-psh2-care-plus-fak-basic-201507_1.0.jpg&#8221; url=&#8221;https:\/\/www.careplus.eu\/nl\/eerste-hulp-op-reis\/ehbo-sets\/&#8221; align_tablet=&#8221;center&#8221; align_phone=&#8221;&#8221; align_last_edited=&#8221;on|desktop&#8221; _builder_version=&#8221;4.16&#8243; module_alignment=&#8221;left&#8221; custom_margin=&#8221;|||&#8221; border_radii=&#8221;on|10px|10px|10px|10px&#8221; global_colors_info=&#8221;{}&#8221;].<br \/>\n[\/et_pb_image][\/et_pb_column][et_pb_column type=&#8221;2_3&#8243; _builder_version=&#8221;4.16&#8243; background_color=&#8221;#ffffff&#8221; custom_padding=&#8221;|||&#8221; global_colors_info=&#8221;{}&#8221; custom_padding__hover=&#8221;|||&#8221;][et_pb_text module_class=&#8221;ignore_default&#8221; _builder_version=&#8221;4.16&#8243; header_3_font=&#8221;|300|||||||&#8221; header_3_text_color=&#8221;#759f92&#8243; header_3_font_size=&#8221;24px&#8221; custom_margin=&#8221;||14px|&#8221; custom_padding=&#8221;40px|||&#8221; global_colors_info=&#8221;{}&#8221;]<\/p>\n<h3>Idealna na kr\u00f3tkie wycieczki<\/h3>\n<p>[\/et_pb_text][et_pb_text module_class=&#8221;ignore_default&#8221; _builder_version=&#8221;4.16&#8243; header_2_font=&#8221;|700|||||||&#8221; header_2_font_size=&#8221;24px&#8221; header_3_font=&#8221;|300|||||||&#8221; header_3_text_color=&#8221;#759f92&#8243; header_3_font_size=&#8221;24px&#8221; custom_margin=&#8221;|||&#8221; custom_padding=&#8221;|||&#8221; global_colors_info=&#8221;{}&#8221;]<\/p>\n<h2>Apteczka pierwszej pomocy Care Plus<span style=\"font-size: 10px\"><sup>\u00ae<\/sup><\/span> Basic<\/h2>\n<p>Apteczka Care Plus\u00ae Basic to kompaktowy, praktyczny zestaw zawieraj\u0105cy podstawowy zestaw akcesori\u00f3w pierwszej pomocy. Ten zestaw pierwszej pomocy jest odpowiedni dla os\u00f3b, kt\u00f3re wyje\u017cd\u017caj\u0105 na kr\u00f3tki czas i chc\u0105 zabra\u0107 ze sob\u0105 tylko minimaln\u0105 ilo\u015b\u0107 sprz\u0119tu.<br \/>\n[\/et_pb_text][et_pb_button button_url=&#8221;https:\/\/www.careplus.eu\/nl\/eerste-hulp-op-reis\/ehbo-sets\/&#8221; button_text=&#8221;Poka\u017c produkt&#8221; _builder_version=&#8221;4.16&#8243; background_layout=&#8221;dark&#8221; global_colors_info=&#8221;{}&#8221; button_text_size__hover_enabled=&#8221;off&#8221; button_text_size__hover=&#8221;null&#8221; button_one_text_size__hover_enabled=&#8221;off&#8221; button_one_text_size__hover=&#8221;null&#8221; button_two_text_size__hover_enabled=&#8221;off&#8221; button_two_text_size__hover=&#8221;null&#8221; button_text_color__hover_enabled=&#8221;off&#8221; button_text_color__hover=&#8221;null&#8221; button_one_text_color__hover_enabled=&#8221;off&#8221; button_one_text_color__hover=&#8221;null&#8221; button_two_text_color__hover_enabled=&#8221;off&#8221; button_two_text_color__hover=&#8221;null&#8221; button_border_width__hover_enabled=&#8221;off&#8221; button_border_width__hover=&#8221;null&#8221; button_one_border_width__hover_enabled=&#8221;off&#8221; button_one_border_width__hover=&#8221;null&#8221; button_two_border_width__hover_enabled=&#8221;off&#8221; button_two_border_width__hover=&#8221;null&#8221; button_border_color__hover_enabled=&#8221;off&#8221; button_border_color__hover=&#8221;null&#8221; button_one_border_color__hover_enabled=&#8221;off&#8221; button_one_border_color__hover=&#8221;null&#8221; button_two_border_color__hover_enabled=&#8221;off&#8221; button_two_border_color__hover=&#8221;null&#8221; button_border_radius__hover_enabled=&#8221;off&#8221; button_border_radius__hover=&#8221;null&#8221; button_one_border_radius__hover_enabled=&#8221;off&#8221; button_one_border_radius__hover=&#8221;null&#8221; button_two_border_radius__hover_enabled=&#8221;off&#8221; button_two_border_radius__hover=&#8221;null&#8221; button_letter_spacing__hover_enabled=&#8221;off&#8221; button_letter_spacing__hover=&#8221;null&#8221; button_one_letter_spacing__hover_enabled=&#8221;off&#8221; button_one_letter_spacing__hover=&#8221;null&#8221; button_two_letter_spacing__hover_enabled=&#8221;off&#8221; button_two_letter_spacing__hover=&#8221;null&#8221; button_bg_color__hover_enabled=&#8221;off&#8221; button_bg_color__hover=&#8221;null&#8221; button_one_bg_color__hover_enabled=&#8221;off&#8221; button_one_bg_color__hover=&#8221;null&#8221; button_two_bg_color__hover_enabled=&#8221;off&#8221; button_two_bg_color__hover=&#8221;null&#8221;].<br \/>\n[\/et_pb_button][\/et_pb_column][\/et_pb_row][\/et_pb_section]<\/p>\n","protected":false},"excerpt":{"rendered":"<p>Wypadki si\u0119 zdarzaj\u0105 Wypadki mog\u0105 si\u0119 zdarzy\u0107, gdy jeste\u015b na wakacjach lub podczas zaj\u0119\u0107 na \u015bwie\u017cym powietrzu, lecz tak\u017ce w domu i ko\u0142o domu. Dlatego wa\u017cne jest, aby zawsze mie\u0107 pod r\u0119k\u0105 apteczk\u0119. W trakcie podr\u00f3\u017cy potrzebne Ci b\u0119d\u0105 inne produkty ni\u017c w domu lub w samochodzie. Zw\u0142aszcza w ciep\u0142ym klimacie, takim jak regiony podzwrotnikowe, [&hellip;]<\/p>\n","protected":false},"author":37,"featured_media":0,"parent":0,"menu_order":0,"comment_status":"closed","ping_status":"closed","template":"","meta":{"_acf_changed":false,"_et_pb_use_builder":"on","_et_pb_old_content":"","_et_gb_content_width":"","footnotes":""},"class_list":["post-8809","page","type-page","status-publish","hentry"],"acf":[],"_links":{"self":[{"href":"https:\/\/www.careplus.eu\/pl\/wp-json\/wp\/v2\/pages\/8809","targetHints":{"allow":["GET"]}}],"collection":[{"href":"https:\/\/www.careplus.eu\/pl\/wp-json\/wp\/v2\/pages"}],"about":[{"href":"https:\/\/www.careplus.eu\/pl\/wp-json\/wp\/v2\/types\/page"}],"author":[{"embeddable":true,"href":"https:\/\/www.careplus.eu\/pl\/wp-json\/wp\/v2\/users\/37"}],"replies":[{"embeddable":true,"href":"https:\/\/www.careplus.eu\/pl\/wp-json\/wp\/v2\/comments?post=8809"}],"version-history":[{"count":0,"href":"https:\/\/www.careplus.eu\/pl\/wp-json\/wp\/v2\/pages\/8809\/revisions"}],"wp:attachment":[{"href":"https:\/\/www.careplus.eu\/pl\/wp-json\/wp\/v2\/media?parent=8809"}],"curies":[{"name":"wp","href":"https:\/\/api.w.org\/{rel}","templated":true}]}}