{"id":8805,"date":"2020-05-21T14:18:47","date_gmt":"2020-05-21T12:18:47","guid":{"rendered":"https:\/\/www.careplus.eu\/porady-i-wskazowki-dla-bezpiecznej-podrozy\/"},"modified":"2023-06-12T16:08:42","modified_gmt":"2023-06-12T14:08:42","slug":"porady-i-wskazowki-dla-bezpiecznej-podrozy","status":"publish","type":"page","link":"https:\/\/www.careplus.eu\/pl\/porady-i-wskazowki-dla-bezpiecznej-podrozy\/","title":{"rendered":"Porady i wskaz\u00f3wki"},"content":{"rendered":"<p>[et_pb_section fb_built=&#8221;1&#8243; fullwidth=&#8221;on&#8221; _builder_version=&#8221;4.21.0&#8243; background_image=&#8221;https:\/\/www.careplus.eu\/wp-content\/uploads\/2021\/04\/header-tips-advice.jpg&#8221; background_position=&#8221;top_center&#8221; bottom_divider_style=&#8221;curve&#8221; bottom_divider_color=&#8221;#ffffff&#8221; bottom_divider_height=&#8221;40px&#8221; bottom_divider_height_tablet=&#8221;40px&#8221; bottom_divider_height_phone=&#8221;20px&#8221; bottom_divider_height_last_edited=&#8221;on|phone&#8221; background_last_edited=&#8221;off|desktop&#8221; background_image_phone=&#8221;https:\/\/www.careplus.eu\/wp-content\/uploads\/2021\/04\/header-tips-advice-mb-6.jpg&#8221; background_enable_image_phone=&#8221;on&#8221; global_colors_info=&#8221;{}&#8221;][et_pb_fullwidth_slider show_arrows=&#8221;off&#8221; show_pagination=&#8221;off&#8221; _builder_version=&#8221;4.21.0&#8243; header_font_size=&#8221;36&#8243; custom_padding_tablet=&#8221;&#8221; custom_padding_phone=&#8221;&#8221; custom_padding_last_edited=&#8221;on|&#8221; global_colors_info=&#8221;{}&#8221;][et_pb_slide heading=&#8221;Wskaz\u00f3wki i porady&#8221; use_bg_overlay=&#8221;off&#8221; use_text_overlay=&#8221;off&#8221; _builder_version=&#8221;4.21.0&#8243; header_level=&#8221;h1&#8243; header_font=&#8221;|800|||||||&#8221; header_text_align=&#8221;center&#8221; header_text_color=&#8221;#ffffff&#8221; background_color=&#8221;RGBA(255,255,255,0)&#8221; background_enable_color=&#8221;on&#8221; background_enable_image=&#8221;off&#8221; parallax=&#8221;on&#8221; button_on_hover=&#8221;on&#8221; custom_padding=&#8221;15%||15%|&#8221; custom_padding_tablet=&#8221;22%||10%|&#8221; custom_padding_phone=&#8221;30%||30%|&#8221; custom_padding_last_edited=&#8221;on|phone&#8221; header_font_size_tablet=&#8221;24&#8243; header_font_size_phone=&#8221;24&#8243; header_font_size_last_edited=&#8221;on|phone&#8221; header_text_shadow_style=&#8221;preset3&#8243; header_text_shadow_color=&#8221;rgba(0,0,0,0.6)&#8221; global_colors_info=&#8221;{}&#8221; sticky_transition=&#8221;on&#8221;][\/et_pb_slide][\/et_pb_fullwidth_slider][\/et_pb_section][et_pb_section fb_built=&#8221;1&#8243; disabled_on=&#8221;off|off|off&#8221; module_id=&#8221;cp_pb_safe_travels_and_stories&#8221; _builder_version=&#8221;4.16&#8243; locked=&#8221;off&#8221; global_colors_info=&#8221;{}&#8221;][et_pb_row admin_label=&#8221;Tips en Advies&#8221; _builder_version=&#8221;4.16&#8243; background_size=&#8221;initial&#8221; background_position=&#8221;top_left&#8221; background_repeat=&#8221;repeat&#8221; border_radii=&#8221;on|0px|0px|0px|0px&#8221; collapsed=&#8221;off&#8221; global_colors_info=&#8221;{}&#8221;][et_pb_column type=&#8221;4_4&#8243; _builder_version=&#8221;4.16&#8243; custom_padding=&#8221;|||&#8221; global_colors_info=&#8221;{}&#8221; custom_padding__hover=&#8221;|||&#8221;][et_pb_dmb_breadcrumbs _builder_version=&#8221;4.16&#8243; body_font_size_tablet=&#8221;51&#8243; body_line_height_tablet=&#8221;2&#8243; separator_font_size_tablet=&#8221;51&#8243; separator_line_height_tablet=&#8221;2&#8243; link_font_size_tablet=&#8221;51&#8243; link_line_height_tablet=&#8221;2&#8243; linkhover_font_size_tablet=&#8221;51&#8243; linkhover_line_height_tablet=&#8221;2&#8243; global_colors_info=&#8221;{}&#8221;][\/et_pb_dmb_breadcrumbs][et_pb_text _builder_version=&#8221;4.21.0&#8243; header_2_font=&#8221;|800|||||||&#8221; hover_enabled=&#8221;0&#8243; global_colors_info=&#8221;{}&#8221; sticky_enabled=&#8221;0&#8243;]<\/p>\n<h2>Porady i wskaz\u00f3wki dotycz\u0105ce bezpiecznych podr\u00f3\u017cy<\/h2>\n<p>Dzi\u0119ki wskaz\u00f3wkom i poradom naszych ekspert\u00f3w dotycz\u0105cym zdrowia i bezpiecze\u0144stwa b\u0119dziesz wiedzie\u0107, na co zwr\u00f3ci\u0107 uwag\u0119 przed podr\u00f3\u017c\u0105. Dzi\u0119ki ponad 30-letniemu do\u015bwiadczeniu jeste\u015bmy godnym zaufania partnerem i ekspertem w dziedzinie zagro\u017ce\u0144 dla zdrowia podr\u00f3\u017cnik\u00f3w, sportowc\u00f3w i entuzjast\u00f3w sport\u00f3w na \u015bwie\u017cym powietrzu. Nasze produkty s\u0105 dost\u0119pne w aptekach, drogeriach i specjalistycznych punktach outdoorowych w 25 krajach, a tak\u017ce w Internecie.<\/p>\n<p>Nasze wskaz\u00f3wki i porady skupiaj\u0105 si\u0119 g\u0142\u00f3wnie na profilaktyce, poniewa\u017c w czasie ka\u017cdej podr\u00f3\u017cy o wiele lepiej jest zapobiega\u0107 ni\u017c leczy\u0107. Dzi\u0119ki nim b\u0119dziesz w stanie odpowiednio si\u0119 przygotowa\u0107, w zale\u017cno\u015bci od tego, do jakiego kraju si\u0119 udajesz i odpowiednio dobra\u0107 odzie\u017c oraz inne niezb\u0119dne rzeczy. Mamy dla Ciebie r\u00f3wnie\u017c porady i produkty na wypadek, gdyby co\u015b Ci si\u0119 przydarzy\u0142o.<\/p>\n<p>Je\u015bli nie znalaz\u0142e\u015b tu tego, czego szuka\u0142e\u015b lub masz do nas konkretne pytanie, dost\u0119pny jest zesp\u00f3\u0142 specjalist\u00f3w. Mo\u017cesz skontaktowa\u0107 si\u0119 z nami za po\u015brednictwem medi\u00f3w spo\u0142eczno\u015bciowych lub poczty <a href=\"\/pl\/contact\/\">email<\/a>.[\/et_pb_text][\/et_pb_column][\/et_pb_row][\/et_pb_section][et_pb_section fb_built=&#8221;1&#8243; _builder_version=&#8221;4.16&#8243; background_color=&#8221;#f4f4f4&#8243; global_colors_info=&#8221;{}&#8221;][et_pb_row column_structure=&#8221;1_4,1_4,1_4,1_4&#8243; _builder_version=&#8221;4.16&#8243; background_color=&#8221;#ffffff&#8221; custom_padding=&#8221;|20px||20px&#8221; border_radii=&#8221;on|10px|10px|10px|10px&#8221; global_colors_info=&#8221;{}&#8221;][et_pb_column type=&#8221;1_4&#8243; _builder_version=&#8221;4.16&#8243; custom_padding=&#8221;|||&#8221; global_colors_info=&#8221;{}&#8221; custom_padding__hover=&#8221;|||&#8221;][et_pb_image src=&#8221;https:\/\/www.careplus.eu\/wp-content\/uploads\/2019\/01\/verre-reizen.jpg&#8221; url=&#8221;https:\/\/www.careplus.eu\/pl\/porady-i-wskazowki-dla-bezpiecznej-podrozy\/distant-travels\/&#8221; align_tablet=&#8221;center&#8221; align_phone=&#8221;&#8221; align_last_edited=&#8221;on|desktop&#8221; _builder_version=&#8221;4.16&#8243; border_radii=&#8221;on|10px|10px|10px|10px&#8221; global_colors_info=&#8221;{}&#8221;][\/et_pb_image][et_pb_text _builder_version=&#8221;4.16&#8243; global_colors_info=&#8221;{}&#8221;]Wybierasz si\u0119 w d\u0142ug\u0105 podr\u00f3\u017c? Zatem dobrze si\u0119 przygotuj i zaopatrz w odpowiednie produkty, aby\u015b m\u00f3g\u0142 cieszy\u0107 si\u0119 beztrosk\u0105 przygod\u0105 od dnia wyjazdu do powrotu.<br \/>\n[\/et_pb_text][et_pb_button button_url=&#8221;https:\/\/www.careplus.eu\/pl\/porady-i-wskazowki-dla-bezpiecznej-podrozy\/distant-travels\/&#8221; button_text=&#8221;Dalekie podr\u00f3\u017ce&#8221; button_alignment=&#8221;center&#8221; _builder_version=&#8221;4.16&#8243; background_layout=&#8221;dark&#8221; global_colors_info=&#8221;{}&#8221;][\/et_pb_button][\/et_pb_column][et_pb_column type=&#8221;1_4&#8243; _builder_version=&#8221;4.16&#8243; custom_padding=&#8221;|||&#8221; global_colors_info=&#8221;{}&#8221; custom_padding__hover=&#8221;|||&#8221;][et_pb_image src=&#8221;https:\/\/www.careplus.eu\/wp-content\/uploads\/2019\/01\/careplus-Zika-virus.jpg&#8221; url=&#8221;https:\/\/www.careplus.eu\/pl\/porady-i-wskazowki-dla-bezpiecznej-podrozy\/protection-from-tropical-diseases\/&#8221; align_tablet=&#8221;center&#8221; align_phone=&#8221;&#8221; align_last_edited=&#8221;on|desktop&#8221; _builder_version=&#8221;4.16&#8243; border_radii=&#8221;on|10px|10px|10px|10px&#8221; global_colors_info=&#8221;{}&#8221;][\/et_pb_image][et_pb_text _builder_version=&#8221;4.16&#8243; global_colors_info=&#8221;{}&#8221;]Podr\u00f3\u017cuj\u0105c do innych kraj\u00f3w, dobrze wiedzie\u0107, czy s\u0105 tam komary przenosz\u0105ce choroby tropikalne.<br \/>\n[\/et_pb_text][et_pb_button button_url=&#8221;https:\/\/www.careplus.eu\/pl\/porady-i-wskazowki-dla-bezpiecznej-podrozy\/protection-from-tropical-diseases\/&#8221; button_text=&#8221;Choroby tropikalne&#8221; button_alignment=&#8221;center&#8221; _builder_version=&#8221;4.16&#8243; background_layout=&#8221;dark&#8221; global_colors_info=&#8221;{}&#8221;][\/et_pb_button][\/et_pb_column][et_pb_column type=&#8221;1_4&#8243; _builder_version=&#8221;4.16&#8243; custom_padding=&#8221;|||&#8221; global_colors_info=&#8221;{}&#8221; custom_padding__hover=&#8221;|||&#8221;][et_pb_image src=&#8221;https:\/\/www.careplus.eu\/wp-content\/uploads\/2019\/03\/mug-en-teek.jpg&#8221; url=&#8221;https:\/\/www.careplus.eu\/pl\/komary-i-kleszcze\/&#8221; align_tablet=&#8221;center&#8221; align_phone=&#8221;&#8221; align_last_edited=&#8221;on|desktop&#8221; _builder_version=&#8221;4.16&#8243; border_radii=&#8221;on|10px|10px|10px|10px&#8221; global_colors_info=&#8221;{}&#8221;][\/et_pb_image][et_pb_text _builder_version=&#8221;4.16&#8243; global_colors_info=&#8221;{}&#8221;]Komary i kleszcze mog\u0105 powodowa\u0107 problemy zar\u00f3wno w Twoim kraju, jak i za granic\u0105, a czasami mog\u0105 przenosi\u0107 ci\u0119\u017ckie choroby. Dowiedz si\u0119, na co uwa\u017ca\u0107 i jak zapobiega\u0107 uk\u0105szeniom i nie pozw\u00f3l, aby Ci\u0119 pogryz\u0142y.<br \/>\n[\/et_pb_text][et_pb_button button_url=&#8221;https:\/\/www.careplus.eu\/pl\/komary-i-kleszcze\/&#8221; button_text=&#8221;Komary i kleszcze&#8221; button_alignment=&#8221;center&#8221; _builder_version=&#8221;4.16&#8243; background_layout=&#8221;dark&#8221; global_colors_info=&#8221;{}&#8221;][\/et_pb_button][\/et_pb_column][et_pb_column type=&#8221;1_4&#8243; _builder_version=&#8221;4.16&#8243; custom_padding=&#8221;|||&#8221; global_colors_info=&#8221;{}&#8221; custom_padding__hover=&#8221;|||&#8221;][et_pb_image src=&#8221;https:\/\/www.careplus.eu\/wp-content\/uploads\/2019\/02\/careplus-ehbo-sets.jpg&#8221; url=&#8221;https:\/\/www.careplus.eu\/pl\/pierwsza-pomoc-w-czasie-podrozy\/&#8221; align_tablet=&#8221;center&#8221; align_phone=&#8221;&#8221; align_last_edited=&#8221;on|desktop&#8221; _builder_version=&#8221;4.16&#8243; border_radii=&#8221;on|10px|10px|10px|10px&#8221; global_colors_info=&#8221;{}&#8221;][\/et_pb_image][et_pb_text _builder_version=&#8221;4.16&#8243; global_colors_info=&#8221;{}&#8221;]Je\u015bli pomimo dobrego przygotowania przydarzy Ci si\u0119 wypadek, zawczasu dowiedz si\u0119, co robi\u0107 i zaopatrz si\u0119 w odpowiednie przyrz\u0105dy oraz produkty pierwszej pomocy.<br \/>\n[\/et_pb_text][et_pb_button button_url=&#8221;https:\/\/www.careplus.eu\/pl\/pierwsza-pomoc-w-czasie-podrozy\/&#8221; button_text=&#8221;Pierwsza pomoc w trakcie podr\u00f3\u017cy&#8221; button_alignment=&#8221;center&#8221; _builder_version=&#8221;4.16&#8243; background_layout=&#8221;dark&#8221; global_colors_info=&#8221;{}&#8221;][\/et_pb_button][\/et_pb_column][\/et_pb_row][\/et_pb_section][et_pb_section fb_built=&#8221;1&#8243; _builder_version=&#8221;4.16&#8243; global_colors_info=&#8221;{}&#8221;][et_pb_row _builder_version=&#8221;4.16&#8243; background_size=&#8221;initial&#8221; background_position=&#8221;top_left&#8221; background_repeat=&#8221;repeat&#8221; global_colors_info=&#8221;{}&#8221;][et_pb_column type=&#8221;4_4&#8243; _builder_version=&#8221;4.16&#8243; custom_padding=&#8221;|||&#8221; global_colors_info=&#8221;{}&#8221; custom_padding__hover=&#8221;|||&#8221;][et_pb_divider show_divider=&#8221;off&#8221; _builder_version=&#8221;4.16&#8243; global_colors_info=&#8221;{}&#8221;][\/et_pb_divider][\/et_pb_column][\/et_pb_row][\/et_pb_section]<\/p>\n","protected":false},"excerpt":{"rendered":"<p>Porady i wskaz\u00f3wki dotycz\u0105ce bezpiecznych podr\u00f3\u017cy Dzi\u0119ki wskaz\u00f3wkom i poradom naszych ekspert\u00f3w dotycz\u0105cym zdrowia i bezpiecze\u0144stwa b\u0119dziesz wiedzie\u0107, na co zwr\u00f3ci\u0107 uwag\u0119 przed podr\u00f3\u017c\u0105. Dzi\u0119ki ponad 30-letniemu do\u015bwiadczeniu jeste\u015bmy godnym zaufania partnerem i ekspertem w dziedzinie zagro\u017ce\u0144 dla zdrowia podr\u00f3\u017cnik\u00f3w, sportowc\u00f3w i entuzjast\u00f3w sport\u00f3w na \u015bwie\u017cym powietrzu. Nasze produkty s\u0105 dost\u0119pne w aptekach, drogeriach i [&hellip;]<\/p>\n","protected":false},"author":37,"featured_media":0,"parent":0,"menu_order":0,"comment_status":"closed","ping_status":"closed","template":"","meta":{"_acf_changed":false,"_et_pb_use_builder":"on","_et_pb_old_content":"","_et_gb_content_width":"","footnotes":""},"class_list":["post-8805","page","type-page","status-publish","hentry"],"acf":[],"_links":{"self":[{"href":"https:\/\/www.careplus.eu\/pl\/wp-json\/wp\/v2\/pages\/8805","targetHints":{"allow":["GET"]}}],"collection":[{"href":"https:\/\/www.careplus.eu\/pl\/wp-json\/wp\/v2\/pages"}],"about":[{"href":"https:\/\/www.careplus.eu\/pl\/wp-json\/wp\/v2\/types\/page"}],"author":[{"embeddable":true,"href":"https:\/\/www.careplus.eu\/pl\/wp-json\/wp\/v2\/users\/37"}],"replies":[{"embeddable":true,"href":"https:\/\/www.careplus.eu\/pl\/wp-json\/wp\/v2\/comments?post=8805"}],"version-history":[{"count":0,"href":"https:\/\/www.careplus.eu\/pl\/wp-json\/wp\/v2\/pages\/8805\/revisions"}],"wp:attachment":[{"href":"https:\/\/www.careplus.eu\/pl\/wp-json\/wp\/v2\/media?parent=8805"}],"curies":[{"name":"wp","href":"https:\/\/api.w.org\/{rel}","templated":true}]}}