


{"id":4677,"date":"2019-02-01T14:16:31","date_gmt":"2019-02-01T13:16:31","guid":{"rendered":"https:\/\/www.careplus.eu\/?page_id=4677"},"modified":"2025-09-25T14:50:45","modified_gmt":"2025-09-25T13:50:45","slug":"hadex","status":"publish","type":"page","link":"https:\/\/www.careplus.eu\/nl\/hygiene-tijdens-reis\/water-zuiveren\/hadex\/","title":{"rendered":"Hadex"},"content":{"rendered":"<p>[et_pb_section bb_built=&#8221;1&#8243; fullwidth=&#8221;on&#8221; _builder_version=&#8221;4.21.0&#8243; background_image=&#8221;https:\/\/www.careplus.eu\/wp-content\/uploads\/2025\/05\/DM_CarePlus016_158.webp&#8221; bottom_divider_style=&#8221;curve&#8221; bottom_divider_color=&#8221;#ffffff&#8221; bottom_divider_height=&#8221;40px&#8221; bottom_divider_height_tablet=&#8221;40px&#8221; bottom_divider_height_phone=&#8221;20px&#8221; bottom_divider_height_last_edited=&#8221;on|phone&#8221; global_colors_info=&#8221;{}&#8221; next_background_color=&#8221;#ffffff&#8221;][et_pb_fullwidth_slider show_arrows=&#8221;off&#8221; show_pagination=&#8221;off&#8221; _builder_version=&#8221;4.21.0&#8243; header_level=&#8221;h1&#8243; header_font=&#8221;|800|||||||&#8221; header_font_size=&#8221;36&#8243; header_text_shadow_style=&#8221;preset3&#8243; header_text_shadow_blur_strength=&#8221;0.5em&#8221; header_text_shadow_color=&#8221;rgba(0,0,0,0.6)&#8221; global_colors_info=&#8221;{}&#8221;][et_pb_slide heading=&#8221;Hadex drinkwater desinfectiemiddel&#8221; use_bg_overlay=&#8221;off&#8221; use_text_overlay=&#8221;off&#8221; _builder_version=&#8221;4.17.4&#8243; header_level=&#8221;h1&#8243; header_font=&#8221;||||||||&#8221; background_enable_color=&#8221;off&#8221; background_enable_image=&#8221;off&#8221; button_on_hover=&#8221;on&#8221; custom_padding=&#8221;18%||18%|&#8221; custom_padding_tablet=&#8221;30%||30%|&#8221; custom_padding_phone=&#8221;30%||30%|&#8221; custom_padding_last_edited=&#8221;on|phone&#8221; header_font_size_tablet=&#8221;30&#8243; header_font_size_phone=&#8221;30&#8243; header_font_size_last_edited=&#8221;on|phone&#8221; global_colors_info=&#8221;{}&#8221; sticky_transition=&#8221;on&#8221;][\/et_pb_slide][\/et_pb_fullwidth_slider][\/et_pb_section][et_pb_section bb_built=&#8221;1&#8243; admin_label=&#8221;INTRO&#8221; _builder_version=&#8221;4.21.0&#8243; custom_margin=&#8221;50px||||false|false&#8221; custom_padding=&#8221;0px||||false|false&#8221; global_colors_info=&#8221;{}&#8221; prev_background_color=&#8221;#000000&#8243; next_background_color=&#8221;#f4f4f4&#8243;][et_pb_row disabled_on=&#8221;off|off|off&#8221; _builder_version=&#8221;4.21.0&#8243; background_size=&#8221;initial&#8221; background_position=&#8221;top_left&#8221; background_repeat=&#8221;repeat&#8221; custom_margin=&#8221;||||false|false&#8221; global_colors_info=&#8221;{}&#8221; global_module=&#8221;18803&#8243;][et_pb_column type=&#8221;4_4&#8243; global_parent=&#8221;18803&#8243; _builder_version=&#8221;4.16&#8243; custom_padding=&#8221;|||&#8221; global_colors_info=&#8221;{}&#8221; custom_padding__hover=&#8221;|||&#8221;][et_pb_dmb_breadcrumbs global_parent=&#8221;18803&#8243; _builder_version=&#8221;4.16&#8243; body_font_size_tablet=&#8221;51&#8243; body_line_height_tablet=&#8221;2&#8243; separator_font_size_tablet=&#8221;51&#8243; separator_line_height_tablet=&#8221;2&#8243; link_font_size_tablet=&#8221;51&#8243; link_line_height_tablet=&#8221;2&#8243; linkhover_font_size_tablet=&#8221;51&#8243; linkhover_line_height_tablet=&#8221;2&#8243; global_colors_info=&#8221;{}&#8221; \/][\/et_pb_column][\/et_pb_row][et_pb_row _builder_version=&#8221;4.16&#8243; background_size=&#8221;initial&#8221; background_position=&#8221;top_left&#8221; background_repeat=&#8221;repeat&#8221; global_colors_info=&#8221;{}&#8221;][et_pb_column type=&#8221;4_4&#8243; _builder_version=&#8221;4.16&#8243; custom_padding=&#8221;|||&#8221; global_colors_info=&#8221;{}&#8221; custom_padding__hover=&#8221;|||&#8221;][et_pb_text admin_label=&#8221;Copy inleiding&#8221; _builder_version=&#8221;4.27.4&#8243; _module_preset=&#8221;default&#8221; locked=&#8221;off&#8221; global_colors_info=&#8221;{}&#8221;]<\/p>\n<h2>Water zuiveren met Hadex<sup style=\"font-size:16px;\">\u00ae<\/sup><\/h2>\n<p><strong>Ga je op reis naar een land of een plek waar de hygi\u00ebne van het drinkwater niet zo goed is? Dan mag Care Plus<sup style=\"font-size:8px;\">\u00ae<\/sup> Hadex<sup style=\"font-size:8px;\">\u00ae<\/sup> niet ontbreken in je toilettas, reiskoffer of backpack. Ons Hadex<sup style=\"font-size:8px;\">\u00ae<\/sup> drinkwater desinfectiemiddel is een product om drink-, pomp-, put- of leidingwater te desinfecteren in gebieden (of op locaties) waar twijfels bestaan over de kwaliteit of waar de betrouwbaarheid niet voldoende is. Hadex<sup style=\"font-size:8px;\">\u00ae<\/sup> kun je gebruiken om water te desinfecteren als je geen mogelijkheid hebt om het water te koken.<\/strong><\/p>\n<p>[\/et_pb_text][et_pb_text admin_label=&#8221;Inleiding vervolg&#8221; _builder_version=&#8221;4.27.4&#8243; global_colors_info=&#8221;{}&#8221;]<\/p>\n<p>Care Plus<sup style=\"font-size: 8px;\">\u00ae<\/sup> Hadex<sup style=\"font-size: 8px;\">\u00ae<\/sup> bevat de juiste chloor-oplossing die de bacteri\u00ebn in water deactiveert. Om naast bacteri\u00ebn ook protozo\u00ebn, parasieten en microplastics tegen te houden, adviseren wij de combinatie van een Care Plus<sup style=\"font-size: 8px;\">\u00ae<\/sup> <a href=\"https:\/\/www.careplus.eu\/nl\/hygiene-tijdens-reis\/water-zuiveren\/waterfilter\/\" target=\"_blank\" rel=\"noopener noreferrer\">waterfilter<\/a><span> en Hadex<sup style=\"font-size: 8px;\">\u00ae<\/sup>.<\/span><\/p>\n<p>[\/et_pb_text][\/et_pb_column][\/et_pb_row][\/et_pb_section][et_pb_section bb_built=&#8221;1&#8243; _builder_version=&#8221;4.16&#8243; background_color=&#8221;#f4f4f4&#8243; locked=&#8221;off&#8221; global_colors_info=&#8221;{}&#8221; prev_background_color=&#8221;#ffffff&#8221; next_background_color=&#8221;#ffffff&#8221;][et_pb_row column_structure=&#8221;1_3,2_3&#8243; _builder_version=&#8221;4.16&#8243; background_color=&#8221;#ffffff&#8221; custom_padding=&#8221;|20px||20px&#8221; border_radii=&#8221;on|10px|10px|10px|10px&#8221; global_colors_info=&#8221;{}&#8221;][et_pb_column type=&#8221;1_3&#8243; _builder_version=&#8221;4.16&#8243; custom_padding=&#8221;|||&#8221; global_colors_info=&#8221;{}&#8221; custom_padding__hover=&#8221;|||&#8221;][et_pb_image admin_label=&#8221;Packshot Hadex&#8221; src=&#8221;https:\/\/www.careplus.eu\/wp-content\/uploads\/2025\/05\/care-plus-hadex-drinkwater-desinfectiemiddel-chlooroplossing-30ml.webp&#8221; title_text=&#8221;Care Plus\u00ae Hadex drinkwater desinfectiemiddel maakt water uit leidingen, bronnen en putten betrouwbaar in 30 minuten&#8221; show_in_lightbox=&#8221;on&#8221; use_overlay=&#8221;on&#8221; overlay_icon_color=&#8221;#ffffff&#8221; hover_overlay_color=&#8221;rgba(0,0,0,0)&#8221; hover_icon=&#8221;&#x54;||divi||400&#8243; align_tablet=&#8221;center&#8221; align_last_edited=&#8221;on|desktop&#8221; _builder_version=&#8221;4.17.4&#8243; custom_padding=&#8221;|20px||20px&#8221; global_colors_info=&#8221;{}&#8221; \/][\/et_pb_column][et_pb_column type=&#8221;2_3&#8243; _builder_version=&#8221;4.16&#8243; custom_padding=&#8221;|||&#8221; global_colors_info=&#8221;{}&#8221; custom_padding__hover=&#8221;|||&#8221;][et_pb_text admin_label=&#8221;Care Plus Hadex&#8221; _builder_version=&#8221;4.17.4&#8243; header_3_text_color=&#8221;#005499&#8243; custom_margin=&#8221;||0px||false|false&#8221; custom_padding=&#8221;|20px|0px||false|false&#8221; global_colors_info=&#8221;{}&#8221;]<\/p>\n<h3>Care Plus<sup style=\"font-size:8px;\">\u00ae<\/sup> Hadex<sup style=\"font-size:8px;\">\u00ae<\/sup> chlooroplossing<\/h3>\n<ul>\n<li>Desinfecteert drink-, pomp-, put-, en leidingwater.<\/li>\n<li>Deactiveert bacteri\u00ebn in het water.<\/li>\n<li>Binnen 30 minuten veilig en fris drinkwater.<\/li>\n<li>Afmetingen: 35x 35x 98 mm.<\/li>\n<li>Gewicht: 50 gram.<\/li>\n<li>Inhoud: 30 ml.<\/li>\n<li>Werkzame stof: Natriumhypochloriet.<\/li>\n<p><\/p>\n<p>[\/et_pb_text][et_pb_text _builder_version=&#8221;4.21.0&#8243; text_font_size=&#8221;10px&#8221; text_line_height=&#8221;1.5em&#8221; custom_margin=&#8221;0px||||false|false&#8221; custom_padding=&#8221;0px||||false|false&#8221; locked=&#8221;off&#8221; global_colors_info=&#8221;{}&#8221;]<\/p>\n<p>Gebruik Care Plus<sup style=\"font-size:8px;\">\u00ae<\/sup> Hadex<sup style=\"font-size:8px;\">\u00ae<\/sup> veilig. Lees v\u00f3\u00f3r het gebruik eerst het etiket en de productinformatie.<\/p>\n<p>[\/et_pb_text][et_pb_button admin_label=&#8221;Bestelbutton&#8221; url_new_window=&#8221;on&#8221; button_text=&#8221;Kies en bestel&#8221; button_alignment=&#8221;left&#8221; button_alignment_tablet=&#8221;center&#8221; button_alignment_last_edited=&#8221;on|phone&#8221; _builder_version=&#8221;4.27.4&#8243; _module_preset=&#8221;default&#8221; custom_button=&#8221;on&#8221; button_bg_color=&#8221;#005499&#8243; vertical_offset_tablet=&#8221;0&#8243; horizontal_offset_tablet=&#8221;0&#8243; z_index_tablet=&#8221;0&#8243; button_text_shadow_horizontal_length_tablet=&#8221;0px&#8221; button_text_shadow_vertical_length_tablet=&#8221;0px&#8221; button_text_shadow_blur_strength_tablet=&#8221;1px&#8221; box_shadow_horizontal_tablet=&#8221;0px&#8221; box_shadow_vertical_tablet=&#8221;0px&#8221; box_shadow_blur_tablet=&#8221;40px&#8221; box_shadow_spread_tablet=&#8221;0px&#8221; global_colors_info=&#8221;{}&#8221; \/][et_pb_text admin_label=&#8221;tijdelijk niet verkrijgbaar&#8221; _builder_version=&#8221;4.27.4&#8243; vertical_offset_tablet=&#8221;0&#8243; horizontal_offset_tablet=&#8221;0&#8243; z_index_tablet=&#8221;0&#8243; text_text_shadow_horizontal_length_tablet=&#8221;0px&#8221; text_text_shadow_vertical_length_tablet=&#8221;0px&#8221; text_text_shadow_blur_strength_tablet=&#8221;1px&#8221; link_text_shadow_horizontal_length_tablet=&#8221;0px&#8221; link_text_shadow_vertical_length_tablet=&#8221;0px&#8221; link_text_shadow_blur_strength_tablet=&#8221;1px&#8221; ul_text_shadow_horizontal_length_tablet=&#8221;0px&#8221; ul_text_shadow_vertical_length_tablet=&#8221;0px&#8221; ul_text_shadow_blur_strength_tablet=&#8221;1px&#8221; ol_text_shadow_horizontal_length_tablet=&#8221;0px&#8221; ol_text_shadow_vertical_length_tablet=&#8221;0px&#8221; ol_text_shadow_blur_strength_tablet=&#8221;1px&#8221; quote_text_shadow_horizontal_length_tablet=&#8221;0px&#8221; quote_text_shadow_vertical_length_tablet=&#8221;0px&#8221; quote_text_shadow_blur_strength_tablet=&#8221;1px&#8221; header_text_shadow_horizontal_length_tablet=&#8221;0px&#8221; header_text_shadow_vertical_length_tablet=&#8221;0px&#8221; header_text_shadow_blur_strength_tablet=&#8221;1px&#8221; header_2_text_shadow_horizontal_length_tablet=&#8221;0px&#8221; header_2_text_shadow_vertical_length_tablet=&#8221;0px&#8221; header_2_text_shadow_blur_strength_tablet=&#8221;1px&#8221; header_3_text_shadow_horizontal_length_tablet=&#8221;0px&#8221; header_3_text_shadow_vertical_length_tablet=&#8221;0px&#8221; header_3_text_shadow_blur_strength_tablet=&#8221;1px&#8221; header_4_text_shadow_horizontal_length_tablet=&#8221;0px&#8221; header_4_text_shadow_vertical_length_tablet=&#8221;0px&#8221; header_4_text_shadow_blur_strength_tablet=&#8221;1px&#8221; header_5_text_shadow_horizontal_length_tablet=&#8221;0px&#8221; header_5_text_shadow_vertical_length_tablet=&#8221;0px&#8221; header_5_text_shadow_blur_strength_tablet=&#8221;1px&#8221; header_6_text_shadow_horizontal_length_tablet=&#8221;0px&#8221; header_6_text_shadow_vertical_length_tablet=&#8221;0px&#8221; header_6_text_shadow_blur_strength_tablet=&#8221;1px&#8221; box_shadow_horizontal_tablet=&#8221;0px&#8221; box_shadow_vertical_tablet=&#8221;0px&#8221; box_shadow_blur_tablet=&#8221;40px&#8221; box_shadow_spread_tablet=&#8221;0px&#8221; global_colors_info=&#8221;{}&#8221;]<\/p>\n<p style=\"text-align: left;\">(tijdelijk niet verkrijgbaar)<\/p>\n<p>[\/et_pb_text][\/et_pb_column][\/et_pb_row][\/et_pb_section][et_pb_section bb_built=&#8221;1&#8243; _builder_version=&#8221;4.16&#8243; global_colors_info=&#8221;{}&#8221; prev_background_color=&#8221;#f4f4f4&#8243; next_background_color=&#8221;#000000&#8243;][et_pb_row _builder_version=&#8221;4.16&#8243; background_color=&#8221;#ffffff&#8221; border_radii=&#8221;on|10px|10px|10px|10px&#8221; global_colors_info=&#8221;{}&#8221;][et_pb_column type=&#8221;4_4&#8243; _builder_version=&#8221;4.16&#8243; custom_padding=&#8221;|||&#8221; global_colors_info=&#8221;{}&#8221; custom_padding__hover=&#8221;|||&#8221;][et_pb_text admin_label=&#8221;drinkwatertanks en jachten&#8221; _builder_version=&#8221;4.17.4&#8243; global_colors_info=&#8221;{}&#8221;]<\/p>\n<p>\nHadex<sup style=\"font-size:10px;\">\u00ae<\/sup> is bovendien geschikt voor drinkwatertanks van pleziervaartuigen, binnenvaartschepen, caravans en campers. Voeg 1 flesje (30 ml) toe in de tank bij aanvang van het seizoen, voor de eerste vulling van tenminste 150 liter water. Let op! Hadex<sup style=\"font-size:10px;\">\u00ae<\/sup> dient tijdens het vervoer bewaard te worden in bijgeleverd plastic zakje om bij mogelijke lekkage vlekken te voorkomen. Care Plus<sup style=\"font-size:8px;\">\u00ae<\/sup> Hadex<sup style=\"font-size:10px;\">\u00ae<\/sup> is niet brandbaar of explosief.<\/p>\n<p>[\/et_pb_text][et_pb_text admin_label=&#8221;waterzuiveringstabletten in je noodpakket&#8221; _builder_version=&#8221;4.27.4&#8243; vertical_offset_tablet=&#8221;0&#8243; horizontal_offset_tablet=&#8221;0&#8243; z_index_tablet=&#8221;0&#8243; text_text_shadow_horizontal_length_tablet=&#8221;0px&#8221; text_text_shadow_vertical_length_tablet=&#8221;0px&#8221; text_text_shadow_blur_strength_tablet=&#8221;1px&#8221; link_text_shadow_horizontal_length_tablet=&#8221;0px&#8221; link_text_shadow_vertical_length_tablet=&#8221;0px&#8221; link_text_shadow_blur_strength_tablet=&#8221;1px&#8221; ul_text_shadow_horizontal_length_tablet=&#8221;0px&#8221; ul_text_shadow_vertical_length_tablet=&#8221;0px&#8221; ul_text_shadow_blur_strength_tablet=&#8221;1px&#8221; ol_text_shadow_horizontal_length_tablet=&#8221;0px&#8221; ol_text_shadow_vertical_length_tablet=&#8221;0px&#8221; ol_text_shadow_blur_strength_tablet=&#8221;1px&#8221; quote_text_shadow_horizontal_length_tablet=&#8221;0px&#8221; quote_text_shadow_vertical_length_tablet=&#8221;0px&#8221; quote_text_shadow_blur_strength_tablet=&#8221;1px&#8221; header_text_shadow_horizontal_length_tablet=&#8221;0px&#8221; header_text_shadow_vertical_length_tablet=&#8221;0px&#8221; header_text_shadow_blur_strength_tablet=&#8221;1px&#8221; header_2_text_shadow_horizontal_length_tablet=&#8221;0px&#8221; header_2_text_shadow_vertical_length_tablet=&#8221;0px&#8221; header_2_text_shadow_blur_strength_tablet=&#8221;1px&#8221; header_3_text_shadow_horizontal_length_tablet=&#8221;0px&#8221; header_3_text_shadow_vertical_length_tablet=&#8221;0px&#8221; header_3_text_shadow_blur_strength_tablet=&#8221;1px&#8221; header_4_text_shadow_horizontal_length_tablet=&#8221;0px&#8221; header_4_text_shadow_vertical_length_tablet=&#8221;0px&#8221; header_4_text_shadow_blur_strength_tablet=&#8221;1px&#8221; header_5_text_shadow_horizontal_length_tablet=&#8221;0px&#8221; header_5_text_shadow_vertical_length_tablet=&#8221;0px&#8221; header_5_text_shadow_blur_strength_tablet=&#8221;1px&#8221; header_6_text_shadow_horizontal_length_tablet=&#8221;0px&#8221; header_6_text_shadow_vertical_length_tablet=&#8221;0px&#8221; header_6_text_shadow_blur_strength_tablet=&#8221;1px&#8221; box_shadow_horizontal_tablet=&#8221;0px&#8221; box_shadow_vertical_tablet=&#8221;0px&#8221; box_shadow_blur_tablet=&#8221;40px&#8221; box_shadow_spread_tablet=&#8221;0px&#8221; global_colors_info=&#8221;{}&#8221;]<\/p>\n<h3>Hadex<sup style=\"font-size: 12px;\">\u00ae<\/sup> waterzuiveringsmiddel hoort thuis in elk noodpakket<\/h3>\n<p>Hadex<sup style=\"font-size: 10px;\">\u00ae<\/sup> Waterzuiveringsmiddel is een slimme aanvulling op elk noodpakket, omdat het snel en eenvoudig zorgt voor veilig drinkwater\u00a0 wanneer er geen schoon water beschikbaar is. In <a href=\"https:\/\/www.careplus.eu\/nl\/tips-adviezen\/noodpakket-samenstellen\/\">noodgevallen<\/a> \u2013 zoals bij stroomuitval, overstromingen of tijdens een evacuatie \u2013 kun je met dit middel verontreinigd water ontsmetten door schadelijke bacteri\u00ebn en parasieten te doden. Dit product neemt weinig ruimte in en heeft een lange houdbaarheid, waardoor het ideaal is voor langdurige opslag. Zo ben je altijd voorbereid op situaties waarin schoon water schaars of onbereikbaar is.<\/p>\n<p>[\/et_pb_text][\/et_pb_column][\/et_pb_row][\/et_pb_section][et_pb_section bb_built=&#8221;1&#8243; fullwidth=&#8221;on&#8221; _builder_version=&#8221;4.16&#8243; _module_preset=&#8221;default&#8221; locked=&#8221;off&#8221; global_colors_info=&#8221;{}&#8221; prev_background_color=&#8221;#000000&#8243; next_background_color=&#8221;#000000&#8243;][et_pb_fullwidth_header _builder_version=&#8221;4.17.4&#8243; _module_preset=&#8221;default&#8221; background_image=&#8221;https:\/\/www.careplus.eu\/wp-content\/uploads\/2022\/06\/Maak-onbetrouwbaar-drinkwater-veilig-en-betrouwbaar-met-Care-Plus\u00ae-Hadex\u00ae-scaled.jpg&#8221; parallax=&#8221;on&#8221; height=&#8221;350px&#8221; max_height=&#8221;350px&#8221; global_colors_info=&#8221;{}&#8221; \/][\/et_pb_section][et_pb_section bb_built=&#8221;1&#8243; disabled_on=&#8221;off|off|off&#8221; _builder_version=&#8221;4.17.4&#8243; custom_margin=&#8221;||||false|false&#8221; custom_padding=&#8221;||||false|false&#8221; locked=&#8221;off&#8221; global_colors_info=&#8221;{}&#8221; prev_background_color=&#8221;#000000&#8243;][et_pb_row _builder_version=&#8221;4.17.4&#8243; custom_margin=&#8221;0px||||false|false&#8221; custom_padding=&#8221;0px||||false|false&#8221; collapsed=&#8221;off&#8221; global_colors_info=&#8221;{}&#8221;][et_pb_column type=&#8221;4_4&#8243; _builder_version=&#8221;4.16&#8243; custom_padding=&#8221;|||&#8221; global_colors_info=&#8221;{}&#8221; custom_padding__hover=&#8221;|||&#8221;][et_pb_divider show_divider=&#8221;off&#8221; _builder_version=&#8221;4.17.4&#8243; global_colors_info=&#8221;{}&#8221; \/][et_pb_text admin_label=&#8221;Hadex&#8221; module_id=&#8221;subsection_3&#8243; module_class=&#8221;ignore_default&#8221; _builder_version=&#8221;4.21.0&#8243; global_colors_info=&#8221;{}&#8221;]<\/p>\n<h2>Veelgestelde vragen over Hadex\u00ae<\/h2>\n<p>[\/et_pb_text][et_pb_toggle admin_label=&#8221;Wanneer gebruik je Hadex?&#8221; title=&#8221;Wanneer gebruik je Hadex\u00ae?&#8221; _builder_version=&#8221;4.21.0&#8243; global_colors_info=&#8221;{}&#8221;]<\/p>\n<p>Verontreinigd drinkwater is vaak de oorzaak van maag- en darmstoornissen (diarree) en ziekten zoals (para-)tyfus, dysenterie, cholera, enz. Wanneer je op reis gaat of de wildernis in trekt, heb je vaak niet de beschikking over drinkwater met de kwaliteit die je gewend bent. Dat wil je niet zomaar drinken. Wij adviseren daarom aanvullende maatregelen te treffen om drinkwater te zuiveren. De speciale chlooroplossing in<br \/>Care Plus Hadex<sup style=\"font-size:8px;\">\u00ae<\/sup> maakt het water uit leidingen, bronnen en putten betrouwbaar. Hadex<sup style=\"font-size:8px;\">\u00ae<\/sup> is zeer effectief en kan gedurende langere tijd veilig gebruikt worden.<\/p>\n<p>Tip! Maak een voorraad gedesinfecteerd drinkwater voor een paar dagen door bijvoorbeeld \u00e9\u00e9n of meerdere flessen water te desinfecteren en deze in de koelkast te bewaren. Zo beschik je altijd over koel en betrouwbaar drinkwater.<\/p>\n<p>[\/et_pb_toggle][et_pb_toggle admin_label=&#8221;Waarom heb je zuiver drinktwater nodig? &#8221; title=&#8221;Waarom heb je zuiver drinkwater nodig? &#8221; _builder_version=&#8221;4.27.2&#8243; vertical_offset_tablet=&#8221;0&#8243; horizontal_offset_tablet=&#8221;0&#8243; title_text_shadow_horizontal_length_tablet=&#8221;0px&#8221; title_text_shadow_vertical_length_tablet=&#8221;0px&#8221; title_text_shadow_blur_strength_tablet=&#8221;1px&#8221; closed_title_text_shadow_horizontal_length_tablet=&#8221;0px&#8221; closed_title_text_shadow_vertical_length_tablet=&#8221;0px&#8221; closed_title_text_shadow_blur_strength_tablet=&#8221;1px&#8221; body_text_shadow_horizontal_length_tablet=&#8221;0px&#8221; body_text_shadow_vertical_length_tablet=&#8221;0px&#8221; body_text_shadow_blur_strength_tablet=&#8221;1px&#8221; body_link_text_shadow_horizontal_length_tablet=&#8221;0px&#8221; body_link_text_shadow_vertical_length_tablet=&#8221;0px&#8221; body_link_text_shadow_blur_strength_tablet=&#8221;1px&#8221; body_ul_text_shadow_horizontal_length_tablet=&#8221;0px&#8221; body_ul_text_shadow_vertical_length_tablet=&#8221;0px&#8221; body_ul_text_shadow_blur_strength_tablet=&#8221;1px&#8221; body_ol_text_shadow_horizontal_length_tablet=&#8221;0px&#8221; body_ol_text_shadow_vertical_length_tablet=&#8221;0px&#8221; body_ol_text_shadow_blur_strength_tablet=&#8221;1px&#8221; body_quote_text_shadow_horizontal_length_tablet=&#8221;0px&#8221; body_quote_text_shadow_vertical_length_tablet=&#8221;0px&#8221; body_quote_text_shadow_blur_strength_tablet=&#8221;1px&#8221; box_shadow_horizontal_tablet=&#8221;0px&#8221; box_shadow_vertical_tablet=&#8221;0px&#8221; box_shadow_blur_tablet=&#8221;40px&#8221; box_shadow_spread_tablet=&#8221;0px&#8221; text_shadow_horizontal_length_tablet=&#8221;0px&#8221; text_shadow_vertical_length_tablet=&#8221;0px&#8221; text_shadow_blur_strength_tablet=&#8221;1px&#8221; global_colors_info=&#8221;{}&#8221;]<\/p>\n<p>Schoon drinkwater: we kunnen niet zonder. Je bestaat voor zo\u2019n 75% uit water en al je organen, weefsels en cellen moeten voldoende gehydrateerd blijven. Het water in je lichaam heeft bovendien een reinigende functiem omdat het zorgt voor de afvoer van afvalstoffen. Het is daarom essentieel om zuiver water te drinken. Je lichaam reinigen doe je natuurlijk met schoon water.<\/p>\n<p>[\/et_pb_toggle][et_pb_toggle admin_label=&#8221;Filtert Hadex ook chloor? &#8221; title=&#8221;Filtert Hadex\u00ae ook chloor? &#8221; _builder_version=&#8221;4.21.0&#8243; global_colors_info=&#8221;{}&#8221;]<\/p>\n<p>Nee, Hadex<sup style=\"font-size:8px;\">\u00ae<\/sup> filtert geen chloor. Het actieve bestandsdeel in Hadex<sup style=\"font-size:8px;\">\u00ae<\/sup> is natriumhypochloriet (chloor).<\/p>\n<p>[\/et_pb_toggle][et_pb_toggle admin_label=&#8221;Hoeveel Hadex moet ik gebruiken?&#8221; title=&#8221;Hoeveel Hadex\u00ae moet ik gebruiken?&#8221; _builder_version=&#8221;4.27.4&#8243; vertical_offset_tablet=&#8221;0&#8243; horizontal_offset_tablet=&#8221;0&#8243; title_text_shadow_horizontal_length_tablet=&#8221;0px&#8221; title_text_shadow_vertical_length_tablet=&#8221;0px&#8221; title_text_shadow_blur_strength_tablet=&#8221;1px&#8221; closed_title_text_shadow_horizontal_length_tablet=&#8221;0px&#8221; closed_title_text_shadow_vertical_length_tablet=&#8221;0px&#8221; closed_title_text_shadow_blur_strength_tablet=&#8221;1px&#8221; body_text_shadow_horizontal_length_tablet=&#8221;0px&#8221; body_text_shadow_vertical_length_tablet=&#8221;0px&#8221; body_text_shadow_blur_strength_tablet=&#8221;1px&#8221; body_link_text_shadow_horizontal_length_tablet=&#8221;0px&#8221; body_link_text_shadow_vertical_length_tablet=&#8221;0px&#8221; body_link_text_shadow_blur_strength_tablet=&#8221;1px&#8221; body_ul_text_shadow_horizontal_length_tablet=&#8221;0px&#8221; body_ul_text_shadow_vertical_length_tablet=&#8221;0px&#8221; body_ul_text_shadow_blur_strength_tablet=&#8221;1px&#8221; body_ol_text_shadow_horizontal_length_tablet=&#8221;0px&#8221; body_ol_text_shadow_vertical_length_tablet=&#8221;0px&#8221; body_ol_text_shadow_blur_strength_tablet=&#8221;1px&#8221; body_quote_text_shadow_horizontal_length_tablet=&#8221;0px&#8221; body_quote_text_shadow_vertical_length_tablet=&#8221;0px&#8221; body_quote_text_shadow_blur_strength_tablet=&#8221;1px&#8221; box_shadow_horizontal_tablet=&#8221;0px&#8221; box_shadow_vertical_tablet=&#8221;0px&#8221; box_shadow_blur_tablet=&#8221;40px&#8221; box_shadow_spread_tablet=&#8221;0px&#8221; text_shadow_horizontal_length_tablet=&#8221;0px&#8221; text_shadow_vertical_length_tablet=&#8221;0px&#8221; text_shadow_blur_strength_tablet=&#8221;1px&#8221; global_colors_info=&#8221;{}&#8221;]<\/p>\n<p>Houd met het gebruik van Hadex<sup style=\"font-size: 8px;\">\u00ae<\/sup> de volgende dosering aan:<\/p>\n<ul>\n<li>2 druppels Care Plus<sup style=\"font-size: 8px;\">\u00ae<\/sup> Hadex <sup style=\"font-size: 8px;\">\u00ae<\/sup> voor een glas water van 200 ml<\/li>\n<li>10 druppels Care Plus<sup style=\"font-size: 8px;\">\u00ae<\/sup> Hadex <sup style=\"font-size: 8px;\">\u00ae<\/sup> voor\u00a0 liter water<\/li>\n<\/ul>\n<p>Na toevoegen even roeren of schudden. Na 30 minuten inwerktijd is het water gezuiverd tot echt schoon drinkwater en zijn de geur en smaak van de chloor-oplossing verdwenen. Het water is nu veilig voor consumptie.<\/p>\n<p>Uitsluitend bestemd voor niet-professioneel gebruik.<\/p>\n<p>[\/et_pb_toggle][et_pb_toggle admin_label=&#8221;Waar vind ik de houdbaarheidsdatum van het product? &#8221; title=&#8221;Waar vind ik de houdbaarheidsdatum van het product? &#8221; _builder_version=&#8221;4.17.4&#8243; global_colors_info=&#8221;{}&#8221;]<\/p>\n<p>De houdbaarheidsdatum staat op de onderzijde van het doosje (bewaard bij 20\u00b0C). In het donker en bij lagere temperaturen is het product langer houdbaar.<\/p>\n<p>[\/et_pb_toggle][\/et_pb_column][\/et_pb_row][\/et_pb_section]<\/p>\n","protected":false},"excerpt":{"rendered":"<p>Water zuiveren met Hadex\u00ae Ga je op reis naar een land of een plek waar de hygi\u00ebne van het drinkwater niet zo goed is? Dan mag Care Plus\u00ae Hadex\u00ae niet ontbreken in je toilettas, reiskoffer of backpack. Ons Hadex\u00ae drinkwater desinfectiemiddel is een product om drink-, pomp-, put- of leidingwater te desinfecteren in gebieden (of [&hellip;]<\/p>\n","protected":false},"author":37,"featured_media":0,"parent":1626,"menu_order":0,"comment_status":"closed","ping_status":"closed","template":"","meta":{"_acf_changed":false,"_et_pb_use_builder":"on","_et_pb_old_content":"","_et_gb_content_width":"","footnotes":""},"class_list":["post-4677","page","type-page","status-publish","hentry"],"acf":[],"_links":{"self":[{"href":"https:\/\/www.careplus.eu\/nl\/wp-json\/wp\/v2\/pages\/4677","targetHints":{"allow":["GET"]}}],"collection":[{"href":"https:\/\/www.careplus.eu\/nl\/wp-json\/wp\/v2\/pages"}],"about":[{"href":"https:\/\/www.careplus.eu\/nl\/wp-json\/wp\/v2\/types\/page"}],"author":[{"embeddable":true,"href":"https:\/\/www.careplus.eu\/nl\/wp-json\/wp\/v2\/users\/37"}],"replies":[{"embeddable":true,"href":"https:\/\/www.careplus.eu\/nl\/wp-json\/wp\/v2\/comments?post=4677"}],"version-history":[{"count":0,"href":"https:\/\/www.careplus.eu\/nl\/wp-json\/wp\/v2\/pages\/4677\/revisions"}],"up":[{"embeddable":true,"href":"https:\/\/www.careplus.eu\/nl\/wp-json\/wp\/v2\/pages\/1626"}],"wp:attachment":[{"href":"https:\/\/www.careplus.eu\/nl\/wp-json\/wp\/v2\/media?parent=4677"}],"curies":[{"name":"wp","href":"https:\/\/api.w.org\/{rel}","templated":true}]}}