


{"id":1610,"date":"2018-09-27T16:55:43","date_gmt":"2018-09-27T14:55:43","guid":{"rendered":"https:\/\/www.careplus.eu\/hygiene-tijdens-de-reis\/persoonlijke-hygiene\/"},"modified":"2025-09-23T14:52:13","modified_gmt":"2025-09-23T13:52:13","slug":"persoonlijke-hygiene","status":"publish","type":"page","link":"https:\/\/www.careplus.eu\/nl\/hygiene-tijdens-reis\/persoonlijke-hygiene\/","title":{"rendered":"Persoonlijke hygi\u00ebne"},"content":{"rendered":"<p>[et_pb_section fb_built=&#8221;1&#8243; fullwidth=&#8221;on&#8221; _builder_version=&#8221;4.21.0&#8243; background_image=&#8221;https:\/\/www.careplus.eu\/wp-content\/uploads\/2019\/02\/careplus-persoonlijke-hygiene.jpg&#8221; bottom_divider_style=&#8221;curve&#8221; bottom_divider_color=&#8221;#ffffff&#8221; bottom_divider_height=&#8221;40px&#8221; bottom_divider_height_tablet=&#8221;40px&#8221; bottom_divider_height_phone=&#8221;20px&#8221; bottom_divider_height_last_edited=&#8221;on|phone&#8221; global_colors_info=&#8221;{}&#8221;][et_pb_fullwidth_slider show_arrows=&#8221;off&#8221; show_pagination=&#8221;off&#8221; _builder_version=&#8221;4.21.0&#8243; global_colors_info=&#8221;{}&#8221;][et_pb_slide heading=&#8221;Persoonlijke hygi\u00ebne&#8221; use_bg_overlay=&#8221;off&#8221; use_text_overlay=&#8221;off&#8221; _builder_version=&#8221;4.21.0&#8243; header_level=&#8221;h1&#8243; header_font=&#8221;|800|||||||&#8221; header_text_align=&#8221;center&#8221; header_font_size=&#8221;36&#8243; background_color=&#8221;RGBA(255,255,255,0)&#8221; background_enable_color=&#8221;on&#8221; background_enable_image=&#8221;off&#8221; button_on_hover=&#8221;on&#8221; custom_padding=&#8221;18%||18%|&#8221; custom_padding_tablet=&#8221;30%||30%|&#8221; custom_padding_phone=&#8221;30%||30%|&#8221; custom_padding_last_edited=&#8221;on|phone&#8221; header_font_size_tablet=&#8221;30&#8243; header_font_size_phone=&#8221;30&#8243; header_font_size_last_edited=&#8221;on|tablet&#8221; header_text_shadow_style=&#8221;preset3&#8243; header_text_shadow_blur_strength=&#8221;0.5em&#8221; header_text_shadow_color=&#8221;rgba(0,0,0,0.6)&#8221; global_colors_info=&#8221;{}&#8221; sticky_transition=&#8221;on&#8221;][\/et_pb_slide][\/et_pb_fullwidth_slider][\/et_pb_section][et_pb_section fb_built=&#8221;1&#8243; admin_label=&#8221;INTRO&#8221; module_id=&#8221;cp_pb_page_content&#8221; module_class=&#8221;cp_pb_regular_post_content&#8221; _builder_version=&#8221;4.21.0&#8243; background_color=&#8221;#ffffff&#8221; custom_margin=&#8221;50px||||false|false&#8221; custom_padding=&#8221;0px|||&#8221; global_colors_info=&#8221;{}&#8221;][et_pb_row disabled_on=&#8221;off|off|off&#8221; _builder_version=&#8221;4.21.0&#8243; background_size=&#8221;initial&#8221; background_position=&#8221;top_left&#8221; background_repeat=&#8221;repeat&#8221; custom_margin=&#8221;||||false|false&#8221; global_module=&#8221;18803&#8243; global_colors_info=&#8221;{}&#8221;][et_pb_column type=&#8221;4_4&#8243; _builder_version=&#8221;4.16&#8243; custom_padding=&#8221;|||&#8221; global_colors_info=&#8221;{}&#8221; custom_padding__hover=&#8221;|||&#8221;][et_pb_dmb_breadcrumbs _builder_version=&#8221;4.16&#8243; body_font_size_tablet=&#8221;51&#8243; body_line_height_tablet=&#8221;2&#8243; separator_font_size_tablet=&#8221;51&#8243; separator_line_height_tablet=&#8221;2&#8243; link_font_size_tablet=&#8221;51&#8243; link_line_height_tablet=&#8221;2&#8243; linkhover_font_size_tablet=&#8221;51&#8243; linkhover_line_height_tablet=&#8221;2&#8243; global_colors_info=&#8221;{}&#8221;][\/et_pb_dmb_breadcrumbs][\/et_pb_column][\/et_pb_row][et_pb_row admin_label=&#8221;Page Header&#8221; _builder_version=&#8221;4.16&#8243; background_size=&#8221;initial&#8221; background_position=&#8221;top_left&#8221; background_repeat=&#8221;repeat&#8221; collapsed=&#8221;off&#8221; global_colors_info=&#8221;{}&#8221;][et_pb_column type=&#8221;4_4&#8243; _builder_version=&#8221;4.16&#8243; custom_padding=&#8221;|||&#8221; global_colors_info=&#8221;{}&#8221; custom_padding__hover=&#8221;|||&#8221;][et_pb_text _builder_version=&#8221;4.16&#8243; header_2_font=&#8221;|800|||||||&#8221; global_colors_info=&#8221;{}&#8221;]<\/p>\n<h2>Persoonlijke hygi\u00ebne op reis<\/h2>\n<p><strong>Wat is er mooier dan de wereld zien tijdens je reizen? Care Plus<sup style=\"font-size:10px;\">\u00ae<\/sup> is er om jouw reizen zo gezond en veilig mogelijk te laten verlopen, want een verre reis maken is natuurlijk niet geheel zonder risico. In subtropische of tropische gebieden liggen infectieziekten op de loer. <\/strong><\/p>\n<p>Vaccinaties beschermen ons tegen veel, maar niet tegen \u00e1lle infectieziekten. Een goede persoonlijke hygi\u00ebne is essentieel in de strijd tegen bacteri\u00ebn! Met de producten van Care Plus<sup style=\"font-size:10px;\">\u00ae<\/sup> ben jij te allen tijde verzekerd van een optimale hygi\u00ebne.<\/p>\n<p>Care Plus<sup style=\"font-size:10px;\">\u00ae<\/sup> levert ook handige producten voor persoonlijke hygi\u00ebne zodat jij tijdens je reizen de kans op onhygi\u00ebnische situaties zo klein mogelijk kunt maken.<\/p>\n<p>[\/et_pb_text][\/et_pb_column][\/et_pb_row][\/et_pb_section][et_pb_section fb_built=&#8221;1&#8243; admin_label=&#8221;Product Listing&#8221; _builder_version=&#8221;4.16&#8243; background_color=&#8221;#f4f4f4&#8243; global_colors_info=&#8221;{}&#8221;][et_pb_row column_structure=&#8221;1_3,1_3,1_3&#8243; _builder_version=&#8221;4.16&#8243; background_color=&#8221;#ffffff&#8221; module_alignment=&#8221;center&#8221; custom_margin_tablet=&#8221;&#8221; custom_margin_phone=&#8221;&#8221; custom_margin_last_edited=&#8221;on|desktop&#8221; custom_padding=&#8221;|20px||20px&#8221; border_radii=&#8221;on|10px|10px|10px|10px&#8221; global_colors_info=&#8221;{}&#8221;][et_pb_column type=&#8221;1_3&#8243; _builder_version=&#8221;4.16&#8243; custom_padding=&#8221;|||&#8221; global_colors_info=&#8221;{}&#8221; custom_padding__hover=&#8221;|||&#8221;][et_pb_image _builder_version=&#8221;4.27.4&#8243; _module_preset=&#8221;default&#8221; alt=&#8221;Care Plus Travel Towel voor op reis&#8221; title_text=&#8221;care-plus-Travel-Towel-medium-blauw&#8221; src=&#8221;https:\/\/www.careplus.eu\/wp-content\/uploads\/2025\/09\/care-plus-Travel-Towel-medium-blauw.webp&#8221; hover_enabled=&#8221;0&#8243; sticky_enabled=&#8221;0&#8243; admin_label=&#8221;Travel Towel&#8221;][\/et_pb_image][et_pb_button button_url=&#8221;@ET-DC@eyJkeW5hbWljIjp0cnVlLCJjb250ZW50IjoicG9zdF9saW5rX3VybF9wYWdlIiwic2V0dGluZ3MiOnsicG9zdF9pZCI6IjQ4NzQifX0=@&#8221; button_text=&#8221;Handdoeken&#8221; button_alignment=&#8221;center&#8221; _builder_version=&#8221;4.21.0&#8243; _dynamic_attributes=&#8221;button_url&#8221; background_layout=&#8221;dark&#8221; custom_margin=&#8221;||20px|&#8221; global_colors_info=&#8221;{}&#8221;][\/et_pb_button][\/et_pb_column][et_pb_column type=&#8221;1_3&#8243; _builder_version=&#8221;4.16&#8243; custom_padding=&#8221;|||&#8221; global_colors_info=&#8221;{}&#8221; custom_padding__hover=&#8221;|||&#8221;][et_pb_image src=&#8221;https:\/\/www.careplus.eu\/wp-content\/uploads\/2025\/09\/Care-plus-Bio-Soap-100ml.webp&#8221; alt=&#8221;De multifunctionele Bio Soap kan gebruikt worden voor het wassen van handen, huid, haar, licht vervuilde kleding en de afwas&#8221; title_text=&#8221;Care-plus-Bio-Soap-100ml&#8221; url=&#8221;@ET-DC@eyJkeW5hbWljIjp0cnVlLCJjb250ZW50IjoicG9zdF9saW5rX3VybF9wYWdlIiwic2V0dGluZ3MiOnsicG9zdF9pZCI6IjE2MjkifX0=@&#8221; align=&#8221;center&#8221; align_tablet=&#8221;center&#8221; align_phone=&#8221;&#8221; align_last_edited=&#8221;on|desktop&#8221; _builder_version=&#8221;4.27.4&#8243; _dynamic_attributes=&#8221;url&#8221; background_color=&#8221;#ffffff&#8221; hover_enabled=&#8221;0&#8243; border_radii=&#8221;|10px|10px|0px|0px&#8221; global_colors_info=&#8221;{}&#8221; sticky_enabled=&#8221;0&#8243; admin_label=&#8221;Bio zeep&#8221;][\/et_pb_image][et_pb_button button_url=&#8221;@ET-DC@eyJkeW5hbWljIjp0cnVlLCJjb250ZW50IjoicG9zdF9saW5rX3VybF9wYWdlIiwic2V0dGluZ3MiOnsicG9zdF9pZCI6IjE2MjkifX0=@&#8221; button_text=&#8221;Biozeep&#8221; button_alignment=&#8221;center&#8221; _builder_version=&#8221;4.21.0&#8243; _dynamic_attributes=&#8221;button_url&#8221; background_layout=&#8221;dark&#8221; custom_margin=&#8221;||20px|&#8221; global_colors_info=&#8221;{}&#8221;][\/et_pb_button][\/et_pb_column][et_pb_column type=&#8221;1_3&#8243; _builder_version=&#8221;4.16&#8243; custom_padding=&#8221;|||&#8221; global_colors_info=&#8221;{}&#8221; custom_padding__hover=&#8221;|||&#8221;][et_pb_image src=&#8221;https:\/\/www.careplus.eu\/wp-content\/uploads\/2025\/09\/Care-Plus-Hand-Gels.webp&#8221; title_text=&#8221;Care-Plus-Hand-Gels&#8221; url=&#8221;@ET-DC@eyJkeW5hbWljIjp0cnVlLCJjb250ZW50IjoicG9zdF9saW5rX3VybF9wYWdlIiwic2V0dGluZ3MiOnsicG9zdF9pZCI6IjE2MjAifX0=@&#8221; align=&#8221;center&#8221; align_tablet=&#8221;center&#8221; align_phone=&#8221;&#8221; align_last_edited=&#8221;on|desktop&#8221; _builder_version=&#8221;4.27.4&#8243; _dynamic_attributes=&#8221;url&#8221; background_color=&#8221;#ffffff&#8221; hover_enabled=&#8221;0&#8243; border_radii=&#8221;|10px|10px|0px|0px&#8221; global_colors_info=&#8221;{}&#8221; sticky_enabled=&#8221;0&#8243; alt=&#8221;Care Olus reinigende hand gels voor thuis en voor op reis. Altijd schone handen, ook zonder water.&#8221; admin_label=&#8221;Hand gels&#8221;][\/et_pb_image][et_pb_button button_url=&#8221;@ET-DC@eyJkeW5hbWljIjp0cnVlLCJjb250ZW50IjoicG9zdF9saW5rX3VybF9wYWdlIiwic2V0dGluZ3MiOnsicG9zdF9pZCI6IjE2MjAifX0=@&#8221; button_text=&#8221;Reinigende handgel&#8221; button_alignment=&#8221;center&#8221; _builder_version=&#8221;4.21.0&#8243; _dynamic_attributes=&#8221;button_url&#8221; background_layout=&#8221;dark&#8221; custom_margin=&#8221;||20px|&#8221; global_colors_info=&#8221;{}&#8221;][\/et_pb_button][\/et_pb_column][\/et_pb_row][\/et_pb_section][et_pb_section fb_built=&#8221;1&#8243; admin_label=&#8221;Product Listing&#8221; module_id=&#8221;cp_pb_page_extra&#8221; _builder_version=&#8221;4.16&#8243; global_colors_info=&#8221;{}&#8221;][et_pb_row _builder_version=&#8221;4.16&#8243; global_colors_info=&#8221;{}&#8221;][et_pb_column type=&#8221;4_4&#8243; _builder_version=&#8221;4.16&#8243; custom_padding=&#8221;|||&#8221; global_colors_info=&#8221;{}&#8221; custom_padding__hover=&#8221;|||&#8221;][et_pb_text admin_label=&#8221;Extra Informatie&#8221; module_id=&#8221;cp_pb_extra_content&#8221; _builder_version=&#8221;4.21.0&#8243; global_colors_info=&#8221;{}&#8221;]<\/p>\n<h3>Hoe zorg je voor een goede persoonlijke hygi\u00ebne op reis?<\/h3>\n<p>Naast vaak en grondig je handen wassen of het gebruik van een <a href=\"\/nl\/hygiene-tijdens-reis\/persoonlijke-hygiene\/reinigende-handgel\/\">handgel<\/a>, kun je met onderstaande tips zorgen dat je lekker fris en schoon blijft en daarnaast de kans op besmetting door bacteri\u00ebn zo klein mogelijk maakt.<\/p>\n<p>\u2022 Houd je nagels kort en schoon.<br \/>\u2022 Deel je handdoek niet met een ander en gebruik verschillende handdoeken voor boven- en onderlichaam.<br \/>\u2022 Draag katoenen ondergoed.<br \/>\u2022 Draag slippers onder de douche.<br \/>\u2022 Draag dichte schoenen op zanderige grond.<br \/>\u2022 Draag waterschoenen in zee. Zee-egels en koraal kunnen scherp zijn en verwondingen kunnen vervelende huidinfecties veroorzaken.<br \/>\u2022 Scheren of je laten scheren? Alleen met een nieuw steriel scheermesje of een scheerapparaat.<br \/>\u2022 Gebruik een goed anti-insect product.<br \/>\u2022 Bescherm jezelf tegen insecten met een <a href=\"\/nl\/muggen-en-teken\/beschermen\/klamboes\/\">ge\u00efmpregneerde klamboe<\/a> en <a href=\"\/nl\/muggen-en-teken\/beschermen\/anti-teek-sokken\/\">Bugsox<\/a>.<br \/>\u2022 Neem condooms uit eigen land mee en bewaar deze koel.<br \/>\u2022 Laat in het buitenland geen piercing of tattoo zetten om besmetting met hepatitis B te voorkomen.<br \/>\u2022 Raak geen dieren aan. Dieren als honden, katten, vleermuizen en apen kunnen besmet zijn met hondsdolheid (rabi\u00ebs). Na contact met een dier moet je direct de huid of wond grondig wassen met water en zeep en daarna desinfecteren met alcohol of betadine. Raadpleeg bij een wond altijd een arts.<\/p>\n<p>[\/et_pb_text][\/et_pb_column][\/et_pb_row][\/et_pb_section]<\/p>\n","protected":false},"excerpt":{"rendered":"<p>Persoonlijke hygi\u00ebne op reis Wat is er mooier dan de wereld zien tijdens je reizen? Care Plus\u00ae is er om jouw reizen zo gezond en veilig mogelijk te laten verlopen, want een verre reis maken is natuurlijk niet geheel zonder risico. In subtropische of tropische gebieden liggen infectieziekten op de loer. Vaccinaties beschermen ons tegen [&hellip;]<\/p>\n","protected":false},"author":37,"featured_media":0,"parent":1030,"menu_order":0,"comment_status":"closed","ping_status":"closed","template":"","meta":{"_acf_changed":false,"_et_pb_use_builder":"on","_et_pb_old_content":"","_et_gb_content_width":"","footnotes":""},"class_list":["post-1610","page","type-page","status-publish","hentry"],"acf":[],"_links":{"self":[{"href":"https:\/\/www.careplus.eu\/nl\/wp-json\/wp\/v2\/pages\/1610","targetHints":{"allow":["GET"]}}],"collection":[{"href":"https:\/\/www.careplus.eu\/nl\/wp-json\/wp\/v2\/pages"}],"about":[{"href":"https:\/\/www.careplus.eu\/nl\/wp-json\/wp\/v2\/types\/page"}],"author":[{"embeddable":true,"href":"https:\/\/www.careplus.eu\/nl\/wp-json\/wp\/v2\/users\/37"}],"replies":[{"embeddable":true,"href":"https:\/\/www.careplus.eu\/nl\/wp-json\/wp\/v2\/comments?post=1610"}],"version-history":[{"count":0,"href":"https:\/\/www.careplus.eu\/nl\/wp-json\/wp\/v2\/pages\/1610\/revisions"}],"up":[{"embeddable":true,"href":"https:\/\/www.careplus.eu\/nl\/wp-json\/wp\/v2\/pages\/1030"}],"wp:attachment":[{"href":"https:\/\/www.careplus.eu\/nl\/wp-json\/wp\/v2\/media?parent=1610"}],"curies":[{"name":"wp","href":"https:\/\/api.w.org\/{rel}","templated":true}]}}