


{"id":7628,"date":"2019-07-08T09:50:37","date_gmt":"2019-07-08T07:50:37","guid":{"rendered":"https:\/\/www.careplus.eu\/astuces-et-conseils-pour-voyager-en-toute-securite\/protection-contre-les-maladies-tropicales\/chikungunya\/"},"modified":"2021-05-08T08:21:08","modified_gmt":"2021-05-08T06:21:08","slug":"chikungunya","status":"publish","type":"page","link":"https:\/\/www.careplus.eu\/fr\/astuces-et-conseils-pour-voyager-en-toute-securite\/protection-contre-les-maladies-tropicales\/chikungunya\/","title":{"rendered":"Chikungunya"},"content":{"rendered":"<p>[et_pb_section fb_built=\u00a0\u00bb1&Prime; fullwidth=\u00a0\u00bbon\u00a0\u00bb _builder_version=\u00a0\u00bb3.22&Prime; bottom_divider_style=\u00a0\u00bbcurve\u00a0\u00bb bottom_divider_color=\u00a0\u00bb#ffffff\u00a0\u00bb bottom_divider_height=\u00a0\u00bb40px\u00a0\u00bb][et_pb_fullwidth_slider show_arrows=\u00a0\u00bboff\u00a0\u00bb show_pagination=\u00a0\u00bboff\u00a0\u00bb _builder_version=\u00a0\u00bb4.2.1&Prime; custom_padding=\u00a0\u00bb22%||10%|\u00a0\u00bb][et_pb_slide heading=\u00a0\u00bbChikungunya\u00a0\u00bb use_bg_overlay=\u00a0\u00bboff\u00a0\u00bb use_text_overlay=\u00a0\u00bboff\u00a0\u00bb _builder_version=\u00a0\u00bb4.2.1&Prime; header_level=\u00a0\u00bbh1&Prime; header_font=\u00a0\u00bb|800|||||||\u00a0\u00bb header_text_align=\u00a0\u00bbcenter\u00a0\u00bb header_font_size=\u00a0\u00bb36&Prime; background_color=\u00a0\u00bb#0b6a30&Prime; background_image=\u00a0\u00bbhttps:\/\/www.careplus.eu\/wp-content\/uploads\/2020\/02\/andrew-itaga-ad0EuMF62EM-unsplash-2.jpg\u00a0\u00bb background_enable_image=\u00a0\u00bbon\u00a0\u00bb button_on_hover=\u00a0\u00bbon\u00a0\u00bb custom_padding=\u00a0\u00bb15%||15%|\u00a0\u00bb custom_padding_tablet=\u00a0\u00bb16%||16%|\u00a0\u00bb custom_padding_phone=\u00a0\u00bb30%||30%|\u00a0\u00bb custom_padding_last_edited=\u00a0\u00bbon|phone\u00a0\u00bb header_font_size_tablet=\u00a0\u00bb30&Prime; header_font_size_phone=\u00a0\u00bb30&Prime; header_font_size_last_edited=\u00a0\u00bbon|tablet\u00a0\u00bb header_text_shadow_style=\u00a0\u00bbpreset3&Prime; header_text_shadow_blur_strength=\u00a0\u00bb0.5em\u00a0\u00bb header_text_shadow_color=\u00a0\u00bbrgba(0,0,0,0.6)\u00a0\u00bb sticky_transition=\u00a0\u00bbon\u00a0\u00bb][\/et_pb_slide][\/et_pb_fullwidth_slider][\/et_pb_section][et_pb_section fb_built=\u00a0\u00bb1&Prime; _builder_version=\u00a0\u00bb3.22&Prime;][et_pb_row _builder_version=\u00a0\u00bb3.25&Prime; background_size=\u00a0\u00bbinitial\u00a0\u00bb background_position=\u00a0\u00bbtop_left\u00a0\u00bb background_repeat=\u00a0\u00bbrepeat\u00a0\u00bb][et_pb_column type=\u00a0\u00bb4_4&Prime; _builder_version=\u00a0\u00bb3.25&Prime; custom_padding=\u00a0\u00bb|||\u00a0\u00bb custom_padding__hover=\u00a0\u00bb|||\u00a0\u00bb][et_pb_dmb_breadcrumbs _builder_version=\u00a0\u00bb3.19.6&Prime; body_font_size_tablet=\u00a0\u00bb51&Prime; body_line_height_tablet=\u00a0\u00bb2&Prime; separator_font_size_tablet=\u00a0\u00bb51&Prime; separator_line_height_tablet=\u00a0\u00bb2&Prime; link_font_size_tablet=\u00a0\u00bb51&Prime; link_line_height_tablet=\u00a0\u00bb2&Prime; linkhover_font_size_tablet=\u00a0\u00bb51&Prime; linkhover_line_height_tablet=\u00a0\u00bb2&Prime;][\/et_pb_dmb_breadcrumbs][et_pb_text admin_label=\u00a0\u00bbChikungunya\u00a0\u00bb _builder_version=\u00a0\u00bb3.27.4&Prime; header_2_font=\u00a0\u00bb|800|||||||\u00a0\u00bb header_2_font_size=\u00a0\u00bb30px\u00a0\u00bb]<\/p>\n<h2><strong>Chikungunya<\/strong><\/h2>\n<p><strong>Chikungunya est une maladie infectieuse caus\u00e9e par un virus. Ce virus s\u00e9vit dans les zones (sub)tropicales et se transmet par des moustiques qui mordent le jour. Les sympt\u00f4mes associ\u00e9s \u00e0 cette maladie peuvent \u00eatre l\u00e9gers ou graves. La plupart du temps, il s\u2019agit d\u2019une morsure d\u2019un moustique de la fi\u00e8vre jaune (Aedes aegypti) ou d\u2019un moustique tigre asiatique (Aedes albopictus).<\/strong><br \/>\n[\/et_pb_text][et_pb_image src=\u00a0\u00bbhttps:\/\/www.careplus.eu\/wp-content\/uploads\/2019\/05\/kaart_chikungunya.jpg\u00a0\u00bb align_tablet=\u00a0\u00bbcenter\u00a0\u00bb align_phone=\u00a0\u00bb\u00a0\u00bb align_last_edited=\u00a0\u00bbon|desktop\u00a0\u00bb admin_label=\u00a0\u00bbkaart\u00a0\u00bb _builder_version=\u00a0\u00bb3.23&Prime;][\/et_pb_image][et_pb_text admin_label=\u00a0\u00bbbijschrift kaart\u00a0\u00bb _builder_version=\u00a0\u00bb3.27.4&Prime; text_font_size=\u00a0\u00bb12px\u00a0\u00bb]La repr\u00e9sentation graphique sur cette carte est bas\u00e9e sur les donn\u00e9es de 2016.<br \/>\n[\/et_pb_text][et_pb_text admin_label=\u00a0\u00bbChikungunya\u00a0\u00bb _builder_version=\u00a0\u00bb4.6.6&Prime; header_2_font=\u00a0\u00bb|800|||||||\u00a0\u00bb header_2_font_size=\u00a0\u00bb30px\u00a0\u00bb]<\/p>\n<h3><strong>Qu\u2019est-ce que le Chikungunya?<\/strong><\/h3>\n<p>Chikungunya est une maladie infectieuse provoqu\u00e9e par le virus alpha : le virus chikungunya. Ce virus s\u00e9vit dans les zones (sub)tropicales et est transmis par des moustiques qui, contrairement par exemple au moustique de la paludisme, mordent le jour.<\/p>\n<p>Les premiers sympt\u00f4mes de la maladie du chikungunya apparaissent entre 1 et 12 jours apr\u00e8s la morsure par un moustique contamin\u00e9. Les sympt\u00f4mes varient de mod\u00e9r\u00e9s \u00e0 s\u00e9v\u00e8res. Les \u00e9ruptions cutan\u00e9es apparaissent g\u00e9n\u00e9ralement quelques jours apr\u00e8s le d\u00e9but de la fi\u00e8vre. Les sympt\u00f4mes s\u00e9v\u00e8res sont plus courants chez les b\u00e9b\u00e9s, personnes \u00e2g\u00e9es ou adultes qui souffrent d\u2019autres maladies. Les sympt\u00f4mes aigus apr\u00e8s infection par le virus du chikungunya disparaissent le plus souvent apr\u00e8s 1 \u00e0 3 semaines, mais les douleurs articulaires (arthrite) peuvent durer des mois voire des ann\u00e9es. Les complications et d\u00e9c\u00e8s li\u00e9s \u00e0 une infection par le chikungunya sont peu courants.[\/et_pb_text][et_pb_text admin_label=\u00a0\u00bbChikungunya symptomen\u00a0\u00bb _builder_version=\u00a0\u00bb3.27.4&Prime; header_2_font=\u00a0\u00bb|800|||||||\u00a0\u00bb header_2_font_size=\u00a0\u00bb30px\u00a0\u00bb]<\/p>\n<h3><strong>Quels sont les sympt\u00f4mes du chikungunya<\/strong><\/h3>\n<ul>\n<li>apparition brutale d\u2019une fi\u00e8vre \u00e9lev\u00e9e<\/li>\n<li>douleurs articulaires s\u00e9v\u00e8res qui peuvent durer longtemps<\/li>\n<li>maux de t\u00eate<\/li>\n<li>douleurs musculaires<\/li>\n<li>\u00e9ruptions cutan\u00e9es<\/li>\n<li>diverses affections des yeux, entre autre, conjonctivite<\/li>\n<\/ul>\n<p>&nbsp;<\/p>\n<h3><strong>Protection contre le chikungunya<\/strong><\/h3>\n<p>La pr\u00e9vention du chikungunya se concentre sur les voyageurs qui se rendent dans les zones \u00e0 risques dans les (sous) tropiques. La voie de transmission la plus courante du virus du chikungunya est par le biais du moustique <em>Aedes, <\/em>soit le moustique de la fi\u00e8vre jaune (<em>Aedes aegypti<\/em>) et le moustique tigre asiatique (<em>Aedes albopictus<\/em>), qui mordent le jour. Ces moustiques peuvent transmettre, outre le chikungunya, la dengue et le virus Zika.<\/p>\n<p>Aucun vaccin contre le virus du chikungunya n\u2019est disponible actuellement, La pr\u00e9vention du chikungunya s\u2019axe principalement sur la pr\u00e9vention des morsures de moustiques, notamment t\u00f4t le matin et l\u2019apr\u00e8s-midi lorsque le moustique <em>Aedes <\/em>est en activit\u00e9. Le port de v\u00eatements couvrants et l\u2019application d\u2019une lotion anti-moustiques sur la peau non-couverte \u00e0 base de <a href=\"https:\/\/www.careplus.eu\/fr\/moustiques-et-tiques\/proteger\/anti-insect-deet\/\">DEET<\/a>\u00a0ou\u00a0<a href=\"https:\/\/www.careplus.eu\/fr\/moustiques-et-tiques\/proteger\/anti-insect-natural\/\">Citriodiol<\/a>, permet de r\u00e9duire le risques d\u2019infection. Le fait de dormir sous une moustiquaire impr\u00e9gn\u00e9e est \u00e9galement conseill\u00e9, tout comme pour les autres maladies transmissibles par les moustiques.<br \/>\n[\/et_pb_text][\/et_pb_column][\/et_pb_row][\/et_pb_section][et_pb_section fb_built=\u00a0\u00bb1&Prime; _builder_version=\u00a0\u00bb3.22&Prime; background_color=\u00a0\u00bb#f4f4f4&Prime;][et_pb_row column_structure=\u00a0\u00bb1_3,1_3,1_3&Prime; _builder_version=\u00a0\u00bb3.25&Prime; background_color=\u00a0\u00bb#ffffff\u00a0\u00bb border_radii=\u00a0\u00bbon|10px|10px|10px|10px\u00a0\u00bb][et_pb_column type=\u00a0\u00bb1_3&Prime; _builder_version=\u00a0\u00bb3.25&Prime; custom_padding=\u00a0\u00bb|||\u00a0\u00bb custom_padding__hover=\u00a0\u00bb|||\u00a0\u00bb][et_pb_image src=\u00a0\u00bbhttps:\/\/www.careplus.eu\/wp-content\/uploads\/2020\/06\/careplus-anti-insect-deet-60ml-50-2.jpg\u00a0\u00bb title_text=\u00a0\u00bbcareplus-anti-insect-deet-60ml-50&Prime; url=\u00a0\u00bbhttps:\/\/www.careplus.eu\/fr\/moustiques-et-tiques\/proteger\/anti-insect-deet\/\u00a0\u00bb align=\u00a0\u00bbcenter\u00a0\u00bb align_tablet=\u00a0\u00bbcenter\u00a0\u00bb align_phone=\u00a0\u00bb\u00a0\u00bb align_last_edited=\u00a0\u00bbon|desktop\u00a0\u00bb _builder_version=\u00a0\u00bb4.4.8&Prime;][\/et_pb_image][et_pb_button button_url=\u00a0\u00bbhttps:\/\/www.careplus.eu\/fr\/moustiques-et-tiques\/proteger\/anti-insect-deet\/\u00a0\u00bb button_text=\u00a0\u00bbAnti-Insect DEET\u00a0\u00bb button_alignment=\u00a0\u00bbcenter\u00a0\u00bb _builder_version=\u00a0\u00bb3.19.6&Prime; background_layout=\u00a0\u00bbdark\u00a0\u00bb][\/et_pb_button][\/et_pb_column][et_pb_column type=\u00a0\u00bb1_3&Prime; _builder_version=\u00a0\u00bb3.25&Prime; custom_padding=\u00a0\u00bb|||\u00a0\u00bb custom_padding__hover=\u00a0\u00bb|||\u00a0\u00bb][et_pb_image src=\u00a0\u00bbhttps:\/\/www.careplus.eu\/wp-content\/uploads\/2019\/03\/careplus-klamboe-single-box.jpg\u00a0\u00bb url=\u00a0\u00bbhttps:\/\/www.careplus.eu\/fr\/moustiques-et-tiques\/proteger\/moustiquaires\/\u00a0\u00bb align=\u00a0\u00bbcenter\u00a0\u00bb align_tablet=\u00a0\u00bbcenter\u00a0\u00bb align_phone=\u00a0\u00bb\u00a0\u00bb align_last_edited=\u00a0\u00bbon|desktop\u00a0\u00bb _builder_version=\u00a0\u00bb3.23&Prime;][\/et_pb_image][et_pb_button button_url=\u00a0\u00bbhttps:\/\/www.careplus.eu\/fr\/moustiques-et-tiques\/proteger\/moustiquaires\/\u00a0\u00bb button_text=\u00a0\u00bbMoustiquaire\u00a0\u00bb button_alignment=\u00a0\u00bbcenter\u00a0\u00bb _builder_version=\u00a0\u00bb3.19.6&Prime; background_layout=\u00a0\u00bbdark\u00a0\u00bb][\/et_pb_button][\/et_pb_column][et_pb_column type=\u00a0\u00bb1_3&Prime; _builder_version=\u00a0\u00bb3.25&Prime; custom_padding=\u00a0\u00bb|||\u00a0\u00bb custom_padding__hover=\u00a0\u00bb|||\u00a0\u00bb][et_pb_image src=\u00a0\u00bbhttps:\/\/www.careplus.eu\/wp-content\/uploads\/2019\/03\/care-plus-headnet.jpg\u00a0\u00bb align=\u00a0\u00bbcenter\u00a0\u00bb align_tablet=\u00a0\u00bbcenter\u00a0\u00bb align_phone=\u00a0\u00bb\u00a0\u00bb align_last_edited=\u00a0\u00bbon|desktop\u00a0\u00bb _builder_version=\u00a0\u00bb3.23&Prime;][\/et_pb_image][et_pb_button button_url=\u00a0\u00bbhttps:\/\/www.careplus.eu\/fr\/moustiques-et-tiques\/proteger\/filet-protecteur-pour-la-tete\/\u00a0\u00bb button_text=\u00a0\u00bbFilets de protection pour la t\u00eate\u00a0\u00bb button_alignment=\u00a0\u00bbcenter\u00a0\u00bb _builder_version=\u00a0\u00bb3.19.6&Prime; background_layout=\u00a0\u00bbdark\u00a0\u00bb][\/et_pb_button][\/et_pb_column][\/et_pb_row][\/et_pb_section][et_pb_section fb_built=\u00a0\u00bb1&Prime; _builder_version=\u00a0\u00bb3.22&Prime;][et_pb_row _builder_version=\u00a0\u00bb3.25&Prime; background_size=\u00a0\u00bbinitial\u00a0\u00bb background_position=\u00a0\u00bbtop_left\u00a0\u00bb background_repeat=\u00a0\u00bbrepeat\u00a0\u00bb][et_pb_column type=\u00a0\u00bb4_4&Prime; _builder_version=\u00a0\u00bb3.25&Prime; custom_padding=\u00a0\u00bb|||\u00a0\u00bb custom_padding__hover=\u00a0\u00bb|||\u00a0\u00bb][et_pb_text admin_label=\u00a0\u00bbChikungunya in Nederland\u00a0\u00bb _builder_version=\u00a0\u00bb3.27.4&Prime; header_2_font=\u00a0\u00bb|800|||||||\u00a0\u00bb header_2_font_size=\u00a0\u00bb30px\u00a0\u00bb]<\/p>\n<h3><strong>A quelle fr\u00e9quence le chikungunya s\u00e9vit-il aux France ?<\/strong><\/h3>\n<p>Le virus du Chikungunya est pr\u00e9sent en Afrique, en Asie, en Am\u00e9rique Centrale et du Sud, dans la partie australe de l\u2019Am\u00e9rique du Nord, dans la r\u00e9gion des Cara\u00efbes et dans les pays dans et autour de l\u2019Oc\u00e9an Indien. En Europe, certains cas locaux de contaminations par le virus du Chikungunya ont \u00e9t\u00e9 observ\u00e9s en Italie (en 2007 et 2017) et en France (Sud) (2011 et 2017).<br \/>\n[\/et_pb_text][\/et_pb_column][\/et_pb_row][\/et_pb_section]<\/p>\n","protected":false},"excerpt":{"rendered":"<p>Chikungunya Chikungunya est une maladie infectieuse caus\u00e9e par un virus. Ce virus s\u00e9vit dans les zones (sub)tropicales et se transmet par des moustiques qui mordent le jour. Les sympt\u00f4mes associ\u00e9s \u00e0 cette maladie peuvent \u00eatre l\u00e9gers ou graves. La plupart du temps, il s\u2019agit d\u2019une morsure d\u2019un moustique de la fi\u00e8vre jaune (Aedes aegypti) ou [&hellip;]<\/p>\n","protected":false},"author":37,"featured_media":0,"parent":5871,"menu_order":0,"comment_status":"closed","ping_status":"closed","template":"","meta":{"_acf_changed":false,"_et_pb_use_builder":"on","_et_pb_old_content":"","_et_gb_content_width":"","footnotes":""},"class_list":["post-7628","page","type-page","status-publish","hentry"],"acf":[],"_links":{"self":[{"href":"https:\/\/www.careplus.eu\/fr\/wp-json\/wp\/v2\/pages\/7628","targetHints":{"allow":["GET"]}}],"collection":[{"href":"https:\/\/www.careplus.eu\/fr\/wp-json\/wp\/v2\/pages"}],"about":[{"href":"https:\/\/www.careplus.eu\/fr\/wp-json\/wp\/v2\/types\/page"}],"author":[{"embeddable":true,"href":"https:\/\/www.careplus.eu\/fr\/wp-json\/wp\/v2\/users\/37"}],"replies":[{"embeddable":true,"href":"https:\/\/www.careplus.eu\/fr\/wp-json\/wp\/v2\/comments?post=7628"}],"version-history":[{"count":0,"href":"https:\/\/www.careplus.eu\/fr\/wp-json\/wp\/v2\/pages\/7628\/revisions"}],"up":[{"embeddable":true,"href":"https:\/\/www.careplus.eu\/fr\/wp-json\/wp\/v2\/pages\/5871"}],"wp:attachment":[{"href":"https:\/\/www.careplus.eu\/fr\/wp-json\/wp\/v2\/media?parent=7628"}],"curies":[{"name":"wp","href":"https:\/\/api.w.org\/{rel}","templated":true}]}}