


{"id":5885,"date":"2019-03-22T09:38:12","date_gmt":"2019-03-22T08:38:12","guid":{"rendered":"https:\/\/www.careplus.eu\/premiers-secours-en-voyage\/ampoules\/"},"modified":"2023-08-15T16:32:25","modified_gmt":"2023-08-15T14:32:25","slug":"ampoules","status":"publish","type":"page","link":"https:\/\/www.careplus.eu\/fr\/premiers-secours-en-voyage\/ampoules\/","title":{"rendered":"Ampoules"},"content":{"rendered":"<p>[et_pb_section fb_built=\u00a0\u00bb1&Prime; fullwidth=\u00a0\u00bbon\u00a0\u00bb _builder_version=\u00a0\u00bb4.21.0&Prime; background_image=\u00a0\u00bbhttps:\/\/www.careplus.eu\/wp-content\/uploads\/2023\/06\/blaren.jpg\u00a0\u00bb bottom_divider_style=\u00a0\u00bbcurve\u00a0\u00bb bottom_divider_color=\u00a0\u00bb#ffffff\u00a0\u00bb bottom_divider_height=\u00a0\u00bb40px\u00a0\u00bb bottom_divider_height_tablet=\u00a0\u00bb40px\u00a0\u00bb bottom_divider_height_phone=\u00a0\u00bb20px\u00a0\u00bb bottom_divider_height_last_edited=\u00a0\u00bbon|phone\u00a0\u00bb global_colors_info=\u00a0\u00bb{}\u00a0\u00bb][et_pb_fullwidth_slider show_arrows=\u00a0\u00bboff\u00a0\u00bb show_pagination=\u00a0\u00bboff\u00a0\u00bb _builder_version=\u00a0\u00bb4.21.0&Prime; global_colors_info=\u00a0\u00bb{}\u00a0\u00bb][et_pb_slide heading=\u00a0\u00bbAmpoules\u00a0\u00bb use_bg_overlay=\u00a0\u00bboff\u00a0\u00bb use_text_overlay=\u00a0\u00bboff\u00a0\u00bb _builder_version=\u00a0\u00bb4.21.0&Prime; header_level=\u00a0\u00bbh1&Prime; header_font=\u00a0\u00bb|800|||||||\u00a0\u00bb header_font_size=\u00a0\u00bb36&Prime; background_color=\u00a0\u00bbRGBA(255,255,255,0)\u00a0\u00bb background_enable_color=\u00a0\u00bbon\u00a0\u00bb background_enable_image=\u00a0\u00bboff\u00a0\u00bb button_on_hover=\u00a0\u00bbon\u00a0\u00bb custom_padding=\u00a0\u00bb15%||15%||false|false\u00a0\u00bb custom_padding_tablet=\u00a0\u00bb30%||30%|\u00a0\u00bb custom_padding_phone=\u00a0\u00bb30%||30%|\u00a0\u00bb custom_padding_last_edited=\u00a0\u00bbon|desktop\u00a0\u00bb header_font_size_tablet=\u00a0\u00bb30&Prime; header_font_size_phone=\u00a0\u00bb30&Prime; header_font_size_last_edited=\u00a0\u00bbon|phone\u00a0\u00bb header_text_shadow_style=\u00a0\u00bbpreset3&Prime; header_text_shadow_blur_strength=\u00a0\u00bb0.5em\u00a0\u00bb header_text_shadow_color=\u00a0\u00bbrgba(0,0,0,0.6)\u00a0\u00bb global_colors_info=\u00a0\u00bb{}\u00a0\u00bb sticky_transition=\u00a0\u00bbon\u00a0\u00bb][\/et_pb_slide][\/et_pb_fullwidth_slider][\/et_pb_section][et_pb_section fb_built=\u00a0\u00bb1&Prime; admin_label=\u00a0\u00bbProduct Listing\u00a0\u00bb module_id=\u00a0\u00bbcp_pb_page_extra\u00a0\u00bb _builder_version=\u00a0\u00bb4.21.0&Prime; custom_margin=\u00a0\u00bb50px||||false|false\u00a0\u00bb custom_padding=\u00a0\u00bb0px||||false|false\u00a0\u00bb global_colors_info=\u00a0\u00bb{}\u00a0\u00bb][et_pb_row disabled_on=\u00a0\u00bboff|off|off\u00a0\u00bb _builder_version=\u00a0\u00bb4.21.0&Prime; background_size=\u00a0\u00bbinitial\u00a0\u00bb background_position=\u00a0\u00bbtop_left\u00a0\u00bb background_repeat=\u00a0\u00bbrepeat\u00a0\u00bb custom_margin=\u00a0\u00bb||||false|false\u00a0\u00bb global_module=\u00a0\u00bb18803&Prime; global_colors_info=\u00a0\u00bb{}\u00a0\u00bb][et_pb_column type=\u00a0\u00bb4_4&Prime; _builder_version=\u00a0\u00bb4.16&Prime; custom_padding=\u00a0\u00bb|||\u00a0\u00bb global_colors_info=\u00a0\u00bb{}\u00a0\u00bb custom_padding__hover=\u00a0\u00bb|||\u00a0\u00bb][et_pb_dmb_breadcrumbs _builder_version=\u00a0\u00bb4.16&Prime; body_font_size_tablet=\u00a0\u00bb51&Prime; body_line_height_tablet=\u00a0\u00bb2&Prime; separator_font_size_tablet=\u00a0\u00bb51&Prime; separator_line_height_tablet=\u00a0\u00bb2&Prime; link_font_size_tablet=\u00a0\u00bb51&Prime; link_line_height_tablet=\u00a0\u00bb2&Prime; linkhover_font_size_tablet=\u00a0\u00bb51&Prime; linkhover_line_height_tablet=\u00a0\u00bb2&Prime; global_colors_info=\u00a0\u00bb{}\u00a0\u00bb][\/et_pb_dmb_breadcrumbs][\/et_pb_column][\/et_pb_row][et_pb_row _builder_version=\u00a0\u00bb4.16&Prime; global_colors_info=\u00a0\u00bb{}\u00a0\u00bb][et_pb_column type=\u00a0\u00bb4_4&Prime; _builder_version=\u00a0\u00bb4.16&Prime; custom_padding=\u00a0\u00bb|||\u00a0\u00bb global_colors_info=\u00a0\u00bb{}\u00a0\u00bb custom_padding__hover=\u00a0\u00bb|||\u00a0\u00bb][et_pb_text admin_label=\u00a0\u00bbInleiding\u00a0\u00bb module_id=\u00a0\u00bbcp_pb_extra_content\u00a0\u00bb _builder_version=\u00a0\u00bb4.22.0&Prime; header_2_font=\u00a0\u00bb|800|||||||\u00a0\u00bb header_2_font_size=\u00a0\u00bb30px\u00a0\u00bb global_colors_info=\u00a0\u00bb{}\u00a0\u00bb]<\/p>\n<h2>Qu&rsquo;est-ce qu&rsquo;une ampoule ?<\/h2>\n<p><strong>Les ampoules sont source de douleur et d&rsquo;inconfort et peuvent g\u00e2cher une journ\u00e9e, une randonn\u00e9e ou un s\u00e9jour en ville. Les ampoules sont des cloques remplies de liquide qui se forment sur la couche externe de la peau. Elles peuvent appara\u00eetre sur diff\u00e9rentes parties du corps, comme les pieds, les mains ou d&rsquo;autres parties du corps qui subissent beaucoup de frottements. Il est important de traiter correctement une ampoule pour r\u00e9duire le risque d&rsquo;infection.<\/strong><\/p>\n<h3>Comment apparaissent les ampoules ?<\/h3>\n<p>Les ampoules sont caus\u00e9es par la friction, par exemple par le frottement d&rsquo;une chaussure ou d&rsquo;une chaussette sur la peau, ou par la chaleur, l&rsquo;humidit\u00e9 ou une combinaison de ces facteurs. L&rsquo;organisme cr\u00e9e l&rsquo;ampoule pour prot\u00e9ger la plaie d&rsquo;une friction ou d&rsquo;une pression suppl\u00e9mentaire. Lorsqu&rsquo;une pression ou une friction trop forte s\u2019effectue sur la peau, la couche sup\u00e9rieure est endommag\u00e9e et le liquide s&rsquo;accumule.[\/et_pb_text][\/et_pb_column][\/et_pb_row][et_pb_row _builder_version=\u00a0\u00bb4.16&Prime; background_size=\u00a0\u00bbinitial\u00a0\u00bb background_position=\u00a0\u00bbtop_left\u00a0\u00bb background_repeat=\u00a0\u00bbrepeat\u00a0\u00bb global_colors_info=\u00a0\u00bb{}\u00a0\u00bb][et_pb_column type=\u00a0\u00bb4_4&Prime; _builder_version=\u00a0\u00bb4.16&Prime; custom_padding=\u00a0\u00bb|||\u00a0\u00bb global_colors_info=\u00a0\u00bb{}\u00a0\u00bb custom_padding__hover=\u00a0\u00bb|||\u00a0\u00bb][et_pb_text admin_label=\u00a0\u00bbPr\u00e9vention des ampoules\u00a0\u00bb _builder_version=\u00a0\u00bb4.22.0&Prime; global_colors_info=\u00a0\u00bb{}\u00a0\u00bb]<\/p>\n<h3>Pr\u00e9vention des ampoules<\/h3>\n<p>La pr\u00e9vention des ampoules est la cl\u00e9 du confort. Vous pouvez r\u00e9duire consid\u00e9rablement le risque d&rsquo;ampoules gr\u00e2ce \u00e0 ces conseils simples :<\/p>\n<ul>\n<li><strong>Choisissez des chaussures appropri\u00e9es.<\/strong> Portez des chaussures bien ajust\u00e9es qui offrent un soutien et un amortissement ad\u00e9quats. \u00c9vitez les chaussures serr\u00e9es ou mal ajust\u00e9es qui peuvent provoquer des frictions et des points de pression.<\/li>\n<li><strong>Utilisez des chaussettes qui \u00e9vacuent l&rsquo;humidit\u00e9.<\/strong> Ce type de chaussettes aide vos pieds \u00e0 rester au sec en \u00e9vacuant la sueur et l&rsquo;humidit\u00e9. La peau humide est plus susceptible de d\u00e9velopper des ampoules. Le port de ce type de chaussettes peut donc r\u00e9duire le risque d&rsquo;ampoules.<\/li>\n<li><strong>Appliquez des lubrifiants ou des poudres.<\/strong> Pour r\u00e9duire les frottements, vous pouvez appliquer une fine couche de lubrifiant, comme de la vaseline ou des produits anti-ampoules, sur les zones sujettes aux ampoules. Vous pouvez \u00e9galement utiliser du talc ou des poudres anti-friction pour garder votre peau s\u00e8che et \u00e9viter l&rsquo;exc\u00e8s d&rsquo;humidit\u00e9.<\/li>\n<li><strong>Utilisez un pansement anti-ampoules.<\/strong> \u00c0 l&rsquo;endroit o\u00f9 vous \u00eates le plus susceptible d&rsquo;avoir une ampoule, par exemple sur vos talons, vous pouvez coller un pansement anti-ampoules \u00e0 titre pr\u00e9ventif. Cela permet d&rsquo;amortir les frottements.<\/li>\n<\/ul>\n<p>[\/et_pb_text][\/et_pb_column][\/et_pb_row][et_pb_row _builder_version=\u00a0\u00bb4.16&Prime; background_size=\u00a0\u00bbinitial\u00a0\u00bb background_position=\u00a0\u00bbtop_left\u00a0\u00bb background_repeat=\u00a0\u00bbrepeat\u00a0\u00bb global_colors_info=\u00a0\u00bb{}\u00a0\u00bb][et_pb_column type=\u00a0\u00bb4_4&Prime; _builder_version=\u00a0\u00bb4.16&Prime; custom_padding=\u00a0\u00bb|||\u00a0\u00bb global_colors_info=\u00a0\u00bb{}\u00a0\u00bb custom_padding__hover=\u00a0\u00bb|||\u00a0\u00bb][et_pb_text admin_label=\u00a0\u00bbTraiter les ampoules\u00a0\u00bb _builder_version=\u00a0\u00bb4.22.0&Prime; hover_enabled=\u00a0\u00bb0&Prime; global_colors_info=\u00a0\u00bb{}\u00a0\u00bb sticky_enabled=\u00a0\u00bb0&Prime;]<\/p>\n<h3>Traiter les ampoules<\/h3>\n<p>Vous avez d\u00e9velopp\u00e9 une ampoule malgr\u00e9 les mesures pr\u00e9ventives ? Il est alors important de la traiter correctement pour r\u00e9duire le risque d&rsquo;infection. Une ampoule peut \u00e9clater si la pression ou la friction n&rsquo;est pas soulag\u00e9e. Vous avez alors une plaie ouverte qui peut facilement s&rsquo;infecter. Vous pouvez y rem\u00e9dier en appliquant un pansement ad\u00e9quat sur l&rsquo;ampoule. Nos pansements pour ampoules <a href=\"https:\/\/www.careplus.eu\/fr\/premiers-secours-en-voyage\/ampoules\/traiter\/pansements-pour-ampoules\/\">Care Plus\u00ae Blister Plasters<\/a> sont disponibles en Duo Pack et Ultimate.[\/et_pb_text][\/et_pb_column][\/et_pb_row][\/et_pb_section]<\/p>\n","protected":false},"excerpt":{"rendered":"<p>Qu&rsquo;est-ce qu&rsquo;une ampoule ? Les ampoules sont source de douleur et d&rsquo;inconfort et peuvent g\u00e2cher une journ\u00e9e, une randonn\u00e9e ou un s\u00e9jour en ville. Les ampoules sont des cloques remplies de liquide qui se forment sur la couche externe de la peau. Elles peuvent appara\u00eetre sur diff\u00e9rentes parties du corps, comme les pieds, les mains [&hellip;]<\/p>\n","protected":false},"author":37,"featured_media":0,"parent":5364,"menu_order":0,"comment_status":"closed","ping_status":"closed","template":"","meta":{"_acf_changed":false,"_et_pb_use_builder":"on","_et_pb_old_content":"","_et_gb_content_width":"","footnotes":""},"class_list":["post-5885","page","type-page","status-publish","hentry"],"acf":[],"_links":{"self":[{"href":"https:\/\/www.careplus.eu\/fr\/wp-json\/wp\/v2\/pages\/5885","targetHints":{"allow":["GET"]}}],"collection":[{"href":"https:\/\/www.careplus.eu\/fr\/wp-json\/wp\/v2\/pages"}],"about":[{"href":"https:\/\/www.careplus.eu\/fr\/wp-json\/wp\/v2\/types\/page"}],"author":[{"embeddable":true,"href":"https:\/\/www.careplus.eu\/fr\/wp-json\/wp\/v2\/users\/37"}],"replies":[{"embeddable":true,"href":"https:\/\/www.careplus.eu\/fr\/wp-json\/wp\/v2\/comments?post=5885"}],"version-history":[{"count":0,"href":"https:\/\/www.careplus.eu\/fr\/wp-json\/wp\/v2\/pages\/5885\/revisions"}],"up":[{"embeddable":true,"href":"https:\/\/www.careplus.eu\/fr\/wp-json\/wp\/v2\/pages\/5364"}],"wp:attachment":[{"href":"https:\/\/www.careplus.eu\/fr\/wp-json\/wp\/v2\/media?parent=5885"}],"curies":[{"name":"wp","href":"https:\/\/api.w.org\/{rel}","templated":true}]}}