


{"id":5789,"date":"2019-03-21T12:08:46","date_gmt":"2019-03-21T11:08:46","guid":{"rendered":"https:\/\/www.careplus.eu\/traiter\/"},"modified":"2024-09-17T09:31:24","modified_gmt":"2024-09-17T08:31:24","slug":"traiter","status":"publish","type":"page","link":"https:\/\/www.careplus.eu\/fr\/premiers-secours-en-voyage\/ampoules\/traiter\/","title":{"rendered":"Traiter"},"content":{"rendered":"<p>[et_pb_section bb_built=\u00a0\u00bb1&Prime; fullwidth=\u00a0\u00bbon\u00a0\u00bb _builder_version=\u00a0\u00bb4.16&Prime; bottom_divider_style=\u00a0\u00bbcurve\u00a0\u00bb bottom_divider_color=\u00a0\u00bb#ffffff\u00a0\u00bb bottom_divider_height=\u00a0\u00bb40px\u00a0\u00bb global_colors_info=\u00a0\u00bb{}\u00a0\u00bb next_background_color=\u00a0\u00bb#000000&Prime;][et_pb_fullwidth_slider show_arrows=\u00a0\u00bboff\u00a0\u00bb show_pagination=\u00a0\u00bboff\u00a0\u00bb _builder_version=\u00a0\u00bb4.16&Prime; global_colors_info=\u00a0\u00bb{}\u00a0\u00bb][et_pb_slide heading=\u00a0\u00bbTraiter\u00a0\u00bb use_bg_overlay=\u00a0\u00bboff\u00a0\u00bb use_text_overlay=\u00a0\u00bboff\u00a0\u00bb _builder_version=\u00a0\u00bb4.16&Prime; header_level=\u00a0\u00bbh1&Prime; header_font=\u00a0\u00bb|800|||||||\u00a0\u00bb header_font_size=\u00a0\u00bb36&Prime; background_color=\u00a0\u00bb#0b6a30&Prime; background_image=\u00a0\u00bbhttps:\/\/www.careplus.eu\/wp-content\/uploads\/2019\/03\/care-plus-blaren-behandelen.jpg\u00a0\u00bb button_on_hover=\u00a0\u00bbon\u00a0\u00bb custom_padding=\u00a0\u00bb18%||18%|\u00a0\u00bb custom_padding_tablet=\u00a0\u00bb30%||30%|\u00a0\u00bb custom_padding_phone=\u00a0\u00bb30%||30%|\u00a0\u00bb custom_padding_last_edited=\u00a0\u00bbon|desktop\u00a0\u00bb header_font_size_tablet=\u00a0\u00bb30&Prime; header_font_size_phone=\u00a0\u00bb30&Prime; header_font_size_last_edited=\u00a0\u00bbon|phone\u00a0\u00bb global_colors_info=\u00a0\u00bb{}\u00a0\u00bb sticky_transition=\u00a0\u00bbon\u00a0\u00bb][\/et_pb_slide][\/et_pb_fullwidth_slider][\/et_pb_section][et_pb_section bb_built=\u00a0\u00bb1&Prime; _builder_version=\u00a0\u00bb4.16&Prime; global_colors_info=\u00a0\u00bb{}\u00a0\u00bb prev_background_color=\u00a0\u00bb#000000&Prime; next_background_color=\u00a0\u00bb#000000&Prime;][et_pb_row _builder_version=\u00a0\u00bb4.16&Prime; background_size=\u00a0\u00bbinitial\u00a0\u00bb background_position=\u00a0\u00bbtop_left\u00a0\u00bb background_repeat=\u00a0\u00bbrepeat\u00a0\u00bb global_colors_info=\u00a0\u00bb{}\u00a0\u00bb][et_pb_column type=\u00a0\u00bb4_4&Prime; _builder_version=\u00a0\u00bb4.16&Prime; custom_padding=\u00a0\u00bb|||\u00a0\u00bb global_colors_info=\u00a0\u00bb{}\u00a0\u00bb custom_padding__hover=\u00a0\u00bb|||\u00a0\u00bb][et_pb_dmb_breadcrumbs _builder_version=\u00a0\u00bb4.16&Prime; body_font_size_tablet=\u00a0\u00bb51&Prime; body_line_height_tablet=\u00a0\u00bb2&Prime; separator_font_size_tablet=\u00a0\u00bb51&Prime; separator_line_height_tablet=\u00a0\u00bb2&Prime; link_font_size_tablet=\u00a0\u00bb51&Prime; link_line_height_tablet=\u00a0\u00bb2&Prime; linkhover_font_size_tablet=\u00a0\u00bb51&Prime; linkhover_line_height_tablet=\u00a0\u00bb2&Prime; global_colors_info=\u00a0\u00bb{}\u00a0\u00bb \/][et_pb_text admin_label=\u00a0\u00bbBlaren behandelen\u00a0\u00bb _builder_version=\u00a0\u00bb4.22.0&Prime; header_2_font=\u00a0\u00bb|800|||||||\u00a0\u00bb global_colors_info=\u00a0\u00bb{}\u00a0\u00bb]<\/p>\n<h3>Traiter les ampoules<\/h3>\n<p>Les ampoules peuvent causer un inconfort consid\u00e9rable et parfois m\u00eame \u00eatre tr\u00e8s douloureuses. En fonction de l\u2019endroit et de la taille de l\u2019ampoule, vous pouvez d\u00e9terminer comment la traiter de mani\u00e8re efficace. Il est pr\u00e9f\u00e9rable de laisser les petites ampoules qui ne sont pas tr\u00e8s douloureuses gu\u00e9rir d\u2019elles-m\u00eames avec un peu de temps et de repos. Piquer les ampoules m\u00e8ne plus souvent \u00e0 une infection et des complications inutiles. Ceci n\u2019est donc pas recommand\u00e9. <\/p>\n<h3>Conseils pour traiter une ampoule<\/h3>\n<p>L\u2019ampoule au pied est fr\u00e9quente lors des grandes manifestations sportives et des randonn\u00e9es. Dans ce cas, l&rsquo;ampoule peut s&rsquo;infecter. L&rsquo;ampoule devient alors rouge et du pus se d\u00e9veloppe. C&rsquo;est pourquoi il est si important de d\u00e9sinfecter et de traiter correctement une ampoule. Vous pouvez le faire en gardant la zone autour de l&rsquo;ampoule propre et en collant un pansement sur l&rsquo;ampoule.<\/p>\n<p>Il est important de mettre des chaussettes s\u00e8ches apr\u00e8s le traitement et, si possible, de mettre un peu de talc dans vos chaussures. Essayez \u00e9galement de marcher le plus normalement possible. On peut avoir tendance \u00e0 vouloir soulager l&rsquo;endroit, mais cela peut provoquer des sympt\u00f4mes au niveau des muscles et des articulations.<\/p>\n<p>Une ampoule infect\u00e9e peut tr\u00e8s occasionnellement entra\u00eener une inflammation des canaux lymphatiques et des ganglions lymphatiques r\u00e9gionaux (dans la r\u00e9gion de l&rsquo;aine). Heureusement, cela est rare, mais si vous voyez une tra\u00een\u00e9e rouge remonter de l&rsquo;ampoule vers la peau ou si vous ressentez une douleur et\/ou un gonflement des ganglions lymphatiques au niveau de l&rsquo;aine ou des aisselles, contactez imm\u00e9diatement votre m\u00e9decin g\u00e9n\u00e9raliste.<\/p>\n<h3>Soulager la douleur avec les pansements pour ampoules<\/h3>\n<p>Malgr\u00e9 les mesures pr\u00e9ventives, une ampoule peut toujours survenir. Les pansements pour ampoules sont alors tr\u00e8s utiles. Nos pansements pour ampoules Care Plus\u00ae Blister Plasters sont sp\u00e9cialement con\u00e7us pour soulager la douleur, fournir une barri\u00e8re protectrice et favoriser la cicatrisation. Nos pansements pour ampoules sont disponibles en Duo Pack et Ultimate. Le pansement ad\u00e9quat pour chaque ampoule.<\/p>\n<p>[\/et_pb_text][\/et_pb_column][\/et_pb_row][\/et_pb_section][et_pb_section bb_built=\u00a0\u00bb1&Prime; _builder_version=\u00a0\u00bb4.27.0&Prime; background_color=\u00a0\u00bb#ffffff\u00a0\u00bb global_colors_info=\u00a0\u00bb{}\u00a0\u00bb prev_background_color=\u00a0\u00bb#000000&Prime; background_pattern_color=\u00a0\u00bbrgba(0,0,0,0.2)\u00a0\u00bb background_mask_color=\u00a0\u00bb#ffffff\u00a0\u00bb box_shadow_horizontal_tablet=\u00a0\u00bb0px\u00a0\u00bb box_shadow_vertical_tablet=\u00a0\u00bb0px\u00a0\u00bb box_shadow_blur_tablet=\u00a0\u00bb40px\u00a0\u00bb box_shadow_spread_tablet=\u00a0\u00bb0px\u00a0\u00bb vertical_offset_tablet=\u00a0\u00bb0&Prime; horizontal_offset_tablet=\u00a0\u00bb0&Prime;][et_pb_row column_structure=\u00a0\u00bb1_3,1_3,1_3&Prime; _builder_version=\u00a0\u00bb4.16&Prime; background_size=\u00a0\u00bbinitial\u00a0\u00bb background_position=\u00a0\u00bbtop_left\u00a0\u00bb background_repeat=\u00a0\u00bbrepeat\u00a0\u00bb global_colors_info=\u00a0\u00bb{}\u00a0\u00bb][et_pb_column type=\u00a0\u00bb1_3&Prime; _builder_version=\u00a0\u00bb4.16&Prime; custom_padding=\u00a0\u00bb|||\u00a0\u00bb global_colors_info=\u00a0\u00bb{}\u00a0\u00bb custom_padding__hover=\u00a0\u00bb|||\u00a0\u00bb][et_pb_image src=\u00a0\u00bbhttps:\/\/www.careplus.eu\/wp-content\/uploads\/2020\/06\/care-plus-camphor-spray.jpg\u00a0\u00bb title_text=\u00a0\u00bbcare-plus-camphor-spray\u00a0\u00bb url=\u00a0\u00bbhttps:\/\/www.careplus.eu\/fr\/premiers-secours-en-voyage\/ampoules\/prevenir\/camphre\/\u00a0\u00bb align=\u00a0\u00bbcenter\u00a0\u00bb align_tablet=\u00a0\u00bbcenter\u00a0\u00bb align_last_edited=\u00a0\u00bbon|desktop\u00a0\u00bb _builder_version=\u00a0\u00bb4.16&Prime; border_radii=\u00a0\u00bbon|10px|10px|10px|10px\u00a0\u00bb global_colors_info=\u00a0\u00bb{}\u00a0\u00bb \/][et_pb_text _builder_version=\u00a0\u00bb4.22.0&Prime; _module_preset=\u00a0\u00bbdefault\u00a0\u00bb global_colors_info=\u00a0\u00bb{}\u00a0\u00bb]<\/p>\n<h3>Care Plus\u00ae Anti-Blister Spray<\/h3>\n<p>En pulv\u00e9risant quotidiennement vos pieds avec ce spray pour les pieds, vous assurez que votre peau devienne plus r\u00e9sistante, \u00e9vitant ainsi les ampoules. La pulv\u00e9risation rafra\u00eechit, revitalise et soulage les pieds fatigu\u00e9s.<\/p>\n<p>[\/et_pb_text][et_pb_text _builder_version=\u00a0\u00bb4.22.0&Prime; _module_preset=\u00a0\u00bbdefault\u00a0\u00bb hover_enabled=\u00a0\u00bb0&Prime; global_colors_info=\u00a0\u00bb{}\u00a0\u00bb text_font_size=\u00a0\u00bb10px\u00a0\u00bb sticky_enabled=\u00a0\u00bb0&Prime;]<\/p>\n<p>Care Plus Anti-Blister Spray est un dispositif m\u00e9dical. Avant utilisation, veuillez lire attentivement le mode d&#8217;emploi.<\/p>\n<p>[\/et_pb_text][et_pb_button button_url=\u00a0\u00bbhttps:\/\/www.careplus.eu\/fr\/premiers-secours-en-voyage\/ampoules\/prevenir\/camphre\/\u00a0\u00bb button_text=\u00a0\u00bbCamphre\u00a0\u00bb button_alignment=\u00a0\u00bbcenter\u00a0\u00bb _builder_version=\u00a0\u00bb4.16&Prime; background_layout=\u00a0\u00bbdark\u00a0\u00bb global_colors_info=\u00a0\u00bb{}\u00a0\u00bb \/][\/et_pb_column][et_pb_column type=\u00a0\u00bb1_3&Prime; _builder_version=\u00a0\u00bb4.16&Prime; custom_padding=\u00a0\u00bb|||\u00a0\u00bb global_colors_info=\u00a0\u00bb{}\u00a0\u00bb custom_padding__hover=\u00a0\u00bb|||\u00a0\u00bb][et_pb_image src=\u00a0\u00bbhttps:\/\/www.careplus.eu\/wp-content\/uploads\/2020\/07\/CP_FootPowder_Mockup-2.jpg\u00a0\u00bb title_text=\u00a0\u00bbCP_FootPowder_Mockup\u00a0\u00bb url=\u00a0\u00bbhttps:\/\/www.careplus.eu\/fr\/premiers-secours-en-voyage\/ampoules\/prevenir\/poudre-pour-les-pieds\/\u00a0\u00bb align=\u00a0\u00bbcenter\u00a0\u00bb align_tablet=\u00a0\u00bbcenter\u00a0\u00bb align_last_edited=\u00a0\u00bbon|desktop\u00a0\u00bb _builder_version=\u00a0\u00bb4.16&Prime; border_radii=\u00a0\u00bbon|10px|10px|10px|10px\u00a0\u00bb global_colors_info=\u00a0\u00bb{}\u00a0\u00bb \/][et_pb_text _builder_version=\u00a0\u00bb4.22.0&Prime; _module_preset=\u00a0\u00bbdefault\u00a0\u00bb global_colors_info=\u00a0\u00bb{}\u00a0\u00bb]<\/p>\n<h3>Care Plus\u00ae Foot Powder<\/h3>\n<p>Pr\u00e9venez les ampoules et les pieds \u00e9chauff\u00e9s avec Care Plus\u00ae Foot Powder. Cette poudre pour les pieds absorbe l&rsquo;humidit\u00e9, ass\u00e8che les pieds et contribue \u00e0 pr\u00e9venir les ampoules. Rafra\u00eechit et soulage vos pieds.<\/p>\n<p>[\/et_pb_text][et_pb_text _builder_version=\u00a0\u00bb4.22.0&Prime; _module_preset=\u00a0\u00bbdefault\u00a0\u00bb hover_enabled=\u00a0\u00bb0&Prime; global_colors_info=\u00a0\u00bb{}\u00a0\u00bb text_font_size=\u00a0\u00bb10px\u00a0\u00bb sticky_enabled=\u00a0\u00bb0&Prime;]<\/p>\n<p>La Poudre pour les Pieds Care Plus\u00ae est un dispositif m\u00e9dical. Avant utilisation, veuillez lire attentivement le mode d&#8217;emploi.<\/p>\n<p>[\/et_pb_text][et_pb_button button_url=\u00a0\u00bbhttps:\/\/www.careplus.eu\/fr\/premiers-secours-en-voyage\/ampoules\/prevenir\/poudre-pour-les-pieds\/\u00a0\u00bb button_text=\u00a0\u00bbPoudre pour les pieds\u00a0\u00bb button_alignment=\u00a0\u00bbcenter\u00a0\u00bb _builder_version=\u00a0\u00bb4.16&Prime; background_layout=\u00a0\u00bbdark\u00a0\u00bb global_colors_info=\u00a0\u00bb{}\u00a0\u00bb \/][\/et_pb_column][et_pb_column type=\u00a0\u00bb1_3&Prime; _builder_version=\u00a0\u00bb4.16&Prime; custom_padding=\u00a0\u00bb|||\u00a0\u00bb global_colors_info=\u00a0\u00bb{}\u00a0\u00bb custom_padding__hover=\u00a0\u00bb|||\u00a0\u00bb][et_pb_image src=\u00a0\u00bbhttps:\/\/www.careplus.eu\/wp-content\/uploads\/2025\/05\/Care-plus-Blarenpleisters_DuoPack.webp\u00a0\u00bb alt=\u00a0\u00bbDuo de pansements pour ampoules Care Plus\u00ae. Le meilleur pansement pour les ampoules.\u00a0\u00bb title_text=\u00a0\u00bbCare Plus\u00ae Blister Plasters\u00a0\u00bb url=\u00a0\u00bbhttps:\/\/www.careplus.eu\/fr\/premiers-secours-en-voyage\/ampoules\/traiter\/pansements-pour-ampoules\/\u00a0\u00bb align=\u00a0\u00bbcenter\u00a0\u00bb align_tablet=\u00a0\u00bbcenter\u00a0\u00bb align_last_edited=\u00a0\u00bbon|desktop\u00a0\u00bb _builder_version=\u00a0\u00bb4.21.0&Prime; border_radii=\u00a0\u00bbon|10px|10px|10px|10px\u00a0\u00bb global_colors_info=\u00a0\u00bb{}\u00a0\u00bb \/][et_pb_text _builder_version=\u00a0\u00bb4.22.0&Prime; _module_preset=\u00a0\u00bbdefault\u00a0\u00bb global_colors_info=\u00a0\u00bb{}\u00a0\u00bb]<\/p>\n<h3>Care Plus\u00ae Blister Plasters<\/h3>\n<p>Nos pansements pour ampoules soulagent la douleur et emp\u00eachent l&rsquo;eau, la salet\u00e9 et les contaminants de p\u00e9n\u00e9trer dans l&rsquo;ampoule. Les pansements sont fabriqu\u00e9s dans un mat\u00e9riau respirant et 100 % imperm\u00e9able.<\/p>\n<p>[\/et_pb_text][et_pb_text _builder_version=\u00a0\u00bb4.22.0&Prime; _module_preset=\u00a0\u00bbdefault\u00a0\u00bb text_font_size=\u00a0\u00bb10px\u00a0\u00bb hover_enabled=\u00a0\u00bb0&Prime; global_colors_info=\u00a0\u00bb{}\u00a0\u00bb sticky_enabled=\u00a0\u00bb0&Prime;]<\/p>\n<p>Care Plus\u00ae Blister Plasters Duo Pack est un dispositif m\u00e9dical. Veuillez lire le mode d&#8217;emploi avant de l&rsquo;utiliser.<\/p>\n<p>[\/et_pb_text][et_pb_button button_url=\u00a0\u00bbhttps:\/\/www.careplus.eu\/fr\/premiers-secours-en-voyage\/ampoules\/traiter\/pansements-pour-ampoules\/\u00a0\u00bb button_text=\u00a0\u00bbPansements pour ampoules\u00a0\u00bb button_alignment=\u00a0\u00bbcenter\u00a0\u00bb _builder_version=\u00a0\u00bb4.16&Prime; background_layout=\u00a0\u00bbdark\u00a0\u00bb global_colors_info=\u00a0\u00bb{}\u00a0\u00bb \/][\/et_pb_column][\/et_pb_row][\/et_pb_section]<\/p>\n","protected":false},"excerpt":{"rendered":"<p>Les ampoules peuvent causer un inconfort consid\u00e9rable et parfois m\u00eame \u00eatre tr\u00e8s douloureuses. En fonction de l\u2019endroit et de la taille de l\u2019ampoule, vous pouvez d\u00e9terminer comment la traiter efficacement. Il est pr\u00e9f\u00e9rable de laisser les  petites ampoules qui ne sont pas tr\u00e8s douloureuses gu\u00e9rir d\u2019elles-m\u00eames avec un peu de temps et du repos. Les ampoules plus grandes et douloureuses sont parfaitement traitables. <\/p>\n","protected":false},"author":37,"featured_media":0,"parent":5885,"menu_order":0,"comment_status":"closed","ping_status":"closed","template":"","meta":{"_acf_changed":false,"_et_pb_use_builder":"on","_et_pb_old_content":"","_et_gb_content_width":"","footnotes":""},"class_list":["post-5789","page","type-page","status-publish","hentry"],"acf":[],"_links":{"self":[{"href":"https:\/\/www.careplus.eu\/fr\/wp-json\/wp\/v2\/pages\/5789","targetHints":{"allow":["GET"]}}],"collection":[{"href":"https:\/\/www.careplus.eu\/fr\/wp-json\/wp\/v2\/pages"}],"about":[{"href":"https:\/\/www.careplus.eu\/fr\/wp-json\/wp\/v2\/types\/page"}],"author":[{"embeddable":true,"href":"https:\/\/www.careplus.eu\/fr\/wp-json\/wp\/v2\/users\/37"}],"replies":[{"embeddable":true,"href":"https:\/\/www.careplus.eu\/fr\/wp-json\/wp\/v2\/comments?post=5789"}],"version-history":[{"count":0,"href":"https:\/\/www.careplus.eu\/fr\/wp-json\/wp\/v2\/pages\/5789\/revisions"}],"up":[{"embeddable":true,"href":"https:\/\/www.careplus.eu\/fr\/wp-json\/wp\/v2\/pages\/5885"}],"wp:attachment":[{"href":"https:\/\/www.careplus.eu\/fr\/wp-json\/wp\/v2\/media?parent=5789"}],"curies":[{"name":"wp","href":"https:\/\/api.w.org\/{rel}","templated":true}]}}