


{"id":5777,"date":"2019-03-21T09:40:06","date_gmt":"2019-03-21T08:40:06","guid":{"rendered":"https:\/\/www.careplus.eu\/dengue\/"},"modified":"2021-05-08T08:23:54","modified_gmt":"2021-05-08T06:23:54","slug":"dengue","status":"publish","type":"page","link":"https:\/\/www.careplus.eu\/fr\/astuces-et-conseils-pour-voyager-en-toute-securite\/protection-contre-les-maladies-tropicales\/dengue\/","title":{"rendered":"Dengue"},"content":{"rendered":"<p>[et_pb_section fb_built=\u00a0\u00bb1&Prime; fullwidth=\u00a0\u00bbon\u00a0\u00bb _builder_version=\u00a0\u00bb3.22&Prime; bottom_divider_style=\u00a0\u00bbcurve\u00a0\u00bb bottom_divider_color=\u00a0\u00bb#ffffff\u00a0\u00bb bottom_divider_height=\u00a0\u00bb40px\u00a0\u00bb][et_pb_fullwidth_slider show_arrows=\u00a0\u00bboff\u00a0\u00bb show_pagination=\u00a0\u00bboff\u00a0\u00bb _builder_version=\u00a0\u00bb4.9.4&Prime; header_level=\u00a0\u00bbh1&Prime; custom_padding=\u00a0\u00bb22%||10%|\u00a0\u00bb][et_pb_slide heading=\u00a0\u00bbDengue\u00a0\u00bb use_bg_overlay=\u00a0\u00bboff\u00a0\u00bb use_text_overlay=\u00a0\u00bboff\u00a0\u00bb _builder_version=\u00a0\u00bb3.19.6&Prime; header_font=\u00a0\u00bb|800|||||||\u00a0\u00bb header_text_align=\u00a0\u00bbcenter\u00a0\u00bb header_font_size=\u00a0\u00bb36&Prime; background_color=\u00a0\u00bb#0b6a30&Prime; background_image=\u00a0\u00bbhttps:\/\/www.careplus.eu\/wp-content\/uploads\/2019\/03\/dengue-fever.jpg\u00a0\u00bb button_on_hover=\u00a0\u00bbon\u00a0\u00bb custom_padding=\u00a0\u00bb15%||15%|\u00a0\u00bb custom_padding_tablet=\u00a0\u00bb||20%|\u00a0\u00bb custom_padding_phone=\u00a0\u00bb30%||30%|\u00a0\u00bb custom_padding_last_edited=\u00a0\u00bbon|desktop\u00a0\u00bb header_font_size_tablet=\u00a0\u00bb30&Prime; header_font_size_phone=\u00a0\u00bb30&Prime; header_font_size_last_edited=\u00a0\u00bbon|tablet\u00a0\u00bb header_text_shadow_style=\u00a0\u00bbpreset3&Prime; header_text_shadow_blur_strength=\u00a0\u00bb0.5em\u00a0\u00bb header_text_shadow_color=\u00a0\u00bbrgba(0,0,0,0.6)\u00a0\u00bb sticky_transition=\u00a0\u00bbon\u00a0\u00bb][\/et_pb_slide][\/et_pb_fullwidth_slider][\/et_pb_section][et_pb_section fb_built=\u00a0\u00bb1&Prime; _builder_version=\u00a0\u00bb3.22&Prime;][et_pb_row _builder_version=\u00a0\u00bb3.25&Prime; background_size=\u00a0\u00bbinitial\u00a0\u00bb background_position=\u00a0\u00bbtop_left\u00a0\u00bb background_repeat=\u00a0\u00bbrepeat\u00a0\u00bb][et_pb_column type=\u00a0\u00bb4_4&Prime; _builder_version=\u00a0\u00bb3.25&Prime; custom_padding=\u00a0\u00bb|||\u00a0\u00bb custom_padding__hover=\u00a0\u00bb|||\u00a0\u00bb][et_pb_dmb_breadcrumbs _builder_version=\u00a0\u00bb3.19.6&Prime; body_font_size_tablet=\u00a0\u00bb51&Prime; body_line_height_tablet=\u00a0\u00bb2&Prime; separator_font_size_tablet=\u00a0\u00bb51&Prime; separator_line_height_tablet=\u00a0\u00bb2&Prime; link_font_size_tablet=\u00a0\u00bb51&Prime; link_line_height_tablet=\u00a0\u00bb2&Prime; linkhover_font_size_tablet=\u00a0\u00bb51&Prime; linkhover_line_height_tablet=\u00a0\u00bb2&Prime;][\/et_pb_dmb_breadcrumbs][et_pb_text admin_label=\u00a0\u00bbDengue\u00a0\u00bb _builder_version=\u00a0\u00bb3.27.4&Prime; header_2_font=\u00a0\u00bb|800|||||||\u00a0\u00bb header_2_font_size=\u00a0\u00bb30px\u00a0\u00bb header_font_size_tablet=\u00a0\u00bb24px\u00a0\u00bb header_font_size_phone=\u00a0\u00bb\u00a0\u00bb header_font_size_last_edited=\u00a0\u00bbon|tablet\u00a0\u00bb]<\/p>\n<h2>Dengue<\/h2>\n<p><strong>La Dengue, \u00e9galement appel\u00e9e fi\u00e8vre jaune est une maladie infectieuse virale. Le virus est pr\u00e9sent dans les r\u00e9gions (sub)tropicales et se transmet par les moustiques. La Dengue touche souvent les personnes ayant visit\u00e9 des pays o\u00f9 s\u00e9vit la maladie.<\/strong><\/p>\n<p>[\/et_pb_text][et_pb_image src=\u00a0\u00bbhttps:\/\/www.careplus.eu\/wp-content\/uploads\/2019\/02\/Wereldkaart-tropische-ziekten-dengue.jpg\u00a0\u00bb align_tablet=\u00a0\u00bbcenter\u00a0\u00bb align_phone=\u00a0\u00bb\u00a0\u00bb align_last_edited=\u00a0\u00bbon|desktop\u00a0\u00bb admin_label=\u00a0\u00bbkaart\u00a0\u00bb _builder_version=\u00a0\u00bb3.23&Prime;][\/et_pb_image][et_pb_text admin_label=\u00a0\u00bbbijschrift kaart\u00a0\u00bb _builder_version=\u00a0\u00bb3.27.4&Prime; text_font_size=\u00a0\u00bb12px\u00a0\u00bb]<\/p>\n<p>L&rsquo;aper\u00e7u graphique de cette carte est bas\u00e9 sur des donn\u00e9es de 2017.<\/p>\n<p>[\/et_pb_text][et_pb_text admin_label=\u00a0\u00bbDengue\u00a0\u00bb _builder_version=\u00a0\u00bb3.27.4&Prime; header_2_font=\u00a0\u00bb|800|||||||\u00a0\u00bb header_2_font_size=\u00a0\u00bb30px\u00a0\u00bb]<\/p>\n<h3>Qu\u2019est-ce que la Dengue?<\/h3>\n<p>Le virus de la Dengue est celui qui est responsable de la fi\u00e8vre de la Dengue, \u00e9galement appel\u00e9e fi\u00e8vre tropicale, fi\u00e8vre h\u00e9morragique (DHF dengue hemorrhagic fever) et le syndrome choc de la Dengue (DSS Dengue shock syndrome). DHF et DSS sont deux formes s\u00e9v\u00e8res de la dengue. Le virus se transmet par les moustiques qui sont actifs et qui mordent pendant la journ\u00e9e.<\/p>\n<p>&nbsp;<\/p>\n<h3>Quels sont les sympt\u00f4mes de la dengue?<\/h3>\n<p>\nLa p\u00e9riode d\u2019incubation du virus de la dengue varie de 3 \u00e0 14 jours (le plus souvent de 4-7 jour), apr\u00e8s la morsure par un moustique infect\u00e9. La plupart des infections par le virus de la dengue sont asymptomatiques. Les infections par le virus de la dengue qui ne font pas parties de formes graves incluent les sympt\u00f4mes suivants:<\/p>\n<ul>\n<li>Une mont\u00e9e de fi\u00e8vre rapide (jusqu\u2019\u00e0 41 \u00b0C) avec des frissons<\/li>\n<li>Des maux de t\u00eate, plus pr\u00e9cis\u00e9ment derri\u00e8re les yeux<\/li>\n<li>Des douleurs musculaires et articulaires<\/li>\n<li>Des naus\u00e9es<\/li>\n<li>Des vomissements<\/li>\n<li>De la toux<\/li>\n<li>Des maux de gorge<\/li>\n<li>Un mal-\u00eatre g\u00e9n\u00e9ral<\/li>\n<\/ul>\n<p>Les formes les moins graves des infections par le virus de la dengue gu\u00e9rissent en quelques jours ou quelques semaines. Une petite partie des infections se d\u00e9veloppe en dengue s\u00e9v\u00e8re avec des complications telles que la fi\u00e8vre h\u00e9morragique (DHF) et le syndrome choc de la dengue (DSS). En l\u2019absence de traitement ad\u00e9quat, ces complications peuvent \u00eatre mortelles. De plus, une personne peut contracter la dengue plusieurs fois.<\/p>\n<p>&nbsp;<\/p>\n<h3>Protection contre la dengue<\/h3>\n<p>La contamination par le virus de la dengue peut survenir apr\u00e8s une morsure de moustique Aedes infect\u00e9, notamment le moustique de la fi\u00e8vre jaune (Aedes aegypti) et le moustique tigre asiatique (Aedes albopictus). Ces moustiques peuvent \u00e9galement transmettre le virus chikungunya et le virus Zika.<\/p>\n<p>[\/et_pb_text][\/et_pb_column][\/et_pb_row][\/et_pb_section][et_pb_section fb_built=\u00a0\u00bb1&Prime; _builder_version=\u00a0\u00bb3.22&Prime; background_color=\u00a0\u00bb#f4f4f4&Prime;][et_pb_row column_structure=\u00a0\u00bb1_3,1_3,1_3&Prime; _builder_version=\u00a0\u00bb3.25&Prime; custom_padding=\u00a0\u00bb|20px||20px\u00a0\u00bb][et_pb_column type=\u00a0\u00bb1_3&Prime; _builder_version=\u00a0\u00bb3.25&Prime; custom_padding=\u00a0\u00bb|||\u00a0\u00bb custom_padding__hover=\u00a0\u00bb|||\u00a0\u00bb][et_pb_image src=\u00a0\u00bbhttps:\/\/www.careplus.eu\/wp-content\/uploads\/2019\/03\/careplus-klamboe-single-box.jpg\u00a0\u00bb align=\u00a0\u00bbcenter\u00a0\u00bb align_tablet=\u00a0\u00bbcenter\u00a0\u00bb align_phone=\u00a0\u00bb\u00a0\u00bb align_last_edited=\u00a0\u00bbon|desktop\u00a0\u00bb _builder_version=\u00a0\u00bb3.23&Prime; border_radii=\u00a0\u00bbon|10px|10px|10px|10px\u00a0\u00bb][\/et_pb_image][et_pb_button button_url=\u00a0\u00bbhttps:\/\/www.careplus.eu\/fr\/moustiques-et-tiques\/proteger\/moustiquaires\/\u00a0\u00bb button_text=\u00a0\u00bbMoustiquaire de voyage\u00a0\u00bb button_alignment=\u00a0\u00bbcenter\u00a0\u00bb _builder_version=\u00a0\u00bb3.19.6&Prime; background_layout=\u00a0\u00bbdark\u00a0\u00bb][\/et_pb_button][\/et_pb_column][et_pb_column type=\u00a0\u00bb1_3&Prime; _builder_version=\u00a0\u00bb3.25&Prime; custom_padding=\u00a0\u00bb|||\u00a0\u00bb custom_padding__hover=\u00a0\u00bb|||\u00a0\u00bb][et_pb_image src=\u00a0\u00bbhttps:\/\/www.careplus.eu\/wp-content\/uploads\/2020\/06\/careplus-anti-insect-deet-60ml-tiny.jpg\u00a0\u00bb title_text=\u00a0\u00bbcareplus-anti-insect-deet-60ml-tiny\u00a0\u00bb url=\u00a0\u00bbhttps:\/\/www.careplus.eu\/fr\/moustiques-et-tiques\/proteger\/anti-insect-natural\/\u00a0\u00bb align=\u00a0\u00bbcenter\u00a0\u00bb align_tablet=\u00a0\u00bbcenter\u00a0\u00bb align_phone=\u00a0\u00bb\u00a0\u00bb align_last_edited=\u00a0\u00bbon|desktop\u00a0\u00bb _builder_version=\u00a0\u00bb4.4.8&Prime; border_radii=\u00a0\u00bbon|10px|10px|10px|10px\u00a0\u00bb][\/et_pb_image][et_pb_button button_url=\u00a0\u00bbhttps:\/\/www.careplus.eu\/fr\/moustiques-et-tiques\/proteger\/anti-insect-natural\/\u00a0\u00bb button_text=\u00a0\u00bbAnti-Insect Natural\u00a0\u00bb button_alignment=\u00a0\u00bbcenter\u00a0\u00bb _builder_version=\u00a0\u00bb3.19.6&Prime; background_layout=\u00a0\u00bbdark\u00a0\u00bb][\/et_pb_button][\/et_pb_column][et_pb_column type=\u00a0\u00bb1_3&Prime; _builder_version=\u00a0\u00bb3.25&Prime; custom_padding=\u00a0\u00bb|||\u00a0\u00bb custom_padding__hover=\u00a0\u00bb|||\u00a0\u00bb][et_pb_image src=\u00a0\u00bbhttps:\/\/www.careplus.eu\/wp-content\/uploads\/2019\/03\/hoofdnet-classic-1.jpg\u00a0\u00bb url=\u00a0\u00bbhttps:\/\/www.careplus.eu\/fr\/moustiques-et-tiques\/proteger\/filet-protecteur-pour-la-tete\/\u00a0\u00bb align=\u00a0\u00bbcenter\u00a0\u00bb align_tablet=\u00a0\u00bbcenter\u00a0\u00bb align_phone=\u00a0\u00bb\u00a0\u00bb align_last_edited=\u00a0\u00bbon|desktop\u00a0\u00bb _builder_version=\u00a0\u00bb3.23&Prime; border_radii=\u00a0\u00bbon|10px|10px|10px|10px\u00a0\u00bb][\/et_pb_image][et_pb_button button_url=\u00a0\u00bbhttps:\/\/www.careplus.eu\/fr\/moustiques-et-tiques\/proteger\/filet-protecteur-pour-la-tete\/\u00a0\u00bb button_text=\u00a0\u00bbFilets de protection pour la t\u00eate\u00a0\u00bb button_alignment=\u00a0\u00bbcenter\u00a0\u00bb _builder_version=\u00a0\u00bb3.19.6&Prime; background_layout=\u00a0\u00bbdark\u00a0\u00bb][\/et_pb_button][\/et_pb_column][\/et_pb_row][\/et_pb_section][et_pb_section fb_built=\u00a0\u00bb1&Prime; _builder_version=\u00a0\u00bb3.22&Prime;][et_pb_row _builder_version=\u00a0\u00bb3.25&Prime; background_size=\u00a0\u00bbinitial\u00a0\u00bb background_position=\u00a0\u00bbtop_left\u00a0\u00bb background_repeat=\u00a0\u00bbrepeat\u00a0\u00bb][et_pb_column type=\u00a0\u00bb4_4&Prime; _builder_version=\u00a0\u00bb3.25&Prime; custom_padding=\u00a0\u00bb|||\u00a0\u00bb custom_padding__hover=\u00a0\u00bb|||\u00a0\u00bb][et_pb_text admin_label=\u00a0\u00bbDengue\u00a0\u00bb _builder_version=\u00a0\u00bb3.27.4&Prime; header_2_font=\u00a0\u00bb|800|||||||\u00a0\u00bb header_2_font_size=\u00a0\u00bb30px\u00a0\u00bb]<\/p>\n<h3>Est-ce que la dengue s\u00e9vit en France?<\/h3>\n<p>La dengue est pr\u00e9sente notamment dans les r\u00e9gions (sub)tropicales telles que l\u2019Afrique, l\u2019Asie du Sud-Est, l\u2019Am\u00e9rique centrale et du Sud et la r\u00e9gion de cara\u00efbes. Le nombre d\u2019infections par le virus de la dengue est en forte progressions cette derni\u00e8re d\u00e9cennie. Selon les estimations ce sont pr\u00e8s de 90 millions d\u2019infections par le virus de la dengue avec apparition de sympt\u00f4mes \u00e0 travers le monde et 500 000 cas de dengue s\u00e9v\u00e8re, principalement chez les enfants.<\/p>\n<p>Aux France le dengue apparait uniquement en tant que maladie d\u2019importation. La progression mondiale de la dengue fait que les voyageurs courent plus de risques de revenir porteurs d\u2019une infection par le virus de la dengue.<\/p>\n<p>[\/et_pb_text][\/et_pb_column][\/et_pb_row][\/et_pb_section]<\/p>\n","protected":false},"excerpt":{"rendered":"<p>Dengue La Dengue, \u00e9galement appel\u00e9e fi\u00e8vre jaune est une maladie infectieuse virale. Le virus est pr\u00e9sent dans les r\u00e9gions (sub)tropicales et se transmet par les moustiques. La Dengue touche souvent les personnes ayant visit\u00e9 des pays o\u00f9 s\u00e9vit la maladie. L&rsquo;aper\u00e7u graphique de cette carte est bas\u00e9 sur des donn\u00e9es de 2017. Qu\u2019est-ce que la [&hellip;]<\/p>\n","protected":false},"author":37,"featured_media":0,"parent":5871,"menu_order":0,"comment_status":"closed","ping_status":"closed","template":"","meta":{"_acf_changed":false,"_et_pb_use_builder":"on","_et_pb_old_content":"","_et_gb_content_width":"","footnotes":""},"class_list":["post-5777","page","type-page","status-publish","hentry"],"acf":[],"_links":{"self":[{"href":"https:\/\/www.careplus.eu\/fr\/wp-json\/wp\/v2\/pages\/5777","targetHints":{"allow":["GET"]}}],"collection":[{"href":"https:\/\/www.careplus.eu\/fr\/wp-json\/wp\/v2\/pages"}],"about":[{"href":"https:\/\/www.careplus.eu\/fr\/wp-json\/wp\/v2\/types\/page"}],"author":[{"embeddable":true,"href":"https:\/\/www.careplus.eu\/fr\/wp-json\/wp\/v2\/users\/37"}],"replies":[{"embeddable":true,"href":"https:\/\/www.careplus.eu\/fr\/wp-json\/wp\/v2\/comments?post=5777"}],"version-history":[{"count":0,"href":"https:\/\/www.careplus.eu\/fr\/wp-json\/wp\/v2\/pages\/5777\/revisions"}],"up":[{"embeddable":true,"href":"https:\/\/www.careplus.eu\/fr\/wp-json\/wp\/v2\/pages\/5871"}],"wp:attachment":[{"href":"https:\/\/www.careplus.eu\/fr\/wp-json\/wp\/v2\/media?parent=5777"}],"curies":[{"name":"wp","href":"https:\/\/api.w.org\/{rel}","templated":true}]}}