


{"id":5746,"date":"2019-03-20T16:34:44","date_gmt":"2019-03-20T15:34:44","guid":{"rendered":"https:\/\/www.careplus.eu\/zika\/"},"modified":"2021-05-08T08:37:31","modified_gmt":"2021-05-08T06:37:31","slug":"Zika","status":"publish","type":"page","link":"https:\/\/www.careplus.eu\/fr\/astuces-et-conseils-pour-voyager-en-toute-securite\/protection-contre-les-maladies-tropicales\/Zika\/","title":{"rendered":"Zika"},"content":{"rendered":"<p>[et_pb_section fb_built=\u00a0\u00bb1&Prime; fullwidth=\u00a0\u00bbon\u00a0\u00bb _builder_version=\u00a0\u00bb3.22&Prime; bottom_divider_style=\u00a0\u00bbcurve\u00a0\u00bb bottom_divider_color=\u00a0\u00bb#ffffff\u00a0\u00bb bottom_divider_height=\u00a0\u00bb40px\u00a0\u00bb][et_pb_fullwidth_slider show_arrows=\u00a0\u00bboff\u00a0\u00bb show_pagination=\u00a0\u00bboff\u00a0\u00bb _builder_version=\u00a0\u00bb3.19.6&Prime; custom_padding=\u00a0\u00bb22%||10%|\u00a0\u00bb][et_pb_slide heading=\u00a0\u00bbZika\u00a0\u00bb use_bg_overlay=\u00a0\u00bboff\u00a0\u00bb use_text_overlay=\u00a0\u00bboff\u00a0\u00bb _builder_version=\u00a0\u00bb3.19.6&Prime; header_level=\u00a0\u00bbh1&Prime; header_font=\u00a0\u00bb|800|||||||\u00a0\u00bb header_text_align=\u00a0\u00bbcenter\u00a0\u00bb header_font_size=\u00a0\u00bb36&Prime; background_color=\u00a0\u00bb#0b6a30&Prime; background_image=\u00a0\u00bbhttps:\/\/www.careplus.eu\/wp-content\/uploads\/2019\/03\/Zika-virus.jpg\u00a0\u00bb button_on_hover=\u00a0\u00bbon\u00a0\u00bb custom_padding=\u00a0\u00bb15%||15%|\u00a0\u00bb custom_padding_tablet=\u00a0\u00bb15%||15%|\u00a0\u00bb custom_padding_phone=\u00a0\u00bb30%||30%|\u00a0\u00bb custom_padding_last_edited=\u00a0\u00bbon|phone\u00a0\u00bb header_font_size_tablet=\u00a0\u00bb30&Prime; header_font_size_phone=\u00a0\u00bb30&Prime; header_font_size_last_edited=\u00a0\u00bbon|tablet\u00a0\u00bb header_text_shadow_style=\u00a0\u00bbpreset3&Prime; header_text_shadow_blur_strength=\u00a0\u00bb0.5em\u00a0\u00bb header_text_shadow_color=\u00a0\u00bbrgba(0,0,0,0.6)\u00a0\u00bb sticky_transition=\u00a0\u00bbon\u00a0\u00bb][\/et_pb_slide][\/et_pb_fullwidth_slider][\/et_pb_section][et_pb_section fb_built=\u00a0\u00bb1&Prime; _builder_version=\u00a0\u00bb3.22&Prime;][et_pb_row _builder_version=\u00a0\u00bb3.25&Prime; background_size=\u00a0\u00bbinitial\u00a0\u00bb background_position=\u00a0\u00bbtop_left\u00a0\u00bb background_repeat=\u00a0\u00bbrepeat\u00a0\u00bb][et_pb_column type=\u00a0\u00bb4_4&Prime; _builder_version=\u00a0\u00bb3.25&Prime; custom_padding=\u00a0\u00bb|||\u00a0\u00bb custom_padding__hover=\u00a0\u00bb|||\u00a0\u00bb][et_pb_dmb_breadcrumbs _builder_version=\u00a0\u00bb3.19.6&Prime; body_font_size_tablet=\u00a0\u00bb51&Prime; body_line_height_tablet=\u00a0\u00bb2&Prime; separator_font_size_tablet=\u00a0\u00bb51&Prime; separator_line_height_tablet=\u00a0\u00bb2&Prime; link_font_size_tablet=\u00a0\u00bb51&Prime; link_line_height_tablet=\u00a0\u00bb2&Prime; linkhover_font_size_tablet=\u00a0\u00bb51&Prime; linkhover_line_height_tablet=\u00a0\u00bb2&Prime;][\/et_pb_dmb_breadcrumbs][et_pb_text admin_label=\u00a0\u00bbZika\u00a0\u00bb _builder_version=\u00a0\u00bb3.27.4&Prime; header_2_font=\u00a0\u00bb|800|||||||\u00a0\u00bb]<\/p>\n<h2>Virus Zika<\/h2>\n<p><strong>Le virus Zika est r\u00e9pandu par le moustique de la fi\u00e8vre jaune ou celui de la dengue. Ce moustique n\u2019apparait pas aux Pays-Bas \u00e0 l\u2019origine. La malade (fi\u00e8vre Zika) est souvent cl\u00e9mente. La plupart des personnes ne ressentent rien. Il a cependant \u00e9t\u00e9 d\u00e9montr\u00e9 par certaines recherches scientifiques que l\u2019infection pendant la grossesse peut avoir des cons\u00e9quences sur la sant\u00e9 de l\u2019enfant \u00e0 na\u00eetre.<\/strong><\/p>\n<p>[\/et_pb_text][et_pb_image src=\u00a0\u00bbhttps:\/\/www.careplus.eu\/wp-content\/uploads\/2019\/02\/Wereldkaart-tropische-ziekten-Zika.jpg\u00a0\u00bb align_tablet=\u00a0\u00bbcenter\u00a0\u00bb align_phone=\u00a0\u00bb\u00a0\u00bb align_last_edited=\u00a0\u00bbon|desktop\u00a0\u00bb _builder_version=\u00a0\u00bb3.23&Prime;][\/et_pb_image][et_pb_text admin_label=\u00a0\u00bbbijschrift kaart\u00a0\u00bb _builder_version=\u00a0\u00bb3.27.4&Prime; text_font_size=\u00a0\u00bb12px\u00a0\u00bb]<\/p>\n<p>\nL&rsquo;aper\u00e7u graphique de cette carte est bas\u00e9 sur des donn\u00e9es de 2017.<\/p>\n<p>[\/et_pb_text][et_pb_text admin_label=\u00a0\u00bbZika\u00a0\u00bb _builder_version=\u00a0\u00bb3.27.4&Prime;]<\/p>\n<h3>Qu\u2019est-ce que le virus Zika?<\/h3>\n<p>Le virus Zika est un virus qui provoque la maladie infectieuse, fi\u00e8vre Zika. Mais environ 1 personne contamin\u00e9e par le virus Zika sur 5 pr\u00e9sente des sympt\u00f4mes. Le sympt\u00f4mes de la maladie sont g\u00e9n\u00e9ralement l\u00e9gers. Les scientifiques admettent que l\u2019infection par le virus Zika est dangereuse pour un enfant qui n\u2019est pas encore n\u00e9. Il peut entrainer des anomalies neurologiques cong\u00e9nitales telles que la microc\u00e9phalie. Le syndrome de Guillain-Barr\u00e9 peut \u00e9galement apparaitre apr\u00e8s l\u2019infection. La fr\u00e9quence \u00e0 laquelle cela arrive n\u2019a pas encore pu \u00eatre d\u00e9termin\u00e9e.\n<\/p>\n<\/p>\n<h3>Sympt\u00f4mes de la maladie li\u00e9e au virus Zika<\/h3>\n<p>Une infection par le virus Zika engendre des sympt\u00f4mes chez environ 1 personne sur 5. Les sympt\u00f4mes de la fi\u00e8vre Zika apparaissent le plus souvent de 3 \u00e0 12 jours apr\u00e8s la morsure par un moustique contamin\u00e9. La plupart des personnes se r\u00e9tablissent dans la semaine sans trop de probl\u00e8mes.<\/p>\n<p>Les sympt\u00f4mes qui peuvent apparaitre sont:<\/p>\n<ul>\n<li>\nUne fi\u00e8vre aigu\u00eb (mod\u00e9r\u00e9e)<\/li>\n<li>Infection non-purulente de l\u2019\u0153il<\/li>\n<li>Douleurs musculaires et articulaires (principalement des mains et des pieds, parfois un gonflement du visage)<\/li>\n<li>Une \u00e9ruption cutan\u00e9e (qui commence souvent par le visage et qui s\u2019\u00e9tend au reste du corps ensuite)<\/li>\n<li>Moins fr\u00e9quent: maux de t\u00eate, perte d\u2019app\u00e9tit, vomissements, diarrh\u00e9e et douleurs abdominales<\/li>\n<\/ul>\n<p><h3>Complications li\u00e9es au virus Zika<\/h3>\n<p>Les complications suivantes ont \u00e9t\u00e9 d\u00e9crites:\n<\/p>\n<p>Il existe un lien entre les handicaps constat\u00e9s chez l\u2019enfant que n\u2019est pas encore n\u00e9 et la contamination par le virus Zika pendant la grossesse, \u00e9galement appel\u00e9 syndrome cong\u00e9nital du virus Zika. La microc\u00e9phalie, un dysfonctionnement c\u00e9r\u00e9bral chez l\u2019enfant qui n\u2019est pas encore n\u00e9 est, autre autres, une des cons\u00e9quences de l\u2019infection qui a \u00e9t\u00e9 d\u00e9crite.<\/p>\n<p>\nEn ce qui concerne le syndrome de Guillain-Barr\u00e9, sa fr\u00e9quence d\u2019apparition n\u2019a pas encore \u00e9t\u00e9 d\u00e9termin\u00e9e mais il semblerait qu\u2019il soit rare.<\/p>\n<p>[\/et_pb_text][\/et_pb_column][\/et_pb_row][\/et_pb_section][et_pb_section fb_built=\u00a0\u00bb1&Prime; _builder_version=\u00a0\u00bb3.22&Prime; background_color=\u00a0\u00bb#f4f4f4&Prime;][et_pb_row column_structure=\u00a0\u00bb1_3,1_3,1_3&Prime; _builder_version=\u00a0\u00bb3.25&Prime; background_color=\u00a0\u00bb#ffffff\u00a0\u00bb border_radii=\u00a0\u00bbon|10px|10px|10px|10px\u00a0\u00bb][et_pb_column type=\u00a0\u00bb1_3&Prime; _builder_version=\u00a0\u00bb3.25&Prime; custom_padding=\u00a0\u00bb|||\u00a0\u00bb custom_padding__hover=\u00a0\u00bb|||\u00a0\u00bb][et_pb_image src=\u00a0\u00bbhttps:\/\/www.careplus.eu\/wp-content\/uploads\/2020\/06\/careplus-anti-insect-deet-60ml-50-2.jpg\u00a0\u00bb title_text=\u00a0\u00bbcareplus-anti-insect-deet-60ml-50&Prime; url=\u00a0\u00bbhttps:\/\/www.careplus.eu\/fr\/moustiques-et-tiques\/proteger\/anti-insect-deet\/\u00a0\u00bb align_tablet=\u00a0\u00bbcenter\u00a0\u00bb align_phone=\u00a0\u00bb\u00a0\u00bb align_last_edited=\u00a0\u00bbon|desktop\u00a0\u00bb _builder_version=\u00a0\u00bb4.4.8&Prime;][\/et_pb_image][et_pb_button button_url=\u00a0\u00bbhttps:\/\/www.careplus.eu\/fr\/moustiques-et-tiques\/proteger\/anti-insect-deet\/\u00a0\u00bb button_text=\u00a0\u00bbAnti-Insect\u00a0\u00bb button_alignment=\u00a0\u00bbcenter\u00a0\u00bb _builder_version=\u00a0\u00bb3.19.6&Prime; background_layout=\u00a0\u00bbdark\u00a0\u00bb][\/et_pb_button][\/et_pb_column][et_pb_column type=\u00a0\u00bb1_3&Prime; _builder_version=\u00a0\u00bb3.25&Prime; custom_padding=\u00a0\u00bb|||\u00a0\u00bb custom_padding__hover=\u00a0\u00bb|||\u00a0\u00bb][et_pb_image src=\u00a0\u00bbhttps:\/\/www.careplus.eu\/wp-content\/uploads\/2019\/01\/klamboe-solo-box.jpg\u00a0\u00bb url=\u00a0\u00bbhttps:\/\/www.careplus.eu\/fr\/moustiques-et-tiques\/proteger\/moustiquaires\/\u00a0\u00bb align_tablet=\u00a0\u00bbcenter\u00a0\u00bb align_phone=\u00a0\u00bb\u00a0\u00bb align_last_edited=\u00a0\u00bbon|desktop\u00a0\u00bb _builder_version=\u00a0\u00bb3.23&Prime;][\/et_pb_image][et_pb_button button_url=\u00a0\u00bbhttps:\/\/www.careplus.eu\/fr\/moustiques-et-tiques\/proteger\/moustiquaires\/\u00a0\u00bb button_text=\u00a0\u00bbMoustiquaire de voyage\u00a0\u00bb button_alignment=\u00a0\u00bbcenter\u00a0\u00bb _builder_version=\u00a0\u00bb3.19.6&Prime; background_layout=\u00a0\u00bbdark\u00a0\u00bb][\/et_pb_button][\/et_pb_column][et_pb_column type=\u00a0\u00bb1_3&Prime; _builder_version=\u00a0\u00bb3.25&Prime; custom_padding=\u00a0\u00bb|||\u00a0\u00bb custom_padding__hover=\u00a0\u00bb|||\u00a0\u00bb][et_pb_image src=\u00a0\u00bbhttps:\/\/www.careplus.eu\/wp-content\/uploads\/2019\/02\/gezichtbescherming.jpg\u00a0\u00bb align_tablet=\u00a0\u00bbcenter\u00a0\u00bb align_phone=\u00a0\u00bb\u00a0\u00bb align_last_edited=\u00a0\u00bbon|desktop\u00a0\u00bb _builder_version=\u00a0\u00bb3.23&Prime;][\/et_pb_image][et_pb_button button_url=\u00a0\u00bbhttps:\/\/www.careplus.eu\/fr\/moustiques-et-tiques\/proteger\/filet-protecteur-pour-la-tete\/\u00a0\u00bb button_text=\u00a0\u00bbFilets de protection pour la t\u00eate\u00a0\u00bb button_alignment=\u00a0\u00bbcenter\u00a0\u00bb _builder_version=\u00a0\u00bb3.19.6&Prime; background_layout=\u00a0\u00bbdark\u00a0\u00bb][\/et_pb_button][\/et_pb_column][\/et_pb_row][\/et_pb_section][et_pb_section fb_built=\u00a0\u00bb1&Prime; _builder_version=\u00a0\u00bb3.22&Prime;][et_pb_row _builder_version=\u00a0\u00bb3.25&Prime; background_size=\u00a0\u00bbinitial\u00a0\u00bb background_position=\u00a0\u00bbtop_left\u00a0\u00bb background_repeat=\u00a0\u00bbrepeat\u00a0\u00bb][et_pb_column type=\u00a0\u00bb4_4&Prime; _builder_version=\u00a0\u00bb3.25&Prime; custom_padding=\u00a0\u00bb|||\u00a0\u00bb custom_padding__hover=\u00a0\u00bb|||\u00a0\u00bb][et_pb_text admin_label=\u00a0\u00bbZika\u00a0\u00bb _builder_version=\u00a0\u00bb3.27.4&Prime;]<\/p>\n<h3>Infection et pr\u00e9vention virus Zika<\/h3>\n<p>Le virus Zika se transmet par la morsure de certains moustiques qui sont souvent pr\u00e9sents dans les tropiques, \u00e0 l\u2019int\u00e9rieur et autour des maisons. Le moustique de la fi\u00e8vre jaune ou de la dengue (Aedes aegypti) est le principal vecteur du virus. Le moustique s\u2019alimente principalement de sang humain et mord le plus suivent entre le lever du soleil et le coucher du soleil. Donc principalement le jour.<\/p>\n<p>Il est important de prendre des mesures anti-moustiques scrupuleuses en d\u00e9but de soir\u00e9e dans les r\u00e9gions touch\u00e9es par le virus Zika.<\/p>\n<ul>\n<li>Portez des v\u00eatements couvrants (longues manches, long pantalon).<\/li>\n<li>Badigeonnez la peau non-couverte d\u2019un Anti-Insect contenant DEET. Les enfants de moins de 2 ans et les femmes enceintes ne peuvent utiliser que les produits qui contiennent au maximum 30% de DEET.<\/li>\n<li>Placez des moustiquaires sur les fen\u00eatres et les portes.<\/li>\n<li>Dormez toujours sous une moustiquaire (impr\u00e9gn\u00e9e) ou dans un espace sans moustiques.<\/li>\n<\/ul>\n<p>Les voyageurs courent le plus de risques d\u2019attraper une infection par le virus Zika. Il leur est conseill\u00e9 de s\u2019informer concernant le voyage qu\u2019ils pr\u00e9voient de faire aupr\u00e8s d\u2019une clinique de voyageurs ou de leur m\u00e9decin traitant. Cela vaut particuli\u00e8rement pour les femmes enceintes.<\/p>\n<h3>Contamination par le virus Zika apr\u00e8s une transmission sexuelle<\/h3>\n<p>Dans de rares cas, le virus Zika peut se transmettre par un contact sexuel. Le virus est notamment pr\u00e9sent dans le sperme. La chance d\u2019\u00eatre contamin\u00e9s par le virus Zika de cette fa\u00e7on est tr\u00e8s faible selon les estimations. Afin d\u2019\u00e9viter la contamination, il est recommand\u00e9 aux hommes d\u2019utiliser un pr\u00e9servatif pendant deux mois, surtout avec les femmes enceintes.<\/p>\n<p>[\/et_pb_text][\/et_pb_column][\/et_pb_row][\/et_pb_section]<\/p>\n","protected":false},"excerpt":{"rendered":"<p>Virus Zika Le virus Zika est r\u00e9pandu par le moustique de la fi\u00e8vre jaune ou celui de la dengue. Ce moustique n\u2019apparait pas aux Pays-Bas \u00e0 l\u2019origine. La malade (fi\u00e8vre Zika) est souvent cl\u00e9mente. La plupart des personnes ne ressentent rien. Il a cependant \u00e9t\u00e9 d\u00e9montr\u00e9 par certaines recherches scientifiques que l\u2019infection pendant la grossesse [&hellip;]<\/p>\n","protected":false},"author":37,"featured_media":0,"parent":5871,"menu_order":0,"comment_status":"closed","ping_status":"closed","template":"","meta":{"_acf_changed":false,"_et_pb_use_builder":"on","_et_pb_old_content":"","_et_gb_content_width":"","footnotes":""},"class_list":["post-5746","page","type-page","status-publish","hentry"],"acf":[],"_links":{"self":[{"href":"https:\/\/www.careplus.eu\/fr\/wp-json\/wp\/v2\/pages\/5746","targetHints":{"allow":["GET"]}}],"collection":[{"href":"https:\/\/www.careplus.eu\/fr\/wp-json\/wp\/v2\/pages"}],"about":[{"href":"https:\/\/www.careplus.eu\/fr\/wp-json\/wp\/v2\/types\/page"}],"author":[{"embeddable":true,"href":"https:\/\/www.careplus.eu\/fr\/wp-json\/wp\/v2\/users\/37"}],"replies":[{"embeddable":true,"href":"https:\/\/www.careplus.eu\/fr\/wp-json\/wp\/v2\/comments?post=5746"}],"version-history":[{"count":0,"href":"https:\/\/www.careplus.eu\/fr\/wp-json\/wp\/v2\/pages\/5746\/revisions"}],"up":[{"embeddable":true,"href":"https:\/\/www.careplus.eu\/fr\/wp-json\/wp\/v2\/pages\/5871"}],"wp:attachment":[{"href":"https:\/\/www.careplus.eu\/fr\/wp-json\/wp\/v2\/media?parent=5746"}],"curies":[{"name":"wp","href":"https:\/\/api.w.org\/{rel}","templated":true}]}}