


{"id":5653,"date":"2019-03-19T23:30:04","date_gmt":"2019-03-19T22:30:04","guid":{"rendered":"https:\/\/www.careplus.eu\/hygiene\/hygiene-personnelle\/"},"modified":"2023-06-28T12:16:00","modified_gmt":"2023-06-28T10:16:00","slug":"hygiene-personnelle","status":"publish","type":"page","link":"https:\/\/www.careplus.eu\/fr\/hygiene\/hygiene-personnelle\/","title":{"rendered":"Hygi\u00e8ne personnelle"},"content":{"rendered":"<p>[et_pb_section fb_built=\u00a0\u00bb1&Prime; fullwidth=\u00a0\u00bbon\u00a0\u00bb _builder_version=\u00a0\u00bb4.16&Prime; bottom_divider_style=\u00a0\u00bbcurve\u00a0\u00bb bottom_divider_color=\u00a0\u00bb#ffffff\u00a0\u00bb bottom_divider_height=\u00a0\u00bb40px\u00a0\u00bb global_colors_info=\u00a0\u00bb{}\u00a0\u00bb][et_pb_fullwidth_slider show_arrows=\u00a0\u00bboff\u00a0\u00bb show_pagination=\u00a0\u00bboff\u00a0\u00bb _builder_version=\u00a0\u00bb4.16&Prime; global_colors_info=\u00a0\u00bb{}\u00a0\u00bb][et_pb_slide heading=\u00a0\u00bbHygi\u00e8ne personnelle\u00a0\u00bb use_bg_overlay=\u00a0\u00bboff\u00a0\u00bb use_text_overlay=\u00a0\u00bboff\u00a0\u00bb _builder_version=\u00a0\u00bb4.16&Prime; header_level=\u00a0\u00bbh1&Prime; header_font=\u00a0\u00bb|800|||||||\u00a0\u00bb header_text_align=\u00a0\u00bbcenter\u00a0\u00bb header_font_size=\u00a0\u00bb36&Prime; background_color=\u00a0\u00bb#0b6a30&Prime; background_image=\u00a0\u00bbhttps:\/\/www.careplus.eu\/wp-content\/uploads\/2019\/02\/careplus-persoonlijke-hygiene.jpg\u00a0\u00bb button_on_hover=\u00a0\u00bbon\u00a0\u00bb custom_padding=\u00a0\u00bb18%||18%|\u00a0\u00bb custom_padding_tablet=\u00a0\u00bb30%||30%|\u00a0\u00bb custom_padding_phone=\u00a0\u00bb30%||30%|\u00a0\u00bb custom_padding_last_edited=\u00a0\u00bbon|phone\u00a0\u00bb header_font_size_tablet=\u00a0\u00bb30&Prime; header_font_size_phone=\u00a0\u00bb30&Prime; header_font_size_last_edited=\u00a0\u00bbon|tablet\u00a0\u00bb header_text_shadow_style=\u00a0\u00bbpreset3&Prime; header_text_shadow_blur_strength=\u00a0\u00bb0.5em\u00a0\u00bb header_text_shadow_color=\u00a0\u00bbrgba(0,0,0,0.6)\u00a0\u00bb global_colors_info=\u00a0\u00bb{}\u00a0\u00bb sticky_transition=\u00a0\u00bbon\u00a0\u00bb][\/et_pb_slide][\/et_pb_fullwidth_slider][\/et_pb_section][et_pb_section fb_built=\u00a0\u00bb1&Prime; module_id=\u00a0\u00bbcp_pb_page_content\u00a0\u00bb module_class=\u00a0\u00bbcp_pb_regular_post_content\u00a0\u00bb _builder_version=\u00a0\u00bb4.16&Prime; background_color=\u00a0\u00bb#ffffff\u00a0\u00bb custom_padding=\u00a0\u00bb0px|||\u00a0\u00bb global_colors_info=\u00a0\u00bb{}\u00a0\u00bb][et_pb_row admin_label=\u00a0\u00bbPage Header\u00a0\u00bb _builder_version=\u00a0\u00bb4.16&Prime; background_size=\u00a0\u00bbinitial\u00a0\u00bb background_position=\u00a0\u00bbtop_left\u00a0\u00bb background_repeat=\u00a0\u00bbrepeat\u00a0\u00bb collapsed=\u00a0\u00bboff\u00a0\u00bb global_colors_info=\u00a0\u00bb{}\u00a0\u00bb][et_pb_column type=\u00a0\u00bb4_4&Prime; _builder_version=\u00a0\u00bb4.16&Prime; custom_padding=\u00a0\u00bb|||\u00a0\u00bb global_colors_info=\u00a0\u00bb{}\u00a0\u00bb custom_padding__hover=\u00a0\u00bb|||\u00a0\u00bb][et_pb_divider show_divider=\u00a0\u00bboff\u00a0\u00bb _builder_version=\u00a0\u00bb4.16&Prime; height=\u00a0\u00bb50px\u00a0\u00bb global_colors_info=\u00a0\u00bb{}\u00a0\u00bb][\/et_pb_divider][et_pb_dmb_breadcrumbs _builder_version=\u00a0\u00bb4.16&Prime; body_font_size_tablet=\u00a0\u00bb51&Prime; body_line_height_tablet=\u00a0\u00bb2&Prime; separator_font_size_tablet=\u00a0\u00bb51&Prime; separator_line_height_tablet=\u00a0\u00bb2&Prime; link_font_size_tablet=\u00a0\u00bb51&Prime; link_line_height_tablet=\u00a0\u00bb2&Prime; linkhover_font_size_tablet=\u00a0\u00bb51&Prime; linkhover_line_height_tablet=\u00a0\u00bb2&Prime; global_colors_info=\u00a0\u00bb{}\u00a0\u00bb][\/et_pb_dmb_breadcrumbs][et_pb_text _builder_version=\u00a0\u00bb4.16&Prime; header_2_font=\u00a0\u00bb|800|||||||\u00a0\u00bb global_colors_info=\u00a0\u00bb{}\u00a0\u00bb]<\/p>\n<h2><strong>Hygi\u00e8ne personnelle en voyage<\/strong><\/h2>\n<p><strong>Qu\u2019y a-t-il de plus beau que de voir le monde pendant vos voyages\u00a0?Care Plus<sup style=\"font-size: 10px;\">\u00ae<\/sup> est l\u00e0 pour faire en sorte que vos voyages se d\u00e9roulent en toute s\u00e9curit\u00e9 tout en restant en bonne sant\u00e9 car voyager loin n\u2019est pas compl\u00e8tement sans risques. Dans les r\u00e9gions subtropicales et tropicales, les maladies infectieuses vous guettent\u00a0?<\/strong><\/p>\n<p>Les vaccins nous prot\u00e8gent contre beaucoup de choses, mais pas contre toutes les maladies infectieuses. Une bonne hygi\u00e8ne personnelle est essentielle dans votre lutte contre les bact\u00e9ries\u00a0! Gr\u00e2ce aux produits de Care Plus<sup style=\"font-size: 10px;\">\u00ae<\/sup>\u00a0vous avez la garantie d\u2019une hygi\u00e8ne optimale en tout temps.<\/p>\n<p>Care Plus<sup style=\"font-size: 10px;\">\u00ae<\/sup>\u00a0propose \u00e9galement des produits pratiques pour l\u2019hygi\u00e8ne personnelle afin de r\u00e9duire les risques de situations peu hygi\u00e9niques pendant votre voyage au maximum.[\/et_pb_text][\/et_pb_column][\/et_pb_row][\/et_pb_section][et_pb_section fb_built=\u00a0\u00bb1&Prime; admin_label=\u00a0\u00bbProduct Listing\u00a0\u00bb _builder_version=\u00a0\u00bb4.16&Prime; background_color=\u00a0\u00bb#f4f4f4&Prime; global_colors_info=\u00a0\u00bb{}\u00a0\u00bb][et_pb_row column_structure=\u00a0\u00bb1_4,1_4,1_4,1_4&Prime; _builder_version=\u00a0\u00bb4.16&Prime; background_color=\u00a0\u00bb#ffffff\u00a0\u00bb module_alignment=\u00a0\u00bbcenter\u00a0\u00bb custom_margin_tablet=\u00a0\u00bb\u00a0\u00bb custom_margin_phone=\u00a0\u00bb\u00a0\u00bb custom_margin_last_edited=\u00a0\u00bbon|desktop\u00a0\u00bb custom_padding=\u00a0\u00bb|20px||20px\u00a0\u00bb border_radii=\u00a0\u00bbon|10px|10px|10px|10px\u00a0\u00bb global_colors_info=\u00a0\u00bb{}\u00a0\u00bb][et_pb_column type=\u00a0\u00bb1_4&Prime; _builder_version=\u00a0\u00bb4.16&Prime; custom_padding=\u00a0\u00bb|||\u00a0\u00bb global_colors_info=\u00a0\u00bb{}\u00a0\u00bb custom_padding__hover=\u00a0\u00bb|||\u00a0\u00bb][et_pb_gallery gallery_ids=\u00a0\u00bb19653&Prime; fullwidth=\u00a0\u00bbon\u00a0\u00bb _builder_version=\u00a0\u00bb4.21.0&Prime; hover_enabled=\u00a0\u00bb0&Prime; global_colors_info=\u00a0\u00bb{}\u00a0\u00bb sticky_enabled=\u00a0\u00bb0&Prime;][\/et_pb_gallery][et_pb_button button_url=\u00a0\u00bbhttps:\/\/www.careplus.eu\/fr\/hygiene\/hygiene-personnelle\/serviettes\/\u00a0\u00bb button_text=\u00a0\u00bbServiettes\u00a0\u00bb button_alignment=\u00a0\u00bbcenter\u00a0\u00bb _builder_version=\u00a0\u00bb4.16&Prime; background_layout=\u00a0\u00bbdark\u00a0\u00bb custom_margin=\u00a0\u00bb||20px|\u00a0\u00bb global_colors_info=\u00a0\u00bb{}\u00a0\u00bb][\/et_pb_button][\/et_pb_column][et_pb_column type=\u00a0\u00bb1_4&Prime; _builder_version=\u00a0\u00bb4.16&Prime; custom_padding=\u00a0\u00bb|||\u00a0\u00bb global_colors_info=\u00a0\u00bb{}\u00a0\u00bb custom_padding__hover=\u00a0\u00bb|||\u00a0\u00bb][et_pb_image src=\u00a0\u00bbhttps:\/\/www.careplus.eu\/wp-content\/uploads\/2025\/05\/Care-plus-Bio-Soap-100ml.webp\u00a0\u00bb title_text=\u00a0\u00bbCare Plus\u00ae Bio Soap\u00a0\u00bb align=\u00a0\u00bbcenter\u00a0\u00bb align_tablet=\u00a0\u00bbcenter\u00a0\u00bb align_phone=\u00a0\u00bb\u00a0\u00bb align_last_edited=\u00a0\u00bbon|desktop\u00a0\u00bb _builder_version=\u00a0\u00bb4.21.0&Prime; background_color=\u00a0\u00bb#ffffff\u00a0\u00bb hover_enabled=\u00a0\u00bb0&Prime; border_radii=\u00a0\u00bb|10px|10px|0px|0px\u00a0\u00bb global_colors_info=\u00a0\u00bb{}\u00a0\u00bb alt=\u00a0\u00bbLe savon bio multifonctionnel peut \u00eatre utilis\u00e9 pour se laver les mains, la peau, les cheveux, les v\u00eatements l\u00e9g\u00e8rement sales et la vaisselle.\u00a0\u00bb sticky_enabled=\u00a0\u00bb0&Prime;][\/et_pb_image][et_pb_button button_url=\u00a0\u00bbhttps:\/\/www.careplus.eu\/fr\/hygiene\/hygiene-personnelle\/savon-bio\/\u00a0\u00bb button_text=\u00a0\u00bbSavon bio\u00a0\u00bb button_alignment=\u00a0\u00bbcenter\u00a0\u00bb _builder_version=\u00a0\u00bb4.16&Prime; background_layout=\u00a0\u00bbdark\u00a0\u00bb custom_margin=\u00a0\u00bb||20px|\u00a0\u00bb global_colors_info=\u00a0\u00bb{}\u00a0\u00bb][\/et_pb_button][\/et_pb_column][et_pb_column type=\u00a0\u00bb1_4&Prime; _builder_version=\u00a0\u00bb4.16&Prime; custom_padding=\u00a0\u00bb|||\u00a0\u00bb global_colors_info=\u00a0\u00bb{}\u00a0\u00bb custom_padding__hover=\u00a0\u00bb|||\u00a0\u00bb][et_pb_image src=\u00a0\u00bbhttps:\/\/www.careplus.eu\/wp-content\/uploads\/2020\/04\/care-plus-reinigende-handgel-3.jpg\u00a0\u00bb title_text=\u00a0\u00bbGel nettoyant pour les mains\u00a0\u00bb align=\u00a0\u00bbcenter\u00a0\u00bb align_tablet=\u00a0\u00bbcenter\u00a0\u00bb align_phone=\u00a0\u00bb\u00a0\u00bb align_last_edited=\u00a0\u00bbon|desktop\u00a0\u00bb _builder_version=\u00a0\u00bb4.16&Prime; background_color=\u00a0\u00bb#ffffff\u00a0\u00bb border_radii=\u00a0\u00bb|10px|10px|0px|0px\u00a0\u00bb global_colors_info=\u00a0\u00bb{}\u00a0\u00bb][\/et_pb_image][et_pb_button button_url=\u00a0\u00bbhttps:\/\/www.careplus.eu\/fr\/hygiene\/hygiene-personnelle\/gel-nettoyant-pour-les-mains\/\u00a0\u00bb button_text=\u00a0\u00bbGel nettoyant pour les mains\u00a0\u00bb button_alignment=\u00a0\u00bbcenter\u00a0\u00bb _builder_version=\u00a0\u00bb4.16&Prime; background_layout=\u00a0\u00bbdark\u00a0\u00bb custom_margin=\u00a0\u00bb||20px|\u00a0\u00bb global_colors_info=\u00a0\u00bb{}\u00a0\u00bb][\/et_pb_button][\/et_pb_column][et_pb_column type=\u00a0\u00bb1_4&Prime; _builder_version=\u00a0\u00bb4.16&Prime; custom_padding=\u00a0\u00bb|||\u00a0\u00bb global_colors_info=\u00a0\u00bb{}\u00a0\u00bb custom_padding__hover=\u00a0\u00bb|||\u00a0\u00bb][et_pb_image src=\u00a0\u00bbhttps:\/\/www.careplus.eu\/wp-content\/uploads\/2020\/12\/Care-plus-Hygiene-Kit.jpg\u00a0\u00bb title_text=\u00a0\u00bbCare-plus-Hygiene-Kit\u00a0\u00bb align=\u00a0\u00bbcenter\u00a0\u00bb align_tablet=\u00a0\u00bbcenter\u00a0\u00bb align_phone=\u00a0\u00bb\u00a0\u00bb align_last_edited=\u00a0\u00bbon|desktop\u00a0\u00bb _builder_version=\u00a0\u00bb4.16&Prime; background_color=\u00a0\u00bb#ffffff\u00a0\u00bb border_radii=\u00a0\u00bb|10px|10px|0px|0px\u00a0\u00bb global_colors_info=\u00a0\u00bb{}\u00a0\u00bb][\/et_pb_image][et_pb_button button_url=\u00a0\u00bbhttps:\/\/www.careplus.eu\/fr\/hygiene\/hygiene-personnelle\/hygiene-kit\/\u00a0\u00bb button_text=\u00a0\u00bbHygiene Kit\u00a0\u00bb button_alignment=\u00a0\u00bbcenter\u00a0\u00bb _builder_version=\u00a0\u00bb4.16&Prime; background_layout=\u00a0\u00bbdark\u00a0\u00bb custom_margin=\u00a0\u00bb||20px|\u00a0\u00bb global_colors_info=\u00a0\u00bb{}\u00a0\u00bb][\/et_pb_button][\/et_pb_column][\/et_pb_row][\/et_pb_section][et_pb_section fb_built=\u00a0\u00bb1&Prime; admin_label=\u00a0\u00bbProduct Listing\u00a0\u00bb module_id=\u00a0\u00bbcp_pb_page_extra\u00a0\u00bb _builder_version=\u00a0\u00bb4.16&Prime; global_colors_info=\u00a0\u00bb{}\u00a0\u00bb][et_pb_row _builder_version=\u00a0\u00bb4.16&Prime; global_colors_info=\u00a0\u00bb{}\u00a0\u00bb][et_pb_column type=\u00a0\u00bb4_4&Prime; _builder_version=\u00a0\u00bb4.16&Prime; custom_padding=\u00a0\u00bb|||\u00a0\u00bb global_colors_info=\u00a0\u00bb{}\u00a0\u00bb custom_padding__hover=\u00a0\u00bb|||\u00a0\u00bb][et_pb_text admin_label=\u00a0\u00bbExtra Informatie\u00a0\u00bb module_id=\u00a0\u00bbcp_pb_extra_content\u00a0\u00bb _builder_version=\u00a0\u00bb4.16&Prime; global_colors_info=\u00a0\u00bb{}\u00a0\u00bb]<\/p>\n<h3>Comment vous assurez-vous d&rsquo;une bonne hygi\u00e8ne personnelle lorsque vous voyagez?<\/h3>\n<p>En plus de vous laver les mains souvent et soigneusement ou d&rsquo;utiliser un <a href=\"https:\/\/www.careplus.eu\/fr\/hygiene\/hygiene-personnelle\/gel-nettoyant-pour-les-mains\/\">gel pour les mains<\/a>, vous pouvez utiliser les conseils ci-dessous pour vous assurer que vous restez bien, frais et propre et minimisez \u00e9galement le risque de contamination par des bact\u00e9ries.<\/p>\n<p>\u2022 Gardez vos ongles courts et propres.<br \/>\n\u2022 Ne partagez pas votre serviette avec une autre personne et utilisez des serviettes diff\u00e9rentes pour le haut et le bas du corps.<br \/>\n\u2022 Portez des sous-v\u00eatements en coton.<br \/>\n\u2022 Portez des tongs sous la douche.<br \/>\n\u2022 Portez des chaussures ferm\u00e9es sur un sol sablonneux.<br \/>\n\u2022 Portez des chaussures d&rsquo;eau en mer. Les oursins et les coraux peuvent \u00eatre tranchants et les blessures peuvent provoquer des infections cutan\u00e9es d\u00e9sagr\u00e9ables.<br \/>\n\u2022 Rasez-vous ou vous rasez-vous? Uniquement avec une nouvelle lame de rasoir ou un rasoir st\u00e9rile.<br \/>\n\u2022 Utilisez un bon produit anti-insectes.<br \/>\n\u2022 Prot\u00e9gez-vous contre les insectes avec une moustiquaire impr\u00e9gn\u00e9e et Bugsox.<br \/>\n\u2022 Apportez des pr\u00e9servatifs de votre propre pays et gardez-les au frais.<br \/>\n\u2022 Ne vous faites pas de piercing ou de tatouage \u00e0 l&rsquo;\u00e9tranger pour \u00e9viter une infection par l&rsquo;h\u00e9patite B.<br \/>\n\u2022 Ne touchez pas les animaux. Les animaux tels que les chiens, les chats, les chauves-souris et les singes peuvent \u00eatre infect\u00e9s par la rage (rage). Apr\u00e8s un contact avec un animal, vous devez imm\u00e9diatement laver soigneusement la peau ou la plaie avec de l&rsquo;eau et du savon, puis d\u00e9sinfecter avec de l&rsquo;alcool ou de la b\u00e9tadine. Consultez toujours un m\u00e9decin en cas de blessure.[\/et_pb_text][\/et_pb_column][\/et_pb_row][\/et_pb_section]<\/p>\n","protected":false},"excerpt":{"rendered":"<p>Hygi\u00e8ne personnelle en voyage Qu\u2019y a-t-il de plus beau que de voir le monde pendant vos voyages\u00a0?Care Plus\u00ae est l\u00e0 pour faire en sorte que vos voyages se d\u00e9roulent en toute s\u00e9curit\u00e9 tout en restant en bonne sant\u00e9 car voyager loin n\u2019est pas compl\u00e8tement sans risques. Dans les r\u00e9gions subtropicales et tropicales, les maladies infectieuses [&hellip;]<\/p>\n","protected":false},"author":37,"featured_media":0,"parent":5361,"menu_order":0,"comment_status":"closed","ping_status":"closed","template":"","meta":{"_acf_changed":false,"_et_pb_use_builder":"on","_et_pb_old_content":"","_et_gb_content_width":"","footnotes":""},"class_list":["post-5653","page","type-page","status-publish","hentry"],"acf":[],"_links":{"self":[{"href":"https:\/\/www.careplus.eu\/fr\/wp-json\/wp\/v2\/pages\/5653","targetHints":{"allow":["GET"]}}],"collection":[{"href":"https:\/\/www.careplus.eu\/fr\/wp-json\/wp\/v2\/pages"}],"about":[{"href":"https:\/\/www.careplus.eu\/fr\/wp-json\/wp\/v2\/types\/page"}],"author":[{"embeddable":true,"href":"https:\/\/www.careplus.eu\/fr\/wp-json\/wp\/v2\/users\/37"}],"replies":[{"embeddable":true,"href":"https:\/\/www.careplus.eu\/fr\/wp-json\/wp\/v2\/comments?post=5653"}],"version-history":[{"count":0,"href":"https:\/\/www.careplus.eu\/fr\/wp-json\/wp\/v2\/pages\/5653\/revisions"}],"up":[{"embeddable":true,"href":"https:\/\/www.careplus.eu\/fr\/wp-json\/wp\/v2\/pages\/5361"}],"wp:attachment":[{"href":"https:\/\/www.careplus.eu\/fr\/wp-json\/wp\/v2\/media?parent=5653"}],"curies":[{"name":"wp","href":"https:\/\/api.w.org\/{rel}","templated":true}]}}