


{"id":5651,"date":"2019-03-19T23:10:52","date_gmt":"2019-03-19T22:10:52","guid":{"rendered":"https:\/\/www.careplus.eu\/camphre\/"},"modified":"2023-06-20T13:30:55","modified_gmt":"2023-06-20T11:30:55","slug":"camphre","status":"publish","type":"page","link":"https:\/\/www.careplus.eu\/fr\/premiers-secours-en-voyage\/ampoules\/prevenir\/camphre\/","title":{"rendered":"Spray Anti-Ampoules"},"content":{"rendered":"<p>[et_pb_section fb_built=\u00a0\u00bb1&Prime; fullwidth=\u00a0\u00bbon\u00a0\u00bb _builder_version=\u00a0\u00bb4.16&Prime; bottom_divider_style=\u00a0\u00bbcurve\u00a0\u00bb bottom_divider_color=\u00a0\u00bb#ffffff\u00a0\u00bb bottom_divider_height=\u00a0\u00bb40px\u00a0\u00bb global_colors_info=\u00a0\u00bb{}\u00a0\u00bb][et_pb_fullwidth_slider show_arrows=\u00a0\u00bboff\u00a0\u00bb show_pagination=\u00a0\u00bboff\u00a0\u00bb _builder_version=\u00a0\u00bb4.16&Prime; global_colors_info=\u00a0\u00bb{}\u00a0\u00bb][et_pb_slide heading=\u00a0\u00bbAnti-Ampoules\u00a0\u00bb use_bg_overlay=\u00a0\u00bboff\u00a0\u00bb use_text_overlay=\u00a0\u00bboff\u00a0\u00bb _builder_version=\u00a0\u00bb4.16&Prime; header_level=\u00a0\u00bbh1&Prime; header_font=\u00a0\u00bb|800|||||||\u00a0\u00bb header_font_size=\u00a0\u00bb36&Prime; background_color=\u00a0\u00bb#0b6a30&Prime; background_image=\u00a0\u00bbhttps:\/\/www.careplus.eu\/wp-content\/uploads\/2020\/07\/Blister-spray-Header.jpg\u00a0\u00bb background_enable_image=\u00a0\u00bbon\u00a0\u00bb button_on_hover=\u00a0\u00bbon\u00a0\u00bb custom_padding=\u00a0\u00bb15%||15%|\u00a0\u00bb custom_padding_tablet=\u00a0\u00bb30%||30%|\u00a0\u00bb custom_padding_phone=\u00a0\u00bb30%||30%|\u00a0\u00bb custom_padding_last_edited=\u00a0\u00bbon|desktop\u00a0\u00bb header_font_size_tablet=\u00a0\u00bb30&Prime; header_font_size_phone=\u00a0\u00bb30&Prime; header_font_size_last_edited=\u00a0\u00bbon|tablet\u00a0\u00bb header_text_shadow_style=\u00a0\u00bbpreset3&Prime; header_text_shadow_blur_strength=\u00a0\u00bb0.5em\u00a0\u00bb header_text_shadow_color=\u00a0\u00bbrgba(0,0,0,0.6)\u00a0\u00bb global_colors_info=\u00a0\u00bb{}\u00a0\u00bb sticky_transition=\u00a0\u00bbon\u00a0\u00bb][\/et_pb_slide][\/et_pb_fullwidth_slider][\/et_pb_section][et_pb_section fb_built=\u00a0\u00bb1&Prime; _builder_version=\u00a0\u00bb4.16&Prime; global_colors_info=\u00a0\u00bb{}\u00a0\u00bb][et_pb_row _builder_version=\u00a0\u00bb4.16&Prime; background_size=\u00a0\u00bbinitial\u00a0\u00bb background_position=\u00a0\u00bbtop_left\u00a0\u00bb background_repeat=\u00a0\u00bbrepeat\u00a0\u00bb global_colors_info=\u00a0\u00bb{}\u00a0\u00bb][et_pb_column type=\u00a0\u00bb4_4&Prime; _builder_version=\u00a0\u00bb4.16&Prime; custom_padding=\u00a0\u00bb|||\u00a0\u00bb global_colors_info=\u00a0\u00bb{}\u00a0\u00bb custom_padding__hover=\u00a0\u00bb|||\u00a0\u00bb][et_pb_dmb_breadcrumbs _builder_version=\u00a0\u00bb4.16&Prime; body_font_size_tablet=\u00a0\u00bb51&Prime; body_line_height_tablet=\u00a0\u00bb2&Prime; separator_font_size_tablet=\u00a0\u00bb51&Prime; separator_line_height_tablet=\u00a0\u00bb2&Prime; link_font_size_tablet=\u00a0\u00bb51&Prime; link_line_height_tablet=\u00a0\u00bb2&Prime; linkhover_font_size_tablet=\u00a0\u00bb51&Prime; linkhover_line_height_tablet=\u00a0\u00bb2&Prime; global_colors_info=\u00a0\u00bb{}\u00a0\u00bb][\/et_pb_dmb_breadcrumbs][et_pb_text admin_label=\u00a0\u00bbAnti-Blister\u00a0\u00bb _builder_version=\u00a0\u00bb4.18.0&Prime; header_2_font=\u00a0\u00bb|800|||||||\u00a0\u00bb global_colors_info=\u00a0\u00bb{}\u00a0\u00bb]<\/p>\n<h2>Pr\u00e9venir les ampoules avec le spray anti-ampoules<\/h2>\n<p><strong>Marche rapide, sport, chaussures neuves, temps chaud\u00a0: les pieds ont du mal. Les ampoules aux pieds peuvent rendre la position debout ou la marche angoissantes. Une ampoule ou une autre irritation des pieds peut se former tr\u00e8s rapidement. Heureusement, il existe des produits qui r\u00e9duisent le risque d&rsquo;ampoule.<\/strong>[\/et_pb_text][et_pb_text admin_label=\u00a0\u00bbAnti-Blister\u00a0\u00bb _builder_version=\u00a0\u00bb4.18.0&Prime; header_2_font=\u00a0\u00bb|800|||||||\u00a0\u00bb global_colors_info=\u00a0\u00bb{}\u00a0\u00bb]Voulez-vous vraiment minimiser le risque d&rsquo;ampoule ? Utilisez ensuite le spray anti-ampoules Care Plus<sup style=\"font-size:8px;\">\u00ae<\/sup> tous les jours \u00e0 partir de trois semaines avant une balade ou une randonn\u00e9e. Vaporiser quotidiennement vos pieds avec ce spray pour les pieds garantit que la peau devient plus dure, \u00e9vitant ainsi les ampoules. Pendant et apr\u00e8s la randonn\u00e9e, le spray refroidit, rafra\u00eechit et soulage les muscles et les pieds fatigu\u00e9s.[\/et_pb_text][\/et_pb_column][\/et_pb_row][\/et_pb_section][et_pb_section fb_built=\u00a0\u00bb1&Prime; _builder_version=\u00a0\u00bb4.16&Prime; background_color=\u00a0\u00bb#f4f4f4&Prime; global_colors_info=\u00a0\u00bb{}\u00a0\u00bb][et_pb_row column_structure=\u00a0\u00bb1_3,2_3&Prime; _builder_version=\u00a0\u00bb4.16&Prime; background_color=\u00a0\u00bb#ffffff\u00a0\u00bb module_alignment=\u00a0\u00bbcenter\u00a0\u00bb custom_padding=\u00a0\u00bb|40px||40px\u00a0\u00bb border_radii=\u00a0\u00bbon|10px|10px|10px|10px\u00a0\u00bb global_colors_info=\u00a0\u00bb{}\u00a0\u00bb][et_pb_column type=\u00a0\u00bb1_3&Prime; _builder_version=\u00a0\u00bb4.16&Prime; custom_padding=\u00a0\u00bb|||\u00a0\u00bb global_colors_info=\u00a0\u00bb{}\u00a0\u00bb custom_padding__hover=\u00a0\u00bb|||\u00a0\u00bb][et_pb_image src=\u00a0\u00bbhttps:\/\/www.careplus.eu\/wp-content\/uploads\/2022\/06\/Deze-Anti-Blister-spray-verstevigt-de-huid-en-voorkomt-daarmee-blaarvorming-scaled.jpg\u00a0\u00bb title_text=\u00a0\u00bbCe spray anti-ampoules renforce la peau et pr\u00e9vient ainsi la formation d&#039;ampoules.\u00a0\u00bb url=\u00a0\u00bbhttps:\/\/www.careplus-shop.nl\/Care-Plus-Anti-Blister-Spray-50-ml\u00a0\u00bb url_new_window=\u00a0\u00bbon\u00a0\u00bb align=\u00a0\u00bbcenter\u00a0\u00bb align_tablet=\u00a0\u00bbcenter\u00a0\u00bb align_phone=\u00a0\u00bb\u00a0\u00bb align_last_edited=\u00a0\u00bbon|desktop\u00a0\u00bb admin_label=\u00a0\u00bbAnti-Blister verpakking\u00a0\u00bb _builder_version=\u00a0\u00bb4.17.4&Prime; height=\u00a0\u00bb350px\u00a0\u00bb max_height=\u00a0\u00bb350px\u00a0\u00bb global_colors_info=\u00a0\u00bb{}\u00a0\u00bb][\/et_pb_image][\/et_pb_column][et_pb_column type=\u00a0\u00bb2_3&Prime; _builder_version=\u00a0\u00bb4.16&Prime; custom_padding=\u00a0\u00bb|||\u00a0\u00bb global_colors_info=\u00a0\u00bb{}\u00a0\u00bb custom_padding__hover=\u00a0\u00bb|||\u00a0\u00bb][et_pb_text admin_label=\u00a0\u00bbAnti-Blister spray\u00a0\u00bb _builder_version=\u00a0\u00bb4.18.0&Prime; custom_padding=\u00a0\u00bb|10px||10px\u00a0\u00bb global_colors_info=\u00a0\u00bb{}\u00a0\u00bb]<\/p>\n<h3>Care Plus<sup style=\"font-size:10px;\">\u00ae<\/sup> Spray anti-ampoules<\/h3>\n<ul>\n<li>Refroidit, rafra\u00eechit et soulage les muscles et les pieds fatigu\u00e9s.<\/li>\n<li>Retend la peau et pr\u00e9vient la formation d&rsquo;ampoules.<\/li>\n<li>Peut \u00e9galement \u00eatre utilis\u00e9 pendant et apr\u00e8s une randonn\u00e9e.<\/li>\n<li>Nettoie la peau pour qu&rsquo;un patch adh\u00e8re mieux.<\/li>\n<p>[\/et_pb_text][et_pb_text _builder_version=\u00a0\u00bb4.18.0&Prime; text_font_size=\u00a0\u00bb10px\u00a0\u00bb text_line_height=\u00a0\u00bb1.5em\u00a0\u00bb custom_margin=\u00a0\u00bb0px||||false|false\u00a0\u00bb custom_padding=\u00a0\u00bb0px||||false|false\u00a0\u00bb locked=\u00a0\u00bboff\u00a0\u00bb global_colors_info=\u00a0\u00bb{}\u00a0\u00bb]Le spray anti-ampoules Care Plus<sup style=\"font-size:8px;\">\u00ae<\/sup> est un dispositif m\u00e9dical. Lire le manuel d&rsquo;utilisation avant utilisation.[\/et_pb_text][et_pb_button button_url=\u00a0\u00bbhttps:\/\/www.careplus-shop.nl\/Care-Plus-Anti-Blister-Spray-50-ml\u00a0\u00bb url_new_window=\u00a0\u00bbon\u00a0\u00bb button_text=\u00a0\u00bbChoisissez &amp; Achetez\u00a0\u00bb button_alignment=\u00a0\u00bbleft\u00a0\u00bb admin_label=\u00a0\u00bbKies &#038; Bestel\u00a0\u00bb _builder_version=\u00a0\u00bb4.17.4&Prime; background_layout=\u00a0\u00bbdark\u00a0\u00bb global_colors_info=\u00a0\u00bb{}\u00a0\u00bb][\/et_pb_button][\/et_pb_column][\/et_pb_row][\/et_pb_section][et_pb_section fb_built=\u00a0\u00bb1&Prime; _builder_version=\u00a0\u00bb4.16&Prime; background_color=\u00a0\u00bb#ffffff\u00a0\u00bb locked=\u00a0\u00bboff\u00a0\u00bb global_colors_info=\u00a0\u00bb{}\u00a0\u00bb][et_pb_row _builder_version=\u00a0\u00bb4.16&Prime; background_size=\u00a0\u00bbinitial\u00a0\u00bb background_position=\u00a0\u00bbtop_left\u00a0\u00bb background_repeat=\u00a0\u00bbrepeat\u00a0\u00bb global_colors_info=\u00a0\u00bb{}\u00a0\u00bb][et_pb_column type=\u00a0\u00bb4_4&Prime; _builder_version=\u00a0\u00bb4.16&Prime; custom_padding=\u00a0\u00bb|||\u00a0\u00bb global_colors_info=\u00a0\u00bb{}\u00a0\u00bb custom_padding__hover=\u00a0\u00bb|||\u00a0\u00bb][et_pb_text admin_label=\u00a0\u00bbBlaren behandelen\u00a0\u00bb _builder_version=\u00a0\u00bb4.21.0&Prime; global_colors_info=\u00a0\u00bb{}\u00a0\u00bb]<\/p>\n<h3>Traitement des ampoules<\/h3>\n<p>Avez-vous eu une ou plusieurs ampoules malgr\u00e9 les mesures pr\u00e9ventives\u00a0? Rien n&rsquo;est plus ennuyeux que de se promener avec les pieds endoloris. Heureusement, il existe des <a href=\"\/fr\/premiers-secours-en-voyage\/ampoules\/traiter\/pansements-pour-ampoules\/\"> pansements ampoules<\/a> pour r\u00e9duire la douleur et soulager la pression. Vous souffrez de br\u00fblures aux pieds ? Care Plus<sup style=\"font-size:8px;\">\u00ae<\/sup> <a href=\"\/fr\/premiers-secours-en-voyage\/ampoules\/prevenir\/poudre-pour-les-pieds\/\">foot powder<\/a> rafra\u00eechit et soulage vos pieds. <a href=\"\/fr\/premiers-secours-en-voyage\/ampoules\/prevenir\/\">Lisez plus de conseils pour \u00e9viter une ampoule ici<\/a> et <a href=\"\/fr\/premiers-secours-en-voyage\/ampoules\/traiter\/\">tout savoir sur le traitement des ampoules<\/a>.<\/p>\n<p>[\/et_pb_text][\/et_pb_column][\/et_pb_row][\/et_pb_section][et_pb_section fb_built=\u00a0\u00bb1&Prime; fullwidth=\u00a0\u00bbon\u00a0\u00bb _builder_version=\u00a0\u00bb4.16&Prime; _module_preset=\u00a0\u00bbdefault\u00a0\u00bb locked=\u00a0\u00bboff\u00a0\u00bb global_colors_info=\u00a0\u00bb{}\u00a0\u00bb][et_pb_fullwidth_header _builder_version=\u00a0\u00bb4.21.0&Prime; _module_preset=\u00a0\u00bbdefault\u00a0\u00bb background_image=\u00a0\u00bbhttps:\/\/www.careplus.eu\/wp-content\/uploads\/2019\/03\/care-plus-blaren-behandelen.jpg\u00a0\u00bb parallax=\u00a0\u00bbon\u00a0\u00bb height=\u00a0\u00bb350px\u00a0\u00bb max_height=\u00a0\u00bb350px\u00a0\u00bb hover_enabled=\u00a0\u00bb0&Prime; global_colors_info=\u00a0\u00bb{}\u00a0\u00bb alt=\u00a0\u00bbcare plus blaren behandelen\u00a0\u00bb title_text=\u00a0\u00bbcare plus blaren behandelen\u00a0\u00bb sticky_enabled=\u00a0\u00bb0&Prime;][\/et_pb_fullwidth_header][\/et_pb_section][et_pb_section fb_built=\u00a0\u00bb1&Prime; disabled_on=\u00a0\u00bboff|off|off\u00a0\u00bb _builder_version=\u00a0\u00bb4.17.4&Prime; custom_margin=\u00a0\u00bb10px||||false|false\u00a0\u00bb custom_padding=\u00a0\u00bb10px|0px|54px|0px|false|false\u00a0\u00bb locked=\u00a0\u00bboff\u00a0\u00bb global_colors_info=\u00a0\u00bb{}\u00a0\u00bb][et_pb_row _builder_version=\u00a0\u00bb4.17.4&Prime; custom_margin=\u00a0\u00bb0px||||false|false\u00a0\u00bb custom_padding=\u00a0\u00bb0px||||false|false\u00a0\u00bb collapsed=\u00a0\u00bboff\u00a0\u00bb global_colors_info=\u00a0\u00bb{}\u00a0\u00bb][et_pb_column type=\u00a0\u00bb4_4&Prime; _builder_version=\u00a0\u00bb4.16&Prime; custom_padding=\u00a0\u00bb|||\u00a0\u00bb global_colors_info=\u00a0\u00bb{}\u00a0\u00bb custom_padding__hover=\u00a0\u00bb|||\u00a0\u00bb][et_pb_divider show_divider=\u00a0\u00bboff\u00a0\u00bb _builder_version=\u00a0\u00bb4.17.4&Prime; global_colors_info=\u00a0\u00bb{}\u00a0\u00bb][\/et_pb_divider][et_pb_text admin_label=\u00a0\u00bbBlister-spray\u00a0\u00bb module_id=\u00a0\u00bbsubsection_3&Prime; module_class=\u00a0\u00bbignore_default\u00a0\u00bb _builder_version=\u00a0\u00bb4.18.0&Prime; global_colors_info=\u00a0\u00bb{}\u00a0\u00bb]<\/p>\n<h2>Questions fr\u00e9quentes sur le spray anti-ampoules<\/h2>\n<p>[\/et_pb_text][et_pb_toggle title=\u00a0\u00bbComment utiliser le spray anti-ampoules ?\u00a0\u00bb admin_label=\u00a0\u00bbHoe gebruik je de Anti-Blister spray? \u00a0\u00bb _builder_version=\u00a0\u00bb4.18.0&Prime; global_colors_info=\u00a0\u00bb{}\u00a0\u00bb]Vaporisez vos pieds avec le spray anti-ampoules \u00e0 partir de trois semaines avant une balade ou une randonn\u00e9e. Vous pouvez \u00e9galement utiliser le spray pendant et apr\u00e8s un voyage pour rafra\u00eechir, rafra\u00eechir et soulager les pieds. [\/et_pb_toggle][et_pb_toggle title=\u00a0\u00bbQuels sont les avantages du spray anti-ampoules ?\u00a0\u00bb admin_label=\u00a0\u00bbWat zijn de voordelen van de Anti-Blister spray? \u00a0\u00bb _builder_version=\u00a0\u00bb4.18.0&Prime; global_colors_info=\u00a0\u00bb{}\u00a0\u00bb]Le spray renforce la peau et \u00e9vite ainsi les cloques. De plus, l&rsquo;agent nettoie la peau pour qu&rsquo;un patch adh\u00e8re mieux. [\/et_pb_toggle][et_pb_toggle title=\u00a0\u00bbLe spray aide-t-il \u00e9galement contre les ampoules ?\u00a0\u00bb admin_label=\u00a0\u00bbHelpt de spray ook tegen blaren? \u00a0\u00bb _builder_version=\u00a0\u00bb4.21.0&Prime; global_colors_info=\u00a0\u00bb{}\u00a0\u00bb]Oui, le spray anti-ampoules Care Plus<sup style=\"font-size:8px;\">\u00ae<\/sup> aide \u00e0 pr\u00e9venir les ampoules. Avez-vous d\u00e9j\u00e0 eu une ampoule ? Ensuite, utilisez nos <a href=\"\/fr\/premiers-secours-en-voyage\/ampoules\/traiter\/pansements-pour-ampoules\/\"> pansements anti-ampoules< \/a>. [\/et_pb_toggle][et_pb_toggle title=\u00a0\u00bbLe spray fonctionne-t-il \u00e9galement avec les pieds moites ?\u00a0\u00bb admin_label=\u00a0\u00bbWerkt de spray ook bij zweetvoeten? \u00a0\u00bb _builder_version=\u00a0\u00bb4.21.0&Prime; global_colors_info=\u00a0\u00bb{}\u00a0\u00bb]Le spray refroidit, rafra\u00eechit et soulage les muscles et les pieds fatigu\u00e9s. Le produit n&rsquo;absorbe pas l&rsquo;humidit\u00e9. Pour les pieds moites, il est pr\u00e9f\u00e9rable d&rsquo;utiliser notre <a href=\"\/fr\/premiers-secours-en-voyage\/ampoules\/prevenir\/poudre-pour-les-pieds\/\">poudre pour les pieds<\/a>. [\/et_pb_toggle][\/et_pb_column][\/et_pb_row][\/et_pb_section]<\/p>\n","protected":false},"excerpt":{"rendered":"<p>Pr\u00e9venir les ampoules avec le spray anti-ampoules Marche rapide, sport, chaussures neuves, temps chaud\u00a0: les pieds ont du mal. Les ampoules aux pieds peuvent rendre la position debout ou la marche angoissantes. Une ampoule ou une autre irritation des pieds peut se former tr\u00e8s rapidement. Heureusement, il existe des produits qui r\u00e9duisent le risque d&rsquo;ampoule.Voulez-vous [&hellip;]<\/p>\n","protected":false},"author":37,"featured_media":0,"parent":5795,"menu_order":0,"comment_status":"closed","ping_status":"closed","template":"","meta":{"_acf_changed":false,"_et_pb_use_builder":"on","_et_pb_old_content":"","_et_gb_content_width":"","footnotes":""},"class_list":["post-5651","page","type-page","status-publish","hentry"],"acf":[],"_links":{"self":[{"href":"https:\/\/www.careplus.eu\/fr\/wp-json\/wp\/v2\/pages\/5651","targetHints":{"allow":["GET"]}}],"collection":[{"href":"https:\/\/www.careplus.eu\/fr\/wp-json\/wp\/v2\/pages"}],"about":[{"href":"https:\/\/www.careplus.eu\/fr\/wp-json\/wp\/v2\/types\/page"}],"author":[{"embeddable":true,"href":"https:\/\/www.careplus.eu\/fr\/wp-json\/wp\/v2\/users\/37"}],"replies":[{"embeddable":true,"href":"https:\/\/www.careplus.eu\/fr\/wp-json\/wp\/v2\/comments?post=5651"}],"version-history":[{"count":0,"href":"https:\/\/www.careplus.eu\/fr\/wp-json\/wp\/v2\/pages\/5651\/revisions"}],"up":[{"embeddable":true,"href":"https:\/\/www.careplus.eu\/fr\/wp-json\/wp\/v2\/pages\/5795"}],"wp:attachment":[{"href":"https:\/\/www.careplus.eu\/fr\/wp-json\/wp\/v2\/media?parent=5651"}],"curies":[{"name":"wp","href":"https:\/\/api.w.org\/{rel}","templated":true}]}}