


{"id":5649,"date":"2019-03-19T23:03:53","date_gmt":"2019-03-19T22:03:53","guid":{"rendered":"https:\/\/www.careplus.eu\/pansements-pour-ampoules\/"},"modified":"2023-09-06T11:23:02","modified_gmt":"2023-09-06T09:23:02","slug":"pansements-pour-ampoules","status":"publish","type":"page","link":"https:\/\/www.careplus.eu\/fr\/premiers-secours-en-voyage\/ampoules\/traiter\/pansements-pour-ampoules\/","title":{"rendered":"Pansements pour ampoules"},"content":{"rendered":"<p>[et_pb_section fb_built=\u00a0\u00bb1&Prime; fullwidth=\u00a0\u00bbon\u00a0\u00bb _builder_version=\u00a0\u00bb4.21.0&Prime; background_image=\u00a0\u00bbhttps:\/\/www.careplus.eu\/wp-content\/uploads\/2023\/06\/blaren.jpg\u00a0\u00bb bottom_divider_style=\u00a0\u00bbcurve\u00a0\u00bb bottom_divider_color=\u00a0\u00bb#ffffff\u00a0\u00bb bottom_divider_height=\u00a0\u00bb40px\u00a0\u00bb global_colors_info=\u00a0\u00bb{}\u00a0\u00bb][et_pb_fullwidth_slider show_arrows=\u00a0\u00bboff\u00a0\u00bb show_pagination=\u00a0\u00bboff\u00a0\u00bb _builder_version=\u00a0\u00bb4.21.0&Prime; global_colors_info=\u00a0\u00bb{}\u00a0\u00bb][et_pb_slide heading=\u00a0\u00bbPansements pour ampoules\u00a0\u00bb use_bg_overlay=\u00a0\u00bboff\u00a0\u00bb use_text_overlay=\u00a0\u00bboff\u00a0\u00bb _builder_version=\u00a0\u00bb4.21.0&Prime; header_level=\u00a0\u00bbh1&Prime; header_font=\u00a0\u00bb|800|||||||\u00a0\u00bb header_font_size=\u00a0\u00bb36&Prime; background_color=\u00a0\u00bbRGBA(255,255,255,0)\u00a0\u00bb background_enable_color=\u00a0\u00bbon\u00a0\u00bb background_enable_image=\u00a0\u00bboff\u00a0\u00bb button_on_hover=\u00a0\u00bbon\u00a0\u00bb custom_padding=\u00a0\u00bb15%||15%|\u00a0\u00bb custom_padding_tablet=\u00a0\u00bb18%||18%|\u00a0\u00bb custom_padding_phone=\u00a0\u00bb18%||18%|\u00a0\u00bb custom_padding_last_edited=\u00a0\u00bbon|\u00a0\u00bb header_font_size_tablet=\u00a0\u00bb30&Prime; header_font_size_phone=\u00a0\u00bb30&Prime; header_font_size_last_edited=\u00a0\u00bbon|desktop\u00a0\u00bb header_text_shadow_style=\u00a0\u00bbpreset3&Prime; header_text_shadow_blur_strength=\u00a0\u00bb0.5em\u00a0\u00bb header_text_shadow_color=\u00a0\u00bbrgba(0,0,0,0.6)\u00a0\u00bb global_colors_info=\u00a0\u00bb{}\u00a0\u00bb sticky_transition=\u00a0\u00bbon\u00a0\u00bb][\/et_pb_slide][\/et_pb_fullwidth_slider][\/et_pb_section][et_pb_section fb_built=\u00a0\u00bb1&Prime; admin_label=\u00a0\u00bbINTRO\u00a0\u00bb _builder_version=\u00a0\u00bb4.21.0&Prime; custom_margin=\u00a0\u00bb50px||||false|false\u00a0\u00bb custom_padding=\u00a0\u00bb0px||||false|false\u00a0\u00bb locked=\u00a0\u00bboff\u00a0\u00bb global_colors_info=\u00a0\u00bb{}\u00a0\u00bb][et_pb_row disabled_on=\u00a0\u00bboff|off|off\u00a0\u00bb _builder_version=\u00a0\u00bb4.21.0&Prime; background_size=\u00a0\u00bbinitial\u00a0\u00bb background_position=\u00a0\u00bbtop_left\u00a0\u00bb background_repeat=\u00a0\u00bbrepeat\u00a0\u00bb custom_margin=\u00a0\u00bb||||false|false\u00a0\u00bb global_module=\u00a0\u00bb18803&Prime; global_colors_info=\u00a0\u00bb{}\u00a0\u00bb][et_pb_column type=\u00a0\u00bb4_4&Prime; _builder_version=\u00a0\u00bb4.16&Prime; custom_padding=\u00a0\u00bb|||\u00a0\u00bb global_colors_info=\u00a0\u00bb{}\u00a0\u00bb custom_padding__hover=\u00a0\u00bb|||\u00a0\u00bb][et_pb_dmb_breadcrumbs _builder_version=\u00a0\u00bb4.16&Prime; body_font_size_tablet=\u00a0\u00bb51&Prime; body_line_height_tablet=\u00a0\u00bb2&Prime; separator_font_size_tablet=\u00a0\u00bb51&Prime; separator_line_height_tablet=\u00a0\u00bb2&Prime; link_font_size_tablet=\u00a0\u00bb51&Prime; link_line_height_tablet=\u00a0\u00bb2&Prime; linkhover_font_size_tablet=\u00a0\u00bb51&Prime; linkhover_line_height_tablet=\u00a0\u00bb2&Prime; global_colors_info=\u00a0\u00bb{}\u00a0\u00bb][\/et_pb_dmb_breadcrumbs][\/et_pb_column][\/et_pb_row][et_pb_row _builder_version=\u00a0\u00bb4.16&Prime; background_size=\u00a0\u00bbinitial\u00a0\u00bb background_position=\u00a0\u00bbtop_left\u00a0\u00bb background_repeat=\u00a0\u00bbrepeat\u00a0\u00bb global_colors_info=\u00a0\u00bb{}\u00a0\u00bb][et_pb_column type=\u00a0\u00bb4_4&Prime; _builder_version=\u00a0\u00bb4.16&Prime; custom_padding=\u00a0\u00bb|||\u00a0\u00bb global_colors_info=\u00a0\u00bb{}\u00a0\u00bb custom_padding__hover=\u00a0\u00bb|||\u00a0\u00bb][et_pb_text admin_label=\u00a0\u00bbBlarenpleisters intro\u00a0\u00bb _builder_version=\u00a0\u00bb4.21.0&Prime; header_2_font=\u00a0\u00bb|800|||||||\u00a0\u00bb global_colors_info=\u00a0\u00bb{}\u00a0\u00bb]<\/p>\n<h2>Traiter les ampoules avec un pansement pour ampoules<\/h2>\n<p><strong> Il arrive que des ampoules se forment malgr\u00e9 tous les efforts d\u00e9ploy\u00e9s pour les pr\u00e9venir. Si vous avez une ampoule, les pansements pour ampoules sont tr\u00e8s utiles. Les pansements pour ampoules Care Plus<sup style=\"font-size:8px;\">\u00ae<\/sup> sont sp\u00e9cialement con\u00e7us pour soulager la douleur, fournir une barri\u00e8re protectrice et favoriser la cicatrisation. Nos pansements pour ampoules sont disponibles en Duo Pack et Ultimate. De cette mani\u00e8re vous avez le pansement ad\u00e9quat pour chaque ampoule !<\/strong><\/p>\n<p>[\/et_pb_text][et_pb_text admin_label=\u00a0\u00bbBlarenpleisters vervolg\u00a0\u00bb _builder_version=\u00a0\u00bb4.21.0&Prime; header_2_font=\u00a0\u00bb|800|||||||\u00a0\u00bb global_colors_info=\u00a0\u00bb{}\u00a0\u00bb]<\/p>\n<h3>Pansements pour ampoules Duo Pack<\/h3>\n<p>La bo\u00eete Care Plus<sup style=\"font-size:8px;\">\u00ae<\/sup> Blister Plasters Duo Pack contient deux sortes de pansements, grands et plus petits. Les pansements sont con\u00e7us pour offrir une protection et un confort optimaux. Ces pansements sont comme une seconde peau et offrent une exp\u00e9rience sans faille tout en soutenant le processus de gu\u00e9rison. Ils sont fabriqu\u00e9s \u00e0 partir de mat\u00e9riaux respirants qui permettent \u00e0 l&rsquo;air de circuler dans l&rsquo;ampoule. En plus de leur respirabilit\u00e9, ces pansements sont 100 % imperm\u00e9ables. Ils forment un joint s\u00fbr qui emp\u00eache l&rsquo;eau, la salet\u00e9 et les impuret\u00e9s d&rsquo;entrer.[\/et_pb_text][\/et_pb_column][\/et_pb_row][\/et_pb_section][et_pb_section fb_built=\u00a0\u00bb1&Prime; _builder_version=\u00a0\u00bb4.16&Prime; background_color=\u00a0\u00bb#f4f4f4&Prime; locked=\u00a0\u00bboff\u00a0\u00bb global_colors_info=\u00a0\u00bb{}\u00a0\u00bb][et_pb_row column_structure=\u00a0\u00bb1_3,2_3&Prime; _builder_version=\u00a0\u00bb4.16&Prime; background_color=\u00a0\u00bb#ffffff\u00a0\u00bb custom_padding=\u00a0\u00bb|20px||20px\u00a0\u00bb border_radii=\u00a0\u00bbon|10px|10px|10px|10px\u00a0\u00bb global_colors_info=\u00a0\u00bb{}\u00a0\u00bb][et_pb_column type=\u00a0\u00bb1_3&Prime; _builder_version=\u00a0\u00bb4.16&Prime; custom_padding=\u00a0\u00bb|||\u00a0\u00bb global_colors_info=\u00a0\u00bb{}\u00a0\u00bb custom_padding__hover=\u00a0\u00bb|||\u00a0\u00bb][et_pb_image src=\u00a0\u00bbhttps:\/\/www.careplus.eu\/wp-content\/uploads\/2023\/06\/Care-Plus\u00ae-blarenpleisters-Duo-Pack.png\u00a0\u00bb title_text=\u00a0\u00bbCare Plus\u00ae blarenpleisters Duo Pack\u00a0\u00bb show_in_lightbox=\u00a0\u00bbon\u00a0\u00bb use_overlay=\u00a0\u00bbon\u00a0\u00bb overlay_icon_color=\u00a0\u00bb#ffffff\u00a0\u00bb hover_overlay_color=\u00a0\u00bbrgba(0,0,0,0)\u00a0\u00bb hover_icon=\u00a0\u00bb&#x54;||divi||400&Prime; align_tablet=\u00a0\u00bbcenter\u00a0\u00bb align_phone=\u00a0\u00bb\u00a0\u00bb align_last_edited=\u00a0\u00bbon|desktop\u00a0\u00bb admin_label=\u00a0\u00bbPackshot blaarpleister duo\u00a0\u00bb _builder_version=\u00a0\u00bb4.21.0&Prime; custom_padding=\u00a0\u00bb|20px||20px\u00a0\u00bb global_colors_info=\u00a0\u00bb{}\u00a0\u00bb][\/et_pb_image][\/et_pb_column][et_pb_column type=\u00a0\u00bb2_3&Prime; _builder_version=\u00a0\u00bb4.16&Prime; custom_padding=\u00a0\u00bb|||\u00a0\u00bb global_colors_info=\u00a0\u00bb{}\u00a0\u00bb custom_padding__hover=\u00a0\u00bb|||\u00a0\u00bb][et_pb_text admin_label=\u00a0\u00bbCare Plus blarenpleisters Duo Pack\u00a0\u00bb _builder_version=\u00a0\u00bb4.21.0&Prime; header_3_text_color=\u00a0\u00bb#ff0000&Prime; custom_margin=\u00a0\u00bb||0px||false|false\u00a0\u00bb custom_padding=\u00a0\u00bb|20px|0px||false|false\u00a0\u00bb global_colors_info=\u00a0\u00bb{}\u00a0\u00bb]<\/p>\n<h3>Care Plus<sup style=\"font-size:10px;\">\u00ae<\/sup> Blister Plasters Duo Pack<\/h3>\n<ul>\n<li>Comme une seconde peau<\/li>\n<li>Peut \u00e9galement \u00eatre utilis\u00e9 \u00e0 titre pr\u00e9ventif<\/li>\n<li>Aide \u00e0 soulager la douleur<\/li>\n<li>Fabriqu\u00e9 \u00e0 partir d\u2019un mat\u00e9riau respirant<\/li>\n<li>Emp\u00eache l&rsquo;eau, la salet\u00e9 et les impuret\u00e9s de p\u00e9n\u00e9trer<\/li>\n<li>100% imperm\u00e9able<\/li>\n<li>Contenu : 6 pansements pour ampoules<\/li>\n<p>[\/et_pb_text][et_pb_text admin_label=\u00a0\u00bbDisclaimer\u00a0\u00bb _builder_version=\u00a0\u00bb4.21.0&Prime; text_font_size=\u00a0\u00bb10px\u00a0\u00bb text_line_height=\u00a0\u00bb1.5em\u00a0\u00bb custom_margin=\u00a0\u00bb0px||||false|false\u00a0\u00bb custom_padding=\u00a0\u00bb0px||||false|false\u00a0\u00bb locked=\u00a0\u00bboff\u00a0\u00bb global_colors_info=\u00a0\u00bb{}\u00a0\u00bb]Care Plus<sup style=\"font-size:8px;\">\u00ae<\/sup> Blister Plasters Duo Pack est un dispositif m\u00e9dical. Veuillez lire le mode d&#8217;emploi avant de l&rsquo;utiliser.[\/et_pb_text][et_pb_button button_url=\u00a0\u00bbhttps:\/\/www.careplus-shop.fr\/Blarenpleisters-Duo-Pack\u00a0\u00bb url_new_window=\u00a0\u00bbon\u00a0\u00bb button_text=\u00a0\u00bbChoisissez et commandez\u00a0\u00bb button_alignment=\u00a0\u00bbleft\u00a0\u00bb button_alignment_tablet=\u00a0\u00bbcenter\u00a0\u00bb button_alignment_phone=\u00a0\u00bb\u00a0\u00bb button_alignment_last_edited=\u00a0\u00bbon|phone\u00a0\u00bb admin_label=\u00a0\u00bbBestelbutton\u00a0\u00bb _builder_version=\u00a0\u00bb4.22.1&Prime; _module_preset=\u00a0\u00bbdefault\u00a0\u00bb custom_button=\u00a0\u00bbon\u00a0\u00bb button_bg_color=\u00a0\u00bb#ff0000&Prime; hover_enabled=\u00a0\u00bb0&Prime; global_colors_info=\u00a0\u00bb{}\u00a0\u00bb sticky_enabled=\u00a0\u00bb0&Prime;][\/et_pb_button][\/et_pb_column][\/et_pb_row][\/et_pb_section][et_pb_section fb_built=\u00a0\u00bb1&Prime; _builder_version=\u00a0\u00bb4.16&Prime; background_color=\u00a0\u00bb#ffffff\u00a0\u00bb locked=\u00a0\u00bboff\u00a0\u00bb global_colors_info=\u00a0\u00bb{}\u00a0\u00bb][et_pb_row _builder_version=\u00a0\u00bb4.16&Prime; background_size=\u00a0\u00bbinitial\u00a0\u00bb background_position=\u00a0\u00bbtop_left\u00a0\u00bb background_repeat=\u00a0\u00bbrepeat\u00a0\u00bb global_colors_info=\u00a0\u00bb{}\u00a0\u00bb][et_pb_column type=\u00a0\u00bb4_4&Prime; _builder_version=\u00a0\u00bb4.16&Prime; custom_padding=\u00a0\u00bb|||\u00a0\u00bb global_colors_info=\u00a0\u00bb{}\u00a0\u00bb custom_padding__hover=\u00a0\u00bb|||\u00a0\u00bb][et_pb_text admin_label=\u00a0\u00bbBlarenpleisters ultimate\u00a0\u00bb _builder_version=\u00a0\u00bb4.21.0&Prime; global_colors_info=\u00a0\u00bb{}\u00a0\u00bb]<\/p>\n<h3>Pansements pour ampoules Ultimate<\/h3>\n<p>Nos pansements pour ampoules Ultimate offrent le nec plus ultra en mati\u00e8re de protection et de soulagement des ampoules. Les pansements Care Plus<sup style=\"font-size:8px;\">\u00ae<\/sup> Blister Plasters Ultimate sont sp\u00e9cialement con\u00e7us pour r\u00e9pondre aux exigences d&rsquo;une utilisation intensive tout en offrant des soins pr\u00e9ventifs et un soutien au processus de cicatrisation. L&rsquo;une des principales caract\u00e9ristiques de Care Plus<sup style=\"font-size:8px;\">\u00ae<\/sup> Blister Plasters Ultimate est son \u00e9paisseur suppl\u00e9mentaire, qui permet de mieux soulager les ampoules. La construction unique du pansement pour ampoules assure un amortissement optimal, ce qui vous permet de poursuivre vos activit\u00e9s sans vous soucier de la douleur ou de l&rsquo;irritation.[\/et_pb_text][\/et_pb_column][\/et_pb_row][\/et_pb_section][et_pb_section fb_built=\u00a0\u00bb1&Prime; _builder_version=\u00a0\u00bb4.16&Prime; background_color=\u00a0\u00bb#f4f4f4&Prime; locked=\u00a0\u00bboff\u00a0\u00bb global_colors_info=\u00a0\u00bb{}\u00a0\u00bb][et_pb_row column_structure=\u00a0\u00bb1_3,2_3&Prime; _builder_version=\u00a0\u00bb4.16&Prime; background_color=\u00a0\u00bb#ffffff\u00a0\u00bb custom_padding=\u00a0\u00bb|20px||20px\u00a0\u00bb border_radii=\u00a0\u00bbon|10px|10px|10px|10px\u00a0\u00bb global_colors_info=\u00a0\u00bb{}\u00a0\u00bb][et_pb_column type=\u00a0\u00bb1_3&Prime; _builder_version=\u00a0\u00bb4.16&Prime; custom_padding=\u00a0\u00bb|||\u00a0\u00bb global_colors_info=\u00a0\u00bb{}\u00a0\u00bb custom_padding__hover=\u00a0\u00bb|||\u00a0\u00bb][et_pb_image src=\u00a0\u00bbhttps:\/\/www.careplus.eu\/wp-content\/uploads\/2025\/05\/Care-plus-Blarenpleisters_Ultimate.webp\u00a0\u00bb title_text=\u00a0\u00bbCare Plus\u00ae blarenpleisters Ultimate\u00a0\u00bb show_in_lightbox=\u00a0\u00bbon\u00a0\u00bb use_overlay=\u00a0\u00bbon\u00a0\u00bb overlay_icon_color=\u00a0\u00bb#ffffff\u00a0\u00bb hover_overlay_color=\u00a0\u00bbrgba(0,0,0,0)\u00a0\u00bb hover_icon=\u00a0\u00bb&#x54;||divi||400&Prime; align_tablet=\u00a0\u00bbcenter\u00a0\u00bb align_phone=\u00a0\u00bb\u00a0\u00bb align_last_edited=\u00a0\u00bbon|desktop\u00a0\u00bb admin_label=\u00a0\u00bbPackshot blaarpleister ultimate\u00a0\u00bb _builder_version=\u00a0\u00bb4.21.0&Prime; height=\u00a0\u00bb300px\u00a0\u00bb max_height=\u00a0\u00bb300px\u00a0\u00bb custom_padding=\u00a0\u00bb|20px||20px\u00a0\u00bb global_colors_info=\u00a0\u00bb{}\u00a0\u00bb][\/et_pb_image][\/et_pb_column][et_pb_column type=\u00a0\u00bb2_3&Prime; _builder_version=\u00a0\u00bb4.16&Prime; custom_padding=\u00a0\u00bb|||\u00a0\u00bb global_colors_info=\u00a0\u00bb{}\u00a0\u00bb custom_padding__hover=\u00a0\u00bb|||\u00a0\u00bb][et_pb_text admin_label=\u00a0\u00bbCare Plus blarenpleisters ultimate\u00a0\u00bb _builder_version=\u00a0\u00bb4.21.0&Prime; header_3_text_color=\u00a0\u00bb#ff0000&Prime; custom_margin=\u00a0\u00bb||0px||false|false\u00a0\u00bb custom_padding=\u00a0\u00bb|20px|0px||false|false\u00a0\u00bb global_colors_info=\u00a0\u00bb{}\u00a0\u00bb]<\/p>\n<h3>Care Plus<sup style=\"font-size:10px;\">\u00ae<\/sup> Blister Plasters Ultimate<\/h3>\n<ul>\n<li>Pansement extra-\u00e9pais pour un meilleur amortissement<\/li>\n<li>Favorise le processus de gu\u00e9rison<\/li>\n<li>Aide \u00e0 soulager la douleur<\/li>\n<li>Fabriqu\u00e9 \u00e0 partir d\u2019un mat\u00e9riau respirant<\/li>\n<li>Emp\u00eache l&rsquo;eau, la salet\u00e9 et les impuret\u00e9s d&rsquo;entrer<\/li>\n<li>100% \u00e9tanche<\/li>\n<li>Contenu : 5 pansements pour ampoules<\/li>\n<p>[\/et_pb_text][et_pb_text admin_label=\u00a0\u00bbDisclaimer\u00a0\u00bb _builder_version=\u00a0\u00bb4.21.0&Prime; text_font_size=\u00a0\u00bb10px\u00a0\u00bb text_line_height=\u00a0\u00bb1.5em\u00a0\u00bb custom_margin=\u00a0\u00bb0px||||false|false\u00a0\u00bb custom_padding=\u00a0\u00bb0px||||false|false\u00a0\u00bb locked=\u00a0\u00bboff\u00a0\u00bb global_colors_info=\u00a0\u00bb{}\u00a0\u00bb]Care Plus<sup style=\"font-size:8px;\">\u00ae<\/sup> Blister Plasters Ultimate est un dispositif m\u00e9dical. Veuillez lire le mode d&#8217;emploi avant de l&rsquo;utiliser.[\/et_pb_text][et_pb_button button_url=\u00a0\u00bbhttps:\/\/www.careplus-shop.fr\/Blarenpleisters-Ultimate\u00a0\u00bb url_new_window=\u00a0\u00bbon\u00a0\u00bb button_text=\u00a0\u00bbChoisissez et commandez\u00a0\u00bb button_alignment=\u00a0\u00bbleft\u00a0\u00bb button_alignment_tablet=\u00a0\u00bbcenter\u00a0\u00bb button_alignment_phone=\u00a0\u00bb\u00a0\u00bb button_alignment_last_edited=\u00a0\u00bbon|phone\u00a0\u00bb admin_label=\u00a0\u00bbBestelbutton\u00a0\u00bb _builder_version=\u00a0\u00bb4.22.1&Prime; _module_preset=\u00a0\u00bbdefault\u00a0\u00bb custom_button=\u00a0\u00bbon\u00a0\u00bb button_bg_color=\u00a0\u00bb#ff0000&Prime; hover_enabled=\u00a0\u00bb0&Prime; global_colors_info=\u00a0\u00bb{}\u00a0\u00bb sticky_enabled=\u00a0\u00bb0&Prime;][\/et_pb_button][\/et_pb_column][\/et_pb_row][\/et_pb_section][et_pb_section fb_built=\u00a0\u00bb1&Prime; fullwidth=\u00a0\u00bbon\u00a0\u00bb _builder_version=\u00a0\u00bb4.16&Prime; _module_preset=\u00a0\u00bbdefault\u00a0\u00bb locked=\u00a0\u00bboff\u00a0\u00bb global_colors_info=\u00a0\u00bb{}\u00a0\u00bb][et_pb_fullwidth_header _builder_version=\u00a0\u00bb4.18.0&Prime; _module_preset=\u00a0\u00bbdefault\u00a0\u00bb background_image=\u00a0\u00bbhttps:\/\/www.careplus.eu\/wp-content\/uploads\/2018\/12\/blaren.jpg\u00a0\u00bb parallax=\u00a0\u00bbon\u00a0\u00bb height=\u00a0\u00bb350px\u00a0\u00bb max_height=\u00a0\u00bb350px\u00a0\u00bb global_colors_info=\u00a0\u00bb{}\u00a0\u00bb][\/et_pb_fullwidth_header][\/et_pb_section]<\/p>\n","protected":false},"excerpt":{"rendered":"<p>Traiter les ampoules avec un pansement pour ampoules Il arrive que des ampoules se forment malgr\u00e9 tous les efforts d\u00e9ploy\u00e9s pour les pr\u00e9venir. Si vous avez une ampoule, les pansements pour ampoules sont tr\u00e8s utiles. Les pansements pour ampoules Care Plus\u00ae sont sp\u00e9cialement con\u00e7us pour soulager la douleur, fournir une barri\u00e8re protectrice et favoriser la [&hellip;]<\/p>\n","protected":false},"author":37,"featured_media":0,"parent":5789,"menu_order":0,"comment_status":"closed","ping_status":"closed","template":"","meta":{"_acf_changed":false,"_et_pb_use_builder":"on","_et_pb_old_content":"","_et_gb_content_width":"","footnotes":""},"class_list":["post-5649","page","type-page","status-publish","hentry"],"acf":[],"_links":{"self":[{"href":"https:\/\/www.careplus.eu\/fr\/wp-json\/wp\/v2\/pages\/5649","targetHints":{"allow":["GET"]}}],"collection":[{"href":"https:\/\/www.careplus.eu\/fr\/wp-json\/wp\/v2\/pages"}],"about":[{"href":"https:\/\/www.careplus.eu\/fr\/wp-json\/wp\/v2\/types\/page"}],"author":[{"embeddable":true,"href":"https:\/\/www.careplus.eu\/fr\/wp-json\/wp\/v2\/users\/37"}],"replies":[{"embeddable":true,"href":"https:\/\/www.careplus.eu\/fr\/wp-json\/wp\/v2\/comments?post=5649"}],"version-history":[{"count":0,"href":"https:\/\/www.careplus.eu\/fr\/wp-json\/wp\/v2\/pages\/5649\/revisions"}],"up":[{"embeddable":true,"href":"https:\/\/www.careplus.eu\/fr\/wp-json\/wp\/v2\/pages\/5789"}],"wp:attachment":[{"href":"https:\/\/www.careplus.eu\/fr\/wp-json\/wp\/v2\/media?parent=5649"}],"curies":[{"name":"wp","href":"https:\/\/api.w.org\/{rel}","templated":true}]}}