


{"id":5644,"date":"2019-03-19T22:47:38","date_gmt":"2019-03-19T21:47:38","guid":{"rendered":"https:\/\/www.careplus.eu\/attenuer-les-demangeaisons\/"},"modified":"2023-10-05T11:23:01","modified_gmt":"2023-10-05T09:23:01","slug":"attenuer-les-demangeaisons","status":"publish","type":"page","link":"https:\/\/www.careplus.eu\/fr\/moustiques-et-tiques\/traiter-une-morsure\/attenuer-les-demangeaisons\/","title":{"rendered":"Att\u00e9nuer les d\u00e9mangeaisons"},"content":{"rendered":"<p>[et_pb_section fb_built=\u00a0\u00bb1&Prime; fullwidth=\u00a0\u00bbon\u00a0\u00bb _builder_version=\u00a0\u00bb4.16&Prime; bottom_divider_style=\u00a0\u00bbcurve\u00a0\u00bb bottom_divider_color=\u00a0\u00bb#ffffff\u00a0\u00bb bottom_divider_height=\u00a0\u00bb40px\u00a0\u00bb global_colors_info=\u00a0\u00bb{}\u00a0\u00bb][et_pb_fullwidth_slider show_arrows=\u00a0\u00bboff\u00a0\u00bb show_pagination=\u00a0\u00bboff\u00a0\u00bb _builder_version=\u00a0\u00bb4.16&Prime; global_colors_info=\u00a0\u00bb{}\u00a0\u00bb][et_pb_slide heading=\u00a0\u00bbAtt\u00e9nuer les d\u00e9mangeaisons\u00a0\u00bb use_bg_overlay=\u00a0\u00bboff\u00a0\u00bb use_text_overlay=\u00a0\u00bboff\u00a0\u00bb _builder_version=\u00a0\u00bb4.16&Prime; header_level=\u00a0\u00bbh1&Prime; header_font=\u00a0\u00bb|800|||||||\u00a0\u00bb header_font_size=\u00a0\u00bb36&Prime; background_color=\u00a0\u00bb#006b2d\u00a0\u00bb background_image=\u00a0\u00bbhttps:\/\/www.careplus.eu\/wp-content\/uploads\/2019\/02\/insectenbeet-jeuk-verzachten.jpg\u00a0\u00bb button_on_hover=\u00a0\u00bbon\u00a0\u00bb custom_padding=\u00a0\u00bb18%||18%|\u00a0\u00bb custom_padding_tablet=\u00a0\u00bb22%||10%|\u00a0\u00bb custom_padding_phone=\u00a0\u00bb30%||30%|\u00a0\u00bb custom_padding_last_edited=\u00a0\u00bbon|phone\u00a0\u00bb header_font_size_tablet=\u00a0\u00bb36&Prime; header_font_size_phone=\u00a0\u00bb36&Prime; header_text_shadow_style=\u00a0\u00bbpreset3&Prime; header_text_shadow_blur_strength=\u00a0\u00bb0.5em\u00a0\u00bb header_text_shadow_color=\u00a0\u00bbrgba(0,0,0,0.6)\u00a0\u00bb global_colors_info=\u00a0\u00bb{}\u00a0\u00bb sticky_transition=\u00a0\u00bbon\u00a0\u00bb][\/et_pb_slide][\/et_pb_fullwidth_slider][\/et_pb_section][et_pb_section fb_built=\u00a0\u00bb1&Prime; _builder_version=\u00a0\u00bb4.16&Prime; global_colors_info=\u00a0\u00bb{}\u00a0\u00bb][et_pb_row _builder_version=\u00a0\u00bb4.16&Prime; background_size=\u00a0\u00bbinitial\u00a0\u00bb background_position=\u00a0\u00bbtop_left\u00a0\u00bb background_repeat=\u00a0\u00bbrepeat\u00a0\u00bb global_colors_info=\u00a0\u00bb{}\u00a0\u00bb][et_pb_column type=\u00a0\u00bb4_4&Prime; _builder_version=\u00a0\u00bb4.16&Prime; custom_padding=\u00a0\u00bb|||\u00a0\u00bb global_colors_info=\u00a0\u00bb{}\u00a0\u00bb custom_padding__hover=\u00a0\u00bb|||\u00a0\u00bb][et_pb_dmb_breadcrumbs _builder_version=\u00a0\u00bb4.16&Prime; body_font_size_tablet=\u00a0\u00bb51&Prime; body_line_height_tablet=\u00a0\u00bb2&Prime; separator_font_size_tablet=\u00a0\u00bb51&Prime; separator_line_height_tablet=\u00a0\u00bb2&Prime; link_font_size_tablet=\u00a0\u00bb51&Prime; link_line_height_tablet=\u00a0\u00bb2&Prime; linkhover_font_size_tablet=\u00a0\u00bb51&Prime; linkhover_line_height_tablet=\u00a0\u00bb2&Prime; global_colors_info=\u00a0\u00bb{}\u00a0\u00bb][\/et_pb_dmb_breadcrumbs][et_pb_text admin_label=\u00a0\u00bbJeuk verzachten\u00a0\u00bb _builder_version=\u00a0\u00bb4.16&Prime; header_2_font=\u00a0\u00bb|800|||||||\u00a0\u00bb global_colors_info=\u00a0\u00bb{}\u00a0\u00bb]<\/p>\n<h2>Att\u00e9nuer les d\u00e9mangeaisons<\/h2>\n<p>Il est important de bien prot\u00e9ger la peau contre les morsures ou piqures d\u2019insectes. Care Plus<sup style=\"font-size:10px;\">\u00ae<\/sup> dispose d\u2019un vaste assortiment de produits pour cela. Se badigeonner r\u00e9guli\u00e8rement afin d\u2019\u00e9viter les morsures d\u2019insectes demande de la discipline et l\u2019on oublie parfois de le faire. Il peut donc arriver que vous soyez tout de m\u00eame mordus ou piqu\u00e9s. Votre peau peut commencer \u00e0 d\u00e9manger et\/ou irriter fortement. Pour cela aussi Care Plus<sup style=\"font-size:10px;\">\u00ae<\/sup> propose diff\u00e9rents produits.<\/p>\n<h3>Qu\u2019est-ce que les d\u00e9mangeaisons?<\/h3>\n<p>Lors de d\u00e9mangeaisons, les capteurs de d\u00e9mangeaison sont stimul\u00e9s. Ce sont des cellules sp\u00e9ciales qui se trouvent dans la peau et qui sont sensibles \u00e0 l\u2019histamine. C\u2019est une substance de type d\u2019acides amin\u00e9s qui est secr\u00e9t\u00e9 par le corps lui-m\u00eame. Lorsque le capteur de d\u00e9mangeaison est stimul\u00e9, les nerfs de la d\u00e9mangeaison envoient un signal au cerveau qui traduit cela en sensation de d\u00e9mangeaison.<\/p>\n<p>Nous consid\u00e9rons les d\u00e9mangeaisons principalement comme des r\u00e9actions \u00e0 des actions externes telles que les morsures de moustiques ou les pulls en laine, mais il existe \u00e9galement des plantes et des animaux qui peuvent vous d\u00e9manger apr\u00e8s les avoir touch\u00e9s. Une r\u00e9action naturelle consiste \u00e0 gratter, mais cela peut irriter la peau d&rsquo;autant plus.<\/p>\n<p>[\/et_pb_text][\/et_pb_column][\/et_pb_row][\/et_pb_section][et_pb_section fb_built=\u00a0\u00bb1&Prime; _builder_version=\u00a0\u00bb4.16&Prime; background_color=\u00a0\u00bb#f4f4f4&Prime; global_colors_info=\u00a0\u00bb{}\u00a0\u00bb][et_pb_row column_structure=\u00a0\u00bb1_3,1_3,1_3&Prime; use_custom_gutter=\u00a0\u00bbon\u00a0\u00bb gutter_width=\u00a0\u00bb2&Prime; _builder_version=\u00a0\u00bb4.16&Prime; background_color=\u00a0\u00bb#ffffff\u00a0\u00bb custom_padding=\u00a0\u00bb|20px||20px\u00a0\u00bb border_radii=\u00a0\u00bbon|10px|10px|10px|10px\u00a0\u00bb global_colors_info=\u00a0\u00bb{}\u00a0\u00bb][et_pb_column type=\u00a0\u00bb1_3&Prime; _builder_version=\u00a0\u00bb4.16&Prime; custom_padding=\u00a0\u00bb|||\u00a0\u00bb global_colors_info=\u00a0\u00bb{}\u00a0\u00bb custom_padding__hover=\u00a0\u00bb|||\u00a0\u00bb][et_pb_image src=\u00a0\u00bbhttps:\/\/www.careplus.eu\/wp-content\/uploads\/2020\/07\/SOS_Gel_V2-5.jpg\u00a0\u00bb title_text=\u00a0\u00bbSOS_Gel_V2&Prime; url=\u00a0\u00bbhttps:\/\/www.careplus-shop.fr\/insecte-bite-sos-gel-20ml\u00a0\u00bb url_new_window=\u00a0\u00bbon\u00a0\u00bb align_tablet=\u00a0\u00bbcenter\u00a0\u00bb align_phone=\u00a0\u00bb\u00a0\u00bb align_last_edited=\u00a0\u00bbon|desktop\u00a0\u00bb _builder_version=\u00a0\u00bb4.16&Prime; global_colors_info=\u00a0\u00bb{}\u00a0\u00bb][\/et_pb_image][et_pb_text _builder_version=\u00a0\u00bb4.16&Prime; background_color=\u00a0\u00bb#f4f4f4&Prime; custom_margin=\u00a0\u00bb|15px||15px\u00a0\u00bb custom_padding=\u00a0\u00bb20px|20px|20px|20px\u00a0\u00bb border_radii=\u00a0\u00bbon|10px|10px|10px|10px\u00a0\u00bb border_width_all=\u00a0\u00bb1px\u00a0\u00bb border_color_all=\u00a0\u00bb#d9d9d9&Prime; global_colors_info=\u00a0\u00bb{}\u00a0\u00bb]<\/p>\n<h3>Care Plus<sup style=\"font-size:10px\">\u00ae<\/sup> SOS Bite Gel<\/h3>\n<p>a une action apaisante, rafraichissante et calmante lorsqu\u2019elle est utilis\u00e9e apr\u00e8s une piqure d\u2019insecte, comme celle du moustique, de la gu\u00eape, et du taon. De plus, le gel permet d\u2019att\u00e9nuer la douleur apr\u00e8s une morsure de m\u00e9duse ou apr\u00e8s que la peau ait \u00e9t\u00e9 en contact avec des orties.<\/p>\n<p>[\/et_pb_text][et_pb_toggle title=\u00a0\u00bbCaract\u00e9ristiques\u00a0\u00bb icon_color=\u00a0\u00bb#0b6a30&Prime; open_icon_color=\u00a0\u00bb#0b6a30&Prime; admin_label=\u00a0\u00bbSpecificaties\u00a0\u00bb _builder_version=\u00a0\u00bb4.22.1&Prime; background_color=\u00a0\u00bb#f4f4f4&Prime; custom_margin=\u00a0\u00bb|20px||20px\u00a0\u00bb custom_padding=\u00a0\u00bb|15px||15px\u00a0\u00bb hover_enabled=\u00a0\u00bb0&Prime; border_radii=\u00a0\u00bbon|10px|10px|10px|10px\u00a0\u00bb global_colors_info=\u00a0\u00bb{}\u00a0\u00bb sticky_enabled=\u00a0\u00bb0&Prime;]<\/p>\n<ul>\n<li>Rafraichit, attenue et calme la peau apr\u00e8s une morsure d\u2019insecte<\/li>\n<li>Fonctionne entre autres pour les piqures de moustiques, de gu\u00eapes, de taons et de m\u00e9duses et apr\u00e8s que la peau ait \u00e9t\u00e9 en contact avec les orties.<\/li>\n<li>Gel id\u00e9al apr\u00e8s une piqure ou la morsure, \u00e0 la maison ou en voyage<\/li>\n<li>Gel facile \u00e0 appliquer qui p\u00e9n\u00e8tre rapidement<\/li>\n<li>Contenu: 20ml<\/li>\n<li>Contient de l\u2019aloe vera, de l\u2019huile tea trea et \u00a0de l\u2019eucalyptus<\/li>\n<li>Convient aux enfants \u00e0 partir de 2 ans<\/li>\n<\/ul>\n<p>[\/et_pb_toggle][et_pb_button button_url=\u00a0\u00bbhttps:\/\/www.careplus-shop.fr\/insecte-bite-sos-gel-20ml\u00a0\u00bb url_new_window=\u00a0\u00bbon\u00a0\u00bb button_text=\u00a0\u00bbChoisissez &#038; Commandez\u00a0\u00bb button_alignment=\u00a0\u00bbcenter\u00a0\u00bb _builder_version=\u00a0\u00bb4.16&Prime; background_layout=\u00a0\u00bbdark\u00a0\u00bb global_colors_info=\u00a0\u00bb{}\u00a0\u00bb][\/et_pb_button][\/et_pb_column][et_pb_column type=\u00a0\u00bb1_3&Prime; _builder_version=\u00a0\u00bb4.16&Prime; custom_padding=\u00a0\u00bb|||\u00a0\u00bb global_colors_info=\u00a0\u00bb{}\u00a0\u00bb custom_padding__hover=\u00a0\u00bb|||\u00a0\u00bb][et_pb_image src=\u00a0\u00bbhttps:\/\/www.careplus.eu\/wp-content\/uploads\/2023\/08\/Care-Plus-Click-Relief-copy.webp\u00a0\u00bb title_text=\u00a0\u00bbCare Plus Click-Relief\u00a0\u00bb url=\u00a0\u00bbhttps:\/\/www.careplus-shop.fr\/click-away-care-plus\u00a0\u00bb url_new_window=\u00a0\u00bbon\u00a0\u00bb align_tablet=\u00a0\u00bbcenter\u00a0\u00bb align_phone=\u00a0\u00bb\u00a0\u00bb align_last_edited=\u00a0\u00bbon|desktop\u00a0\u00bb _builder_version=\u00a0\u00bb4.22.1&Prime; global_colors_info=\u00a0\u00bb{}\u00a0\u00bb][\/et_pb_image][et_pb_text _builder_version=\u00a0\u00bb4.22.1&Prime; background_color=\u00a0\u00bb#f4f4f4&Prime; custom_margin=\u00a0\u00bb|15px||15px\u00a0\u00bb custom_padding=\u00a0\u00bb20px|20px|20px|20px\u00a0\u00bb border_radii=\u00a0\u00bbon|10px|10px|10px|10px\u00a0\u00bb border_width_all=\u00a0\u00bb1px\u00a0\u00bb border_color_all=\u00a0\u00bb#d9d9d9&Prime; global_colors_info=\u00a0\u00bb{}\u00a0\u00bb]<\/p>\n<h3>Care Plus<sup style=\"font-size: 10px\">\u00ae<\/sup>\u00a0Click-Relief<\/h3>\n<p>Agit contre les gonflements, les rougeurs, les irritations et les d\u00e9mangeaisons apr\u00e8s une piqure d\u2019insecte ou une morsure de tique. Cet appareil pratique peu att\u00e9nuer les d\u00e9mangeaisons et le gonflement apr\u00e8s une piqure de moustique, de gu\u00eape ou d\u2019abeille. En quelques minutes.<\/p>\n<p>[\/et_pb_text][et_pb_toggle title=\u00a0\u00bbCaract\u00e9ristiques\u00a0\u00bb icon_color=\u00a0\u00bb#0b6a30&Prime; open_icon_color=\u00a0\u00bb#0b6a30&Prime; admin_label=\u00a0\u00bbSpecificaties\u00a0\u00bb _builder_version=\u00a0\u00bb4.16.0&Prime; background_color=\u00a0\u00bb#f4f4f4&Prime; custom_margin=\u00a0\u00bb|15px||15px\u00a0\u00bb custom_padding=\u00a0\u00bb|20px||20px\u00a0\u00bb border_radii=\u00a0\u00bbon|10px|10px|10px|10px\u00a0\u00bb global_colors_info=\u00a0\u00bb{}\u00a0\u00bb]<\/p>\n<ul>\n<li>Outil id\u00e9al apr\u00e8s la morsure d\u2019insecte ou de m\u00e9duse, \u00e0 la maison ou en voyage<\/li>\n<li>Aide \u00e0 att\u00e9nuer les d\u00e9mangeaisons et les gonflements<\/li>\n<li>Convient aux adultes et aux enfants, \u00e0 partir de 4 ans<\/li>\n<li>Facile d\u2019utilisation<\/li>\n<li>Ne tache pas<\/li>\n<li>Appareil l\u00e9ger et compacte (18 grammes, 80 x 27 x 180 mm)<\/li>\n<li>Ne n\u00e9cessite pas de batterie<\/li>\n<li>Pas de date limite de conservation<\/li>\n<li>Care Plus<sup style=\"font-size:8px;\">\u00ae<\/sup>\u00a0Click Relief est un dispositif m\u00e9dical. Veuillez lire le mode d&#8217;emploi avant de l&rsquo;utiliser.<\/li>\n<\/ul>\n<p>[\/et_pb_toggle][et_pb_button button_url=\u00a0\u00bbhttps:\/\/www.careplus-shop.fr\/First-Aid-Click-Relief\u00a0\u00bb url_new_window=\u00a0\u00bbon\u00a0\u00bb button_text=\u00a0\u00bbChoisissez &#038; Commandez\u00a0\u00bb button_alignment=\u00a0\u00bbcenter\u00a0\u00bb _builder_version=\u00a0\u00bb4.22.1&Prime; background_layout=\u00a0\u00bbdark\u00a0\u00bb global_colors_info=\u00a0\u00bb{}\u00a0\u00bb][\/et_pb_button][\/et_pb_column][et_pb_column type=\u00a0\u00bb1_3&Prime; _builder_version=\u00a0\u00bb4.16&Prime; custom_padding=\u00a0\u00bb|||\u00a0\u00bb global_colors_info=\u00a0\u00bb{}\u00a0\u00bb custom_padding__hover=\u00a0\u00bb|||\u00a0\u00bb][et_pb_image src=\u00a0\u00bbhttps:\/\/www.careplus.eu\/wp-content\/uploads\/2021\/11\/careplus-venimex-2.jpg\u00a0\u00bb title_text=\u00a0\u00bbcareplus-venimex\u00a0\u00bb url=\u00a0\u00bbhttps:\/\/www.careplus-shop.fr\/venimex-extracteur-de-venin\u00a0\u00bb url_new_window=\u00a0\u00bbon\u00a0\u00bb align_tablet=\u00a0\u00bbcenter\u00a0\u00bb align_phone=\u00a0\u00bb\u00a0\u00bb align_last_edited=\u00a0\u00bbon|desktop\u00a0\u00bb _builder_version=\u00a0\u00bb4.16&Prime; global_colors_info=\u00a0\u00bb{}\u00a0\u00bb][\/et_pb_image][et_pb_text _builder_version=\u00a0\u00bb4.16&Prime; background_color=\u00a0\u00bb#f4f4f4&Prime; custom_margin=\u00a0\u00bb|15px||15px\u00a0\u00bb custom_padding=\u00a0\u00bb20px|20px|20px|20px\u00a0\u00bb border_radii=\u00a0\u00bbon|10px|10px|10px|10px\u00a0\u00bb border_width_all=\u00a0\u00bb1px\u00a0\u00bb border_color_all=\u00a0\u00bb#d9d9d9&Prime; global_colors_info=\u00a0\u00bb{}\u00a0\u00bb]<\/p>\n<h3>Care Plus<sup style=\"font-size: 10px\">\u00ae<\/sup>\u00a0Venimex<\/h3>\n<p>Le Venimex est une pompe \u00e0 vide automatique sp\u00e9cialement d\u00e9velopp\u00e9e pour une utilisation apr\u00e8s une morsure ou piqure d\u2019insecte ou d\u2019arachnide. En aspirant le venin, vous \u00e9vitez que celui-ci se r\u00e9pande encore plus dans votre corps.<\/p>\n<p>[\/et_pb_text][et_pb_toggle title=\u00a0\u00bbCaract\u00e9ristiques\u00a0\u00bb icon_color=\u00a0\u00bb#0b6a30&Prime; open_icon_color=\u00a0\u00bb#0b6a30&Prime; admin_label=\u00a0\u00bbSpecificaties\u00a0\u00bb _builder_version=\u00a0\u00bb4.16.0&Prime; background_color=\u00a0\u00bb#f4f4f4&Prime; custom_margin=\u00a0\u00bb|15px||15px\u00a0\u00bb custom_padding=\u00a0\u00bb|20px||20px\u00a0\u00bb border_radii=\u00a0\u00bbon|10px|10px|10px|10px\u00a0\u00bb global_colors_info=\u00a0\u00bb{}\u00a0\u00bb]<\/p>\n<ul>\n<li>Aspirateur de venin id\u00e9al pour utilisation apr\u00e8s une piqure ou morsure, \u00e0 la maison ou en voyage<\/li>\n<li>Emp\u00eache le venin de se r\u00e9pandre dans le corps<\/li>\n<li>Agit entre autres pour les piqures et morsures d\u2019abeille, de gu\u00eape, d\u2019araign\u00e9e ou de scorpion.<\/li>\n<li>Convient pout tout \u00e2ge<\/li>\n<li>Facile d\u2019utilisation avec une main<\/li>\n<li>Emballage tout-en-un pratique<\/li>\n<li>Puissance d\u2019aspiration de 800 millibar<\/li>\n<li>Care Plus<sup style=\"font-size:8px;\">\u00ae<\/sup> Venimex est un dispositif m\u00e9dical. Veuillez lire le mode d&#8217;emploi avant de l&rsquo;utiliser.<\/li>\n<\/ul>\n<p>[\/et_pb_toggle][et_pb_button button_url=\u00a0\u00bbhttps:\/\/www.careplus-shop.fr\/venimex-extracteur-de-venin\u00a0\u00bb url_new_window=\u00a0\u00bbon\u00a0\u00bb button_text=\u00a0\u00bbChoisissez &#038; Commandez\u00a0\u00bb button_alignment=\u00a0\u00bbcenter\u00a0\u00bb _builder_version=\u00a0\u00bb4.16&Prime; background_layout=\u00a0\u00bbdark\u00a0\u00bb global_colors_info=\u00a0\u00bb{}\u00a0\u00bb][\/et_pb_button][\/et_pb_column][\/et_pb_row][\/et_pb_section][et_pb_section fb_built=\u00a0\u00bb1&Prime; _builder_version=\u00a0\u00bb4.16&Prime; global_colors_info=\u00a0\u00bb{}\u00a0\u00bb][et_pb_row _builder_version=\u00a0\u00bb4.16&Prime; background_size=\u00a0\u00bbinitial\u00a0\u00bb background_position=\u00a0\u00bbtop_left\u00a0\u00bb background_repeat=\u00a0\u00bbrepeat\u00a0\u00bb global_colors_info=\u00a0\u00bb{}\u00a0\u00bb][et_pb_column type=\u00a0\u00bb4_4&Prime; _builder_version=\u00a0\u00bb4.16&Prime; custom_padding=\u00a0\u00bb|||\u00a0\u00bb global_colors_info=\u00a0\u00bb{}\u00a0\u00bb custom_padding__hover=\u00a0\u00bb|||\u00a0\u00bb][et_pb_text admin_label=\u00a0\u00bbJeuk verzachten\u00a0\u00bb _builder_version=\u00a0\u00bb4.16&Prime; header_2_font=\u00a0\u00bb|800|||||||\u00a0\u00bb global_colors_info=\u00a0\u00bb{}\u00a0\u00bb]<\/p>\n<h2>Pr\u00e9venir les d\u00e9mangeaisons<\/h2>\n<p>Il est toujours pr\u00e9f\u00e9rable de pr\u00e9venir les morsures et les coups de couteau, non seulement parce que vous ne souffrez pas de d\u00e9mangeaisons, mais davantage, car une piq\u00fbre d&rsquo;insecte peut \u00e9galement transmettre des maladies. Par exemple, une morsure de tique peut causer la m\u00e9ningite ou la maladie de Lyme et une piq\u00fbre de moustique peut provoquer des maladies telles que le paludisme, la fi\u00e8vre jaune, la dengue et le Zika.<br \/>\n\u00a0<br \/>\nEn prenant les bonnes mesures pr\u00e9ventives, vous r\u00e9duirez les risques de morsure ou de coup de couteau. Vous pouvez vous <a href=\"https:\/\/www.careplus.eu\/fr\/moustiques-et-tiques\/proteger\/\">prot\u00e9ger contre les insectes<\/a> en portant les v\u00eatements appropri\u00e9s, en appliquant un rem\u00e8de anti-insectes et en dormant sous une moustiquaire.<\/p>\n<p>[\/et_pb_text][\/et_pb_column][\/et_pb_row][\/et_pb_section]<\/p>\n","protected":false},"excerpt":{"rendered":"<p>Nous consid\u00e9rons les d\u00e9mangeaisons principalement comme des r\u00e9actions \u00e0 des actions externes telles que les morsures de moustiques ou les pulls en laine, mais il existe \u00e9galement des plantes et des animaux qui peuvent vous d\u00e9manger apr\u00e8s les avoir touch\u00e9s. Une r\u00e9action naturelle consiste \u00e0 gratter, mais cela peut irriter la peau d&rsquo;autant plus.<\/p>\n","protected":false},"author":37,"featured_media":0,"parent":5897,"menu_order":0,"comment_status":"closed","ping_status":"closed","template":"","meta":{"_acf_changed":false,"_et_pb_use_builder":"on","_et_pb_old_content":"","_et_gb_content_width":"","footnotes":""},"class_list":["post-5644","page","type-page","status-publish","hentry"],"acf":[],"_links":{"self":[{"href":"https:\/\/www.careplus.eu\/fr\/wp-json\/wp\/v2\/pages\/5644","targetHints":{"allow":["GET"]}}],"collection":[{"href":"https:\/\/www.careplus.eu\/fr\/wp-json\/wp\/v2\/pages"}],"about":[{"href":"https:\/\/www.careplus.eu\/fr\/wp-json\/wp\/v2\/types\/page"}],"author":[{"embeddable":true,"href":"https:\/\/www.careplus.eu\/fr\/wp-json\/wp\/v2\/users\/37"}],"replies":[{"embeddable":true,"href":"https:\/\/www.careplus.eu\/fr\/wp-json\/wp\/v2\/comments?post=5644"}],"version-history":[{"count":0,"href":"https:\/\/www.careplus.eu\/fr\/wp-json\/wp\/v2\/pages\/5644\/revisions"}],"up":[{"embeddable":true,"href":"https:\/\/www.careplus.eu\/fr\/wp-json\/wp\/v2\/pages\/5897"}],"wp:attachment":[{"href":"https:\/\/www.careplus.eu\/fr\/wp-json\/wp\/v2\/media?parent=5644"}],"curies":[{"name":"wp","href":"https:\/\/api.w.org\/{rel}","templated":true}]}}