


{"id":5641,"date":"2019-03-19T18:57:26","date_gmt":"2019-03-19T17:57:26","guid":{"rendered":"https:\/\/www.careplus.eu\/passeport-medical\/"},"modified":"2023-06-13T19:09:05","modified_gmt":"2023-06-13T17:09:05","slug":"passeport-medical","status":"publish","type":"page","link":"https:\/\/www.careplus.eu\/fr\/premiers-secours-en-voyage\/accessoires-de-premiers-secours\/passeport-medical\/","title":{"rendered":"Passeport m\u00e9dical"},"content":{"rendered":"<p>[et_pb_section fb_built=\u00a0\u00bb1&Prime; fullwidth=\u00a0\u00bbon\u00a0\u00bb _builder_version=\u00a0\u00bb4.21.0&Prime; background_image=\u00a0\u00bbhttps:\/\/www.careplus.eu\/wp-content\/uploads\/2023\/06\/medisch-paspoort.jpg\u00a0\u00bb bottom_divider_style=\u00a0\u00bbcurve\u00a0\u00bb bottom_divider_color=\u00a0\u00bb#ffffff\u00a0\u00bb bottom_divider_height=\u00a0\u00bb40px\u00a0\u00bb bottom_divider_height_tablet=\u00a0\u00bb40px\u00a0\u00bb bottom_divider_height_phone=\u00a0\u00bb20px\u00a0\u00bb bottom_divider_height_last_edited=\u00a0\u00bbon|phone\u00a0\u00bb global_colors_info=\u00a0\u00bb{}\u00a0\u00bb][et_pb_fullwidth_slider show_arrows=\u00a0\u00bboff\u00a0\u00bb show_pagination=\u00a0\u00bboff\u00a0\u00bb _builder_version=\u00a0\u00bb4.21.0&Prime; global_colors_info=\u00a0\u00bb{}\u00a0\u00bb][et_pb_slide heading=\u00a0\u00bbPasseport m\u00e9dical\u00a0\u00bb use_bg_overlay=\u00a0\u00bboff\u00a0\u00bb use_text_overlay=\u00a0\u00bboff\u00a0\u00bb _builder_version=\u00a0\u00bb4.21.0&Prime; header_level=\u00a0\u00bbh1&Prime; header_font=\u00a0\u00bb|800|||||||\u00a0\u00bb header_font_size=\u00a0\u00bb36&Prime; background_color=\u00a0\u00bbRGBA(255,255,255,0)\u00a0\u00bb background_enable_color=\u00a0\u00bbon\u00a0\u00bb background_enable_image=\u00a0\u00bboff\u00a0\u00bb button_on_hover=\u00a0\u00bbon\u00a0\u00bb custom_padding=\u00a0\u00bb15%||15%||true|false\u00a0\u00bb custom_padding_tablet=\u00a0\u00bb30%||30%|\u00a0\u00bb custom_padding_phone=\u00a0\u00bb30%||30%|\u00a0\u00bb custom_padding_last_edited=\u00a0\u00bbon|phone\u00a0\u00bb header_font_size_tablet=\u00a0\u00bb30&Prime; header_font_size_phone=\u00a0\u00bb30&Prime; header_font_size_last_edited=\u00a0\u00bbon|desktop\u00a0\u00bb header_text_shadow_style=\u00a0\u00bbpreset3&Prime; header_text_shadow_blur_strength=\u00a0\u00bb0.5em\u00a0\u00bb header_text_shadow_color=\u00a0\u00bbrgba(0,0,0,0.6)\u00a0\u00bb global_colors_info=\u00a0\u00bb{}\u00a0\u00bb sticky_transition=\u00a0\u00bbon\u00a0\u00bb][\/et_pb_slide][\/et_pb_fullwidth_slider][\/et_pb_section][et_pb_section fb_built=\u00a0\u00bb1&Prime; _builder_version=\u00a0\u00bb4.21.0&Prime; custom_margin=\u00a0\u00bb50px||||false|false\u00a0\u00bb custom_padding=\u00a0\u00bb0px||||false|false\u00a0\u00bb global_colors_info=\u00a0\u00bb{}\u00a0\u00bb][et_pb_row disabled_on=\u00a0\u00bboff|off|off\u00a0\u00bb _builder_version=\u00a0\u00bb4.21.0&Prime; background_size=\u00a0\u00bbinitial\u00a0\u00bb background_position=\u00a0\u00bbtop_left\u00a0\u00bb background_repeat=\u00a0\u00bbrepeat\u00a0\u00bb custom_margin=\u00a0\u00bb||||false|false\u00a0\u00bb global_module=\u00a0\u00bb18967&Prime; global_colors_info=\u00a0\u00bb{}\u00a0\u00bb][et_pb_column type=\u00a0\u00bb4_4&Prime; _builder_version=\u00a0\u00bb4.16&Prime; custom_padding=\u00a0\u00bb|||\u00a0\u00bb global_colors_info=\u00a0\u00bb{}\u00a0\u00bb custom_padding__hover=\u00a0\u00bb|||\u00a0\u00bb][et_pb_dmb_breadcrumbs _builder_version=\u00a0\u00bb4.16&Prime; body_font_size_tablet=\u00a0\u00bb51&Prime; body_line_height_tablet=\u00a0\u00bb2&Prime; separator_font_size_tablet=\u00a0\u00bb51&Prime; separator_line_height_tablet=\u00a0\u00bb2&Prime; link_font_size_tablet=\u00a0\u00bb51&Prime; link_line_height_tablet=\u00a0\u00bb2&Prime; linkhover_font_size_tablet=\u00a0\u00bb51&Prime; linkhover_line_height_tablet=\u00a0\u00bb2&Prime; global_colors_info=\u00a0\u00bb{}\u00a0\u00bb][\/et_pb_dmb_breadcrumbs][\/et_pb_column][\/et_pb_row][et_pb_row _builder_version=\u00a0\u00bb4.16&Prime; background_size=\u00a0\u00bbinitial\u00a0\u00bb background_position=\u00a0\u00bbtop_left\u00a0\u00bb background_repeat=\u00a0\u00bbrepeat\u00a0\u00bb global_colors_info=\u00a0\u00bb{}\u00a0\u00bb][et_pb_column type=\u00a0\u00bb4_4&Prime; _builder_version=\u00a0\u00bb4.16&Prime; custom_padding=\u00a0\u00bb|||\u00a0\u00bb global_colors_info=\u00a0\u00bb{}\u00a0\u00bb custom_padding__hover=\u00a0\u00bb|||\u00a0\u00bb][et_pb_text admin_label=\u00a0\u00bbMedisch paspoort\u00a0\u00bb _builder_version=\u00a0\u00bb4.16&Prime; header_2_font=\u00a0\u00bb|800|||||||\u00a0\u00bb global_colors_info=\u00a0\u00bb{}\u00a0\u00bb]<\/p>\n<h2>Un passeport m\u00e9dical<\/h2>\n<p><strong><\/p>\n<p>Vous avez besoin d\u2019un passeport m\u00e9dical si vous prenez des m\u00e9dicaments qui contiennent des substances r\u00e8glement\u00e9es par la loi sur les opio\u00efdes, tels que les antalgiques puissants, les traitements d\u2019ADHD et les calmants. Si vous souhaitez emmener ce type de m\u00e9dicaments \u00e0 l\u2019\u00e9tranger, vous avez besoin d\u2019une d\u00e9claration officielle de votre m\u00e9decin qui atteste que vous prenez ces traitements sur prescription m\u00e9dicale. De plus, elle contient \u00e9galement d\u2019autres informations importantes relatives entre autres, aux traitements, aux allergies, \u00e0 votre groupe sanguin et aux coordonn\u00e9es d\u2019urgence. Cela vous permet d\u2019\u00eatre aid\u00e9 rapidement dans les pharmacies ou h\u00f4pitaux d\u2019autres pays, en cas d\u2019urgences ou d\u2019affections graves.<\/strong><\/p>\n<p>[\/et_pb_text][\/et_pb_column][\/et_pb_row][et_pb_row column_structure=\u00a0\u00bb3_4,1_4&Prime; _builder_version=\u00a0\u00bb4.16&Prime; background_size=\u00a0\u00bbinitial\u00a0\u00bb background_position=\u00a0\u00bbtop_left\u00a0\u00bb background_repeat=\u00a0\u00bbrepeat\u00a0\u00bb global_colors_info=\u00a0\u00bb{}\u00a0\u00bb][et_pb_column type=\u00a0\u00bb3_4&Prime; _builder_version=\u00a0\u00bb4.16&Prime; custom_padding=\u00a0\u00bb|||\u00a0\u00bb global_colors_info=\u00a0\u00bb{}\u00a0\u00bb custom_padding__hover=\u00a0\u00bb|||\u00a0\u00bb][et_pb_text admin_label=\u00a0\u00bbVerklaringen\u00a0\u00bb _builder_version=\u00a0\u00bb4.16&Prime; header_font=\u00a0\u00bb|800|||||||\u00a0\u00bb header_font_size_tablet=\u00a0\u00bb24px\u00a0\u00bb header_font_size_phone=\u00a0\u00bb\u00a0\u00bb header_font_size_last_edited=\u00a0\u00bbon|tablet\u00a0\u00bb global_colors_info=\u00a0\u00bb{}\u00a0\u00bb]<\/p>\n<h3>D\u00e9clarations<\/h3>\n<p>Il existe deux types de d\u00e9claration: une d\u00e9claration Schengen pour les voyages \u00e0 l\u2019int\u00e9rieur de la zone Schengen et une d\u00e9claration en Anglais pour les voyages \u00e0 l\u2019ext\u00e9rieure de la zone Schengen. Le temps de traitement de ces formulaires est de quatre semaines environ, demandez donc ce formulaire \u00e0 temps si vous deviez en avoir besoin. <\/p>\n<p>&nbsp;<\/p>\n<h4>Les pays Schengen<\/h4>\n<p>Vous avez besoin d\u2019une d\u00e9claration Schengen lorsque vous voyagez dans l&rsquo;un des pays suivants et si vous emmenez des m\u00e9dicaments r\u00e8glement\u00e9s par la loi sur l\u2019opium: Belgique, Danemark, Allemagne, Estonie, Finlande, France, Gr\u00e8ce, Hongrie, Italie, Lituanie, Luxembourg, Malte, Norv\u00e8ge, Autriche, Pologne, Portugal, Slovaquie, Espagne, Tch\u00e9quie, Islande, Su\u00e8de et Suisse. <\/p>\n<p>Vous trouverez le formulaire n\u00e9cessaire facilement en ligne. Remplissez toutes les informations et faites signer le formulaire par votre m\u00e9decin traitant. Envoyez le ensuite par courrier ou par email au CAK. Une d\u00e9claration Schengen vous permet d\u2019emmener un m\u00e9dicament et de visiter au maximum quatre pays. Cette d\u00e9claration reste valable pendant 30 jours. Si votre voyage devait durer plus longtemps, vous devez demander plusieurs d\u00e9clarations.<\/p>\n<p>&nbsp;<\/p>\n<h4>Autres pays<\/h4>\n<p>Vous partez en voyage dans un pays qui ne fait pas partie de la zone Schengen? Dans ce cas, vous avez besoin d\u2019une attestation m\u00e9dicale. Celle\u2013ci doit \u00eatre r\u00e9dig\u00e9e sous forme de lettre en Anglais. Cette d\u00e9claration reste valable pendant un an si les doses de votre traitement restent inchang\u00e9es. Si elles devaient tout de m\u00eame changer, vous aurez besoin d\u2019une nouvelle attestation.<\/p>\n<p>Dans certains cas, la d\u00e9claration doit \u00eatre l\u00e9galis\u00e9e par l\u2019ambassade et le Minist\u00e8re des Affaires Etrang\u00e8res, cela d\u00e9pend enti\u00e8rement du pays dans lequel vous allez. Pour certains pays vous aurez besoin de documents compl\u00e9mentaires ou les proc\u00e9dures seront diff\u00e9rentes. Informez-vous bien en ce qui concerne les \u00e9tapes \u00e0 suivre pour le pays que vous souhaitez visiter. <\/p>\n<p>[\/et_pb_text][\/et_pb_column][et_pb_column type=\u00a0\u00bb1_4&Prime; _builder_version=\u00a0\u00bb4.16&Prime; custom_padding=\u00a0\u00bb|||\u00a0\u00bb global_colors_info=\u00a0\u00bb{}\u00a0\u00bb custom_padding__hover=\u00a0\u00bb|||\u00a0\u00bb][et_pb_image src=\u00a0\u00bbhttps:\/\/www.careplus.eu\/wp-content\/uploads\/2023\/06\/medisch-paspoort-reisdocument.jpg\u00a0\u00bb alt=\u00a0\u00bbPasseport m\u00e9dical europ\u00e9en\u00a0\u00bb title_text=\u00a0\u00bbPasseport m\u00e9dical europ\u00e9en\u00a0\u00bb _builder_version=\u00a0\u00bb4.21.0&Prime; _module_preset=\u00a0\u00bbdefault\u00a0\u00bb global_colors_info=\u00a0\u00bb{}\u00a0\u00bb][\/et_pb_image][\/et_pb_column][\/et_pb_row][et_pb_row _builder_version=\u00a0\u00bb4.16&Prime; background_size=\u00a0\u00bbinitial\u00a0\u00bb background_position=\u00a0\u00bbtop_left\u00a0\u00bb background_repeat=\u00a0\u00bbrepeat\u00a0\u00bb global_colors_info=\u00a0\u00bb{}\u00a0\u00bb][et_pb_column type=\u00a0\u00bb4_4&Prime; _builder_version=\u00a0\u00bb4.16&Prime; custom_padding=\u00a0\u00bb|||\u00a0\u00bb global_colors_info=\u00a0\u00bb{}\u00a0\u00bb custom_padding__hover=\u00a0\u00bb|||\u00a0\u00bb][et_pb_text admin_label=\u00a0\u00bbOpiumwetten\u00a0\u00bb _builder_version=\u00a0\u00bb4.16&Prime; header_font=\u00a0\u00bb|800|||||||\u00a0\u00bb header_font_size_tablet=\u00a0\u00bb24px\u00a0\u00bb header_font_size_phone=\u00a0\u00bb\u00a0\u00bb header_font_size_last_edited=\u00a0\u00bbon|tablet\u00a0\u00bb global_colors_info=\u00a0\u00bb{}\u00a0\u00bb]<\/p>\n<h3>Substances concern\u00e9es par la r\u00e9glementation des opio\u00efdes<\/h3>\n<p>Pour savoir si vous avez besoin d\u2019une d\u00e9claration, il est judicieux de savoir d\u2019abord si votre m\u00e9dicament est concern\u00e9 par la r\u00e8glementation N\u00e9erlandaise des opio\u00efdes. Renseignez-vous toujours aupr\u00e8s de votre m\u00e9decin ou pharmacien. Ci-dessous vous trouverez une liste des substances opio\u00efdes les plus courantes:<\/p>\n<p>&nbsp;<\/p>\n<ul>\n<li>M\u00e9thylph\u00e9nidate (Ritaline, Concerta, Medikinet)<\/li>\n<li>Morphine (Kapanol, Oramorph)<\/li>\n<li>Oxycodon (Oxycontin, Oxynorm)<\/li>\n<li>M\u00e9thadone (Symoron, Pindadone)<\/li>\n<li>T\u00e9maz\u00e9pam (Normisom)<\/li>\n<li>Oxaz\u00e9pam (Seresta)<\/li>\n<\/ul>\n<p>[\/et_pb_text][\/et_pb_column][\/et_pb_row][et_pb_row column_structure=\u00a0\u00bb3_4,1_4&Prime; _builder_version=\u00a0\u00bb4.16&Prime; background_size=\u00a0\u00bbinitial\u00a0\u00bb background_position=\u00a0\u00bbtop_left\u00a0\u00bb background_repeat=\u00a0\u00bbrepeat\u00a0\u00bb global_colors_info=\u00a0\u00bb{}\u00a0\u00bb][et_pb_column type=\u00a0\u00bb3_4&Prime; _builder_version=\u00a0\u00bb4.16&Prime; custom_padding=\u00a0\u00bb|||\u00a0\u00bb global_colors_info=\u00a0\u00bb{}\u00a0\u00bb custom_padding__hover=\u00a0\u00bb|||\u00a0\u00bb][et_pb_text admin_label=\u00a0\u00bbOverige medicijnen\u00a0\u00bb _builder_version=\u00a0\u00bb4.16&Prime; header_font=\u00a0\u00bb|800|||||||\u00a0\u00bb header_font_size_tablet=\u00a0\u00bb24px\u00a0\u00bb header_font_size_phone=\u00a0\u00bb\u00a0\u00bb header_font_size_last_edited=\u00a0\u00bbon|tablet\u00a0\u00bb global_colors_info=\u00a0\u00bb{}\u00a0\u00bb]<\/p>\n<h3>Autres m\u00e9dicaments<\/h3>\n<p>Vous pouvez emmener les m\u00e9dicaments qui ne sont pas r\u00e8glement\u00e9s par la loi sur les opio\u00efdes en voyage sans probl\u00e8mes. Emmenez-les dans l\u2019emballage original de la pharmacie avec l\u2019\u00e9tiquette. Cela permettra d\u2019indiquer clairement qu\u2019il s\u2019agit de m\u00e9dicaments et non pas de drogue.<\/p>\n<p>Il est pratique de demander un passeport de m\u00e9dicaments \u00e0 votre m\u00e9decin traitant ou pharmacien pour ces traitements \u00e9galement. Si vous deviez \u00e9garer votre m\u00e9dicament en voyage, le m\u00e9decin sera en mesure de vous prescrire le bon traitement de remplacement. Il ne s\u2019agit d\u2019ailleurs pas d\u2019un document de voyage officiel. Afin d\u2019emmener des m\u00e9dicaments qui sont r\u00e8glement\u00e9s par la loi sur les opio\u00efdes il vous faut une d\u00e9claration officielle.<\/p>\n<p>Conservez toujours vos m\u00e9dicaments dans votre bagage \u00e0 main, si vous devez voyager en avion. La soute peut \u00eatre tr\u00e8s froide et alt\u00e9rer le m\u00e9dicament. Cela vous permet \u00e9galement de toujours les avoir \u00e0 port\u00e9e de main, m\u00eame si vous perdez votre valise.<\/p>\n<p>[\/et_pb_text][\/et_pb_column][et_pb_column type=\u00a0\u00bb1_4&Prime; _builder_version=\u00a0\u00bb4.16&Prime; custom_padding=\u00a0\u00bb|||\u00a0\u00bb global_colors_info=\u00a0\u00bb{}\u00a0\u00bb custom_padding__hover=\u00a0\u00bb|||\u00a0\u00bb][et_pb_image src=\u00a0\u00bbhttps:\/\/www.careplus.eu\/wp-content\/uploads\/2023\/06\/care-plus-anti-insect-handbagage-vlucht.jpg\u00a0\u00bb alt=\u00a0\u00bbCare Plus Anti-Insect peut simplement \u00eatre emport\u00e9 dans un bagage \u00e0 main\u00a0\u00bb title_text=\u00a0\u00bbCare Plus Anti-Insect peut simplement \u00eatre emport\u00e9 dans un bagage \u00e0 main\u00a0\u00bb _builder_version=\u00a0\u00bb4.21.0&Prime; _module_preset=\u00a0\u00bbdefault\u00a0\u00bb global_colors_info=\u00a0\u00bb{}\u00a0\u00bb][\/et_pb_image][\/et_pb_column][\/et_pb_row][et_pb_row _builder_version=\u00a0\u00bb4.16&Prime; background_size=\u00a0\u00bbinitial\u00a0\u00bb background_position=\u00a0\u00bbtop_left\u00a0\u00bb background_repeat=\u00a0\u00bbrepeat\u00a0\u00bb global_colors_info=\u00a0\u00bb{}\u00a0\u00bb][et_pb_column type=\u00a0\u00bb4_4&Prime; _builder_version=\u00a0\u00bb4.16&Prime; custom_padding=\u00a0\u00bb|||\u00a0\u00bb global_colors_info=\u00a0\u00bb{}\u00a0\u00bb custom_padding__hover=\u00a0\u00bb|||\u00a0\u00bb][et_pb_text admin_label=\u00a0\u00bbOverige medicijnen\u00a0\u00bb _builder_version=\u00a0\u00bb4.21.0&Prime; header_font=\u00a0\u00bb|800|||||||\u00a0\u00bb hover_enabled=\u00a0\u00bb0&Prime; header_font_size_tablet=\u00a0\u00bb24px\u00a0\u00bb header_font_size_phone=\u00a0\u00bb\u00a0\u00bb header_font_size_last_edited=\u00a0\u00bbon|tablet\u00a0\u00bb global_colors_info=\u00a0\u00bb{}\u00a0\u00bb sticky_enabled=\u00a0\u00bb0&Prime;]<\/p>\n<h2>Anti-Insecte avec et sans DEET<\/h2>\n<p>Les insecticides avec et sans DEET peuvent \u00eatre transport\u00e9s dans vos bagages sans probl\u00e8me, quelle que soit votre destination. Lors du contr\u00f4le, il se peut bien entendu que les bouteilles soient contr\u00f4l\u00e9es. Care Plus avec DEET et ses variantes naturelles peuvent simplement \u00eatre emport\u00e9s, m\u00eame dans votre bagage \u00e0 main.<\/p>\n<p>[\/et_pb_text][\/et_pb_column][\/et_pb_row][et_pb_row admin_label=\u00a0\u00bbFAQ passeport m\u00e9dical\u00a0\u00bb _builder_version=\u00a0\u00bb4.21.0&Prime; background_size=\u00a0\u00bbinitial\u00a0\u00bb background_position=\u00a0\u00bbtop_left\u00a0\u00bb background_repeat=\u00a0\u00bbrepeat\u00a0\u00bb global_colors_info=\u00a0\u00bb{}\u00a0\u00bb][et_pb_column type=\u00a0\u00bb4_4&Prime; _builder_version=\u00a0\u00bb4.16&Prime; custom_padding=\u00a0\u00bb|||\u00a0\u00bb global_colors_info=\u00a0\u00bb{}\u00a0\u00bb custom_padding__hover=\u00a0\u00bb|||\u00a0\u00bb][et_pb_text admin_label=\u00a0\u00bbheader\u00a0\u00bb _builder_version=\u00a0\u00bb4.21.0&Prime; _module_preset=\u00a0\u00bbdefault\u00a0\u00bb hover_enabled=\u00a0\u00bb0&Prime; global_colors_info=\u00a0\u00bb{}\u00a0\u00bb sticky_enabled=\u00a0\u00bb0&Prime;]<\/p>\n<h2>Passeport m\u00e9dical FAQ<\/h2>\n<p>[\/et_pb_text][et_pb_accordion admin_label=\u00a0\u00bbVeelgestelde vragen\u00a0\u00bb _builder_version=\u00a0\u00bb4.21.0&Prime; _module_preset=\u00a0\u00bbdefault\u00a0\u00bb global_colors_info=\u00a0\u00bb{}\u00a0\u00bb][et_pb_accordion_item title=\u00a0\u00bbO\u00f9 puis-je demander un passeport m\u00e9dical?\u00a0\u00bb open=\u00a0\u00bbon\u00a0\u00bb _builder_version=\u00a0\u00bb4.21.0&Prime; _module_preset=\u00a0\u00bbdefault\u00a0\u00bb global_colors_info=\u00a0\u00bb{}\u00a0\u00bb]Votre m\u00e9decin g\u00e9n\u00e9raliste, pharmacien ou sp\u00e9cialiste d\u00e9livre le document. Le passeport m\u00e9dical est \u00e9galement appel\u00e9 passeport m\u00e9dical ou passeport m\u00e9dical europ\u00e9en.[\/et_pb_accordion_item][et_pb_accordion_item title=\u00a0\u00bbUn passeport m\u00e9dical co\u00fbte-t-il de l&rsquo;argent?\u00a0\u00bb _builder_version=\u00a0\u00bb4.21.0&Prime; _module_preset=\u00a0\u00bbdefault\u00a0\u00bb global_colors_info=\u00a0\u00bb{}\u00a0\u00bb open=\u00a0\u00bboff\u00a0\u00bb]Non, un passeport m\u00e9dical est fourni gratuitement.[\/et_pb_accordion_item][et_pb_accordion_item title=\u00a0\u00bbQue contient un passeport m\u00e9dical ?\u00a0\u00bb _builder_version=\u00a0\u00bb4.21.0&Prime; _module_preset=\u00a0\u00bbdefault\u00a0\u00bb global_colors_info=\u00a0\u00bb{}\u00a0\u00bb open=\u00a0\u00bboff\u00a0\u00bb]Un passeport m\u00e9dical contient des informations m\u00e9dicales importantes sur le titulaire. Pensez \u00e0 la maladie, aux troubles, aux m\u00e9dicaments, aux interventions chirurgicales majeures, aux coordonn\u00e9es des m\u00e9decins, des sp\u00e9cialistes, de la famille et des amis et aux donn\u00e9es personnelles telles que le groupe sanguin et les donn\u00e9es de l&rsquo;assurance maladie.<\/p>\n<p>Il donne un aper\u00e7u complet de tous les m\u00e9dicaments que prend un patient, mais contient \u00e9galement des informations sur les \u00e9ventuelles hypersensibilit\u00e9s et allergies. Avec un passeport m\u00e9dical, les patients souffrant de probl\u00e8mes graves &#8211; ou en cas d&rsquo;urgence &#8211; peuvent \u00eatre aid\u00e9s rapidement et de mani\u00e8re ad\u00e9quate dans les pharmacies ou les h\u00f4pitaux du monde entier.[\/et_pb_accordion_item][et_pb_accordion_item title=\u00a0\u00bbUn passeport m\u00e9dical est-il obligatoire ?\u00a0\u00bb _builder_version=\u00a0\u00bb4.21.0&Prime; _module_preset=\u00a0\u00bbdefault\u00a0\u00bb global_colors_info=\u00a0\u00bb{}\u00a0\u00bb open=\u00a0\u00bboff\u00a0\u00bb]Le passeport m\u00e9dical n&rsquo;est pas un document obligatoire, mais il est utile de l&rsquo;avoir sur soi lors de ses d\u00e9placements. Vous avez alors toutes vos donn\u00e9es m\u00e9dicales avec vous en 11 langues afin que les m\u00e9decins puissent intervenir imm\u00e9diatement si n\u00e9cessaire.[\/et_pb_accordion_item][\/et_pb_accordion][\/et_pb_column][\/et_pb_row][\/et_pb_section]<\/p>\n","protected":false},"excerpt":{"rendered":"<p>Un passeport m\u00e9dical Vous avez besoin d\u2019un passeport m\u00e9dical si vous prenez des m\u00e9dicaments qui contiennent des substances r\u00e8glement\u00e9es par la loi sur les opio\u00efdes, tels que les antalgiques puissants, les traitements d\u2019ADHD et les calmants. Si vous souhaitez emmener ce type de m\u00e9dicaments \u00e0 l\u2019\u00e9tranger, vous avez besoin d\u2019une d\u00e9claration officielle de votre m\u00e9decin [&hellip;]<\/p>\n","protected":false},"author":37,"featured_media":0,"parent":5999,"menu_order":0,"comment_status":"closed","ping_status":"closed","template":"","meta":{"_acf_changed":false,"_et_pb_use_builder":"on","_et_pb_old_content":"","_et_gb_content_width":"","footnotes":""},"class_list":["post-5641","page","type-page","status-publish","hentry"],"acf":[],"_links":{"self":[{"href":"https:\/\/www.careplus.eu\/fr\/wp-json\/wp\/v2\/pages\/5641","targetHints":{"allow":["GET"]}}],"collection":[{"href":"https:\/\/www.careplus.eu\/fr\/wp-json\/wp\/v2\/pages"}],"about":[{"href":"https:\/\/www.careplus.eu\/fr\/wp-json\/wp\/v2\/types\/page"}],"author":[{"embeddable":true,"href":"https:\/\/www.careplus.eu\/fr\/wp-json\/wp\/v2\/users\/37"}],"replies":[{"embeddable":true,"href":"https:\/\/www.careplus.eu\/fr\/wp-json\/wp\/v2\/comments?post=5641"}],"version-history":[{"count":0,"href":"https:\/\/www.careplus.eu\/fr\/wp-json\/wp\/v2\/pages\/5641\/revisions"}],"up":[{"embeddable":true,"href":"https:\/\/www.careplus.eu\/fr\/wp-json\/wp\/v2\/pages\/5999"}],"wp:attachment":[{"href":"https:\/\/www.careplus.eu\/fr\/wp-json\/wp\/v2\/media?parent=5641"}],"curies":[{"name":"wp","href":"https:\/\/api.w.org\/{rel}","templated":true}]}}