


{"id":5605,"date":"2019-03-19T15:40:12","date_gmt":"2019-03-19T14:40:12","guid":{"rendered":"https:\/\/www.careplus.eu\/chaussettes\/"},"modified":"2024-09-17T09:18:56","modified_gmt":"2024-09-17T08:18:56","slug":"chaussettes","status":"publish","type":"page","link":"https:\/\/www.careplus.eu\/fr\/moustiques-et-tiques\/proteger\/chaussettes\/","title":{"rendered":"Chaussettes"},"content":{"rendered":"<p>[et_pb_section bb_built=\u00a0\u00bb1&Prime; fullwidth=\u00a0\u00bbon\u00a0\u00bb _builder_version=\u00a0\u00bb3.22&Prime; bottom_divider_style=\u00a0\u00bbcurve\u00a0\u00bb bottom_divider_color=\u00a0\u00bb#ffffff\u00a0\u00bb bottom_divider_height=\u00a0\u00bb40px\u00a0\u00bb next_background_color=\u00a0\u00bb#000000&Prime;][et_pb_fullwidth_slider show_arrows=\u00a0\u00bboff\u00a0\u00bb show_pagination=\u00a0\u00bboff\u00a0\u00bb _builder_version=\u00a0\u00bb3.19.6&Prime;][et_pb_slide heading=\u00a0\u00bbchaussettes Anti-Insect\u00a0\u00bb use_bg_overlay=\u00a0\u00bboff\u00a0\u00bb use_text_overlay=\u00a0\u00bboff\u00a0\u00bb _builder_version=\u00a0\u00bb3.19.6&Prime; header_level=\u00a0\u00bbh1&Prime; header_font=\u00a0\u00bb|800|||||||\u00a0\u00bb header_text_align=\u00a0\u00bbcenter\u00a0\u00bb header_font_size=\u00a0\u00bb36&Prime; background_image=\u00a0\u00bbhttps:\/\/www.careplus.eu\/wp-content\/uploads\/2019\/02\/careplus-bugsox.jpg\u00a0\u00bb button_on_hover=\u00a0\u00bbon\u00a0\u00bb custom_padding=\u00a0\u00bb15%||15%|\u00a0\u00bb custom_padding_tablet=\u00a0\u00bb18%||18%|\u00a0\u00bb custom_padding_phone=\u00a0\u00bb30%||30%|\u00a0\u00bb custom_padding_last_edited=\u00a0\u00bbon|desktop\u00a0\u00bb header_font_size_tablet=\u00a0\u00bb36&Prime; header_font_size_phone=\u00a0\u00bb30&Prime; header_font_size_last_edited=\u00a0\u00bbon|phone\u00a0\u00bb header_text_shadow_style=\u00a0\u00bbpreset3&Prime; header_text_shadow_blur_strength=\u00a0\u00bb0.5em\u00a0\u00bb header_text_shadow_color=\u00a0\u00bbrgba(0,0,0,0.6)\u00a0\u00bb sticky_transition=\u00a0\u00bbon\u00a0\u00bb][\/et_pb_slide][\/et_pb_fullwidth_slider][\/et_pb_section][et_pb_section bb_built=\u00a0\u00bb1&Prime; module_id=\u00a0\u00bbcp_pb_page_content\u00a0\u00bb module_class=\u00a0\u00bbcp_pb_regular_post_content\u00a0\u00bb _builder_version=\u00a0\u00bb3.22&Prime; background_color=\u00a0\u00bb#ffffff\u00a0\u00bb custom_padding=\u00a0\u00bb0px|||\u00a0\u00bb prev_background_color=\u00a0\u00bb#000000&Prime; next_background_color=\u00a0\u00bb#000000&Prime;][et_pb_row admin_label=\u00a0\u00bbPage Header\u00a0\u00bb _builder_version=\u00a0\u00bb3.25&Prime; background_size=\u00a0\u00bbinitial\u00a0\u00bb background_position=\u00a0\u00bbtop_left\u00a0\u00bb background_repeat=\u00a0\u00bbrepeat\u00a0\u00bb collapsed=\u00a0\u00bboff\u00a0\u00bb][et_pb_column type=\u00a0\u00bb4_4&Prime; _builder_version=\u00a0\u00bb3.25&Prime; custom_padding=\u00a0\u00bb|||\u00a0\u00bb custom_padding__hover=\u00a0\u00bb|||\u00a0\u00bb][et_pb_divider show_divider=\u00a0\u00bboff\u00a0\u00bb _builder_version=\u00a0\u00bb3.19.6&Prime; \/][et_pb_dmb_breadcrumbs _builder_version=\u00a0\u00bb3.19.6&Prime; body_font_size_tablet=\u00a0\u00bb51&Prime; body_line_height_tablet=\u00a0\u00bb2&Prime; separator_font_size_tablet=\u00a0\u00bb51&Prime; separator_line_height_tablet=\u00a0\u00bb2&Prime; link_font_size_tablet=\u00a0\u00bb51&Prime; link_line_height_tablet=\u00a0\u00bb2&Prime; linkhover_font_size_tablet=\u00a0\u00bb51&Prime; linkhover_line_height_tablet=\u00a0\u00bb2&Prime; \/][\/et_pb_column][\/et_pb_row][\/et_pb_section][et_pb_section bb_built=\u00a0\u00bb1&Prime; module_id=\u00a0\u00bbcp_pb_page_content\u00a0\u00bb module_class=\u00a0\u00bbcp_pb_regular_post_content\u00a0\u00bb _builder_version=\u00a0\u00bb3.22&Prime; background_color=\u00a0\u00bb#ffffff\u00a0\u00bb custom_padding=\u00a0\u00bb0px|||\u00a0\u00bb prev_background_color=\u00a0\u00bb#000000&Prime; next_background_color=\u00a0\u00bb#f4f4f4&Prime;][et_pb_row column_structure=\u00a0\u00bb2_3,1_3&Prime; _builder_version=\u00a0\u00bb3.25&Prime; background_size=\u00a0\u00bbinitial\u00a0\u00bb background_position=\u00a0\u00bbtop_left\u00a0\u00bb background_repeat=\u00a0\u00bbrepeat\u00a0\u00bb][et_pb_column type=\u00a0\u00bb2_3&Prime; _builder_version=\u00a0\u00bb3.25&Prime; custom_padding=\u00a0\u00bb|||\u00a0\u00bb custom_padding__hover=\u00a0\u00bb|||\u00a0\u00bb][et_pb_text admin_label=\u00a0\u00bbExtra Informatie\u00a0\u00bb module_id=\u00a0\u00bbcp_pb_extra_content\u00a0\u00bb _builder_version=\u00a0\u00bb3.27.4&Prime;]<\/p>\n<h3>Bugsox: Chaussettes de marche impr\u00e9gn\u00e9es<\/h3>\n<p>Vous allez explorer la nature? Prot\u00e9gez-vous contre les morsures d\u2019insectes! Couvrez votre peau au maximum avec des v\u00eatements protecteurs. De plus, il est conseill\u00e9 de badigeonner la peau non-couverte de produits r\u00e9pulsifs anti-insectes. Comme nos produits Anti-Insect avec ou sans DEET. Prot\u00e9ger vos pieds, chevilles et le bas de vos jambes de mani\u00e8re optimale contre les morsures d\u2019insectes? C\u2019est possible gr\u00e2ce aux Bugsox: les chaussettes de marche r\u00e9pulsives anti-insectes impr\u00e9gn\u00e9es de van Care Plus<sup style=\"font-size: 10px;\">\u00ae<\/sup> !<\/p>\n<p>[\/et_pb_text][\/et_pb_column][et_pb_column type=\u00a0\u00bb1_3&Prime; _builder_version=\u00a0\u00bb3.25&Prime; custom_padding=\u00a0\u00bb|||\u00a0\u00bb custom_padding__hover=\u00a0\u00bb|||\u00a0\u00bb][et_pb_image src=\u00a0\u00bbhttps:\/\/www.careplus.eu\/wp-content\/uploads\/2018\/09\/DM_CarePlus016_016.jpg\u00a0\u00bb align_tablet=\u00a0\u00bbcenter\u00a0\u00bb align_last_edited=\u00a0\u00bbon|desktop\u00a0\u00bb _builder_version=\u00a0\u00bb3.23&Prime; border_radii=\u00a0\u00bbon|10px|10px|10px|10px\u00a0\u00bb \/][\/et_pb_column][\/et_pb_row][\/et_pb_section][et_pb_section bb_built=\u00a0\u00bb1&Prime; _builder_version=\u00a0\u00bb3.22&Prime; background_color=\u00a0\u00bb#f4f4f4&Prime; prev_background_color=\u00a0\u00bb#ffffff\u00a0\u00bb next_background_color=\u00a0\u00bb#ffffff\u00a0\u00bb][et_pb_row column_structure=\u00a0\u00bb1_3,2_3&Prime; _builder_version=\u00a0\u00bb3.25&Prime; background_color=\u00a0\u00bb#ffffff\u00a0\u00bb custom_padding=\u00a0\u00bb|20px||20px\u00a0\u00bb border_radii=\u00a0\u00bbon|10px|10px|10px|10px\u00a0\u00bb][et_pb_column type=\u00a0\u00bb1_3&Prime; _builder_version=\u00a0\u00bb3.25&Prime; custom_padding=\u00a0\u00bb|||\u00a0\u00bb custom_padding__hover=\u00a0\u00bb|||\u00a0\u00bb][et_pb_gallery gallery_ids=\u00a0\u00bb5607,5608&Prime; fullwidth=\u00a0\u00bbon\u00a0\u00bb _builder_version=\u00a0\u00bb4.9.4&Prime; link_option_url=\u00a0\u00bbhttps:\/\/www.careplus-shop.fr\/care-plus-bugsox-adventure-navy\u00a0\u00bb \/][\/et_pb_column][et_pb_column type=\u00a0\u00bb2_3&Prime; _builder_version=\u00a0\u00bb3.25&Prime; custom_padding=\u00a0\u00bb|||\u00a0\u00bb custom_padding__hover=\u00a0\u00bb|||\u00a0\u00bb][et_pb_text _builder_version=\u00a0\u00bb4.9.4&Prime; hover_enabled=\u00a0\u00bb0&Prime; sticky_enabled=\u00a0\u00bb0&Prime;]<\/p>\n<h3>Bugsox Adventure<\/h3>\n<p>Les Bugsox Adventure <sup style =\"font-size:10px;\">\u00ae <\/sup> Bugsox Adventure conviennent aux promenades ou randonn\u00e9es sur tout type de terrain. Les chaussettes sont impr\u00e9gn\u00e9es et prot\u00e8gent vos pieds et chevilles contre les morsures et les piq\u00fbres d&rsquo;insectes et de tiques. Ils sont 38% Coolmax <span style = \"font-size: 10px;\"> <sup> \u00ae <\/sup> <\/span> le Bugsox Adventure est respirant et s\u00e8che rapidement. Les chaussettes sont disponibles dans les couleurs marine et kaki. Utilisez toujours un d\u00e9tergent sans chlore lors du lavage et conservez les chaussettes dans un endroit sombre, cela prolonge l&rsquo;effet r\u00e9pulsif de la perm\u00e9thrine (biod\u00e9gradable).<\/p>\n<h3> <\/h3>\n<h3>Avantages<\/h3>\n<ul>\n<li>Prot\u00e8ge contre les insectes et les tiques.<\/li>\n<li>Healthguard impr\u00e9gn\u00e9 de perm\u00e9thrine.<\/li>\n<li>Transparente.<\/li>\n<li>Confortable \u00e0 haute et basse temp\u00e9rature.<\/li>\n<li>Garde les pieds plus frais plus longtemps.<\/li>\n<li>Respirant et \u00e0 s\u00e9chage rapide (Coolmax <sup style = \"font-size:10px;\">\u00ae<\/sup>).<\/li>\n<li>Convient pour de longues promenades sur tout type de terrain.<\/li>\n<\/ul>\n<p>[\/et_pb_text][et_pb_button button_url=\u00a0\u00bbhttps:\/\/www.careplus-shop.fr\/care-plus-bugsox-adventure-navy\u00a0\u00bb url_new_window=\u00a0\u00bbon\u00a0\u00bb button_text=\u00a0\u00bbChoisissez &#038; Commandez\u00a0\u00bb button_alignment=\u00a0\u00bbleft\u00a0\u00bb _builder_version=\u00a0\u00bb4.9.4&Prime; background_layout=\u00a0\u00bbdark\u00a0\u00bb \/][\/et_pb_column][\/et_pb_row][\/et_pb_section][et_pb_section bb_built=\u00a0\u00bb1&Prime; module_id=\u00a0\u00bbcp_pb_page_content\u00a0\u00bb module_class=\u00a0\u00bbcp_pb_regular_post_content\u00a0\u00bb _builder_version=\u00a0\u00bb3.22&Prime; background_color=\u00a0\u00bb#ffffff\u00a0\u00bb custom_padding=\u00a0\u00bb0px|||\u00a0\u00bb prev_background_color=\u00a0\u00bb#f4f4f4&Prime; next_background_color=\u00a0\u00bb#000000&Prime;][et_pb_row _builder_version=\u00a0\u00bb3.25&Prime; background_size=\u00a0\u00bbinitial\u00a0\u00bb background_position=\u00a0\u00bbtop_left\u00a0\u00bb background_repeat=\u00a0\u00bbrepeat\u00a0\u00bb][et_pb_column type=\u00a0\u00bb4_4&Prime; _builder_version=\u00a0\u00bb3.25&Prime; custom_padding=\u00a0\u00bb|||\u00a0\u00bb custom_padding__hover=\u00a0\u00bb|||\u00a0\u00bb][et_pb_text admin_label=\u00a0\u00bbOpkomst besmette teken\u00a0\u00bb _builder_version=\u00a0\u00bb3.27.4&Prime;]<\/p>\n<h3>Apparition de tiques contamin\u00e9es en Europe (du nord)<\/h3>\n<p>Les tiques sont des bestioles de type arachnide qui se fixe avec leur appareil buccal \u00e0 la peau d\u2019un h\u00f4te et qui s\u2019alimente de sang. Une tique contamin\u00e9e par la bact\u00e9rie Lyme-borr\u00e9liose peut, ce faisant transmettre la maladie, avec tout ce que cela implique. Les recherches scientifiques ont d\u00e9montr\u00e9 que le nombre de tiques contamin\u00e9es par la bact\u00e9rie Lyme-borr\u00e9liose est en augmentation en Europe (du nord). Les Bugsox impr\u00e9gn\u00e9s de HealthGuard<sup style=\"font-size: 10px;\">&#x2122;<\/sup> vous prot\u00e8gent contre les tiques.<\/p>\n<p>[\/et_pb_text][\/et_pb_column][\/et_pb_row][\/et_pb_section][et_pb_section bb_built=\u00a0\u00bb1&Prime; _builder_version=\u00a0\u00bb4.27.0&Prime; background_color=\u00a0\u00bb#ffffff\u00a0\u00bb prev_background_color=\u00a0\u00bb#000000&Prime; background_pattern_color=\u00a0\u00bbrgba(0,0,0,0.2)\u00a0\u00bb background_mask_color=\u00a0\u00bb#ffffff\u00a0\u00bb box_shadow_horizontal_tablet=\u00a0\u00bb0px\u00a0\u00bb box_shadow_vertical_tablet=\u00a0\u00bb0px\u00a0\u00bb box_shadow_blur_tablet=\u00a0\u00bb40px\u00a0\u00bb box_shadow_spread_tablet=\u00a0\u00bb0px\u00a0\u00bb vertical_offset_tablet=\u00a0\u00bb0&Prime; horizontal_offset_tablet=\u00a0\u00bb0&Prime;][et_pb_row column_structure=\u00a0\u00bb1_3,1_3,1_3&Prime; _builder_version=\u00a0\u00bb3.25&Prime; background_color=\u00a0\u00bb#ffffff\u00a0\u00bb border_radii=\u00a0\u00bbon|10px|10px|10px|10px\u00a0\u00bb][et_pb_column type=\u00a0\u00bb1_3&Prime; _builder_version=\u00a0\u00bb3.25&Prime; custom_padding=\u00a0\u00bb|||\u00a0\u00bb custom_padding__hover=\u00a0\u00bb|||\u00a0\u00bb][et_pb_image src=\u00a0\u00bbhttps:\/\/www.careplus.eu\/wp-content\/uploads\/2019\/01\/klamboe-solo-box.jpg\u00a0\u00bb align=\u00a0\u00bbcenter\u00a0\u00bb align_tablet=\u00a0\u00bbcenter\u00a0\u00bb align_last_edited=\u00a0\u00bbon|desktop\u00a0\u00bb _builder_version=\u00a0\u00bb3.23&Prime; \/][et_pb_button button_url=\u00a0\u00bbhttps:\/\/www.careplus.eu\/fr\/moustiques-et-tiques\/proteger\/moustiquaires\/\u00a0\u00bb button_text=\u00a0\u00bbMoustiquaire\u00a0\u00bb button_alignment=\u00a0\u00bbcenter\u00a0\u00bb _builder_version=\u00a0\u00bb3.19.6&Prime; background_layout=\u00a0\u00bbdark\u00a0\u00bb \/][\/et_pb_column][et_pb_column type=\u00a0\u00bb1_3&Prime; _builder_version=\u00a0\u00bb3.25&Prime; custom_padding=\u00a0\u00bb|||\u00a0\u00bb custom_padding__hover=\u00a0\u00bb|||\u00a0\u00bb][et_pb_image src=\u00a0\u00bbhttps:\/\/www.careplus.eu\/wp-content\/uploads\/2020\/03\/careplus-anti-insect-deet-60ml.jpg\u00a0\u00bb align=\u00a0\u00bbcenter\u00a0\u00bb align_tablet=\u00a0\u00bbcenter\u00a0\u00bb align_last_edited=\u00a0\u00bbon|desktop\u00a0\u00bb _builder_version=\u00a0\u00bb4.3.4&Prime; \/][et_pb_button button_url=\u00a0\u00bbhttps:\/\/www.careplus.eu\/fr\/moustiques-et-tiques\/proteger\/anti-insect-deet\/\u00a0\u00bb button_text=\u00a0\u00bbAnti-Insect\u00a0\u00bb button_alignment=\u00a0\u00bbcenter\u00a0\u00bb _builder_version=\u00a0\u00bb3.19.6&Prime; background_layout=\u00a0\u00bbdark\u00a0\u00bb \/][\/et_pb_column][et_pb_column type=\u00a0\u00bb1_3&Prime; _builder_version=\u00a0\u00bb3.25&Prime; custom_padding=\u00a0\u00bb|||\u00a0\u00bb custom_padding__hover=\u00a0\u00bb|||\u00a0\u00bb][et_pb_image src=\u00a0\u00bbhttps:\/\/www.careplus.eu\/wp-content\/uploads\/2019\/03\/care-plus-headnet.jpg\u00a0\u00bb align=\u00a0\u00bbcenter\u00a0\u00bb align_tablet=\u00a0\u00bbcenter\u00a0\u00bb align_last_edited=\u00a0\u00bbon|desktop\u00a0\u00bb _builder_version=\u00a0\u00bb3.23&Prime; \/][et_pb_button button_url=\u00a0\u00bbhttps:\/\/www.careplus.eu\/fr\/moustiques-et-tiques\/proteger\/filet-protecteur-pour-la-tete\/\u00a0\u00bb button_text=\u00a0\u00bbFilet protecteur pour la tete\u00a0\u00bb button_alignment=\u00a0\u00bbcenter\u00a0\u00bb _builder_version=\u00a0\u00bb3.19.6&Prime; background_layout=\u00a0\u00bbdark\u00a0\u00bb \/][\/et_pb_column][\/et_pb_row][\/et_pb_section]<\/p>\n","protected":false},"excerpt":{"rendered":"<p>Bugsox: Chaussettes de marche impr\u00e9gn\u00e9es Vous allez explorer la nature? Prot\u00e9gez-vous contre les morsures d\u2019insectes! Couvrez votre peau au maximum avec des v\u00eatements protecteurs. De plus, il est conseill\u00e9 de badigeonner la peau non-couverte de produits r\u00e9pulsifs anti-insectes. Comme nos produits Anti-Insect avec ou sans DEET. Prot\u00e9ger vos pieds, chevilles et le bas de vos [&hellip;]<\/p>\n","protected":false},"author":37,"featured_media":0,"parent":5903,"menu_order":0,"comment_status":"closed","ping_status":"closed","template":"","meta":{"_acf_changed":false,"_et_pb_use_builder":"on","_et_pb_old_content":"","_et_gb_content_width":"","footnotes":""},"class_list":["post-5605","page","type-page","status-publish","hentry"],"acf":[],"_links":{"self":[{"href":"https:\/\/www.careplus.eu\/fr\/wp-json\/wp\/v2\/pages\/5605","targetHints":{"allow":["GET"]}}],"collection":[{"href":"https:\/\/www.careplus.eu\/fr\/wp-json\/wp\/v2\/pages"}],"about":[{"href":"https:\/\/www.careplus.eu\/fr\/wp-json\/wp\/v2\/types\/page"}],"author":[{"embeddable":true,"href":"https:\/\/www.careplus.eu\/fr\/wp-json\/wp\/v2\/users\/37"}],"replies":[{"embeddable":true,"href":"https:\/\/www.careplus.eu\/fr\/wp-json\/wp\/v2\/comments?post=5605"}],"version-history":[{"count":0,"href":"https:\/\/www.careplus.eu\/fr\/wp-json\/wp\/v2\/pages\/5605\/revisions"}],"up":[{"embeddable":true,"href":"https:\/\/www.careplus.eu\/fr\/wp-json\/wp\/v2\/pages\/5903"}],"wp:attachment":[{"href":"https:\/\/www.careplus.eu\/fr\/wp-json\/wp\/v2\/media?parent=5605"}],"curies":[{"name":"wp","href":"https:\/\/api.w.org\/{rel}","templated":true}]}}