


{"id":5575,"date":"2019-03-19T14:48:43","date_gmt":"2019-03-19T13:48:43","guid":{"rendered":"https:\/\/www.careplus.eu\/ne-les-laissez-pas-vous-mordre-protegez-vous-contre-la-tique\/"},"modified":"2019-03-28T00:35:58","modified_gmt":"2019-03-27T23:35:58","slug":"ne-les-laissez-pas-vous-mordre-protegez-vous-contre-la-tique","status":"publish","type":"page","link":"https:\/\/www.careplus.eu\/fr\/ne-les-laissez-pas-vous-mordre-protegez-vous-contre-la-tique\/","title":{"rendered":"Ne les laissez pas vous mordre. Prot\u00e9gez-vous contre la tique."},"content":{"rendered":"<p>[et_pb_section bb_built=\u00a0\u00bb1&Prime; fullwidth=\u00a0\u00bbon\u00a0\u00bb specialty=\u00a0\u00bboff\u00a0\u00bb next_background_color=\u00a0\u00bb#000000&Prime; _builder_version=\u00a0\u00bb3.19.6&Prime; bottom_divider_style=\u00a0\u00bbcurve\u00a0\u00bb bottom_divider_color=\u00a0\u00bb#ffffff\u00a0\u00bb bottom_divider_height=\u00a0\u00bb40px\u00a0\u00bb][et_pb_fullwidth_slider _builder_version=\u00a0\u00bb3.19.6&Prime; show_arrows=\u00a0\u00bboff\u00a0\u00bb show_pagination=\u00a0\u00bboff\u00a0\u00bb][et_pb_slide _builder_version=\u00a0\u00bb3.19.6&Prime; button_link=\u00a0\u00bb#\u00a0\u00bb url_new_window=\u00a0\u00bboff\u00a0\u00bb link_option_url_new_window=\u00a0\u00bboff\u00a0\u00bb background_color=\u00a0\u00bb#759f92&Prime; use_background_color_gradient=\u00a0\u00bboff\u00a0\u00bb background_color_gradient_start=\u00a0\u00bb#2b87da\u00a0\u00bb background_color_gradient_end=\u00a0\u00bb#29c4a9&Prime; background_color_gradient_type=\u00a0\u00bblinear\u00a0\u00bb background_color_gradient_direction=\u00a0\u00bb180deg\u00a0\u00bb background_color_gradient_direction_radial=\u00a0\u00bbcenter\u00a0\u00bb background_color_gradient_start_position=\u00a0\u00bb0%\u00a0\u00bb background_color_gradient_end_position=\u00a0\u00bb100%\u00a0\u00bb background_color_gradient_overlays_image=\u00a0\u00bboff\u00a0\u00bb background_image=\u00a0\u00bbhttps:\/\/www.careplus.eu\/wp-content\/uploads\/2019\/02\/CAMPAGNE-LANDING-1.jpg\u00a0\u00bb parallax=\u00a0\u00bboff\u00a0\u00bb parallax_method=\u00a0\u00bbon\u00a0\u00bb background_size=\u00a0\u00bbcover\u00a0\u00bb background_position=\u00a0\u00bbcenter\u00a0\u00bb background_repeat=\u00a0\u00bbno-repeat\u00a0\u00bb background_blend=\u00a0\u00bbnormal\u00a0\u00bb allow_player_pause=\u00a0\u00bboff\u00a0\u00bb background_video_pause_outside_viewport=\u00a0\u00bbon\u00a0\u00bb use_bg_overlay=\u00a0\u00bboff\u00a0\u00bb use_text_overlay=\u00a0\u00bboff\u00a0\u00bb text_border_radius=\u00a0\u00bb3&Prime; alignment=\u00a0\u00bbcenter\u00a0\u00bb child_filter_hue_rotate=\u00a0\u00bb0deg\u00a0\u00bb child_filter_saturate=\u00a0\u00bb100%\u00a0\u00bb child_filter_brightness=\u00a0\u00bb100%\u00a0\u00bb child_filter_contrast=\u00a0\u00bb100%\u00a0\u00bb child_filter_invert=\u00a0\u00bb0%\u00a0\u00bb child_filter_sepia=\u00a0\u00bb0%\u00a0\u00bb child_filter_opacity=\u00a0\u00bb100%\u00a0\u00bb child_filter_blur=\u00a0\u00bb0px\u00a0\u00bb child_mix_blend_mode=\u00a0\u00bbnormal\u00a0\u00bb background_layout=\u00a0\u00bbdark\u00a0\u00bb text_shadow_style=\u00a0\u00bbnone\u00a0\u00bb header_level=\u00a0\u00bbh1&Prime; header_font=\u00a0\u00bb|800|||||||\u00a0\u00bb header_text_align=\u00a0\u00bbcenter\u00a0\u00bb header_font_size=\u00a0\u00bb36&Prime; header_font_size_tablet=\u00a0\u00bb30&Prime; header_font_size_phone=\u00a0\u00bb30&Prime; header_font_size_last_edited=\u00a0\u00bbon|tablet\u00a0\u00bb header_text_shadow_style=\u00a0\u00bbpreset3&Prime; header_text_shadow_horizontal_length=\u00a0\u00bb0em\u00a0\u00bb header_text_shadow_vertical_length=\u00a0\u00bb0em\u00a0\u00bb header_text_shadow_blur_strength=\u00a0\u00bb0.5em\u00a0\u00bb header_text_shadow_color=\u00a0\u00bbrgba(0,0,0,0.6)\u00a0\u00bb body_text_shadow_style=\u00a0\u00bbnone\u00a0\u00bb custom_button=\u00a0\u00bboff\u00a0\u00bb button_bg_use_color_gradient=\u00a0\u00bboff\u00a0\u00bb button_bg_color_gradient_overlays_image=\u00a0\u00bboff\u00a0\u00bb button_use_icon=\u00a0\u00bbon\u00a0\u00bb button_on_hover=\u00a0\u00bbon\u00a0\u00bb button_text_shadow_style=\u00a0\u00bbnone\u00a0\u00bb box_shadow_style_button=\u00a0\u00bbnone\u00a0\u00bb custom_padding=\u00a0\u00bb16%||16%|\u00a0\u00bb custom_padding_tablet=\u00a0\u00bb30%||30%|\u00a0\u00bb custom_padding_phone=\u00a0\u00bb30%||30%|\u00a0\u00bb custom_padding_last_edited=\u00a0\u00bbon|tablet\u00a0\u00bb hover_transition_duration=\u00a0\u00bb300ms\u00a0\u00bb hover_transition_delay=\u00a0\u00bb0ms\u00a0\u00bb hover_transition_speed_curve=\u00a0\u00bbease\u00a0\u00bb text_shadow_horizontal_length=\u00a0\u00bb0em\u00a0\u00bb text_shadow_vertical_length=\u00a0\u00bb0em\u00a0\u00bb text_shadow_blur_strength=\u00a0\u00bb0em\u00a0\u00bb body_text_shadow_horizontal_length=\u00a0\u00bb0em\u00a0\u00bb body_text_shadow_vertical_length=\u00a0\u00bb0em\u00a0\u00bb body_text_shadow_blur_strength=\u00a0\u00bb0em\u00a0\u00bb button_text_shadow_horizontal_length=\u00a0\u00bb0em\u00a0\u00bb button_text_shadow_vertical_length=\u00a0\u00bb0em\u00a0\u00bb button_text_shadow_blur_strength=\u00a0\u00bb0em\u00a0\u00bb \/][\/et_pb_fullwidth_slider][\/et_pb_section][et_pb_section bb_built=\u00a0\u00bb1&Prime; prev_background_color=\u00a0\u00bb#000000&Prime; next_background_color=\u00a0\u00bb#f4f4f4&Prime;][et_pb_row][et_pb_column type=\u00a0\u00bb4_4&Prime;][et_pb_post_title _builder_version=\u00a0\u00bb3.19.6&Prime; meta=\u00a0\u00bboff\u00a0\u00bb featured_image=\u00a0\u00bboff\u00a0\u00bb title_font=\u00a0\u00bb|800|||||||\u00a0\u00bb title_font_size=\u00a0\u00bb30px\u00a0\u00bb title_font_size_tablet=\u00a0\u00bb24px\u00a0\u00bb title_font_size_last_edited=\u00a0\u00bbon|tablet\u00a0\u00bb title_text_shadow_blur_strength=\u00a0\u00bb0.5em\u00a0\u00bb title_text_shadow_color=\u00a0\u00bbrgba(0,0,0,0.6)\u00a0\u00bb \/][\/et_pb_column][\/et_pb_row][et_pb_row][et_pb_column type=\u00a0\u00bb1_3&Prime;][et_pb_image _builder_version=\u00a0\u00bb3.19.6&Prime; src=\u00a0\u00bbhttps:\/\/www.careplus.eu\/wp-content\/uploads\/2019\/02\/NUnl300x250.jpg\u00a0\u00bb align=\u00a0\u00bbcenter\u00a0\u00bb \/][\/et_pb_column][et_pb_column type=\u00a0\u00bb2_3&Prime;][et_pb_text _builder_version=\u00a0\u00bb3.19.6&Prime; header_font=\u00a0\u00bb|700|||||||\u00a0\u00bb header_2_font=\u00a0\u00bb|800|||||||\u00a0\u00bb header_2_font_size=\u00a0\u00bb30px\u00a0\u00bb header_2_font_size_tablet=\u00a0\u00bb24px\u00a0\u00bb header_2_font_size_last_edited=\u00a0\u00bbon|tablet\u00a0\u00bb]<\/p>\n<p><strong>C\u2019EST FAUX. Il existe une croyance tenace selon laquelle les tiques se laisseraient tomber des arbres sur les passants. Les tiques ne vivent pas dans les arbres mais dans les buissons et broussailles l\u00e0 o\u00f9 il y a le plus de chances de voir passer un \u201ch\u00f4te\u201d sur lequel elles pourront se fixer. Elles partent ensuite \u00e0 la recherche d\u2019un endroit chaud sur le corps afin de pouvoir s\u2019y loger. <\/strong><\/p>\n<p>Pr\u00e8s de 42% des N\u00e9erlandais pensent que les tiques vivent dans les arbres, mais le danger vient plut\u00f4t d\u2019en bas que d\u2019en haut.<\/p>\n<p>[\/et_pb_text][et_pb_button _builder_version=\u00a0\u00bb3.19.6&Prime; button_text=\u00a0\u00bbCliquez ici pour les produits anti-tiques\u00a0\u00bb button_alignment=\u00a0\u00bbleft\u00a0\u00bb background_layout=\u00a0\u00bbdark\u00a0\u00bb \/][\/et_pb_column][\/et_pb_row][et_pb_row][et_pb_column type=\u00a0\u00bb4_4&Prime;][et_pb_text _builder_version=\u00a0\u00bb3.19.6&Prime;]<\/p>\n<h3>10 v\u00e9rit\u00e9s concernant les tiques<\/h3>\n<p>&nbsp;<\/p>\n<ol style=\"font-size:20px;line-height:36px\">\n<li>La tique est active pendant toute l\u2019ann\u00e9e, mais principalement lorsque les temp\u00e9ratures atteignent 8\u00b0 Celsius ou plus.<\/li>\n<li>Elles vivent aux Pays-Bas et dans de nombreuses destinations (de vacances) en Europe.<\/li>\n<li>Elles vivent souvent dans les broussailles, les bois, les parcs, les jardins, les dunes et les prairies.<\/li>\n<li>Les tiques ne peuvent pas sauter ni voler et ne se laissent pas tomber des arbres.<\/li>\n<li>Les tiques ne font qu\u2019entre 1mm et 3 mm et sont \u00e0 peine visibles \u00e0 l\u2019\u0153il nu.<\/li>\n<li>Les Pays-Bas comptent en moyenne 100.000 tiques par kilom\u00e8tre carr\u00e9.<\/li>\n<li>Environ 20% des tiques des Pays-Bas sont porteuses de la bact\u00e9rie Borrelia qui peut causer la maladie de Lyme.<\/li>\n<li>Par an, ce sont pr\u00e8s d\u20191,2 millions de N\u00e9erlandais qui se font mordre par une tique (1 sur 15).<\/li>\n<li>27 000 N\u00e9erlandais sont diagnostiqu\u00e9s avec la maladie de Lyme chaque ann\u00e9e.<\/li>\n<li>La plupart des morsures de tiques arrivent dans nos jardins.<\/li>\n<\/ol>\n<p>[\/et_pb_text][\/et_pb_column][\/et_pb_row][\/et_pb_section][et_pb_section bb_built=\u00a0\u00bb1&Prime; specialty=\u00a0\u00bboff\u00a0\u00bb prev_background_color=\u00a0\u00bb#ffffff\u00a0\u00bb _builder_version=\u00a0\u00bb3.19.6&Prime; background_color=\u00a0\u00bb#f4f4f4&Prime; next_background_color=\u00a0\u00bb#ffffff\u00a0\u00bb][et_pb_row _builder_version=\u00a0\u00bb3.19.6&Prime; background_color=\u00a0\u00bb#ffffff\u00a0\u00bb border_radii=\u00a0\u00bbon|10px|10px|10px|10px\u00a0\u00bb][et_pb_column type=\u00a0\u00bb1_3&Prime;][et_pb_image _builder_version=\u00a0\u00bb3.19.6&Prime; src=\u00a0\u00bbhttps:\/\/www.careplus.eu\/wp-content\/uploads\/2019\/01\/producten-anti-insect.jpg\u00a0\u00bb align=\u00a0\u00bbcenter\u00a0\u00bb \/][et_pb_button _builder_version=\u00a0\u00bb3.19.6&Prime; button_text=\u00a0\u00bbChoisissez &amp; Commandez\u00a0\u00bb button_alignment=\u00a0\u00bbcenter\u00a0\u00bb background_layout=\u00a0\u00bbdark\u00a0\u00bb \/][\/et_pb_column][et_pb_column type=\u00a0\u00bb1_3&Prime;][et_pb_image _builder_version=\u00a0\u00bb3.19.6&Prime; src=\u00a0\u00bbhttps:\/\/www.careplus.eu\/wp-content\/uploads\/2019\/02\/anti-insect-deet-40.jpg\u00a0\u00bb align=\u00a0\u00bbcenter\u00a0\u00bb \/][et_pb_button _builder_version=\u00a0\u00bb3.19.6&Prime; button_text=\u00a0\u00bbChoisissez &amp; Commandez\u00a0\u00bb button_alignment=\u00a0\u00bbcenter\u00a0\u00bb background_layout=\u00a0\u00bbdark\u00a0\u00bb \/][\/et_pb_column][et_pb_column type=\u00a0\u00bb1_3&Prime;][et_pb_image _builder_version=\u00a0\u00bb3.19.6&Prime; src=\u00a0\u00bbhttps:\/\/www.careplus.eu\/wp-content\/uploads\/2019\/02\/anti-teek.jpg\u00a0\u00bb align=\u00a0\u00bbcenter\u00a0\u00bb \/][et_pb_button _builder_version=\u00a0\u00bb3.19.6&Prime; button_text=\u00a0\u00bbChoisissez &amp; Commandez\u00a0\u00bb button_alignment=\u00a0\u00bbcenter\u00a0\u00bb background_layout=\u00a0\u00bbdark\u00a0\u00bb \/][\/et_pb_column][\/et_pb_row][\/et_pb_section][et_pb_section bb_built=\u00a0\u00bb1&Prime; prev_background_color=\u00a0\u00bb#f4f4f4&Prime;][et_pb_row][et_pb_column type=\u00a0\u00bb4_4&Prime;][et_pb_text _builder_version=\u00a0\u00bb3.19.6&Prime;]<\/p>\n<h3>Bien prot\u00e9g\u00e9s contre les tiques gr\u00e2ce aux produits de Care Plus<sup style=\"font-size:10px\">&reg;<\/sup><\/h3>\n<p>&nbsp;<\/p>\n<p>[\/et_pb_text][\/et_pb_column][\/et_pb_row][\/et_pb_section]<\/p>\n","protected":false},"excerpt":{"rendered":"<p><div class=\"et_pb_row et_pb_row_0 et_pb_row_empty\">\n\t\t\t\t\n\t\t\t\t\n\t\t\t\t\n\t\t\t\t\n\t\t\t\t\n\t\t\t<\/div><div class=\"et_pb_row et_pb_row_1 et_pb_row_empty\">\n\t\t\t\t\n\t\t\t\t\n\t\t\t\t\n\t\t\t\t\n\t\t\t\t\n\t\t\t<\/div> C\u2019EST FAUX. Il existe une croyance tenace selon laquelle les tiques se laisseraient tomber des arbres sur les passants. Les tiques ne vivent pas dans les arbres mais dans les buissons et broussailles l\u00e0 o\u00f9 il y a le plus de chances de voir passer un \u201ch\u00f4te\u201d sur lequel elles pourront se fixer. Elles [&hellip;]<\/p>\n","protected":false},"author":37,"featured_media":0,"parent":0,"menu_order":0,"comment_status":"closed","ping_status":"closed","template":"","meta":{"_acf_changed":false,"_et_pb_use_builder":"on","_et_pb_old_content":"","_et_gb_content_width":"","footnotes":""},"class_list":["post-5575","page","type-page","status-publish","hentry"],"acf":[],"_links":{"self":[{"href":"https:\/\/www.careplus.eu\/fr\/wp-json\/wp\/v2\/pages\/5575","targetHints":{"allow":["GET"]}}],"collection":[{"href":"https:\/\/www.careplus.eu\/fr\/wp-json\/wp\/v2\/pages"}],"about":[{"href":"https:\/\/www.careplus.eu\/fr\/wp-json\/wp\/v2\/types\/page"}],"author":[{"embeddable":true,"href":"https:\/\/www.careplus.eu\/fr\/wp-json\/wp\/v2\/users\/37"}],"replies":[{"embeddable":true,"href":"https:\/\/www.careplus.eu\/fr\/wp-json\/wp\/v2\/comments?post=5575"}],"version-history":[{"count":0,"href":"https:\/\/www.careplus.eu\/fr\/wp-json\/wp\/v2\/pages\/5575\/revisions"}],"wp:attachment":[{"href":"https:\/\/www.careplus.eu\/fr\/wp-json\/wp\/v2\/media?parent=5575"}],"curies":[{"name":"wp","href":"https:\/\/api.w.org\/{rel}","templated":true}]}}