


{"id":5493,"date":"2019-03-18T23:36:10","date_gmt":"2019-03-18T22:36:10","guid":{"rendered":"https:\/\/www.careplus.eu\/maladie-du-nil-occidental\/"},"modified":"2021-05-08T08:34:21","modified_gmt":"2021-05-08T06:34:21","slug":"maladie-du-nil-occidental","status":"publish","type":"page","link":"https:\/\/www.careplus.eu\/fr\/astuces-et-conseils-pour-voyager-en-toute-securite\/protection-contre-les-maladies-tropicales\/maladie-du-nil-occidental\/","title":{"rendered":"Maladie du Nil occidental"},"content":{"rendered":"<p>[et_pb_section fb_built=\u00a0\u00bb1&Prime; fullwidth=\u00a0\u00bbon\u00a0\u00bb _builder_version=\u00a0\u00bb3.22&Prime; bottom_divider_style=\u00a0\u00bbcurve\u00a0\u00bb bottom_divider_color=\u00a0\u00bb#ffffff\u00a0\u00bb bottom_divider_height=\u00a0\u00bb40px\u00a0\u00bb][et_pb_fullwidth_slider show_arrows=\u00a0\u00bboff\u00a0\u00bb show_pagination=\u00a0\u00bboff\u00a0\u00bb _builder_version=\u00a0\u00bb3.19.6&Prime; custom_padding=\u00a0\u00bb22%||10%|\u00a0\u00bb][et_pb_slide heading=\u00a0\u00bbMaladie du nil occidental\u00a0\u00bb use_bg_overlay=\u00a0\u00bboff\u00a0\u00bb use_text_overlay=\u00a0\u00bboff\u00a0\u00bb _builder_version=\u00a0\u00bb3.19.6&Prime; header_level=\u00a0\u00bbh1&Prime; header_font=\u00a0\u00bb|800|||||||\u00a0\u00bb header_text_align=\u00a0\u00bbcenter\u00a0\u00bb header_font_size=\u00a0\u00bb36&Prime; background_color=\u00a0\u00bb#0b6a30&Prime; background_image=\u00a0\u00bbhttps:\/\/www.careplus.eu\/wp-content\/uploads\/2019\/03\/west-nile-virus.jpg\u00a0\u00bb button_on_hover=\u00a0\u00bbon\u00a0\u00bb custom_padding=\u00a0\u00bb15%||15%|\u00a0\u00bb custom_padding_tablet=\u00a0\u00bb15%||15%|\u00a0\u00bb custom_padding_phone=\u00a0\u00bb30%||30%|\u00a0\u00bb custom_padding_last_edited=\u00a0\u00bbon|desktop\u00a0\u00bb header_font_size_tablet=\u00a0\u00bb30&Prime; header_font_size_phone=\u00a0\u00bb30&Prime; header_font_size_last_edited=\u00a0\u00bbon|tablet\u00a0\u00bb header_text_shadow_style=\u00a0\u00bbpreset3&Prime; header_text_shadow_blur_strength=\u00a0\u00bb0.5em\u00a0\u00bb header_text_shadow_color=\u00a0\u00bbrgba(0,0,0,0.6)\u00a0\u00bb sticky_transition=\u00a0\u00bbon\u00a0\u00bb][\/et_pb_slide][\/et_pb_fullwidth_slider][\/et_pb_section][et_pb_section fb_built=\u00a0\u00bb1&Prime; _builder_version=\u00a0\u00bb3.22&Prime;][et_pb_row _builder_version=\u00a0\u00bb3.25&Prime; background_size=\u00a0\u00bbinitial\u00a0\u00bb background_position=\u00a0\u00bbtop_left\u00a0\u00bb background_repeat=\u00a0\u00bbrepeat\u00a0\u00bb][et_pb_column type=\u00a0\u00bb4_4&Prime; _builder_version=\u00a0\u00bb3.25&Prime; custom_padding=\u00a0\u00bb|||\u00a0\u00bb custom_padding__hover=\u00a0\u00bb|||\u00a0\u00bb][et_pb_dmb_breadcrumbs _builder_version=\u00a0\u00bb3.19.6&Prime; body_font_size_tablet=\u00a0\u00bb51&Prime; body_line_height_tablet=\u00a0\u00bb2&Prime; separator_font_size_tablet=\u00a0\u00bb51&Prime; separator_line_height_tablet=\u00a0\u00bb2&Prime; link_font_size_tablet=\u00a0\u00bb51&Prime; link_line_height_tablet=\u00a0\u00bb2&Prime; linkhover_font_size_tablet=\u00a0\u00bb51&Prime; linkhover_line_height_tablet=\u00a0\u00bb2&Prime;][\/et_pb_dmb_breadcrumbs][et_pb_text admin_label=\u00a0\u00bbWestnijlziekte\u00a0\u00bb _builder_version=\u00a0\u00bb3.27.4&Prime; header_2_font=\u00a0\u00bb|800|||||||\u00a0\u00bb]<\/p>\n<h2>Maladie du Nil Occidental<\/h2>\n<p><b>Le virus du Nil Occidental est un virus qui cause la maladie du Nil Occidental. C\u2019est une maladie virale transmise par les moustiques qui survient principalement les oiseaux, mais qui peut \u00e9galement toucher les mammif\u00e8res tels que les hommes et les chevaux. Cette maladie se r\u00e9pand par des moustiques infect\u00e9s comme, entre autres, le moustique tigre.<\/b><\/p>\n<p>[\/et_pb_text][et_pb_image src=\u00a0\u00bbhttps:\/\/www.careplus.eu\/wp-content\/uploads\/2019\/03\/Kaart_wereld_WNV-2.png\u00a0\u00bb align_tablet=\u00a0\u00bbcenter\u00a0\u00bb align_phone=\u00a0\u00bb\u00a0\u00bb align_last_edited=\u00a0\u00bbon|desktop\u00a0\u00bb _builder_version=\u00a0\u00bb3.23&Prime;][\/et_pb_image][et_pb_text admin_label=\u00a0\u00bbbijschrift kaart\u00a0\u00bb _builder_version=\u00a0\u00bb3.27.4&Prime; text_font_size=\u00a0\u00bb12px\u00a0\u00bb]<\/p>\n<p>\nL&rsquo;aper\u00e7u graphique de cette carte est bas\u00e9 sur des donn\u00e9es de 2017.<\/p>\n<p>[\/et_pb_text][et_pb_text admin_label=\u00a0\u00bbWestnijlziekte\u00a0\u00bb _builder_version=\u00a0\u00bb3.27.4&Prime;]<\/p>\n<h3>Qu\u2019est la maladie du Nil Occidental\u00a0?<\/h3>\n<p>La maladie du Nil Occidental est une maladie virale transmise par les moustiques qui touche principalement les oiseaux, mais \u00e9galement les mammif\u00e8res et donc aussi les humains. La maladie est r\u00e9pandue par les moustiques infect\u00e9s, comme entre autres, le moustique tigre. Les oiseaux sont souvent victimes de ce virus bien qu\u2019ils aient g\u00e9n\u00e9ralement peu de sympt\u00f4mes. Le risque de contagion est cependant tr\u00e8s \u00e9lev\u00e9. Les mammif\u00e8res (principalement les chevaux et les humains) ont souvent des sympt\u00f4mes, mais ils sont de courte dur\u00e9e et ne sont pas contagieux. Un moustique peut prendre suffisamment de virus chez un oiseau pour faire une prochaine victime, cela n\u2019est cependant pas le cas pour les mammif\u00e8res et les humains. La transmission du virus ne peut donc pas de faire par les chevaux ou les humains.<\/p>\n<p>&nbsp;<\/p>\n<h3>Sympt\u00f4mes de la maladie de Nil occidental<\/h3>\n<p>Pour 80% des victimes humaines, l\u2019infection par le virus du Nil occidental ne provoque pas de sympt\u00f4mes. Dans les autres cas, il est principalement question de sympt\u00f4mes grippaux tels que la fi\u00e8vre, les maux de t\u00eate, les douleurs musculaires, les \u00e9ruptions cutan\u00e9es et les ganglions gonfl\u00e9s. Pour un tout petit pourcentage de 1%, la maladie a des cons\u00e9quences graves, notamment une infection des membranes du cerveau (enc\u00e9phalite et m\u00e9ningite). Les personnes de plus de 50 ans ont plus de risques de d\u00e9velopper des sympt\u00f4mes plus graves de la maladie. Les sympt\u00f4mes se d\u00e9veloppent 3 \u00e0 14 jours apr\u00e8s l\u2019infection et il existe, h\u00e9las, pas de traitement efficace pour cela.<\/p>\n<p>Les sympt\u00f4mes qui peuvent apparaitre sont\u00a0:<\/p>\n<ul>\n<li>La fi\u00e8vre<\/li>\n<li>Une infection non-purulente de l\u2019\u0153il<\/li>\n<li>Des maux de t\u00eate<\/li>\n<li>Des douleurs musculaires<\/li>\n<li>Des \u00e9ruptions cutan\u00e9es<\/li>\n<li>Des ganglions gonfl\u00e9s<\/li>\n<\/ul>\n<p>[\/et_pb_text][\/et_pb_column][\/et_pb_row][\/et_pb_section][et_pb_section fb_built=\u00a0\u00bb1&Prime; _builder_version=\u00a0\u00bb3.22&Prime; background_color=\u00a0\u00bb#f4f4f4&Prime;][et_pb_row column_structure=\u00a0\u00bb1_3,1_3,1_3&Prime; _builder_version=\u00a0\u00bb3.25&Prime; background_color=\u00a0\u00bb#ffffff\u00a0\u00bb border_radii=\u00a0\u00bbon|10px|10px|10px|10px\u00a0\u00bb][et_pb_column type=\u00a0\u00bb1_3&Prime; _builder_version=\u00a0\u00bb3.25&Prime; custom_padding=\u00a0\u00bb|||\u00a0\u00bb custom_padding__hover=\u00a0\u00bb|||\u00a0\u00bb][et_pb_image src=\u00a0\u00bbhttps:\/\/www.careplus.eu\/wp-content\/uploads\/2020\/06\/careplus-anti-insect-deet-60ml-50-2.jpg\u00a0\u00bb title_text=\u00a0\u00bbcareplus-anti-insect-deet-60ml-50&Prime; align_tablet=\u00a0\u00bbcenter\u00a0\u00bb align_phone=\u00a0\u00bb\u00a0\u00bb align_last_edited=\u00a0\u00bbon|desktop\u00a0\u00bb _builder_version=\u00a0\u00bb4.4.8&Prime;][\/et_pb_image][et_pb_button button_url=\u00a0\u00bbhttps:\/\/www.careplus.eu\/fr\/moustiques-et-tiques\/proteger\/anti-insect-deet\/\u00a0\u00bb button_text=\u00a0\u00bbAnti-Insect\u00a0\u00bb button_alignment=\u00a0\u00bbcenter\u00a0\u00bb _builder_version=\u00a0\u00bb3.19.6&Prime; background_layout=\u00a0\u00bbdark\u00a0\u00bb][\/et_pb_button][\/et_pb_column][et_pb_column type=\u00a0\u00bb1_3&Prime; _builder_version=\u00a0\u00bb3.25&Prime; custom_padding=\u00a0\u00bb|||\u00a0\u00bb custom_padding__hover=\u00a0\u00bb|||\u00a0\u00bb][et_pb_image src=\u00a0\u00bbhttps:\/\/www.careplus.eu\/wp-content\/uploads\/2019\/01\/klamboe-solo-box.jpg\u00a0\u00bb align_tablet=\u00a0\u00bbcenter\u00a0\u00bb align_phone=\u00a0\u00bb\u00a0\u00bb align_last_edited=\u00a0\u00bbon|desktop\u00a0\u00bb _builder_version=\u00a0\u00bb3.23&Prime;][\/et_pb_image][et_pb_button button_url=\u00a0\u00bbhttps:\/\/www.careplus.eu\/fr\/moustiques-et-tiques\/proteger\/moustiquaires\/\u00a0\u00bb button_text=\u00a0\u00bbMoustiquaire de voyage\u00a0\u00bb button_alignment=\u00a0\u00bbcenter\u00a0\u00bb _builder_version=\u00a0\u00bb3.19.6&Prime; background_layout=\u00a0\u00bbdark\u00a0\u00bb][\/et_pb_button][\/et_pb_column][et_pb_column type=\u00a0\u00bb1_3&Prime; _builder_version=\u00a0\u00bb3.25&Prime; custom_padding=\u00a0\u00bb|||\u00a0\u00bb custom_padding__hover=\u00a0\u00bb|||\u00a0\u00bb][et_pb_image src=\u00a0\u00bbhttps:\/\/www.careplus.eu\/wp-content\/uploads\/2019\/02\/gezichtbescherming.jpg\u00a0\u00bb align_tablet=\u00a0\u00bbcenter\u00a0\u00bb align_phone=\u00a0\u00bb\u00a0\u00bb align_last_edited=\u00a0\u00bbon|desktop\u00a0\u00bb _builder_version=\u00a0\u00bb3.23&Prime;][\/et_pb_image][et_pb_button button_url=\u00a0\u00bbhttps:\/\/www.careplus.eu\/fr\/moustiques-et-tiques\/proteger\/filet-protecteur-pour-la-tete\/\u00a0\u00bb button_text=\u00a0\u00bbFilets de protection pour la t\u00eate\u00a0\u00bb button_alignment=\u00a0\u00bbcenter\u00a0\u00bb _builder_version=\u00a0\u00bb3.19.6&Prime; background_layout=\u00a0\u00bbdark\u00a0\u00bb][\/et_pb_button][\/et_pb_column][\/et_pb_row][\/et_pb_section][et_pb_section fb_built=\u00a0\u00bb1&Prime; _builder_version=\u00a0\u00bb3.22&Prime;][et_pb_row _builder_version=\u00a0\u00bb3.25&Prime; background_size=\u00a0\u00bbinitial\u00a0\u00bb background_position=\u00a0\u00bbtop_left\u00a0\u00bb background_repeat=\u00a0\u00bbrepeat\u00a0\u00bb][et_pb_column type=\u00a0\u00bb4_4&Prime; _builder_version=\u00a0\u00bb3.25&Prime; custom_padding=\u00a0\u00bb|||\u00a0\u00bb custom_padding__hover=\u00a0\u00bb|||\u00a0\u00bb][et_pb_text admin_label=\u00a0\u00bbWestnijlziekte\u00a0\u00bb _builder_version=\u00a0\u00bb3.27.4&Prime;]<\/p>\n<h3>Contamination et pr\u00e9vention de la maladie du Nil occidental<\/h3>\n<p>Contamination et pr\u00e9vention de la maladie du Nil occidental Le virus du Nil occidental est transmis par la piq\u00fbre de certains moustiques, courants dans et autour des tropiques sous les tropiques. Le moustique de la fi\u00e8vre jaune ou moustique de la dengue (Aedes aegypti) est la principale source du virus. Ce moustique se nourrit principalement de sang et mord principalement entre le lever et le coucher du soleil. Donc certainement aussi pendant la journ\u00e9e.<\/p>\n<p id=\"tw-target-text\" class=\"tw-data-text tw-ta tw-text-small\" dir=\"ltr\" data-placeholder=\"Vertaling\"><span lang=\"fr\" tabindex=\"0\">Il est important de prendre avec soin les mesures anti-moustiques pendant la journ\u00e9e et en d\u00e9but de soir\u00e9e dans les zones touch\u00e9es par le virus du Nil occidental.<\/span><\/p>\n<ul>\n<li>\n<p id=\"tw-target-text\" class=\"tw-data-text tw-ta tw-text-small\" dir=\"ltr\" data-placeholder=\"Vertaling\"><span lang=\"fr\" tabindex=\"0\">Portez des v\u00eatements de protection (manches longues, pantalons longs). Enduire la peau expos\u00e9e d&rsquo;un anti-insecte avec du DEET.<\/span><\/p>\n<\/li>\n<li>\n<p id=\"tw-target-text\" class=\"tw-data-text tw-ta tw-text-small\" dir=\"ltr\" data-placeholder=\"Vertaling\"><span lang=\"fr\" tabindex=\"0\">Les enfants de moins de 2 ans et les femmes enceintes ne peuvent utiliser que des produits contenant au maximum 30% de DEET.<\/span><\/p>\n<\/li>\n<li>\n<p id=\"tw-target-text\" class=\"tw-data-text tw-ta tw-text-small\" dir=\"ltr\" data-placeholder=\"Vertaling\"><span lang=\"fr\" tabindex=\"0\">Placez des \u00e9crans sur les fen\u00eatres et les portes<\/span><\/p>\n<\/li>\n<li>\n<p id=\"tw-target-text\" class=\"tw-data-text tw-ta tw-text-small\" dir=\"ltr\" data-placeholder=\"Vertaling\"><span lang=\"fr\" tabindex=\"0\">Dormez toujours sous une moustiquaire (impr\u00e9gn\u00e9e) ou dans une zone exempte de moustiques.<\/span><\/p>\n<\/li>\n<\/ul>\n<p id=\"tw-target-text\" class=\"tw-data-text tw-ta tw-text-small\" dir=\"ltr\" data-placeholder=\"Vertaling\"><span lang=\"fr\" tabindex=\"0\">Les voyageurs constituent un groupe \u00e0 risque de contracter une infection par le virus du Nil occidental. Il leur est conseill\u00e9 de demander conseil sur le voyage pr\u00e9vu \u00e0 une clinique de transport passagers ou \u00e0 un m\u00e9decin traitant avant le d\u00e9part.<\/span><\/p>\n<p>[\/et_pb_text][\/et_pb_column][\/et_pb_row][\/et_pb_section]<\/p>\n","protected":false},"excerpt":{"rendered":"<p>Maladie du Nil Occidental Le virus du Nil Occidental est un virus qui cause la maladie du Nil Occidental. C\u2019est une maladie virale transmise par les moustiques qui survient principalement les oiseaux, mais qui peut \u00e9galement toucher les mammif\u00e8res tels que les hommes et les chevaux. Cette maladie se r\u00e9pand par des moustiques infect\u00e9s comme, [&hellip;]<\/p>\n","protected":false},"author":37,"featured_media":0,"parent":5871,"menu_order":0,"comment_status":"closed","ping_status":"closed","template":"","meta":{"_acf_changed":false,"_et_pb_use_builder":"on","_et_pb_old_content":"","_et_gb_content_width":"","footnotes":""},"class_list":["post-5493","page","type-page","status-publish","hentry"],"acf":[],"_links":{"self":[{"href":"https:\/\/www.careplus.eu\/fr\/wp-json\/wp\/v2\/pages\/5493","targetHints":{"allow":["GET"]}}],"collection":[{"href":"https:\/\/www.careplus.eu\/fr\/wp-json\/wp\/v2\/pages"}],"about":[{"href":"https:\/\/www.careplus.eu\/fr\/wp-json\/wp\/v2\/types\/page"}],"author":[{"embeddable":true,"href":"https:\/\/www.careplus.eu\/fr\/wp-json\/wp\/v2\/users\/37"}],"replies":[{"embeddable":true,"href":"https:\/\/www.careplus.eu\/fr\/wp-json\/wp\/v2\/comments?post=5493"}],"version-history":[{"count":0,"href":"https:\/\/www.careplus.eu\/fr\/wp-json\/wp\/v2\/pages\/5493\/revisions"}],"up":[{"embeddable":true,"href":"https:\/\/www.careplus.eu\/fr\/wp-json\/wp\/v2\/pages\/5871"}],"wp:attachment":[{"href":"https:\/\/www.careplus.eu\/fr\/wp-json\/wp\/v2\/media?parent=5493"}],"curies":[{"name":"wp","href":"https:\/\/api.w.org\/{rel}","templated":true}]}}