{"id":5487,"date":"2019-03-18T22:48:26","date_gmt":"2019-03-18T21:48:26","guid":{"rendered":"https:\/\/www.careplus.eu\/filet-protecteur-pour-la-tete\/"},"modified":"2024-09-17T09:16:36","modified_gmt":"2024-09-17T08:16:36","slug":"filet-protecteur-pour-la-tete","status":"publish","type":"page","link":"https:\/\/www.careplus.eu\/fr\/moustiques-et-tiques\/proteger\/filet-protecteur-pour-la-tete\/","title":{"rendered":"Filets protecteurs pour la t\u00eate"},"content":{"rendered":"<p>[et_pb_section bb_built=\u00a0\u00bb1&Prime; _builder_version=\u00a0\u00bb4.16&Prime; global_colors_info=\u00a0\u00bb{}\u00a0\u00bb next_background_color=\u00a0\u00bb#f4f4f4&Prime;][et_pb_row _builder_version=\u00a0\u00bb4.16&Prime; background_size=\u00a0\u00bbinitial\u00a0\u00bb background_position=\u00a0\u00bbtop_left\u00a0\u00bb background_repeat=\u00a0\u00bbrepeat\u00a0\u00bb global_colors_info=\u00a0\u00bb{}\u00a0\u00bb][et_pb_column type=\u00a0\u00bb4_4&Prime; _builder_version=\u00a0\u00bb4.16&Prime; custom_padding=\u00a0\u00bb|||\u00a0\u00bb global_colors_info=\u00a0\u00bb{}\u00a0\u00bb custom_padding__hover=\u00a0\u00bb|||\u00a0\u00bb][et_pb_dmb_breadcrumbs _builder_version=\u00a0\u00bb4.16&Prime; body_font_size_tablet=\u00a0\u00bb51&Prime; body_line_height_tablet=\u00a0\u00bb2&Prime; separator_font_size_tablet=\u00a0\u00bb51&Prime; separator_line_height_tablet=\u00a0\u00bb2&Prime; link_font_size_tablet=\u00a0\u00bb51&Prime; link_line_height_tablet=\u00a0\u00bb2&Prime; linkhover_font_size_tablet=\u00a0\u00bb51&Prime; linkhover_line_height_tablet=\u00a0\u00bb2&Prime; global_colors_info=\u00a0\u00bb{}\u00a0\u00bb \/][et_pb_text admin_label=\u00a0\u00bbShort Read\u00a0\u00bb _builder_version=\u00a0\u00bb4.20.4&Prime; header_2_font=\u00a0\u00bb|800|||||||\u00a0\u00bb global_colors_info=\u00a0\u00bb{}\u00a0\u00bb]<\/p>\n<h2>Filets de t\u00eate pour se prot\u00e9ger des insectes<\/h2>\n<p>Une moustiquaire de t\u00eate offre protection et confort. Finis les bourdonnements d&rsquo;oreille irritants et les piq\u00fbres qui d\u00e9mangent sur le visage et le cou. Il n&rsquo;est plus n\u00e9cessaire de serrer les yeux pour emp\u00eacher les petits insectes de voler dans les yeux. Les deux moustiquaires sont des moustiquaires non-impr\u00e9gn\u00e9es, \u00e0 mailles tr\u00e8s fines. Elles sont parfaites pour une utilisation dans votre pays et dans les r\u00e9gions nordiques.<\/p>\n<p>En utilisant la moustiquaire, vous \u00e9vitez les piq\u00fbres de moustiques et d&rsquo;autres insectes piqueurs sur le visage, les oreilles ou le cou, \u00e0 la maison ou en voyage. Il s&rsquo;agit d&rsquo;un produit \u00e0 taille unique, de sorte que la moustiquaire s&rsquo;adapte toujours. La moustiquaire est incluse dans un \u00e9tui de rangement pratique, ce qui n&rsquo;est pas g\u00eanant en raison de sa couleur verte.<\/p>\n<p>[\/et_pb_text][\/et_pb_column][\/et_pb_row][\/et_pb_section][et_pb_section bb_built=\u00a0\u00bb1&Prime; _builder_version=\u00a0\u00bb4.16&Prime; background_color=\u00a0\u00bb#f4f4f4&Prime; global_colors_info=\u00a0\u00bb{}\u00a0\u00bb prev_background_color=\u00a0\u00bb#ffffff\u00a0\u00bb next_background_color=\u00a0\u00bb#ffffff\u00a0\u00bb][et_pb_row column_structure=\u00a0\u00bb1_2,1_2&Prime; _builder_version=\u00a0\u00bb4.16&Prime; background_color=\u00a0\u00bb#f4f4f4&Prime; custom_padding=\u00a0\u00bb|20px||20px\u00a0\u00bb border_radii=\u00a0\u00bbon|10px|10px|10px|10px\u00a0\u00bb global_colors_info=\u00a0\u00bb{}\u00a0\u00bb][et_pb_column type=\u00a0\u00bb1_2&Prime; _builder_version=\u00a0\u00bb4.16&Prime; custom_padding=\u00a0\u00bb|||\u00a0\u00bb global_colors_info=\u00a0\u00bb{}\u00a0\u00bb custom_padding__hover=\u00a0\u00bb|||\u00a0\u00bb][et_pb_gallery gallery_ids=\u00a0\u00bb5488,5492&Prime; fullwidth=\u00a0\u00bbon\u00a0\u00bb _builder_version=\u00a0\u00bb4.16&Prime; border_radii=\u00a0\u00bbon|10px|10px|10px|10px\u00a0\u00bb global_colors_info=\u00a0\u00bb{}\u00a0\u00bb \/][et_pb_text _builder_version=\u00a0\u00bb4.16&Prime; background_color=\u00a0\u00bb#ffffff\u00a0\u00bb custom_padding=\u00a0\u00bb20px|20px|20px|20px\u00a0\u00bb border_radii=\u00a0\u00bbon|10px|10px|10px|10px\u00a0\u00bb border_width_all=\u00a0\u00bb1px\u00a0\u00bb border_color_all=\u00a0\u00bb#d9d9d9&Prime; global_colors_info=\u00a0\u00bb{}\u00a0\u00bb]<\/p>\n<h4>Filet pour la t\u00eate Classic non-impr\u00e9gn\u00e9<\/h4>\n<p>Le Filet pour la t\u00eate Classic est une moustiquaire pour la t\u00eate non-impr\u00e9gn\u00e9e avec de tr\u00e8s fines mailles. Parfait pour une utilisation dans notre pays ou d\u2019autres pays nordiques. Prot\u00e8ge \u00e9galement contre les tout petits moucherons.<\/p>\n<p>[\/et_pb_text][et_pb_toggle admin_label=\u00a0\u00bbSpecifictaties\u00a0\u00bb title=\u00a0\u00bbCaract\u00e9ristiques\u00a0\u00bb open_toggle_background_color=\u00a0\u00bb#ffffff\u00a0\u00bb closed_toggle_background_color=\u00a0\u00bb#ffffff\u00a0\u00bb icon_color=\u00a0\u00bb#136932&Prime; open_icon_color=\u00a0\u00bb#136932&Prime; _builder_version=\u00a0\u00bb4.20.4&Prime; background_color=\u00a0\u00bb#ffffff\u00a0\u00bb border_radii=\u00a0\u00bbon|10px|10px|10px|10px\u00a0\u00bb global_colors_info=\u00a0\u00bb{}\u00a0\u00bb]<\/p>\n<p>\u2022 Taille de mailles (mesh): 900<br \/>\u2022 Dimensions de l\u2019emballage (l x l x h en mm): 50 x 70 x 190<br \/>\u2022 Dimensions du filet (\u00d8 x h): 350 x 480 mm<br \/>\u2022 Poids (g): 64<br \/>\u2022 Fabriqu\u00e9 en fibre polyester durable<\/p>\n<p>\u2022 Non-impr\u00e9gn\u00e9<br \/>\u2022 Prot\u00e8ge contre les moustiques et les petits insectes<br \/>\u2022 Id\u00e9al pour une utilisation dans les r\u00e9gions nordiques<br \/>\u2022 One-size-fits-all<\/p>\n<p>[\/et_pb_toggle][et_pb_toggle admin_label=\u00a0\u00bbGebruik\u00a0\u00bb title=\u00a0\u00bbUtilisation\u00a0\u00bb open_toggle_background_color=\u00a0\u00bb#ffffff\u00a0\u00bb closed_toggle_background_color=\u00a0\u00bb#ffffff\u00a0\u00bb icon_color=\u00a0\u00bb#136932&Prime; open_icon_color=\u00a0\u00bb#136932&Prime; _builder_version=\u00a0\u00bb4.21.0&Prime; background_color=\u00a0\u00bb#ffffff\u00a0\u00bb hover_enabled=\u00a0\u00bb0&Prime; border_radii=\u00a0\u00bbon|10px|10px|10px|10px\u00a0\u00bb global_colors_info=\u00a0\u00bb{}\u00a0\u00bb sticky_enabled=\u00a0\u00bb0&Prime;]<\/p>\n<ul>\n<li>Moustiquaire pour la t\u00eate avec de tr\u00e8s fines mailles pour la maison ou les voyages<\/li>\n<li>Le filet est refermable en bas \u00e0 l\u2019aide d\u2019une corde<\/li>\n<li>Id\u00e9al pour une utilisation dans les r\u00e9gions du nord<\/li>\n<li>Prot\u00e8ge contre les moustiques, les mouches et les tr\u00e8s petits insectes tels que les moucherons (midges)<\/li>\n<li>Taille unique : cette moustiquaire pour la t\u00eate est toujours adapt\u00e9e<\/li>\n<\/ul>\n<p>[\/et_pb_toggle][et_pb_button button_url=\u00a0\u00bbhttps:\/\/www.careplus-shop.fr\/moustiquaire-de-tete-classic-non-impregnee\u00a0\u00bb url_new_window=\u00a0\u00bbon\u00a0\u00bb button_text=\u00a0\u00bbChoisissez &#038; Commandez\u00a0\u00bb button_alignment=\u00a0\u00bbcenter\u00a0\u00bb _builder_version=\u00a0\u00bb4.16&Prime; background_layout=\u00a0\u00bbdark\u00a0\u00bb global_colors_info=\u00a0\u00bb{}\u00a0\u00bb \/][\/et_pb_column][et_pb_column type=\u00a0\u00bb1_2&Prime; _builder_version=\u00a0\u00bb4.16&Prime; custom_padding=\u00a0\u00bb|||\u00a0\u00bb global_colors_info=\u00a0\u00bb{}\u00a0\u00bb custom_padding__hover=\u00a0\u00bb|||\u00a0\u00bb][et_pb_gallery gallery_ids=\u00a0\u00bb5609&Prime; fullwidth=\u00a0\u00bbon\u00a0\u00bb _builder_version=\u00a0\u00bb4.16&Prime; border_radii=\u00a0\u00bbon|10px|10px|10px|10px\u00a0\u00bb global_colors_info=\u00a0\u00bb{}\u00a0\u00bb \/][et_pb_text _builder_version=\u00a0\u00bb4.16&Prime; background_color=\u00a0\u00bb#ffffff\u00a0\u00bb custom_padding=\u00a0\u00bb20px|20px|20px|20px\u00a0\u00bb border_radii=\u00a0\u00bbon|10px|10px|10px|10px\u00a0\u00bb border_width_all=\u00a0\u00bb1px\u00a0\u00bb border_color_all=\u00a0\u00bb#d9d9d9&Prime; global_colors_info=\u00a0\u00bb{}\u00a0\u00bb]<\/p>\n<h4>Filet pop-up non impr\u00e9gn\u00e9 pour la t\u00eate<\/h4>\n<p>Un chapeau avec moustiquaire int\u00e9gr\u00e9e est pratique et confortable. Le filet Pop-up pour la t\u00eate est un filet pour la t\u00eate non-impr\u00e9gn\u00e9 aux mailles tr\u00e8s fines. Parfait pour une utilisation dans notre pays et dans les r\u00e9gions du nord.<\/p>\n<p>[\/et_pb_text][et_pb_toggle admin_label=\u00a0\u00bbSpecifictaties\u00a0\u00bb title=\u00a0\u00bbCaract\u00e9ristiques\u00a0\u00bb open_toggle_background_color=\u00a0\u00bb#ffffff\u00a0\u00bb closed_toggle_background_color=\u00a0\u00bb#ffffff\u00a0\u00bb icon_color=\u00a0\u00bb#136932&Prime; open_icon_color=\u00a0\u00bb#136932&Prime; _builder_version=\u00a0\u00bb4.21.0&Prime; background_color=\u00a0\u00bb#ffffff\u00a0\u00bb border_radii=\u00a0\u00bbon|10px|10px|10px|10px\u00a0\u00bb global_colors_info=\u00a0\u00bb{}\u00a0\u00bb]<\/p>\n<p>\u2022\tTaille de mailles (mesh): 900<br \/>\n\u2022\tDimensions de l\u2019emballage (l x b x h en mm): 30 x 170 x 215<br \/>\n\u2022\tDimensions du filet (\u00d8 x h): 350 x 580 mm<br \/>\n\u2022\tPoids (g): 143<br \/>\n\u2022\tFabriqu\u00e9 en fibre polyester durable<\/p>\n<p>\u2022\tNon-impr\u00e9gn\u00e9<br \/>\n\u2022\tProt\u00e8ge contre les moustiques et les petits insectes<br \/>\n\u2022\tId\u00e9al pour une utilisation dans les r\u00e9gions nordiques<br \/>\n\u2022\tOne-size-fits-all<br \/>\n\u2022\tSe d\u00e9plie automatiquement<\/p>\n<p>[\/et_pb_toggle][et_pb_toggle admin_label=\u00a0\u00bbGebruik\u00a0\u00bb title=\u00a0\u00bbUtilisation\u00a0\u00bb open_toggle_background_color=\u00a0\u00bb#ffffff\u00a0\u00bb closed_toggle_background_color=\u00a0\u00bb#ffffff\u00a0\u00bb icon_color=\u00a0\u00bb#136932&Prime; open_icon_color=\u00a0\u00bb#136932&Prime; _builder_version=\u00a0\u00bb4.21.0&Prime; background_color=\u00a0\u00bb#ffffff\u00a0\u00bb hover_enabled=\u00a0\u00bb0&Prime; border_radii=\u00a0\u00bbon|10px|10px|10px|10px\u00a0\u00bb global_colors_info=\u00a0\u00bb{}\u00a0\u00bb sticky_enabled=\u00a0\u00bb0&Prime;]<\/p>\n<ul>\n<li>Se d\u00e9plie automatiquement<\/li>\n<li>Moustiquaire pour la t\u00eate avec de tr\u00e8s fines mailles pour la maison ou les voyages<\/li>\n<li>Le filet est refermable en bas \u00e0 l\u2019aide d\u2019une corde<\/li>\n<li>Id\u00e9al pour une utilisation dans les r\u00e9gions du nord<\/li>\n<li>Prot\u00e8ge contre les moustiques, les mouches et les tr\u00e8s petits insectes tels que les moucherons (midges)<\/li>\n<li>Taille unique : cette moustiquaire pour la t\u00eate est toujours adapt\u00e9e<\/li>\n<\/ul>\n<p>[\/et_pb_toggle][et_pb_button button_url=\u00a0\u00bbhttps:\/\/www.careplus-shop.fr\/moustiquaire-de-tete-pop-up-non-impregnee\u00a0\u00bb url_new_window=\u00a0\u00bbon\u00a0\u00bb button_text=\u00a0\u00bbChoisissez &#038; Commandez\u00a0\u00bb button_alignment=\u00a0\u00bbcenter\u00a0\u00bb _builder_version=\u00a0\u00bb4.16&Prime; background_layout=\u00a0\u00bbdark\u00a0\u00bb global_colors_info=\u00a0\u00bb{}\u00a0\u00bb \/][\/et_pb_column][\/et_pb_row][\/et_pb_section][et_pb_section bb_built=\u00a0\u00bb1&Prime; _builder_version=\u00a0\u00bb4.16&Prime; global_colors_info=\u00a0\u00bb{}\u00a0\u00bb prev_background_color=\u00a0\u00bb#f4f4f4&Prime; next_background_color=\u00a0\u00bb#f4f4f4&Prime;][et_pb_row _builder_version=\u00a0\u00bb4.16&Prime; background_size=\u00a0\u00bbinitial\u00a0\u00bb background_position=\u00a0\u00bbtop_left\u00a0\u00bb background_repeat=\u00a0\u00bbrepeat\u00a0\u00bb global_colors_info=\u00a0\u00bb{}\u00a0\u00bb][et_pb_column type=\u00a0\u00bb4_4&Prime; _builder_version=\u00a0\u00bb4.16&Prime; custom_padding=\u00a0\u00bb|||\u00a0\u00bb global_colors_info=\u00a0\u00bb{}\u00a0\u00bb custom_padding__hover=\u00a0\u00bb|||\u00a0\u00bb][et_pb_text admin_label=\u00a0\u00bbLong Read\u00a0\u00bb _builder_version=\u00a0\u00bb4.20.4&Prime; global_colors_info=\u00a0\u00bb{}\u00a0\u00bb]<\/p>\n<h3>Quel filet pour la t\u00eate choisissez-vous?<\/h3>\n<p>Le filet pour la t\u00eate Pop-up se d\u00e9plie automatiquement et a un chapeau int\u00e9gr\u00e9. Avant d\u2019utiliser le filet pour la t\u00eate Classic, il faut d\u2019abord mettre un chapeau ou une casquette. Il est recommand\u00e9 de maintenir une distance entre le filet et la peau. <\/p>\n<h3>Le port d&rsquo;une moustiquaire est-il sans danger ? <\/h3>\n<p>Les deux filets de t\u00eate sont fabriqu\u00e9s en fibre de polyester durable. La maille est de 900. En raison du nombre \u00e9lev\u00e9 de trous par pouce carr\u00e9, la circulation de l&rsquo;air dans ces filets pour la t\u00eate est inf\u00e9rieure \u00e0 celle des moustiquaires. C&rsquo;est pourquoi les filets pour la t\u00eate \u00e0 mailles fines ne conviennent pas aux destinations (sub)tropicales, car ils peuvent \u00eatre source d&rsquo;anxi\u00e9t\u00e9.<\/p>\n<h3>Les moustiquaires conviennent-elles aux r\u00e9gions nordiques ?<\/h3>\n<p>Ces filets pour la t\u00eate \u00e0 mailles fines conviennent parfaitement aux r\u00e9gions nordiques, telles que la Scandinavie, l&rsquo;\u00c9cosse et le Canada. Ils sont sp\u00e9cialement con\u00e7ues pour arr\u00eater les petits insectes tels que les moucherons, qui sont fr\u00e9quents dans ces r\u00e9gions et se pr\u00e9sentent souvent en essaims. Les piq\u00fbres de ces minuscules mouches sont extr\u00eamement douloureuses et vous devez absolument les \u00e9viter ! Ces filets de t\u00eate sont pratiques pour toutes sortes d&rsquo;activit\u00e9s, telles que la p\u00eache, la randonn\u00e9e ou la lecture tranquille \u00e0 l&rsquo;ext\u00e9rieur la nuit. Tant \u00e0 la maison qu&rsquo;en voyage.<\/p>\n<h3>Comment vous prot\u00e9ger au mieux, vous et votre famille, contre les piq\u00fbres et les morsures ?<\/h3>\n<p>Outre l&rsquo;utilisation d&rsquo;un filet pour la t\u00eate, il est important de couvrir sa peau avec des v\u00eatements autant que possible, surtout lorsqu&rsquo;on sort. Lubrifiez soigneusement la peau non couverte avec un bon produit anti-insectes. La plupart des moustiques piquent surtout apr\u00e8s le coucher du soleil, mais il est judicieux de bien se lubrifier pendant la journ\u00e9e et avant la nuit.<\/p>\n<p>[\/et_pb_text][\/et_pb_column][\/et_pb_row][\/et_pb_section][et_pb_section bb_built=\u00a0\u00bb1&Prime; _builder_version=\u00a0\u00bb4.16&Prime; background_color=\u00a0\u00bb#f4f4f4&Prime; global_colors_info=\u00a0\u00bb{}\u00a0\u00bb prev_background_color=\u00a0\u00bb#ffffff\u00a0\u00bb next_background_color=\u00a0\u00bb#ffffff\u00a0\u00bb][et_pb_row column_structure=\u00a0\u00bb1_3,1_3,1_3&Prime; _builder_version=\u00a0\u00bb4.16&Prime; background_color=\u00a0\u00bb#f4f4f4&Prime; custom_padding=\u00a0\u00bb|20px||20px\u00a0\u00bb border_radii=\u00a0\u00bbon|10px|10px|10px|10px\u00a0\u00bb global_colors_info=\u00a0\u00bb{}\u00a0\u00bb][et_pb_column type=\u00a0\u00bb1_3&Prime; _builder_version=\u00a0\u00bb4.16&Prime; custom_padding=\u00a0\u00bb|||\u00a0\u00bb global_colors_info=\u00a0\u00bb{}\u00a0\u00bb custom_padding__hover=\u00a0\u00bb|||\u00a0\u00bb][et_pb_image src=\u00a0\u00bbhttps:\/\/www.careplus.eu\/wp-content\/uploads\/2020\/06\/careplus-anti-insect-deet-60ml-tiny.jpg\u00a0\u00bb title_text=\u00a0\u00bbcareplus-anti-insect-deet-60ml-tiny\u00a0\u00bb align=\u00a0\u00bbcenter\u00a0\u00bb align_tablet=\u00a0\u00bbcenter\u00a0\u00bb align_last_edited=\u00a0\u00bbon|desktop\u00a0\u00bb _builder_version=\u00a0\u00bb4.16&Prime; border_radii=\u00a0\u00bbon|10px|10px|10px|10px\u00a0\u00bb global_colors_info=\u00a0\u00bb{}\u00a0\u00bb \/][et_pb_button button_url=\u00a0\u00bbhttps:\/\/www.careplus.eu\/fr\/moustiques-et-tiques\/proteger\/anti-insect-natural\/\u00a0\u00bb button_text=\u00a0\u00bbAnti-Insect Natural\u00a0\u00bb button_alignment=\u00a0\u00bbcenter\u00a0\u00bb _builder_version=\u00a0\u00bb4.16&Prime; background_layout=\u00a0\u00bbdark\u00a0\u00bb global_colors_info=\u00a0\u00bb{}\u00a0\u00bb \/][\/et_pb_column][et_pb_column type=\u00a0\u00bb1_3&Prime; _builder_version=\u00a0\u00bb4.16&Prime; custom_padding=\u00a0\u00bb|||\u00a0\u00bb global_colors_info=\u00a0\u00bb{}\u00a0\u00bb custom_padding__hover=\u00a0\u00bb|||\u00a0\u00bb][et_pb_image src=\u00a0\u00bbhttps:\/\/www.careplus.eu\/wp-content\/uploads\/2019\/03\/careplus-klamboe-single-popup.jpg\u00a0\u00bb url=\u00a0\u00bbhttps:\/\/www.careplus.eu\/fr\/moustiques-et-tiques\/proteger\/moustiquaires\/\u00a0\u00bb align=\u00a0\u00bbcenter\u00a0\u00bb align_tablet=\u00a0\u00bbcenter\u00a0\u00bb align_last_edited=\u00a0\u00bbon|desktop\u00a0\u00bb _builder_version=\u00a0\u00bb4.16&Prime; border_radii=\u00a0\u00bbon|10px|10px|10px|10px\u00a0\u00bb global_colors_info=\u00a0\u00bb{}\u00a0\u00bb \/][et_pb_button button_url=\u00a0\u00bbhttps:\/\/www.careplus.eu\/fr\/moustiques-et-tiques\/proteger\/moustiquaires\/\u00a0\u00bb button_text=\u00a0\u00bbMoustiquaires\u00a0\u00bb button_alignment=\u00a0\u00bbcenter\u00a0\u00bb _builder_version=\u00a0\u00bb4.16&Prime; background_layout=\u00a0\u00bbdark\u00a0\u00bb global_colors_info=\u00a0\u00bb{}\u00a0\u00bb \/][\/et_pb_column][et_pb_column type=\u00a0\u00bb1_3&Prime; _builder_version=\u00a0\u00bb4.16&Prime; custom_padding=\u00a0\u00bb|||\u00a0\u00bb global_colors_info=\u00a0\u00bb{}\u00a0\u00bb custom_padding__hover=\u00a0\u00bb|||\u00a0\u00bb][et_pb_image src=\u00a0\u00bbhttps:\/\/www.careplus.eu\/wp-content\/uploads\/2019\/03\/care-plus-bug-socks.jpg\u00a0\u00bb align=\u00a0\u00bbcenter\u00a0\u00bb align_tablet=\u00a0\u00bbcenter\u00a0\u00bb align_last_edited=\u00a0\u00bbon|desktop\u00a0\u00bb _builder_version=\u00a0\u00bb4.16&Prime; border_radii=\u00a0\u00bbon|10px|10px|10px|10px\u00a0\u00bb global_colors_info=\u00a0\u00bb{}\u00a0\u00bb \/][et_pb_button button_url=\u00a0\u00bbhttps:\/\/www.careplus.eu\/fr\/moustiques-et-tiques\/proteger\/chaussettes\/\u00a0\u00bb button_text=\u00a0\u00bbChaussettes protectrices\u00a0\u00bb button_alignment=\u00a0\u00bbcenter\u00a0\u00bb _builder_version=\u00a0\u00bb4.16&Prime; background_layout=\u00a0\u00bbdark\u00a0\u00bb global_colors_info=\u00a0\u00bb{}\u00a0\u00bb \/][\/et_pb_column][\/et_pb_row][\/et_pb_section][et_pb_section bb_built=\u00a0\u00bb1&Prime; fullwidth=\u00a0\u00bbon\u00a0\u00bb _builder_version=\u00a0\u00bb4.16&Prime; global_colors_info=\u00a0\u00bb{}\u00a0\u00bb prev_background_color=\u00a0\u00bb#f4f4f4&Prime;][et_pb_fullwidth_slider show_arrows=\u00a0\u00bboff\u00a0\u00bb show_pagination=\u00a0\u00bboff\u00a0\u00bb _builder_version=\u00a0\u00bb4.16&Prime; global_colors_info=\u00a0\u00bb{}\u00a0\u00bb][et_pb_slide use_bg_overlay=\u00a0\u00bboff\u00a0\u00bb use_text_overlay=\u00a0\u00bboff\u00a0\u00bb _builder_version=\u00a0\u00bb4.16&Prime; background_image=\u00a0\u00bbhttps:\/\/www.careplus.eu\/wp-content\/uploads\/2019\/03\/klamboe-kamperen-slapen-openlucht.jpg\u00a0\u00bb parallax=\u00a0\u00bbon\u00a0\u00bb button_on_hover=\u00a0\u00bbon\u00a0\u00bb global_colors_info=\u00a0\u00bb{}\u00a0\u00bb sticky_transition=\u00a0\u00bbon\u00a0\u00bb][\/et_pb_slide][\/et_pb_fullwidth_slider][\/et_pb_section]<\/p>\n","protected":false},"excerpt":{"rendered":"<p>Filets de t\u00eate pour se prot\u00e9ger des insectes Une moustiquaire de t\u00eate offre protection et confort. Finis les bourdonnements d&rsquo;oreille irritants et les piq\u00fbres qui d\u00e9mangent sur le visage et le cou. Il n&rsquo;est plus n\u00e9cessaire de serrer les yeux pour emp\u00eacher les petits insectes de voler dans les yeux. Les deux moustiquaires sont des [&hellip;]<\/p>\n","protected":false},"author":37,"featured_media":0,"parent":5903,"menu_order":0,"comment_status":"closed","ping_status":"closed","template":"","meta":{"_acf_changed":false,"_et_pb_use_builder":"on","_et_pb_old_content":"","_et_gb_content_width":"","footnotes":""},"class_list":["post-5487","page","type-page","status-publish","hentry"],"acf":[],"_links":{"self":[{"href":"https:\/\/www.careplus.eu\/fr\/wp-json\/wp\/v2\/pages\/5487","targetHints":{"allow":["GET"]}}],"collection":[{"href":"https:\/\/www.careplus.eu\/fr\/wp-json\/wp\/v2\/pages"}],"about":[{"href":"https:\/\/www.careplus.eu\/fr\/wp-json\/wp\/v2\/types\/page"}],"author":[{"embeddable":true,"href":"https:\/\/www.careplus.eu\/fr\/wp-json\/wp\/v2\/users\/37"}],"replies":[{"embeddable":true,"href":"https:\/\/www.careplus.eu\/fr\/wp-json\/wp\/v2\/comments?post=5487"}],"version-history":[{"count":0,"href":"https:\/\/www.careplus.eu\/fr\/wp-json\/wp\/v2\/pages\/5487\/revisions"}],"up":[{"embeddable":true,"href":"https:\/\/www.careplus.eu\/fr\/wp-json\/wp\/v2\/pages\/5903"}],"wp:attachment":[{"href":"https:\/\/www.careplus.eu\/fr\/wp-json\/wp\/v2\/media?parent=5487"}],"curies":[{"name":"wp","href":"https:\/\/api.w.org\/{rel}","templated":true}]}}