


{"id":5319,"date":"2019-03-14T11:44:37","date_gmt":"2019-03-14T10:44:37","guid":{"rendered":"https:\/\/www.careplus.eu\/avertissement\/"},"modified":"2021-04-27T17:44:30","modified_gmt":"2021-04-27T15:44:30","slug":"avertissement","status":"publish","type":"page","link":"https:\/\/www.careplus.eu\/fr\/avertissement\/","title":{"rendered":"Clause de non-responsabilit\u00e9"},"content":{"rendered":"<p>[et_pb_section fb_built=\u00a0\u00bb1&Prime; fullwidth=\u00a0\u00bbon\u00a0\u00bb _builder_version=\u00a0\u00bb3.22&Prime; bottom_divider_style=\u00a0\u00bbcurve\u00a0\u00bb bottom_divider_color=\u00a0\u00bb#ffffff\u00a0\u00bb bottom_divider_height=\u00a0\u00bb40px\u00a0\u00bb][et_pb_fullwidth_slider show_arrows=\u00a0\u00bboff\u00a0\u00bb show_pagination=\u00a0\u00bboff\u00a0\u00bb _builder_version=\u00a0\u00bb3.19.6&Prime;][et_pb_slide heading=\u00a0\u00bbClause de non-responsabilit\u00e9\u00a0\u00bb use_bg_overlay=\u00a0\u00bboff\u00a0\u00bb use_text_overlay=\u00a0\u00bboff\u00a0\u00bb _builder_version=\u00a0\u00bb3.19.6&Prime; header_level=\u00a0\u00bbh1&Prime; header_font=\u00a0\u00bb|800|||||||\u00a0\u00bb header_font_size=\u00a0\u00bb36&Prime; background_color=\u00a0\u00bb#0b6a30&Prime; background_image=\u00a0\u00bbhttps:\/\/www.careplus.eu\/wp-content\/uploads\/2019\/01\/careplus-over-ons-1.jpg\u00a0\u00bb button_on_hover=\u00a0\u00bbon\u00a0\u00bb custom_padding=\u00a0\u00bb15%||15%|\u00a0\u00bb custom_padding_tablet=\u00a0\u00bb15%||15%|\u00a0\u00bb custom_padding_phone=\u00a0\u00bb30%||30%|\u00a0\u00bb custom_padding_last_edited=\u00a0\u00bbon|phone\u00a0\u00bb header_font_size_tablet=\u00a0\u00bb36&Prime; header_font_size_phone=\u00a0\u00bb36&Prime; header_text_shadow_style=\u00a0\u00bbpreset3&Prime; header_text_shadow_blur_strength=\u00a0\u00bb0.5em\u00a0\u00bb header_text_shadow_color=\u00a0\u00bbrgba(0,0,0,0.6)\u00a0\u00bb sticky_transition=\u00a0\u00bbon\u00a0\u00bb][\/et_pb_slide][\/et_pb_fullwidth_slider][\/et_pb_section][et_pb_section fb_built=\u00a0\u00bb1&Prime; _builder_version=\u00a0\u00bb3.22&Prime;][et_pb_row _builder_version=\u00a0\u00bb3.25&Prime; background_size=\u00a0\u00bbinitial\u00a0\u00bb background_position=\u00a0\u00bbtop_left\u00a0\u00bb background_repeat=\u00a0\u00bbrepeat\u00a0\u00bb][et_pb_column type=\u00a0\u00bb4_4&Prime; _builder_version=\u00a0\u00bb3.25&Prime; custom_padding=\u00a0\u00bb|||\u00a0\u00bb custom_padding__hover=\u00a0\u00bb|||\u00a0\u00bb][et_pb_text admin_label=\u00a0\u00bbDisclaimer\u00a0\u00bb _builder_version=\u00a0\u00bb4.9.4&Prime; hover_enabled=\u00a0\u00bb0&Prime; sticky_enabled=\u00a0\u00bb0&Prime;]<\/p>\n<h3>Applicabilit\u00e9<\/h3>\n<p>Ces conditions g\u00e9n\u00e9rales s&rsquo;appliquent, \u00e0 l&rsquo;exclusion de toutes autres conditions g\u00e9n\u00e9rales \u00e9ventuelles, \u00e0 toutes les activit\u00e9s exerc\u00e9es par Tropenzorg SA. En visitant les sites Web de Tropenzorg SA ou en utilisant les services ou les produits de Tropenzorg SA, le client ou le visiteur des sites Web accepte l\u2019applicabilit\u00e9 de ces conditions g\u00e9n\u00e9rales.\u00a0La d\u00e9rogation\u00a0\u00e0 ces conditions g\u00e9n\u00e9rales ne peut \u00eatre obtenue\u00a0qu&rsquo;au moyen d&rsquo;une autorisation \u00e9crite de la part de\u00a0Tropenzorg SA, auquel cas les autres conditions restent pleinement applicables.<\/p>\n<p> &nbsp;<\/p>\n<h3>Responsabilit\u00e9<\/h3>\n<p>Les informations reprises sur les sites web de Tropenzorg SA sont assembl\u00e9es avec soin.\u00a0Tropenzorg SA ne prend aucune responsabilit\u00e9 en ce qui concerne la compl\u00e9tude ou la justesse des informations.\u00a0Tropenzorg SA n&rsquo;accepte aucune responsabilit\u00e9 concernant les erreurs \u00e9ventuelles dans le contenu des sites web et des applications.<\/p>\n<p>Les sites web et\/ou applications ont pour but de fournir des informations g\u00e9n\u00e9rales en ne sont pas destin\u00e9es de fa\u00e7on sp\u00e9cifique a une personne individuelle ou une situation m\u00e9dicale pr\u00e9cise\u00a0d&rsquo;un visiteur du site web, par exemple ou d&rsquo;un personne de son environnement.\u00a0\u00a0Elles ne remplacent en aucun cas l&rsquo;avis m\u00e9dical ou d&rsquo;autres personnes qualifi\u00e9es.\u00a0Tropenzorg SA n&rsquo;accepte pas de responsabilit\u00e9 dans le cadre de traitements effectu\u00e9s sur base de ces sites web.<\/p>\n<p>&nbsp;<\/p>\n<h3>Information interactive<\/h3>\n<p>Tropenzorg SA propose aux visiteurs de ses sites web, dans certains cas, des modules de questions-r\u00e9ponses automatis\u00e9s faits &lsquo;sur mesure&rsquo; qui fournissent des informations sur base d&rsquo;une s\u00e9rie de questions \u00e0 choix multiples que le visiteur parcourt. Le visiteur r\u00e9pond aux questions gr\u00e2ce \u00e0 un arbre de d\u00e9cision automatis\u00e9\u00a0d\u00e9velopp\u00e9\u00a0au pr\u00e9alable, apr\u00e8s quoi les informations sont g\u00e9n\u00e9r\u00e9es de fa\u00e7on automatis\u00e9e. Il ne s&rsquo;agit en aucun cas d&rsquo;un r\u00e9el contact de soins ni de substitution \u00e0 ce dernier en par cons\u00e9quent la loi sur les accords de traitements m\u00e9dicaux (WGBO) ainsi que les lois similaires applicables dans les pays hors Pays-Bas,\u00a0ne sont pas applicables dans le pr\u00e9sent cadre.<\/p>\n<p> &nbsp;<\/p>\n<h3>Conseils m\u00e9dicaux<\/h3>\n<p>Dans la mesure ou Tropenzorg SA ne fournit en aucun cas des conseils m\u00e9dicaux directes ou indirectes (par exemple par t\u00e9l\u00e9phone ou email) qui visent\u00a0\u00e0 remplacer les avis m\u00e9dicaux de professionnels, aucun appel ou email de visiteurs relatif \u00e0 une demande ou requ\u00eate concernant, par exemple, des sympt\u00f4mes m\u00e9dicaux\/psychiques d\u00e9coulant de l&rsquo;utilisation des produits Care Plus\u00ae de Tropenzorg SA ne sera trait\u00e9. Votre m\u00e9decin traitant peut contacter Tropenzorg SA \u00e0 tout moment dans le cadre d&rsquo;un \u00e9ventuel effet secondaire de notre produit.<\/p>\n<p> &nbsp;<\/p>\n<h3>Liens externes<\/h3>\n<p>Dans les informations reprises sur les sites web de Tropenzorg SA, nous faisons r\u00e9guli\u00e8rement r\u00e9f\u00e9rence \u00e0 des sites web de parties tierces. Ces hyperliens sont exclusivement destin\u00e9s \u00e0 offrir une vaste base d&rsquo;informations aux visiteurs\u00a0des sites web de Tropenzorg SA. Tropenzorg SA et les fournisseurs d&rsquo;informations veillent \u00e0 s\u00e9lectionner les r\u00e9f\u00e9rences de site web de parties tierces (hyperliens) soigneusement, mais n&rsquo;ont pas d&rsquo;autorit\u00e9 sur les informations et\/ou services que ces sites web offrent et\/ou entretiennent, ni lors de la premi\u00e8re insertion du lien ni ult\u00e9rieurement. Tropenzorg SA n&rsquo;est donc pas responsable ni garant des informations, produits ou services propos\u00e9s sur ces liens.<\/p>\n<p> &nbsp;<\/p>\n<h3>Technique<\/h3>\n<p>La base des informations et de services de Tropenzorg SA se trouve sur internet et sur les applications (Apps). Tropenzorg SA ne peut \u00eatre tenu responsable en ce qui concerne la disponibilit\u00e9 technique du site web et des possibles infections par des virus lors des visites\u00a0du site web. Tropenzorg SA fait tout ce qui est en son pouvoir pour garantir une transmission d&rsquo;informations en ligne sans virus, ininterrompue et correcte, mais ne pas le garantir \u00e0 100%. Nous essayons toutefois de fournir une garantie optimale et \u00e0 jour.<\/p>\n<p> &nbsp;<\/p>\n<h3>Utilisation des donn\u00e9es<\/h3>\n<p>En utilisant les sites web, l\u2019utilisateur autorise automatiquement l\u2019utilisation de ses donn\u00e9es et de ses comportements d\u2019utilisation \u00e0 des fins commerciales. Tropenzorg SA a le droit d\u2019utiliser ces donn\u00e9es \u00e0 certaines fins telles que, entre autres, la cr\u00e9ation de sites web priv\u00e9s ou \u00e0 des fins de marketing. Les affirmations ci-dessous n\u2019annulent en rien l\u2019applicabilit\u00e9 des dispositions de la loi sur la protection de la confidentialit\u00e9.<\/p>\n<p> &nbsp;<\/p>\n<h3>Droits d&rsquo;auteurs<\/h3>\n<p>Les informations affich\u00e9es sur ces sites web telles que les textes, images, marques et logos, noms (commerciaux) ou informations de toute autre forme, sont la propri\u00e9t\u00e9 de Tropenzorg SA ou licenci\u00e9s par le donneur d\u2019ordre du site. Les informations contenues dans ce site web ne peuvent pas \u00eatre modifi\u00e9es, reproduites ou distribu\u00e9es sans accord \u00e9crit pr\u00e9alable de la part de Tropenzorg SA et ce ind\u00e9pendamment de la forme qu\u2019elles prennent, Les affirmations et avis exprim\u00e9s dans les articles et les notifications contenues dans les sites de Tropenzorg SA sont exprim\u00e9es par l\u2019(es) auteur(s) et pas (n\u00e9cessairement) par la r\u00e9daction, le webmaster, l\u2019App-store ou le fournisseur d\u2019internet.<\/p>\n<p> &nbsp;<\/p>\n<h3>Modifications<\/h3>\n<p>Tropenzorg SA se r\u00e9serve le droit de modifier les informations contenues sur ou distribu\u00e9es par le biais des sites web et applications de Tropenzorg BV, y compris les textes des Clauses de non-responsabilit\u00e9s, en tout temps et sans notification pr\u00e9alable. Il est donc recommand\u00e9 de v\u00e9rifier p\u00e9riodiquement si les informations fournies sur ou par les sites web de Tropenzorg SA, y compris le texte relatif \u00e0 la Clause de non-responsabilit\u00e9, ont \u00e9t\u00e9 modifi\u00e9es.<\/p>\n<p> &nbsp;<\/p>\n<h3>Droit<\/h3>\n<p>Les sites web et applications de Tropenzorg SA ainsi que la Clause de non-responsabilit\u00e9 sont r\u00e9gis par le droit N\u00e9erlandais. Tout litige d\u00e9coulant ou relatif \u00e0 la Clause de non-responsabilit\u00e9 seront exclusivement soumis au Tribunal de Zwolle. Si les versions traduites de la Clause de non-confidentialit\u00e9 comprennent des divergences ou m\u00e8nent \u00e0 des divergences, c\u2019est la version N\u00e9erlandaise qui pr\u00e9vaudra.<br \/>\n[\/et_pb_text][\/et_pb_column][\/et_pb_row][\/et_pb_section]<\/p>\n","protected":false},"excerpt":{"rendered":"<p>Applicabilit\u00e9 Ces conditions g\u00e9n\u00e9rales s&rsquo;appliquent, \u00e0 l&rsquo;exclusion de toutes autres conditions g\u00e9n\u00e9rales \u00e9ventuelles, \u00e0 toutes les activit\u00e9s exerc\u00e9es par Tropenzorg SA. En visitant les sites Web de Tropenzorg SA ou en utilisant les services ou les produits de Tropenzorg SA, le client ou le visiteur des sites Web accepte l\u2019applicabilit\u00e9 de ces conditions g\u00e9n\u00e9rales.\u00a0La d\u00e9rogation\u00a0\u00e0 [&hellip;]<\/p>\n","protected":false},"author":37,"featured_media":0,"parent":0,"menu_order":0,"comment_status":"closed","ping_status":"closed","template":"","meta":{"_acf_changed":false,"_et_pb_use_builder":"on","_et_pb_old_content":"","_et_gb_content_width":"","footnotes":""},"class_list":["post-5319","page","type-page","status-publish","hentry"],"acf":[],"_links":{"self":[{"href":"https:\/\/www.careplus.eu\/fr\/wp-json\/wp\/v2\/pages\/5319","targetHints":{"allow":["GET"]}}],"collection":[{"href":"https:\/\/www.careplus.eu\/fr\/wp-json\/wp\/v2\/pages"}],"about":[{"href":"https:\/\/www.careplus.eu\/fr\/wp-json\/wp\/v2\/types\/page"}],"author":[{"embeddable":true,"href":"https:\/\/www.careplus.eu\/fr\/wp-json\/wp\/v2\/users\/37"}],"replies":[{"embeddable":true,"href":"https:\/\/www.careplus.eu\/fr\/wp-json\/wp\/v2\/comments?post=5319"}],"version-history":[{"count":0,"href":"https:\/\/www.careplus.eu\/fr\/wp-json\/wp\/v2\/pages\/5319\/revisions"}],"wp:attachment":[{"href":"https:\/\/www.careplus.eu\/fr\/wp-json\/wp\/v2\/media?parent=5319"}],"curies":[{"name":"wp","href":"https:\/\/api.w.org\/{rel}","templated":true}]}}