{"id":9593,"date":"2020-06-04T15:08:25","date_gmt":"2020-06-04T13:08:25","guid":{"rendered":"https:\/\/staging.careplus.eu\/tietoa-care-plus-yrityksesta\/myyntipisteet-care-plus\/"},"modified":"2020-06-04T15:24:28","modified_gmt":"2020-06-04T13:24:28","slug":"myyntipisteet-care-plus","status":"publish","type":"page","link":"https:\/\/www.careplus.eu\/fi\/tietoa-care-plus-yrityksesta\/myyntipisteet-care-plus\/","title":{"rendered":"Myyntipisteet Care Plus<sup style=\"font-size:12px;\">&reg;<\/span>"},"content":{"rendered":"<p>[et_pb_section fb_built=&#8221;1&#8243; fullwidth=&#8221;on&#8221; _builder_version=&#8221;3.22&#8243; bottom_divider_style=&#8221;curve&#8221; bottom_divider_color=&#8221;#ffffff&#8221; bottom_divider_height=&#8221;40px&#8221;][et_pb_fullwidth_slider show_arrows=&#8221;off&#8221; show_pagination=&#8221;off&#8221; _builder_version=&#8221;4.4.7&#8243;][et_pb_slide heading=&#8221;Myyntipisteet&#8221; use_bg_overlay=&#8221;off&#8221; use_text_overlay=&#8221;off&#8221; _builder_version=&#8221;4.4.7&#8243; header_level=&#8221;h1&#8243; header_font=&#8221;|800|||||||&#8221; header_font_size=&#8221;36&#8243; background_color=&#8221;#0b6a30&#8243; background_image=&#8221;https:\/\/www.careplus.eu\/wp-content\/uploads\/2019\/03\/care-plus-ehbo-accessoires-1.jpg&#8221; button_on_hover=&#8221;on&#8221; custom_padding=&#8221;15%||15%|&#8221; custom_padding_tablet=&#8221;30%||30%|&#8221; custom_padding_phone=&#8221;30%||30%|&#8221; custom_padding_last_edited=&#8221;on|desktop&#8221; header_font_size_tablet=&#8221;30&#8243; header_font_size_phone=&#8221;30&#8243; header_font_size_last_edited=&#8221;on|tablet&#8221; header_text_shadow_style=&#8221;preset3&#8243; header_text_shadow_blur_strength=&#8221;0.5em&#8221; header_text_shadow_color=&#8221;rgba(0,0,0,0.6)&#8221;][\/et_pb_slide][\/et_pb_fullwidth_slider][\/et_pb_section][et_pb_section fb_built=&#8221;1&#8243; module_id=&#8221;cp_pb_page_content&#8221; module_class=&#8221;cp_pb_regular_post_content&#8221; _builder_version=&#8221;3.22&#8243; background_color=&#8221;#ffffff&#8221; custom_padding=&#8221;0px|||&#8221;][et_pb_row admin_label=&#8221;Page Header&#8221; _builder_version=&#8221;3.25&#8243; background_size=&#8221;initial&#8221; background_position=&#8221;top_left&#8221; background_repeat=&#8221;repeat&#8221; collapsed=&#8221;off&#8221;][et_pb_column type=&#8221;4_4&#8243; _builder_version=&#8221;3.25&#8243; custom_padding=&#8221;|||&#8221; custom_padding__hover=&#8221;|||&#8221;][et_pb_divider show_divider=&#8221;off&#8221; _builder_version=&#8221;3.19.6&#8243;][\/et_pb_divider][et_pb_dmb_breadcrumbs _builder_version=&#8221;3.19.6&#8243; body_font_size_tablet=&#8221;51&#8243; body_line_height_tablet=&#8221;2&#8243; separator_font_size_tablet=&#8221;51&#8243; separator_line_height_tablet=&#8221;2&#8243; link_font_size_tablet=&#8221;51&#8243; link_line_height_tablet=&#8221;2&#8243; linkhover_font_size_tablet=&#8221;51&#8243; linkhover_line_height_tablet=&#8221;2&#8243;][\/et_pb_dmb_breadcrumbs][et_pb_text admin_label=&#8221;Inleiding&#8221; _builder_version=&#8221;4.4.7&#8243; header_2_font=&#8221;|800|||||||&#8221;]<\/p>\n<h2>Myyntipisteet Care Plus<sup style=\"font-size: 10px;\">\u00ae<\/sup> tuotteet<\/h2>\n<p><strong>Care Plus<sup style=\"font-size: 10px;\">\u00ae<\/sup> tuotteita on saatavana useissa verkkokaupoissa ja kuten Care Plus<sup style=\"font-size: 10px;\">\u00ae<\/sup> -verkkokaupassa.<\/strong><\/p>\n<p>Valitse yhdest\u00e4 alla olevista verkkokaupoista, jotta voit helposti tilata tuotteitasi verkossa. L\u00f6yd\u00e4t hy\u00f6nteisten vastaiset ja aurinkovoidemme tuotteet online-apteekkeista, mutta my\u00f6s sivustoilta, kuten amazon.com. Verkkojen ulkoiluurheilukaupoista l\u00f6yd\u00e4t hy\u00f6nteisten torjunta- ja aurinkovoidetuotteidemme lis\u00e4ksi laajan valikoiman ensiapupaketteja, hyttysverkoja ja aurinkovoidetta.[\/et_pb_text][\/et_pb_column][\/et_pb_row][\/et_pb_section][et_pb_section fb_built=&#8221;1&#8243; module_id=&#8221;cp_pb_call_to_action&#8221; module_class=&#8221;cp_pb_divider&#8221; _builder_version=&#8221;3.22&#8243; background_color=&#8221;#e4e8e7&#8243;][et_pb_row column_structure=&#8221;1_5,1_5,1_5,1_5,1_5&#8243; use_custom_gutter=&#8221;on&#8221; gutter_width=&#8221;2&#8243; admin_label=&#8221;CTA&#8221; _builder_version=&#8221;3.25&#8243; background_color=&#8221;#ffffff&#8221; background_size=&#8221;initial&#8221; background_position=&#8221;top_left&#8221; background_repeat=&#8221;repeat&#8221; custom_padding=&#8221;|20px||20px&#8221; border_radii=&#8221;on|10px|10px|10px|10px&#8221; collapsed=&#8221;off&#8221;][et_pb_column type=&#8221;1_5&#8243; _builder_version=&#8221;3.25&#8243; background_color=&#8221;#ffffff&#8221; custom_padding=&#8221;|||&#8221; custom_padding__hover=&#8221;|||&#8221;][et_pb_image src=&#8221;https:\/\/www.careplus.eu\/wp-content\/uploads\/2018\/10\/bever-640&#215;449.png&#8221; title_text=&#8221;bever&#8221; url=&#8221;https:\/\/www.partioaitta.fi\/tuotemerkit\/care-plus\/&#8221; url_new_window=&#8221;on&#8221; admin_label=&#8221;partioaitta.fi&#8221; _builder_version=&#8221;4.4.7&#8243; hover_enabled=&#8221;0&#8243;][\/et_pb_image][\/et_pb_column][et_pb_column type=&#8221;1_5&#8243; _builder_version=&#8221;3.25&#8243; background_color=&#8221;#ffffff&#8221; custom_padding=&#8221;|||&#8221; custom_padding__hover=&#8221;|||&#8221;][et_pb_image src=&#8221;https:\/\/www.careplus.eu\/wp-content\/uploads\/2018\/10\/ah-640&#215;449.png&#8221; title_text=&#8221;ah&#8221; url=&#8221;https:\/\/scandinavianoutdoor.fi\/haku\/?q=careplus&#8221; admin_label=&#8221;scandinavianoutdoor.fi&#8221; _builder_version=&#8221;4.4.7&#8243; hover_enabled=&#8221;0&#8243; url_new_window=&#8221;on&#8221;][\/et_pb_image][\/et_pb_column][et_pb_column type=&#8221;1_5&#8243; _builder_version=&#8221;3.25&#8243; background_color=&#8221;#ffffff&#8221; custom_padding=&#8221;|||&#8221; custom_padding__hover=&#8221;|||&#8221;][et_pb_image src=&#8221;https:\/\/www.careplus.eu\/wp-content\/uploads\/2018\/10\/kruidvat-640&#215;450.png&#8221; title_text=&#8221;kruidvat&#8221; url=&#8221;https:\/\/www.kruidvat.nl&#8221; url_new_window=&#8221;on&#8221; admin_label=&#8221;varuste.net&#8221; _builder_version=&#8221;4.4.7&#8243; hover_enabled=&#8221;0&#8243;][\/et_pb_image][\/et_pb_column][et_pb_column type=&#8221;1_5&#8243; _builder_version=&#8221;3.25&#8243; background_color=&#8221;#ffffff&#8221; custom_padding=&#8221;|||&#8221; custom_padding__hover=&#8221;|||&#8221;][\/et_pb_column][et_pb_column type=&#8221;1_5&#8243; _builder_version=&#8221;3.25&#8243; background_color=&#8221;#ffffff&#8221; custom_padding=&#8221;|||&#8221; custom_padding__hover=&#8221;|||&#8221;][\/et_pb_column][\/et_pb_row][\/et_pb_section][et_pb_section fb_built=&#8221;1&#8243; module_id=&#8221;cp_pb_page_content&#8221; module_class=&#8221;cp_pb_regular_post_content&#8221; _builder_version=&#8221;3.22&#8243; background_color=&#8221;#ffffff&#8221; custom_padding=&#8221;0px|||&#8221;][et_pb_row admin_label=&#8221;Page Header&#8221; _builder_version=&#8221;3.25&#8243; background_size=&#8221;initial&#8221; background_position=&#8221;top_left&#8221; background_repeat=&#8221;repeat&#8221; collapsed=&#8221;off&#8221;][et_pb_column type=&#8221;4_4&#8243; _builder_version=&#8221;3.25&#8243; custom_padding=&#8221;|||&#8221; custom_padding__hover=&#8221;|||&#8221;][et_pb_text admin_label=&#8221;Ook verkrijgbaar in winkels&#8221; _builder_version=&#8221;4.4.7&#8243; header_2_font=&#8221;|800|||||||&#8221;]<\/p>\n<h3>Saatavana my\u00f6s tiilikaupoissa<\/h3>\n<p>Care Plus<sup style=\"font-size: 10px;\">\u00ae<\/sup> -tuotteemme ovat tietysti saatavana my\u00f6s kaupasta. Hy\u00f6nteisten vastaiset ja aurinkovoidemme tuotteet l\u00f6ytyv\u00e4t apteekista, apteekeista ja joistakin supermarketeista. Ulkoiluurheilukaupoista l\u00f6yd\u00e4t hy\u00f6nteisten vastaisten ja aurinkovoidetuotteiden lis\u00e4ksi laajan valikoiman ensiapupaketteja, hyttysverkoja ja aurinkovoidetta.[\/et_pb_text][\/et_pb_column][\/et_pb_row][et_pb_row column_structure=&#8221;2_3,1_3&#8243; admin_label=&#8221;Page Header&#8221; _builder_version=&#8221;3.25&#8243; background_size=&#8221;initial&#8221; background_position=&#8221;top_left&#8221; background_repeat=&#8221;repeat&#8221; collapsed=&#8221;off&#8221;][et_pb_column type=&#8221;2_3&#8243; _builder_version=&#8221;3.25&#8243; custom_padding=&#8221;|||&#8221; custom_padding__hover=&#8221;|||&#8221;][et_pb_text admin_label=&#8221;Maatschappelijk betrokken &#8211; Buy One, Give One&#8221; _builder_version=&#8221;4.4.7&#8243; header_2_font=&#8221;|800|||||||&#8221;]<\/p>\n<h3>Innovatiivinen ja sosiaalisesti mukana<\/h3>\n<p>Olemme osaamisemme k\u00e4rjess\u00e4 ja olemme uraauurtavia ja innovatiivisia. Mutta aloitamme aina p\u00e4\u00e4tavoitteestamme: vastata optimaalisesti matkustajan tarpeisiin. Lis\u00e4ksi Tropicare ty\u00f6skentelee ahkerasti malariavapaassa maailmassa. Haluamme saavuttaa t\u00e4m\u00e4n vuoteen 2030 menness\u00e4. &#8221;Osta yksi, anna yksi&#8221; -ohjelmalla ty\u00f6skentelemme malariavapaassa maailmassa. Kun hankit Care Plus<sup style=\"font-size: 10px;\">\u00ae<\/sup> -tuotteen, annat todella panoksen malarianvapaaseen maailmaan![\/et_pb_text][\/et_pb_column][et_pb_column type=&#8221;1_3&#8243; _builder_version=&#8221;3.25&#8243; custom_padding=&#8221;|||&#8221; custom_padding__hover=&#8221;|||&#8221;][et_pb_image src=&#8221;https:\/\/www.careplus.eu\/wp-content\/uploads\/2019\/08\/logo-buy-one-give-one.jpg&#8221; alt=&#8221;Osta yksi ja anna yksi malariavapaalle sirulle&#8221; title_text=&#8221;logo-buy-one-give-one&#8221; admin_label=&#8221;buy one give one label&#8221; _builder_version=&#8221;4.4.7&#8243; width=&#8221;50%&#8221; max_width=&#8221;50%&#8221;][\/et_pb_image][\/et_pb_column][\/et_pb_row][\/et_pb_section]<\/p>\n","protected":false},"excerpt":{"rendered":"<p>Myyntipisteet Care Plus\u00ae tuotteet Care Plus\u00ae tuotteita on saatavana useissa verkkokaupoissa ja kuten Care Plus\u00ae -verkkokaupassa. Valitse yhdest\u00e4 alla olevista verkkokaupoista, jotta voit helposti tilata tuotteitasi verkossa. L\u00f6yd\u00e4t hy\u00f6nteisten vastaiset ja aurinkovoidemme tuotteet online-apteekkeista, mutta my\u00f6s sivustoilta, kuten amazon.com. Verkkojen ulkoiluurheilukaupoista l\u00f6yd\u00e4t hy\u00f6nteisten torjunta- ja aurinkovoidetuotteidemme lis\u00e4ksi laajan valikoiman ensiapupaketteja, hyttysverkoja ja aurinkovoidetta.Saatavana my\u00f6s tiilikaupoissa [&hellip;]<\/p>\n","protected":false},"author":37,"featured_media":0,"parent":6743,"menu_order":0,"comment_status":"closed","ping_status":"closed","template":"","meta":{"_acf_changed":false,"_et_pb_use_builder":"on","_et_pb_old_content":"","_et_gb_content_width":"","footnotes":""},"class_list":["post-9593","page","type-page","status-publish","hentry"],"acf":[],"_links":{"self":[{"href":"https:\/\/www.careplus.eu\/fi\/wp-json\/wp\/v2\/pages\/9593","targetHints":{"allow":["GET"]}}],"collection":[{"href":"https:\/\/www.careplus.eu\/fi\/wp-json\/wp\/v2\/pages"}],"about":[{"href":"https:\/\/www.careplus.eu\/fi\/wp-json\/wp\/v2\/types\/page"}],"author":[{"embeddable":true,"href":"https:\/\/www.careplus.eu\/fi\/wp-json\/wp\/v2\/users\/37"}],"replies":[{"embeddable":true,"href":"https:\/\/www.careplus.eu\/fi\/wp-json\/wp\/v2\/comments?post=9593"}],"version-history":[{"count":0,"href":"https:\/\/www.careplus.eu\/fi\/wp-json\/wp\/v2\/pages\/9593\/revisions"}],"up":[{"embeddable":true,"href":"https:\/\/www.careplus.eu\/fi\/wp-json\/wp\/v2\/pages\/6743"}],"wp:attachment":[{"href":"https:\/\/www.careplus.eu\/fi\/wp-json\/wp\/v2\/media?parent=9593"}],"curies":[{"name":"wp","href":"https:\/\/api.w.org\/{rel}","templated":true}]}}