


{"id":7404,"date":"2019-06-20T13:36:36","date_gmt":"2019-06-20T11:36:36","guid":{"rendered":"https:\/\/www.careplus.eu\/mosquitoes-and-ticks\/"},"modified":"2023-07-10T16:05:12","modified_gmt":"2023-07-10T14:05:12","slug":"mosquitoes-and-ticks","status":"publish","type":"page","link":"https:\/\/www.careplus.eu\/fi\/mosquitoes-and-ticks\/","title":{"rendered":"Hyttyset ja punkit"},"content":{"rendered":"<p>[et_pb_section fb_built=&#8221;1&#8243; fullwidth=&#8221;on&#8221; _builder_version=&#8221;4.21.0&#8243; background_image=&#8221;https:\/\/www.careplus.eu\/wp-content\/uploads\/2021\/04\/header-mosquito-tick.jpg&#8221; bottom_divider_style=&#8221;curve&#8221; bottom_divider_color=&#8221;#ffffff&#8221; bottom_divider_height=&#8221;40px&#8221; bottom_divider_height_tablet=&#8221;40px&#8221; bottom_divider_height_phone=&#8221;20px&#8221; bottom_divider_height_last_edited=&#8221;on|phone&#8221; background_last_edited=&#8221;off|desktop&#8221; background_image_phone=&#8221;https:\/\/www.careplus.eu\/wp-content\/uploads\/2021\/04\/header-mosquito-tick-mb.jpg&#8221; background_enable_image_phone=&#8221;on&#8221; global_colors_info=&#8221;{}&#8221;][et_pb_fullwidth_slider show_arrows=&#8221;off&#8221; show_pagination=&#8221;off&#8221; _builder_version=&#8221;4.21.0&#8243; header_level=&#8221;h1&#8243; header_font=&#8221;|900|||||||&#8221; header_font_size=&#8221;36&#8243; custom_padding=&#8221;22%||10%|&#8221; global_colors_info=&#8221;{}&#8221;][et_pb_slide heading=&#8221;Hyttyset ja punkit&#8221; use_bg_overlay=&#8221;off&#8221; use_text_overlay=&#8221;off&#8221; _builder_version=&#8221;4.21.0&#8243; header_font=&#8221;|800|||||||&#8221; background_color=&#8221;RGBA(255,255,255,0)&#8221; background_enable_color=&#8221;on&#8221; background_enable_image=&#8221;off&#8221; button_on_hover=&#8221;on&#8221; custom_padding=&#8221;15%||15%|&#8221; custom_padding_tablet=&#8221;30%||30%|&#8221; custom_padding_phone=&#8221;30%||30%|&#8221; custom_padding_last_edited=&#8221;on|desktop&#8221; header_font_size_tablet=&#8221;30&#8243; header_font_size_phone=&#8221;30&#8243; header_font_size_last_edited=&#8221;on|phone&#8221; background_last_edited=&#8221;off|phone&#8221; background_enable_image_phone=&#8221;off&#8221; header_text_shadow_style=&#8221;preset3&#8243; header_text_shadow_blur_strength=&#8221;0.5em&#8221; header_text_shadow_color=&#8221;rgba(0,0,0,0.6)&#8221; global_colors_info=&#8221;{}&#8221; sticky_transition=&#8221;on&#8221;][\/et_pb_slide][\/et_pb_fullwidth_slider][\/et_pb_section][et_pb_section fb_built=&#8221;1&#8243; admin_label=&#8221;Page Heading&#8221; module_id=&#8221;cp_pb_page_content&#8221; _builder_version=&#8221;4.21.0&#8243; background_color=&#8221;#FFFFFF&#8221; custom_margin=&#8221;50px||0px||false|false&#8221; custom_padding=&#8221;0px||0px||false|false&#8221; collapsed=&#8221;off&#8221; global_colors_info=&#8221;{}&#8221;][et_pb_row disabled_on=&#8221;off|off|off&#8221; _builder_version=&#8221;4.21.0&#8243; background_size=&#8221;initial&#8221; background_position=&#8221;top_left&#8221; background_repeat=&#8221;repeat&#8221; custom_margin=&#8221;||||false|false&#8221; global_module=&#8221;18966&#8243; global_colors_info=&#8221;{}&#8221;][et_pb_column type=&#8221;4_4&#8243; _builder_version=&#8221;4.16&#8243; custom_padding=&#8221;|||&#8221; global_colors_info=&#8221;{}&#8221; custom_padding__hover=&#8221;|||&#8221;][et_pb_dmb_breadcrumbs _builder_version=&#8221;4.16&#8243; body_font_size_tablet=&#8221;51&#8243; body_line_height_tablet=&#8221;2&#8243; separator_font_size_tablet=&#8221;51&#8243; separator_line_height_tablet=&#8221;2&#8243; link_font_size_tablet=&#8221;51&#8243; link_line_height_tablet=&#8221;2&#8243; linkhover_font_size_tablet=&#8221;51&#8243; linkhover_line_height_tablet=&#8221;2&#8243; global_colors_info=&#8221;{}&#8221;][\/et_pb_dmb_breadcrumbs][\/et_pb_column][\/et_pb_row][et_pb_row admin_label=&#8221;Page Header&#8221; _builder_version=&#8221;4.17.4&#8243; background_color=&#8221;#FFFFFF&#8221; background_size=&#8221;initial&#8221; background_position=&#8221;top_left&#8221; background_repeat=&#8221;repeat&#8221; custom_margin=&#8221;0px||0px||false|false&#8221; custom_padding=&#8221;0px||0px||false|false&#8221; width_unit=&#8221;off&#8221; custom_width_percent=&#8221;75%&#8221; collapsed=&#8221;off&#8221; global_colors_info=&#8221;{}&#8221;][et_pb_column type=&#8221;4_4&#8243; _builder_version=&#8221;4.16&#8243; custom_padding=&#8221;|||&#8221; global_colors_info=&#8221;{}&#8221; custom_padding__hover=&#8221;|||&#8221;][et_pb_text admin_label=&#8221;Inleiding&#8221; _builder_version=&#8221;4.17.4&#8243; header_font=&#8221;|900|||||||&#8221; header_text_align=&#8221;left&#8221; header_font_size=&#8221;24px&#8221; header_2_font=&#8221;|800|||||||&#8221; header_2_font_size=&#8221;30px&#8221; background_color=&#8221;#ffffff&#8221; global_colors_info=&#8221;{}&#8221;]<\/p>\n<h2>Est\u00e4 hy\u00f6nteisten puremat<\/h2>\n<p><strong>Pett\u00e4v\u00e4t ja purevat hy\u00f6nteiset eiv\u00e4t ole vain \u00e4rsytt\u00e4vi\u00e4, vaan voivat my\u00f6s joissain tapauksissa olla vaarallisia! Ne voivat esimerkiksi levitt\u00e4\u00e4 tartuntatauteja tai aiheuttaa allergisen reaktion. Care Plus<sup style=\"font-size:8px;\">\u00ae<\/sup> vinkeill\u00e4, neuvoilla ja tuotteilla v\u00e4henn\u00e4t hy\u00f6nteisten puremien, pistojen ja haitan riski\u00e4. N\u00e4in et vain est\u00e4 \u00e4rsytt\u00e4vi\u00e4 ja kutiavia n\u00e4ppyj\u00e4, vaan v\u00e4henn\u00e4t my\u00f6s malaria- (subtrooppiset kohteet), Zika (etenev\u00e4 sairaus, joka on erityisen vaarallinen raskaana oleville), keltakuume, denguekuume ja Lymen tauti. \/strong. ><\/p>\n<p>[\/et_pb_text][et_pb_text admin_label=&#8221;Voorkomen van muggenbeten&#8221; module_id=&#8221;cp_pb_extra_content&#8221; _builder_version=&#8221;4.17.4&#8243; custom_margin=&#8221;||0px||false|false&#8221; custom_padding=&#8221;||0px||false|false&#8221; global_colors_info=&#8221;{}&#8221;]<\/p>\n<h3>Hy\u00f6nteisten puremien est\u00e4minen<\/h3>\n<p>Kuten monien sairauksien kohdalla, ennaltaehk\u00e4isy on aina parempi kuin hoito. Ja onneksi on olemassa tarvittavia toimenpiteit\u00e4, joita voit toteuttaa v\u00e4hent\u00e4\u00e4ksesi hyttysten puremien riski\u00e4. Joka tapauksessa on viisasta tarkistaa nukkumapaikkasi hyttysten varalta aina ennen nukkumaanmenoa, ja ennaltaehk\u00e4isev\u00e4 suojaverkkojen sijoittaminen on suositeltavaa.<\/p>\n<p>[\/et_pb_text][\/et_pb_column][\/et_pb_row][\/et_pb_section][et_pb_section fb_built=&#8221;1&#8243; admin_label=&#8221;Extra&#8221; module_id=&#8221;cp_pb_page_extra&#8221; _builder_version=&#8221;4.17.4&#8243; background_color=&#8221;RGBA(255,255,255,0)&#8221; custom_margin=&#8221;10px||||false|false&#8221; custom_padding=&#8221;10px||||false|false&#8221; collapsed=&#8221;off&#8221; global_colors_info=&#8221;{}&#8221;][et_pb_row column_structure=&#8221;3_5,2_5&#8243; _builder_version=&#8221;4.16&#8243; background_size=&#8221;initial&#8221; background_position=&#8221;top_left&#8221; background_repeat=&#8221;repeat&#8221; collapsed=&#8221;off&#8221; global_colors_info=&#8221;{}&#8221;][et_pb_column type=&#8221;3_5&#8243; _builder_version=&#8221;4.16&#8243; custom_padding=&#8221;|||&#8221; global_colors_info=&#8221;{}&#8221; custom_padding__hover=&#8221;|||&#8221;][et_pb_text admin_label=&#8221;Voorkomen van muggenbeten &#8211; tips&#8221; module_id=&#8221;cp_pb_extra_content&#8221; _builder_version=&#8221;4.21.0&#8243; custom_margin=&#8221;|0px|||false|false&#8221; custom_padding=&#8221;|0px|||false|false&#8221; global_colors_info=&#8221;{}&#8221;]<\/p>\n<h3>Vinkkej\u00e4 hyttysten pistoja vastaan<\/h3>\n<p>&nbsp;<\/p>\n<ul>\n<li>K\u00e4yt\u00e4 vaaleita, hienokudottuja vaatteita.<\/li>\n<li>K\u00e4yt\u00e4 peitt\u00e4vi\u00e4 vaatteita, joissa on pitk\u00e4t hihat ja lahkeet.<\/li>\n<li>Aseta n\u00e4yt\u00f6t ikkunoihin ja oviin.<\/li>\n<li>Poista\/v\u00e4lt\u00e4 alueet, joissa on seisovaa vett\u00e4<\/li>\n<li>Nuku laadukkaan <a href=\"\/en\/mosquitoes-and-ticks\/protect\/mosquito-nets\/\"><u>hyttysverkon<\/u><\/a> alla.<\/li>\n<li>Peit\u00e4 itsesi <a href=\"\/en\/mosquitoes-and-ticks\/protect\/deet\/\">Anti-Insect DEET<\/a> tai <a href=\"\/en\/mosquitoes-and-ticks\/protection\/anti-insect-natural\/\">Anti-insect Natural.<\/a><\/li>\n<\/ul>\n<p>[\/et_pb_text][\/et_pb_column][et_pb_column type=&#8221;2_5&#8243; _builder_version=&#8221;4.16&#8243; custom_padding=&#8221;|||&#8221; global_colors_info=&#8221;{}&#8221; custom_padding__hover=&#8221;|||&#8221;][et_pb_video src=&#8221;https:\/\/www.youtube.com\/watch?v=b_OnhbTQFLA&#8221; _builder_version=&#8221;4.17.4&#8243; custom_margin=&#8221;|||0px|false|false&#8221; custom_padding=&#8221;|||0px|false|false&#8221; border_radii=&#8221;on|10px|10px|10px|10px&#8221; global_colors_info=&#8221;{}&#8221;][\/et_pb_video][\/et_pb_column][\/et_pb_row][et_pb_row _builder_version=&#8221;4.16&#8243; background_size=&#8221;initial&#8221; background_position=&#8221;top_left&#8221; background_repeat=&#8221;repeat&#8221; collapsed=&#8221;off&#8221; global_colors_info=&#8221;{}&#8221;][et_pb_column type=&#8221;4_4&#8243; _builder_version=&#8221;4.16&#8243; custom_padding=&#8221;|||&#8221; global_colors_info=&#8221;{}&#8221; custom_padding__hover=&#8221;|||&#8221;][et_pb_text admin_label=&#8221;Voorkomen van muggenbeten &#8211; meer info&#8221; module_id=&#8221;cp_pb_extra_content&#8221; _builder_version=&#8221;4.21.0&#8243; global_colors_info=&#8221;{}&#8221;]<\/p>\n<h3>Hy\u00f6nteisten levitt\u00e4m\u00e4t trooppiset taudit<\/h3>\n<p>Trooppiset sairaudet, kuten keltakuume, Zika, malaria ja denguekuume, ovat vakavia uhkia ihmiskeholle ja voivat olla jopa hengenvaarallisia. K\u00e4yt\u00e4t yleens\u00e4 malariatabletteja malariaa vastaan. N\u00e4m\u00e4 tarjoavat hyv\u00e4n, mutta EI t\u00e4ydellisen suojan. Yli miljoona ihmist\u00e4 kuolee malariaan vuosittain. Denguekuumeeseen ei ole viel\u00e4 rokotetta tai l\u00e4\u00e4kett\u00e4. Siksi sinun tulee v\u00e4ltt\u00e4\u00e4 hyttysten pistoja niin paljon kuin mahdollista. <a href=\"\/en\/tips-and-advice-for-safe-travels\/protection-from-tropical-diseases\/\">Lue lis\u00e4\u00e4 trooppisista sairauksista<\/a>, jotka tarttuvat hyttysten v\u00e4lityksell\u00e4. Malariahyttynen on aktiivinen vain illalla ja y\u00f6ll\u00e4, denguehyttynen p\u00e4\u00e4asiassa p\u00e4iv\u00e4ll\u00e4. Suojaa siis itsesi jatkuvasti! Care Plus<sup style=\"font-size: 10px;\">\u00ae<\/sup> tarjoaa valikoiman tuotteita hy\u00f6nteisten pistojen ehk\u00e4isyyn ja hoitoon.<\/p>\n<p>&nbsp;<\/p>\n<h3>Edelleen hyttynen puree?<\/h3>\n<p>Care Plus<sup style=\"font-size: 10px;\">\u00ae<\/sup> tarjoaa tuotteita, jotka rauhoittavat kutinaa. Pid\u00e4 pureman j\u00e4lkeen silm\u00e4ll\u00e4 vartaloasi ja varmista, ett\u00e4 tunnistat mahdollisen infektion <a href=\"\/en\/tips-and-advice-for-safe-travels\/protection-from-tropical-diseases\/\">oireet<\/a>. Ep\u00e4selviss\u00e4 tapauksissa on aina viisasta k\u00e4\u00e4nty\u00e4 l\u00e4\u00e4k\u00e4rin puoleen.[\/et_pb_text][\/et_pb_column][\/et_pb_row][\/et_pb_section][et_pb_section fb_built=&#8221;1&#8243; fullwidth=&#8221;on&#8221; _builder_version=&#8221;4.16&#8243; _module_preset=&#8221;default&#8221; locked=&#8221;off&#8221; global_colors_info=&#8221;{}&#8221;][et_pb_fullwidth_header _builder_version=&#8221;4.17.4&#8243; _module_preset=&#8221;default&#8221; background_image=&#8221;https:\/\/www.careplus.eu\/wp-content\/uploads\/2020\/07\/Muggen-Header.jpg&#8221; parallax=&#8221;on&#8221; height=&#8221;350px&#8221; max_height=&#8221;350px&#8221; global_colors_info=&#8221;{}&#8221;][\/et_pb_fullwidth_header][\/et_pb_section][et_pb_section fb_built=&#8221;1&#8243; admin_label=&#8221;Extra&#8221; module_id=&#8221;cp_pb_page_extra&#8221; _builder_version=&#8221;4.16&#8243; collapsed=&#8221;off&#8221; global_colors_info=&#8221;{}&#8221;][et_pb_row _builder_version=&#8221;4.16&#8243; background_size=&#8221;initial&#8221; background_position=&#8221;top_left&#8221; background_repeat=&#8221;repeat&#8221; collapsed=&#8221;off&#8221; global_colors_info=&#8221;{}&#8221;][et_pb_column type=&#8221;4_4&#8243; _builder_version=&#8221;4.16&#8243; custom_padding=&#8221;|||&#8221; global_colors_info=&#8221;{}&#8221; custom_padding__hover=&#8221;|||&#8221;][et_pb_text admin_label=&#8221;Voorkomen van tekenbeten&#8221; module_id=&#8221;cp_pb_extra_content&#8221; _builder_version=&#8221;4.21.0&#8243; global_colors_info=&#8221;{}&#8221;]<\/p>\n<h2>Punkkien puremien ehk\u00e4isy<\/h2>\n<p>Suojaus punkkeja vastaan \u200b\u200btoimii hieman eri tavalla, koska punkit eiv\u00e4t lenn\u00e4, joten et helposti kohtaa niit\u00e4 makuuhuoneessa. Valitettavasti punkit voivat v\u00e4litt\u00e4\u00e4 my\u00f6s sairauksia, kuten Lymen tautia ja aivokalvontulehdusta. Siksi on viisasta ryhty\u00e4 toimenpiteisiin punkin pureman riskin minimoimiseksi. Lis\u00e4ksi on viisasta tarkistaa huolellisesti punkkien varalta, my\u00f6s lapsilla.<\/p>\n<p>[\/et_pb_text][\/et_pb_column][\/et_pb_row][et_pb_row column_structure=&#8221;2_5,3_5&#8243; _builder_version=&#8221;4.17.4&#8243; _module_preset=&#8221;default&#8221; global_colors_info=&#8221;{}&#8221;][et_pb_column type=&#8221;2_5&#8243; _builder_version=&#8221;4.17.4&#8243; _module_preset=&#8221;default&#8221; global_colors_info=&#8221;{}&#8221;][et_pb_text admin_label=&#8221;Voorkomen van tekenbeten &#8211; tips&#8221; module_id=&#8221;cp_pb_extra_content&#8221; _builder_version=&#8221;4.17.4&#8243; global_colors_info=&#8221;{}&#8221;]<\/p>\n<h3>Vinkkej\u00e4 punkkien puremiin<\/h3>\n<ul>\n<li>K\u00e4vele poluilla mahdollisimman paljon ja v\u00e4lt\u00e4 pensaita ja korkeaa ruohoa.<\/li>\n<li>K\u00e4yt\u00e4 vaaleita, hienokudottuja vaatteita.<\/li>\n<li>K\u00e4yt\u00e4 vaatteita, joissa on pitk\u00e4t hihat ja lahkeet. .<\/li>\n<li>K\u00e4yt\u00e4 punkinkest\u00e4vi\u00e4 sukkia.<\/li>\n<li>Peit\u00e4 itsesi Anti-Insect DEET- tai Anti-Insect Natural -aineella.<\/li>\n<\/ul>\n<p>[\/et_pb_text][\/et_pb_column][et_pb_column type=&#8221;3_5&#8243; _builder_version=&#8221;4.17.4&#8243; _module_preset=&#8221;default&#8221; global_colors_info=&#8221;{}&#8221;][et_pb_image src=&#8221;https:\/\/www.careplus.eu\/wp-content\/uploads\/2019\/02\/teek.jpg&#8221; align_tablet=&#8221;center&#8221; align_phone=&#8221;&#8221; align_last_edited=&#8221;on|desktop&#8221; _builder_version=&#8221;4.16&#8243; border_radii=&#8221;on|10px|10px|10px|10px&#8221; global_colors_info=&#8221;{}&#8221;][\/et_pb_image][\/et_pb_column][\/et_pb_row][et_pb_row _builder_version=&#8221;4.16&#8243; background_size=&#8221;initial&#8221; background_position=&#8221;top_left&#8221; background_repeat=&#8221;repeat&#8221; collapsed=&#8221;off&#8221; global_colors_info=&#8221;{}&#8221;][et_pb_column type=&#8221;4_4&#8243; _builder_version=&#8221;4.16&#8243; custom_padding=&#8221;|||&#8221; global_colors_info=&#8221;{}&#8221; custom_padding__hover=&#8221;|||&#8221;][et_pb_text admin_label=&#8221;Voorkomen van tekenbeten &#8211; meer info&#8221; module_id=&#8221;cp_pb_extra_content&#8221; _builder_version=&#8221;4.21.0&#8243; global_colors_info=&#8221;{}&#8221;]<\/p>\n<h3>Punkkien levitt\u00e4m\u00e4t taudit<\/h3>\n<p>Et yleens\u00e4 tunne punkin puremaa, mik\u00e4 lis\u00e4\u00e4 tartuntariski\u00e4. Jos poistat punkin 8 tunnin kuluessa, tartunnan mahdollisuus on edelleen pieni. Kun puutiainen kantaa Borrelia-bakteeria, voit saada Lymen taudin puremasta. Voit my\u00f6s saada aivokalvontulehduksen. Pid\u00e4 pureman j\u00e4lkeen silm\u00e4ll\u00e4 vartaloasi ja varmista, ett\u00e4 tunnistat mahdollisen infektion <a href=\"\/en\/tips-and-advice-for-safe-travels\/protection\/protection-from-ticks\/\">oireet<\/a>. Ep\u00e4selviss\u00e4 tapauksissa on aina viisasta k\u00e4\u00e4nty\u00e4 l\u00e4\u00e4k\u00e4rin puoleen.<\/p>\n<p>&nbsp;<\/p>\n<h3> Punkin puremana? Poista se sitten punkinpoistoaineella!<\/h3>\n<p>Jos hyttynen puree sinua, on olemassa l\u00e4\u00e4kkeit\u00e4, jotka helpottavat kutinaa. Jos olet purenut punkin, varmista, ett\u00e4 poistat punkin kunnolla. Punkin voi poistaa turvallisesti erityisell\u00e4 punkinpoistoaineella, punkkilusikalla tai punkkilassolla. Ilman t\u00e4llaista ty\u00f6kalua se on mahdotonta: kynsill\u00e4 et voi poistaa koko punkkia. Muut keinot, kuten pinsetit, eiv\u00e4t my\u00f6sk\u00e4\u00e4n ole riitt\u00e4v\u00e4n tarkkoja loisen poistamiseksi iholta. \u00c4l\u00e4 my\u00f6sk\u00e4\u00e4n k\u00e4yt\u00e4 tulta tai saippuaa. <a href=\"\/en\/mosquitoes-and-ticks\/treating-a-bite\/removing-a-tick-safely\/\">Poista punkki oikealla ty\u00f6kalulla<\/a> mahdollisimman pian punkin pureman j\u00e4lkeen: sinulla on minimaalinen mahdollisuus saada infektio, kun Tikit kahdeksan tunnin sis\u00e4ll\u00e4 puremasta.[\/et_pb_text][\/et_pb_column][\/et_pb_row][\/et_pb_section][et_pb_section fb_built=&#8221;1&#8243; admin_label=&#8221;Page Heading&#8221; module_id=&#8221;cp_pb_page_content&#8221; _builder_version=&#8221;4.17.4&#8243; background_color=&#8221;#FFFFFF&#8221; custom_margin=&#8221;0px|||&#8221; custom_padding=&#8221;0px|||&#8221; collapsed=&#8221;off&#8221; global_colors_info=&#8221;{}&#8221;][et_pb_row column_structure=&#8221;1_3,1_3,1_3&#8243; admin_label=&#8221;Main Product Entry Point&#8221; module_id=&#8221;cp_pb_product_line_entry_level&#8221; module_class=&#8221;ignore_default&#8221; _builder_version=&#8221;4.17.4&#8243; background_size=&#8221;initial&#8221; background_position=&#8221;top_left&#8221; background_repeat=&#8221;repeat&#8221; width=&#8221;70%&#8221; max_width=&#8221;70%&#8221; use_custom_width=&#8221;on&#8221; width_unit=&#8221;off&#8221; custom_width_percent=&#8221;70%&#8221; collapsed=&#8221;off&#8221; global_colors_info=&#8221;{}&#8221;][et_pb_column type=&#8221;1_3&#8243; _builder_version=&#8221;4.16&#8243; custom_padding=&#8221;|||&#8221; global_colors_info=&#8221;{}&#8221; custom_padding__hover=&#8221;|||&#8221;][et_pb_image src=&#8221;https:\/\/www.careplus.eu\/wp-content\/uploads\/2020\/03\/care-plus-anti-insect.png&#8221; url=&#8221;@ET-DC@eyJkeW5hbWljIjp0cnVlLCJjb250ZW50IjoicG9zdF9saW5rX3VybF9wYWdlIiwic2V0dGluZ3MiOnsicG9zdF9pZCI6IjQ2NzkifX0=@&#8221; align_tablet=&#8221;center&#8221; align_phone=&#8221;&#8221; align_last_edited=&#8221;on|desktop&#8221; admin_label=&#8221;Anti-Insect&#8221; _builder_version=&#8221;4.21.0&#8243; _dynamic_attributes=&#8221;url&#8221; global_colors_info=&#8221;{}&#8221;]<\/p>\n<p>\n&nbsp;<\/p>\n<p>[\/et_pb_image][et_pb_button button_url=&#8221;@ET-DC@eyJkeW5hbWljIjp0cnVlLCJjb250ZW50IjoicG9zdF9saW5rX3VybF9wYWdlIiwic2V0dGluZ3MiOnsicG9zdF9pZCI6IjQ2NzkifX0=@&#8221; button_text=&#8221;Anti-Insect&#8221; button_alignment=&#8221;center&#8221; _builder_version=&#8221;4.21.0&#8243; _dynamic_attributes=&#8221;button_url&#8221; custom_button=&#8221;on&#8221; button_text_color=&#8221;#ffffff&#8221; button_bg_color=&#8221;#0b6a30&#8243; button_use_icon=&#8221;off&#8221; background_layout=&#8221;dark&#8221; global_colors_info=&#8221;{}&#8221;][\/et_pb_button][\/et_pb_column][et_pb_column type=&#8221;1_3&#8243; _builder_version=&#8221;4.16&#8243; custom_padding=&#8221;|||&#8221; global_colors_info=&#8221;{}&#8221; custom_padding__hover=&#8221;|||&#8221;][et_pb_image src=&#8221;https:\/\/www.careplus.eu\/wp-content\/uploads\/2023\/07\/Mousquito-net-bell.webp&#8221; url=&#8221;@ET-DC@eyJkeW5hbWljIjp0cnVlLCJjb250ZW50IjoicG9zdF9saW5rX3VybF9wYWdlIiwic2V0dGluZ3MiOnsicG9zdF9pZCI6IjE2NjIifX0=@&#8221; align_tablet=&#8221;center&#8221; align_phone=&#8221;&#8221; align_last_edited=&#8221;on|desktop&#8221; admin_label=&#8221;Klamboes&#8221; _builder_version=&#8221;4.21.0&#8243; _dynamic_attributes=&#8221;url&#8221; hover_enabled=&#8221;0&#8243; global_colors_info=&#8221;{}&#8221; title_text=&#8221;Hyttysverkkokello&#8221; sticky_enabled=&#8221;0&#8243;]<\/p>\n<p>\n&nbsp;<\/p>\n<p>[\/et_pb_image][et_pb_button button_url=&#8221;@ET-DC@eyJkeW5hbWljIjp0cnVlLCJjb250ZW50IjoicG9zdF9saW5rX3VybF9wYWdlIiwic2V0dGluZ3MiOnsicG9zdF9pZCI6IjE2NjIifX0=@&#8221; button_text=&#8221;Hyttysverkot&#8221; button_alignment=&#8221;center&#8221; _builder_version=&#8221;4.21.0&#8243; _dynamic_attributes=&#8221;button_url&#8221; custom_button=&#8221;on&#8221; button_text_color=&#8221;#ffffff&#8221; button_bg_color=&#8221;#0b6a30&#8243; button_use_icon=&#8221;off&#8221; background_layout=&#8221;dark&#8221; global_colors_info=&#8221;{}&#8221;][\/et_pb_button][\/et_pb_column][et_pb_column type=&#8221;1_3&#8243; _builder_version=&#8221;4.16&#8243; custom_padding=&#8221;|||&#8221; global_colors_info=&#8221;{}&#8221; custom_padding__hover=&#8221;|||&#8221;][et_pb_image src=&#8221;https:\/\/www.careplus.eu\/wp-content\/uploads\/2018\/10\/sokken.png&#8221; url=&#8221;@ET-DC@eyJkeW5hbWljIjp0cnVlLCJjb250ZW50IjoicG9zdF9saW5rX3VybF9wYWdlIiwic2V0dGluZ3MiOnsicG9zdF9pZCI6IjE2NTYifX0=@&#8221; align_tablet=&#8221;center&#8221; align_phone=&#8221;&#8221; align_last_edited=&#8221;on|desktop&#8221; admin_label=&#8221;Sokken&#8221; _builder_version=&#8221;4.21.0&#8243; _dynamic_attributes=&#8221;url&#8221; global_colors_info=&#8221;{}&#8221;]<\/p>\n<p>\n&nbsp;<\/p>\n<p>[\/et_pb_image][et_pb_button button_url=&#8221;@ET-DC@eyJkeW5hbWljIjp0cnVlLCJjb250ZW50IjoicG9zdF9saW5rX3VybF9wYWdlIiwic2V0dGluZ3MiOnsicG9zdF9pZCI6IjE2NTYifX0=@&#8221; button_text=&#8221;Socks&#8221; button_alignment=&#8221;center&#8221; _builder_version=&#8221;4.21.0&#8243; _dynamic_attributes=&#8221;button_url&#8221; custom_button=&#8221;on&#8221; button_text_color=&#8221;#ffffff&#8221; button_bg_color=&#8221;#0b6a30&#8243; button_use_icon=&#8221;off&#8221; background_layout=&#8221;dark&#8221; global_colors_info=&#8221;{}&#8221;][\/et_pb_button][\/et_pb_column][\/et_pb_row][\/et_pb_section]<\/p>\n","protected":false},"excerpt":{"rendered":"<p>Apart from being annoying, stinging and biting insects can also be dangerous in some cases. They can transmit infectious diseases or cause an allergic reaction. Care Plus\u00ae\u00a0products reduce the chances of insect bites, stings and nuisance. This reduces the risk of malaria ((sub)tropical destinations), Zika (an encroaching disease, especially harmful to pregnant women), yellow fever (tropical Africa, South America) and dengue fever.<\/p>\n","protected":false},"author":37,"featured_media":0,"parent":0,"menu_order":0,"comment_status":"closed","ping_status":"closed","template":"","meta":{"_acf_changed":false,"_et_pb_use_builder":"on","_et_pb_old_content":"","_et_gb_content_width":"","footnotes":""},"class_list":["post-7404","page","type-page","status-publish","hentry"],"acf":[],"_links":{"self":[{"href":"https:\/\/www.careplus.eu\/fi\/wp-json\/wp\/v2\/pages\/7404","targetHints":{"allow":["GET"]}}],"collection":[{"href":"https:\/\/www.careplus.eu\/fi\/wp-json\/wp\/v2\/pages"}],"about":[{"href":"https:\/\/www.careplus.eu\/fi\/wp-json\/wp\/v2\/types\/page"}],"author":[{"embeddable":true,"href":"https:\/\/www.careplus.eu\/fi\/wp-json\/wp\/v2\/users\/37"}],"replies":[{"embeddable":true,"href":"https:\/\/www.careplus.eu\/fi\/wp-json\/wp\/v2\/comments?post=7404"}],"version-history":[{"count":0,"href":"https:\/\/www.careplus.eu\/fi\/wp-json\/wp\/v2\/pages\/7404\/revisions"}],"wp:attachment":[{"href":"https:\/\/www.careplus.eu\/fi\/wp-json\/wp\/v2\/media?parent=7404"}],"curies":[{"name":"wp","href":"https:\/\/api.w.org\/{rel}","templated":true}]}}