


{"id":6855,"date":"2019-05-28T19:52:16","date_gmt":"2019-05-28T17:52:16","guid":{"rendered":"https:\/\/www.careplus.eu\/hyttyshatut\/"},"modified":"2024-09-11T08:37:20","modified_gmt":"2024-09-11T07:37:20","slug":"hyttyshatut","status":"publish","type":"page","link":"https:\/\/www.careplus.eu\/fi\/mosquitoes-and-ticks\/protection\/hyttyshatut\/","title":{"rendered":"Hyttyshatut"},"content":{"rendered":"<p>[et_pb_section bb_built=&#8221;1&#8243; fullwidth=&#8221;on&#8221; _builder_version=&#8221;4.27.0&#8243; bottom_divider_style=&#8221;curve&#8221; bottom_divider_color=&#8221;#ffffff&#8221; bottom_divider_height=&#8221;40px&#8221; global_colors_info=&#8221;{}&#8221; next_background_color=&#8221;#000000&#8243;][et_pb_fullwidth_slider show_arrows=&#8221;off&#8221; show_pagination=&#8221;off&#8221; _builder_version=&#8221;4.27.0&#8243; background_image=&#8221;https:\/\/www.careplus.eu\/wp-content\/uploads\/2019\/03\/careplus-headnet.jpg&#8221; custom_padding=&#8221;22%||10%|&#8221; custom_padding_last_edited=&#8221;on|desktop&#8221; global_colors_info=&#8221;{}&#8221; background_position=&#8221;top_center&#8221; background_pattern_color=&#8221;rgba(0,0,0,0.2)&#8221; background_mask_color=&#8221;#ffffff&#8221; use_bg_overlay=&#8221;off&#8221; use_text_overlay=&#8221;off&#8221; box_shadow_horizontal_image_tablet=&#8221;0px&#8221; box_shadow_vertical_image_tablet=&#8221;0px&#8221; box_shadow_blur_image_tablet=&#8221;40px&#8221; box_shadow_spread_image_tablet=&#8221;0px&#8221; text_shadow_horizontal_length=&#8221;text_shadow_style,%91object Object%93&#8243; text_shadow_horizontal_length_tablet=&#8221;0px&#8221; text_shadow_vertical_length=&#8221;text_shadow_style,%91object Object%93&#8243; text_shadow_vertical_length_tablet=&#8221;0px&#8221; text_shadow_blur_strength=&#8221;text_shadow_style,%91object Object%93&#8243; text_shadow_blur_strength_tablet=&#8221;1px&#8221; header_text_shadow_horizontal_length=&#8221;header_text_shadow_style,%91object Object%93&#8243; header_text_shadow_horizontal_length_tablet=&#8221;0px&#8221; header_text_shadow_vertical_length=&#8221;header_text_shadow_style,%91object Object%93&#8243; header_text_shadow_vertical_length_tablet=&#8221;0px&#8221; header_text_shadow_blur_strength=&#8221;header_text_shadow_style,%91object Object%93&#8243; header_text_shadow_blur_strength_tablet=&#8221;1px&#8221; body_text_shadow_horizontal_length=&#8221;body_text_shadow_style,%91object Object%93&#8243; body_text_shadow_horizontal_length_tablet=&#8221;0px&#8221; body_text_shadow_vertical_length=&#8221;body_text_shadow_style,%91object Object%93&#8243; body_text_shadow_vertical_length_tablet=&#8221;0px&#8221; body_text_shadow_blur_strength=&#8221;body_text_shadow_style,%91object Object%93&#8243; body_text_shadow_blur_strength_tablet=&#8221;1px&#8221; body_link_text_shadow_horizontal_length=&#8221;body_link_text_shadow_style,%91object Object%93&#8243; body_link_text_shadow_horizontal_length_tablet=&#8221;0px&#8221; body_link_text_shadow_vertical_length=&#8221;body_link_text_shadow_style,%91object Object%93&#8243; body_link_text_shadow_vertical_length_tablet=&#8221;0px&#8221; body_link_text_shadow_blur_strength=&#8221;body_link_text_shadow_style,%91object Object%93&#8243; body_link_text_shadow_blur_strength_tablet=&#8221;1px&#8221; body_ul_text_shadow_horizontal_length=&#8221;body_ul_text_shadow_style,%91object Object%93&#8243; body_ul_text_shadow_horizontal_length_tablet=&#8221;0px&#8221; body_ul_text_shadow_vertical_length=&#8221;body_ul_text_shadow_style,%91object Object%93&#8243; body_ul_text_shadow_vertical_length_tablet=&#8221;0px&#8221; body_ul_text_shadow_blur_strength=&#8221;body_ul_text_shadow_style,%91object Object%93&#8243; body_ul_text_shadow_blur_strength_tablet=&#8221;1px&#8221; body_ol_text_shadow_horizontal_length=&#8221;body_ol_text_shadow_style,%91object Object%93&#8243; body_ol_text_shadow_horizontal_length_tablet=&#8221;0px&#8221; body_ol_text_shadow_vertical_length=&#8221;body_ol_text_shadow_style,%91object Object%93&#8243; body_ol_text_shadow_vertical_length_tablet=&#8221;0px&#8221; body_ol_text_shadow_blur_strength=&#8221;body_ol_text_shadow_style,%91object Object%93&#8243; body_ol_text_shadow_blur_strength_tablet=&#8221;1px&#8221; body_quote_text_shadow_horizontal_length=&#8221;body_quote_text_shadow_style,%91object Object%93&#8243; body_quote_text_shadow_horizontal_length_tablet=&#8221;0px&#8221; body_quote_text_shadow_vertical_length=&#8221;body_quote_text_shadow_style,%91object Object%93&#8243; body_quote_text_shadow_vertical_length_tablet=&#8221;0px&#8221; body_quote_text_shadow_blur_strength=&#8221;body_quote_text_shadow_style,%91object Object%93&#8243; body_quote_text_shadow_blur_strength_tablet=&#8221;1px&#8221; button_text_shadow_horizontal_length=&#8221;button_text_shadow_style,%91object Object%93&#8243; button_text_shadow_horizontal_length_tablet=&#8221;0px&#8221; button_text_shadow_vertical_length=&#8221;button_text_shadow_style,%91object Object%93&#8243; button_text_shadow_vertical_length_tablet=&#8221;0px&#8221; button_text_shadow_blur_strength=&#8221;button_text_shadow_style,%91object Object%93&#8243; button_text_shadow_blur_strength_tablet=&#8221;1px&#8221; box_shadow_horizontal_button_tablet=&#8221;0px&#8221; box_shadow_vertical_button_tablet=&#8221;0px&#8221; box_shadow_blur_button_tablet=&#8221;40px&#8221; box_shadow_spread_button_tablet=&#8221;0px&#8221; box_shadow_horizontal_tablet=&#8221;0px&#8221; box_shadow_vertical_tablet=&#8221;0px&#8221; box_shadow_blur_tablet=&#8221;40px&#8221; box_shadow_spread_tablet=&#8221;0px&#8221; vertical_offset_tablet=&#8221;0&#8243; horizontal_offset_tablet=&#8221;0&#8243; z_index_tablet=&#8221;0&#8243;][et_pb_slide heading=&#8221;Hyttyshatut&#8221; use_bg_overlay=&#8221;off&#8221; use_text_overlay=&#8221;off&#8221; _builder_version=&#8221;4.16&#8243; header_level=&#8221;h1&#8243; header_font=&#8221;|800|||||||&#8221; header_font_size=&#8221;36&#8243; background_color=&#8221;#0b6a30&#8243; button_on_hover=&#8221;on&#8221; custom_padding=&#8221;15%||15%|&#8221; custom_padding_tablet=&#8221;15%||15%|&#8221; custom_padding_phone=&#8221;30%||30%|&#8221; custom_padding_last_edited=&#8221;on|phone&#8221; header_font_size_tablet=&#8221;36&#8243; header_font_size_phone=&#8221;36&#8243; header_text_shadow_style=&#8221;preset3&#8243; header_text_shadow_blur_strength=&#8221;0.5em&#8221; header_text_shadow_color=&#8221;rgba(0,0,0,0.6)&#8221; global_colors_info=&#8221;{}&#8221; sticky_transition=&#8221;on&#8221;][\/et_pb_slide][\/et_pb_fullwidth_slider][\/et_pb_section][et_pb_section bb_built=&#8221;1&#8243; _builder_version=&#8221;4.16&#8243; global_colors_info=&#8221;{}&#8221; prev_background_color=&#8221;#000000&#8243; next_background_color=&#8221;#f4f4f4&#8243;][et_pb_row _builder_version=&#8221;4.16&#8243; background_size=&#8221;initial&#8221; background_position=&#8221;top_left&#8221; background_repeat=&#8221;repeat&#8221; global_colors_info=&#8221;{}&#8221;][et_pb_column type=&#8221;4_4&#8243; _builder_version=&#8221;4.16&#8243; custom_padding=&#8221;|||&#8221; global_colors_info=&#8221;{}&#8221; custom_padding__hover=&#8221;|||&#8221;][et_pb_dmb_breadcrumbs _builder_version=&#8221;4.16&#8243; body_font_size_tablet=&#8221;51&#8243; body_line_height_tablet=&#8221;2&#8243; separator_font_size_tablet=&#8221;51&#8243; separator_line_height_tablet=&#8221;2&#8243; link_font_size_tablet=&#8221;51&#8243; link_line_height_tablet=&#8221;2&#8243; linkhover_font_size_tablet=&#8221;51&#8243; linkhover_line_height_tablet=&#8221;2&#8243; global_colors_info=&#8221;{}&#8221; \/][et_pb_text admin_label=&#8221;Short Read&#8221; _builder_version=&#8221;4.20.4&#8243; header_2_font=&#8221;|800|||||||&#8221; global_colors_info=&#8221;{}&#8221;]<\/p>\n<h2>Hy\u00f6nteisilt\u00e4 suojaavat hyttyshatut<\/h2>\n<p><b>Hyttyshattu tarjoaa suojaa ja mukavuutta. Ei \u00e4rsytt\u00e4v\u00e4\u00e4 p\u00f6rr\u00e4yst\u00e4 korvissasi tai kutisevia puremia kasvoissasi ja niskassasi. Silmien sulkeminen sen takia, ett\u00e4 pienet hy\u00f6nteiset eiv\u00e4t lent\u00e4isi silmiisi, ei ole en\u00e4\u00e4 tarpeen. Molemmat hyttyshatut ovat eritt\u00e4in tiheit\u00e4 tyydytt\u00e4m\u00e4tt\u00f6mi\u00e4 hyttyshattuja. T\u00e4ydellinen k\u00e4ytett\u00e4v\u00e4ksi kotimaassa ja pohjoisissa kohteissa.<\/b><\/p>\n<p>K\u00e4ytt\u00e4m\u00e4ll\u00e4 hyttyshattua v\u00e4lt\u00e4t hyttysten ja muiden pist\u00e4vien hy\u00f6nteisten pistot kasvoissasi, korvissasi ja niskassasi, kotona ja matkoilla. Yksi koko sopii kaikille, joten hyttyshattu sopii p\u00e4\u00e4h\u00e4n aina. Hattu ei h\u00e4iritse vihre\u00e4n v\u00e4rins\u00e4 ansiosta, ja se sis\u00e4lt\u00e4\u00e4 k\u00e4yt\u00e4nn\u00f6llisen s\u00e4ilytyspussin.<\/p>\n<p>[\/et_pb_text][\/et_pb_column][\/et_pb_row][\/et_pb_section][et_pb_section bb_built=&#8221;1&#8243; _builder_version=&#8221;4.16&#8243; background_color=&#8221;#f4f4f4&#8243; global_colors_info=&#8221;{}&#8221; prev_background_color=&#8221;#ffffff&#8221; next_background_color=&#8221;#ffffff&#8221;][et_pb_row column_structure=&#8221;1_2,1_2&#8243; _builder_version=&#8221;4.16&#8243; background_color=&#8221;#f4f4f4&#8243; custom_padding=&#8221;|20px||20px&#8221; border_radii=&#8221;on|10px|10px|10px|10px&#8221; global_colors_info=&#8221;{}&#8221;][et_pb_column type=&#8221;1_2&#8243; _builder_version=&#8221;4.16&#8243; custom_padding=&#8221;|||&#8221; global_colors_info=&#8221;{}&#8221; custom_padding__hover=&#8221;|||&#8221;][et_pb_gallery gallery_ids=&#8221;5134,5129,5131,5130,9661,9662&#8243; fullwidth=&#8221;on&#8221; _builder_version=&#8221;4.16&#8243; border_radii=&#8221;on|10px|10px|10px|10px&#8221; global_colors_info=&#8221;{}&#8221; \/][et_pb_text _builder_version=&#8221;4.16&#8243; background_color=&#8221;#ffffff&#8221; custom_padding=&#8221;20px|20px|20px|20px&#8221; border_radii=&#8221;on|10px|10px|10px|10px&#8221; border_width_all=&#8221;1px&#8221; border_color_all=&#8221;#d9d9d9&#8243; global_colors_info=&#8221;{}&#8221;]<\/p>\n<h4>Classic-hyttyshattu, kyll\u00e4st\u00e4m\u00e4t\u00f6n<\/h4>\n<p>Classic-hyttyshattu on kyll\u00e4st\u00e4m\u00e4t\u00f6n, eritt\u00e4in tihe\u00e4silm\u00e4inen hyttyshattu. T\u00e4ydellinen k\u00e4ytt\u00f6\u00f6n omassa maassasi ja pohjoisissa matkakohteissa. Suojaa my\u00f6s s\u00e4\u00e4skilt\u00e4.<\/p>\n<p>[\/et_pb_text][et_pb_toggle admin_label=&#8221;Specifictaties&#8221; title=&#8221;Tuotetiedot&#8221; open_toggle_background_color=&#8221;#ffffff&#8221; closed_toggle_background_color=&#8221;#ffffff&#8221; icon_color=&#8221;#136932&#8243; open_icon_color=&#8221;#136932&#8243; _builder_version=&#8221;4.20.4&#8243; background_color=&#8221;#ffffff&#8221; border_radii=&#8221;on|10px|10px|10px|10px&#8221; global_colors_info=&#8221;{}&#8221;]<\/p>\n<ul>\n<li>Verkon silm\u00e4koko (mesh): 900<\/li>\n<li>Pakkauksen mitat (p x l x k mm): 50 x 70 x 190<\/li>\n<li>Hatun mitat (\u00d8 x h): 350 x 480 mm<\/li>\n<li>Paino (g): 64<\/li>\n<li>Kyll\u00e4st\u00e4m\u00e4t\u00f6n<\/li>\n<li>Suojaa hyttysilt\u00e4 ja eritt\u00e4in pienilt\u00e4 hy\u00f6nteisilt\u00e4 kuten s\u00e4\u00e4skilt\u00e4<\/li>\n<li>Ideaalinen pohjoisiin matkakohteisiin<\/li>\n<li>Yksi koko sopii kaikille: t\u00e4m\u00e4 hyttyshattu sopii aina<\/li>\n<li>Valmistettu kest\u00e4v\u00e4st\u00e4 polyesterikankaasta<\/li>\n<\/ul>\n<p>[\/et_pb_toggle][et_pb_button button_url=&#8221;https:\/\/haikki.net\/tuote\/care-plus-mosquito-head-net-classic-hyonteissuojahuppu\/&#8221; url_new_window=&#8221;on&#8221; button_text=&#8221;Valitse &#038; tilaa&#8221; button_alignment=&#8221;center&#8221; _builder_version=&#8221;4.16&#8243; background_layout=&#8221;dark&#8221; global_colors_info=&#8221;{}&#8221; \/][\/et_pb_column][et_pb_column type=&#8221;1_2&#8243; _builder_version=&#8221;4.16&#8243; custom_padding=&#8221;|||&#8221; global_colors_info=&#8221;{}&#8221; custom_padding__hover=&#8221;|||&#8221;][et_pb_gallery gallery_ids=&#8221;4982,9660&#8243; fullwidth=&#8221;on&#8221; _builder_version=&#8221;4.16&#8243; border_radii=&#8221;on|10px|10px|10px|10px&#8221; global_colors_info=&#8221;{}&#8221; \/][et_pb_text _builder_version=&#8221;4.16&#8243; background_color=&#8221;#ffffff&#8221; custom_padding=&#8221;20px|20px|20px|20px&#8221; border_radii=&#8221;on|10px|10px|10px|10px&#8221; border_width_all=&#8221;1px&#8221; border_color_all=&#8221;#d9d9d9&#8243; global_colors_info=&#8221;{}&#8221;]<\/p>\n<h4>Pop-Up -hyttyshattu, kyll\u00e4st\u00e4m\u00e4t\u00f6n<\/h4>\n<p>Hattu sis\u00e4\u00e4nrakennetulla hyttysverkolla on eritt\u00e4in k\u00e4yt\u00e4nn\u00f6llinen ja mukava tuote. Pop-up -hyttyshattu on kyll\u00e4st\u00e4m\u00e4t\u00f6n, eritt\u00e4in tihe\u00e4silm\u00e4inen hyttyshattu. T\u00e4ydellinen k\u00e4ytett\u00e4v\u00e4ksi kotimaassasi ja pohjoisissa matkakohteissa.<\/p>\n<p>[\/et_pb_text][et_pb_toggle admin_label=&#8221;Specifictaties&#8221; title=&#8221;Tuotetiedot&#8221; open_toggle_background_color=&#8221;#ffffff&#8221; closed_toggle_background_color=&#8221;#ffffff&#8221; icon_color=&#8221;#136932&#8243; open_icon_color=&#8221;#136932&#8243; _builder_version=&#8221;4.20.4&#8243; background_color=&#8221;#ffffff&#8221; border_radii=&#8221;on|10px|10px|10px|10px&#8221; global_colors_info=&#8221;{}&#8221;]<\/p>\n<ul>\n<li>Verkon silm\u00e4koko (mesh): 900<\/li>\n<li>Pakkauksen mitat (p x l x k mm): 30 x 170 x 215<\/li>\n<li>Hatun mitat (\u00d8 x h): 350 x 480 mm<\/li>\n<li>Paino (g): 64<\/li>\n<li>Kyll\u00e4st\u00e4m\u00e4t\u00f6n<\/li>\n<li>Suojaa hyttysilt\u00e4 ja eritt\u00e4in pienilt\u00e4 hy\u00f6nteisilt\u00e4 kuten s\u00e4\u00e4skilt\u00e4<\/li>\n<li>Ideaalinen pohjoisiin matkakohteisiin<\/li>\n<li>Yksi koko sopii kaikille: t\u00e4m\u00e4 hyttyshattu sopii aina<\/li>\n<li>Aukeaa automaattisesti<\/li>\n<li>Valmistettu kest\u00e4v\u00e4st\u00e4 polyesterikankaasta<\/li>\n<\/ul>\n<p>[\/et_pb_toggle][et_pb_button button_url=&#8221;https:\/\/haikki.net\/tuote\/care-plus-mosquito-pop-up-headnet-hyonteissuojahattuhyttyshattu-pop-up-headnet\/&#8221; url_new_window=&#8221;on&#8221; button_text=&#8221;Valitse &#038; tilaa&#8221; button_alignment=&#8221;center&#8221; _builder_version=&#8221;4.16&#8243; background_layout=&#8221;dark&#8221; global_colors_info=&#8221;{}&#8221; \/][\/et_pb_column][\/et_pb_row][\/et_pb_section][et_pb_section bb_built=&#8221;1&#8243; _builder_version=&#8221;4.16&#8243; global_colors_info=&#8221;{}&#8221; prev_background_color=&#8221;#f4f4f4&#8243; next_background_color=&#8221;#f4f4f4&#8243;][et_pb_row _builder_version=&#8221;4.16&#8243; background_size=&#8221;initial&#8221; background_position=&#8221;top_left&#8221; background_repeat=&#8221;repeat&#8221; global_colors_info=&#8221;{}&#8221;][et_pb_column type=&#8221;4_4&#8243; _builder_version=&#8221;4.16&#8243; custom_padding=&#8221;|||&#8221; global_colors_info=&#8221;{}&#8221; custom_padding__hover=&#8221;|||&#8221;][et_pb_text admin_label=&#8221;Long Read&#8221; _builder_version=&#8221;4.20.4&#8243; global_colors_info=&#8221;{}&#8221;]<\/p>\n<h3>Ovatko n\u00e4m\u00e4 hyttyshatut sopivia pohjoisiin kohteisiin?<\/h3>\n<p>N\u00e4m\u00e4 tihe\u00e4silm\u00e4iset hyttyshatut ovat erityisen soveltuvia pohjoisiin kohteisiin, kuten Skandinaviaan, Skotlantiin ja Kanadaan. Hyttyshatut on suunniteltu erityisesti pit\u00e4m\u00e4\u00e4n loitolla pienet hy\u00f6nteise, kuten s\u00e4\u00e4sket, joita tavataan n\u00e4ill\u00e4 alueilla. N\u00e4iden pienten hy\u00f6nteisten puremat ovat erityisen kivuliaita, joten haluat ehdottomasti pit\u00e4\u00e4 ne loitolla! N\u00e4m\u00e4 hyttyshatut ovat k\u00e4yt\u00e4nn\u00f6llisi\u00e4 kaikenlaisten aktiviteettien aikana, kuten kalastaessa, vaeltaessa tai lukiessa kirjaa ulkosalla. Niin kotona kuin ulkomaillakin.<\/p>\n<p>&nbsp;<\/p>\n<h3>Miten suojaan itseni optimaalisesti hy\u00f6nteisten puremia ja pistoja vastaan?<\/h3>\n<p>Hyttyshatun k\u00e4yt\u00f6n lis\u00e4ksi on t\u00e4rke\u00e4\u00e4 peitt\u00e4\u00e4 iho vaatteilla mahdollisimman hyvin, etenkin ulkoillessa. Levit\u00e4\u00a0<a href=\"https:\/\/www.careplus.eu\/fi\/mosquitoes-and-ticks\/hyonteiskarkote-natural\/\">tehokasta hy\u00f6nteiskarkotetta<\/a> paljaana olevalle iholle. Useimmat hyttyset pist\u00e4v\u00e4t etenkin auringonlaskun j\u00e4lkeen, mutta on hyv\u00e4 idea k\u00e4ytt\u00e4\u00e4 hy\u00f6nteiskarkotetta my\u00f6s p\u00e4iv\u00e4saikaan.<\/p>\n<p>[\/et_pb_text][\/et_pb_column][\/et_pb_row][\/et_pb_section][et_pb_section bb_built=&#8221;1&#8243; _builder_version=&#8221;4.16&#8243; background_color=&#8221;#f4f4f4&#8243; global_colors_info=&#8221;{}&#8221; prev_background_color=&#8221;#ffffff&#8221; next_background_color=&#8221;#ffffff&#8221;][et_pb_row column_structure=&#8221;1_3,1_3,1_3&#8243; _builder_version=&#8221;4.16&#8243; background_color=&#8221;#f4f4f4&#8243; custom_padding=&#8221;|20px||20px&#8221; border_radii=&#8221;on|10px|10px|10px|10px&#8221; global_colors_info=&#8221;{}&#8221;][et_pb_column type=&#8221;1_3&#8243; _builder_version=&#8221;4.16&#8243; custom_padding=&#8221;|||&#8221; global_colors_info=&#8221;{}&#8221; custom_padding__hover=&#8221;|||&#8221;][et_pb_image src=&#8221;https:\/\/www.careplus.eu\/wp-content\/uploads\/2020\/06\/careplus-anti-insect-natural-60ml-1-2.jpg&#8221; title_text=&#8221;careplus-anti-insect-natural-60ml-1&#8243; url=&#8221;https:\/\/www.careplus.eu\/fi\/mosquitoes-and-ticks\/hyonteiskarkote-natural\/&#8221; align=&#8221;center&#8221; align_tablet=&#8221;center&#8221; align_last_edited=&#8221;on|desktop&#8221; _builder_version=&#8221;4.16&#8243; border_radii=&#8221;on|10px|10px|10px|10px&#8221; global_colors_info=&#8221;{}&#8221; \/][et_pb_button button_url=&#8221;https:\/\/www.careplus.eu\/fi\/mosquitoes-and-ticks\/hyonteiskarkote-natural\/&#8221; button_text=&#8221;Hy\u00f6nteiskarkote Natural&#8221; button_alignment=&#8221;center&#8221; _builder_version=&#8221;4.16&#8243; background_layout=&#8221;dark&#8221; global_colors_info=&#8221;{}&#8221; \/][\/et_pb_column][et_pb_column type=&#8221;1_3&#8243; _builder_version=&#8221;4.16&#8243; custom_padding=&#8221;|||&#8221; global_colors_info=&#8221;{}&#8221; custom_padding__hover=&#8221;|||&#8221;][et_pb_image src=&#8221;https:\/\/www.careplus.eu\/wp-content\/uploads\/2019\/03\/careplus-klamboe-single-popup.jpg&#8221; url=&#8221;https:\/\/www.careplus.eu\/fi\/mosquitoes-and-ticks\/protection\/hyttysverkot\/&#8221; align=&#8221;center&#8221; align_tablet=&#8221;center&#8221; align_last_edited=&#8221;on|desktop&#8221; _builder_version=&#8221;4.16&#8243; border_radii=&#8221;on|10px|10px|10px|10px&#8221; global_colors_info=&#8221;{}&#8221; \/][et_pb_button button_url=&#8221;https:\/\/www.careplus.eu\/fi\/mosquitoes-and-ticks\/protection\/hyttysverkot\/&#8221; button_text=&#8221;Hyttysverkot&#8221; button_alignment=&#8221;center&#8221; _builder_version=&#8221;4.16&#8243; background_layout=&#8221;dark&#8221; global_colors_info=&#8221;{}&#8221; \/][\/et_pb_column][et_pb_column type=&#8221;1_3&#8243; _builder_version=&#8221;4.16&#8243; custom_padding=&#8221;|||&#8221; global_colors_info=&#8221;{}&#8221; custom_padding__hover=&#8221;|||&#8221;][et_pb_image src=&#8221;https:\/\/www.careplus.eu\/wp-content\/uploads\/2019\/03\/care-plus-bug-socks.jpg&#8221; url=&#8221;https:\/\/www.careplus.eu\/fi\/mosquitoes-and-ticks\/protection\/socks\/&#8221; align=&#8221;center&#8221; align_tablet=&#8221;center&#8221; align_last_edited=&#8221;on|desktop&#8221; _builder_version=&#8221;4.16&#8243; border_radii=&#8221;on|10px|10px|10px|10px&#8221; global_colors_info=&#8221;{}&#8221; \/][et_pb_button button_url=&#8221;https:\/\/www.careplus.eu\/fi\/mosquitoes-and-ticks\/protection\/socks\/&#8221; button_text=&#8221;Suojaavat sukat&#8221; button_alignment=&#8221;center&#8221; _builder_version=&#8221;4.16&#8243; background_layout=&#8221;dark&#8221; global_colors_info=&#8221;{}&#8221; \/][\/et_pb_column][\/et_pb_row][\/et_pb_section][et_pb_section bb_built=&#8221;1&#8243; fullwidth=&#8221;on&#8221; _builder_version=&#8221;4.16&#8243; global_colors_info=&#8221;{}&#8221; prev_background_color=&#8221;#f4f4f4&#8243;][et_pb_fullwidth_slider show_arrows=&#8221;off&#8221; show_pagination=&#8221;off&#8221; _builder_version=&#8221;4.16&#8243; global_colors_info=&#8221;{}&#8221;][et_pb_slide use_bg_overlay=&#8221;off&#8221; use_text_overlay=&#8221;off&#8221; _builder_version=&#8221;4.16&#8243; background_image=&#8221;https:\/\/www.careplus.eu\/wp-content\/uploads\/2019\/03\/klamboe-kamperen-slapen-openlucht.jpg&#8221; parallax=&#8221;on&#8221; button_on_hover=&#8221;on&#8221; global_colors_info=&#8221;{}&#8221; sticky_transition=&#8221;on&#8221;][\/et_pb_slide][\/et_pb_fullwidth_slider][\/et_pb_section]<\/p>\n","protected":false},"excerpt":{"rendered":"<p>Hy\u00f6nteisilt\u00e4 suojaavat hyttyshatut Hyttyshattu tarjoaa suojaa ja mukavuutta. Ei \u00e4rsytt\u00e4v\u00e4\u00e4 p\u00f6rr\u00e4yst\u00e4 korvissasi tai kutisevia puremia kasvoissasi ja niskassasi. Silmien sulkeminen sen takia, ett\u00e4 pienet hy\u00f6nteiset eiv\u00e4t lent\u00e4isi silmiisi, ei ole en\u00e4\u00e4 tarpeen. Molemmat hyttyshatut ovat eritt\u00e4in tiheit\u00e4 tyydytt\u00e4m\u00e4tt\u00f6mi\u00e4 hyttyshattuja. T\u00e4ydellinen k\u00e4ytett\u00e4v\u00e4ksi kotimaassa ja pohjoisissa kohteissa. K\u00e4ytt\u00e4m\u00e4ll\u00e4 hyttyshattua v\u00e4lt\u00e4t hyttysten ja muiden pist\u00e4vien hy\u00f6nteisten pistot kasvoissasi, [&hellip;]<\/p>\n","protected":false},"author":37,"featured_media":0,"parent":7413,"menu_order":0,"comment_status":"closed","ping_status":"closed","template":"","meta":{"_acf_changed":false,"_et_pb_use_builder":"on","_et_pb_old_content":"","_et_gb_content_width":"","footnotes":""},"class_list":["post-6855","page","type-page","status-publish","hentry"],"acf":[],"_links":{"self":[{"href":"https:\/\/www.careplus.eu\/fi\/wp-json\/wp\/v2\/pages\/6855","targetHints":{"allow":["GET"]}}],"collection":[{"href":"https:\/\/www.careplus.eu\/fi\/wp-json\/wp\/v2\/pages"}],"about":[{"href":"https:\/\/www.careplus.eu\/fi\/wp-json\/wp\/v2\/types\/page"}],"author":[{"embeddable":true,"href":"https:\/\/www.careplus.eu\/fi\/wp-json\/wp\/v2\/users\/37"}],"replies":[{"embeddable":true,"href":"https:\/\/www.careplus.eu\/fi\/wp-json\/wp\/v2\/comments?post=6855"}],"version-history":[{"count":0,"href":"https:\/\/www.careplus.eu\/fi\/wp-json\/wp\/v2\/pages\/6855\/revisions"}],"up":[{"embeddable":true,"href":"https:\/\/www.careplus.eu\/fi\/wp-json\/wp\/v2\/pages\/7413"}],"wp:attachment":[{"href":"https:\/\/www.careplus.eu\/fi\/wp-json\/wp\/v2\/media?parent=6855"}],"curies":[{"name":"wp","href":"https:\/\/api.w.org\/{rel}","templated":true}]}}