


{"id":6853,"date":"2019-05-28T14:46:53","date_gmt":"2019-05-28T12:46:53","guid":{"rendered":"https:\/\/www.careplus.eu\/vedensuodatin\/"},"modified":"2023-03-08T15:30:04","modified_gmt":"2023-03-08T14:30:04","slug":"vedensuodatin","status":"publish","type":"page","link":"https:\/\/www.careplus.eu\/fi\/hygiene\/water-purification\/vedensuodatin\/","title":{"rendered":"Vedensuodatin"},"content":{"rendered":"<p>[et_pb_section fb_built=&#8221;1&#8243; fullwidth=&#8221;on&#8221; _builder_version=&#8221;4.17.6&#8243; background_image=&#8221;https:\/\/www.careplus.eu\/wp-content\/uploads\/2022\/07\/DM_CarePlus016_148.webp&#8221; background_position=&#8221;top_center&#8221; background_vertical_offset=&#8221;36%&#8221; bottom_divider_style=&#8221;curve&#8221; bottom_divider_color=&#8221;#ffffff&#8221; bottom_divider_height=&#8221;40px&#8221; global_colors_info=&#8221;{}&#8221;][et_pb_fullwidth_slider show_arrows=&#8221;off&#8221; show_pagination=&#8221;off&#8221; _builder_version=&#8221;4.17.6&#8243; global_colors_info=&#8221;{}&#8221;][et_pb_slide heading=&#8221;Vedensuodatin&#8221; use_bg_overlay=&#8221;off&#8221; use_text_overlay=&#8221;off&#8221; _builder_version=&#8221;4.17.6&#8243; header_level=&#8221;h1&#8243; header_font=&#8221;|800|||||||&#8221; header_font_size=&#8221;36&#8243; background_enable_color=&#8221;off&#8221; background_enable_image=&#8221;off&#8221; button_on_hover=&#8221;on&#8221; custom_padding=&#8221;18%||18%|&#8221; custom_padding_tablet=&#8221;30%||30%|&#8221; custom_padding_phone=&#8221;30%||30%|&#8221; custom_padding_last_edited=&#8221;on|phone&#8221; header_font_size_tablet=&#8221;30&#8243; header_font_size_phone=&#8221;30&#8243; header_font_size_last_edited=&#8221;on|tablet&#8221; header_text_shadow_style=&#8221;preset3&#8243; header_text_shadow_blur_strength=&#8221;0.5em&#8221; header_text_shadow_color=&#8221;rgba(0,0,0,0.6)&#8221; global_colors_info=&#8221;{}&#8221; sticky_transition=&#8221;on&#8221;][\/et_pb_slide][\/et_pb_fullwidth_slider][\/et_pb_section][et_pb_section fb_built=&#8221;1&#8243; _builder_version=&#8221;4.16&#8243; global_colors_info=&#8221;{}&#8221;][et_pb_row _builder_version=&#8221;4.16&#8243; background_size=&#8221;initial&#8221; background_position=&#8221;top_left&#8221; background_repeat=&#8221;repeat&#8221; global_colors_info=&#8221;{}&#8221;][et_pb_column type=&#8221;4_4&#8243; _builder_version=&#8221;4.16&#8243; custom_padding=&#8221;|||&#8221; global_colors_info=&#8221;{}&#8221; custom_padding__hover=&#8221;|||&#8221;][et_pb_dmb_breadcrumbs _builder_version=&#8221;4.16&#8243; body_font_size_tablet=&#8221;51&#8243; body_line_height_tablet=&#8221;2&#8243; separator_font_size_tablet=&#8221;51&#8243; separator_line_height_tablet=&#8221;2&#8243; link_font_size_tablet=&#8221;51&#8243; link_line_height_tablet=&#8221;2&#8243; linkhover_font_size_tablet=&#8221;51&#8243; linkhover_line_height_tablet=&#8221;2&#8243; global_colors_info=&#8221;{}&#8221;][\/et_pb_dmb_breadcrumbs][et_pb_text admin_label=&#8221;Intro tekst&#8221; _builder_version=&#8221;4.19.5&#8243; hover_enabled=&#8221;0&#8243; global_colors_info=&#8221;{}&#8221; sticky_enabled=&#8221;0&#8243;]<\/p>\n<h2>Vedensuodatin<\/h2>\n<p><strong>Matkustelu ilman muovisia vesipulloja? Se on mahdollista Care Plus<sup style=\"font-size:8px;\">\u00ae<\/sup> -vedensuodattimen avulla, jolla saat turvallista ja halpaa juomavett\u00e4. Vedensuodattimemme mahtuvat k\u00e4mmenelle ja suodattavat vett\u00e4 mist\u00e4 tahansa makean veden l\u00e4hteest\u00e4. Kalvosuodatin (0,1 mikronia) hylkii haitalliset bakteerit, loiset, alkuel\u00e4imet ja mikromuovit. Meid\u00e4n palkintoja voittanut suodattimemme on saatavilla ulkoilutarvikekaupoista.<\/strong><\/p>\n<p>Vedensuodatin poistaa ep\u00e4puhtaudet vedest\u00e4 fyysisen esteen avulla, kemiallisella tai biologisella prosessilla. Meid\u00e4n suodattimemme puhdistaa veden fyysisen esteen avulla.<\/p>\n<p>Care Plus<sup style=\"font-size:8px;\">\u00ae<\/sup> -vesisuodattimia voidaan k\u00e4ytt\u00e4\u00e4 kolmella eri tavalla:<br \/>\n1. Suodattaa suoraan luonnollisesta l\u00e4hteest\u00e4<br \/>\n2. Suodattaa mukana toimitetusta juomapussista<br \/>\n3. Suodata tavallisesta PET-pullosta<\/p>\n<p>Bakteerien, alkuel\u00e4inten ja virusten saattamiseksi toimintakyvytt\u00f6miksi suosittelemme k\u00e4ytt\u00e4m\u00e4\u00e4n suodatinta yhdess\u00e4 sopivan klooriliuoksen kanssa. Care Plus<sup style=\"font-size:8px;\">\u00ae<\/sup> 0,1 mikronin vedensuodatin  deaktivoi ensin bakteerit ja alkuel\u00e4imet. Care Plus<sup style=\"font-size:8px;\">\u00ae<\/sup> <a href=\"https:\/\/www.careplus.eu\/fi\/hygiene\/water-purification\/hadex\/\" target=\"_blank\" rel=\"noopener noreferrer\">Hadex<\/a><sup style=\"font-size:8px;\">\u00ae<\/sup> deaktivoi kaikki virukset suodatetussa vedess\u00e4.[\/et_pb_text][\/et_pb_column][\/et_pb_row][\/et_pb_section][et_pb_section fb_built=&#8221;1&#8243; _builder_version=&#8221;4.16&#8243; background_color=&#8221;#f4f4f4&#8243; global_colors_info=&#8221;{}&#8221;][et_pb_row column_structure=&#8221;1_3,2_3&#8243; _builder_version=&#8221;4.16&#8243; background_color=&#8221;#ffffff&#8221; border_radii=&#8221;on|10px|10px|10px|10px&#8221; global_colors_info=&#8221;{}&#8221;][et_pb_column type=&#8221;1_3&#8243; _builder_version=&#8221;4.16&#8243; custom_padding=&#8221;|||&#8221; global_colors_info=&#8221;{}&#8221; custom_padding__hover=&#8221;|||&#8221;][et_pb_image src=&#8221;https:\/\/www.careplus.eu\/wp-content\/uploads\/2022\/07\/Care-Plus-Waterfilter.png&#8221; title_text=&#8221;Vedensuodatin&#8221; show_in_lightbox=&#8221;on&#8221; use_overlay=&#8221;on&#8221; overlay_icon_color=&#8221;#ffffff&#8221; hover_overlay_color=&#8221;rgba(255,255,255,0)&#8221; hover_icon=&#8221;&#x54;||divi||400&#8243; align=&#8221;center&#8221; align_tablet=&#8221;center&#8221; align_phone=&#8221;&#8221; align_last_edited=&#8221;on|desktop&#8221; _builder_version=&#8221;4.17.6&#8243; global_colors_info=&#8221;{}&#8221;][\/et_pb_image][\/et_pb_column][et_pb_column type=&#8221;2_3&#8243; _builder_version=&#8221;4.16&#8243; custom_padding=&#8221;|||&#8221; global_colors_info=&#8221;{}&#8221; custom_padding__hover=&#8221;|||&#8221;][et_pb_text _builder_version=&#8221;4.19.5&#8243; custom_margin=&#8221;35px|20px||20px|false|false&#8221; custom_margin_tablet=&#8221;0px||||false|false&#8221; custom_margin_phone=&#8221;0px||||false|false&#8221; custom_margin_last_edited=&#8221;on|desktop&#8221; custom_padding=&#8221;20px|20px|20px|20px|false|false&#8221; border_radii=&#8221;on|10px|10px|10px|10px&#8221; global_colors_info=&#8221;{}&#8221;]<\/p>\n<h3>Tuotetiedot Water Filter<\/h3>\n<ul>\n<li>0,1 mikronin absoluuttinen ontto kuitumembraanisuodatin<\/li>\n<li>1 L uudelleenk\u00e4ytett\u00e4v\u00e4 puristuspussi<\/li>\n<li>Suodatinelementti, jossa on sis\u00e4\u00e4nrakennettu suutin<\/li>\n<li>Kapasiteetti: jopa 3 500 L<\/li>\n<li>Virtausnopeus: jopa 1,7 litraa minuutissa (puristettuna)<\/li>\n<li>Paino: Suodatin 75gr \/ TPU juomapussi 35gr<\/li>\n<\/ul>\n<p>[\/et_pb_text][et_pb_button button_url=&#8221;https:\/\/www.careplus-shop.nl\/Webwinkel-Product-806892087\/Care-Plus-Water-Filter-Jungle-Green.html&#8221; button_text=&#8221;Tilaa&#8221; button_alignment=&#8221;left&#8221; disabled_on=&#8221;on|on|on&#8221; _builder_version=&#8221;4.19.5&#8243; background_layout=&#8221;dark&#8221; custom_margin=&#8221;|20px||20px&#8221; custom_padding=&#8221;|20px||20px&#8221; disabled=&#8221;on&#8221; global_colors_info=&#8221;{}&#8221;][\/et_pb_button][\/et_pb_column][\/et_pb_row][\/et_pb_section][et_pb_section fb_built=&#8221;1&#8243; _builder_version=&#8221;4.19.5&#8243; background_color=&#8221;#FFFFFF&#8221; global_colors_info=&#8221;{}&#8221;][et_pb_row column_structure=&#8221;1_3,2_3&#8243; _builder_version=&#8221;4.16&#8243; background_color=&#8221;#ffffff&#8221; border_radii=&#8221;on|10px|10px|10px|10px&#8221; global_colors_info=&#8221;{}&#8221;][et_pb_column type=&#8221;1_3&#8243; _builder_version=&#8221;4.16&#8243; custom_padding=&#8221;|||&#8221; global_colors_info=&#8221;{}&#8221; custom_padding__hover=&#8221;|||&#8221;][et_pb_image src=&#8221;https:\/\/www.careplus.eu\/wp-content\/uploads\/2023\/03\/Tuotetiedot-Water-Filter-EVO.webp&#8221; title_text=&#8221;Water Filter EVO&#8221; show_in_lightbox=&#8221;on&#8221; use_overlay=&#8221;on&#8221; overlay_icon_color=&#8221;#ffffff&#8221; hover_overlay_color=&#8221;rgba(255,255,255,0)&#8221; hover_icon=&#8221;&#x54;||divi||400&#8243; align=&#8221;center&#8221; align_tablet=&#8221;center&#8221; align_phone=&#8221;&#8221; align_last_edited=&#8221;on|desktop&#8221; _builder_version=&#8221;4.19.5&#8243; height=&#8221;425px&#8221; max_height=&#8221;425px&#8221; global_colors_info=&#8221;{}&#8221;][\/et_pb_image][\/et_pb_column][et_pb_column type=&#8221;2_3&#8243; _builder_version=&#8221;4.16&#8243; custom_padding=&#8221;|||&#8221; global_colors_info=&#8221;{}&#8221; custom_padding__hover=&#8221;|||&#8221;][et_pb_text _builder_version=&#8221;4.19.5&#8243; custom_margin=&#8221;35px|20px||20px|false|false&#8221; custom_margin_tablet=&#8221;0px||||false|false&#8221; custom_margin_phone=&#8221;0px||||false|false&#8221; custom_margin_last_edited=&#8221;on|desktop&#8221; custom_padding=&#8221;20px|20px|20px|20px|false|false&#8221; border_radii=&#8221;on|10px|10px|10px|10px&#8221; global_colors_info=&#8221;{}&#8221;]<\/p>\n<h3>Tuotetiedot Water Filter EVO<\/h3>\n<ul>\n<li>0,1 mikronin absoluuttinen ontto kuitumembraanisuodatin<\/li>\n<li>3 L uudelleenk\u00e4ytett\u00e4v\u00e4 puristettava pussi, jossa on letku<\/li>\n<li>Kapasiteetti: jopa 5 000 L<\/li>\n<li>Virtausnopeus: jopa 0,45 litraa minuutissa<\/li>\n<li>Paino: Suodatin 100gr \/ TPU juomapussi 110gr<\/li>\n<li>S\u00e4ilytyspussi ja johto<\/li>\n<\/ul>\n<p>[\/et_pb_text][et_pb_button button_url=&#8221;https:\/\/www.careplus-shop.nl\/Care-Plus-Water-Filter-EVO&#8221; button_text=&#8221;Tilaa&#8221; button_alignment=&#8221;left&#8221; disabled_on=&#8221;on|on|on&#8221; _builder_version=&#8221;4.19.5&#8243; background_layout=&#8221;dark&#8221; custom_margin=&#8221;|20px||20px&#8221; custom_padding=&#8221;|20px||20px&#8221; disabled=&#8221;on&#8221; global_colors_info=&#8221;{}&#8221;][\/et_pb_button][\/et_pb_column][\/et_pb_row][\/et_pb_section]<\/p>\n","protected":false},"excerpt":{"rendered":"<p>Vedensuodatin Matkustelu ilman muovisia vesipulloja? Se on mahdollista Care Plus\u00ae -vedensuodattimen avulla, jolla saat turvallista ja halpaa juomavett\u00e4. Vedensuodattimemme mahtuvat k\u00e4mmenelle ja suodattavat vett\u00e4 mist\u00e4 tahansa makean veden l\u00e4hteest\u00e4. Kalvosuodatin (0,1 mikronia) hylkii haitalliset bakteerit, loiset, alkuel\u00e4imet ja mikromuovit. Meid\u00e4n palkintoja voittanut suodattimemme on saatavilla ulkoilutarvikekaupoista. Vedensuodatin poistaa ep\u00e4puhtaudet vedest\u00e4 fyysisen esteen avulla, kemiallisella tai [&hellip;]<\/p>\n","protected":false},"author":37,"featured_media":0,"parent":7399,"menu_order":0,"comment_status":"closed","ping_status":"closed","template":"","meta":{"_acf_changed":false,"_et_pb_use_builder":"on","_et_pb_old_content":"","_et_gb_content_width":"","footnotes":""},"class_list":["post-6853","page","type-page","status-publish","hentry"],"acf":[],"_links":{"self":[{"href":"https:\/\/www.careplus.eu\/fi\/wp-json\/wp\/v2\/pages\/6853","targetHints":{"allow":["GET"]}}],"collection":[{"href":"https:\/\/www.careplus.eu\/fi\/wp-json\/wp\/v2\/pages"}],"about":[{"href":"https:\/\/www.careplus.eu\/fi\/wp-json\/wp\/v2\/types\/page"}],"author":[{"embeddable":true,"href":"https:\/\/www.careplus.eu\/fi\/wp-json\/wp\/v2\/users\/37"}],"replies":[{"embeddable":true,"href":"https:\/\/www.careplus.eu\/fi\/wp-json\/wp\/v2\/comments?post=6853"}],"version-history":[{"count":0,"href":"https:\/\/www.careplus.eu\/fi\/wp-json\/wp\/v2\/pages\/6853\/revisions"}],"up":[{"embeddable":true,"href":"https:\/\/www.careplus.eu\/fi\/wp-json\/wp\/v2\/pages\/7399"}],"wp:attachment":[{"href":"https:\/\/www.careplus.eu\/fi\/wp-json\/wp\/v2\/media?parent=6853"}],"curies":[{"name":"wp","href":"https:\/\/api.w.org\/{rel}","templated":true}]}}