


{"id":6672,"date":"2019-05-24T15:08:39","date_gmt":"2019-05-24T13:08:39","guid":{"rendered":"https:\/\/www.careplus.eu\/hyonteiskarkote-deet\/"},"modified":"2024-10-25T08:53:44","modified_gmt":"2024-10-25T07:53:44","slug":"hyonteiskarkote-deet","status":"publish","type":"page","link":"https:\/\/www.careplus.eu\/fi\/mosquitoes-and-ticks\/protection\/hyonteiskarkote-deet\/","title":{"rendered":"Hy\u00f6nteiskarkote DEET"},"content":{"rendered":"<p>[et_pb_section fb_built=&#8221;1&#8243; fullwidth=&#8221;on&#8221; _builder_version=&#8221;4.16&#8243; bottom_divider_style=&#8221;curve&#8221; bottom_divider_color=&#8221;#ffffff&#8221; bottom_divider_height=&#8221;40px&#8221; global_colors_info=&#8221;{}&#8221;][et_pb_fullwidth_slider show_arrows=&#8221;off&#8221; show_pagination=&#8221;off&#8221; _builder_version=&#8221;4.16&#8243; custom_padding=&#8221;22%||10%|&#8221; global_colors_info=&#8221;{}&#8221;][et_pb_slide heading=&#8221;Hy\u00f6nteiskarkote DEET&#8221; use_bg_overlay=&#8221;off&#8221; use_text_overlay=&#8221;off&#8221; _builder_version=&#8221;4.16&#8243; header_level=&#8221;h1&#8243; header_font=&#8221;|800|||||||&#8221; header_font_size=&#8221;36&#8243; background_color=&#8221;#0b6a30&#8243; background_image=&#8221;https:\/\/www.careplus.eu\/wp-content\/uploads\/2019\/02\/anti-insect-deet-mug.jpg&#8221; button_on_hover=&#8221;on&#8221; custom_padding=&#8221;15%||15%|&#8221; custom_padding_tablet=&#8221;15%||15%|&#8221; custom_padding_phone=&#8221;30%||30%|&#8221; custom_padding_last_edited=&#8221;on|desktop&#8221; header_font_size_tablet=&#8221;30&#8243; header_font_size_phone=&#8221;30&#8243; header_font_size_last_edited=&#8221;on|tablet&#8221; header_text_shadow_style=&#8221;preset3&#8243; header_text_shadow_color=&#8221;rgba(0,0,0,0.6)&#8221; global_colors_info=&#8221;{}&#8221; sticky_transition=&#8221;on&#8221;][\/et_pb_slide][\/et_pb_fullwidth_slider][\/et_pb_section][et_pb_section fb_built=&#8221;1&#8243; module_id=&#8221;cp_pb_page_content&#8221; module_class=&#8221;cp_pb_regular_post_content&#8221; _builder_version=&#8221;4.16&#8243; global_colors_info=&#8221;{}&#8221;][et_pb_row admin_label=&#8221;Page Header&#8221; _builder_version=&#8221;4.16&#8243; background_size=&#8221;initial&#8221; background_position=&#8221;top_left&#8221; background_repeat=&#8221;repeat&#8221; border_radii=&#8221;on|10px|10px|10px|10px&#8221; collapsed=&#8221;off&#8221; global_colors_info=&#8221;{}&#8221;][et_pb_column type=&#8221;4_4&#8243; _builder_version=&#8221;4.16&#8243; background_color=&#8221;#ffffff&#8221; custom_padding=&#8221;|||&#8221; global_colors_info=&#8221;{}&#8221; custom_padding__hover=&#8221;|||&#8221;][et_pb_dmb_breadcrumbs _builder_version=&#8221;4.16&#8243; body_font_size_tablet=&#8221;51&#8243; body_line_height_tablet=&#8221;2&#8243; separator_font_size_tablet=&#8221;51&#8243; separator_line_height_tablet=&#8221;2&#8243; link_font_size_tablet=&#8221;51&#8243; link_line_height_tablet=&#8221;2&#8243; linkhover_font_size_tablet=&#8221;51&#8243; linkhover_line_height_tablet=&#8221;2&#8243; global_colors_info=&#8221;{}&#8221;][\/et_pb_dmb_breadcrumbs][et_pb_text _builder_version=&#8221;4.16&#8243; header_2_font=&#8221;|800|||||||&#8221; global_colors_info=&#8221;{}&#8221;]<\/p>\n<h2>Hy\u00f6nteiskarkote DEET-ainesosalla<\/h2>\n<p><strong>Care Plus<sup style=\"font-size: 10px;\">\u00ae<\/sup>\u00a0DEET\u00a0on tehokkain iholle tarkoitettu hy\u00f6nteiskarkote. Aktiivinen ainesosa on tehokas monia taudinaiheuttajia, kuten (malaria)hyttysi\u00e4 ja punkkeja vastaan. DEET tarjoaa suojaa jopa 10 tunniksi pistojen ja puremien ehk\u00e4isemiseksi. DEET k\u00e4ytt\u00f6 on suositeltua matkakohteissa, joissa on malarian, denguekuumeen, Zikaviruksen,\u00a0chikungunya, keltakuumeen tai L\u00e4nsi-Niilin viruksen riski. DEET sopii kaikkiin kohteisiin, l\u00e4hell\u00e4 ja kaukana kotoa. DEET prosenttiluku m\u00e4\u00e4ritt\u00e4\u00e4 sen vaikutusajan.<\/strong><\/p>\n<p>Aktiivinen ainesosa DEET on tehokas pist\u00e4vi\u00e4 hy\u00f6nteisi\u00e4 ja punkkeja vastaan. DEET on tehokkain (trooppisia) hyttysi\u00e4 ja punkkeja vastaan. Prosenttiluku m\u00e4\u00e4rittelee aineen vaikutusajan.<\/p>\n<p>[\/et_pb_text][et_pb_video src=&#8221;https:\/\/www.youtube.com\/watch?v=NPgBFPGejic&#8221; _builder_version=&#8221;4.16&#8243; border_radii=&#8221;on|10px|10px|10px|10px&#8221; global_colors_info=&#8221;{}&#8221;][\/et_pb_video][et_pb_text admin_label=&#8221;Wat is DEET&#8221; module_id=&#8221;cp_pb_extra_content&#8221; _builder_version=&#8221;4.16&#8243; global_colors_info=&#8221;{}&#8221;]<\/p>\n<h2>Mit\u00e4 on DEET?<\/h2>\n<p>Deet on lyhenne N,N-dietyyli-meta-toluamidista. Nimi\u00a0N,N-dietyyli-meta-toluamidista on kuitenkin hiljattain korvattu nimell\u00e4\u00a0N,N-dietyyli-3-metyylibentsamidilla, mutta tulet kohtaamaan molempia nimi\u00e4.\u00a0Care Plus<sup style=\"font-size: 10px;\">\u00ae<\/sup>\u00a0DEET on saatavilla konsentraatioltaan 50% voiteena ja suihkeena, 40% suihkeena sek\u00e4 30% suihkeena ja geelin\u00e4.<\/p>\n<p>Yksi 60 ml pakkaus riitt\u00e4\u00e4 1 henkil\u00f6lle ohjeiden mukaisessa p\u00e4ivitt\u00e4isess\u00e4 k\u00e4yt\u00f6ss\u00e4 2-3 viikoksi.\u00a0Care Plus<sup style=\"font-size: 10px;\">\u00ae<\/sup>\u00a0ohjaa 30-50% DEET-konsentraatioon. Hy\u00f6nteiskarkote alle 30% konsentraatiolla ei ole riitt\u00e4v\u00e4n tehokas ja yli 50% konsentraatio ei tuo lis\u00e4arvoa. Asianmukaiseksi suojaa varten on t\u00e4rke\u00e4\u00e4 levitt\u00e4\u00e4\u00a0Care Plus<sup style=\"font-size: 10px;\">\u00ae<\/sup>\u00a0DEET-tuotetta kaikelle esill\u00e4 olevalle iholle.<\/p>\n<p>\u00a0<\/p>\n<h2>&#8221;Testin paras tuote&#8221; kuluttajalautakunnan mukaan<\/h2>\n<p>Care Plus<sup style=\"font-size: 10px;\">\u00ae<\/sup>\u00a0DEET-suihke sai tittelin &#8221;Testin paras tuote&#8221; Alankomaiden kuluttajaliitolta vuonna 1997 ja Belgian kuluttajaliitolta (Test-Aankoop)\u00a0 vuonna 2001. Care Plus<span style=\"font-size: 10px;\"><sup>\u00ae<\/sup><\/span> DEET-voide sai arvosanan \u201cHYV\u00c4\u201d saksalaisesta Stiftung -kuluttajatestist\u00e4 vuonna 2004 (50% rasva), Care Plus<span style=\"font-size: 10px;\"><sup>\u00ae<\/sup><\/span> DEET-geeli sai my\u00f6s tittelin &#8221;Testin paras tuote&#8221; Alankomaiden kuluttajaliiton testiss\u00e4 vuonna 2005.<\/p>\n<p>[\/et_pb_text][\/et_pb_column][\/et_pb_row][\/et_pb_section][et_pb_section fb_built=&#8221;1&#8243; module_id=&#8221;cp_pb_call_to_action&#8221; module_class=&#8221;cp_pb_divider&#8221; _builder_version=&#8221;4.16&#8243; background_color=&#8221;#e4e8e7&#8243; global_colors_info=&#8221;{}&#8221;][et_pb_row column_structure=&#8221;1_3,1_3,1_3&#8243; use_custom_gutter=&#8221;on&#8221; gutter_width=&#8221;2&#8243; admin_label=&#8221;CTA&#8221; _builder_version=&#8221;4.16&#8243; background_color=&#8221;#ffffff&#8221; background_size=&#8221;initial&#8221; background_position=&#8221;top_left&#8221; background_repeat=&#8221;repeat&#8221; custom_padding=&#8221;|20px||20px&#8221; border_radii=&#8221;on|10px|10px|10px|10px&#8221; collapsed=&#8221;off&#8221; global_colors_info=&#8221;{}&#8221;][et_pb_column type=&#8221;1_3&#8243; _builder_version=&#8221;4.16&#8243; background_color=&#8221;#ffffff&#8221; custom_padding=&#8221;|||&#8221; global_colors_info=&#8221;{}&#8221; custom_padding__hover=&#8221;|||&#8221;][et_pb_image src=&#8221;https:\/\/www.careplus.eu\/wp-content\/uploads\/2020\/06\/careplus-anti-insect-deet-60ml-3.jpg&#8221; title_text=&#8221;careplus-anti-insect-deet-60ml&#8221; align_tablet=&#8221;center&#8221; align_phone=&#8221;&#8221; align_last_edited=&#8221;on|desktop&#8221; _builder_version=&#8221;4.16&#8243; global_colors_info=&#8221;{}&#8221;][\/et_pb_image][\/et_pb_column][et_pb_column type=&#8221;1_3&#8243; _builder_version=&#8221;4.16&#8243; background_color=&#8221;#ffffff&#8221; custom_padding=&#8221;|||&#8221; global_colors_info=&#8221;{}&#8221; custom_padding__hover=&#8221;|||&#8221;][et_pb_text _builder_version=&#8221;4.16&#8243; header_font=&#8221;|700|||||||&#8221; header_3_font=&#8221;|700|||||||&#8221; background_color=&#8221;#d8ecdb&#8221; custom_margin=&#8221;|15px||15px&#8221; custom_padding=&#8221;20px|20px|20px|20px&#8221; border_radii=&#8221;on|10px|10px|10px|10px&#8221; global_colors_info=&#8221;{}&#8221;]<\/p>\n<h3>Care Plus<sup style=\"font-size: 10px\">\u00ae<\/sup><br \/>-hy\u00f6nteiskarkote DEET 40%<\/h3>\n<hr \/>\n<p>Yli 13-vuotiaille lapsille ja aikuisille<\/p>\n<hr \/>\n<p>Jopa 8 tuntia suojaa hyttysi\u00e4 ja jopa 4 tuntia punkkeja vastaan.<\/p>\n<p>[\/et_pb_text][et_pb_divider show_divider=&#8221;off&#8221; _builder_version=&#8221;4.16&#8243; height=&#8221;10px&#8221; global_colors_info=&#8221;{}&#8221;][\/et_pb_divider][et_pb_button button_url=&#8221;https:\/\/haikki.net\/tuote\/care-plus-deet-40-hyonteiskarkote-suihke-60-ml\/&#8221; url_new_window=&#8221;on&#8221; button_text=&#8221;Valitse &#038; tilaa&#8221; button_alignment=&#8221;center&#8221; admin_label=&#8221;Kies &#038; Bestel&#8221; _builder_version=&#8221;4.16&#8243; background_layout=&#8221;dark&#8221; global_colors_info=&#8221;{}&#8221;][\/et_pb_button][\/et_pb_column][et_pb_column type=&#8221;1_3&#8243; _builder_version=&#8221;4.16&#8243; background_color=&#8221;#ffffff&#8221; custom_padding=&#8221;|||&#8221; global_colors_info=&#8221;{}&#8221; custom_padding__hover=&#8221;|||&#8221;][et_pb_toggle title=&#8221;Suihke 15ml&#8221; open_toggle_background_color=&#8221;#d8ecdb&#8221; closed_toggle_background_color=&#8221;#d8ecdb&#8221; icon_color=&#8221;#136932&#8243; open_icon_color=&#8221;#136932&#8243; admin_label=&#8221;Spray 15ml&#8221; _builder_version=&#8221;4.16&#8243; custom_margin=&#8221;|20px||20px&#8221; border_radii=&#8221;on|10px|10px|10px|10px&#8221; global_colors_info=&#8221;{}&#8221;]<\/p>\n<ul>\n<li>Riitt\u00e4\u00e4 ohjeiden mukaisessa p\u00e4ivitt\u00e4isess\u00e4 k\u00e4yt\u00f6ss\u00e4 2-3 p\u00e4iv\u00e4ksi.<\/li>\n<\/ul>\n<p>[\/et_pb_toggle][et_pb_toggle title=&#8221;Suihke 60 ml&#8221; open_toggle_background_color=&#8221;#d8ecdb&#8221; closed_toggle_background_color=&#8221;#d8ecdb&#8221; icon_color=&#8221;#136932&#8243; open_icon_color=&#8221;#136932&#8243; admin_label=&#8221;Spray 60ml&#8221; _builder_version=&#8221;4.16&#8243; custom_margin=&#8221;|20px||20px&#8221; border_radii=&#8221;on|10px|10px|10px|10px&#8221; global_colors_info=&#8221;{}&#8221;]<\/p>\n<ul>\n<li>Riitt\u00e4\u00e4 ohjeiden mukaisessa p\u00e4ivitt\u00e4isess\u00e4 k\u00e4yt\u00f6ss\u00e4 6-8 p\u00e4iv\u00e4ksi.<\/li>\n<\/ul>\n<p>[\/et_pb_toggle][et_pb_toggle title=&#8221;Suihke 100 ml&#8221; open_toggle_background_color=&#8221;#d8ecdb&#8221; closed_toggle_background_color=&#8221;#d8ecdb&#8221; icon_color=&#8221;#136932&#8243; open_icon_color=&#8221;#136932&#8243; admin_label=&#8221;Spray 100ml&#8221; _builder_version=&#8221;4.16&#8243; custom_margin=&#8221;|20px||20px&#8221; border_radii=&#8221;on|10px|10px|10px|10px&#8221; global_colors_info=&#8221;{}&#8221;]<\/p>\n<ul>\n<li>Riitt\u00e4\u00e4 ohjeiden mukaisessa p\u00e4ivitt\u00e4isess\u00e4 k\u00e4yt\u00f6ss\u00e4 2-3 viikoksi.<\/li>\n<\/ul>\n<p>[\/et_pb_toggle][et_pb_toggle title=&#8221;Suihke 200 ml&#8221; open_toggle_background_color=&#8221;#d8ecdb&#8221; closed_toggle_background_color=&#8221;#d8ecdb&#8221; icon_color=&#8221;#136932&#8243; open_icon_color=&#8221;#136932&#8243; admin_label=&#8221;Spray 200ml&#8221; _builder_version=&#8221;4.16&#8243; custom_margin=&#8221;|20px||20px&#8221; border_radii=&#8221;on|10px|10px|10px|10px&#8221; global_colors_info=&#8221;{}&#8221;]<\/p>\n<ul>\n<li>Riitt\u00e4\u00e4 ohjeiden mukaisessa p\u00e4ivitt\u00e4isess\u00e4 k\u00e4yt\u00f6ss\u00e4 4-6 viikoksi.<\/li>\n<\/ul>\n<p>[\/et_pb_toggle][\/et_pb_column][\/et_pb_row][\/et_pb_section][et_pb_section fb_built=&#8221;1&#8243; _builder_version=&#8221;4.16&#8243; background_color=&#8221;#ffffff&#8221; global_colors_info=&#8221;{}&#8221;][et_pb_row admin_label=&#8221;Page Header&#8221; _builder_version=&#8221;4.16&#8243; background_size=&#8221;initial&#8221; background_position=&#8221;top_left&#8221; background_repeat=&#8221;repeat&#8221; border_radii=&#8221;on|10px|10px|10px|10px&#8221; collapsed=&#8221;off&#8221; global_colors_info=&#8221;{}&#8221;][et_pb_column type=&#8221;4_4&#8243; _builder_version=&#8221;4.16&#8243; background_color=&#8221;#ffffff&#8221; custom_padding=&#8221;|||&#8221; global_colors_info=&#8221;{}&#8221; custom_padding__hover=&#8221;|||&#8221;][et_pb_text admin_label=&#8221;FAQ&#8221; _builder_version=&#8221;4.16&#8243; global_colors_info=&#8221;{}&#8221;]<\/p>\n<h2><span style=\"vertical-align: inherit;\"><span style=\"vertical-align: inherit;\">UKK: t DEET tuotteista<\/span><\/span><\/h2>\n<p><span style=\"vertical-align: inherit;\"><span style=\"vertical-align: inherit;\">DEET (lyhenne N, N-dietyyli-meta-toluamidista) on hy\u00f6teisi\u00e4 karkottava orgaaninen yhdiste, jonka kemiallinen kaava on C12H17NO. Se on suunniteltu k\u00e4ytett\u00e4v\u00e4ksi iholla tai vaatteissa ja sit\u00e4 k\u00e4ytet\u00e4\u00e4n l\u00e4hinn\u00e4 suojaksi hy\u00f6nteisten puremia vastaan. DEET tarjoaa suojaa erityisesti borrelioosia aiheuttavien punkkien puremia vastaan ja dengue-, Zika, L\u00e4nsi-Niilin ja malariavirusta vastaan. Se on saatavilla geelin\u00e4, voiteena ja suihkeen\u00e4 sek\u00e4 kyll\u00e4stettyiss\u00e4 tuotteissa kuten hyttysverkoissa ja sukissa.<\/span><\/span><\/p>\n<p>DEET on kelta-vihre\u00e4 neste ja liuotin, joka saattaa vaikuttaa erilaisiin kankaisiin, kuten tiettyihin muoveihin, viskoosiin, elastaaniin ja nahkaan. Se ei vaikuta luonnollisiin kuituihin kuten puuvillaan ja villaan, eik\u00e4 my\u00f6sk\u00e4\u00e4n nyloniin.<\/p>\n<p>&nbsp;<\/p>\n<h3><span style=\"vertical-align: inherit;\"><span style=\"vertical-align: inherit;\">Miten k\u00e4ytt\u00e4\u00e4\u00a0 Care Plus <\/span><\/span><sup style=\"font-size: 10px;\"><span style=\"vertical-align: inherit;\"><span style=\"vertical-align: inherit;\">\u00ae<\/span><\/span><\/sup><span style=\"vertical-align: inherit;\"><span style=\"vertical-align: inherit;\">\u00a0-hy\u00f6nteiskarkote DEET:i\u00e4?<\/span><\/span><\/h3>\n<p>Suosittelemme peitt\u00e4m\u00e4\u00e4n vaatteilla ihoa niin paljon kuin mahdollista. K\u00e4yt\u00e4 mieluiten pitki\u00e4 housuja ja pitk\u00e4hihaista paitaa. Optimaaliseksi suojaukseksi puremia ja pistoja vastaan neuvomme levitt\u00e4m\u00e4\u00e4n\u00a0Care Plus<span style=\"font-size: 10px;\"><sup>\u00ae<\/sup><\/span>\u00a0-hy\u00f6nteiskarkote DEET:i\u00e4 (Natural tai Sensitive) kaikkialle esill\u00e4 olevalle iholle. Levit\u00e4 karkote tasaisesti k\u00e4mmenesi avulla. Naaman suojaamiseksi levit\u00e4 pieni m\u00e4\u00e4r\u00e4 tuotetta sormillasi. Pid\u00e4 aina k\u00e4mmenesi puhtaina DEET-tuotteista sy\u00f6dess\u00e4si ja juodessasi. Lasten tapauksessa \u00e4l\u00e4 levit\u00e4 hy\u00f6nteiskarkotetta kehon osiin, kuten k\u00e4siin ja k\u00e4sivarsiin, jotka saattavat helposti olla kontaktissa silmien tai suun kanssa. K\u00e4yt\u00f6ss\u00e4 p\u00e4iv\u00e4saikaan, levit\u00e4 tuote iholle 10 minuuttia ennen altistusta suoralle auringonvalolle. Yhdess\u00e4 aurinkorasvan kanssa, levit\u00e4 aurinkorasva 30 minuuttia ja hy\u00f6nteiskarkote 10 minuuttia ennen altistusta auringolle (20 minuuttia aurinkorasvan j\u00e4lkeen). Pese suojatut ihoalueet kunnolla saippualla kun et en\u00e4\u00e4 tarvitse suojaa tai koet sivuvaikutuksia.<\/p>\n<p>&nbsp;<\/p>\n<h3>Mit\u00e4 tuotevaihtoehtoa minun tulisi k\u00e4ytt\u00e4\u00e4?<\/h3>\n<p>Hy\u00f6nteiskarkote DEET:i\u00e4 on tarjolla monenlaisissa muodoissa ja 30-50% konsentraatioina. Korkeampi prosenttiluku takaa pidemm\u00e4n suojauksen. Hy\u00f6nteiskarkote Natural ilman DEET-ainesosaa on my\u00f6s saatavilla. Alla oleva valintaohje auttaa sinua valitsemaan oikean tuotteen.<\/p>\n<p>[\/et_pb_text][et_pb_image src=&#8221;https:\/\/www.careplus.eu\/wp-content\/uploads\/2024\/10\/CP-Product-Infographic-FI-scaled.webp&#8221; align=&#8221;center&#8221; align_tablet=&#8221;center&#8221; align_phone=&#8221;&#8221; align_last_edited=&#8221;on|desktop&#8221; _builder_version=&#8221;4.27.2&#8243; hover_enabled=&#8221;0&#8243; border_radii=&#8221;on|10px|10px|10px|10px&#8221; global_colors_info=&#8221;{}&#8221; title_text=&#8221;CP-Product-Infographic-FI&#8221; sticky_enabled=&#8221;0&#8243;][\/et_pb_image][et_pb_text admin_label=&#8221;FAQ&#8221; _builder_version=&#8221;4.16&#8243; global_colors_info=&#8221;{}&#8221;]<\/p>\n<h3>Onko Hy\u00f6nteiskarkote DEET turvallinen lapsille?<\/h3>\n<div>Pienet lapset tutkivat ymp\u00e4rist\u00f6\u00e4\u00e4n aktiivisesti. Heill\u00e4 on taipumusta laittaa asioita suihinsa. Vuodesta 2012 l\u00e4htien Care Plus<span style=\"font-size: 10px;\"><sup>\u00ae<\/sup><\/span> on lis\u00e4nnyt kaikkiin DEET-tuotteisiin kitker\u00e4\u00e4 hajutonta ainesosaa nimelt\u00e4 Bitrex\u00ae. T\u00e4m\u00e4 v\u00e4hent\u00e4\u00e4 riski\u00e4 siit\u00e4, ett\u00e4 lapset nielev\u00e4t hy\u00f6nteiskarkotetta.<\/div>\n<div>\u00a0<\/div>\n<div>\u00a0<\/div>\n<div>\u00a0<\/div>\n<h3>Voinko k\u00e4ytt\u00e4\u00e4 tuotetta ollessani raskaana tai imett\u00e4ess\u00e4ni?<\/h3>\n<div>Riskiryhm\u00e4t, kuten raskaana olevat tai imett\u00e4v\u00e4t naiset ja alle 13-vuotiaat lapset eiv\u00e4t voi k\u00e4ytt\u00e4\u00e4 DEET-tuotteita. Valitse sen sijaan Care Plus<span style=\"font-size: 10px;\"><sup>\u00ae<\/sup><\/span> Hy\u00f6nteiskarkote Natural, joka perustuu sitruunaeukalyptuspuun uutteeseen (Citriodioli). T\u00e4t\u00e4 tehokasta hy\u00f6nteiskarkotetta voidaan k\u00e4ytt\u00e4\u00e4 yli 3kk vanhoille lapsille. Jos t\u00e4t\u00e4 vaihtoehtoa ei ole saatavilla, k\u00e4yt\u00e4 Deet 30%-tuotteita.<\/div>\n<div>\u00a0<\/div>\n<div>\u00a0<\/div>\n<div>\u00a0<\/div>\n<h3>Miten levit\u00e4n Care Plus<span style=\"font-size: 10px;\"><sup>\u00ae<\/sup><\/span> Hy\u00f6nteiskarkote DEET:i\u00e4?<\/h3>\n<div>Varmista, ettei Hy\u00f6nteiskarkote DEET p\u00e4\u00e4se kosketuksiin vaurioituneen ihon (haavojen, palovammojen), silmien, nen\u00e4n, sierainten, huulien tai muiden limakalvojen kanssa. \u00c4l\u00e4 laita hy\u00f6nteiskarkotetta vaatteiden alle tai paikkoihin, jossa iho poimuttuu, kuten kyyn\u00e4rp\u00e4iden ja polvien takapuolella. Lasten ollessa kyseess\u00e4, v\u00e4lt\u00e4 Hy\u00f6nteismyrkky DEET:n k\u00e4ytt\u00f6\u00e4 paikoissa, joissa iho voi helposti joutua kosketuksiin silmien ja suun kanssa, kuten k\u00e4mmeniin ja k\u00e4sivarsiin.<\/div>\n<div>\u00a0<\/div>\n<div>\u00a0<\/div>\n<h3>Miten DEET toimii hyttysi\u00e4 ja punkkeja vastaan?<\/h3>\n<div>Aktiivinen ainesosa DEET on ideaalinen hyttyskarkote. Care Plus<span style=\"font-size: 10px;\"><sup>\u00ae<\/sup><\/span> tarjoaa laajan valikoiman tehokkaita hyttyskarkotteita, joissa on k\u00e4ytetty DEET:i\u00e4. Haluatko ostaa tehokasta hyttyskarkotetta? Hy\u00f6nteiskarkote DEET on voimakas suoja yleisi\u00e4 Culex-suvun hyttysi\u00e4 ja harvinaisempia Aedes- ja Anopheles-sukujen hyttysi\u00e4 vastaan, jotka aiheuttavat suurimman osan taudeista. DEET suojaa k\u00e4ytt\u00e4j\u00e4\u00e4 my\u00f6s punkeilta.<\/div>\n<div>\u00a0<\/div>\n<div>\u00a0<\/div>\n<h3>Miten k\u00e4yt\u00e4t Hy\u00f6nteiskarkote DEET:i\u00e4 auringossa?<\/h3>\n<div>Levit\u00e4 tuote iholle 10 minuuttia ennen altistusta suoralle auringonvalolle. Yhdess\u00e4 aurinkorasvan kanssa, levit\u00e4 aurinkorasva 30 minuuttia ja hy\u00f6nteiskarkote 10 minuuttia ennen altistusta auringolle (20 minuuttia aurinkorasvan j\u00e4lkeen). Olet nyt optimaalisesti suojattu.<\/div>\n<div>\u00a0<\/div>\n<div>\u00a0<\/div>\n<h3>Onko olemassa k\u00e4ytt\u00f6\u00f6n liittyvi\u00e4 varoituksia?<\/h3>\n<ul>\n<li>Pid\u00e4 tuotteet lasten ulottumattomissa.<\/li>\n<li>\u00c4l\u00e4 k\u00e4yt\u00e4 tuotetta jos olet raskaana tai imet\u00e4t \u00e4l\u00e4k\u00e4 k\u00e4yt\u00e4 tuotetta alle 13-vuotiaille lapsille.<\/li>\n<li>Jos et en\u00e4\u00e4 tarvitse suojausta tai koet sivuvaikutuksia, pese iho kauttaaltaan vedell\u00e4 ja saippualla.<\/li>\n<li>\u00c4l\u00e4 levit\u00e4 tuotetta kasvoille suoraan pakkauksesta. Jos tuotetta joutuu silmiin, huuhtele silm\u00e4t v\u00e4litt\u00f6m\u00e4sti runsaalla vedell\u00e4 ja hakeudu hoitoon.<\/li>\n<li>Jos voit huonosti, hakeudu v\u00e4litt\u00f6m\u00e4sti hoitoon ja n\u00e4yt\u00e4 tuotteen etiketti mik\u00e4li mahdollista.<\/li>\n<li>Pid\u00e4 tuote kaukana syttymisl\u00e4hteist\u00e4, ruuasta, juomista ja el\u00e4inten rehusta.<\/li>\n<li>\u00c4l\u00e4 altista tuotetta yli 50 \u00b0C l\u00e4mp\u00f6tiloille \u00e4l\u00e4k\u00e4 levit\u00e4 sit\u00e4 pieniss\u00e4 huoneissa joissa ei ole riitt\u00e4v\u00e4\u00e4 ilmanvaihtoa.<\/li>\n<li>Sulje pakkaus k\u00e4yt\u00f6n j\u00e4lkeen. H\u00e4vit\u00e4 j\u00e4\u00e4nn\u00f6kset vaarallisena j\u00e4tteen\u00e4. Lue etiketti ja k\u00e4ytt\u00f6ohje ennen k\u00e4ytt\u00f6\u00e4.<\/li>\n<\/ul>\n<p>[\/et_pb_text][\/et_pb_column][\/et_pb_row][\/et_pb_section][et_pb_section fb_built=&#8221;1&#8243; module_id=&#8221;cp_pb_call_to_action&#8221; module_class=&#8221;cp_pb_divider&#8221; _builder_version=&#8221;4.16&#8243; background_color=&#8221;#e4e8e7&#8243; global_colors_info=&#8221;{}&#8221;][et_pb_row column_structure=&#8221;1_3,2_3&#8243; use_custom_gutter=&#8221;on&#8221; gutter_width=&#8221;2&#8243; admin_label=&#8221;CTA&#8221; _builder_version=&#8221;4.16&#8243; background_color=&#8221;#ffffff&#8221; background_size=&#8221;initial&#8221; background_position=&#8221;top_left&#8221; background_repeat=&#8221;repeat&#8221; custom_padding=&#8221;|20px||20px&#8221; border_radii=&#8221;on|10px|10px|10px|10px&#8221; collapsed=&#8221;off&#8221; global_colors_info=&#8221;{}&#8221;][et_pb_column type=&#8221;1_3&#8243; _builder_version=&#8221;4.16&#8243; background_color=&#8221;#ffffff&#8221; custom_padding=&#8221;|||&#8221; global_colors_info=&#8221;{}&#8221; custom_padding__hover=&#8221;|||&#8221;][et_pb_image src=&#8221;https:\/\/www.careplus.eu\/wp-content\/uploads\/2020\/06\/careplus-anti-insect-natural-60ml-1-2.jpg&#8221; title_text=&#8221;careplus-anti-insect-natural-60ml-1&#8243; url=&#8221;https:\/\/www.careplus.eu\/fi\/mosquitoes-and-ticks\/hyonteiskarkote-natural\/&#8221; align_tablet=&#8221;center&#8221; align_phone=&#8221;&#8221; align_last_edited=&#8221;on|desktop&#8221; _builder_version=&#8221;4.16&#8243; global_colors_info=&#8221;{}&#8221;][\/et_pb_image][\/et_pb_column][et_pb_column type=&#8221;2_3&#8243; _builder_version=&#8221;4.16&#8243; background_color=&#8221;#ffffff&#8221; custom_padding=&#8221;|||&#8221; global_colors_info=&#8221;{}&#8221; custom_padding__hover=&#8221;|||&#8221;][et_pb_text _builder_version=&#8221;4.16&#8243; global_colors_info=&#8221;{}&#8221;]<\/p>\n<h2>Care Plus<span style=\"font-size: 10px;\"><sup>\u00ae<\/sup><\/span>\u00a0-hy\u00f6nteiskarkote Natural<\/h2>\n<p>Care Plus<span style=\"font-size: 10px;\"><sup>\u00ae<\/sup><\/span>\u00a0on kehitt\u00e4nyt Hy\u00f6nteiskarkote Natural:n henkil\u00f6ille, jotka etsiv\u00e4t luonnollista vaihtoehtoa. T\u00e4m\u00e4 luonnollinen tuote perustuu sitruunaeukalyptuspuun uutteisiin. Aktiivinen ainesosa Citriodiol<span style=\"font-size: 10px;\"><sup>\u00ae<\/sup><\/span>\u00a0on tehokas pist\u00e4vi\u00e4 hy\u00f6nteisi\u00e4 ja punkkeja vastaan ja tarjoaa suojaa jopa 6 tunniksi pistoja ja puremia vastaan. Natural-tuote sopii yli 3kk vanhoille lapsille ja herk\u00e4lle ihotyypille. Se ei sis\u00e4ll\u00e4 DEET-ainesosaa eik\u00e4 vaikuta synteettisiin materiaaleihin.<\/p>\n<p>[\/et_pb_text][et_pb_button button_url=&#8221;https:\/\/www.careplus.eu\/fi\/mosquitoes-and-ticks\/hyonteiskarkote-natural\/&#8221; button_text=&#8221;Hy\u00f6nteiskarkotteet ilman DEET-ainesosaa&#8221; _builder_version=&#8221;4.16&#8243; background_layout=&#8221;dark&#8221; global_colors_info=&#8221;{}&#8221;][\/et_pb_button][\/et_pb_column][\/et_pb_row][\/et_pb_section]<\/p>\n","protected":false},"excerpt":{"rendered":"<p>DEET on tehokkain iholle tarkoitettu hy\u00f6nteiskarkote. Aktiivinen ainesosa on tehokas monia taudinaiheuttajia kuten (malaria)hyttysi\u00e4 ja punkkeja vastaan. DEET tarjoaa suojaa jopa 10 tunniksi pistojen ja puremien ehk\u00e4isemiseksi.<\/p>\n","protected":false},"author":37,"featured_media":0,"parent":7413,"menu_order":0,"comment_status":"closed","ping_status":"closed","template":"","meta":{"_acf_changed":false,"_et_pb_use_builder":"on","_et_pb_old_content":"","_et_gb_content_width":"","footnotes":""},"class_list":["post-6672","page","type-page","status-publish","hentry"],"acf":[],"_links":{"self":[{"href":"https:\/\/www.careplus.eu\/fi\/wp-json\/wp\/v2\/pages\/6672","targetHints":{"allow":["GET"]}}],"collection":[{"href":"https:\/\/www.careplus.eu\/fi\/wp-json\/wp\/v2\/pages"}],"about":[{"href":"https:\/\/www.careplus.eu\/fi\/wp-json\/wp\/v2\/types\/page"}],"author":[{"embeddable":true,"href":"https:\/\/www.careplus.eu\/fi\/wp-json\/wp\/v2\/users\/37"}],"replies":[{"embeddable":true,"href":"https:\/\/www.careplus.eu\/fi\/wp-json\/wp\/v2\/comments?post=6672"}],"version-history":[{"count":0,"href":"https:\/\/www.careplus.eu\/fi\/wp-json\/wp\/v2\/pages\/6672\/revisions"}],"up":[{"embeddable":true,"href":"https:\/\/www.careplus.eu\/fi\/wp-json\/wp\/v2\/pages\/7413"}],"wp:attachment":[{"href":"https:\/\/www.careplus.eu\/fi\/wp-json\/wp\/v2\/media?parent=6672"}],"curies":[{"name":"wp","href":"https:\/\/api.w.org\/{rel}","templated":true}]}}