


{"id":4148,"date":"2018-12-12T13:36:59","date_gmt":"2018-12-12T12:36:59","guid":{"rendered":"https:\/\/www.careplus.eu\/products\/uncategorized\/care-plus-first-aid-kit-professional\/"},"modified":"2018-12-12T13:36:59","modified_gmt":"2018-12-12T12:36:59","slug":"care-plus-first-aid-kit-professional","status":"publish","type":"product","link":"https:\/\/www.careplus.eu\/de\/product\/care-plus-first-aid-kit-professional\/","title":{"rendered":"Care Plus\u00ae First Aid Kit Professional"},"content":{"rendered":"<p>[et_pb_section bb_built=&#8220;1&#8243; _builder_version=&#8220;3.11.1&#8243; custom_padding=&#8220;||0px|&#8220;][et_pb_row _builder_version=&#8220;3.11.1&#8243; background_position=&#8220;top_left&#8220; background_repeat=&#8220;repeat&#8220; background_size=&#8220;initial&#8220;][et_pb_column type=&#8220;1_3&#8243;][et_pb_gallery gallery_ids=&#8220;1560&#8243; fullwidth=&#8220;on&#8220; _builder_version=&#8220;3.15&#8243; zoom_icon_color=&#8220;#2ea3f2&#8243; hover_overlay_color=&#8220;rgba(255,255,255,0.9)&#8220; module_id=&#8220;cp_pb_product_images_gallery&#8220; \/][\/et_pb_column][et_pb_column type=&#8220;2_3&#8243;][et_pb_text _builder_version=&#8220;3.11.1&#8243; module_id=&#8220;cp_pb_product_content&#8220;]<\/p>\n<p>\n  Das\u00a0Care Plus\u00ae First Aid Kit Professional ist ein Set mit Verbandszeug, sterilen medizinischen Hilfsmitteln und einem umfangreichen erste Hilfe Set. Die Tasche enth\u00e4lt eine zweite handliche Rei\u00dfverschlusstasche zum Herausnehmen beispielsweise bei Tagestouren. Das Set umfasst au\u00dferdem eine \u00e4rztliche Erkl\u00e4rung der sterilen Hilfsmittel, eine Infusionsnadel, Heftfaden und Nadel, eine Beatmungskappe sowie ein bruchsicheres Thermometer. Dieses Kombiset wurde f\u00fcr Reisende in Regionen mit m\u00e4\u00dfigen bis schlechten hygienischen Verh\u00e4ltnissen entwickelt. Es eignet sich ausgezeichnet f\u00fcr Reiseleiter und Gruppen.\n<\/p>\n<p>[\/et_pb_text][\/et_pb_column][\/et_pb_row][\/et_pb_section]<\/p>\n","protected":false},"featured_media":0,"template":"","class_list":["post-4148","product","type-product","status-publish","hentry"],"acf":[],"_links":{"self":[{"href":"https:\/\/www.careplus.eu\/de\/wp-json\/wp\/v2\/product\/4148","targetHints":{"allow":["GET"]}}],"collection":[{"href":"https:\/\/www.careplus.eu\/de\/wp-json\/wp\/v2\/product"}],"about":[{"href":"https:\/\/www.careplus.eu\/de\/wp-json\/wp\/v2\/types\/product"}],"wp:attachment":[{"href":"https:\/\/www.careplus.eu\/de\/wp-json\/wp\/v2\/media?parent=4148"}],"curies":[{"name":"wp","href":"https:\/\/api.w.org\/{rel}","templated":true}]}}