


{"id":4143,"date":"2018-12-12T13:36:54","date_gmt":"2018-12-12T12:36:54","guid":{"rendered":"https:\/\/www.careplus.eu\/products\/uncategorized\/care-plus-first-aid-kit-compact\/"},"modified":"2018-12-12T13:36:54","modified_gmt":"2018-12-12T12:36:54","slug":"care-plus-first-aid-kit-compact","status":"publish","type":"product","link":"https:\/\/www.careplus.eu\/de\/product\/care-plus-first-aid-kit-compact\/","title":{"rendered":"Care Plus\u00ae First Aid Kit Compact"},"content":{"rendered":"<p>[et_pb_section bb_built=&#8220;1&#8243; _builder_version=&#8220;3.11.1&#8243; custom_padding=&#8220;||0px|&#8220;][et_pb_row _builder_version=&#8220;3.11.1&#8243; background_position=&#8220;top_left&#8220; background_repeat=&#8220;repeat&#8220; background_size=&#8220;initial&#8220;][et_pb_column type=&#8220;1_3&#8243;][et_pb_gallery gallery_ids=&#8220;1560&#8243; fullwidth=&#8220;on&#8220; _builder_version=&#8220;3.15&#8243; zoom_icon_color=&#8220;#2ea3f2&#8243; hover_overlay_color=&#8220;rgba(255,255,255,0.9)&#8220; module_id=&#8220;cp_pb_product_images_gallery&#8220; \/][\/et_pb_column][et_pb_column type=&#8220;2_3&#8243;][et_pb_text _builder_version=&#8220;3.11.1&#8243; module_id=&#8220;cp_pb_product_content&#8220;]<\/p>\n<p>\n  Dieses praktische Erste Hilfe Kit wurde\u00a0in enger Zusammenarbeit\u00a0mit\u00a0der bekannten d\u00e4nischen &#8222;Non Government Organisation&#8220; (NGO) MEMISA\u00a0entwickelt. Der Inhalt des Sets profitiert von der jahrelangen Erfahrung, die durch die \u00c4rzte der Organisation MEMISA gesammelt wurde. Das Kit beinhaltet eine Auswahl von Material zur Wundversorgung. Wunden k\u00f6nnen sich gerade in tropischen Gebieten mit feuchtem Klima schnell entz\u00fcnden. Diese Erste Hilfe Kit ist ideal f\u00fcr alle, die Outdoor-Sport betreiben und auch diejenigen, die gerne mit wenig Gep\u00e4ck reisen. Das Kit kann im Auto wie auch im Haus eingesetzt werden.\n<\/p>\n<p>[\/et_pb_text][\/et_pb_column][\/et_pb_row][\/et_pb_section]<\/p>\n","protected":false},"featured_media":0,"template":"","class_list":["post-4143","product","type-product","status-publish","hentry"],"acf":[],"_links":{"self":[{"href":"https:\/\/www.careplus.eu\/de\/wp-json\/wp\/v2\/product\/4143","targetHints":{"allow":["GET"]}}],"collection":[{"href":"https:\/\/www.careplus.eu\/de\/wp-json\/wp\/v2\/product"}],"about":[{"href":"https:\/\/www.careplus.eu\/de\/wp-json\/wp\/v2\/types\/product"}],"wp:attachment":[{"href":"https:\/\/www.careplus.eu\/de\/wp-json\/wp\/v2\/media?parent=4143"}],"curies":[{"name":"wp","href":"https:\/\/api.w.org\/{rel}","templated":true}]}}