


{"id":4141,"date":"2018-12-12T13:36:52","date_gmt":"2018-12-12T12:36:52","guid":{"rendered":"https:\/\/www.careplus.eu\/products\/uncategorized\/care-plus-first-aid-kit-basic\/"},"modified":"2018-12-12T13:36:52","modified_gmt":"2018-12-12T12:36:52","slug":"care-plus-first-aid-kit-basic","status":"publish","type":"product","link":"https:\/\/www.careplus.eu\/de\/product\/care-plus-first-aid-kit-basic\/","title":{"rendered":"Care Plus\u00ae First Aid Kit Basic"},"content":{"rendered":"<p>[et_pb_section bb_built=&#8220;1&#8243; _builder_version=&#8220;3.11.1&#8243; custom_padding=&#8220;||0px|&#8220;][et_pb_row _builder_version=&#8220;3.11.1&#8243; background_position=&#8220;top_left&#8220; background_repeat=&#8220;repeat&#8220; background_size=&#8220;initial&#8220;][et_pb_column type=&#8220;1_3&#8243;][et_pb_gallery gallery_ids=&#8220;1560&#8243; fullwidth=&#8220;on&#8220; _builder_version=&#8220;3.15&#8243; zoom_icon_color=&#8220;#2ea3f2&#8243; hover_overlay_color=&#8220;rgba(255,255,255,0.9)&#8220; module_id=&#8220;cp_pb_product_images_gallery&#8220; \/][\/et_pb_column][et_pb_column type=&#8220;2_3&#8243;][et_pb_text _builder_version=&#8220;3.11.1&#8243; module_id=&#8220;cp_pb_product_content&#8220;]<\/p>\n<p>\n  Das Care Plus\u00ae First Aid Kit Basic\u00a0von Care Plus ist ein handliches Set mit Erster-Hilfe-Grundausstattung. Die kompakte Nylontasche kann mit einem Klettverschluss\u00a0an einem\u00a0G\u00fcrtel oder an einem Fahrradlenker befestigt werden. Dieses Kit ist ideal f\u00fcr Leute, die einen Wochenendausflug machen und daf\u00fcr Basismaterial ben\u00f6tigen. Ebenso ist das Care\u00a0Plus\u00ae First Aid Kit Basic speziell f\u00fcr kurze Reisen, Outdoor-Sport, Tagestouren und Fahrradausfl\u00fcge geeignet. Das handliche\u00a0Set kann griffbereit im Auto auf dem Armaturenbrett oder daheim in der K\u00fcche verwahrt werden.\n<\/p>\n<p>[\/et_pb_text][\/et_pb_column][\/et_pb_row][\/et_pb_section]<\/p>\n","protected":false},"featured_media":0,"template":"","class_list":["post-4141","product","type-product","status-publish","hentry"],"acf":[],"_links":{"self":[{"href":"https:\/\/www.careplus.eu\/de\/wp-json\/wp\/v2\/product\/4141","targetHints":{"allow":["GET"]}}],"collection":[{"href":"https:\/\/www.careplus.eu\/de\/wp-json\/wp\/v2\/product"}],"about":[{"href":"https:\/\/www.careplus.eu\/de\/wp-json\/wp\/v2\/types\/product"}],"wp:attachment":[{"href":"https:\/\/www.careplus.eu\/de\/wp-json\/wp\/v2\/media?parent=4141"}],"curies":[{"name":"wp","href":"https:\/\/api.w.org\/{rel}","templated":true}]}}