


{"id":4136,"date":"2018-12-12T13:36:47","date_gmt":"2018-12-12T12:36:47","guid":{"rendered":"https:\/\/www.careplus.eu\/products\/uncategorized\/care-plus-foot-powder\/"},"modified":"2018-12-12T13:36:47","modified_gmt":"2018-12-12T12:36:47","slug":"care-plus-foot-powder","status":"publish","type":"product","link":"https:\/\/www.careplus.eu\/de\/product\/care-plus-foot-powder\/","title":{"rendered":"Care Plus\u00ae Foot Powder"},"content":{"rendered":"<p>[et_pb_section bb_built=&#8220;1&#8243; _builder_version=&#8220;3.11.1&#8243; custom_padding=&#8220;||0px|&#8220;][et_pb_row _builder_version=&#8220;3.11.1&#8243; background_position=&#8220;top_left&#8220; background_repeat=&#8220;repeat&#8220; background_size=&#8220;initial&#8220;][et_pb_column type=&#8220;1_3&#8243;][et_pb_gallery gallery_ids=&#8220;1560&#8243; fullwidth=&#8220;on&#8220; _builder_version=&#8220;3.15&#8243; zoom_icon_color=&#8220;#2ea3f2&#8243; hover_overlay_color=&#8220;rgba(255,255,255,0.9)&#8220; module_id=&#8220;cp_pb_product_images_gallery&#8220; \/][\/et_pb_column][et_pb_column type=&#8220;2_3&#8243;][et_pb_text _builder_version=&#8220;3.11.1&#8243; module_id=&#8220;cp_pb_product_content&#8220;]<\/p>\n<p>\n  Das Care Plus\u00ae Foot Powder absorbiert Feuchtigkeit, trocknet die F\u00fc\u00dfe und hilft, Blasen zu vermeiden. Dar\u00fcber hinaus k\u00fchlt es die Haut und lindert bzw. verhindert es ein brennendes Gef\u00fchl. Das Fu\u00dfpuder sollte dabei vor und w\u00e4hrend der Wanderung auf die F\u00fc\u00dfe aufgetragen werden. Lassen Sie die F\u00fc\u00dfe an der Luft trocknen, bevor Sie das Fu\u00dfpuder auftragen und pusten Sie \u00fcberfl\u00fcssiges Fu\u00dfpuder einfach vor dem Sockenanziehen ab. Praktisch auch zum Auftragen auf Kleber\u00e4nder von Pflastern und Klebeband \u2013 dadurch haftet Kleidung nicht so schnell am Pflaster an.\n<\/p>\n<p>[\/et_pb_text][\/et_pb_column][\/et_pb_row][\/et_pb_section]<\/p>\n","protected":false},"featured_media":0,"template":"","class_list":["post-4136","product","type-product","status-publish","hentry"],"acf":[],"_links":{"self":[{"href":"https:\/\/www.careplus.eu\/de\/wp-json\/wp\/v2\/product\/4136","targetHints":{"allow":["GET"]}}],"collection":[{"href":"https:\/\/www.careplus.eu\/de\/wp-json\/wp\/v2\/product"}],"about":[{"href":"https:\/\/www.careplus.eu\/de\/wp-json\/wp\/v2\/types\/product"}],"wp:attachment":[{"href":"https:\/\/www.careplus.eu\/de\/wp-json\/wp\/v2\/media?parent=4136"}],"curies":[{"name":"wp","href":"https:\/\/api.w.org\/{rel}","templated":true}]}}