


{"id":4133,"date":"2018-12-12T13:36:44","date_gmt":"2018-12-12T12:36:44","guid":{"rendered":"https:\/\/www.careplus.eu\/products\/uncategorized\/blisterplaster-medium\/"},"modified":"2018-12-12T13:36:44","modified_gmt":"2018-12-12T12:36:44","slug":"blisterplaster-medium","status":"publish","type":"product","link":"https:\/\/www.careplus.eu\/de\/product\/blisterplaster-medium\/","title":{"rendered":"Care Plus\u00ae Blisterplaster Medium"},"content":{"rendered":"<p>[et_pb_section bb_built=&#8220;1&#8243; _builder_version=&#8220;3.11.1&#8243; custom_padding=&#8220;||0px|&#8220;][et_pb_row _builder_version=&#8220;3.11.1&#8243; background_position=&#8220;top_left&#8220; background_repeat=&#8220;repeat&#8220; background_size=&#8220;initial&#8220;][et_pb_column type=&#8220;1_3&#8243;][et_pb_gallery gallery_ids=&#8220;1560&#8243; fullwidth=&#8220;on&#8220; _builder_version=&#8220;3.15&#8243; zoom_icon_color=&#8220;#2ea3f2&#8243; hover_overlay_color=&#8220;rgba(255,255,255,0.9)&#8220; module_id=&#8220;cp_pb_product_images_gallery&#8220; \/][\/et_pb_column][et_pb_column type=&#8220;2_3&#8243;][et_pb_text _builder_version=&#8220;3.11.1&#8243; module_id=&#8220;cp_pb_product_content&#8220;]<\/p>\n<p>Dieses wasserfeste Blasenpflaster ist neu in unserem Sortiment. Das Care Plus\u00ae Blister Pflaster ist in 3 Gr\u00f6\u00dfen und Formen erh\u00e4ltlich: Small, Medium und Finger &amp; Toe (f\u00fcr die Finger und Zehen). Das Blasenpflaster verringert den Schmerz und lindert den Druck. In der Blase sammelt sich weder Fl\u00fcssigkeit noch Schmutz und die Haut kann gut verheilen. Das Blasenpflaster auf die saubere, fettfreie und trockene Haut auftragen. Das flexible und wasserfeste Pflaster haftet bis zu 7 Tage auf der Haut. Wir empfehlen, das Pflaster erst zu entfernen, wenn es sich von selbst l\u00f6st. Verwenden Sie ein Blasenpflaster, bis die Blase vollst\u00e4ndig verheilt ist.<\/p>\n<p>[\/et_pb_text][\/et_pb_column][\/et_pb_row][\/et_pb_section]<\/p>\n","protected":false},"featured_media":0,"template":"","class_list":["post-4133","product","type-product","status-publish","hentry"],"acf":[],"_links":{"self":[{"href":"https:\/\/www.careplus.eu\/de\/wp-json\/wp\/v2\/product\/4133","targetHints":{"allow":["GET"]}}],"collection":[{"href":"https:\/\/www.careplus.eu\/de\/wp-json\/wp\/v2\/product"}],"about":[{"href":"https:\/\/www.careplus.eu\/de\/wp-json\/wp\/v2\/types\/product"}],"wp:attachment":[{"href":"https:\/\/www.careplus.eu\/de\/wp-json\/wp\/v2\/media?parent=4133"}],"curies":[{"name":"wp","href":"https:\/\/api.w.org\/{rel}","templated":true}]}}