


{"id":4127,"date":"2018-12-12T13:36:39","date_gmt":"2018-12-12T12:36:39","guid":{"rendered":"https:\/\/www.careplus.eu\/products\/uncategorized\/care-plus-emergency-blanket\/"},"modified":"2018-12-12T13:36:39","modified_gmt":"2018-12-12T12:36:39","slug":"care-plus-emergency-blanket","status":"publish","type":"product","link":"https:\/\/www.careplus.eu\/de\/product\/care-plus-emergency-blanket\/","title":{"rendered":"Care Plus\u00ae Emergency Blanket"},"content":{"rendered":"<p>[et_pb_section bb_built=&#8220;1&#8243; _builder_version=&#8220;3.11.1&#8243; custom_padding=&#8220;||0px|&#8220;][et_pb_row _builder_version=&#8220;3.11.1&#8243; background_position=&#8220;top_left&#8220; background_repeat=&#8220;repeat&#8220; background_size=&#8220;initial&#8220;][et_pb_column type=&#8220;1_3&#8243;][et_pb_gallery gallery_ids=&#8220;1560&#8243; fullwidth=&#8220;on&#8220; _builder_version=&#8220;3.15&#8243; zoom_icon_color=&#8220;#2ea3f2&#8243; hover_overlay_color=&#8220;rgba(255,255,255,0.9)&#8220; module_id=&#8220;cp_pb_product_images_gallery&#8220; \/][\/et_pb_column][et_pb_column type=&#8220;2_3&#8243;][et_pb_text _builder_version=&#8220;3.11.1&#8243; module_id=&#8220;cp_pb_product_content&#8220;]<\/p>\n<p>\n  Care Plus\u00ae Emergency Blanket ist eine Rettungsdecke, die z.B. bei Betriebs-, Verkehrs- und Skiunf\u00e4llen sowie bei Unf\u00e4llen in den Bergen, bei Feuer und Unwetter eingesetzt werden kann. Bei Gebrauch muss das Gesicht frei bleiben.\u00a0Schutz vor\u00a0K\u00e4lte: silberne Seite nach innen. Die Aluminiumschicht reflektiert rund 80% der K\u00f6rpertemperatur, wodurch Unterk\u00fchlung und Erfrierungen vermieden werden. Schutz vor Hitze: silberne Seite nach au\u00dfen. Sonnenstrahlen werden reflektiert und halten den K\u00f6rper (oder das Auto oder Zelt) k\u00fchl.\n<\/p>\n<p>[\/et_pb_text][\/et_pb_column][\/et_pb_row][\/et_pb_section]<\/p>\n","protected":false},"featured_media":0,"template":"","class_list":["post-4127","product","type-product","status-publish","hentry"],"acf":[],"_links":{"self":[{"href":"https:\/\/www.careplus.eu\/de\/wp-json\/wp\/v2\/product\/4127","targetHints":{"allow":["GET"]}}],"collection":[{"href":"https:\/\/www.careplus.eu\/de\/wp-json\/wp\/v2\/product"}],"about":[{"href":"https:\/\/www.careplus.eu\/de\/wp-json\/wp\/v2\/types\/product"}],"wp:attachment":[{"href":"https:\/\/www.careplus.eu\/de\/wp-json\/wp\/v2\/media?parent=4127"}],"curies":[{"name":"wp","href":"https:\/\/api.w.org\/{rel}","templated":true}]}}