


{"id":7765,"date":"2019-07-25T11:08:08","date_gmt":"2019-07-25T09:08:08","guid":{"rendered":"https:\/\/www.careplus.eu\/tipps-und-ratschlage-fur-sicheres-reisen\/schutz\/"},"modified":"2024-11-05T17:57:29","modified_gmt":"2024-11-05T16:57:29","slug":"schutz","status":"publish","type":"page","link":"https:\/\/www.careplus.eu\/de\/tipps-und-ratschlage-fur-sicheres-reisen\/schutz\/","title":{"rendered":"Schutz"},"content":{"rendered":"<p>[et_pb_section fb_built=&#8220;1&#8243; fullwidth=&#8220;on&#8220; _builder_version=&#8220;4.27.2&#8243; bottom_divider_style=&#8220;curve&#8220; bottom_divider_color=&#8220;#ffffff&#8220; bottom_divider_height=&#8220;40px&#8220; hover_enabled=&#8220;0&#8243; global_colors_info=&#8220;{}&#8220; sticky_enabled=&#8220;0&#8243; alt=&#8220;Schutz&#8220; title_text=&#8220;Schutz&#8220; background_image=&#8220;https:\/\/www.careplus.eu\/wp-content\/uploads\/2021\/05\/header-bescherming.jpg&#8220; background_enable_color=&#8220;off&#8220;][et_pb_fullwidth_slider show_arrows=&#8220;off&#8220; show_pagination=&#8220;off&#8220; _builder_version=&#8220;4.27.2&#8243; custom_padding=&#8220;22%||10%|&#8220; hover_enabled=&#8220;0&#8243; global_colors_info=&#8220;{}&#8220; sticky_enabled=&#8220;0&#8243;][et_pb_slide heading=&#8220;Schutz&#8220; use_bg_overlay=&#8220;off&#8220; use_text_overlay=&#8220;off&#8220; _builder_version=&#8220;4.27.2&#8243; header_level=&#8220;h1&#8243; header_font=&#8220;|800|||||||&#8220; header_font_size=&#8220;36&#8243; background_image=&#8220;https:\/\/www.careplus.eu\/wp-content\/uploads\/2021\/05\/header-bescherming.jpg&#8220; button_on_hover=&#8220;on&#8220; custom_padding=&#8220;15%||15%|&#8220; custom_padding_tablet=&#8220;15%||15%|&#8220; custom_padding_phone=&#8220;30%||30%|&#8220; custom_padding_last_edited=&#8220;on|desktop&#8220; hover_enabled=&#8220;0&#8243; header_font_size_tablet=&#8220;24&#8243; header_font_size_phone=&#8220;24&#8243; header_font_size_last_edited=&#8220;on|phone&#8220; header_text_shadow_style=&#8220;preset3&#8243; header_text_shadow_blur_strength=&#8220;0.5em&#8220; header_text_shadow_color=&#8220;rgba(0,0,0,0.6)&#8220; global_colors_info=&#8220;{}&#8220; sticky_transition=&#8220;on&#8220; background_enable_color=&#8220;off&#8220; background_enable_image=&#8220;on&#8220; alt=&#8220;Schutz&#8220; title_text=&#8220;Schutz&#8220; sticky_enabled=&#8220;0&#8243;][\/et_pb_slide][\/et_pb_fullwidth_slider][\/et_pb_section][et_pb_section fb_built=&#8220;1&#8243; _builder_version=&#8220;4.16&#8243; global_colors_info=&#8220;{}&#8220;][et_pb_row _builder_version=&#8220;4.16&#8243; background_size=&#8220;initial&#8220; background_position=&#8220;top_left&#8220; background_repeat=&#8220;repeat&#8220; global_colors_info=&#8220;{}&#8220;][et_pb_column type=&#8220;4_4&#8243; _builder_version=&#8220;4.16&#8243; custom_padding=&#8220;|||&#8220; global_colors_info=&#8220;{}&#8220; custom_padding__hover=&#8220;|||&#8220;][et_pb_dmb_breadcrumbs _builder_version=&#8220;4.16&#8243; body_font_size_tablet=&#8220;51&#8243; body_line_height_tablet=&#8220;2&#8243; separator_font_size_tablet=&#8220;51&#8243; separator_line_height_tablet=&#8220;2&#8243; link_font_size_tablet=&#8220;51&#8243; link_line_height_tablet=&#8220;2&#8243; linkhover_font_size_tablet=&#8220;51&#8243; linkhover_line_height_tablet=&#8220;2&#8243; global_colors_info=&#8220;{}&#8220;][\/et_pb_dmb_breadcrumbs][et_pb_text admin_label=&#8220;Intro text&#8220; _builder_version=&#8220;4.16&#8243; header_2_font=&#8220;|800|||||||&#8220; global_colors_info=&#8220;{}&#8220;]<\/p>\n<h2><strong>Schutz<\/strong><\/h2>\n<p><strong>Wir denken oft, dass wir uns auf die richtige Weise sch\u00fctzen, aber es besteht Gefahr im Kleinformat. Ob M\u00fcckenstich oder Quallenbiss, das ist nicht nur \u00e4rgerlich, sondern kann auch schwerwiegende Folgen haben. Es gibt nat\u00fcrlich M\u00f6glichkeiten, einen Biss zu mildern, und du kannst immer deinen Arzt aufsuchen, aber wenn du den Biss und all seine Folgen verhindern willst, sind vorbeugende Ma\u00dfnahmen die beste L\u00f6sung.\u00a0<\/strong><\/p>\n<p>[\/et_pb_text][\/et_pb_column][\/et_pb_row][et_pb_row column_structure=&#8220;3_4,1_4&#8243; _builder_version=&#8220;4.16&#8243; background_size=&#8220;initial&#8220; background_position=&#8220;top_left&#8220; background_repeat=&#8220;repeat&#8220; global_colors_info=&#8220;{}&#8220;][et_pb_column type=&#8220;3_4&#8243; _builder_version=&#8220;4.16&#8243; custom_padding=&#8220;|||&#8220; global_colors_info=&#8220;{}&#8220; custom_padding__hover=&#8220;|||&#8220;][et_pb_text admin_label=&#8220;Muggen&#8220; _builder_version=&#8220;4.16&#8243; global_colors_info=&#8220;{}&#8220;]<\/p>\n<h3>M\u00fccken<\/h3>\n<p>M\u00fcckenstiche k\u00f6nnen nicht nur l\u00e4stig sein, einige M\u00fccken sind auch in der Lage, tropische Krankheiten wie <a href=\"https:\/\/www.careplus.eu\/de\/tipps-und-ratschlage-fur-sicheres-reisen\/schutz-vor-tropenkrankheiten\/malaria\/\">Malaria<\/a>, <a href=\"https:\/\/www.careplus.eu\/de\/tipps-und-ratschlage-fur-sicheres-reisen\/schutz-vor-tropenkrankheiten\/dengue\/\">Denguefieber<\/a>, <a href=\"https:\/\/www.careplus.eu\/de\/tipps-und-ratschlage-fur-sicheres-reisen\/schutz-vor-tropenkrankheiten\/gelbfieber\/\">Gelbfieber<\/a>, <a href=\"https:\/\/www.careplus.eu\/de\/tipps-und-ratschlage-fur-sicheres-reisen\/schutz-vor-tropenkrankheiten\/chikungunya\/\">Chikungunya<\/a>, die <a href=\"https:\/\/www.careplus.eu\/de\/tipps-und-ratschlage-fur-sicheres-reisen\/schutz-vor-tropenkrankheiten\/west-nil-krankheit\/\">West-Nil-Krankheit<\/a> und <a href=\"https:\/\/www.careplus.eu\/de\/tipps-und-ratschlage-fur-sicheres-reisen\/schutz-vor-tropenkrankheiten\/Zika\/\">Zika<\/a> zu \u00fcbertragen. Hier erf\u00e4hrst du alles \u00fcber den richtigen Schutz vor M\u00fccken.<\/p>\n<p>[\/et_pb_text][et_pb_button button_url=&#8220;https:\/\/www.careplus.eu\/de\/tipps-und-ratschlage-fur-sicheres-reisen\/schutz\/belastigung-durch-mucken\/&#8220; button_text=&#8220;Schutz vor M\u00fccken&#8220; _builder_version=&#8220;4.16&#8243; background_layout=&#8220;dark&#8220; global_colors_info=&#8220;{}&#8220;][\/et_pb_button][\/et_pb_column][et_pb_column type=&#8220;1_4&#8243; _builder_version=&#8220;4.16&#8243; custom_padding=&#8220;|||&#8220; global_colors_info=&#8220;{}&#8220; custom_padding__hover=&#8220;|||&#8220;][et_pb_image src=&#8220;https:\/\/www.careplus.eu\/wp-content\/uploads\/2019\/06\/aedes-albopictus-aziatische-tijgermug-close-up-86722.jpg&#8220; show_bottom_space=&#8220;off&#8220; align_tablet=&#8220;center&#8220; align_phone=&#8220;center&#8220; align_last_edited=&#8220;on|desktop&#8220; _builder_version=&#8220;4.16&#8243; border_radii=&#8220;on|10px|10px|10px|10px&#8220; global_colors_info=&#8220;{}&#8220;][\/et_pb_image][\/et_pb_column][\/et_pb_row][et_pb_row column_structure=&#8220;3_4,1_4&#8243; _builder_version=&#8220;4.16&#8243; background_size=&#8220;initial&#8220; background_position=&#8220;top_left&#8220; background_repeat=&#8220;repeat&#8220; global_colors_info=&#8220;{}&#8220;][et_pb_column type=&#8220;3_4&#8243; _builder_version=&#8220;4.16&#8243; custom_padding=&#8220;|||&#8220; global_colors_info=&#8220;{}&#8220; custom_padding__hover=&#8220;|||&#8220;][et_pb_text admin_label=&#8220;Teken&#8220; _builder_version=&#8220;4.16&#8243; global_colors_info=&#8220;{}&#8220;]<\/p>\n<h3>Zecken<\/h3>\n<p>Oftmals merkt man den Stich einer Zecke nicht sofort. Wenn du es erst ein paar Tage sp\u00e4ter feststellst, k\u00f6nnen die Folgen viel gravierender sein. Borreliose kann nicht nur das Ergebnis eines Zeckenbisses sein, sondern es kann auch das FSME-Virus \u00fcbertragen werden, das zu Meningitis f\u00fchren kann. Achte immer auf den richtigen Schutz vor Zecken, wenn du in die Natur gehst.<\/p>\n<p>[\/et_pb_text][et_pb_button button_url=&#8220;https:\/\/www.careplus.eu\/de\/tipps-und-ratschlage-fur-sicheres-reisen\/schutz\/schutz-vor-zecken\/&#8220; button_text=&#8220;Schutz vor Zecken&#8220; _builder_version=&#8220;4.16&#8243; background_layout=&#8220;dark&#8220; global_colors_info=&#8220;{}&#8220;][\/et_pb_button][\/et_pb_column][et_pb_column type=&#8220;1_4&#8243; _builder_version=&#8220;4.16&#8243; custom_padding=&#8220;|||&#8220; global_colors_info=&#8220;{}&#8220; custom_padding__hover=&#8220;|||&#8220;][et_pb_image src=&#8220;https:\/\/www.careplus.eu\/wp-content\/uploads\/2019\/03\/teek.jpg&#8220; show_bottom_space=&#8220;off&#8220; align_tablet=&#8220;center&#8220; align_phone=&#8220;center&#8220; align_last_edited=&#8220;on|desktop&#8220; _builder_version=&#8220;4.16&#8243; border_radii=&#8220;on|10px|10px|10px|10px&#8220; global_colors_info=&#8220;{}&#8220;][\/et_pb_image][\/et_pb_column][\/et_pb_row][et_pb_row column_structure=&#8220;3_4,1_4&#8243; _builder_version=&#8220;4.16&#8243; background_size=&#8220;initial&#8220; background_position=&#8220;top_left&#8220; background_repeat=&#8220;repeat&#8220; global_colors_info=&#8220;{}&#8220;][et_pb_column type=&#8220;3_4&#8243; _builder_version=&#8220;4.16&#8243; custom_padding=&#8220;|||&#8220; global_colors_info=&#8220;{}&#8220; custom_padding__hover=&#8220;|||&#8220;][et_pb_text admin_label=&#8220;Kwallen&#8220; _builder_version=&#8220;4.16&#8243; global_colors_info=&#8220;{}&#8220;]<\/p>\n<h3>Quallen<\/h3>\n<p>Einige Quallenbisse k\u00f6nnen nicht nur schmerzhaft sein, manche sind giftig und sogar t\u00f6dlich. Lies hier, bei welchen Quallen du vorsichtiger sein solltest, was die Gefahren sind und wo du bestimmte Arten finden kannst. Wir geben auch Tipps zur Vorbeugung und Behandlung eines Bisses.<\/p>\n<p>[\/et_pb_text][et_pb_button button_url=&#8220;https:\/\/www.careplus.eu\/de\/tipps-und-ratschlage-fur-sicheres-reisen\/schutz\/schutz-vor-quallen\/&#8220; button_text=&#8220;Schutz vor Quallen&#8220; _builder_version=&#8220;4.16&#8243; background_layout=&#8220;dark&#8220; global_colors_info=&#8220;{}&#8220;][\/et_pb_button][\/et_pb_column][et_pb_column type=&#8220;1_4&#8243; _builder_version=&#8220;4.16&#8243; custom_padding=&#8220;|||&#8220; global_colors_info=&#8220;{}&#8220; custom_padding__hover=&#8220;|||&#8220;][et_pb_image src=&#8220;https:\/\/www.careplus.eu\/wp-content\/uploads\/2019\/06\/jellyfish.jpg&#8220; show_bottom_space=&#8220;off&#8220; align_tablet=&#8220;center&#8220; align_phone=&#8220;center&#8220; align_last_edited=&#8220;on|desktop&#8220; _builder_version=&#8220;4.16&#8243; border_radii=&#8220;on|10px|10px|10px|10px&#8220; global_colors_info=&#8220;{}&#8220;][\/et_pb_image][\/et_pb_column][\/et_pb_row][et_pb_row _builder_version=&#8220;4.16&#8243; background_size=&#8220;initial&#8220; background_position=&#8220;top_left&#8220; background_repeat=&#8220;repeat&#8220; global_colors_info=&#8220;{}&#8220;][\/et_pb_row][\/et_pb_section]<\/p>\n","protected":false},"excerpt":{"rendered":"<p>Es gibt nat\u00fcrlich M\u00f6glichkeiten, einen Biss zu mildern, und du kannst immer deinen Arzt aufsuchen, aber wenn du den Biss und all seine Folgen verhindern willst, sind vorbeugende Ma\u00dfnahmen die beste L\u00f6sung.<\/p>\n","protected":false},"author":37,"featured_media":0,"parent":5348,"menu_order":0,"comment_status":"closed","ping_status":"closed","template":"","meta":{"_acf_changed":false,"_et_pb_use_builder":"on","_et_pb_old_content":"","_et_gb_content_width":"","footnotes":""},"class_list":["post-7765","page","type-page","status-publish","hentry"],"acf":[],"_links":{"self":[{"href":"https:\/\/www.careplus.eu\/de\/wp-json\/wp\/v2\/pages\/7765","targetHints":{"allow":["GET"]}}],"collection":[{"href":"https:\/\/www.careplus.eu\/de\/wp-json\/wp\/v2\/pages"}],"about":[{"href":"https:\/\/www.careplus.eu\/de\/wp-json\/wp\/v2\/types\/page"}],"author":[{"embeddable":true,"href":"https:\/\/www.careplus.eu\/de\/wp-json\/wp\/v2\/users\/37"}],"replies":[{"embeddable":true,"href":"https:\/\/www.careplus.eu\/de\/wp-json\/wp\/v2\/comments?post=7765"}],"version-history":[{"count":0,"href":"https:\/\/www.careplus.eu\/de\/wp-json\/wp\/v2\/pages\/7765\/revisions"}],"up":[{"embeddable":true,"href":"https:\/\/www.careplus.eu\/de\/wp-json\/wp\/v2\/pages\/5348"}],"wp:attachment":[{"href":"https:\/\/www.careplus.eu\/de\/wp-json\/wp\/v2\/media?parent=7765"}],"curies":[{"name":"wp","href":"https:\/\/api.w.org\/{rel}","templated":true}]}}