


{"id":7719,"date":"2019-07-18T10:37:58","date_gmt":"2019-07-18T08:37:58","guid":{"rendered":"https:\/\/www.careplus.eu\/belastigung-durch-mucken\/"},"modified":"2024-10-25T13:02:44","modified_gmt":"2024-10-25T12:02:44","slug":"belastigung-durch-mucken","status":"publish","type":"page","link":"https:\/\/www.careplus.eu\/de\/tipps-und-ratschlage-fur-sicheres-reisen\/schutz\/belastigung-durch-mucken\/","title":{"rendered":"Schutz vor M\u00fccken"},"content":{"rendered":"<p>[et_pb_section fb_built=&#8220;1&#8243; fullwidth=&#8220;on&#8220; _builder_version=&#8220;4.21.0&#8243; background_image=&#8220;https:\/\/www.careplus.eu\/wp-content\/uploads\/2021\/05\/header-bescherming-tegen-muggen.jpg&#8220; bottom_divider_style=&#8220;curve&#8220; bottom_divider_color=&#8220;#ffffff&#8220; bottom_divider_height=&#8220;40px&#8220; bottom_divider_height_tablet=&#8220;40px&#8220; bottom_divider_height_phone=&#8220;20px&#8220; bottom_divider_height_last_edited=&#8220;on|phone&#8220; global_colors_info=&#8220;{}&#8220;][et_pb_fullwidth_slider show_arrows=&#8220;off&#8220; show_pagination=&#8220;off&#8220; _builder_version=&#8220;4.21.0&#8243; global_colors_info=&#8220;{}&#8220;][et_pb_slide heading=&#8220;M\u00fccken&#8220; use_bg_overlay=&#8220;off&#8220; use_text_overlay=&#8220;off&#8220; _builder_version=&#8220;4.21.0&#8243; header_level=&#8220;h1&#8243; header_font=&#8220;|800|||||||&#8220; header_text_align=&#8220;center&#8220; header_font_size=&#8220;36&#8243; background_color=&#8220;RGBA(255,255,255,0)&#8220; background_enable_color=&#8220;on&#8220; background_enable_image=&#8220;off&#8220; button_on_hover=&#8220;on&#8220; custom_padding=&#8220;15%||15%||true|false&#8220; custom_padding_tablet=&#8220;30%||30%|&#8220; custom_padding_phone=&#8220;30%||30%|&#8220; custom_padding_last_edited=&#8220;on|tablet&#8220; header_font_size_tablet=&#8220;30&#8243; header_font_size_phone=&#8220;30&#8243; header_font_size_last_edited=&#8220;on|tablet&#8220; header_text_shadow_style=&#8220;preset3&#8243; header_text_shadow_blur_strength=&#8220;0.5em&#8220; header_text_shadow_color=&#8220;rgba(0,0,0,0.6)&#8220; global_colors_info=&#8220;{}&#8220; sticky_transition=&#8220;on&#8220;][\/et_pb_slide][\/et_pb_fullwidth_slider][\/et_pb_section][et_pb_section fb_built=&#8220;1&#8243; _builder_version=&#8220;4.21.0&#8243; custom_margin=&#8220;50px||||false|false&#8220; custom_padding=&#8220;0px||||false|false&#8220; global_colors_info=&#8220;{}&#8220;][et_pb_row disabled_on=&#8220;off|off|off&#8220; _builder_version=&#8220;4.21.0&#8243; background_size=&#8220;initial&#8220; background_position=&#8220;top_left&#8220; background_repeat=&#8220;repeat&#8220; custom_margin=&#8220;||||false|false&#8220; global_module=&#8220;18968&#8243; global_colors_info=&#8220;{}&#8220;][et_pb_column type=&#8220;4_4&#8243; _builder_version=&#8220;4.16&#8243; custom_padding=&#8220;|||&#8220; global_colors_info=&#8220;{}&#8220; custom_padding__hover=&#8220;|||&#8220;][et_pb_dmb_breadcrumbs _builder_version=&#8220;4.21.0&#8243; body_font_size_tablet=&#8220;51&#8243; body_line_height_tablet=&#8220;2&#8243; separator_font_size_tablet=&#8220;51&#8243; separator_line_height_tablet=&#8220;2&#8243; link_font_size_tablet=&#8220;51&#8243; link_line_height_tablet=&#8220;2&#8243; linkhover_font_size_tablet=&#8220;51&#8243; linkhover_line_height_tablet=&#8220;2&#8243; global_colors_info=&#8220;{}&#8220;][\/et_pb_dmb_breadcrumbs][\/et_pb_column][\/et_pb_row][et_pb_row column_structure=&#8220;2_3,1_3&#8243; _builder_version=&#8220;4.16&#8243; background_size=&#8220;initial&#8220; background_position=&#8220;top_left&#8220; background_repeat=&#8220;repeat&#8220; global_colors_info=&#8220;{}&#8220;][et_pb_column type=&#8220;2_3&#8243; _builder_version=&#8220;4.16&#8243; custom_padding=&#8220;|||&#8220; global_colors_info=&#8220;{}&#8220; custom_padding__hover=&#8220;|||&#8220;][et_pb_text admin_label=&#8220;Intro&#8220; _builder_version=&#8220;4.16&#8243; header_font=&#8220;|700|||||||&#8220; header_2_font=&#8220;|800|||||||&#8220; header_2_font_size=&#8220;30px&#8220; header_2_font_size_tablet=&#8220;24px&#8220; header_2_font_size_phone=&#8220;&#8220; header_2_font_size_last_edited=&#8220;on|desktop&#8220; global_colors_info=&#8220;{}&#8220;]<\/p>\n<h2><strong>Bel\u00e4stigung durch M\u00fccken<\/strong><\/h2>\n<p><strong>Mit dem Einsetzen des guten Wetters \u00f6ffnen sich alle Fenster und T\u00fcren wieder. F\u00fcr viele Menschen ist dies auch der Beginn ihres j\u00e4hrlichen Kampfes gegen Moskitos. Sie dringen in H\u00e4user ein und schaffen es, so manche Menschen in den Wahnsinn zu treiben, indem sie sie mitten in der Nacht mit ihrem Summen wach halten, mit ein paar juckenden Stichen am Morgen als Bonus.<\/strong><\/p>\n<p>Oft entscheiden wir uns f\u00fcr den Kampf mit k\u00f6rperlicher Gewalt, die viele Moskito-Opfer an (Schlafzimmer-)W\u00e4nden und Decken zur Folge hat. Es gibt jedoch mehr M\u00f6glichkeiten, die durch Moskitos verursachte Belastung so weit wie m\u00f6glich zu reduzieren. Care Plus\u00ae bietet eine Reihe von Tipps, die sicherstellen, dass ihr trotzdem eine erholsame Nacht habt. Es beginnt mit Pr\u00e4ventivma\u00dfnahmen und wir haben bereits das letzte Mittel erw\u00e4hnt.<br \/>\n[\/et_pb_text][\/et_pb_column][et_pb_column type=&#8220;1_3&#8243; _builder_version=&#8220;4.16&#8243; custom_padding=&#8220;|||&#8220; global_colors_info=&#8220;{}&#8220; custom_padding__hover=&#8220;|||&#8220;][et_pb_image src=&#8220;https:\/\/www.careplus.eu\/wp-content\/uploads\/2019\/05\/jeuk-muggenbult-kinderen-krabben.jpg&#8220; show_in_lightbox=&#8220;on&#8220; show_bottom_space=&#8220;off&#8220; align=&#8220;center&#8220; align_tablet=&#8220;center&#8220; align_phone=&#8220;&#8220; align_last_edited=&#8220;on|desktop&#8220; _builder_version=&#8220;4.16&#8243; border_radii=&#8220;on|10px|10px|10px|10px&#8220; global_colors_info=&#8220;{}&#8220;][\/et_pb_image][et_pb_text _builder_version=&#8220;4.16&#8243; text_font_size=&#8220;11px&#8220; global_colors_info=&#8220;{}&#8220;]Sch\u00fctzen Sie auch Ihre Kinder vor M\u00fccken und verhindern Sie juckende St\u00f6\u00dfe.<br \/>\n[\/et_pb_text][\/et_pb_column][\/et_pb_row][et_pb_row _builder_version=&#8220;4.16&#8243; background_size=&#8220;initial&#8220; background_position=&#8220;top_left&#8220; background_repeat=&#8220;repeat&#8220; global_colors_info=&#8220;{}&#8220;][et_pb_column type=&#8220;4_4&#8243; _builder_version=&#8220;4.16&#8243; custom_padding=&#8220;|||&#8220; global_colors_info=&#8220;{}&#8220; custom_padding__hover=&#8220;|||&#8220;][et_pb_text admin_label=&#8220;text&#8220; _builder_version=&#8220;4.16&#8243; header_font=&#8220;|700|||||||&#8220; header_2_font=&#8220;|800|||||||&#8220; header_2_font_size=&#8220;30px&#8220; header_2_font_size_tablet=&#8220;24px&#8220; header_2_font_size_phone=&#8220;&#8220; header_2_font_size_last_edited=&#8220;on|desktop&#8220; global_colors_info=&#8220;{}&#8220;]<\/p>\n<h3><strong>Was hilft gegen Moskitos?<\/strong><\/h3>\n<p><strong>1) Suche im und um das Haus herum nach stehendem Wasser.<\/strong><br \/>\nWeibliche M\u00fccken legen ihre Eier in stehendes Wasser und dort wachsen auch die Larven heran, bevor sie zu M\u00fccken werden. Nicht nur Teiche sind beliebt, sondern auch verstopfte Dachrinnen, Eimer, Gie\u00dfkannen und Regenf\u00e4sser. Wenn diese Wasserpf\u00fctzen in der N\u00e4he sind, zieht das mehr Moskitos an.<\/p>\n<p><strong>2) Platziere Moskitonetze an Fenstern und T\u00fcren und halte die T\u00fcren so weit wie m\u00f6glich geschlossen.<\/strong><br \/>\nMoskitonetze sind nach wie vor ein sehr wirksames Mittel gegen Moskitos. Das feine Netz verhindert, dass Moskitos in den Raum gelangen und man kann trotzdem l\u00fcften. Es ist nat\u00fcrlich wichtig, die Moskitonetze \u00fcberall anzubringen und bei Verwendung von Schutzt\u00fcren diese so weit wie m\u00f6glich geschlossen zu halten.<\/p>\n<p><strong>3) Schlafe unter einem Moskitonetz.<\/strong><br \/>\nWir verstehen, dass du denkst: Wir sind hier nicht in den Tropen, oder? Nein, das ist wahr, aber es stimmt, dass kleine Ver\u00e4nderungen des Klimas diesen Ort f\u00fcr Moskitos noch attraktiver machen k\u00f6nnen. Ausl\u00e4ndische Arten wie die Tigerm\u00fccke und die Gelbfieberm\u00fccke wurden auch in Deutschland\u00a0entdeckt. Ein Moskitonetz bietet Schutz vor allen Arten von Moskitos und das Gute daran ist, dass die M\u00fccke nicht in die N\u00e4he des Kopfes gelangt, damit du nicht vom Summen aufwachst.<\/p>\n<p><strong>4) Trage sch\u00fctzende Kleidung.<\/strong><br \/>\nNat\u00fcrlich ist das nicht immer das, was du bevorzugst, denn wenn das Wetter sch\u00f6n ist, magst du vielleicht lieber ein T-Shirt und Shorts tragen. Und wer schl\u00e4ft mitten im Sommer in Pyjamas, die bis zum Hals zugekn\u00f6pft sind? Es gibt aber auch sehr leichte Kleidung, die atmungsaktiv und bequem zu tragen ist. So bist du doch vor Moskitos gesch\u00fctzt.<\/p>\n<p><strong>5) Benutze Care Plus\u00ae Anti-Insekt.<br \/>\n<\/strong>Care Plus\u00ae Anti-Insekt Natural kann auf die unbedeckte Haut und die Au\u00dfenseite des Bettbezuges aufgetragen werden. Moskitos m\u00f6gen das nicht und es verhindert, dass du gestochen wirst. DEET ist auch ein <a href=\"https:\/\/www.careplus.eu\/nl\/blog\/deet-schrikt-muggen-op-drie-manieren-af\/\">bew\u00e4hrtes Mittel<\/a>, das hervorragend gegen Moskitos wirkt.<\/p>\n<h3><strong><br \/>\nWas hilft NICHT gegen Moskitos?<\/strong><\/h3>\n<p>Nun, da du wei\u00dft, was du gegen Moskitos tun kannst, mag es auch n\u00fctzlich sein, zu erw\u00e4hnen, welchen Aufwand und welches Geld du dir sparen kannst, denn das Folgende hilft NICHT gegen Moskitos:<\/p>\n<p>1) Stecker, Apps und Ger\u00e4te mit Ultraschallton<\/p>\n<p>2) UV-Lampen<\/p>\n<p>3) Armb\u00e4nder<\/p>\n<p>4) Knoblauch essen<\/p>\n<p>5) Sich gut waschen (obwohl dies empfohlen wird)<\/p>\n<p>6) Zitronenpflanze in den Raum stellen<\/p>\n<p>7) Licht ausschalten<\/p>\n<p>8) Bier trinken<\/p>\n<p>Wenn diese Liste dich noch nicht \u00fcberzeugt, schau dir bitte das Video unten an. Der Entomologe Dr. <a href=\"https:\/\/www.bartknols.com\/\">Bart Knols<\/a> erkl\u00e4rt das alles in seinem Vortrag. Dar\u00fcber hinaus widerlegt er alle Mythen und erkl\u00e4rt dir, wie man Moskitos richtig bek\u00e4mpft.<br \/>\n[\/et_pb_text][et_pb_video src=&#8220;https:\/\/www.youtube.com\/watch?v=tBt2UjC5pdY&#8220; _builder_version=&#8220;4.16&#8243; max_width=&#8220;90%&#8220; border_radii=&#8220;on|10px|10px|10px|10px&#8220; global_colors_info=&#8220;{}&#8220;][\/et_pb_video][\/et_pb_column][\/et_pb_row][\/et_pb_section][et_pb_section fb_built=&#8220;1&#8243; _builder_version=&#8220;4.16&#8243; background_color=&#8220;#f4f4f4&#8243; global_colors_info=&#8220;{}&#8220;][et_pb_row column_structure=&#8220;1_3,1_3,1_3&#8243; _builder_version=&#8220;4.16&#8243; background_color=&#8220;#ffffff&#8220; border_radii=&#8220;on|10px|10px|10px|10px&#8220; global_colors_info=&#8220;{}&#8220;][et_pb_column type=&#8220;1_3&#8243; _builder_version=&#8220;4.16&#8243; custom_padding=&#8220;|||&#8220; global_colors_info=&#8220;{}&#8220; custom_padding__hover=&#8220;|||&#8220;][et_pb_image src=&#8220;https:\/\/www.careplus.eu\/wp-content\/uploads\/2020\/06\/careplus-anti-insect-natural-60ml-2.jpg&#8220; title_text=&#8220;careplus-anti-insect-natural-60ml-2&#8243; align=&#8220;center&#8220; align_tablet=&#8220;center&#8220; align_phone=&#8220;&#8220; align_last_edited=&#8220;on|desktop&#8220; _builder_version=&#8220;4.16&#8243; global_colors_info=&#8220;{}&#8220;][\/et_pb_image][et_pb_text _builder_version=&#8220;4.16&#8243; custom_padding=&#8220;|20px||20px&#8220; global_colors_info=&#8220;{}&#8220;]<\/p>\n<h3><strong>Anti-Insekt Natural<\/strong><\/h3>\n<p>Normalerweise bemerkst du einen Zeckenbiss nicht einmal, aber ein solcher Biss kann ernsthafte gesundheitliche Probleme wie Borreliose und FSME verursachen. Anti-Insekt Natural ist auch f\u00fcr Kinder (\u00fcber 3 Monate) geeignet und enth\u00e4lt kein DEET.<br \/>\n[\/et_pb_text][et_pb_button button_url=&#8220;https:\/\/www.careplus.eu\/de\/mucken-und-zecken\/schutzen\/anti-insekt-natural\/&#8220; url_new_window=&#8220;on&#8220; button_text=&#8220;Ausw\u00e4hlen &#038; Bestellen&#8220; button_alignment=&#8220;center&#8220; _builder_version=&#8220;4.16&#8243; background_layout=&#8220;dark&#8220; global_colors_info=&#8220;{}&#8220;][\/et_pb_button][\/et_pb_column][et_pb_column type=&#8220;1_3&#8243; _builder_version=&#8220;4.16&#8243; custom_padding=&#8220;|||&#8220; global_colors_info=&#8220;{}&#8220; custom_padding__hover=&#8220;|||&#8220;][et_pb_image src=&#8220;https:\/\/www.careplus.eu\/wp-content\/uploads\/2019\/03\/careplus-klamboe-single-box.jpg&#8220; align=&#8220;center&#8220; align_tablet=&#8220;center&#8220; align_phone=&#8220;&#8220; align_last_edited=&#8220;on|desktop&#8220; _builder_version=&#8220;4.16&#8243; global_colors_info=&#8220;{}&#8220;][\/et_pb_image][et_pb_text _builder_version=&#8220;4.16&#8243; custom_padding=&#8220;|20px||20px&#8220; global_colors_info=&#8220;{}&#8220;]<\/p>\n<h3><strong>Moskitonetz<\/strong><\/h3>\n<p>Die Moskitonetze von Care Plus\u00ae sind von ausgezeichneter Qualit\u00e4t. Impr\u00e4gnierte und nicht impr\u00e4gnierte Netze sind sowohl f\u00fcr Einzel- als auch f\u00fcr Doppelbetten erh\u00e4ltlich. Genie\u00dfe eine gute Nachtruhe, schlafe unter einem Moskitonetz.<br \/>\n[\/et_pb_text][et_pb_button button_url=&#8220;https:\/\/www.careplus.eu\/de\/mucken-und-zecken\/schutzen\/moskitonetze\/&#8220; url_new_window=&#8220;on&#8220; button_text=&#8220;Ausw\u00e4hlen &#038; Bestellen&#8220; button_alignment=&#8220;center&#8220; _builder_version=&#8220;4.16&#8243; background_layout=&#8220;dark&#8220; global_colors_info=&#8220;{}&#8220;][\/et_pb_button][\/et_pb_column][et_pb_column type=&#8220;1_3&#8243; _builder_version=&#8220;4.16&#8243; custom_padding=&#8220;|||&#8220; global_colors_info=&#8220;{}&#8220; custom_padding__hover=&#8220;|||&#8220;][et_pb_image src=&#8220;https:\/\/www.careplus.eu\/wp-content\/uploads\/2020\/06\/careplus-anti-insect-deet-60ml-1.jpg&#8220; title_text=&#8220;careplus-anti-insect-deet-60ml&#8220; align=&#8220;center&#8220; align_tablet=&#8220;center&#8220; align_phone=&#8220;&#8220; align_last_edited=&#8220;on|desktop&#8220; _builder_version=&#8220;4.16&#8243; global_colors_info=&#8220;{}&#8220;][\/et_pb_image][et_pb_text _builder_version=&#8220;4.16&#8243; custom_padding=&#8220;|20px||20px&#8220; global_colors_info=&#8220;{}&#8220;]<\/p>\n<h3><strong>Anti-Insekt DEET<\/strong><\/h3>\n<p>Normalerweise bemerkst du einen Zeckenbiss nicht einmal, aber ein solcher Biss kann ernsthafte gesundheitliche Probleme wie Borreliose und FSME verursachen. Grund genug, dich und deine Familie optimal zu sch\u00fctzen. Vorbeugen ist besser als Heilen.<br \/>\n[\/et_pb_text][et_pb_button button_url=&#8220;https:\/\/www.careplus.eu\/de\/mucken-und-zecken\/schutzen\/anti-insekt-deet\/&#8220; url_new_window=&#8220;on&#8220; button_text=&#8220;Ausw\u00e4hlen &#038; Bestellen&#8220; button_alignment=&#8220;center&#8220; _builder_version=&#8220;4.16&#8243; background_layout=&#8220;dark&#8220; global_colors_info=&#8220;{}&#8220;][\/et_pb_button][\/et_pb_column][\/et_pb_row][\/et_pb_section][et_pb_section fb_built=&#8220;1&#8243; _builder_version=&#8220;4.16&#8243; global_colors_info=&#8220;{}&#8220;][et_pb_row _builder_version=&#8220;4.16&#8243; background_size=&#8220;initial&#8220; background_position=&#8220;top_left&#8220; background_repeat=&#8220;repeat&#8220; global_colors_info=&#8220;{}&#8220;][et_pb_column type=&#8220;4_4&#8243; _builder_version=&#8220;4.16&#8243; custom_padding=&#8220;|||&#8220; global_colors_info=&#8220;{}&#8220; custom_padding__hover=&#8220;|||&#8220;][et_pb_image src=&#8220;https:\/\/www.careplus.eu\/wp-content\/uploads\/2024\/10\/CP-Muggen-Infographic-DE-scaled.webp&#8220; alt=&#8220;Lesen Sie in dieser Infografik alles \u00fcber M\u00fccken&#8220; title_text=&#8220;CP-Muggen-Infographic-DE&#8220; align_tablet=&#8220;center&#8220; align_phone=&#8220;&#8220; align_last_edited=&#8220;on|desktop&#8220; admin_label=&#8220;Afbeelding&#8220; _builder_version=&#8220;4.27.2&#8243; hover_enabled=&#8220;0&#8243; border_radii=&#8220;on|10px|10px|10px|10px&#8220; global_colors_info=&#8220;{}&#8220; sticky_enabled=&#8220;0&#8243;][\/et_pb_image][\/et_pb_column][\/et_pb_row][\/et_pb_section]<\/p>\n","protected":false},"excerpt":{"rendered":"<p>Mit dem Einsetzen des guten Wetters \u00f6ffnen sich alle Fenster und T\u00fcren wieder. F\u00fcr viele Menschen ist dies auch der Beginn ihres j\u00e4hrlichen Kampfes gegen Moskitos. Sie dringen in H\u00e4user ein und schaffen es, so manche Menschen in den Wahnsinn zu treiben, indem sie sie mitten in der Nacht mit ihrem Summen wach halten, mit ein paar juckenden Stichen am Morgen als Bonus.<\/p>\n","protected":false},"author":37,"featured_media":0,"parent":7765,"menu_order":0,"comment_status":"closed","ping_status":"closed","template":"","meta":{"_acf_changed":false,"_et_pb_use_builder":"on","_et_pb_old_content":"","_et_gb_content_width":"","footnotes":""},"class_list":["post-7719","page","type-page","status-publish","hentry"],"acf":[],"_links":{"self":[{"href":"https:\/\/www.careplus.eu\/de\/wp-json\/wp\/v2\/pages\/7719","targetHints":{"allow":["GET"]}}],"collection":[{"href":"https:\/\/www.careplus.eu\/de\/wp-json\/wp\/v2\/pages"}],"about":[{"href":"https:\/\/www.careplus.eu\/de\/wp-json\/wp\/v2\/types\/page"}],"author":[{"embeddable":true,"href":"https:\/\/www.careplus.eu\/de\/wp-json\/wp\/v2\/users\/37"}],"replies":[{"embeddable":true,"href":"https:\/\/www.careplus.eu\/de\/wp-json\/wp\/v2\/comments?post=7719"}],"version-history":[{"count":0,"href":"https:\/\/www.careplus.eu\/de\/wp-json\/wp\/v2\/pages\/7719\/revisions"}],"up":[{"embeddable":true,"href":"https:\/\/www.careplus.eu\/de\/wp-json\/wp\/v2\/pages\/7765"}],"wp:attachment":[{"href":"https:\/\/www.careplus.eu\/de\/wp-json\/wp\/v2\/media?parent=7719"}],"curies":[{"name":"wp","href":"https:\/\/api.w.org\/{rel}","templated":true}]}}