


{"id":7624,"date":"2019-07-08T09:39:16","date_gmt":"2019-07-08T07:39:16","guid":{"rendered":"https:\/\/www.careplus.eu\/tipps-und-ratschlage-fur-sicheres-reisen\/schutz-vor-tropenkrankheiten\/chikungunya\/"},"modified":"2021-05-08T08:20:32","modified_gmt":"2021-05-08T06:20:32","slug":"chikungunya","status":"publish","type":"page","link":"https:\/\/www.careplus.eu\/de\/tipps-und-ratschlage-fur-sicheres-reisen\/schutz-vor-tropenkrankheiten\/chikungunya\/","title":{"rendered":"Chikungunya"},"content":{"rendered":"<p>[et_pb_section fb_built=&#8220;1&#8243; fullwidth=&#8220;on&#8220; _builder_version=&#8220;3.22&#8243; bottom_divider_style=&#8220;curve&#8220; bottom_divider_color=&#8220;#ffffff&#8220; bottom_divider_height=&#8220;40px&#8220;][et_pb_fullwidth_slider show_arrows=&#8220;off&#8220; show_pagination=&#8220;off&#8220; _builder_version=&#8220;4.2.1&#8243; custom_padding=&#8220;22%||10%|&#8220;][et_pb_slide heading=&#8220;Chikungunya&#8220; use_bg_overlay=&#8220;off&#8220; use_text_overlay=&#8220;off&#8220; _builder_version=&#8220;4.2.1&#8243; header_level=&#8220;h1&#8243; header_font=&#8220;|800|||||||&#8220; header_text_align=&#8220;center&#8220; header_font_size=&#8220;36&#8243; background_color=&#8220;#0b6a30&#8243; background_image=&#8220;https:\/\/www.careplus.eu\/wp-content\/uploads\/2020\/02\/andrew-itaga-ad0EuMF62EM-unsplash-3.jpg&#8220; background_enable_image=&#8220;on&#8220; button_on_hover=&#8220;on&#8220; custom_padding=&#8220;15%||15%|&#8220; custom_padding_tablet=&#8220;16%||16%|&#8220; custom_padding_phone=&#8220;30%||30%|&#8220; custom_padding_last_edited=&#8220;on|phone&#8220; header_font_size_tablet=&#8220;30&#8243; header_font_size_phone=&#8220;30&#8243; header_font_size_last_edited=&#8220;on|tablet&#8220; header_text_shadow_style=&#8220;preset3&#8243; header_text_shadow_blur_strength=&#8220;0.5em&#8220; header_text_shadow_color=&#8220;rgba(0,0,0,0.6)&#8220; sticky_transition=&#8220;on&#8220;][\/et_pb_slide][\/et_pb_fullwidth_slider][\/et_pb_section][et_pb_section fb_built=&#8220;1&#8243; _builder_version=&#8220;3.22&#8243;][et_pb_row _builder_version=&#8220;3.25&#8243; background_size=&#8220;initial&#8220; background_position=&#8220;top_left&#8220; background_repeat=&#8220;repeat&#8220;][et_pb_column type=&#8220;4_4&#8243; _builder_version=&#8220;3.25&#8243; custom_padding=&#8220;|||&#8220; custom_padding__hover=&#8220;|||&#8220;][et_pb_dmb_breadcrumbs _builder_version=&#8220;3.19.6&#8243; body_font_size_tablet=&#8220;51&#8243; body_line_height_tablet=&#8220;2&#8243; separator_font_size_tablet=&#8220;51&#8243; separator_line_height_tablet=&#8220;2&#8243; link_font_size_tablet=&#8220;51&#8243; link_line_height_tablet=&#8220;2&#8243; linkhover_font_size_tablet=&#8220;51&#8243; linkhover_line_height_tablet=&#8220;2&#8243;][\/et_pb_dmb_breadcrumbs][et_pb_text admin_label=&#8220;Chikungunya&#8220; _builder_version=&#8220;3.27.4&#8243; header_2_font=&#8220;|800|||||||&#8220; header_2_font_size=&#8220;30px&#8220;]<\/p>\n<h3><strong>Chikungunya<\/strong><\/h3>\n<p><strong>Chikungunya ist eine Infektionskrankheit, die durch ein Virus verursacht wird. Dieses Virus kommt in (sub)tropischen Gebieten vor und wird von Moskitos \u00fcbertragen, die tags\u00fcber stechen. Eine Infektion mit dieser Krankheit kann von leichten bis schweren Symptomen begleitet sein. In der Regel ist ein Biss der Gelbfieberm\u00fccke (Aedes aegypti) oder der asiatischen Tigerm\u00fccke (Aedes albopictus) die Ursache.<\/strong><br \/>\n[\/et_pb_text][et_pb_image src=&#8220;https:\/\/www.careplus.eu\/wp-content\/uploads\/2019\/05\/kaart_chikungunya.jpg&#8220; align_tablet=&#8220;center&#8220; align_phone=&#8220;&#8220; align_last_edited=&#8220;on|desktop&#8220; admin_label=&#8220;kaart&#8220; _builder_version=&#8220;3.23&#8243;][\/et_pb_image][et_pb_text admin_label=&#8220;bijschrift kaart&#8220; _builder_version=&#8220;3.27.4&#8243; text_font_size=&#8220;12px&#8220;]Die grafische Darstellung auf dieser Karte basiert auf Daten aus dem Jahr 2016.<br \/>\n[\/et_pb_text][et_pb_text admin_label=&#8220;Chikungunya&#8220; _builder_version=&#8220;3.27.4&#8243; header_2_font=&#8220;|800|||||||&#8220; header_2_font_size=&#8220;30px&#8220;]<\/p>\n<h3><strong>Was ist Chikungunya?<\/strong><\/h3>\n<p>Chikungunya ist eine Infektionskrankheit, die durch ein Alphavirus verursacht wird: das Chikungunya-Virus. Das Virus kommt in (sub)tropischen Gebieten vor und wird von M\u00fccken \u00fcbertragen, die im Gegensatz zur Malariam\u00fccke tags\u00fcber stechen.<\/p>\n<p>Die ersten Symptome von Chikungunya treten im Durchschnitt zwischen 1 und 12 Tagen nach dem Stich einer infizierten M\u00fccke auf. Die Symptome k\u00f6nnen von schwach bis heftig variieren. Der Ausschlag tritt in der Regel einige Tage nach Beginn des Fiebers auf. Schwere Beschwerden treten h\u00e4ufiger bei S\u00e4uglingen, \u00e4lteren Menschen oder Erwachsenen, die an anderen Krankheiten leiden, auf. Die akuten Symptome nach einer Infektion mit dem Chikungunya-Virus verschwinden in der Regel innerhalb von 1 bis 3 Wochen, aber die Gelenkschmerzen (Arthritis) k\u00f6nnen \u00fcber Monate bis Jahre anhalten. Komplikationen und Mortalit\u00e4t durch Infektionen sind bei Chikungunya selten.<br \/>\n[\/et_pb_text][et_pb_text admin_label=&#8220;Chikungunya symptomen&#8220; _builder_version=&#8220;3.27.4&#8243; header_2_font=&#8220;|800|||||||&#8220; header_2_font_size=&#8220;30px&#8220;]<\/p>\n<h3><strong>Was sind die Symptome von Chikungunya?<\/strong><\/h3>\n<ul>\n<li>pl\u00f6tzliches Auftreten von hohem Fieber<\/li>\n<li>starke Gelenkschmerzen, die lange Zeit anhalten k\u00f6nnen<\/li>\n<li>Kopfschmerzen<\/li>\n<li>Muskelkater<\/li>\n<li>Hautausschlag<\/li>\n<li>verschiedene Augenkrankheiten, einschlie\u00dflich Konjunktivitis<\/li>\n<\/ul>\n<p>&nbsp;<\/p>\n<h3><strong><br \/>\nSchutz vor Chikungunya<\/strong><\/h3>\n<p>Die Pr\u00e4vention von Chikungunya richtet sich an Reisende in und aus einem Risikogebiet in den (Sub-)Tropen. Die Hauptinfektionsroute des Chikungunya-Virus geht \u00fcber die Gattung der <em>Aedes-<\/em>-M\u00fccken, insbesondere die Gelbfieberm\u00fccke (<em>Aedes aegypti<\/em>) und die asiatische Tigerm\u00fccke (<em>Aedes albopictus<\/em>), die tags\u00fcber sticht. Neben Chikungunya k\u00f6nnen diese Moskitos auch das Zika-Virus und Dengue \u00fcbertragen.<\/p>\n<p>Ein Impfstoff gegen das Chikungunya-Virus ist noch nicht verf\u00fcgbar. Die Vorbeugung von Chikungunya zielt haupts\u00e4chlich auf die Vorbeugung von M\u00fcckenstichen ab, besonders am fr\u00fchen Morgen und Nachmittag, wenn die <em>Aedes<\/em>-M\u00fccken aktiv sind. Das Tragen von Schutzkleidung und das Auftragen eines M\u00fcckenschutzmittels auf Basis von <a href=\"https:\/\/www.careplus.eu\/de\/mucken-und-zecken\/schutzen\/anti-insekt-deet\/\">DEET<\/a> oder <a href=\"https:\/\/www.careplus.eu\/de\/mucken-und-zecken\/schutzen\/anti-insekt-natural\/\">Citriodiol<\/a> auf die nackte Haut reduzieren das Infektionsrisiko. Auch das Schlafen unter einem <a href=\"https:\/\/www.careplus.eu\/de\/mucken-und-zecken\/schutzen\/moskitonetze\/\">impr\u00e4gnierten Moskitonetz<\/a>, wie bei anderen durch M\u00fccken \u00fcbertragenen Krankheiten, wird empfohlen.<br \/>\n[\/et_pb_text][\/et_pb_column][\/et_pb_row][\/et_pb_section][et_pb_section fb_built=&#8220;1&#8243; _builder_version=&#8220;3.22&#8243; background_color=&#8220;#f4f4f4&#8243;][et_pb_row column_structure=&#8220;1_3,1_3,1_3&#8243; _builder_version=&#8220;3.25&#8243; background_color=&#8220;#ffffff&#8220; border_radii=&#8220;on|10px|10px|10px|10px&#8220;][et_pb_column type=&#8220;1_3&#8243; _builder_version=&#8220;3.25&#8243; custom_padding=&#8220;|||&#8220; custom_padding__hover=&#8220;|||&#8220;][et_pb_image src=&#8220;https:\/\/www.careplus.eu\/wp-content\/uploads\/2020\/06\/careplus-anti-insect-deet-60ml-1.jpg&#8220; title_text=&#8220;careplus-anti-insect-deet-60ml&#8220; url=&#8220;https:\/\/www.careplus.eu\/de\/mucken-und-zecken\/schutzen\/anti-insekt-deet\/&#8220; align=&#8220;center&#8220; align_tablet=&#8220;center&#8220; align_phone=&#8220;&#8220; align_last_edited=&#8220;on|desktop&#8220; _builder_version=&#8220;4.4.8&#8243;][\/et_pb_image][et_pb_button button_url=&#8220;https:\/\/www.careplus.eu\/de\/mucken-und-zecken\/schutzen\/anti-insekt-deet\/&#8220; button_text=&#8220;Anti-Insekt DEET&#8220; button_alignment=&#8220;center&#8220; _builder_version=&#8220;3.19.6&#8243; background_layout=&#8220;dark&#8220;][\/et_pb_button][\/et_pb_column][et_pb_column type=&#8220;1_3&#8243; _builder_version=&#8220;3.25&#8243; custom_padding=&#8220;|||&#8220; custom_padding__hover=&#8220;|||&#8220;][et_pb_image src=&#8220;https:\/\/www.careplus.eu\/wp-content\/uploads\/2019\/03\/careplus-klamboe-single-box.jpg&#8220; url=&#8220;https:\/\/www.careplus.eu\/de\/mucken-und-zecken\/schutzen\/moskitonetze\/&#8220; align=&#8220;center&#8220; align_tablet=&#8220;center&#8220; align_phone=&#8220;&#8220; align_last_edited=&#8220;on|desktop&#8220; _builder_version=&#8220;3.23&#8243;][\/et_pb_image][et_pb_button button_url=&#8220;https:\/\/www.careplus.eu\/de\/mucken-und-zecken\/schutzen\/moskitonetze\/&#8220; button_text=&#8220;Moskitonetze&#8220; button_alignment=&#8220;center&#8220; _builder_version=&#8220;3.19.6&#8243; background_layout=&#8220;dark&#8220;][\/et_pb_button][\/et_pb_column][et_pb_column type=&#8220;1_3&#8243; _builder_version=&#8220;3.25&#8243; custom_padding=&#8220;|||&#8220; custom_padding__hover=&#8220;|||&#8220;][et_pb_image src=&#8220;https:\/\/www.careplus.eu\/wp-content\/uploads\/2019\/03\/care-plus-headnet.jpg&#8220; align=&#8220;center&#8220; align_tablet=&#8220;center&#8220; align_phone=&#8220;&#8220; align_last_edited=&#8220;on|desktop&#8220; _builder_version=&#8220;3.23&#8243;][\/et_pb_image][et_pb_button button_url=&#8220;https:\/\/www.careplus.eu\/de\/mucken-und-zecken\/schutzen\/kopfnetze\/&#8220; button_text=&#8220;Kopfnetze&#8220; button_alignment=&#8220;center&#8220; _builder_version=&#8220;3.19.6&#8243; background_layout=&#8220;dark&#8220;][\/et_pb_button][\/et_pb_column][\/et_pb_row][\/et_pb_section][et_pb_section fb_built=&#8220;1&#8243; _builder_version=&#8220;3.22&#8243;][et_pb_row _builder_version=&#8220;3.25&#8243; background_size=&#8220;initial&#8220; background_position=&#8220;top_left&#8220; background_repeat=&#8220;repeat&#8220;][et_pb_column type=&#8220;4_4&#8243; _builder_version=&#8220;3.25&#8243; custom_padding=&#8220;|||&#8220; custom_padding__hover=&#8220;|||&#8220;][et_pb_text admin_label=&#8220;Chikungunya in Nederland&#8220; _builder_version=&#8220;3.27.4&#8243; header_2_font=&#8220;|800|||||||&#8220; header_2_font_size=&#8220;30px&#8220;]<\/p>\n<h3><strong>Wie verbreitet ist Chikungunya in Deutschland?<\/strong><\/h3>\n<p>Das Chikungunya-Virus kommt in Afrika, Asien, Mittel- und S\u00fcdamerika, dem s\u00fcdlichen Teil Nordamerikas, der Karibik und den L\u00e4ndern im und um den Indischen Ozean vor. In Europa gab es in Italien (2007 und 2017) und (S\u00fcd-)Frankreich (2011 und 2017) lokale F\u00e4lle von Infektionen mit dem Chikungunya-Virus.\u00a0 In Deutschland sind bisher nur Importf\u00e4lle von Chikungunya bekannt. Da sich die asiatische Tigerm\u00fccke (<em>Aedes albopictus<\/em>) hier bisher nicht dauerhaft etabliert hat, ist das Risiko einer Infektion in unseren Gefilden noch sehr gering.<br \/>\n[\/et_pb_text][\/et_pb_column][\/et_pb_row][\/et_pb_section]<\/p>\n","protected":false},"excerpt":{"rendered":"<p>Chikungunya Chikungunya ist eine Infektionskrankheit, die durch ein Virus verursacht wird. Dieses Virus kommt in (sub)tropischen Gebieten vor und wird von Moskitos \u00fcbertragen, die tags\u00fcber stechen. Eine Infektion mit dieser Krankheit kann von leichten bis schweren Symptomen begleitet sein. In der Regel ist ein Biss der Gelbfieberm\u00fccke (Aedes aegypti) oder der asiatischen Tigerm\u00fccke (Aedes albopictus) [&hellip;]<\/p>\n","protected":false},"author":37,"featured_media":0,"parent":5627,"menu_order":0,"comment_status":"closed","ping_status":"closed","template":"","meta":{"_acf_changed":false,"_et_pb_use_builder":"on","_et_pb_old_content":"","_et_gb_content_width":"","footnotes":""},"class_list":["post-7624","page","type-page","status-publish","hentry"],"acf":[],"_links":{"self":[{"href":"https:\/\/www.careplus.eu\/de\/wp-json\/wp\/v2\/pages\/7624","targetHints":{"allow":["GET"]}}],"collection":[{"href":"https:\/\/www.careplus.eu\/de\/wp-json\/wp\/v2\/pages"}],"about":[{"href":"https:\/\/www.careplus.eu\/de\/wp-json\/wp\/v2\/types\/page"}],"author":[{"embeddable":true,"href":"https:\/\/www.careplus.eu\/de\/wp-json\/wp\/v2\/users\/37"}],"replies":[{"embeddable":true,"href":"https:\/\/www.careplus.eu\/de\/wp-json\/wp\/v2\/comments?post=7624"}],"version-history":[{"count":0,"href":"https:\/\/www.careplus.eu\/de\/wp-json\/wp\/v2\/pages\/7624\/revisions"}],"up":[{"embeddable":true,"href":"https:\/\/www.careplus.eu\/de\/wp-json\/wp\/v2\/pages\/5627"}],"wp:attachment":[{"href":"https:\/\/www.careplus.eu\/de\/wp-json\/wp\/v2\/media?parent=7624"}],"curies":[{"name":"wp","href":"https:\/\/api.w.org\/{rel}","templated":true}]}}